{"id":28919,"date":"2026-02-21T11:20:10","date_gmt":"2026-02-21T11:20:10","guid":{"rendered":"https:\/\/comprasyconsejos.store\/product\/jabra-evolve2-65-auriculares-inalambricos-estereo-con-soporte-de-carga-certificados-para-microsoft-teams-bateria-de-larga-duracion-adaptador-bluetooth-usb-a-negro\/"},"modified":"2026-02-21T11:20:11","modified_gmt":"2026-02-21T11:20:11","slug":"jabra-evolve2-65-auriculares-inalambricos-estereo-con-soporte-de-carga-certificados-para-microsoft-teams-bateria-de-larga-duracion-adaptador-bluetooth-usb-a-negro","status":"publish","type":"product","link":"https:\/\/comprasyconsejos.store\/en\/product\/jabra-evolve2-65-auriculares-inalambricos-estereo-con-soporte-de-carga-certificados-para-microsoft-teams-bateria-de-larga-duracion-adaptador-bluetooth-usb-a-negro\/","title":{"rendered":"Jabra Evolve2 65 Auriculares Inal\u00e1mbricos Est\u00e9reo con Soporte de Carga &#8211; Certificados para Microsoft Teams &#8211; Bater\u00eda de Larga Duraci\u00f3n &#8211; Adaptador Bluetooth USB-A &#8211; Negro"},"content":{"rendered":"<p>Price: <span style=\"color:#b12704\"><del>\u20ac259.99<\/del> - \u20ac211.99<\/span><br \/><i><small>(as of Feb 21, 2026 11:20:10 UTC &#8211; <span class=\"wp_automatic_amazon_disclaimer\" title=\"Product prices and availability are accurate as of the date\/time indicated and are subject to change. Any price and availability information displayed on [relevant Amazon Site(s), as applicable] at the time of purchase will apply to the purchase of this product.\">Details<\/span>)<\/small><\/i><\/p>\n<p><a href=\"https:\/\/amazon.es\/dp\/B086MDFPWZ?tag=man008-21\"><img decoding=\"async\" src=\"https:\/\/valvepress.s3.amazonaws.com\/imgs\/buy_now.png\"><\/a><br \/>\n<\/p>\n<p>                                             From the brand   <\/p>\n<p>                                              <img decoding=\"async\" alt=\"aplus content image\" src=\"https:\/\/images-na.ssl-images-amazon.com\/images\/G\/01\/x-locale\/common\/grey-pixel.gif\" class=\"a-lazy-loaded\" data-src=\"https:\/\/m.media-amazon.com\/images\/S\/aplus-media-library-service-media\/3c088eef-8612-48cd-8cbc-b0f56bb00302.__CR0,0,4392,1875_PT0_SX1464_V1___.png\"><img decoding=\"async\" alt=\"aplus content image\" src=\"https:\/\/m.media-amazon.com\/images\/S\/aplus-media-library-service-media\/3c088eef-8612-48cd-8cbc-b0f56bb00302.__CR0,0,4392,1875_PT0_SX1464_V1___.png\">  <\/p>\n<p>                                              <img decoding=\"async\" alt=\"aplus content image\" src=\"https:\/\/images-na.ssl-images-amazon.com\/images\/G\/01\/x-locale\/common\/grey-pixel.gif\" class=\"a-lazy-loaded\" data-src=\"https:\/\/m.media-amazon.com\/images\/S\/aplus-media-library-service-media\/3a7e0a57-0fc5-4bf3-9141-73f381a68d0a.__CR0,17,2044,2558_PT0_SX362_V1___.png\"><img decoding=\"async\" alt=\"aplus content image\" src=\"https:\/\/m.media-amazon.com\/images\/S\/aplus-media-library-service-media\/3a7e0a57-0fc5-4bf3-9141-73f381a68d0a.__CR0,17,2044,2558_PT0_SX362_V1___.png\">  <\/p>\n<h3> Comprar auriculares Jabra <\/h3>\n<p class=\"apm-brand-story-stores-link\">\n<p>                                              <img decoding=\"async\" alt=\"aplus content image\" src=\"https:\/\/images-na.ssl-images-amazon.com\/images\/G\/01\/x-locale\/common\/grey-pixel.gif\" class=\"a-lazy-loaded\" data-src=\"https:\/\/m.media-amazon.com\/images\/S\/aplus-media-library-service-media\/35da478f-ed41-4fbb-8d17-f100d26d6c1e.__CR0,17,2044,2558_PT0_SX362_V1___.png\"><img decoding=\"async\" alt=\"aplus content image\" src=\"https:\/\/m.media-amazon.com\/images\/S\/aplus-media-library-service-media\/35da478f-ed41-4fbb-8d17-f100d26d6c1e.__CR0,17,2044,2558_PT0_SX362_V1___.png\">  <\/p>\n<p>                                              <img decoding=\"async\" alt=\"aplus content image\" src=\"https:\/\/images-na.ssl-images-amazon.com\/images\/G\/01\/x-locale\/common\/grey-pixel.gif\" class=\"a-lazy-loaded\" data-src=\"https:\/\/m.media-amazon.com\/images\/S\/aplus-media-library-service-media\/20cdd7e1-7fa8-4490-9697-b6579ee20c15.__CR0,17,2044,2558_PT0_SX362_V1___.png\"><img decoding=\"async\" alt=\"aplus content image\" src=\"https:\/\/m.media-amazon.com\/images\/S\/aplus-media-library-service-media\/20cdd7e1-7fa8-4490-9697-b6579ee20c15.__CR0,17,2044,2558_PT0_SX362_V1___.png\">  <\/p>\n<h3> Comprar Jabra Video Bars <\/h3>\n<p class=\"apm-brand-story-stores-link\">\n<p>                                              <img decoding=\"async\" alt=\"Configuraci\u00f3n de videoconferencia que muestra pantallas de ordenador y una barra de sonido, con una superposici\u00f3n gr\u00e1fica circular amarilla que muestra texto en espa\u00f1ol sobre la calidad de la reuni\u00f3n.\" src=\"https:\/\/images-na.ssl-images-amazon.com\/images\/G\/01\/x-locale\/common\/grey-pixel.gif\" class=\"a-lazy-loaded\" data-src=\"https:\/\/m.media-amazon.com\/images\/S\/aplus-media-library-service-media\/a8d18039-1b2a-442a-88b4-d02643697d47.__CR0,17,2044,2558_PT0_SX362_V1___.png\"><img decoding=\"async\" alt=\"Configuraci\u00f3n de videoconferencia que muestra pantallas de ordenador y una barra de sonido, con una superposici\u00f3n gr\u00e1fica circular amarilla que muestra texto en espa\u00f1ol sobre la calidad de la reuni\u00f3n.\" src=\"https:\/\/m.media-amazon.com\/images\/S\/aplus-media-library-service-media\/a8d18039-1b2a-442a-88b4-d02643697d47.__CR0,17,2044,2558_PT0_SX362_V1___.png\">  <\/p>\n<p>                                              <img decoding=\"async\" alt=\"aplus content image\" src=\"https:\/\/images-na.ssl-images-amazon.com\/images\/G\/01\/x-locale\/common\/grey-pixel.gif\" class=\"a-lazy-loaded\" data-src=\"https:\/\/m.media-amazon.com\/images\/S\/aplus-media-library-service-media\/d17cf4b5-ed7c-408a-996c-b723c56794a4.__CR0,17,2044,2558_PT0_SX362_V1___.png\"><img decoding=\"async\" alt=\"aplus content image\" src=\"https:\/\/m.media-amazon.com\/images\/S\/aplus-media-library-service-media\/d17cf4b5-ed7c-408a-996c-b723c56794a4.__CR0,17,2044,2558_PT0_SX362_V1___.png\">  <\/p>\n<h3> Comprar altavoces Jabra <\/h3>\n<p class=\"apm-brand-story-stores-link\">\n<p>                                              <img decoding=\"async\" alt=\"aplus content image\" src=\"https:\/\/images-na.ssl-images-amazon.com\/images\/G\/01\/x-locale\/common\/grey-pixel.gif\" class=\"a-lazy-loaded\" data-src=\"https:\/\/m.media-amazon.com\/images\/S\/aplus-media-library-service-media\/e37c228e-5b1d-48d0-b953-8fc705978198.__CR0,17,2044,2558_PT0_SX362_V1___.png\"><img decoding=\"async\" alt=\"aplus content image\" src=\"https:\/\/m.media-amazon.com\/images\/S\/aplus-media-library-service-media\/e37c228e-5b1d-48d0-b953-8fc705978198.__CR0,17,2044,2558_PT0_SX362_V1___.png\">  <\/p>\n<p>                                              <img decoding=\"async\" alt=\"aplus content image\" src=\"https:\/\/images-na.ssl-images-amazon.com\/images\/G\/01\/x-locale\/common\/grey-pixel.gif\" class=\"a-lazy-loaded\" data-src=\"https:\/\/m.media-amazon.com\/images\/S\/aplus-media-library-service-media\/f8c36d1c-e6ba-4134-93ad-f6780c3d86ed.__CR0,17,2044,2558_PT0_SX362_V1___.png\"><img decoding=\"async\" alt=\"aplus content image\" src=\"https:\/\/m.media-amazon.com\/images\/S\/aplus-media-library-service-media\/f8c36d1c-e6ba-4134-93ad-f6780c3d86ed.__CR0,17,2044,2558_PT0_SX362_V1___.png\">  <\/p>\n<p>                                              <img decoding=\"async\" alt=\"Banner de marketing con un gran semic\u00edrculo amarillo que muestra texto en espa\u00f1ol sobre la plataforma de administraci\u00f3n de dispositivos, enfatizando el f\u00e1cil control y las actualizaciones en un solo lugar.\" src=\"https:\/\/images-na.ssl-images-amazon.com\/images\/G\/01\/x-locale\/common\/grey-pixel.gif\" class=\"a-lazy-loaded\" data-src=\"https:\/\/m.media-amazon.com\/images\/S\/aplus-media-library-service-media\/6c9c4277-4d2a-4482-b5cb-d883d1ebd8ec.__CR0,17,2044,2558_PT0_SX362_V1___.png\"><img decoding=\"async\" alt=\"Banner de marketing con un gran semic\u00edrculo amarillo que muestra texto en espa\u00f1ol sobre la plataforma de administraci\u00f3n de dispositivos, enfatizando el f\u00e1cil control y las actualizaciones en un solo lugar.\" src=\"https:\/\/m.media-amazon.com\/images\/S\/aplus-media-library-service-media\/6c9c4277-4d2a-4482-b5cb-d883d1ebd8ec.__CR0,17,2044,2558_PT0_SX362_V1___.png\">  <\/p>\n<p> Batteries                                            \u200f                                            :                                            \u200e                                            1 AAA batteries required. (included)   <br \/> Is discontinued by manufacturer                                            \u200f                                            :                                            \u200e                                            No   <br \/> Product Dimensions                                            \u200f                                            :                                            \u200e                                            25.15 x 19.05 x 10.67 cm; 176.4 g   <br \/> Manufacturer                                            \u200f                                            :                                            \u200e                                            Jabra   <br \/> ASIN                                            \u200f                                            :                                            \u200e                                            B086MDFPWZ   <br \/> Item model number                                            \u200f                                            :                                            \u200e                                            26599-999-989   <br \/> Country\/Region of Origin                                            \u200f                                            :                                            \u200e                                            China   <br \/> Guaranteed software updates until                                            \u200f                                            :                                            \u200e                                            unknown   <br \/>  Customer reviews:                                                                                            4.2               4.2 out of 5 stars                                  (907)                                              var dpAcrHasRegisteredArcLinkClickAction;                    P.when(&#8216;A&#8217;, &#8216;ready&#8217;).execute(function(A) {                        if (dpAcrHasRegisteredArcLinkClickAction !== true) {                            dpAcrHasRegisteredArcLinkClickAction = true;                            A.declarative(                                &#8216;acrLink-click-metrics&#8217;, &#8216;click&#8217;,                                { \u00aballowLinkDefault\u00bb: true },                                function (event) {                                    if (window.ue) {                                        ue.count(\u00abacrLinkClickCount\u00bb, (ue.count(\u00abacrLinkClickCount\u00bb) || 0) + 1);                                    }                                }                            );                        }                    });                                             P.when(&#8216;A&#8217;, &#8216;cf&#8217;).execute(function(A) {                A.declarative(&#8216;acrStarsLink-click-metrics&#8217;, &#8216;click&#8217;, { \u00aballowLinkDefault\u00bb : true },  function(event){                    if(window.ue) {                        ue.count(\u00abacrStarsLinkWithPopoverClickCount\u00bb, (ue.count(\u00abacrStarsLinkWithPopoverClickCount\u00bb) || 0) + 1);                    }                });            });                          <\/p>\n<p>NOISE ISOLATING FOR IDEAL CONCENTRATION &#8211; Keeps external sounds out for better work performance and a listening experience in any space<br \/>Long battery life and optimized \u00abBusylight\u00bb signal: Keep interruptions to a minimum with up to 37 hours of battery life &#8211; Built-in red LED light shows conversations are ongoing<br \/>Be heard and understood wherever you are: three microphones, an enhanced digital chipset and articulated arm give you the best audio quality possible<br \/>The Evolve2 65 headset is Microsoft Teams certified and feature an app-specific button, meeting quality requirements for an open office environment<br \/>Contents: Jabra Evolve2 65 wireless on-ear headphones with charging base, USB-A Bluetooth adapter, 1.2 m USB-C to USB-A cable, soft case &#8211; Weight: 176 g &#8211; Dimensions: 186 x 157 x 60.5 &#8211; Colour: black<br \/>This product has two years warranty<\/p>\n\n","protected":false},"excerpt":{"rendered":"<p> From the brand Comprar auriculares Jabra Comprar Jabra Video Bars Comprar altavoces Jabra Batteries \u200f<\/p>","protected":false},"featured_media":28920,"comment_status":"open","ping_status":"closed","template":"","meta":[],"product_brand":[],"product_cat":[48],"product_tag":[4152,5580,4028,720,726,714,5223,8450,3994,4215,4340,8449,712,711,717,4211,8448,4699,825,3998,715,719,3954,716,718,4824,1134,399,713],"class_list":{"0":"post-28919","1":"product","2":"type-product","3":"status-publish","4":"has-post-thumbnail","6":"product_cat-headsets","7":"product_tag-adaptador","8":"product_tag-auriculares","9":"product_tag-bateria","10":"product_tag-best-headset","11":"product_tag-bluetooth","12":"product_tag-bluetooth-headset","13":"product_tag-carga","14":"product_tag-certificados","15":"product_tag-con","16":"product_tag-duracion","17":"product_tag-estereo","18":"product_tag-evolve2","19":"product_tag-gaming-headset","20":"product_tag-headset","21":"product_tag-headset-with-mic","22":"product_tag-inalambricos","23":"product_tag-jabra","24":"product_tag-larga","25":"product_tag-microsoft","26":"product_tag-negro","27":"product_tag-noise-cancelling-headset","28":"product_tag-over-ear-headset","29":"product_tag-para","30":"product_tag-pc-headset","31":"product_tag-rgb-gaming-headset","32":"product_tag-soporte","33":"product_tag-teams","34":"product_tag-usba","35":"product_tag-wireless-headset","37":"first","38":"instock","39":"sale","40":"shipping-taxable","41":"product-type-external"},"_links":{"self":[{"href":"https:\/\/comprasyconsejos.store\/en\/wp-json\/wp\/v2\/product\/28919","targetHints":{"allow":["GET"]}}],"collection":[{"href":"https:\/\/comprasyconsejos.store\/en\/wp-json\/wp\/v2\/product"}],"about":[{"href":"https:\/\/comprasyconsejos.store\/en\/wp-json\/wp\/v2\/types\/product"}],"replies":[{"embeddable":true,"href":"https:\/\/comprasyconsejos.store\/en\/wp-json\/wp\/v2\/comments?post=28919"}],"version-history":[{"count":0,"href":"https:\/\/comprasyconsejos.store\/en\/wp-json\/wp\/v2\/product\/28919\/revisions"}],"wp:featuredmedia":[{"embeddable":true,"href":"https:\/\/comprasyconsejos.store\/en\/wp-json\/wp\/v2\/media\/28920"}],"wp:attachment":[{"href":"https:\/\/comprasyconsejos.store\/en\/wp-json\/wp\/v2\/media?parent=28919"}],"wp:term":[{"taxonomy":"product_brand","embeddable":true,"href":"https:\/\/comprasyconsejos.store\/en\/wp-json\/wp\/v2\/product_brand?post=28919"},{"taxonomy":"product_cat","embeddable":true,"href":"https:\/\/comprasyconsejos.store\/en\/wp-json\/wp\/v2\/product_cat?post=28919"},{"taxonomy":"product_tag","embeddable":true,"href":"https:\/\/comprasyconsejos.store\/en\/wp-json\/wp\/v2\/product_tag?post=28919"}],"curies":[{"name":"wp","href":"https:\/\/api.w.org\/{rel}","templated":true}]}}