{"id":28923,"date":"2026-02-21T11:21:41","date_gmt":"2026-02-21T11:21:41","guid":{"rendered":"https:\/\/comprasyconsejos.store\/product\/inateck-keyboard-for-ipad-10-generation-2022-11-generation-a16-2025-10-9-11-inch-air-11-inch-m3-m2-air-6th-5th-4th-pro-11-1-4gen-ultra-light-detachable-keyboard-with-touchpacetouch-blue\/"},"modified":"2026-02-21T11:21:51","modified_gmt":"2026-02-21T11:21:51","slug":"inateck-keyboard-for-ipad-10-generation-2022-11-generation-a16-2025-10-9-11-inch-air-11-inch-m3-m2-air-6th-5th-4th-pro-11-1-4gen-ultra-light-detachable-keyboard-with-touchpacetouch-blue","status":"publish","type":"product","link":"https:\/\/comprasyconsejos.store\/en\/product\/inateck-keyboard-for-ipad-10-generation-2022-11-generation-a16-2025-10-9-11-inch-air-11-inch-m3-m2-air-6th-5th-4th-pro-11-1-4gen-ultra-light-detachable-keyboard-with-touchpacetouch-blue\/","title":{"rendered":"Inateck Keyboard for iPad 10 Generation 2022\/11 Generation A16 2025 (10.9\/11 Inch), Air 11 Inch M3\/M2, Air 6th\/5th\/4th, Pro 11 1-4Gen, Ultra-Light Detachable Keyboard with Touchp,AceTouch Blue"},"content":{"rendered":"<p>Price: <span style=\"color:#b12704\"><del>\u20ac54.99<\/del> - \u20ac47.99<\/span><br \/><i><small>(as of Feb 21, 2026 11:21:42 UTC &#8211; <span class=\"wp_automatic_amazon_disclaimer\" title=\"Product prices and availability are accurate as of the date\/time indicated and are subject to change. Any price and availability information displayed on [relevant Amazon Site(s), as applicable] at the time of purchase will apply to the purchase of this product.\">Details<\/span>)<\/small><\/i><\/p>\n<p><a href=\"https:\/\/amazon.es\/dp\/B0FP2BHBQY?tag=man008-21\"><img decoding=\"async\" src=\"https:\/\/valvepress.s3.amazonaws.com\/imgs\/buy_now.png\"><\/a><br \/>\n<\/p>\n<p>                                             Product Description   <\/p>\n<h3 class=\"a-text-center aplus-h1 a-text-bold\"> Inateck <\/h3>\n<p>                         Add To Basket  <\/p>\n<p>                         Add To Basket  <\/p>\n<p>                         Add To Basket  <\/p>\n<p>                         Add To Basket  <\/p>\n<p>                         Add To Basket  <\/p>\n<p>                         Add To Basket  <\/p>\n<p>                         Add To Basket  <\/p>\n<p>                                     Customer Reviews  <\/p>\n<p>                    4.6 out of 5 stars  97  <\/p>\n<p>                    4.3 out of 5 stars  580  <\/p>\n<p>                    4.8 out of 5 stars  30  <\/p>\n<p>                    4.1 out of 5 stars  278  <\/p>\n<p>                    4.6 out of 5 stars  97  <\/p>\n<p>                    4.6 out of 5 stars  97  <\/p>\n<p>                    4.6 out of 5 stars  97  <\/p>\n<p>                                     Price  <\/p>\n<p>                                                        \u20ac47.99\u20ac47.99     <\/p>\n<p>                                                        \u20ac39.99\u20ac39.99     <\/p>\n<p>                                                        \u20ac63.99\u20ac63.99     <\/p>\n<p>                                                        \u20ac15.99\u20ac15.99     <\/p>\n<p>                                                        \u20ac52.99\u20ac52.99     <\/p>\n<p>                                                        \u20ac49.99\u20ac49.99     <\/p>\n<p>                                                        \u20ac49.99\u20ac49.99     <\/p>\n<p>                                     Serie  <\/p>\n<p>                                                Inteck AceTouch    <\/p>\n<p>                                                Inateck Air Tap    <\/p>\n<p>                                                Inateck NeoMagic    <\/p>\n<p>                                                Inateck Teclado Bluetooth    <\/p>\n<p>                                                Inteck AceTouch    <\/p>\n<p>                                                Inteck AceTouch    <\/p>\n<p>                                                Inteck AceTouch    <\/p>\n<p>                                     Funci\u00f3n Principal  <\/p>\n<p>                                                Modo vertical \/ horizontal    <\/p>\n<p>                                                Ultraligero    <\/p>\n<p>                                                Magn\u00e9tico    <\/p>\n<p>                                                Ultraligero    <\/p>\n<p>                                                Modo vertical \/ horizontal    <\/p>\n<p>                                                Modo vertical \/ horizontal    <\/p>\n<p>                                                Modo vertical \/ horizontal    <\/p>\n<p>                                     Compatibilidad  <\/p>\n<p>                                                iPad10\/11\/Air11\/5\/4\/Pro11    <\/p>\n<p>                                                iPad10\/11\/Air11\/5\/4\/Pro11    <\/p>\n<p>                                                iPad Air11(M3\/M2)\/Air5\/4\/Pro11    <\/p>\n<p>                                                Port\u00e1til, PC,Tablet,Smartphone    <\/p>\n<p>                                                iPad10\/11\/Air11\/5\/4\/Pro11    <\/p>\n<p>                                                iPad10\/11\/Air11\/5\/4\/Pro11    <\/p>\n<p>                                                iPad10\/11\/Air11\/5\/4\/Pro11    <\/p>\n<p>                                     desmontable  <\/p>\n<p>                                                \u2714    <\/p>\n<p>                                                \u2718    <\/p>\n<p>                                                \u2718    <\/p>\n<p>                                                \u2718    <\/p>\n<p>                                                \u2714    <\/p>\n<p>                                                \u2714    <\/p>\n<p>                                                \u2714    <\/p>\n<p>                                     retroiluminaci\u00f3n de 7 colores  <\/p>\n<p>                                                \u2718    <\/p>\n<p>                                                \u2718    <\/p>\n<p>                                                \u2714    <\/p>\n<p>                                                \u2718    <\/p>\n<p>                                                \u2718    <\/p>\n<p>                                                \u2718    <\/p>\n<p>                                                \u2718    <\/p>\n<p>                                     Trackpad  <\/p>\n<p>                                                \u2714    <\/p>\n<p>                                                \u2718    <\/p>\n<p>                                                \u2714    <\/p>\n<p>                                                \u2718    <\/p>\n<p>                                                \u2714    <\/p>\n<p>                                                \u2714    <\/p>\n<p>                                                \u2714    <\/p>\n<p>                                     Ranura para l\u00e1piz  <\/p>\n<p>                                                \u2718    <\/p>\n<p>                                                \u2714    <\/p>\n<p>                                                \u2718    <\/p>\n<p>                                                \u2718    <\/p>\n<p>                                                \u2718    <\/p>\n<p>                                                \u2718    <\/p>\n<p>                                                \u2718    <\/p>\n<p>                                                                                                       <img decoding=\"async\" alt=\"El texto dice \u00abinateck\u00bb y \u00abTeclado\u00bb. Serie de fotos de productos que muestran un teclado de ordenador delgado y blanco desde varios \u00e1ngulos con el texto de marketing \u00abcompleto m\u00e1s ligero\u00bb.\" src=\"https:\/\/images-na.ssl-images-amazon.com\/images\/G\/01\/x-locale\/common\/grey-pixel.gif\" class=\"a-lazy-loaded\" data-src=\"https:\/\/m.media-amazon.com\/images\/S\/aplus-media-library-service-media\/bfc1aaa6-4035-4c08-a945-6e4fd5ca08c7.__CR0,0,1464,600_PT0_SX1464_V1___.jpg\"><img decoding=\"async\" alt=\"El texto dice \u00abinateck\u00bb y \u00abTeclado\u00bb. Serie de fotos de productos que muestran un teclado de ordenador delgado y blanco desde varios \u00e1ngulos con el texto de marketing \u00abcompleto m\u00e1s ligero\u00bb.\" src=\"https:\/\/m.media-amazon.com\/images\/S\/aplus-media-library-service-media\/bfc1aaa6-4035-4c08-a945-6e4fd5ca08c7.__CR0,0,1464,600_PT0_SX1464_V1___.jpg\">                                               <\/p>\n<p>                                                                                                       <img decoding=\"async\" alt=\"Dise\u00f1os abstractos de tela fluida en azul y blanco o l\u00edquidos. Composici\u00f3n ligera y aireada con suaves curvas y degradados que crean un movimiento din\u00e1mico.\" src=\"https:\/\/images-na.ssl-images-amazon.com\/images\/G\/01\/x-locale\/common\/grey-pixel.gif\" class=\"a-lazy-loaded\" data-src=\"https:\/\/m.media-amazon.com\/images\/S\/aplus-media-library-service-media\/09ee18a1-47f3-472f-b45e-0d1e7ed1b3e4.__CR0,0,1464,600_PT0_SX1464_V1___.jpg\"><img decoding=\"async\" alt=\"Dise\u00f1os abstractos de tela fluida en azul y blanco o l\u00edquidos. Composici\u00f3n ligera y aireada con suaves curvas y degradados que crean un movimiento din\u00e1mico.\" src=\"https:\/\/m.media-amazon.com\/images\/S\/aplus-media-library-service-media\/09ee18a1-47f3-472f-b45e-0d1e7ed1b3e4.__CR0,0,1464,600_PT0_SX1464_V1___.jpg\">                                               <\/p>\n<p>                                                                                                       <img decoding=\"async\" alt=\"El texto dice \u00abKeyboard ArcTouch\u00bb. Imagen de marketing que muestra un teclado elegante y moderno con efectos de iluminaci\u00f3n RGB en varias posiciones.\" src=\"https:\/\/images-na.ssl-images-amazon.com\/images\/G\/01\/x-locale\/common\/grey-pixel.gif\" class=\"a-lazy-loaded\" data-src=\"https:\/\/m.media-amazon.com\/images\/S\/aplus-media-library-service-media\/8439df7b-b278-4110-acb6-da73022601e9.__CR0,0,1464,600_PT0_SX1464_V1___.jpg\"><img decoding=\"async\" alt=\"El texto dice \u00abKeyboard ArcTouch\u00bb. Imagen de marketing que muestra un teclado elegante y moderno con efectos de iluminaci\u00f3n RGB en varias posiciones.\" src=\"https:\/\/m.media-amazon.com\/images\/S\/aplus-media-library-service-media\/8439df7b-b278-4110-acb6-da73022601e9.__CR0,0,1464,600_PT0_SX1464_V1___.jpg\">                                               <\/p>\n<p>                                                                                  <img decoding=\"async\" alt=\"aplus content image\" src=\"https:\/\/m.media-amazon.com\/images\/S\/aplus-media-library-service-media\/bfc45ba3-72d1-4663-9382-b84d6558701c.__CR0,0,1464,600_PT0_SX1464_V1___.jpg\">       <\/p>\n<p>                                                                                  <img decoding=\"async\" alt=\"El texto dice \u00ab1 mm\u00bb, \u00abde recorrido ultra corto de tecla\u00bb. Im\u00e1genes en primer plano de teclas blancas del teclado que muestran una distancia m\u00ednima de recorrido de 1 mm.\" src=\"https:\/\/m.media-amazon.com\/images\/S\/aplus-media-library-service-media\/c1024bd0-1e61-48b9-948d-7d1d9627b3b8.__CR0,0,1464,600_PT0_SX1464_V1___.jpg\">       <\/p>\n<p>                                                                                  <img decoding=\"async\" alt=\"El texto dice \u00abAtracci\u00f3n magn\u00e9tica estable\u00bb. Teclado blanco para port\u00e1til o tableta con retroiluminaci\u00f3n azul que muestra la funci\u00f3n de fijaci\u00f3n magn\u00e9tica.\" src=\"https:\/\/m.media-amazon.com\/images\/S\/aplus-media-library-service-media\/0cadae2f-fcf3-4b55-8e39-b2e706633a36.__CR0,0,1464,600_PT0_SX1464_V1___.jpg\">       <\/p>\n<p>                                                                                  <img decoding=\"async\" alt=\"El texto dice \u00abTeclas de acceso directo independientes\u00bb. Teclado inal\u00e1mbrico blanco con perfil delgado que muestra teclas de acceso directo y botones de funci\u00f3n independientes.\" src=\"https:\/\/m.media-amazon.com\/images\/S\/aplus-media-library-service-media\/e7bed87a-905e-496b-b057-bee34f0ab3c6.__CR0,0,1464,600_PT0_SX1464_V1___.jpg\">       <\/p>\n<p>                                                                                                                    <img decoding=\"async\" alt=\"Entorno de campus u oficina al aire libre con personas que usan dispositivos m\u00f3viles mientras est\u00e1n sentadas en bancos y senderos para caminar.\" src=\"https:\/\/m.media-amazon.com\/images\/S\/aplus-media-library-service-media\/479dc6cb-4607-470f-81e6-3b964568835d.__CR0,0,1464,600_PT0_SX1464_V1___.jpg\">                                                                                                                        <\/p>\n<p class=\"description aplus-p1\"> Panel trasero ajustable para proteger su inspiraci\u00f3n creativa <\/p>\n<p>                                                      <img decoding=\"async\" alt=\"aplus content image\" src=\"https:\/\/m.media-amazon.com\/images\/S\/aplus-media-library-service-media\/2295410b-ebbf-4a32-a978-ba509f618b9a.__CR0,0,1464,600_PT0_SX1464_V1___.jpg\">                                                                                                                        <\/p>\n<p class=\"description aplus-p1\"> \u00c1ngulo ajustable de 30\u00b0 a 160\u00b0, disfrute de un entretenimiento placentero <\/p>\n<p>                                                      <img decoding=\"async\" alt=\"aplus content image\" src=\"https:\/\/m.media-amazon.com\/images\/S\/aplus-media-library-service-media\/54967ccd-f8fc-4be1-a6be-4f027fd3ea30.__CR0,0,1464,600_PT0_SX1464_V1___.jpg\">                                                                                                                        <\/p>\n<p class=\"description aplus-p1\"> El dise\u00f1o de teclado dividido ofrece mayor comodidad, con una conexi\u00f3n efectiva de hasta 10 metros <\/p>\n<p>                                                      <img decoding=\"async\" alt=\"Serie de fotos de estilo de vida que muestran una tableta que se utiliza en la cocina mientras se cocina, con la funcionalidad de soporte demostrada en m\u00faltiples posiciones.\" src=\"https:\/\/m.media-amazon.com\/images\/S\/aplus-media-library-service-media\/8a2d1e32-5fa2-400a-8dd7-4c34377a5fcb.__CR0,0,1464,600_PT0_SX1464_V1___.jpg\">                                                                                                                        <\/p>\n<p class=\"description aplus-p1\"> Soporte flexible para videollamadas estables y teclado desmontable <\/p>\n<p>                                                      <img decoding=\"async\" alt=\"Persona que usa un dispositivo digital mientras est\u00e1 sentada en una mesa de caf\u00e9 al aire libre con una taza de caf\u00e9 y un platillo visibles.\" src=\"https:\/\/m.media-amazon.com\/images\/S\/aplus-media-library-service-media\/9ecbeef5-1f93-4b87-b0ae-ec6d76dab004.__CR0,0,1464,600_PT0_SX1464_V1___.jpg\">                                                                                                                        <\/p>\n<p class=\"description aplus-p1\"> Carcasa de protecci\u00f3n independiente: se lee como un libro <\/p>\n<p>                            1 Dibujo <\/p>\n<p>                            2 Ver pel\u00edculas <\/p>\n<p>                            3 Escribir <\/p>\n<p>                            4 Videollamadas <\/p>\n<p>                            5 Lectura <\/p>\n<p> Batteries                                            \u200f                                            :                                            \u200e                                            1 9V batteries required. (included)   <br \/> Language                                            \u200f                                            :                                            \u200e                                            Spanish   <br \/> Product Dimensions                                            \u200f                                            :                                            \u200e                                            0.76 x 0.76 x 0.76 cm; 820 g   <br \/> Manufacturer                                            \u200f                                            :                                            \u200e                                            Inateck   <br \/> ASIN                                            \u200f                                            :                                            \u200e                                            B0FP2BHBQY   <br \/> Guaranteed software updates until                                            \u200f                                            :                                            \u200e                                            unknown   <br \/>  Customer reviews:                                                                                            4.6               4.6 out of 5 stars                                  (97)                                              var dpAcrHasRegisteredArcLinkClickAction;                    P.when(&#8216;A&#8217;, &#8216;ready&#8217;).execute(function(A) {                        if (dpAcrHasRegisteredArcLinkClickAction !== true) {                            dpAcrHasRegisteredArcLinkClickAction = true;                            A.declarative(                                &#8216;acrLink-click-metrics&#8217;, &#8216;click&#8217;,                                { \u00aballowLinkDefault\u00bb: true },                                function (event) {                                    if (window.ue) {                                        ue.count(\u00abacrLinkClickCount\u00bb, (ue.count(\u00abacrLinkClickCount\u00bb) || 0) + 1);                                    }                                }                            );                        }                    });                                             P.when(&#8216;A&#8217;, &#8216;cf&#8217;).execute(function(A) {                A.declarative(&#8216;acrStarsLink-click-metrics&#8217;, &#8216;click&#8217;, { \u00aballowLinkDefault\u00bb : true },  function(event){                    if(window.ue) {                        ue.count(\u00abacrStarsLinkWithPopoverClickCount\u00bb, (ue.count(\u00abacrStarsLinkWithPopoverClickCount\u00bb) || 0) + 1);                    }                });            });                          <\/p>\n<p>ULTRA SLIM &#038; LIGHTWEIGHT: The iPad keyboard is only 0.3 inches thick and weighs just 1 pound, 0.45 pounds less than other keyboard with full function iPad Pro 11 inch case. Whether you use it in your hand or put it in a handbag or backpack, it&#8217;s incredibly convenient. Choose Inateck for iPad 10th Gen Keyboard Case for an effortless ride<br \/>Compatibility: The iPad Bluetooth keyboard is specifically designed for iPad 11th Gen (2025 A16), iPad 10th Gen (10.9&#8243;), iPad Air 11a (M3\/M2), iPad Air 4\/5th Gen (10.9&#8243;) and iPad Pro 11&#8243; (1.\/2.\/3.\/4th Gen). Compatible with iPad A16 2025 (A3354\/A3355\/A3356), iPad 10th Gen 2022 (A2696\/A2757\/A2777\/A3162), iPad Air 11&#8243; M3 2025 (A3266\/A3267\/A32700) ), iPad Air 5. a Gen 2022 (A2591\/A2589\/A2588), iPad Air 4.a Gen 2020 (A2325\/A2324\/A2316\/A2072), iPad Pro 11 4th Gen 2022 (A2435\/A2759\/A2761\/A27761\/A27777) 62), iPad Pro 11 3rd Gen 2021 (A2301\/A2377\/A2459\/A2460), iPad Pro 11 2nd Gen 2020 (A2228\/A2068\/A2230\/A2231) and iPad Pro 11 1st Gen 2018 (A1980\/) A2013 \/A1934\/A1979)<br \/>\u3010Magnetic &#038; Detachable Design\u3011The iPad Air keyboard and iPad protective case connect magnetically, allowing easy separation in just 1 second. The back panel supports both horizontal and vertical views, meeting your needs of multiple angles for working, studying, watching movies, drawing, reading and more<br \/>Comfortable Typing &#8211; The keyboard case compatible with iPad Air 11 inch features 1mm key travel and scissor switch structure, which ensures quick entry and comfortable typing experience, enhancing your user experience<br \/>Precise Touch Control with iPadOS: iPad keyboard case uses a full-area multi-touch touchpad that supports palm rejection, delivering lag-free accuracy. Allows you to navigate, click, switch apps, and explore various creative gestures with ease<\/p>\n\n","protected":false},"excerpt":{"rendered":"<p> Product Description Inateck Add To Basket Add To Basket Add To Basket Add To Basket<\/p>","protected":false},"featured_media":28924,"comment_status":"open","ping_status":"closed","template":"","meta":[],"product_brand":[],"product_cat":[49],"product_tag":[8452,8451,675,216,746,367,743,747,1091,740,1628,6300,584,162,518,1182,739,744,163,742,745,8453,2520,741],"class_list":{"0":"post-28923","1":"product","2":"type-product","3":"status-publish","4":"has-post-thumbnail","6":"product_cat-keyboards","7":"product_tag-14gen","8":"product_tag-6th5th4th","9":"product_tag-a16","10":"product_tag-air","11":"product_tag-backlit-keyboard","12":"product_tag-blue","13":"product_tag-bluetooth-keyboard","14":"product_tag-compact-keyboard","15":"product_tag-detachable","16":"product_tag-gaming-keyboard","17":"product_tag-generation","18":"product_tag-inateck","19":"product_tag-inch","20":"product_tag-ipad","21":"product_tag-keyboard","22":"product_tag-m3m2","23":"product_tag-mechanical-keyboard","24":"product_tag-office-keyboard","25":"product_tag-pro","26":"product_tag-rgb-keyboard","27":"product_tag-silent-keyboard","28":"product_tag-touchpacetouch","29":"product_tag-ultralight","30":"product_tag-wireless-keyboard","32":"first","33":"instock","34":"sale","35":"shipping-taxable","36":"product-type-external"},"_links":{"self":[{"href":"https:\/\/comprasyconsejos.store\/en\/wp-json\/wp\/v2\/product\/28923","targetHints":{"allow":["GET"]}}],"collection":[{"href":"https:\/\/comprasyconsejos.store\/en\/wp-json\/wp\/v2\/product"}],"about":[{"href":"https:\/\/comprasyconsejos.store\/en\/wp-json\/wp\/v2\/types\/product"}],"replies":[{"embeddable":true,"href":"https:\/\/comprasyconsejos.store\/en\/wp-json\/wp\/v2\/comments?post=28923"}],"version-history":[{"count":0,"href":"https:\/\/comprasyconsejos.store\/en\/wp-json\/wp\/v2\/product\/28923\/revisions"}],"wp:featuredmedia":[{"embeddable":true,"href":"https:\/\/comprasyconsejos.store\/en\/wp-json\/wp\/v2\/media\/28924"}],"wp:attachment":[{"href":"https:\/\/comprasyconsejos.store\/en\/wp-json\/wp\/v2\/media?parent=28923"}],"wp:term":[{"taxonomy":"product_brand","embeddable":true,"href":"https:\/\/comprasyconsejos.store\/en\/wp-json\/wp\/v2\/product_brand?post=28923"},{"taxonomy":"product_cat","embeddable":true,"href":"https:\/\/comprasyconsejos.store\/en\/wp-json\/wp\/v2\/product_cat?post=28923"},{"taxonomy":"product_tag","embeddable":true,"href":"https:\/\/comprasyconsejos.store\/en\/wp-json\/wp\/v2\/product_tag?post=28923"}],"curies":[{"name":"wp","href":"https:\/\/api.w.org\/{rel}","templated":true}]}}