{"id":29048,"date":"2026-02-21T11:52:52","date_gmt":"2026-02-21T11:52:52","guid":{"rendered":"https:\/\/comprasyconsejos.store\/product\/external-cd-dvd-reader-usb-3-0-and-type-c-cd-dvd-burner-external-drive-rgb-floppy-drive-cd-dvd-rw-drive-for-pc-laptop-desktop-macbook-mac-os-win11-10-8-7-xp-linux-vista\/"},"modified":"2026-02-21T11:53:02","modified_gmt":"2026-02-21T11:53:02","slug":"external-cd-dvd-reader-usb-3-0-and-type-c-cd-dvd-burner-external-drive-rgb-floppy-drive-cd-dvd-rw-drive-for-pc-laptop-desktop-macbook-mac-os-win11-10-8-7-xp-linux-vista","status":"publish","type":"product","link":"https:\/\/comprasyconsejos.store\/en\/product\/external-cd-dvd-reader-usb-3-0-and-type-c-cd-dvd-burner-external-drive-rgb-floppy-drive-cd-dvd-rw-drive-for-pc-laptop-desktop-macbook-mac-os-win11-10-8-7-xp-linux-vista\/","title":{"rendered":"External CD DVD Reader, USB 3.0 and Type-C CD DVD Burner External Drive, RGB Floppy Drive CD DVD +\/-RW Drive for PC Laptop Desktop MacBook Mac OS Win11\/10\/8\/7\/XP Linux Vista"},"content":{"rendered":"<p>Price: <span style=\"color:#b12704\">\u20ac20.99<\/span><br \/><i><small>(as of Feb 21, 2026 11:52:52 UTC &#8211; <span class=\"wp_automatic_amazon_disclaimer\" title=\"Product prices and availability are accurate as of the date\/time indicated and are subject to change. Any price and availability information displayed on [relevant Amazon Site(s), as applicable] at the time of purchase will apply to the purchase of this product.\">Details<\/span>)<\/small><\/i><\/p>\n<p><a href=\"https:\/\/amazon.es\/dp\/B0FKGXCSKF?tag=man008-21\"><img decoding=\"async\" src=\"https:\/\/valvepress.s3.amazonaws.com\/imgs\/buy_now.png\"><\/a><br \/>\n<\/p>\n<p>                                             Product Description   <\/p>\n<p>                                                                             <img decoding=\"async\" alt=\"El texto dice \u00abUnidad Externa de CD\/DVD\u00bb, \u00abQuirlig\u00bb. Varios paneles muestran la funcionalidad de una unidad de CD\/DVD externa con la conexi\u00f3n al ordenador y las operaciones de disco.\" src=\"https:\/\/images-na.ssl-images-amazon.com\/images\/G\/01\/x-locale\/common\/grey-pixel.gif\" class=\"a-spacing-base a-lazy-loaded\" data-src=\"https:\/\/m.media-amazon.com\/images\/S\/aplus-media-library-service-media\/930b097e-981b-44a9-9847-a2505dba6136.__CR0,0,970,600_PT0_SX970_V1___.jpg\"><img decoding=\"async\" alt=\"El texto dice \u00abUnidad Externa de CD\/DVD\u00bb, \u00abQuirlig\u00bb. Varios paneles muestran la funcionalidad de una unidad de CD\/DVD externa con la conexi\u00f3n al ordenador y las operaciones de disco.\" src=\"https:\/\/m.media-amazon.com\/images\/S\/aplus-media-library-service-media\/930b097e-981b-44a9-9847-a2505dba6136.__CR0,0,970,600_PT0_SX970_V1___.jpg\">                                         <\/p>\n<h3 class=\"a-spacing-mini\"> Una excelente opci\u00f3n si buscas almacenar, hacer copias de seguridad y transferir archivos desde un CD\/DVD. <\/h3>\n<p class=\"a-spacing-base\"> Proporciona velocidades de transferencia de datos r\u00e1pidas y un rendimiento estable. No s\u00f3lo es un reproductor de DVD port\u00e1til, sino que tambi\u00e9n es un grabador de CD\/DVD que permite crear r\u00e1pidamente CD\/DVD utilizando las herramientas incluidas con la mayor\u00eda de los sistemas operativos. <\/p>\n<p>                                                                             <img decoding=\"async\" alt=\"El texto dice \u00abUnidad Externa de CD\/DVD Multifunci\u00f3n\u00bb. Presentaci\u00f3n del producto de una unidad de CD\/DVD externa con m\u00faltiples puertos de conexi\u00f3n y funciones que se muestran en formato de diagrama.\" src=\"https:\/\/images-na.ssl-images-amazon.com\/images\/G\/01\/x-locale\/common\/grey-pixel.gif\" class=\"a-spacing-base a-lazy-loaded\" data-src=\"https:\/\/m.media-amazon.com\/images\/S\/aplus-media-library-service-media\/aea6c3dc-bde2-45af-a7e6-98314e18780c.__CR0,0,970,600_PT0_SX970_V1___.jpg\"><img decoding=\"async\" alt=\"El texto dice \u00abUnidad Externa de CD\/DVD Multifunci\u00f3n\u00bb. Presentaci\u00f3n del producto de una unidad de CD\/DVD externa con m\u00faltiples puertos de conexi\u00f3n y funciones que se muestran en formato de diagrama.\" src=\"https:\/\/m.media-amazon.com\/images\/S\/aplus-media-library-service-media\/aea6c3dc-bde2-45af-a7e6-98314e18780c.__CR0,0,970,600_PT0_SX970_V1___.jpg\">                                         <\/p>\n<h3 class=\"a-spacing-mini\"> Dise\u00f1o de Actualizaci\u00f3n: <\/h3>\n<p class=\"a-spacing-base\">\n<p>Nuevos modos de degradado m\u00faltiple RGB y 7 colores fijos disponibles: la luz RGB presenta luz roja, verde, azul, amarilla, violeta, cian y blanca, lo que proporciona 15 modos de color din\u00e1micos, de respiraci\u00f3n e ilusi\u00f3n.El cable USB incorporado se guarda cuidadosamente en la ranura de la parte inferior, por lo que no hay necesidad de preocuparse por perderlo.Con su dise\u00f1o liviano y compacto, puedes llevar esta unidad de CD\/DVD externa a cualquier lugar. Tiene almohadilla de goma antideslizante en la parte inferior.     <\/p>\n<p>                                                                             <img decoding=\"async\" alt=\"El texto dice \u00abLector DVD\/CD Externo\u00bb. Las im\u00e1genes del producto muestran la compatibilidad de una unidad de DVD\/CD externa con varios formatos, incluidos CD, VCD y DVD, y se muestran las especificaciones t\u00e9cnicas.\" src=\"https:\/\/images-na.ssl-images-amazon.com\/images\/G\/01\/x-locale\/common\/grey-pixel.gif\" class=\"a-spacing-base a-lazy-loaded\" data-src=\"https:\/\/m.media-amazon.com\/images\/S\/aplus-media-library-service-media\/d19bc6ba-768c-45e4-b51e-ec2f5151fa0a.__CR0,0,970,600_PT0_SX970_V1___.jpg\"><img decoding=\"async\" alt=\"El texto dice \u00abLector DVD\/CD Externo\u00bb. Las im\u00e1genes del producto muestran la compatibilidad de una unidad de DVD\/CD externa con varios formatos, incluidos CD, VCD y DVD, y se muestran las especificaciones t\u00e9cnicas.\" src=\"https:\/\/m.media-amazon.com\/images\/S\/aplus-media-library-service-media\/d19bc6ba-768c-45e4-b51e-ec2f5151fa0a.__CR0,0,970,600_PT0_SX970_V1___.jpg\">                                         <\/p>\n<h3 class=\"a-spacing-mini\"> Consejos Importantes: <\/h3>\n<p class=\"a-spacing-base\">\n<p>Esta unidad de CD externa USB es ampliamente compatible con todas las versiones de MacBook, Mac OS, Windows 11\/10\/8\/7\/XP, Linux Vista y todas las versiones.Aseg\u00farese de que su port\u00e1til tenga suficiente bater\u00eda, ya que una capacidad baja puede provocar errores de reconocimiento.Para ordenadores de escritorio, debe conectar la unidad de CD externa al puerto USB de la parte posterior del ordenador.Si su ordenador es de escritorio, conecte la unidad directamente al puerto USB de la parte posterior.Esta unidad de DVD\/CD externa no es compatible con tabletas, televisores, coches, smartphones, proyectores, Surface Pro, Chromebooks ni discos Blu-ray.Conecte la unidad de DVD al puerto USB de un port\u00e1til, no a un concentrador USB.El nuevo sistema Windows ya no utiliza software de reproducci\u00f3n de DVD externo. Si su dispositivo tiene Windows 10 o superior y no puede reproducir DVD con normalidad, instale VLC Media Player para reproducir DVD o CD. Debido a las limitaciones de Chrome OS, no se puede usar una unidad de CD\/DVD externa con Chrome OS ni con Chromebooks.Si la unidad de CD\/DVD externa tarda un poco en iniciarse, espere de 5 a 10 segundos.     <\/p>\n<p>                                                                             <img decoding=\"async\" alt=\"aplus content image\" src=\"https:\/\/images-na.ssl-images-amazon.com\/images\/G\/01\/x-locale\/common\/grey-pixel.gif\" class=\"a-spacing-base a-lazy-loaded\" data-src=\"https:\/\/m.media-amazon.com\/images\/S\/aplus-media-library-service-media\/8bb1c39f-211e-4af3-8a50-2e1d3f39764e.__CR0,0,970,600_PT0_SX970_V1___.jpg\"><img decoding=\"async\" alt=\"aplus content image\" src=\"https:\/\/m.media-amazon.com\/images\/S\/aplus-media-library-service-media\/8bb1c39f-211e-4af3-8a50-2e1d3f39764e.__CR0,0,970,600_PT0_SX970_V1___.jpg\">                                                                    <\/p>\n<p>                                                                             <img decoding=\"async\" alt=\"aplus content image\" src=\"https:\/\/images-na.ssl-images-amazon.com\/images\/G\/01\/x-locale\/common\/grey-pixel.gif\" class=\"a-spacing-base a-lazy-loaded\" data-src=\"https:\/\/m.media-amazon.com\/images\/S\/aplus-media-library-service-media\/25eb4be1-c23c-4a74-98d8-41d0a9f4d321.__CR0,0,970,600_PT0_SX970_V1___.jpg\"><img decoding=\"async\" alt=\"aplus content image\" src=\"https:\/\/m.media-amazon.com\/images\/S\/aplus-media-library-service-media\/25eb4be1-c23c-4a74-98d8-41d0a9f4d321.__CR0,0,970,600_PT0_SX970_V1___.jpg\">                                                                    <\/p>\n<p> \u00bfC\u00f3mo reproducir pel\u00edculas en DVD en una computadora port\u00e1til? <\/p>\n<\/p>\n<p>Haga clic en el bot\u00f3n \u00abInicio\u00bb en el escritorio de su port\u00e1til. Busque \u00abReproductor de Windows Media\u00bb para iniciar el programa.Conecte la unidad de DVD externa a su port\u00e1til con un cable USB\/Tipo C e inserte un disco en la unidad.Seleccione el DVD y haga clic en el bot\u00f3n \u00abReproducir\u00bb. Podr\u00e1 ver la pel\u00edcula en DVD en su port\u00e1til.            <\/p>\n<p> \u00bfCu\u00e1ndo se debe utilizar el cable de alimentaci\u00f3n? <\/p>\n<\/p>\n<p>Es posible que su ordenador no tenga suficiente energ\u00eda para la unidad externa.El ordenador detecta la unidad externa de CD\/DVD, pero el icono de la unidad desaparece al leer el disco.La unidad externa de CD\/DVD puede leer CD\/DVD, pero no puede grabarlos, etc. Es posible que la fuente de alimentaci\u00f3n no funcione correctamente.Si el problema se debe a una alimentaci\u00f3n insuficiente, conecte el adaptador de corriente externo de 5 V\/2 A e int\u00e9ntelo de nuevo.            <\/p>\n<p> Funci\u00f3n de quema: <\/p>\n<\/p>\n<p>En Windows, primero debe tener instalado el software de grabaci\u00f3n adecuado (por ejemplo, Nero Burning ROM) e insertar un disco de grabaci\u00f3n virgen. Seleccione el modo de grabaci\u00f3n adecuado. Tenga en cuenta que, una vez finalizado el proceso de grabaci\u00f3n, debe seleccionar \u00abVerificar datos\u00bb para verificar la exactitud de la grabaci\u00f3n. En una MacBook, inserte un CD virgen; aparecer\u00e1 el icono del CD. Organice los archivos que desea grabar. Despu\u00e9s de ordenarlos, haga clic derecho en el icono del archivo, seleccione la opci\u00f3n \u00abGrabar en disco\u00bb y siga las instrucciones de grabaci\u00f3n.            <\/p>\n<p> Acerca de los c\u00f3digos de regi\u00f3n de DVD: <\/p>\n<\/p>\n<p>Es posible que un disco comprado en un pa\u00eds o regi\u00f3n no se reproduzca en un reproductor comprado en otro. Los DVD est\u00e1n marcados con un c\u00f3digo de regi\u00f3n (un disco sin c\u00f3digo se puede reproducir en cualquier reproductor de cualquier pa\u00eds).Por lo tanto, si el c\u00f3digo de \u00e1rea de la unidad es diferente al del c\u00f3digo de \u00e1rea, c\u00e1mbielo por uno que coincida. (En Windows, haga clic con el bot\u00f3n derecho en el icono de la unidad, seleccione Propiedades \u2192 Hardware \u2192 Buscar el modelo de la unidad y haga clic en Propiedades \u2192 Regi\u00f3n del DVD). Seleccione la regi\u00f3n local. Si la MacBook lee el disco, siga las instrucciones para cambiarlo.          <\/p>\n<p> Package Dimensions                                            \u200f                                            :                                            \u200e                                            16.9 x 15.5 x 2.9 cm; 410 g   <br \/> Manufacturer                                            \u200f                                            :                                            \u200e                                            Quirlig   <br \/> ASIN                                            \u200f                                            :                                            \u200e                                            B0FKGXCSKF   <br \/> Item model number                                            \u200f                                            :                                            \u200e                                            TY1982   <br \/> Country of origin                                            \u200f                                            :                                            \u200e                                            China   <br \/> Guaranteed software updates until                                            \u200f                                            :                                            \u200e                                            unknown   <br \/>  Customer reviews:                                                                                            4.2               4.2 out of 5 stars                                  (84)                                              var dpAcrHasRegisteredArcLinkClickAction;                    P.when(&#8216;A&#8217;, &#8216;ready&#8217;).execute(function(A) {                        if (dpAcrHasRegisteredArcLinkClickAction !== true) {                            dpAcrHasRegisteredArcLinkClickAction = true;                            A.declarative(                                &#8216;acrLink-click-metrics&#8217;, &#8216;click&#8217;,                                { \u00aballowLinkDefault\u00bb: true },                                function (event) {                                    if (window.ue) {                                        ue.count(\u00abacrLinkClickCount\u00bb, (ue.count(\u00abacrLinkClickCount\u00bb) || 0) + 1);                                    }                                }                            );                        }                    });                                             P.when(&#8216;A&#8217;, &#8216;cf&#8217;).execute(function(A) {                A.declarative(&#8216;acrStarsLink-click-metrics&#8217;, &#8216;click&#8217;, { \u00aballowLinkDefault\u00bb : true },  function(event){                    if(window.ue) {                        ue.count(\u00abacrStarsLinkWithPopoverClickCount\u00bb, (ue.count(\u00abacrStarsLinkWithPopoverClickCount\u00bb) || 0) + 1);                    }                });            });                          <\/p>\n<p>Wide Compatibility &#8211; External cd reader for laptop compatible with all versions of MacBook, Mac OS, Windows11\/10\/8\/7\/XP Linux Vista. This CD\/DVD drive can be used on most laptops and desktops. (This external DVD burner is not compatible with Blu-ray, Chromebook, Ubuntu system, mobile phones\/TV\/cars\/projectors, tablets, iPad\/PS5\/Xbox\/Switch)<br \/>High Speed USB 3.0 &#8211; The external dvd reader features a high-speed USB 3.0\/Type-C interface. Higher data transfer speed (up to 5Gbps) Stable performance and high fault tolerance. Backward compatible with USB 2.0 and USB 1.0. Transfer HD movies or files in seconds<br \/>Plug and Play &#8211; Easy to use, enjoy life more easily. With our external DVD burner drivers, you can watch movies, burn files, install software, or create CD backups for your burning and playback needs. (An external power supply is required if the computer&#8217;s USB port does not have enough power)<br \/>Stylish RGB CD Burner &#8211; The CD burner includes a built-in cable for easy organization and a rubber pad at the bottom. New Multi RGB Gradient Modes &#038; 7 Fixed Colors Available: RGB light offers 15 dynamic, breathing and illusion color modes<br \/>Multifunctional Optical Drive &#8211; The external dvd recorder incorporates advanced recording technology, compatible with DVD+R, DVD, CD-ROM, DVD-ROM, CD-R, CD-RW, etc. It has a maximum DVD read speed of 8x, a maximum CD read speed of 24x, and a maximum CD burning speed of 8x. Provides faster data transfer and plays music and movies without lag or distortion<\/p>\n\n","protected":false},"excerpt":{"rendered":"<p> Product Description Una excelente opci\u00f3n si buscas almacenar, hacer copias de seguridad y transferir archivos<\/p>","protected":false},"featured_media":29049,"comment_status":"open","ping_status":"closed","template":"","meta":[],"product_brand":[],"product_cat":[70],"product_tag":[2109,2128,787,2117,795,2121,2119,2111,1476,2105,2101,2113,8483,159,2138,774,160,2107,1421,885,381,133,2115,2103,7443,8484],"class_list":{"0":"post-29048","1":"product","2":"type-product","3":"status-publish","4":"has-post-thumbnail","6":"product_cat-disc-drives","7":"product_tag-blu-ray-drive","8":"product_tag-burner","9":"product_tag-desktop","10":"product_tag-disc-drive-for-laptop","11":"product_tag-drive","12":"product_tag-dvd","13":"product_tag-dvd-drive-price","14":"product_tag-dvd-writer","15":"product_tag-external","16":"product_tag-external-cd-drive","17":"product_tag-external-dvd-drive","18":"product_tag-external-optical-drive","19":"product_tag-floppy","20":"product_tag-laptop","21":"product_tag-linux","22":"product_tag-mac","23":"product_tag-macbook","24":"product_tag-portable-disc-drive","25":"product_tag-reader","26":"product_tag-rgb","27":"product_tag-typec","28":"product_tag-usb","29":"product_tag-usb-cd-writer","30":"product_tag-usb-dvd-drive","31":"product_tag-vista","32":"product_tag-win111087xp","34":"first","35":"instock","36":"shipping-taxable","37":"product-type-external"},"_links":{"self":[{"href":"https:\/\/comprasyconsejos.store\/en\/wp-json\/wp\/v2\/product\/29048","targetHints":{"allow":["GET"]}}],"collection":[{"href":"https:\/\/comprasyconsejos.store\/en\/wp-json\/wp\/v2\/product"}],"about":[{"href":"https:\/\/comprasyconsejos.store\/en\/wp-json\/wp\/v2\/types\/product"}],"replies":[{"embeddable":true,"href":"https:\/\/comprasyconsejos.store\/en\/wp-json\/wp\/v2\/comments?post=29048"}],"version-history":[{"count":0,"href":"https:\/\/comprasyconsejos.store\/en\/wp-json\/wp\/v2\/product\/29048\/revisions"}],"wp:featuredmedia":[{"embeddable":true,"href":"https:\/\/comprasyconsejos.store\/en\/wp-json\/wp\/v2\/media\/29049"}],"wp:attachment":[{"href":"https:\/\/comprasyconsejos.store\/en\/wp-json\/wp\/v2\/media?parent=29048"}],"wp:term":[{"taxonomy":"product_brand","embeddable":true,"href":"https:\/\/comprasyconsejos.store\/en\/wp-json\/wp\/v2\/product_brand?post=29048"},{"taxonomy":"product_cat","embeddable":true,"href":"https:\/\/comprasyconsejos.store\/en\/wp-json\/wp\/v2\/product_cat?post=29048"},{"taxonomy":"product_tag","embeddable":true,"href":"https:\/\/comprasyconsejos.store\/en\/wp-json\/wp\/v2\/product_tag?post=29048"}],"curies":[{"name":"wp","href":"https:\/\/api.w.org\/{rel}","templated":true}]}}