{"id":29104,"date":"2026-02-21T12:06:37","date_gmt":"2026-02-21T12:06:37","guid":{"rendered":"https:\/\/comprasyconsejos.store\/product\/avision-fb25-flatbed-a4-colour-1200-ppp-scanner-usb-2-0-twain-controller-paperport-se14\/"},"modified":"2026-02-21T12:06:39","modified_gmt":"2026-02-21T12:06:39","slug":"avision-fb25-flatbed-a4-colour-1200-ppp-scanner-usb-2-0-twain-controller-paperport-se14","status":"publish","type":"product","link":"https:\/\/comprasyconsejos.store\/en\/product\/avision-fb25-flatbed-a4-colour-1200-ppp-scanner-usb-2-0-twain-controller-paperport-se14\/","title":{"rendered":"Avision FB25 &#8211; Flatbed A4 Colour 1200 PPP Scanner | USB 2.0 | Twain Controller, PaperPort SE14"},"content":{"rendered":"<p>Price: <span style=\"color:#b12704\">\u20ac201.41<\/span><br \/><i><small>(as of Feb 21, 2026 12:06:37 UTC &#8211; <span class=\"wp_automatic_amazon_disclaimer\" title=\"Product prices and availability are accurate as of the date\/time indicated and are subject to change. Any price and availability information displayed on [relevant Amazon Site(s), as applicable] at the time of purchase will apply to the purchase of this product.\">Details<\/span>)<\/small><\/i><\/p>\n<p><a href=\"https:\/\/amazon.es\/dp\/B0BL7PLH56?tag=man008-21\"><img decoding=\"async\" src=\"https:\/\/valvepress.s3.amazonaws.com\/imgs\/buy_now.png\"><\/a><br \/>\n<\/p>\n<p>                                             From the manufacturer   <\/p>\n<p>                                                         <img decoding=\"async\" alt=\"Avision Europe GmbH\" src=\"https:\/\/images-na.ssl-images-amazon.com\/images\/G\/01\/x-locale\/common\/grey-pixel.gif\" class=\"a-lazy-loaded\" data-src=\"https:\/\/m.media-amazon.com\/images\/S\/aplus-media-library-service-media\/439b0a85-1865-4692-8a6a-28c6cbf4d4dc.__CR0,0,600,180_PT0_SX600_V1___.jpg\"><img decoding=\"async\" alt=\"Avision Europe GmbH\" src=\"https:\/\/m.media-amazon.com\/images\/S\/aplus-media-library-service-media\/439b0a85-1865-4692-8a6a-28c6cbf4d4dc.__CR0,0,600,180_PT0_SX600_V1___.jpg\">      <\/p>\n<h3 class=\"a-size-extra-large aplus-13-heading-text a-text-bold\"> Avision FB25 &#8211; Esc\u00e1ner plano (fino, r\u00e1pido y eficiente) <\/h3>\n<p class=\"description\"> Avision FB25 Esc\u00e1ner de cama plana <\/p>\n<p class=\"description\"> Un nuevo esc\u00e1ner de la serie Avision Slim. Con su superficie de escaneo A4, el FB25 es ideal para digitalizar documentos comerciales. <\/p>\n<p class=\"description\"> Gracias a la innovadora tecnolog\u00eda CIS, el FB25 es ultra delgado (45 mm) y pesa solo 1,8 kg. <\/p>\n<p class=\"description\"> Sin tiempo de calentamiento y escaneos ultrarr\u00e1pidos <\/p>\n<p class=\"description\"> La iluminaci\u00f3n LED no solo ahorra energ\u00eda, sino que tambi\u00e9n no requiere tiempo de calentamiento.  El FB25 est\u00e1 listo para usar despu\u00e9s de encenderlo. Para ello <\/p>\n<p class=\"description\"> s\u00f3lo tarda 1,5 segundos en digitalizar un documento A4. <\/p>\n<p> Caracter\u00edsticas <\/p>\n<p> Dise\u00f1o ultradelgado: 45 mm de alto, 1,8 kg de peso <\/p>\n<p> \u25cf Superficie de escaneo A4 216 x 297 mm <\/p>\n<p> \u25cf Resoluci\u00f3n \u00f3ptica de hasta 1200dpi <\/p>\n<p> \u25cf Digitalizar una p\u00e1gina A4 en color y 300dpi en solo 1,5 segundos <\/p>\n<p> \u25cf Controlador TWAIN f\u00e1cil de usar con numerosas funciones \u00fatiles para la optimizaci\u00f3n de escaneo, como reconocimiento autom\u00e1tico de color, correcci\u00f3n de color, limpieza de documentos, etc. <\/p>\n<p> \u25cf Optimizaci\u00f3n del tiempo mediante el recorte autom\u00e1tico que crea m\u00faltiples im\u00e1genes de un escaneo. <\/p>\n<p> Dise\u00f1o ultradelgado: 45 mm de alto, 1,8 kg de peso <\/p>\n<p> \u25cf Superficie de escaneo A4 216 x 297 mm <\/p>\n<p> \u25cf Resoluci\u00f3n \u00f3ptica de hasta 1200dpi <\/p>\n<p> \u25cf Digitalizar una p\u00e1gina A4 en color y 300dpi en solo 1,5 segundos <\/p>\n<p> \u25cf Controlador TWAIN f\u00e1cil de usar con numerosas funciones \u00fatiles para la optimizaci\u00f3n de escaneo, como reconocimiento autom\u00e1tico de color, correcci\u00f3n de color, limpieza de documentos, etc. <\/p>\n<p> \u25cf Optimizaci\u00f3n del tiempo mediante el recorte autom\u00e1tico que crea m\u00faltiples im\u00e1genes de un escaneo. <\/p>\n<p> PaperPort SE14 &#8211; Organizaci\u00f3n profesional de documentos <\/p>\n<p> PaperPort es el m\u00e1s f\u00e1cilforma de llevar montones de papel e im\u00e1genes en una forma organizada en la que es posible transferir r\u00e1pidamente los documentos <\/p>\n<p> y f\u00e1cil de procesar. No pierda m\u00e1s tiempo buscando documentos en papel. PaperPort le permite conectar f\u00e1cilmente su esc\u00e1ner Avision a su ordenador y editar sus documentos PDF o JPEG como si estuviera trabajando en papel en su escritorio. Esta es la soluci\u00f3n perfecta para su espacio de trabajo en casa u oficinas m\u00e1s peque\u00f1as. <\/p>\n<h3 class=\"a-spacing-small\"> Avision FB25 Esc\u00e1ner de cama plana <\/h3>\n<p class=\"apm-text-center\">\n                                                      <img decoding=\"async\" alt=\"Avision FB25 Esc\u00e1ner de cama plana\" src=\"https:\/\/images-na.ssl-images-amazon.com\/images\/G\/01\/x-locale\/common\/grey-pixel.gif\" class=\"a-lazy-loaded\" data-src=\"https:\/\/m.media-amazon.com\/images\/S\/aplus-media-library-service-media\/f6314d85-fbec-4efb-a36e-3faa60eab209.__CR0,16,305,305_PT0_SX220_V1___.jpg\"><img decoding=\"async\" alt=\"Avision FB25 Esc\u00e1ner de cama plana\" src=\"https:\/\/m.media-amazon.com\/images\/S\/aplus-media-library-service-media\/f6314d85-fbec-4efb-a36e-3faa60eab209.__CR0,16,305,305_PT0_SX220_V1___.jpg\">  <\/p>\n<p>                                                    Conductor profesional TWAIN                                     <\/p>\n<p class=\"a-size-small\"> Avisions TWAIN f\u00e1cil de usar <\/p>\n<p class=\"a-size-small\"> Conductor ofrece numerosos \u00fatiles <\/p>\n<p class=\"a-size-small\"> Funciones para optimizar la <\/p>\n<p class=\"a-size-small\"> Calidad de imagen y productividad. <\/p>\n<p class=\"apm-text-center\">\n                                                      <img decoding=\"async\" alt=\"Avision FB25 Cama plana Esc\u00e1ner\" src=\"https:\/\/images-na.ssl-images-amazon.com\/images\/G\/01\/x-locale\/common\/grey-pixel.gif\" class=\"a-lazy-loaded\" data-src=\"https:\/\/m.media-amazon.com\/images\/S\/aplus-media-library-service-media\/d2bf6999-7240-47bc-a388-b3b2c25ad3b8.__CR35,0,271,271_PT0_SX220_V1___.jpg\"><img decoding=\"async\" alt=\"Avision FB25 Cama plana Esc\u00e1ner\" src=\"https:\/\/m.media-amazon.com\/images\/S\/aplus-media-library-service-media\/d2bf6999-7240-47bc-a388-b3b2c25ad3b8.__CR35,0,271,271_PT0_SX220_V1___.jpg\">  <\/p>\n<p>                                                    Multistreaming                                     <\/p>\n<p class=\"a-size-small\"> Un solo escaneo permite digitalizar hasta tres im\u00e1genes en diferentes modos de escaneo. <\/p>\n<p class=\"apm-text-center\">\n                                                      <img decoding=\"async\" alt=\"Avision FB25 Cama plana Esc\u00e1ner\" src=\"https:\/\/images-na.ssl-images-amazon.com\/images\/G\/01\/x-locale\/common\/grey-pixel.gif\" class=\"a-lazy-loaded\" data-src=\"https:\/\/m.media-amazon.com\/images\/S\/aplus-media-library-service-media\/c864d97d-912b-46bc-bc68-54a92bee61ec.__CR38,0,317,317_PT0_SX220_V1___.jpg\"><img decoding=\"async\" alt=\"Avision FB25 Cama plana Esc\u00e1ner\" src=\"https:\/\/m.media-amazon.com\/images\/S\/aplus-media-library-service-media\/c864d97d-912b-46bc-bc68-54a92bee61ec.__CR38,0,317,317_PT0_SX220_V1___.jpg\">  <\/p>\n<p>                                                    Correcci\u00f3n de color                                     <\/p>\n<p class=\"a-size-small\"> Fidelidad del color de las im\u00e1genes escaneadas <\/p>\n<p class=\"a-size-small\"> ya con la configuraci\u00f3n predeterminada <\/p>\n<p class=\"a-size-small\"> (perfil ICC). <\/p>\n<p class=\"apm-text-center\">\n                                                      <img decoding=\"async\" alt=\"Avision FB25 Cama plana Esc\u00e1ner\" src=\"https:\/\/images-na.ssl-images-amazon.com\/images\/G\/01\/x-locale\/common\/grey-pixel.gif\" class=\"a-lazy-loaded\" data-src=\"https:\/\/m.media-amazon.com\/images\/S\/aplus-media-library-service-media\/76e77bed-8f70-41b1-ad8d-b07358093551.__CR1,0,389,389_PT0_SX220_V1___.jpg\"><img decoding=\"async\" alt=\"Avision FB25 Cama plana Esc\u00e1ner\" src=\"https:\/\/m.media-amazon.com\/images\/S\/aplus-media-library-service-media\/76e77bed-8f70-41b1-ad8d-b07358093551.__CR1,0,389,389_PT0_SX220_V1___.jpg\">  <\/p>\n<p>                                                    Invertir \/ Reflejar                                     <\/p>\n<p class=\"a-size-small\"> Invertir: Invertir el brillo y los colores. <\/p>\n<p class=\"a-size-small\"> Espejo: Invertir la derecha y <\/p>\n<p class=\"a-size-small\"> lado izquierdo de la imagen. <\/p>\n<h3 class=\"a-size-extra-large a-spacing-base a-text-center\"> Avision FB25 Esc\u00e1ner de cama plana <\/h3>\n<p>                                                        Velocidad de escaneo. A4 Col. 300 dpi)                                    1,5s 3,5s (incluye rebobinado )                                        Tecnolog\u00eda de escaneo                                    CIS                                        Fuente de luz                                    LED                                        Profundidad de color                                    48 bits de entrada\/24 bits de salida                                        Resoluci\u00f3n \u00f3ptica                                    1200 ppp                                        Tama\u00f1o de escaneo                                    M\u00e1x. 216 x 297 mm                                        Interfaz                                    USB 2.0 (cable incluido)                                        Controladores                                    TWAIN \/ WIA                                        Formatos de salida                                    BMB, JPG, GIF, PDF, MPDF, TIFF, MTIFF                                        Consumo de                                    Ready:&lt;16 | Sleep: &lt; 3,4 W | Apagado: &lt; 0,3 W                                        Escenario ac\u00fastico                                    En espera: &lt; 45 dB. Funcionamiento: &lt; 50 dB                                        Dimensiones\/Peso                                    284 x 401 x 44 mm\/1,8 kg                                        Escaneo diario recomendado                                    Hasta 2500 p\u00e1ginas                                        Interfaz                                    USB                                        Sistema operativo                                    Windows 11\/10\/8\/7                                        El paquete                                    Esc\u00e1ner, cable USB, gu\u00eda r\u00e1pida, controlador (TWAIN), PaperPort SE14                  <\/p>\n<p> Product Dimensions                                            \u200f                                            :                                            \u200e                                            43 x 35 x 8 cm; 2.53 kg   <br \/> Manufacturer                                            \u200f                                            :                                            \u200e                                            Avision   <br \/> ASIN                                            \u200f                                            :                                            \u200e                                            B0BL7PLH56   <br \/> Item model number                                            \u200f                                            :                                            \u200e                                            BF-2101B   <br \/> Guaranteed software updates until                                            \u200f                                            :                                            \u200e                                            unknown   <br \/>  Customer reviews:                                                                                            3.3               3.3 out of 5 stars                                  (9)                                              var dpAcrHasRegisteredArcLinkClickAction;                    P.when(&#8216;A&#8217;, &#8216;ready&#8217;).execute(function(A) {                        if (dpAcrHasRegisteredArcLinkClickAction !== true) {                            dpAcrHasRegisteredArcLinkClickAction = true;                            A.declarative(                                &#8216;acrLink-click-metrics&#8217;, &#8216;click&#8217;,                                { \u00aballowLinkDefault\u00bb: true },                                function (event) {                                    if (window.ue) {                                        ue.count(\u00abacrLinkClickCount\u00bb, (ue.count(\u00abacrLinkClickCount\u00bb) || 0) + 1);                                    }                                }                            );                        }                    });                                             P.when(&#8216;A&#8217;, &#8216;cf&#8217;).execute(function(A) {                A.declarative(&#8216;acrStarsLink-click-metrics&#8217;, &#8216;click&#8217;, { \u00aballowLinkDefault\u00bb : true },  function(event){                    if(window.ue) {                        ue.count(\u00abacrStarsLinkWithPopoverClickCount\u00bb, (ue.count(\u00abacrStarsLinkWithPopoverClickCount\u00bb) || 0) + 1);                    }                });            });                          <\/p>\n<p>Contact Image Sensor (CIS) &#8211; 1200dpi &#8211; USB 2.0 \/ &#8211; Compatible with: Win XP \/ Vista \/ Win 7 \/ Win 8 \/ Win 10 \/ Win 11<br \/>Scan an A4 page in just 1.5 seconds (A4 color, 300 dpi) 3.5 seconds with rewind<br \/>Scan size up to DIN A4 (216 x 297 mm)<br \/>The FB25 is equipped with a TWAIN driver and comes with PaperPort SE14 software.<br \/>File Formats: BMP, PNG, GIF, JPEG, Single Page PDF, PDF, Multi-TIFF, TIFF, RTF, TXT, OCR (iScan only), XPS, DOC, XLS, PPT, DOCS, XLSX, PPTX, HTML<\/p>\n\n","protected":false},"excerpt":{"rendered":"<p> From the manufacturer Avision FB25 &#8211; Esc\u00e1ner plano (fino, r\u00e1pido y eficiente) Avision FB25 Esc\u00e1ner<\/p>","protected":false},"featured_media":29105,"comment_status":"open","ping_status":"closed","template":"","meta":[],"product_brand":[],"product_cat":[60],"product_tag":[8497,1990,1960,2152,1982,1989,8498,2195,1983,1986,1987,8499,1984,1985,6363,840,1991,8500,8223,133,1988],"class_list":{"0":"post-29104","1":"product","2":"type-product","3":"status-publish","4":"has-post-thumbnail","6":"product_cat-scanners","7":"product_tag-avision","8":"product_tag-best-scanner","9":"product_tag-colour","10":"product_tag-controller","11":"product_tag-document-scanner","12":"product_tag-fast-document-scanner","13":"product_tag-fb25","14":"product_tag-flatbed","15":"product_tag-flatbed-scanner","16":"product_tag-high-resolution-scanner","17":"product_tag-office-scanner","18":"product_tag-paperport","19":"product_tag-photo-scanner","20":"product_tag-portable-scanner","21":"product_tag-ppp","22":"product_tag-scanner","23":"product_tag-scanner-price","24":"product_tag-se14","25":"product_tag-twain","26":"product_tag-usb","27":"product_tag-usb-scanner","29":"first","30":"instock","31":"shipping-taxable","32":"product-type-external"},"_links":{"self":[{"href":"https:\/\/comprasyconsejos.store\/en\/wp-json\/wp\/v2\/product\/29104","targetHints":{"allow":["GET"]}}],"collection":[{"href":"https:\/\/comprasyconsejos.store\/en\/wp-json\/wp\/v2\/product"}],"about":[{"href":"https:\/\/comprasyconsejos.store\/en\/wp-json\/wp\/v2\/types\/product"}],"replies":[{"embeddable":true,"href":"https:\/\/comprasyconsejos.store\/en\/wp-json\/wp\/v2\/comments?post=29104"}],"version-history":[{"count":0,"href":"https:\/\/comprasyconsejos.store\/en\/wp-json\/wp\/v2\/product\/29104\/revisions"}],"wp:featuredmedia":[{"embeddable":true,"href":"https:\/\/comprasyconsejos.store\/en\/wp-json\/wp\/v2\/media\/29105"}],"wp:attachment":[{"href":"https:\/\/comprasyconsejos.store\/en\/wp-json\/wp\/v2\/media?parent=29104"}],"wp:term":[{"taxonomy":"product_brand","embeddable":true,"href":"https:\/\/comprasyconsejos.store\/en\/wp-json\/wp\/v2\/product_brand?post=29104"},{"taxonomy":"product_cat","embeddable":true,"href":"https:\/\/comprasyconsejos.store\/en\/wp-json\/wp\/v2\/product_cat?post=29104"},{"taxonomy":"product_tag","embeddable":true,"href":"https:\/\/comprasyconsejos.store\/en\/wp-json\/wp\/v2\/product_tag?post=29104"}],"curies":[{"name":"wp","href":"https:\/\/api.w.org\/{rel}","templated":true}]}}