{"id":29200,"date":"2026-02-21T12:21:43","date_gmt":"2026-02-21T12:21:43","guid":{"rendered":"https:\/\/comprasyconsejos.store\/product\/kit-de-limpieza-profesional-de-camaras-dslr-de-kuuzuse-con-hisopos-de-limpieza-aps-c-panos-de-microfibra-pluma-de-limpieza-de-lentes-para-lentes-opticas-y-camaras-digitales-slr\/"},"modified":"2026-02-21T12:21:47","modified_gmt":"2026-02-21T12:21:47","slug":"kit-de-limpieza-profesional-de-camaras-dslr-de-kuuzuse-con-hisopos-de-limpieza-aps-c-panos-de-microfibra-pluma-de-limpieza-de-lentes-para-lentes-opticas-y-camaras-digitales-slr","status":"publish","type":"product","link":"https:\/\/comprasyconsejos.store\/en\/product\/kit-de-limpieza-profesional-de-camaras-dslr-de-kuuzuse-con-hisopos-de-limpieza-aps-c-panos-de-microfibra-pluma-de-limpieza-de-lentes-para-lentes-opticas-y-camaras-digitales-slr\/","title":{"rendered":"Kit de limpieza profesional de c\u00e1maras DSLR de KuuZuse con hisopos de limpieza APS-C, pa\u00f1os de microfibra, Pluma de limpieza de lentes, para lentes \u00f3pticas y c\u00e1maras digitales SLR"},"content":{"rendered":"<p>Price: <span style=\"color:#b12704\">\u20ac18.99<\/span><br \/><i><small>(as of Feb 21, 2026 12:21:44 UTC &#8211; <span class=\"wp_automatic_amazon_disclaimer\" title=\"Product prices and availability are accurate as of the date\/time indicated and are subject to change. Any price and availability information displayed on [relevant Amazon Site(s), as applicable] at the time of purchase will apply to the purchase of this product.\">Details<\/span>)<\/small><\/i><\/p>\n<p><a href=\"https:\/\/amazon.es\/dp\/B08SL4SM69?tag=man008-21\"><img decoding=\"async\" src=\"https:\/\/valvepress.s3.amazonaws.com\/imgs\/buy_now.png\"><\/a><br \/>\n<br \/>\n    <span>KuuZuse Professional Camera Cleaning Kit contains everything you need to keep your DSLR camera clean. It can also be used on your sensor, lens, phone and any other electronic products. <\/span><br \/><span>Notes: <\/span><br \/><span>1. Please turn off the power before cleaning the SLR camera. <\/span><br \/><span>2. The cleaner should not be sprayed directly onto the lens. Spray the liquid on the cleaning cloth and then wipe it. <\/span><br \/><span>3. When using the lens cleaning pens to clean the lens, make sure to keep the lens dry and there is no water on the surface. <\/span><br \/><span>Package includes: <\/span><br \/><span>1 x 30ml Lens Cleaner Solution <\/span><br \/><span>1 x Air Blower <\/span><br \/><span>1 x Double Sided Lens Cleaning Pen <\/span><br \/><span>1 x Cleaning Brush <\/span><br \/><span>1 x Microfiber Cleaning Cloth (9&#8243; x 9&#8243;) <\/span><br \/><span>1 x Microfiber Cleaning Cloth (6&#8243; x 6&#8243;) <\/span><br \/><span>5 x Dehydration Sponge <\/span><br \/><span>4 x 16mm Sensor Cleaning Swabs <\/span><br \/><span>1 x 24mm Sensor Cleaning Swab <\/span><br \/><span>1 x KuuZuse Carry Bag <\/span><br \/> Package Dimensions                                            \u200f                                            :                                            \u200e                                            15.7 x 10.7 x 4.9 cm; 210 g   <br \/> Date First Available                                            \u200f                                            :                                            \u200e                                            17 Jan. 2021   <br \/> Manufacturer                                            \u200f                                            :                                            \u200e                                            KuuZuse   <br \/> ASIN                                            \u200f                                            :                                            \u200e                                            B08SL4SM69   <br \/> Item model number                                            \u200f                                            :                                            \u200e                                            KU-2102   <br \/> Guaranteed software updates until                                            \u200f                                            :                                            \u200e                                            unknown   <br \/>       Best Sellers Rank:  20 in Photo Cleaning Kits       <br \/>  Customer reviews:                                                                                            4.5               4.5 out of 5 stars                                  (2,059)                                              var dpAcrHasRegisteredArcLinkClickAction;                    P.when(&#8216;A&#8217;, &#8216;ready&#8217;).execute(function(A) {                        if (dpAcrHasRegisteredArcLinkClickAction !== true) {                            dpAcrHasRegisteredArcLinkClickAction = true;                            A.declarative(                                &#8216;acrLink-click-metrics&#8217;, &#8216;click&#8217;,                                { \u00aballowLinkDefault\u00bb: true },                                function (event) {                                    if (window.ue) {                                        ue.count(\u00abacrLinkClickCount\u00bb, (ue.count(\u00abacrLinkClickCount\u00bb) || 0) + 1);                                    }                                }                            );                        }                    });                                             P.when(&#8216;A&#8217;, &#8216;cf&#8217;).execute(function(A) {                A.declarative(&#8216;acrStarsLink-click-metrics&#8217;, &#8216;click&#8217;, { \u00aballowLinkDefault\u00bb : true },  function(event){                    if(window.ue) {                        ue.count(\u00abacrStarsLinkWithPopoverClickCount\u00bb, (ue.count(\u00abacrStarsLinkWithPopoverClickCount\u00bb) || 0) + 1);                    }                });            });                          <\/p>\n<p>\u3010Professional Limpieza de la c\u00e1mara Kit\u3011: 1 x Soluci\u00f3n Limpiadora de Lentes de 30ml, 1 x Soplador de Aire, 1 x Bol\u00edgrafo Limpiador de Lentes de Doble Cara, 1 x Cepillo Limpiador, 1 x Pa\u00f1o Limpiador de Microfibra(9in*9in), 1 x Pa\u00f1o Limpiador de Microfibra(6in*6in)\uff0c5 x Esponjas de Depuraci\u00f3n, 4 x 16mm Esponjas Limpiadoras de Sensores, 1 x 24mm Esponjas Limpiadoras de Sensores, 1 x Bolsa de Transporte KuuZuse.<br \/>\u3010Sensor Limpieza Swabs\u3011: Se utiliza en combinaci\u00f3n con el l\u00edquido limpiador de lentes para eliminar de forma segura cualquier suciedad y restos de su sensor de la c\u00e1mara APC-S.Compatible con el sensor APS-C.<br \/>\u3010Double Limpieza de lentes laterales Pen\u3011: Esta herramienta tiene un cepillo para el polvo en un lado y un elemento de limpieza especial no l\u00edquido en el otro lado, que est\u00e1 dise\u00f1ado para no secarse nunca.<br \/>\u3010Microfiber Cloth\u3011: Material s\u00faper suave seguro para eliminar f\u00e1cilmente el polvo, las part\u00edculas y las manchas invisibles de las c\u00e1maras y las lentes sin dejar ara\u00f1azos, rayas o rastros.<br \/>\u3010Suitable Para todos Needs\u3011: Seguro para toda la electr\u00f3nica, lentes y sensores revestidos. Para limpiar aceite, huellas, manchas y suciedad de las lentes de las c\u00e1maras, microscopios, telescopios, gafas y otros lentes \u00f3pticos de precisi\u00f3n.<\/p>\n\n","protected":false},"excerpt":{"rendered":"<p> KuuZuse Professional Camera Cleaning Kit contains everything you need to keep your DSLR camera clean.<\/p>","protected":false},"featured_media":29201,"comment_status":"open","ping_status":"closed","template":"","meta":[],"product_brand":[],"product_cat":[96],"product_tag":[1858,2158,8512,1859,1861,3994,1854,8520,2503,1855,8514,1539,8513,8518,8510,8516,1856,8519,8515,3954,1863,8517,8511,1860,7021,1862,1857],"class_list":{"0":"post-29200","1":"product","2":"type-product","3":"status-publish","4":"has-post-thumbnail","6":"product_cat-photo-video","7":"product_tag-action-cameras","8":"product_tag-apsc","9":"product_tag-camaras","10":"product_tag-camera-accessories","11":"product_tag-camera-lenses","12":"product_tag-con","13":"product_tag-digital-cameras","14":"product_tag-digitales","15":"product_tag-dslr","16":"product_tag-dslr-cameras","17":"product_tag-hisopos","18":"product_tag-kit","19":"product_tag-kuuzuse","20":"product_tag-lentes","21":"product_tag-limpieza","22":"product_tag-microfibra","23":"product_tag-mirrorless-cameras","24":"product_tag-opticas","25":"product_tag-panos","26":"product_tag-para","27":"product_tag-photo-equipment","28":"product_tag-pluma","29":"product_tag-profesional","30":"product_tag-professional-camera","31":"product_tag-slr","32":"product_tag-tripods","33":"product_tag-video-cameras","35":"first","36":"instock","37":"shipping-taxable","38":"product-type-external"},"_links":{"self":[{"href":"https:\/\/comprasyconsejos.store\/en\/wp-json\/wp\/v2\/product\/29200","targetHints":{"allow":["GET"]}}],"collection":[{"href":"https:\/\/comprasyconsejos.store\/en\/wp-json\/wp\/v2\/product"}],"about":[{"href":"https:\/\/comprasyconsejos.store\/en\/wp-json\/wp\/v2\/types\/product"}],"replies":[{"embeddable":true,"href":"https:\/\/comprasyconsejos.store\/en\/wp-json\/wp\/v2\/comments?post=29200"}],"version-history":[{"count":0,"href":"https:\/\/comprasyconsejos.store\/en\/wp-json\/wp\/v2\/product\/29200\/revisions"}],"wp:featuredmedia":[{"embeddable":true,"href":"https:\/\/comprasyconsejos.store\/en\/wp-json\/wp\/v2\/media\/29201"}],"wp:attachment":[{"href":"https:\/\/comprasyconsejos.store\/en\/wp-json\/wp\/v2\/media?parent=29200"}],"wp:term":[{"taxonomy":"product_brand","embeddable":true,"href":"https:\/\/comprasyconsejos.store\/en\/wp-json\/wp\/v2\/product_brand?post=29200"},{"taxonomy":"product_cat","embeddable":true,"href":"https:\/\/comprasyconsejos.store\/en\/wp-json\/wp\/v2\/product_cat?post=29200"},{"taxonomy":"product_tag","embeddable":true,"href":"https:\/\/comprasyconsejos.store\/en\/wp-json\/wp\/v2\/product_tag?post=29200"}],"curies":[{"name":"wp","href":"https:\/\/api.w.org\/{rel}","templated":true}]}}