{"id":29227,"date":"2026-02-21T12:39:46","date_gmt":"2026-02-21T12:39:46","guid":{"rendered":"https:\/\/comprasyconsejos.store\/product\/512gb-nvme-ssd-pcie-gen3-0x4-internal-hard-drive-for-read-and-write-up-to-2100mb-s-nvme-3d-nand-technology-for-mac-air-2013-2017-mac-pro-2013-2016-mac-mini-2014-imac-2012-2018\/"},"modified":"2026-02-21T12:39:47","modified_gmt":"2026-02-21T12:39:47","slug":"512gb-nvme-ssd-pcie-gen3-0x4-internal-hard-drive-for-read-and-write-up-to-2100mb-s-nvme-3d-nand-technology-for-mac-air-2013-2017-mac-pro-2013-2016-mac-mini-2014-imac-2012-2018","status":"publish","type":"product","link":"https:\/\/comprasyconsejos.store\/en\/product\/512gb-nvme-ssd-pcie-gen3-0x4-internal-hard-drive-for-read-and-write-up-to-2100mb-s-nvme-3d-nand-technology-for-mac-air-2013-2017-mac-pro-2013-2016-mac-mini-2014-imac-2012-2018\/","title":{"rendered":"512GB NVMe SSD PCIe gen3.0x4 Internal Hard Drive for Read and Write up to 2100MB\/s, NVMe 3D NAND Technology, for Mac Air 2013-2017, Mac Pro 2013-2016, Mac Mini 2014, iMac 2012-2018"},"content":{"rendered":"<p>Price: <span style=\"color:#b12704\">\u20ac120.50<\/span><br \/><i><small>(as of Feb 21, 2026 12:39:46 UTC &#8211; <span class=\"wp_automatic_amazon_disclaimer\" title=\"Product prices and availability are accurate as of the date\/time indicated and are subject to change. Any price and availability information displayed on [relevant Amazon Site(s), as applicable] at the time of purchase will apply to the purchase of this product.\">Details<\/span>)<\/small><\/i><\/p>\n<p><a href=\"https:\/\/amazon.es\/dp\/B0DTTK96JX?tag=man008-21\"><img decoding=\"async\" src=\"https:\/\/valvepress.s3.amazonaws.com\/imgs\/buy_now.png\"><\/a><br \/>\n<\/p>\n<p>                                             From the brand   <\/p>\n<p>                                              <img decoding=\"async\" alt=\"aplus content image\" src=\"https:\/\/images-na.ssl-images-amazon.com\/images\/G\/01\/x-locale\/common\/grey-pixel.gif\" class=\"a-lazy-loaded\" data-src=\"https:\/\/m.media-amazon.com\/images\/S\/aplus-media-library-service-media\/bd1f360f-2321-489a-aaad-82d94617141a.__CR0,0,1464,625_PT0_SX1464_V1___.jpg\"><img decoding=\"async\" alt=\"aplus content image\" src=\"https:\/\/m.media-amazon.com\/images\/S\/aplus-media-library-service-media\/bd1f360f-2321-489a-aaad-82d94617141a.__CR0,0,1464,625_PT0_SX1464_V1___.jpg\">  <\/p>\n<p>                                              <img decoding=\"async\" alt=\"\" src=\"https:\/\/images-na.ssl-images-amazon.com\/images\/G\/01\/x-locale\/common\/grey-pixel.gif\" class=\"a-lazy-loaded\" data-src=\"https:\/\/m.media-amazon.com\/images\/S\/aplus-media-library-service-media\/7907de91-6ded-49b8-babb-6c5cecf05020.__CR0,0,315,145_PT0_SX315_V1___.jpg\"><img decoding=\"async\" alt=\"\" src=\"https:\/\/m.media-amazon.com\/images\/S\/aplus-media-library-service-media\/7907de91-6ded-49b8-babb-6c5cecf05020.__CR0,0,315,145_PT0_SX315_V1___.jpg\">  <\/p>\n<h3> Sobre nosotros <\/h3>\n<\/p>\n<p>Pionero en la tecnolog\u00eda de transmisi\u00f3n de estado s\u00f3lido.21 a\u00f1os de dise\u00f1o y fabricaci\u00f3n de soluciones de almacenamiento de vanguardia.Opera en m\u00e1s de 80 pa\u00edses.Comprometidos con la sostenibilidad y la innovaci\u00f3n.     <\/p>\n<h3> OSCOO <\/h3>\n<h3> OSCOO <\/h3>\n<p> Product Dimensions                                            \u200f                                            :                                            \u200e                                            8.9 x 2.4 x 0.2 cm; 6.09 g   <br \/> Manufacturer                                            \u200f                                            :                                            \u200e                                            OSCOO   <br \/> ASIN                                            \u200f                                            :                                            \u200e                                            B0DTTK96JX   <br \/> Item model number                                            \u200f                                            :                                            \u200e                                            ON900A   <br \/> Guaranteed software updates until                                            \u200f                                            :                                            \u200e                                            unknown   <br \/>  Customer reviews:                                                                                            4.3               4.3 out of 5 stars                                  (121)                                              var dpAcrHasRegisteredArcLinkClickAction;                    P.when(&#8216;A&#8217;, &#8216;ready&#8217;).execute(function(A) {                        if (dpAcrHasRegisteredArcLinkClickAction !== true) {                            dpAcrHasRegisteredArcLinkClickAction = true;                            A.declarative(                                &#8216;acrLink-click-metrics&#8217;, &#8216;click&#8217;,                                { \u00aballowLinkDefault\u00bb: true },                                function (event) {                                    if (window.ue) {                                        ue.count(\u00abacrLinkClickCount\u00bb, (ue.count(\u00abacrLinkClickCount\u00bb) || 0) + 1);                                    }                                }                            );                        }                    });                                             P.when(&#8216;A&#8217;, &#8216;cf&#8217;).execute(function(A) {                A.declarative(&#8216;acrStarsLink-click-metrics&#8217;, &#8216;click&#8217;, { \u00aballowLinkDefault\u00bb : true },  function(event){                    if(window.ue) {                        ue.count(\u00abacrStarsLinkWithPopoverClickCount\u00bb, (ue.count(\u00abacrStarsLinkWithPopoverClickCount\u00bb) || 0) + 1);                    }                });            });                          <\/p>\n<p>RELIABLE &#038; DURABLE PERFORMANCE &#8211; SSDs have passed rigorous MTD testing to ensure over 1.5 million MTD hours with extremely low deviations and increased durability. Delivers stable and long-lasting performance, ideal for creative projects and system expansion.<br \/>Best NVMe Performance &#8211; NVMe PCIe gen3.0x4 SSD memory capacity reaches: read speeds of 2000MB\/s, 1600MB\/s write speeds and IOPS up to 1000K to instantly reduce latency of your Mac and accelerate aging of large files and applications.<br \/>A New Generation of NAND Technology &#038; Energy Efficiency &#8211; This PCIe 3.0&#215;4 NVMe SSD comes with advanced 3D NAND flash memory and high-performance master chip controller. This SSD has great impact resistance, efficient thermal energy management, ideal for long-term use.<br \/>Professional data protection: This PCIe gen3.0x4 internal hard drive is integrated with LDPC&#038;ECC technology, aes-256 encryption, TRIM, S.M.A.R.T technology and analytics algorithm to ensure performance stability, data integrity and long-term sustainability.<br \/>READY TO USE &#8211; Compatible with Mac Air models A1369 (2015, 2013-2014), A1465 (2013-2015), A1466 (2013-2017); Mac Pro Retina models A1502 (2013-2016) and A1398 (2013-2016) 13-20 15); For Mac mini (A1347 2014); For Mac Pro (A1481 2013); And the iMac (A1418, A1419 2012-2018). Enter data and transfer it instantly.<\/p>\n\n","protected":false},"excerpt":{"rendered":"<p> From the brand Sobre nosotros Pionero en la tecnolog\u00eda de transmisi\u00f3n de estado s\u00f3lido.21 a\u00f1os<\/p>","protected":false},"featured_media":29228,"comment_status":"open","ping_status":"closed","template":"","meta":[],"product_brand":[],"product_cat":[81],"product_tag":[1455,5890,536,1457,216,1468,795,1461,8529,794,965,1120,1459,774,215,1644,822,1452,624,1465,163,1726,1463,513,1466,385,3508],"class_list":{"0":"post-29227","1":"product","2":"type-product","3":"status-publish","4":"has-post-thumbnail","6":"product_cat-ssd-drive","7":"product_tag-1tb-ssd","8":"product_tag-2100mbs","9":"product_tag-512gb","10":"product_tag-512gb-ssd","11":"product_tag-air","12":"product_tag-best-ssd","13":"product_tag-drive","14":"product_tag-gaming-ssd","15":"product_tag-gen3-0x4","16":"product_tag-hard","17":"product_tag-imac","18":"product_tag-internal","19":"product_tag-m-2-ssd","20":"product_tag-mac","21":"product_tag-mini","22":"product_tag-nand","23":"product_tag-nvme","24":"product_tag-nvme-ssd","25":"product_tag-pcie","26":"product_tag-portable-ssd","27":"product_tag-pro","28":"product_tag-read","29":"product_tag-sata-ssd","30":"product_tag-ssd","31":"product_tag-ssd-price","32":"product_tag-technology","33":"product_tag-write","35":"first","36":"instock","37":"shipping-taxable","38":"product-type-external"},"_links":{"self":[{"href":"https:\/\/comprasyconsejos.store\/en\/wp-json\/wp\/v2\/product\/29227","targetHints":{"allow":["GET"]}}],"collection":[{"href":"https:\/\/comprasyconsejos.store\/en\/wp-json\/wp\/v2\/product"}],"about":[{"href":"https:\/\/comprasyconsejos.store\/en\/wp-json\/wp\/v2\/types\/product"}],"replies":[{"embeddable":true,"href":"https:\/\/comprasyconsejos.store\/en\/wp-json\/wp\/v2\/comments?post=29227"}],"version-history":[{"count":0,"href":"https:\/\/comprasyconsejos.store\/en\/wp-json\/wp\/v2\/product\/29227\/revisions"}],"wp:featuredmedia":[{"embeddable":true,"href":"https:\/\/comprasyconsejos.store\/en\/wp-json\/wp\/v2\/media\/29228"}],"wp:attachment":[{"href":"https:\/\/comprasyconsejos.store\/en\/wp-json\/wp\/v2\/media?parent=29227"}],"wp:term":[{"taxonomy":"product_brand","embeddable":true,"href":"https:\/\/comprasyconsejos.store\/en\/wp-json\/wp\/v2\/product_brand?post=29227"},{"taxonomy":"product_cat","embeddable":true,"href":"https:\/\/comprasyconsejos.store\/en\/wp-json\/wp\/v2\/product_cat?post=29227"},{"taxonomy":"product_tag","embeddable":true,"href":"https:\/\/comprasyconsejos.store\/en\/wp-json\/wp\/v2\/product_tag?post=29227"}],"curies":[{"name":"wp","href":"https:\/\/api.w.org\/{rel}","templated":true}]}}