{"id":29233,"date":"2026-02-21T12:45:41","date_gmt":"2026-02-21T12:45:41","guid":{"rendered":"https:\/\/comprasyconsejos.store\/product\/sharkoon-silentstorm-sfx-gold-500w-12cm-80-plus-goldfully-modular\/"},"modified":"2026-02-21T12:45:43","modified_gmt":"2026-02-21T12:45:43","slug":"sharkoon-silentstorm-sfx-gold-500w-12cm-80-plus-goldfully-modular","status":"publish","type":"product","link":"https:\/\/comprasyconsejos.store\/en\/product\/sharkoon-silentstorm-sfx-gold-500w-12cm-80-plus-goldfully-modular\/","title":{"rendered":"SHARKOON SilentStorm SFX Gold 500W 12cm 80 PLUS GoldFully-Modular"},"content":{"rendered":"<p>Price: <span style=\"color:#b12704\">\u20ac121.96<\/span><br \/><i><small>(as of Feb 21, 2026 12:45:41 UTC &#8211; <span class=\"wp_automatic_amazon_disclaimer\" title=\"Product prices and availability are accurate as of the date\/time indicated and are subject to change. Any price and availability information displayed on [relevant Amazon Site(s), as applicable] at the time of purchase will apply to the purchase of this product.\">Details<\/span>)<\/small><\/i><\/p>\n<p><a href=\"https:\/\/amazon.es\/dp\/B00W4IVXFW?tag=man008-21\"><img decoding=\"async\" src=\"https:\/\/valvepress.s3.amazonaws.com\/imgs\/buy_now.png\"><\/a><br \/>\n<\/p>\n<p>                                             From the manufacturer   <\/p>\n<p>                                                  <img decoding=\"async\" alt=\"S\" src=\"https:\/\/images-na.ssl-images-amazon.com\/images\/G\/01\/x-locale\/common\/grey-pixel.gif\" class=\"a-lazy-loaded\" data-src=\"https:\/\/m.media-amazon.com\/images\/S\/aplus-media\/vc\/fec8fab1-9769-4289-a2cd-921202da1ec9._CR0,0,970,300_PT0_SX970__.png\"><img decoding=\"async\" alt=\"S\" src=\"https:\/\/m.media-amazon.com\/images\/S\/aplus-media\/vc\/fec8fab1-9769-4289-a2cd-921202da1ec9._CR0,0,970,300_PT0_SX970__.png\">  <\/p>\n<p>                                                      <img decoding=\"async\" alt=\"S\" src=\"https:\/\/images-na.ssl-images-amazon.com\/images\/G\/01\/x-locale\/common\/grey-pixel.gif\" class=\"a-spacing-mini a-lazy-loaded\" data-src=\"https:\/\/m.media-amazon.com\/images\/S\/aplus-media\/vc\/a5141dc8-ba07-4215-a748-ac3eabe91433._CR0,0,300,300_PT0_SX300__.jpg\"><img decoding=\"async\" alt=\"S\" src=\"https:\/\/m.media-amazon.com\/images\/S\/aplus-media\/vc\/a5141dc8-ba07-4215-a748-ac3eabe91433._CR0,0,300,300_PT0_SX300__.jpg\">  <\/p>\n<p>                                                                                          Fuente de alimentaci\u00f3n SFX con certificaci\u00f3n \u00ab80 PLUS Gold\u00bb                                      <\/p>\n<p class=\"a-spacing-base\"> El SilentStorm SFX Gold 500W es una fuente de alimentaci\u00f3n SFX certificada \u00ab80 PLUS Gold\u00bb. Ofrece una incre\u00edble eficiencia de m\u00e1s del 90% al 50% de la carga y re\u00fane todos los estrictos requisitos 80 PLUS de la iniciativa \u00abPLUG LOAD SOLUTIONS\u00bb. Las dimensiones completas del compacto ofrecen tan s\u00f3lo 130 x 125 x 63 mm de tama\u00f1o. Se pueden instalar fuentes de alimentaci\u00f3n en cajas convencionales ATX usando el adjunto adaptador de montaje ATX. <\/p>\n<p class=\"a-spacing-base\"> *Compatible con Intel HASWELL CPUs. <\/p>\n<p>                                           Gran conectividad                                      <\/p>\n<p class=\"a-spacing-base\"> Gracias al sistema de cable modular s\u00f3lo se usan los cables necesarios en el PC. Para la configuraci\u00f3n de sistemas modernos hay una fuente de alimentaci\u00f3n de 500 vatios con 2 conectores de alimentaci\u00f3n PCIe 6+2 pines para tarjetas gr\u00e1ficas de alto rendimiento. Adem\u00e1s del CPU y los conectores est\u00e1ndar de la placa base, ofrece cuatro SATA, dos IDE y un conector de alimentaci\u00f3n Floppy (flexible). <\/p>\n<p>                                                         General                                        Certificaci\u00f3n 80 PLUS: Gold       Factor de forma: SFX-L       Potencia cont\u00ednua: 500 Watt       Haswell preparado       En conformidad con ErP       PFC activo       Garant\u00eda: 3 a\u00f1os       Tecnolog\u00eda: AC\/DC       <\/p>\n<p>                                                      <img decoding=\"async\" alt=\"sfx\" src=\"https:\/\/images-na.ssl-images-amazon.com\/images\/G\/01\/x-locale\/common\/grey-pixel.gif\" class=\"a-spacing-mini a-lazy-loaded\" data-src=\"https:\/\/m.media-amazon.com\/images\/S\/aplus-media\/vc\/d77d5288-c56d-4990-bbb5-a2a298e392d3._CR0,0,300,300_PT0_SX300__.jpg\"><img decoding=\"async\" alt=\"sfx\" src=\"https:\/\/m.media-amazon.com\/images\/S\/aplus-media\/vc\/d77d5288-c56d-4990-bbb5-a2a298e392d3._CR0,0,300,300_PT0_SX300__.jpg\">  <\/p>\n<p>                                                                                          Refrigeraci\u00f3n efectiva y tranquila                                     <\/p>\n<p class=\"a-spacing-base\"> El ruido operativo de la fuente de alimentaci\u00f3n se ve reducido eficazmente por medio de un ventilador de 120 mm y es especialmente adecuado para amantes de PCs silenciosos que no quieren perderse una fuente de alimentaci\u00f3n potente. <\/p>\n<p>                                           Protecci\u00f3n garantizada                                      <\/p>\n<p class=\"a-spacing-base\"> El SilentStorm SFX Gold 500W presenta protecci\u00f3n contra sobrecorriente,\u00a0sobretemperatura, sobrecarga, sobretensi\u00f3n, subtensi\u00f3n y cortocircuito. El per\u00edodo de garant\u00eda es de tres a\u00f1os. El SilentStorm SFX Gold 500W tambi\u00e9n incluye certificaci\u00f3n actual energ\u00e9tica y cumple con los est\u00e1ndares medioambientales. <\/p>\n<p>                                                         General                                        Durabilidad: M\u00edn. 100.000 horas       Temperatura operativa: 0 \u00b0C &#8211; 40 \u00b0C       Consumo de energ\u00eda en modo de espera: M\u00e1x. 0,3 W       Peso incl. cables fijos: 1,1 kg       Dimensiones (L x An x Al): 130 x 125 x 63 mm       Configuraci\u00f3n del cable: Totalmente modular       Tama\u00f1o del ventilador: 120 mm       <\/p>\n<p> Batteries                                            \u200f                                            :                                            \u200e                                            1 Lithium Ion batteries required.   <br \/> Is discontinued by manufacturer                                            \u200f                                            :                                            \u200e                                            No   <br \/> Language                                            \u200f                                            :                                            \u200e                                            English, English, English, English   <br \/> Product Dimensions                                            \u200f                                            :                                            \u200e                                            12.5 x 13 x 6.3 cm; 798 g   <br \/> Manufacturer                                            \u200f                                            :                                            \u200e                                            SHARKOON   <br \/> ASIN                                            \u200f                                            :                                            \u200e                                            B00W4IVXFW   <br \/> Item model number                                            \u200f                                            :                                            \u200e                                            4044951016419   <br \/> Country of origin                                            \u200f                                            :                                            \u200e                                            China   <br \/> Guaranteed software updates until                                            \u200f                                            :                                            \u200e                                            unknown   <br \/>  Customer reviews:                                                                                            4.6               4.6 out of 5 stars                                  (2,250)                                              var dpAcrHasRegisteredArcLinkClickAction;                    P.when(&#8216;A&#8217;, &#8216;ready&#8217;).execute(function(A) {                        if (dpAcrHasRegisteredArcLinkClickAction !== true) {                            dpAcrHasRegisteredArcLinkClickAction = true;                            A.declarative(                                &#8216;acrLink-click-metrics&#8217;, &#8216;click&#8217;,                                { \u00aballowLinkDefault\u00bb: true },                                function (event) {                                    if (window.ue) {                                        ue.count(\u00abacrLinkClickCount\u00bb, (ue.count(\u00abacrLinkClickCount\u00bb) || 0) + 1);                                    }                                }                            );                        }                    });                                             P.when(&#8216;A&#8217;, &#8216;cf&#8217;).execute(function(A) {                A.declarative(&#8216;acrStarsLink-click-metrics&#8217;, &#8216;click&#8217;, { \u00aballowLinkDefault\u00bb : true },  function(event){                    if(window.ue) {                        ue.count(\u00abacrStarsLinkWithPopoverClickCount\u00bb, (ue.count(\u00abacrStarsLinkWithPopoverClickCount\u00bb) || 0) + 1);                    }                });            });                          <\/p>\n<p>Cpu: support intel haswell cpus<br \/>HIGH EFFICIENCY &#8211; This fountain is certified \u00ab80 plus gold\u00bb and meets all requirements with an efficiency of at least 90% to 50% of the load, and 87% to 20% and 100% of the load, respectively<br \/>Cable management: The source provides a modular cable system, so only the necessary cables are connected<br \/>pcie connectors: comes equipped with two pcie 6+2 pin connectors<br \/>Other features: 3 year warranty; 120 mm fan for noise reduction; eco-friendly; also includes power cable, cable sleeve, set with screws, cable ties, ATX frame and instructions<\/p>\n\n","protected":false},"excerpt":{"rendered":"<p> From the manufacturer Fuente de alimentaci\u00f3n SFX con certificaci\u00f3n \u00ab80 PLUS Gold\u00bb El SilentStorm SFX<\/p>","protected":false},"featured_media":29234,"comment_status":"open","ping_status":"closed","template":"","meta":[],"product_brand":[],"product_cat":[79],"product_tag":[6833,5895,1488,1490,1495,1499,1500,1494,401,8532,1492,1498,1485,824,4310,8530,8531],"class_list":{"0":"post-29233","1":"product","2":"type-product","3":"status-publish","4":"has-post-thumbnail","6":"product_cat-pc-power-supply-unit","7":"product_tag-12cm","8":"product_tag-500w","9":"product_tag-650w-psu","10":"product_tag-750w-psu","11":"product_tag-80-plus-gold-psu","12":"product_tag-best-psu","13":"product_tag-computer-power-unit","14":"product_tag-gaming-power-supply","15":"product_tag-gold","16":"product_tag-goldfullymodular","17":"product_tag-modular-psu","18":"product_tag-pc-power-supply-price","19":"product_tag-power-supply","20":"product_tag-psu","21":"product_tag-sfx","22":"product_tag-sharkoon","23":"product_tag-silentstorm","25":"first","26":"instock","27":"shipping-taxable","28":"product-type-external"},"_links":{"self":[{"href":"https:\/\/comprasyconsejos.store\/en\/wp-json\/wp\/v2\/product\/29233","targetHints":{"allow":["GET"]}}],"collection":[{"href":"https:\/\/comprasyconsejos.store\/en\/wp-json\/wp\/v2\/product"}],"about":[{"href":"https:\/\/comprasyconsejos.store\/en\/wp-json\/wp\/v2\/types\/product"}],"replies":[{"embeddable":true,"href":"https:\/\/comprasyconsejos.store\/en\/wp-json\/wp\/v2\/comments?post=29233"}],"version-history":[{"count":0,"href":"https:\/\/comprasyconsejos.store\/en\/wp-json\/wp\/v2\/product\/29233\/revisions"}],"wp:featuredmedia":[{"embeddable":true,"href":"https:\/\/comprasyconsejos.store\/en\/wp-json\/wp\/v2\/media\/29234"}],"wp:attachment":[{"href":"https:\/\/comprasyconsejos.store\/en\/wp-json\/wp\/v2\/media?parent=29233"}],"wp:term":[{"taxonomy":"product_brand","embeddable":true,"href":"https:\/\/comprasyconsejos.store\/en\/wp-json\/wp\/v2\/product_brand?post=29233"},{"taxonomy":"product_cat","embeddable":true,"href":"https:\/\/comprasyconsejos.store\/en\/wp-json\/wp\/v2\/product_cat?post=29233"},{"taxonomy":"product_tag","embeddable":true,"href":"https:\/\/comprasyconsejos.store\/en\/wp-json\/wp\/v2\/product_tag?post=29233"}],"curies":[{"name":"wp","href":"https:\/\/api.w.org\/{rel}","templated":true}]}}