{"id":29278,"date":"2026-02-21T13:13:02","date_gmt":"2026-02-21T13:13:02","guid":{"rendered":"https:\/\/comprasyconsejos.store\/product\/soundcore-q20i-wireless-bluetooth-headphones-with-hybrid-active-noise-cancelling-by-anker-40-hour-anc-playback-hi-res-audio-customization-via-app-transparency-mode-deep-bass\/"},"modified":"2026-02-21T13:13:07","modified_gmt":"2026-02-21T13:13:07","slug":"soundcore-q20i-wireless-bluetooth-headphones-with-hybrid-active-noise-cancelling-by-anker-40-hour-anc-playback-hi-res-audio-customization-via-app-transparency-mode-deep-bass","status":"publish","type":"product","link":"https:\/\/comprasyconsejos.store\/en\/product\/soundcore-q20i-wireless-bluetooth-headphones-with-hybrid-active-noise-cancelling-by-anker-40-hour-anc-playback-hi-res-audio-customization-via-app-transparency-mode-deep-bass\/","title":{"rendered":"Soundcore Q20i Wireless Bluetooth Headphones with Hybrid Active Noise Cancelling by Anker, 40 Hour ANC Playback, Hi-Res Audio, Customization via App, Transparency Mode, Deep Bass"},"content":{"rendered":"<p>Price: <span style=\"color:#b12704\"><del>\u20ac49.99<\/del> - \u20ac37.99<\/span><br \/><i><small>(as of Feb 21, 2026 13:13:02 UTC &#8211; <span class=\"wp_automatic_amazon_disclaimer\" title=\"Product prices and availability are accurate as of the date\/time indicated and are subject to change. Any price and availability information displayed on [relevant Amazon Site(s), as applicable] at the time of purchase will apply to the purchase of this product.\">Details<\/span>)<\/small><\/i><\/p>\n<p><a href=\"https:\/\/amazon.es\/dp\/B0C3HCD34R?tag=man008-21\"><img decoding=\"async\" src=\"https:\/\/valvepress.s3.amazonaws.com\/imgs\/buy_now.png\"><\/a><br \/>\n<\/p>\n<p>                                             From the brand   <\/p>\n<p>                                              <img decoding=\"async\" alt=\"Fondo azul degradado con texto blanco \u00abSOUND ON\u00bb. MOVE ON.\u00bb y un icono circular que contiene una forma estilizada de auriculares\" src=\"https:\/\/images-na.ssl-images-amazon.com\/images\/G\/01\/x-locale\/common\/grey-pixel.gif\" class=\"a-lazy-loaded\" data-src=\"https:\/\/m.media-amazon.com\/images\/S\/aplus-media-library-service-media\/dbb5db5b-00be-4696-a1ea-c73ac502d839.__CR0,0,1464,625_PT0_SX1464_V1___.jpeg\"><img decoding=\"async\" alt=\"Fondo azul degradado con texto blanco \u00abSOUND ON\u00bb. MOVE ON.\u00bb y un icono circular que contiene una forma estilizada de auriculares\" src=\"https:\/\/m.media-amazon.com\/images\/S\/aplus-media-library-service-media\/dbb5db5b-00be-4696-a1ea-c73ac502d839.__CR0,0,1464,625_PT0_SX1464_V1___.jpeg\">  <\/p>\n<p>                                              <img decoding=\"async\" alt=\"Imagen de texto en espa\u00f1ol que describe a Soundcore, una empresa fundada en 2017. Describe su enfoque en las experiencias de audio centradas en el consumidor y en mejorar la calidad de vida a trav\u00e9s del\" src=\"https:\/\/images-na.ssl-images-amazon.com\/images\/G\/01\/x-locale\/common\/grey-pixel.gif\" class=\"a-lazy-loaded\" data-src=\"https:\/\/m.media-amazon.com\/images\/S\/aplus-media-library-service-media\/47fcf52c-3776-492f-b466-8590cf76868e.__CR0,0,362,453_PT0_SX362_V1___.jpg\"><img decoding=\"async\" alt=\"Imagen de texto en espa\u00f1ol que describe a Soundcore, una empresa fundada en 2017. Describe su enfoque en las experiencias de audio centradas en el consumidor y en mejorar la calidad de vida a trav\u00e9s del\" src=\"https:\/\/m.media-amazon.com\/images\/S\/aplus-media-library-service-media\/47fcf52c-3776-492f-b466-8590cf76868e.__CR0,0,362,453_PT0_SX362_V1___.jpg\">  <\/p>\n<h3> Sleep A30 <\/h3>\n<h3> soundcore Liberty 5 <\/h3>\n<h3> AeroClip <\/h3>\n<h3> AeroFit 2 <\/h3>\n<h3> Liberty 4 Pro <\/h3>\n<h3> Space One Pro <\/h3>\n<h3> Space One <\/h3>\n<h3> AeroFit 2 <\/h3>\n<h3> Auriculares <\/h3>\n<p class=\"apm-brand-story-stores-link\">\n<h3> P41i <\/h3>\n<h3> Cascos <\/h3>\n<p>                                              <img decoding=\"async\" alt=\"que muestra estad\u00edsticas empresariales: m\u00e1s de 100 regiones atendidas, m\u00e1s de 30 millones de usuarios y m\u00e1s de 280 patentes con licencia. Iconos azules y texto sobre fondo\" src=\"https:\/\/images-na.ssl-images-amazon.com\/images\/G\/01\/x-locale\/common\/grey-pixel.gif\" class=\"a-lazy-loaded\" data-src=\"https:\/\/m.media-amazon.com\/images\/S\/aplus-media-library-service-media\/8a32dd8b-00d6-42e6-b601-8393837fd3e2.__CR0,0,362,453_PT0_SX362_V1___.jpeg\"><img decoding=\"async\" alt=\"que muestra estad\u00edsticas empresariales: m\u00e1s de 100 regiones atendidas, m\u00e1s de 30 millones de usuarios y m\u00e1s de 280 patentes con licencia. Iconos azules y texto sobre fondo\" src=\"https:\/\/m.media-amazon.com\/images\/S\/aplus-media-library-service-media\/8a32dd8b-00d6-42e6-b601-8393837fd3e2.__CR0,0,362,453_PT0_SX362_V1___.jpeg\">  <\/p>\n<p>                                              <img decoding=\"async\" alt=\"Secci\u00f3n de aprobaci\u00f3n que muestra iconos de perfil circulares, logotipos de empresas de software e insignias de certificaci\u00f3n dispuestos en forma de cuadr\u00edcula sobre un fondo azul claro\" src=\"https:\/\/images-na.ssl-images-amazon.com\/images\/G\/01\/x-locale\/common\/grey-pixel.gif\" class=\"a-lazy-loaded\" data-src=\"https:\/\/m.media-amazon.com\/images\/S\/aplus-media-library-service-media\/fd47f342-af4e-41b0-9756-752e332b4111.__CR0,0,362,453_PT0_SX362_V1___.jpg\"><img decoding=\"async\" alt=\"Secci\u00f3n de aprobaci\u00f3n que muestra iconos de perfil circulares, logotipos de empresas de software e insignias de certificaci\u00f3n dispuestos en forma de cuadr\u00edcula sobre un fondo azul claro\" src=\"https:\/\/m.media-amazon.com\/images\/S\/aplus-media-library-service-media\/fd47f342-af4e-41b0-9756-752e332b4111.__CR0,0,362,453_PT0_SX362_V1___.jpg\">  <\/p>\n<p> Batteries                                            \u200f                                            :                                            \u200e                                            1 C batteries required.   <br \/> Product Dimensions                                            \u200f                                            :                                            \u200e                                            17.6 x 18.5 x 8 cm; 258.55 g   <br \/> Manufacturer                                            \u200f                                            :                                            \u200e                                            Anker   <br \/> ASIN                                            \u200f                                            :                                            \u200e                                            B0C3HCD34R   <br \/> Item model number                                            \u200f                                            :                                            \u200e                                            A3004   <br \/> Country\/Region of Origin                                            \u200f                                            :                                            \u200e                                            China   <br \/> Guaranteed software updates until                                            \u200f                                            :                                            \u200e                                            unknown   <br \/>  Customer reviews:                                                                                            4.7               4.7 out of 5 stars                                  (54,346)                                              var dpAcrHasRegisteredArcLinkClickAction;                    P.when(&#8216;A&#8217;, &#8216;ready&#8217;).execute(function(A) {                        if (dpAcrHasRegisteredArcLinkClickAction !== true) {                            dpAcrHasRegisteredArcLinkClickAction = true;                            A.declarative(                                &#8216;acrLink-click-metrics&#8217;, &#8216;click&#8217;,                                { \u00aballowLinkDefault\u00bb: true },                                function (event) {                                    if (window.ue) {                                        ue.count(\u00abacrLinkClickCount\u00bb, (ue.count(\u00abacrLinkClickCount\u00bb) || 0) + 1);                                    }                                }                            );                        }                    });                                             P.when(&#8216;A&#8217;, &#8216;cf&#8217;).execute(function(A) {                A.declarative(&#8216;acrStarsLink-click-metrics&#8217;, &#8216;click&#8217;, { \u00aballowLinkDefault\u00bb : true },  function(event){                    if(window.ue) {                        ue.count(\u00abacrStarsLinkWithPopoverClickCount\u00bb, (ue.count(\u00abacrStarsLinkWithPopoverClickCount\u00bb) || 0) + 1);                    }                });            });                          <\/p>\n<p>HYBRID ACTIVE NOISE CANCELLATION &#8211; 2 internal and 2 external microphones work together to detect external noise and effectively reduce it by up to 90%, such as aircraft and car engines.<br \/>DIVE INTO DETAILED AUDIO &#8211; The noise-cancelling headphones have 40mm oversized dynamic drivers that produce detailed sound and rich bass with BassUp technology. Support high resolution certified audio via AUX cable for more details.<br \/>40 HOURS LONG BATTERY LIFE &#038; FAST CHARGING: With 40 hours of battery life with ANC on and 60 hours in normal mode, you can travel quietly without thinking about recharging. Fast charge for 5 minutes to get extra 4 hours playtime.<br \/>DUAL CONNECTIONS: Connect to two Bluetooth 5.0 devices simultaneously and switch from one to the other instantly. Whether you&#8217;re working on your laptop or needing to take a phone call, audio will automatically play from the device you need to listen.<br \/>APP FOR EQUALIZER CUSTOMIZATION: Download the Soundcore app to tailor the sound using the customizable equalizer, with 22 preset options, or adjust it yourself. You can also switch between 3 modes: ANC, Normal and Transparency, and relax with the white noise.<\/p>\n\n","protected":false},"excerpt":{"rendered":"<p> From the brand Sleep A30 soundcore Liberty 5 AeroClip AeroFit 2 Liberty 4 Pro Space<\/p>","protected":false},"featured_media":29279,"comment_status":"open","ping_status":"closed","template":"","meta":[],"product_brand":[],"product_cat":[48],"product_tag":[932,5384,4957,2224,547,930,720,726,714,934,8542,929,712,928,711,717,5402,870,3054,738,933,715,719,716,4749,8541,718,5396,5386,226,713],"class_list":{"0":"post-29278","1":"product","2":"type-product","3":"status-publish","4":"has-post-thumbnail","6":"product_cat-headsets","7":"product_tag-active","8":"product_tag-anc","9":"product_tag-anker","10":"product_tag-app","11":"product_tag-audio","12":"product_tag-bass","13":"product_tag-best-headset","14":"product_tag-bluetooth","15":"product_tag-bluetooth-headset","16":"product_tag-cancelling","17":"product_tag-customization","18":"product_tag-deep","19":"product_tag-gaming-headset","20":"product_tag-headphones","21":"product_tag-headset","22":"product_tag-headset-with-mic","23":"product_tag-hires","24":"product_tag-hour","25":"product_tag-hybrid","26":"product_tag-mode","27":"product_tag-noise","28":"product_tag-noise-cancelling-headset","29":"product_tag-over-ear-headset","30":"product_tag-pc-headset","31":"product_tag-playback","32":"product_tag-q20i","33":"product_tag-rgb-gaming-headset","34":"product_tag-soundcore","35":"product_tag-transparency","36":"product_tag-wireless","37":"product_tag-wireless-headset","39":"first","40":"instock","41":"sale","42":"shipping-taxable","43":"product-type-external"},"_links":{"self":[{"href":"https:\/\/comprasyconsejos.store\/en\/wp-json\/wp\/v2\/product\/29278","targetHints":{"allow":["GET"]}}],"collection":[{"href":"https:\/\/comprasyconsejos.store\/en\/wp-json\/wp\/v2\/product"}],"about":[{"href":"https:\/\/comprasyconsejos.store\/en\/wp-json\/wp\/v2\/types\/product"}],"replies":[{"embeddable":true,"href":"https:\/\/comprasyconsejos.store\/en\/wp-json\/wp\/v2\/comments?post=29278"}],"version-history":[{"count":0,"href":"https:\/\/comprasyconsejos.store\/en\/wp-json\/wp\/v2\/product\/29278\/revisions"}],"wp:featuredmedia":[{"embeddable":true,"href":"https:\/\/comprasyconsejos.store\/en\/wp-json\/wp\/v2\/media\/29279"}],"wp:attachment":[{"href":"https:\/\/comprasyconsejos.store\/en\/wp-json\/wp\/v2\/media?parent=29278"}],"wp:term":[{"taxonomy":"product_brand","embeddable":true,"href":"https:\/\/comprasyconsejos.store\/en\/wp-json\/wp\/v2\/product_brand?post=29278"},{"taxonomy":"product_cat","embeddable":true,"href":"https:\/\/comprasyconsejos.store\/en\/wp-json\/wp\/v2\/product_cat?post=29278"},{"taxonomy":"product_tag","embeddable":true,"href":"https:\/\/comprasyconsejos.store\/en\/wp-json\/wp\/v2\/product_tag?post=29278"}],"curies":[{"name":"wp","href":"https:\/\/api.w.org\/{rel}","templated":true}]}}