{"id":29285,"date":"2026-02-21T13:18:39","date_gmt":"2026-02-21T13:18:39","guid":{"rendered":"https:\/\/comprasyconsejos.store\/product\/leadsail-wireless-keyboard-pink-qwerty-spanish-keyboard-usb-ergonomic-full-size-wireless-numeric-keypad-12-multimedia-shortcuts-for-windows-mac-pc-laptop\/"},"modified":"2026-02-21T13:18:51","modified_gmt":"2026-02-21T13:18:51","slug":"leadsail-wireless-keyboard-pink-qwerty-spanish-keyboard-usb-ergonomic-full-size-wireless-numeric-keypad-12-multimedia-shortcuts-for-windows-mac-pc-laptop","status":"publish","type":"product","link":"https:\/\/comprasyconsejos.store\/en\/product\/leadsail-wireless-keyboard-pink-qwerty-spanish-keyboard-usb-ergonomic-full-size-wireless-numeric-keypad-12-multimedia-shortcuts-for-windows-mac-pc-laptop\/","title":{"rendered":"LeadsaiL Wireless Keyboard Pink QWERTY Spanish Keyboard USB Ergonomic Full Size Wireless Numeric Keypad, 12 Multimedia Shortcuts for Windows Mac PC Laptop"},"content":{"rendered":"<p>Price: <span style=\"color:#b12704\"><del>\u20ac22.99<\/del> - \u20ac21.84<\/span><br \/><i><small>(as of Feb 21, 2026 13:18:40 UTC &#8211; <span class=\"wp_automatic_amazon_disclaimer\" title=\"Product prices and availability are accurate as of the date\/time indicated and are subject to change. Any price and availability information displayed on [relevant Amazon Site(s), as applicable] at the time of purchase will apply to the purchase of this product.\">Details<\/span>)<\/small><\/i><\/p>\n<p><a href=\"https:\/\/amazon.es\/dp\/B0DN62M2X9?tag=man008-21\"><img decoding=\"async\" src=\"https:\/\/valvepress.s3.amazonaws.com\/imgs\/buy_now.png\"><\/a><br \/>\n<\/p>\n<p>                                             Product Description   <\/p>\n<p>                                                                                                       <img decoding=\"async\" alt=\"Teclado inal\u00e1mbrico con teclas blancas sobre fondo rosa. Cuenta con un dise\u00f1o QWERTY est\u00e1ndar con un teclado num\u00e9rico adicional en\" src=\"https:\/\/images-na.ssl-images-amazon.com\/images\/G\/01\/x-locale\/common\/grey-pixel.gif\" class=\"a-lazy-loaded\" data-src=\"https:\/\/m.media-amazon.com\/images\/S\/aplus-media-library-service-media\/4847b811-179b-4389-a08c-539c0770dc4c.__CR0,0,1464,600_PT0_SX1464_V1___.jpg\"><img decoding=\"async\" alt=\"Teclado inal\u00e1mbrico con teclas blancas sobre fondo rosa. Cuenta con un dise\u00f1o QWERTY est\u00e1ndar con un teclado num\u00e9rico adicional en\" src=\"https:\/\/m.media-amazon.com\/images\/S\/aplus-media-library-service-media\/4847b811-179b-4389-a08c-539c0770dc4c.__CR0,0,1464,600_PT0_SX1464_V1___.jpg\">                                               <\/p>\n<p>                                                                                                       <img decoding=\"async\" alt=\"con teclas blancas y borde rosa, que se muestra junto a un port\u00e1til. El texto promueve la tecnolog\u00eda inal\u00e1mbrica y la ausencia de cables con una sola conexi\u00f3n USB.\" src=\"https:\/\/images-na.ssl-images-amazon.com\/images\/G\/01\/x-locale\/common\/grey-pixel.gif\" class=\"a-lazy-loaded\" data-src=\"https:\/\/m.media-amazon.com\/images\/S\/aplus-media-library-service-media\/ff76d06c-36c4-4eb6-9c96-8f37284256f9.__CR0,0,1464,600_PT0_SX1464_V1___.jpg\"><img decoding=\"async\" alt=\"con teclas blancas y borde rosa, que se muestra junto a un port\u00e1til. El texto promueve la tecnolog\u00eda inal\u00e1mbrica y la ausencia de cables con una sola conexi\u00f3n USB.\" src=\"https:\/\/m.media-amazon.com\/images\/S\/aplus-media-library-service-media\/ff76d06c-36c4-4eb6-9c96-8f37284256f9.__CR0,0,1464,600_PT0_SX1464_V1___.jpg\">                                               <\/p>\n<p>                                                                                     <img decoding=\"async\" alt=\"con teclado inal\u00e1mbrico externo. El icono azul indica una conectividad inal\u00e1mbrica de 2,4 G. Se ven el teclado rosa y la taza de caf\u00e9 blanca. La pantalla del port\u00e1til muestra el paisaje monta\u00f1oso.\" src=\"https:\/\/m.media-amazon.com\/images\/S\/aplus-media-library-service-media\/20d0adaa-7185-41a2-93c3-35c65233b19e.__CR0,0,1464,600_PT0_SX1464_V1___.jpg\">                                                    Teclado Inal\u00e1mbrico Excelente                                         <\/p>\n<p class=\"aplus-p3\"> Alcance inal\u00e1mbrico potente de hasta 10 metros sin retrasos o interrupciones. <\/p>\n<p>                                                                                     <img decoding=\"async\" alt=\"Teclado inal\u00e1mbrico rosa con teclas blancas. La persona escribe a mano. El indicador de \u00e1ngulo transparente muestra una inclinaci\u00f3n de 12 grados. Dise\u00f1o delgado y compacto adecuado para uso de escritorio.\" src=\"https:\/\/m.media-amazon.com\/images\/S\/aplus-media-library-service-media\/ea34bfbe-353a-4709-b35a-bf99c2258a9c.__CR0,0,1464,600_PT0_SX1464_V1___.jpg\">                                                    Escritura Estilo Port\u00e1til                                         <\/p>\n<p class=\"aplus-p3\"> Construcci\u00f3n en ABS con una inclinaci\u00f3n de 12 grados. Permite una operaci\u00f3n sin desorden en tu escritorio, lo que lo convierte en una opci\u00f3n ideal para uso en la oficina. <\/p>\n<p>                                                                                  <img decoding=\"async\" alt=\"Diagrama de distribuci\u00f3n del teclado de funciones que muestra 12 teclas de acceso r\u00e1pido con c\u00f3digos de colores azul y rosa, etiquetadas con varias funciones de acceso directo.\" src=\"https:\/\/m.media-amazon.com\/images\/S\/aplus-media-library-service-media\/4548a83d-0e05-49c5-8d99-a7b9b3db226a.__CR0,0,1464,600_PT0_SX1464_V1___.jpg\">       <\/p>\n<p>                                                                                  <img decoding=\"async\" alt=\"Teclado de ordenador rosa y blanco con teclado num\u00e9rico junto a un port\u00e1til plateado sobre una superficie rosa. El texto en espa\u00f1ol menciona la funci\u00f3n del teclado num\u00e9rico\" src=\"https:\/\/m.media-amazon.com\/images\/S\/aplus-media-library-service-media\/d14358df-dafd-4c8f-a14f-4cbf869af8f8.__CR0,0,1464,600_PT0_SX1464_V1___.jpg\">       <\/p>\n<p>                                                                                  <img decoding=\"async\" alt=\"Teclado de tama\u00f1o completo con teclado num\u00e9rico en color rosa claro, que se muestra en un escritorio blanco junto con un port\u00e1til, una c\u00e1mara, unas gafas y\" src=\"https:\/\/m.media-amazon.com\/images\/S\/aplus-media-library-service-media\/b45ae4f2-101d-469b-8331-80bf1e535bff.__CR0,0,1464,600_PT0_SX1464_V1___.jpg\">       <\/p>\n<p>                                                                                  <img decoding=\"async\" alt=\"Teclado inal\u00e1mbrico sobre fondo rosa con iconos que indican la compatibilidad con los sistemas operativos Windows, Mac, Android y Linux. El texto en espa\u00f1ol dice \u00abCompatible con m\u00e1s Dispositivos\" src=\"https:\/\/m.media-amazon.com\/images\/S\/aplus-media-library-service-media\/5633ff79-073f-46b6-891e-f9f1f9bb6b37.__CR0,0,1464,600_PT0_SX1464_V1___.jpg\">       <\/p>\n<p>                                                                                     <img decoding=\"async\" alt=\"Teclado rosa de tama\u00f1o completo sobre escritorio blanco con tableta, rat\u00f3n, taza de caf\u00e9 y planta. El teclado cuenta con teclas blancas y parece ser inal\u00e1mbrico\" src=\"https:\/\/m.media-amazon.com\/images\/S\/aplus-media-library-service-media\/727ca956-e098-4ac3-b4e6-8c3ac6f067b6.__CR0,0,1464,600_PT0_SX1464_V1___.jpg\">                                                    Trabajar Desde Casa                                         <\/p>\n<p class=\"aplus-p3\"> Teclado inal\u00e1mbrico 2.4G Teclado ultra delgado y compacto con teclas de acceso r\u00e1pido multimedia para computadora de escritorio. <\/p>\n<p>                                                                                     <img decoding=\"async\" alt=\"Manos escribiendo en un teclado inal\u00e1mbrico rosa sobre un escritorio blanco con un port\u00e1til, una taza de caf\u00e9 y una nota adhesiva azul a la vista. El teclado tiene una distribuci\u00f3n completa con teclas blancas\" src=\"https:\/\/m.media-amazon.com\/images\/S\/aplus-media-library-service-media\/afd0672e-e9a8-48a0-b660-6f9f0d64467c.__CR0,0,2440,1000_PT0_SX1464_V1___.jpg\">                                                    C\u00f3modo y de tama\u00f1o completo                                         <\/p>\n<p class=\"aplus-p3\"> Este teclado de tama\u00f1o completo con teclado num\u00e9rico facilita la entrada de datos, los c\u00e1lculos y la navegaci\u00f3n. Las teclas de f\u00e1cil lectura ofrecen una experiencia de escritura c\u00f3moda y familiar. <\/p>\n<h3>\n<p class=\"aplus-question aplus-p1\"> \u00bfNo hay un nano USB en la caja? \u00bfC\u00f3mo puedo encontrarlo? <\/p>\n<\/h3>\n<p class=\"aplus-answer aplus-p2\"> El teclado y el mouse comparten el mismo receptor, ubicado en la parte inferior del mouse. <\/p>\n<h3>\n<p class=\"aplus-question aplus-p1\"> \u00bfQu\u00e9 tipo de pilas usan el teclado? \u00bfEst\u00e1n incluidas? <\/p>\n<\/h3>\n<p class=\"aplus-answer aplus-p2\"> El teclado inal\u00e1mbrico requiere 1 pila AAA. Nota: Las pilas no est\u00e1n incluidas. <\/p>\n<h3>\n<p class=\"aplus-question aplus-p1\"> \u00bfC\u00f3mo solucionar problemas de desconexi\u00f3n o retraso al escribir? <\/p>\n<\/h3>\n<p class=\"aplus-answer aplus-p2\"> 1. Aseg\u00farese de que la bater\u00eda est\u00e9 llena. <\/p>\n<p class=\"aplus-answer aplus-p2\"> 2. Vuelve a emparejar el teclado y el mouse con el receptor: <\/p>\n<p class=\"aplus-answer aplus-p2\"> &#8211; Mantenga presionadas las teclas ESC y += durante 1 segundo. <\/p>\n<p class=\"aplus-answer aplus-p2\"> &#8211; Suelta las teclas e inserta el receptor USB en 20 segundos. <\/p>\n<h3>\n<p class=\"aplus-question aplus-p1\"> \u00bfEl teclado inal\u00e1mbrico tiene teclas de funci\u00f3n? <\/p>\n<\/h3>\n<p class=\"aplus-answer aplus-p2\"> S\u00ed, incluye 12 teclas de funci\u00f3n (FN + F1-F12) para acceder r\u00e1pidamente a diversas funciones y mejorar la productividad. <\/p>\n<p class=\"aplus-answer aplus-p2\"> Nota: Algunos atajos no son compatibles con sistemas Mac. <\/p>\n<h3>\n<p class=\"aplus-question aplus-p1\"> \u00bfCon qu\u00e9 dispositivos o sistemas son compatibles el teclado y el mouse? <\/p>\n<\/h3>\n<p class=\"aplus-answer aplus-p2\"> Son Compatibles Con: <\/p>\n<p class=\"aplus-answer aplus-p2\"> &#8211; Sistemas operativos: Windows 2000\/ME\/XP\/7\/8\/10\/11, VISTA y Mac. <\/p>\n<p class=\"aplus-answer aplus-p2\"> &#8211; Dispositivos con puerto USB: PCs, laptops, MacBooks, computadoras de escritorio, Chromebooks y Smart TVs. <\/p>\n<h3 class=\"a-text-center aplus-h1 a-text-bold\"> Producto para LeadsaiL <\/h3>\n<p>                         Add To Basket  <\/p>\n<p>                         Add To Basket  <\/p>\n<p>                         Add To Basket  <\/p>\n<p>                         Add To Basket  <\/p>\n<p>                                     Customer Reviews  <\/p>\n<p>                    4.4 out of 5 stars  302  <\/p>\n<p>                    4.4 out of 5 stars  302  <\/p>\n<p>                    4.5 out of 5 stars  65  <\/p>\n<p>                    4.1 out of 5 stars  72  <\/p>\n<p>                    4.1 out of 5 stars  72  <\/p>\n<p>                                     Price  <\/p>\n<p>                                                        \u20ac20.99\u20ac20.99     <\/p>\n<p>                                                        \u20ac25.64\u20ac25.64     <\/p>\n<p>                                                        \u20ac25.99\u20ac25.99     <\/p>\n<p>                                                        \u20ac19.99\u20ac19.99     <\/p>\n<p>                                                        \u2014    <\/p>\n<p>                                     Tecnolog\u00eda de Conectividad  <\/p>\n<p>                                                Inal\u00e1mbrico 2.4G    <\/p>\n<p>                                                Inal\u00e1mbrico 2.4G    <\/p>\n<p>                                                Inal\u00e1mbrico 2.4G    <\/p>\n<p>                                                Inal\u00e1mbrico 2.4G    <\/p>\n<p>                                                Inal\u00e1mbrico 2.4G    <\/p>\n<p>                                     N\u00famero de Teclas  <\/p>\n<p>                                                107    <\/p>\n<p>                                                107    <\/p>\n<p>                                                111    <\/p>\n<p>                                                99    <\/p>\n<p>                                                99    <\/p>\n<p>                                     Caracter\u00edstica Especial  <\/p>\n<p>                                                Ergon\u00f3mico    <\/p>\n<p>                                                Ergon\u00f3mico    <\/p>\n<p>                                                Ergon\u00f3mico    <\/p>\n<p>                                                Ergon\u00f3mico    <\/p>\n<p>                                                Ergon\u00f3mico    <\/p>\n<p>                                     Descripci\u00f3n del Teclado  <\/p>\n<p>                                                Tama\u00f1o Completo    <\/p>\n<p>                                                Tama\u00f1o Completo    <\/p>\n<p>                                                Tama\u00f1o Completo    <\/p>\n<p>                                                Dise\u00f1o Delgado    <\/p>\n<p>                                                Dise\u00f1o Delgado    <\/p>\n<p>                                     Bater\u00eda para Teclado  <\/p>\n<p>                                                1 Pilas AAA(NO Incluidas)    <\/p>\n<p>                                                1 Pilas AAA(NO Incluidas)    <\/p>\n<p>                                                1 Pilas AAA(NO Incluidas)    <\/p>\n<p>                                                2 Pilas AA(NO Incluidas)    <\/p>\n<p>                                                2 Pilas AA(NO Incluidas)    <\/p>\n<p>                                     Bater\u00eda para Rat\u00f3n  <\/p>\n<p>                                                1 Pilas AA(NO Incluidas)    <\/p>\n<p>                                                1 Pilas AA(NO Incluidas)    <\/p>\n<p>                                                1 Pilas AA(NO Incluidas)    <\/p>\n<p>                                                1 Pilas AA(NO Incluidas)    <\/p>\n<p>                                                1 Pilas AA(NO Incluidas)    <\/p>\n<p>                                     Rat\u00f3n DPI  <\/p>\n<p>                                                1600    <\/p>\n<p>                                                1600    <\/p>\n<p>                                                1600    <\/p>\n<p>                                                800\/1200\/1600    <\/p>\n<p>                                                800\/1200\/1600    <\/p>\n<p>                                     Sistema operativo  <\/p>\n<p>                                                Win\/MacOS\/Linux    <\/p>\n<p>                                                Win\/MacOS\/Linux    <\/p>\n<p>                                                Win\/MacOS\/Linux    <\/p>\n<p>                                                Win\/MacOS\/Linux    <\/p>\n<p>                                                Win\/MacOS\/Linux    <\/p>\n<p>                                     Teclado Num\u00e9rico  <\/p>\n<p>                                                    \u2714       <\/p>\n<p>                                                    \u2714       <\/p>\n<p>                                                    \u2714       <\/p>\n<p>                                                    \u2714       <\/p>\n<p>                                                    \u2714       <\/p>\n<p> Package Dimensions                                            \u200f                                            :                                            \u200e                                            44.29 x 17.2 x 12.9 cm; 570 g   <br \/> Manufacturer                                            \u200f                                            :                                            \u200e                                            LeadsaiL   <br \/> ASIN                                            \u200f                                            :                                            \u200e                                            B0DN62M2X9   <br \/> Country\/Region of Origin                                            \u200f                                            :                                            \u200e                                            China   <br \/> Guaranteed software updates until                                            \u200f                                            :                                            \u200e                                            unknown   <br \/>  Customer reviews:                                                                                            4.4               4.4 out of 5 stars                                  (102)                                              var dpAcrHasRegisteredArcLinkClickAction;                    P.when(&#8216;A&#8217;, &#8216;ready&#8217;).execute(function(A) {                        if (dpAcrHasRegisteredArcLinkClickAction !== true) {                            dpAcrHasRegisteredArcLinkClickAction = true;                            A.declarative(                                &#8216;acrLink-click-metrics&#8217;, &#8216;click&#8217;,                                { \u00aballowLinkDefault\u00bb: true },                                function (event) {                                    if (window.ue) {                                        ue.count(\u00abacrLinkClickCount\u00bb, (ue.count(\u00abacrLinkClickCount\u00bb) || 0) + 1);                                    }                                }                            );                        }                    });                                             P.when(&#8216;A&#8217;, &#8216;cf&#8217;).execute(function(A) {                A.declarative(&#8216;acrStarsLink-click-metrics&#8217;, &#8216;click&#8217;, { \u00aballowLinkDefault\u00bb : true },  function(event){                    if(window.ue) {                        ue.count(\u00abacrStarsLinkWithPopoverClickCount\u00bb, (ue.count(\u00abacrStarsLinkWithPopoverClickCount\u00bb) || 0) + 1);                    }                });            });                          <\/p>\n<p>Full-Size Keyboard with Folding Stand: The wireless keyboard has a full-size layout with Spanish QWERTY layout, reducing the frequency of typos. In addition, it includes a foldable stand that effectively prevents muscle strain on the wrists during long typing sessions as our carefully designed angle offers optimal support.<br \/>Smart Power Saving: The LeadsaiL wireless keyboard features a smart sleep mode to save energy. It will enter sleep mode after 5 seconds of inactivity. Click or press any key to reactivate it. The keyboard requires 1 AAA battery, but this is not included in the package.<br \/>\u3010Quiet Design\u3011The USB keyboard features silent keystroke technology, allowing you to work at night without worrying about disturbing your family when typing or clicking.<br \/>Multiple Functions and High Efficiency: The LeadsaiL wireless keyboard includes a numeric keypad and 12 FN+ shortcuts that allow instant access to music, media, volume and more. (Note: This feature is not compatible with Mac OS.)<br \/>Stable 2.4G Wireless Connection: With a plug and play USB receiver and stable 2.4Ghz wireless connection, you can free yourself from tangled cables and operate your computer with ease. 2.4GHz wireless connection technology offers a fast and reliable connection up to 10 meters (33 feet) away without delays or interruptions. The USB receiver is stored on the keyboard, next to the battery compartment.<br \/>Comfortable User Experience: The LeadsaiL wireless keyboard is designed with comfortable keys, offering a soft touch and adequate keystroke distance, ensuring that you don&#8217;t feel fatigued even during long time use.<\/p>\n\n","protected":false},"excerpt":{"rendered":"<p> Product Description Teclado Inal\u00e1mbrico Excelente Alcance inal\u00e1mbrico potente de hasta 10 metros sin retrasos o<\/p>","protected":false},"featured_media":29286,"comment_status":"open","ping_status":"closed","template":"","meta":[],"product_brand":[],"product_cat":[49],"product_tag":[746,743,747,1148,560,740,518,541,159,8543,774,739,1005,540,744,1050,858,742,4760,745,1359,5273,133,537,226,741],"class_list":{"0":"post-29285","1":"product","2":"type-product","3":"status-publish","4":"has-post-thumbnail","6":"product_cat-keyboards","7":"product_tag-backlit-keyboard","8":"product_tag-bluetooth-keyboard","9":"product_tag-compact-keyboard","10":"product_tag-ergonomic","11":"product_tag-full","12":"product_tag-gaming-keyboard","13":"product_tag-keyboard","14":"product_tag-keypad","15":"product_tag-laptop","16":"product_tag-leadsail","17":"product_tag-mac","18":"product_tag-mechanical-keyboard","19":"product_tag-multimedia","20":"product_tag-numeric","21":"product_tag-office-keyboard","22":"product_tag-pink","23":"product_tag-qwerty","24":"product_tag-rgb-keyboard","25":"product_tag-shortcuts","26":"product_tag-silent-keyboard","27":"product_tag-size","28":"product_tag-spanish","29":"product_tag-usb","30":"product_tag-windows","31":"product_tag-wireless","32":"product_tag-wireless-keyboard","34":"first","35":"instock","36":"sale","37":"shipping-taxable","38":"product-type-external"},"_links":{"self":[{"href":"https:\/\/comprasyconsejos.store\/en\/wp-json\/wp\/v2\/product\/29285","targetHints":{"allow":["GET"]}}],"collection":[{"href":"https:\/\/comprasyconsejos.store\/en\/wp-json\/wp\/v2\/product"}],"about":[{"href":"https:\/\/comprasyconsejos.store\/en\/wp-json\/wp\/v2\/types\/product"}],"replies":[{"embeddable":true,"href":"https:\/\/comprasyconsejos.store\/en\/wp-json\/wp\/v2\/comments?post=29285"}],"version-history":[{"count":0,"href":"https:\/\/comprasyconsejos.store\/en\/wp-json\/wp\/v2\/product\/29285\/revisions"}],"wp:featuredmedia":[{"embeddable":true,"href":"https:\/\/comprasyconsejos.store\/en\/wp-json\/wp\/v2\/media\/29286"}],"wp:attachment":[{"href":"https:\/\/comprasyconsejos.store\/en\/wp-json\/wp\/v2\/media?parent=29285"}],"wp:term":[{"taxonomy":"product_brand","embeddable":true,"href":"https:\/\/comprasyconsejos.store\/en\/wp-json\/wp\/v2\/product_brand?post=29285"},{"taxonomy":"product_cat","embeddable":true,"href":"https:\/\/comprasyconsejos.store\/en\/wp-json\/wp\/v2\/product_cat?post=29285"},{"taxonomy":"product_tag","embeddable":true,"href":"https:\/\/comprasyconsejos.store\/en\/wp-json\/wp\/v2\/product_tag?post=29285"}],"curies":[{"name":"wp","href":"https:\/\/api.w.org\/{rel}","templated":true}]}}