{"id":29366,"date":"2026-02-21T14:25:16","date_gmt":"2026-02-21T14:25:16","guid":{"rendered":"https:\/\/comprasyconsejos.store\/product\/vistaprotect-premium-privacy-filter-and-anti-blue-light-filter-magnetic-screen-protector-compatible-with-apple-macbook-air-15-m2-m3-m4-15-3-2022\/"},"modified":"2026-02-21T14:25:29","modified_gmt":"2026-02-21T14:25:29","slug":"vistaprotect-premium-privacy-filter-and-anti-blue-light-filter-magnetic-screen-protector-compatible-with-apple-macbook-air-15-m2-m3-m4-15-3-2022","status":"publish","type":"product","link":"https:\/\/comprasyconsejos.store\/en\/product\/vistaprotect-premium-privacy-filter-and-anti-blue-light-filter-magnetic-screen-protector-compatible-with-apple-macbook-air-15-m2-m3-m4-15-3-2022\/","title":{"rendered":"VistaProtect &#8211; Premium Privacy Filter and Anti-Blue Light Filter. Magnetic Screen Protector Compatible with Apple MacBook Air 15 M2\/M3\/M4 (15.3&#8243; &#8211; 2022+)"},"content":{"rendered":"<p>Price: <span style=\"color:#b12704\">\u20ac39.99<\/span><br \/><i><small>(as of Feb 21, 2026 14:25:16 UTC &#8211; <span class=\"wp_automatic_amazon_disclaimer\" title=\"Product prices and availability are accurate as of the date\/time indicated and are subject to change. Any price and availability information displayed on [relevant Amazon Site(s), as applicable] at the time of purchase will apply to the purchase of this product.\">Details<\/span>)<\/small><\/i><\/p>\n<p><a href=\"https:\/\/amazon.es\/dp\/B0C81VZ5GY?tag=man008-21\"><img decoding=\"async\" src=\"https:\/\/valvepress.s3.amazonaws.com\/imgs\/buy_now.png\"><\/a><br \/>\n<\/p>\n<p>                                             Product Description   <\/p>\n<p>                                                                     Filtro de Privacidad y Filtro Anti Luz Azul Premium para MacBook                                             <img decoding=\"async\" alt=\"filtro privacidad pantalla screen protector privacy filter pc vistaprotect\" src=\"https:\/\/images-na.ssl-images-amazon.com\/images\/G\/01\/x-locale\/common\/grey-pixel.gif\" class=\"a-lazy-loaded\" data-src=\"https:\/\/m.media-amazon.com\/images\/S\/aplus-media-library-service-media\/2ccd0ca6-4617-406b-94d3-cee283b90c99.__CR0,0,1464,600_PT0_SX1464_V1___.jpeg\"><img decoding=\"async\" alt=\"filtro privacidad pantalla screen protector privacy filter pc vistaprotect\" src=\"https:\/\/m.media-amazon.com\/images\/S\/aplus-media-library-service-media\/2ccd0ca6-4617-406b-94d3-cee283b90c99.__CR0,0,1464,600_PT0_SX1464_V1___.jpeg\">                                         <\/p>\n<p class=\"aplus-description aplus-container-3 aplus-p1\"> Prot\u00e9jase del pirateo visual Los filtros de privacidad de VistaProtect garantizan que s\u00f3lo usted pueda ver su pantalla. Dise\u00f1ados en Suiza nuestros filtros de privacidad est\u00e1n dise\u00f1ados para garantizar que cualquier informaci\u00f3n que aparezca en la pantalla de su ordenador siga siendo privada. <\/p>\n<p>The video showcases the product in use.The video guides you through product setup.The video compares multiple products.The video shows the product being unpacked. Filtro de Privacidad macbook Merchant video<\/p>\n<p class=\"aplus-description aplus-container-3 aplus-p1\"> Desde 2017, somos especialistas en filtros de pantalla de privacidad de primera calidad que protegen sus datos de miradas indiscretas y radiaciones nocivas. Es la soluci\u00f3n ideal para entornos de oficina abierta, proveedores sanitarios, instituciones financieras o cuando se viaja. <\/p>\n<p>                                                                                                                  <img decoding=\"async\" alt=\"Filter antiespia portatil laptop ojos pc port\u00e1til mac ocular antireflejos filtro privacidad privacy\" src=\"https:\/\/m.media-amazon.com\/images\/S\/aplus-media-library-service-media\/20a169c4-c88a-41de-ac05-4b2b2e400c54.__CR0,0,1464,600_PT0_SX1464_V1___.jpeg\">                                                      <\/p>\n<p class=\"aplus-p3\"> Protecci\u00f3n multicapa <\/p>\n<p>                                             Protecci\u00f3n integral                                       <\/p>\n<p class=\"description aplus-p1\"> M\u00e1s que solo protecci\u00f3n de la privacidad <\/p>\n<p>                                                      <img decoding=\"async\" alt=\"filtro privacidad privacy pantalla protector azul ordenador portatil luz azul\" src=\"https:\/\/m.media-amazon.com\/images\/S\/aplus-media-library-service-media\/a5a2b1e6-36f3-4613-8fec-ee9981ab1e9d.__CR0,0,1464,600_PT0_SX1464_V1___.jpeg\">                                                      <\/p>\n<p class=\"aplus-p3\"> Gran \u00e1ngulo de privacidad <\/p>\n<p>                                             Protecci\u00f3n avanzada de la privacidad                                       <\/p>\n<p class=\"description aplus-p1\"> No m\u00e1s hackeos visuales <\/p>\n<p>                                                      <img decoding=\"async\" alt=\"filtro privacidad privacy pantalla protector azul ordenador portatil luz azul\" src=\"https:\/\/m.media-amazon.com\/images\/S\/aplus-media-library-service-media\/7518156b-d7d7-4149-9bab-18e08826fe7d.__CR0,0,1464,600_PT0_SX1464_V1___.jpeg\">                                                      <\/p>\n<p class=\"aplus-p3\"> Proteja sus ojos <\/p>\n<p>                                             Protecci\u00f3n contra la luz azul                                       <\/p>\n<p class=\"description aplus-p1\"> Reducci\u00f3n del 90%+ de la luz azul y los rayos UV <\/p>\n<p>                                                      <img decoding=\"async\" alt=\"Filter antiespia portatil laptop ojos pc port\u00e1til pro ocular antireflejos filtro privacidad privacy\" src=\"https:\/\/m.media-amazon.com\/images\/S\/aplus-media-library-service-media\/e464b3f4-2af1-4ce0-af7e-4dc9853cdf49.__CR0,0,1464,600_PT0_SX1464_V1___.jpeg\">                                                    <\/p>\n<p class=\"aplus-p3\"> Transparencia superior <\/p>\n<p>                                             Alta Claridad Visual<br \/>\n                            1 Protecci\u00f3n Integral <\/p>\n<p>                            2 Privacidad Avanzada  <\/p>\n<p>                            3 Anti Luz Azul <\/p>\n<p>                            4 Alta Claridad Visual <\/p>\n<p>                                                                                              <img decoding=\"async\" alt=\"filtro de privacidad filtro luz azul macbook filtro azul privacy filter\" src=\"https:\/\/images-na.ssl-images-amazon.com\/images\/G\/01\/x-locale\/common\/grey-pixel.gif\" class=\"a-lazy-loaded\" data-src=\"https:\/\/m.media-amazon.com\/images\/S\/aplus-media-library-service-media\/3fd9a190-a32c-4d4f-bff7-41b41ec8da9a.__CR0,38,300,225_PT0_SX300_V1___.jpg\"><img decoding=\"async\" alt=\"filtro de privacidad filtro luz azul macbook filtro azul privacy filter\" src=\"https:\/\/m.media-amazon.com\/images\/S\/aplus-media-library-service-media\/3fd9a190-a32c-4d4f-bff7-41b41ec8da9a.__CR0,38,300,225_PT0_SX300_V1___.jpg\">                                            Extra\u00edble                                         <\/p>\n<p class=\"aplus-p3\"> F\u00e1cil de quitar y poner. Nuestros filtros utilizan un sistema de fijaci\u00f3n magn\u00e9tica y se ajustan perfectamente a la pantalla de su MacBook. <\/p>\n<p>                                           <img decoding=\"async\" alt=\"filtro privacidad privacy pantalla protector azul ordenador portatil luz azul\" src=\"https:\/\/images-na.ssl-images-amazon.com\/images\/G\/01\/x-locale\/common\/grey-pixel.gif\" class=\"a-lazy-loaded\" data-src=\"https:\/\/m.media-amazon.com\/images\/S\/aplus-media-library-service-media\/32bf1e64-b74c-4335-b9a4-27600b0dfab9.__CR0,0,600,450_PT0_SX300_V1___.jpeg\"><img decoding=\"async\" alt=\"filtro privacidad privacy pantalla protector azul ordenador portatil luz azul\" src=\"https:\/\/m.media-amazon.com\/images\/S\/aplus-media-library-service-media\/32bf1e64-b74c-4335-b9a4-27600b0dfab9.__CR0,0,600,450_PT0_SX300_V1___.jpeg\">                                            F\u00e1cil de instalar                                         <\/p>\n<p class=\"aplus-p3\"> Coloque el filtro en su MacBook y deje que los imanes se adhieran a lo largo de la pantalla. No se necesitan tiras adhesivas ni pesta\u00f1as. <\/p>\n<p>                                           <img decoding=\"async\" alt=\"privacidad filtros antiluz desmontable anti-luz microsoft polarizado antirreflejos glare \" src=\"https:\/\/images-na.ssl-images-amazon.com\/images\/G\/01\/x-locale\/common\/grey-pixel.gif\" class=\"a-lazy-loaded\" data-src=\"https:\/\/m.media-amazon.com\/images\/S\/aplus-media-library-service-media\/745685be-6e02-42b3-ab4a-9cb112549372.__CR0,0,600,450_PT0_SX300_V1___.jpeg\"><img decoding=\"async\" alt=\"privacidad filtros antiluz desmontable anti-luz microsoft polarizado antirreflejos glare \" src=\"https:\/\/m.media-amazon.com\/images\/S\/aplus-media-library-service-media\/745685be-6e02-42b3-ab4a-9cb112549372.__CR0,0,600,450_PT0_SX300_V1___.jpeg\">                                            Regalo incluido                                          <\/p>\n<p class=\"aplus-p3\"> Hemos incluido de regalo una tapa para la webcam. Cubra su webcam cuando no la utilice y evite que los piratas inform\u00e1ticos le esp\u00eden. <\/p>\n<p>                                           <img decoding=\"async\" alt=\"privacy screen filter protectora lenovo pulgada dell xps elitebook cristal apple antibrillo \" src=\"https:\/\/images-na.ssl-images-amazon.com\/images\/G\/01\/x-locale\/common\/grey-pixel.gif\" class=\"a-lazy-loaded\" data-src=\"https:\/\/m.media-amazon.com\/images\/S\/aplus-media-library-service-media\/4f4d105e-aa4d-4472-ac83-d74deb949543.__CR0,0,600,450_PT0_SX300_V1___.jpeg\"><img decoding=\"async\" alt=\"privacy screen filter protectora lenovo pulgada dell xps elitebook cristal apple antibrillo \" src=\"https:\/\/m.media-amazon.com\/images\/S\/aplus-media-library-service-media\/4f4d105e-aa4d-4472-ac83-d74deb949543.__CR0,0,600,450_PT0_SX300_V1___.jpeg\">                                            Dise\u00f1ado en Suiza                                         <\/p>\n<p class=\"aplus-p3\"> Nuestros filtros de privacidad se dise\u00f1an en Suiza y se someten a una meticulosa inspecci\u00f3n para garantizar la m\u00e1xima calidad. <\/p>\n<p>                                                                                                                <img decoding=\"async\" alt=\"pantalla screen protector privacy filter pro pc luz macbook screen privacy monitor anti\" src=\"https:\/\/m.media-amazon.com\/images\/S\/aplus-media-library-service-media\/34781349-e5a4-4544-ba7f-eb4a22cf5bd6.__CR0,0,1464,600_PT0_SX1464_V1___.jpeg\">                                                    <img decoding=\"async\" alt=\"Filter antiespia pc laptop air ojos pc port\u00e1til hp ocular antireflejos filtro privacidad privacy\" src=\"https:\/\/m.media-amazon.com\/images\/S\/aplus-media-library-service-media\/153dac32-888f-472d-895f-9a016d5642d9.__CR0,0,1464,600_PT0_SX1464_V1___.jpeg\">                                                    <img decoding=\"async\" alt=\"Filter antiespia apple pro air ojos m1 m4 m5 port\u00e1til mac ocular filtro privacidad privacy m2\" src=\"https:\/\/m.media-amazon.com\/images\/S\/aplus-media-library-service-media\/81423671-80c6-408b-bcb2-b81ed9d80050.__CR0,0,1464,600_PT0_SX1464_V1___.jpeg\"><br \/>\n                            1 Fijaci\u00f3n magn\u00e9tica <\/p>\n<p>                            2 Qu\u00e9 incluye <\/p>\n<p>                            3 Encuentre su talla <\/p>\n<p>                                                                     Proteja su privacidad en cualquier lugar                                            <img decoding=\"async\" alt=\"privacy screen filter protectora lenovo pulgada dell xps elitebook cristal privaci antibrillo \" src=\"https:\/\/images-na.ssl-images-amazon.com\/images\/G\/01\/x-locale\/common\/grey-pixel.gif\" class=\"a-lazy-loaded\" data-src=\"https:\/\/m.media-amazon.com\/images\/S\/aplus-media-library-service-media\/c253be9b-0bf2-4cda-8393-96b8132224ce.__CR0,0,1464,600_PT0_SX1464_V1___.jpeg\"><img decoding=\"async\" alt=\"privacy screen filter protectora lenovo pulgada dell xps elitebook cristal privaci antibrillo \" src=\"https:\/\/m.media-amazon.com\/images\/S\/aplus-media-library-service-media\/c253be9b-0bf2-4cda-8393-96b8132224ce.__CR0,0,1464,600_PT0_SX1464_V1___.jpeg\">                                         <\/p>\n<p class=\"aplus-description aplus-container-3 aplus-p1\"> \u00danase a miles de empresas y particulares satisfechos de todo el mundo que utilizan nuestros filtros de privacidad para salvaguardar su informaci\u00f3n en pantalla. Disponible para todos los dispositivos y tama\u00f1os de pantalla. <\/p>\n<h3 class=\"a-text-center aplus-h1 a-text-bold\"> Proteja su privacidad en cualquier lugar <\/h3>\n<p>                         Add To Basket  <\/p>\n<p>                         Add To Basket  <\/p>\n<p>                         Add To Basket  <\/p>\n<p>                         Add To Basket  <\/p>\n<p>                         Add To Basket  <\/p>\n<p>                                     Customer Reviews  <\/p>\n<p>                    3.8 out of 5 stars  2,039  <\/p>\n<p>                    3.8 out of 5 stars  2,039  <\/p>\n<p>                    3.8 out of 5 stars  2,039  <\/p>\n<p>                    3.9 out of 5 stars  1,708  <\/p>\n<p>                    3.9 out of 5 stars  1,708  <\/p>\n<p>                                     Price  <\/p>\n<p>                                                        \u20ac43.99\u20ac43.99     <\/p>\n<p>                                                        \u20ac62.99\u20ac62.99     <\/p>\n<p>                                                        \u20ac27.99\u20ac27.99     <\/p>\n<p>                                                        \u20ac20.99\u20ac20.99     <\/p>\n<p>                                                        \u20ac62.99\u20ac62.99     <\/p>\n<p>                                     Tama\u00f1os disponibles  <\/p>\n<p>                                                11.6&#8243; &#8211; 17.3&#8243; pulgadas    <\/p>\n<p>                                                20.1&#8243; &#8211; 34&#8243; pulgadas    <\/p>\n<p>                                                13&#8243; &#8211; 16&#8243; pulgadas    <\/p>\n<p>                                                13.3&#8243; &#8211; 17.3&#8243; pulgadas    <\/p>\n<p>                                                20&#8243; &#8211; 28&#8243; pulgadas    <\/p>\n<p>                                     \u00c1ngulo de privacidad de 60\u00b0  <\/p>\n<p>                                                    \u2714       <\/p>\n<p>                                                    \u2714       <\/p>\n<p>                                                    \u2714       <\/p>\n<p>                                                    \u2718      <\/p>\n<p>                                                    \u2718      <\/p>\n<p>                                     Anti-Luz Azul  <\/p>\n<p>                                                    \u2714       <\/p>\n<p>                                                    \u2714       <\/p>\n<p>                                                    \u2714       <\/p>\n<p>                                                    \u2714       <\/p>\n<p>                                                    \u2714       <\/p>\n<p>                                     Antideslumbrante  <\/p>\n<p>                                                    \u2714       <\/p>\n<p>                                                    \u2714       <\/p>\n<p>                                                    \u2714       <\/p>\n<p>                                                    \u2714       <\/p>\n<p>                                                    \u2718      <\/p>\n<p>                                     Protecci\u00f3n ara\u00f1azos y polvo  <\/p>\n<p>                                                    \u2714       <\/p>\n<p>                                                    \u2714       <\/p>\n<p>                                                    \u2714       <\/p>\n<p>                                                    \u2714       <\/p>\n<p>                                                    \u2714       <\/p>\n<p>                                     Lavable  <\/p>\n<p>                                                    \u2714       <\/p>\n<p>                                                    \u2714       <\/p>\n<p>                                                    \u2714       <\/p>\n<p>                                                    \u2714       <\/p>\n<p>                                                    \u2714       <\/p>\n<p>                                     Opciones de instalaci\u00f3n  <\/p>\n<p>                                                Desmontable (Magn\u00e9tico)    <\/p>\n<p>                                                Fijo y desmontable    <\/p>\n<p>                                                Fijo y desmontable    <\/p>\n<p>                                                Fijo y desmontable    <\/p>\n<p>                                                Desmontable    <\/p>\n<p> Product Dimensions                                            \u200f                                            :                                            \u200e                                            33.6 x 22.05 x 1.27 cm; 180 g   <br \/> Manufacturer                                            \u200f                                            :                                            \u200e                                            VistaProtect   <br \/> ASIN                                            \u200f                                            :                                            \u200e                                            B0C81VZ5GY   <br \/> Item model number                                            \u200f                                            :                                            \u200e                                            Apple MacBook Air 15 M2 2023+)   <br \/> Country of origin                                            \u200f                                            :                                            \u200e                                            Switzerland   <br \/> Guaranteed software updates until                                            \u200f                                            :                                            \u200e                                            unknown   <br \/>  Customer reviews:                                                                                            3.8               3.8 out of 5 stars                                  (2,039)                                              var dpAcrHasRegisteredArcLinkClickAction;                    P.when(&#8216;A&#8217;, &#8216;ready&#8217;).execute(function(A) {                        if (dpAcrHasRegisteredArcLinkClickAction !== true) {                            dpAcrHasRegisteredArcLinkClickAction = true;                            A.declarative(                                &#8216;acrLink-click-metrics&#8217;, &#8216;click&#8217;,                                { \u00aballowLinkDefault\u00bb: true },                                function (event) {                                    if (window.ue) {                                        ue.count(\u00abacrLinkClickCount\u00bb, (ue.count(\u00abacrLinkClickCount\u00bb) || 0) + 1);                                    }                                }                            );                        }                    });                                             P.when(&#8216;A&#8217;, &#8216;cf&#8217;).execute(function(A) {                A.declarative(&#8216;acrStarsLink-click-metrics&#8217;, &#8216;click&#8217;, { \u00aballowLinkDefault\u00bb : true },  function(event){                    if(window.ue) {                        ue.count(\u00abacrStarsLinkWithPopoverClickCount\u00bb, (ue.count(\u00abacrStarsLinkWithPopoverClickCount\u00bb) || 0) + 1);                    }                });            });                          <\/p>\n<p>PRIVACY FILTER &#038; BLUE LIGHT FILTER: This 2-in-1 privacy filter ensures that all information displayed on your computer screen remains private. It also includes an anti-blue light coating that blocks 90% of harmful blue light emissions that can cause eye strain and headaches.<br \/>REVOLUTIONARY MAGNETIC MOUNT: Our filters use a magnetic attachment system and fit perfectly to the screen of your MacBook. Simply place the filter on top of your MacBook and let the magnets attach along the screen. No adhesive strips or tabs are required. Comes with a protective sleeve to store the filter when not in use.<br \/>18% BRIGHTER THAN OTHER FILTERS: Our privacy filters are brighter and clearer than other competing products, making them ideal for high-resolution laptops.<br \/>COMPATIBLE WITH APPLE MACBOOK AIR AND MACBOOK 15 M2\/M3\/M4 (2022+) &#8211; Diagonal: 15.3&#8243; inches \/ Width: 336mm \/ Height: 220.5mm. Please contact us in case of doubt.<br \/>LIFETIME WARRANTY: Buy with confidence knowing our filters include a lifetime satisfaction guarantee. If you are not satisfied, we will make sure you are or refund your money.<br \/>FREE GIFT: We have included a free webcam cover as a gift. Cover your webcam when not in use and prevent hackers from spying on you.<\/p>\n\n","protected":false},"excerpt":{"rendered":"<p> Product Description Filtro de Privacidad y Filtro Anti Luz Azul Premium para MacBook Prot\u00e9jase del<\/p>","protected":false},"featured_media":29367,"comment_status":"open","ping_status":"closed","template":"","meta":[],"product_brand":[],"product_cat":[84],"product_tag":[216,3343,175,496,498,497,201,862,248,8560,160,502,503,504,499,500,501,505,238,1035,1153,1021,842,8559],"class_list":{"0":"post-29366","1":"product","2":"type-product","3":"status-publish","4":"has-post-thumbnail","6":"product_cat-apple-macbook","7":"product_tag-air","8":"product_tag-antiblue","9":"product_tag-apple","10":"product_tag-apple-macbook","11":"product_tag-apple-macbook-air","12":"product_tag-apple-macbook-pro","13":"product_tag-compatible","14":"product_tag-filter","15":"product_tag-light","16":"product_tag-m2m3m4","17":"product_tag-macbook","18":"product_tag-macbook-13-inch","19":"product_tag-macbook-15-inch","20":"product_tag-macbook-16-inch","21":"product_tag-macbook-m1","22":"product_tag-macbook-m2","23":"product_tag-macbook-m3","24":"product_tag-macbook-price","25":"product_tag-magnetic","26":"product_tag-premium","27":"product_tag-privacy","28":"product_tag-protector","29":"product_tag-screen","30":"product_tag-vistaprotect","32":"first","33":"instock","34":"shipping-taxable","35":"product-type-external"},"_links":{"self":[{"href":"https:\/\/comprasyconsejos.store\/en\/wp-json\/wp\/v2\/product\/29366","targetHints":{"allow":["GET"]}}],"collection":[{"href":"https:\/\/comprasyconsejos.store\/en\/wp-json\/wp\/v2\/product"}],"about":[{"href":"https:\/\/comprasyconsejos.store\/en\/wp-json\/wp\/v2\/types\/product"}],"replies":[{"embeddable":true,"href":"https:\/\/comprasyconsejos.store\/en\/wp-json\/wp\/v2\/comments?post=29366"}],"version-history":[{"count":0,"href":"https:\/\/comprasyconsejos.store\/en\/wp-json\/wp\/v2\/product\/29366\/revisions"}],"wp:featuredmedia":[{"embeddable":true,"href":"https:\/\/comprasyconsejos.store\/en\/wp-json\/wp\/v2\/media\/29367"}],"wp:attachment":[{"href":"https:\/\/comprasyconsejos.store\/en\/wp-json\/wp\/v2\/media?parent=29366"}],"wp:term":[{"taxonomy":"product_brand","embeddable":true,"href":"https:\/\/comprasyconsejos.store\/en\/wp-json\/wp\/v2\/product_brand?post=29366"},{"taxonomy":"product_cat","embeddable":true,"href":"https:\/\/comprasyconsejos.store\/en\/wp-json\/wp\/v2\/product_cat?post=29366"},{"taxonomy":"product_tag","embeddable":true,"href":"https:\/\/comprasyconsejos.store\/en\/wp-json\/wp\/v2\/product_tag?post=29366"}],"curies":[{"name":"wp","href":"https:\/\/api.w.org\/{rel}","templated":true}]}}