{"id":29377,"date":"2026-02-21T14:33:22","date_gmt":"2026-02-21T14:33:22","guid":{"rendered":"https:\/\/comprasyconsejos.store\/product\/iphone-charger-20w-fast-charging-with-2m-iphone-cable-charger-for-iphone-14-14-plus-14-pro-14-pro-max-13-12-11-x-8-7\/"},"modified":"2026-02-21T14:33:26","modified_gmt":"2026-02-21T14:33:26","slug":"iphone-charger-20w-fast-charging-with-2m-iphone-cable-charger-for-iphone-14-14-plus-14-pro-14-pro-max-13-12-11-x-8-7","status":"publish","type":"product","link":"https:\/\/comprasyconsejos.store\/en\/product\/iphone-charger-20w-fast-charging-with-2m-iphone-cable-charger-for-iphone-14-14-plus-14-pro-14-pro-max-13-12-11-x-8-7\/","title":{"rendered":"iPhone Charger 20W Fast Charging with 2m iPhone Cable Charger for iPhone 14\/14 Plus\/ 14 Pro\/ 14 Pro MAX\/ 13\/12\/ 11\/ X\/ 8\/7"},"content":{"rendered":"<p>Price: <span style=\"color:#b12704\"><del>\u20ac15.99<\/del> - \u20ac12.99<\/span><br \/><i><small>(as of Feb 21, 2026 14:33:23 UTC &#8211; <span class=\"wp_automatic_amazon_disclaimer\" title=\"Product prices and availability are accurate as of the date\/time indicated and are subject to change. Any price and availability information displayed on [relevant Amazon Site(s), as applicable] at the time of purchase will apply to the purchase of this product.\">Details<\/span>)<\/small><\/i><\/p>\n<p><a href=\"https:\/\/amazon.es\/dp\/B0DGQJ7RCD?tag=man008-21\"><img decoding=\"async\" src=\"https:\/\/valvepress.s3.amazonaws.com\/imgs\/buy_now.png\"><\/a><br \/>\n<\/p>\n<p>                                             Product Description   <\/p>\n<p>                                                                                                       <img decoding=\"async\" alt=\"El texto dice \u00ab3X Carga ultrarr\u00e1pida\u00bb. El diagrama de carga del tel\u00e9fono m\u00f3vil muestra las capacidades de carga r\u00e1pida, con ilustraciones del tel\u00e9fono y los iconos de carga.\" src=\"https:\/\/images-na.ssl-images-amazon.com\/images\/G\/01\/x-locale\/common\/grey-pixel.gif\" class=\"a-lazy-loaded\" data-src=\"https:\/\/m.media-amazon.com\/images\/S\/aplus-media-library-service-media\/e256af4e-9637-4e99-8876-bb132bd00f13.__CR0,0,1464,600_PT0_SX1464_V1___.jpg\"><img decoding=\"async\" alt=\"El texto dice \u00ab3X Carga ultrarr\u00e1pida\u00bb. El diagrama de carga del tel\u00e9fono m\u00f3vil muestra las capacidades de carga r\u00e1pida, con ilustraciones del tel\u00e9fono y los iconos de carga.\" src=\"https:\/\/m.media-amazon.com\/images\/S\/aplus-media-library-service-media\/e256af4e-9637-4e99-8876-bb132bd00f13.__CR0,0,1464,600_PT0_SX1464_V1___.jpg\">                                               <\/p>\n<p>                                                                                                       <img decoding=\"async\" alt=\"un smartphone con un dispositivo que est\u00e1 conectado a un dispositivo.\" src=\"https:\/\/images-na.ssl-images-amazon.com\/images\/G\/01\/x-locale\/common\/grey-pixel.gif\" class=\"a-lazy-loaded\" data-src=\"https:\/\/m.media-amazon.com\/images\/S\/aplus-media-library-service-media\/cd96d6f9-9829-4eb7-8eb1-9c372d7c259f.__CR0,0,1464,600_PT0_SX1464_V1___.jpg\"><img decoding=\"async\" alt=\"un smartphone con un dispositivo que est\u00e1 conectado a un dispositivo.\" src=\"https:\/\/m.media-amazon.com\/images\/S\/aplus-media-library-service-media\/cd96d6f9-9829-4eb7-8eb1-9c372d7c259f.__CR0,0,1464,600_PT0_SX1464_V1___.jpg\">                                               <\/p>\n<p>                                                                                                       <img decoding=\"async\" alt=\"aplus content image\" src=\"https:\/\/images-na.ssl-images-amazon.com\/images\/G\/01\/x-locale\/common\/grey-pixel.gif\" class=\"a-lazy-loaded\" data-src=\"https:\/\/m.media-amazon.com\/images\/S\/aplus-media-library-service-media\/47db0bf7-faab-465e-b6f5-846863a1bc78.__CR0,0,1464,600_PT0_SX1464_V1___.jpg\"><img decoding=\"async\" alt=\"aplus content image\" src=\"https:\/\/m.media-amazon.com\/images\/S\/aplus-media-library-service-media\/47db0bf7-faab-465e-b6f5-846863a1bc78.__CR0,0,1464,600_PT0_SX1464_V1___.jpg\">                                               <\/p>\n<p>                                                                                                       <img decoding=\"async\" alt=\"Configuraci\u00f3n de carga de tel\u00e9fonos inteligentes con cargador blanco, dispositivo de control de temperatura y tel\u00e9fono sobre una superficie azul. Texto en espa\u00f1ol sobre el control de la temperatura durante la carga.\" src=\"https:\/\/images-na.ssl-images-amazon.com\/images\/G\/01\/x-locale\/common\/grey-pixel.gif\" class=\"a-lazy-loaded\" data-src=\"https:\/\/m.media-amazon.com\/images\/S\/aplus-media-library-service-media\/ace70aa8-95fe-46aa-9c2f-2655ac95204e.__CR0,0,1464,600_PT0_SX1464_V1___.jpg\"><img decoding=\"async\" alt=\"Configuraci\u00f3n de carga de tel\u00e9fonos inteligentes con cargador blanco, dispositivo de control de temperatura y tel\u00e9fono sobre una superficie azul. Texto en espa\u00f1ol sobre el control de la temperatura durante la carga.\" src=\"https:\/\/m.media-amazon.com\/images\/S\/aplus-media-library-service-media\/ace70aa8-95fe-46aa-9c2f-2655ac95204e.__CR0,0,1464,600_PT0_SX1464_V1___.jpg\">                                               <\/p>\n<p>                                                                                                       <img decoding=\"async\" alt=\"Persona relaj\u00e1ndose en el suelo junto al cargador montado en la pared, con obras de arte y muebles visibles en la sala\" src=\"https:\/\/images-na.ssl-images-amazon.com\/images\/G\/01\/x-locale\/common\/grey-pixel.gif\" class=\"a-lazy-loaded\" data-src=\"https:\/\/m.media-amazon.com\/images\/S\/aplus-media-library-service-media\/0135a6c3-fce1-490b-9aa9-4cb1aa4f3648.__CR0,0,1464,600_PT0_SX1464_V1___.jpg\"><img decoding=\"async\" alt=\"Persona relaj\u00e1ndose en el suelo junto al cargador montado en la pared, con obras de arte y muebles visibles en la sala\" src=\"https:\/\/m.media-amazon.com\/images\/S\/aplus-media-library-service-media\/0135a6c3-fce1-490b-9aa9-4cb1aa4f3648.__CR0,0,1464,600_PT0_SX1464_V1___.jpg\">                                               <\/p>\n<p>                                                                                                       <img decoding=\"async\" alt=\"en la mesita de noche con una persona durmiendo en segundo plano. Puerto de carga USB montado en\" src=\"https:\/\/images-na.ssl-images-amazon.com\/images\/G\/01\/x-locale\/common\/grey-pixel.gif\" class=\"a-lazy-loaded\" data-src=\"https:\/\/m.media-amazon.com\/images\/S\/aplus-media-library-service-media\/6ecfb03b-9d79-489a-98d3-e3aab7906280.__CR0,0,1464,600_PT0_SX1464_V1___.jpg\"><img decoding=\"async\" alt=\"en la mesita de noche con una persona durmiendo en segundo plano. Puerto de carga USB montado en\" src=\"https:\/\/m.media-amazon.com\/images\/S\/aplus-media-library-service-media\/6ecfb03b-9d79-489a-98d3-e3aab7906280.__CR0,0,1464,600_PT0_SX1464_V1___.jpg\">                                               <\/p>\n<p>                                                                                                       <img decoding=\"async\" alt=\"Pantalla de varios modelos de tel\u00e9fonos inteligentes y tabletas dispuestos uno al lado del otro, con diferentes tama\u00f1os y dise\u00f1os. El texto dice \u00abCompatibilidad universal\u00bb.\" src=\"https:\/\/images-na.ssl-images-amazon.com\/images\/G\/01\/x-locale\/common\/grey-pixel.gif\" class=\"a-lazy-loaded\" data-src=\"https:\/\/m.media-amazon.com\/images\/S\/aplus-media-library-service-media\/6f929ec1-42f0-44c2-ad53-521ec215d329.__CR0,0,1464,600_PT0_SX1464_V1___.jpg\"><img decoding=\"async\" alt=\"Pantalla de varios modelos de tel\u00e9fonos inteligentes y tabletas dispuestos uno al lado del otro, con diferentes tama\u00f1os y dise\u00f1os. El texto dice \u00abCompatibilidad universal\u00bb.\" src=\"https:\/\/m.media-amazon.com\/images\/S\/aplus-media-library-service-media\/6f929ec1-42f0-44c2-ad53-521ec215d329.__CR0,0,1464,600_PT0_SX1464_V1___.jpg\">                                               <\/p>\n<p> Package Dimensions                                            \u200f                                            :                                            \u200e                                            14.4 x 6.9 x 2.4 cm; 80 g   <br \/> Manufacturer                                            \u200f                                            :                                            \u200e                                            Hoojan Supply Chain   <br \/> ASIN                                            \u200f                                            :                                            \u200e                                            B0DGQJ7RCD   <br \/> Item model number                                            \u200f                                            :                                            \u200e                                            PD-08   <br \/> Guaranteed software updates until                                            \u200f                                            :                                            \u200e                                            unknown   <br \/>  Customer reviews:                                                                                            4.0               4.0 out of 5 stars                                  (5,605)                                              var dpAcrHasRegisteredArcLinkClickAction;                    P.when(&#8216;A&#8217;, &#8216;ready&#8217;).execute(function(A) {                        if (dpAcrHasRegisteredArcLinkClickAction !== true) {                            dpAcrHasRegisteredArcLinkClickAction = true;                            A.declarative(                                &#8216;acrLink-click-metrics&#8217;, &#8216;click&#8217;,                                { \u00aballowLinkDefault\u00bb: true },                                function (event) {                                    if (window.ue) {                                        ue.count(\u00abacrLinkClickCount\u00bb, (ue.count(\u00abacrLinkClickCount\u00bb) || 0) + 1);                                    }                                }                            );                        }                    });                                             P.when(&#8216;A&#8217;, &#8216;cf&#8217;).execute(function(A) {                A.declarative(&#8216;acrStarsLink-click-metrics&#8217;, &#8216;click&#8217;, { \u00aballowLinkDefault\u00bb : true },  function(event){                    if(window.ue) {                        ue.count(\u00abacrStarsLinkWithPopoverClickCount\u00bb, (ue.count(\u00abacrStarsLinkWithPopoverClickCount\u00bb) || 0) + 1);                    }                });            });                          <\/p>\n<p>\u3010Wide Compatibility\u3011iPhone charger 20W fast charging + iPhone cable. Compatible with iPhone 14 \/ 14 Plus \/ 14 Pro \/ 14 Pro Max \/ 13 mini \/ 13 \/ 13 Pro Max \/ 12 mini \/ 12 \/ 12 Pro \/ 12 Pro Max \/ 11 \/ 11 Pro Max \/ XS Max \/ XS \/ XR \/ 8 Plus \/ 8\/ 7. (Not compatible with Phone 15, 16 and 17 series)<br \/>\u3010Fast &#038; Stable Charging\u3011This iPhone charger fast charging incorporates PD3.0 charging technology, which automatically adjusts the temperature during charging and effectively protects your phone&#8217;s battery. With a maximum output power of 20W, charge faster, reaching 50% of your phone in just 30 minutes, three times faster than a 5W charger.<br \/>\u3010Safe &#038; Durable\u3011 The iPhone charger fast charging incorporates safety features that protect your device against over-current, overheating and overcharging. Made of flame retardant material, it remains robust and durable after 15,000 bending tests. Lightning protection cable incorporates a smart chip that works automatically according to the power required by the iOS device, charging the phone quickly, safely and stably, which extends the life of the battery.<br \/>\u3010Lightweight and Portable\u3011 This iPhone charger fast charging with power supply is small and portable, easy to carry and store. So you can quickly charge your device anytime and anywhere, whether at work, at home or on the go.<br \/>\u3010What You Get\u301120W fast charging iPhone charger + 2M\/6.6ft iPhone cable. 1 year worry-free replacement and refund warranty. We offer a 365-day worry-free return and exchange guarantee. Please contact us if you have any quality problems.<\/p>\n\n","protected":false},"excerpt":{"rendered":"<p> Product Description Package Dimensions \u200f : \u200e 14.4 x 6.9 x 2.4 cm; 80 g<\/p>","protected":false},"featured_media":29378,"comment_status":"open","ping_status":"closed","template":"","meta":[],"product_brand":[],"product_cat":[104],"product_tag":[207,182,152,138,137,147,3004,3003,3015,3008,3007,3010,3011,3000,3001,3013,3016,3014,3005,3002,3009,3017,3006,164,163,3012],"class_list":{"0":"post-29377","1":"product","2":"type-product","3":"status-publish","4":"has-post-thumbnail","6":"product_cat-apple-iphone","7":"product_tag-20w","8":"product_tag-cable","9":"product_tag-charger","10":"product_tag-charging","11":"product_tag-fast","12":"product_tag-iphone","13":"product_tag-iphone-13-accessories","14":"product_tag-iphone-14-case","15":"product_tag-iphone-adapter","16":"product_tag-iphone-battery-pack","17":"product_tag-iphone-cable","18":"product_tag-iphone-camera-lens","19":"product_tag-iphone-car-mount","20":"product_tag-iphone-case","21":"product_tag-iphone-charger","22":"product_tag-iphone-earbuds","23":"product_tag-iphone-gaming-controller","24":"product_tag-iphone-magsafe","25":"product_tag-iphone-pro-max-case","26":"product_tag-iphone-screen-protector","27":"product_tag-iphone-tempered-glass","28":"product_tag-iphone-tripod","29":"product_tag-iphone-wireless-charger","30":"product_tag-max","31":"product_tag-pro","32":"product_tag-refurbished-iphone","34":"first","35":"instock","36":"sale","37":"shipping-taxable","38":"product-type-external"},"_links":{"self":[{"href":"https:\/\/comprasyconsejos.store\/en\/wp-json\/wp\/v2\/product\/29377","targetHints":{"allow":["GET"]}}],"collection":[{"href":"https:\/\/comprasyconsejos.store\/en\/wp-json\/wp\/v2\/product"}],"about":[{"href":"https:\/\/comprasyconsejos.store\/en\/wp-json\/wp\/v2\/types\/product"}],"replies":[{"embeddable":true,"href":"https:\/\/comprasyconsejos.store\/en\/wp-json\/wp\/v2\/comments?post=29377"}],"version-history":[{"count":0,"href":"https:\/\/comprasyconsejos.store\/en\/wp-json\/wp\/v2\/product\/29377\/revisions"}],"wp:featuredmedia":[{"embeddable":true,"href":"https:\/\/comprasyconsejos.store\/en\/wp-json\/wp\/v2\/media\/29378"}],"wp:attachment":[{"href":"https:\/\/comprasyconsejos.store\/en\/wp-json\/wp\/v2\/media?parent=29377"}],"wp:term":[{"taxonomy":"product_brand","embeddable":true,"href":"https:\/\/comprasyconsejos.store\/en\/wp-json\/wp\/v2\/product_brand?post=29377"},{"taxonomy":"product_cat","embeddable":true,"href":"https:\/\/comprasyconsejos.store\/en\/wp-json\/wp\/v2\/product_cat?post=29377"},{"taxonomy":"product_tag","embeddable":true,"href":"https:\/\/comprasyconsejos.store\/en\/wp-json\/wp\/v2\/product_tag?post=29377"}],"curies":[{"name":"wp","href":"https:\/\/api.w.org\/{rel}","templated":true}]}}