{"id":29383,"date":"2026-02-21T14:50:57","date_gmt":"2026-02-21T14:50:57","guid":{"rendered":"https:\/\/comprasyconsejos.store\/product\/7artisans-f2-8-ii-10mm-f2-8-ii-ultra-wide-angle-fisheye-lens-185-manual-focus-for-sony-e-mount-mirrorless-cameras-a7-a7r-a7s-a7ii-a7rii-a7sii-a9-a7riii-a7riv-a9ii-a7siii-a7c-a1\/"},"modified":"2026-02-21T14:51:01","modified_gmt":"2026-02-21T14:51:01","slug":"7artisans-f2-8-ii-10mm-f2-8-ii-ultra-wide-angle-fisheye-lens-185-manual-focus-for-sony-e-mount-mirrorless-cameras-a7-a7r-a7s-a7ii-a7rii-a7sii-a9-a7riii-a7riv-a9ii-a7siii-a7c-a1","status":"publish","type":"product","link":"https:\/\/comprasyconsejos.store\/en\/product\/7artisans-f2-8-ii-10mm-f2-8-ii-ultra-wide-angle-fisheye-lens-185-manual-focus-for-sony-e-mount-mirrorless-cameras-a7-a7r-a7s-a7ii-a7rii-a7sii-a9-a7riii-a7riv-a9ii-a7siii-a7c-a1\/","title":{"rendered":"7artisans F2.8 II 10mm F2.8 II Ultra Wide Angle Fisheye Lens 185\u00b0 Manual Focus for Sony E-Mount Mirrorless Cameras A7\/A7R\/A7S\/A7II\/A7RII\/A7SII\/A9\/A7RIII\/A7RIV\/A9II\/A7SIII\/A7C\/A1"},"content":{"rendered":"<p>Price: <span style=\"color:#b12704\">\u20ac369.00<\/span><br \/><i><small>(as of Feb 21, 2026 14:50:58 UTC &#8211; <span class=\"wp_automatic_amazon_disclaimer\" title=\"Product prices and availability are accurate as of the date\/time indicated and are subject to change. Any price and availability information displayed on [relevant Amazon Site(s), as applicable] at the time of purchase will apply to the purchase of this product.\">Details<\/span>)<\/small><\/i><\/p>\n<p><a href=\"https:\/\/amazon.es\/dp\/B0DK1Q9KMJ?tag=man008-21\"><img decoding=\"async\" src=\"https:\/\/valvepress.s3.amazonaws.com\/imgs\/buy_now.png\"><\/a><br \/>\n<\/p>\n<p>                                             From the brand   <\/p>\n<p>                                              <img decoding=\"async\" alt=\"imagen de contenido aplus\" src=\"https:\/\/images-na.ssl-images-amazon.com\/images\/G\/01\/x-locale\/common\/grey-pixel.gif\" class=\"a-lazy-loaded\" data-src=\"https:\/\/m.media-amazon.com\/images\/S\/aplus-media-library-service-media\/5c1bc082-a501-4880-aabe-e230234a43ec.__CR0,110,3000,1281_PT0_SX1464_V1___.jpg\"><img decoding=\"async\" alt=\"imagen de contenido aplus\" src=\"https:\/\/m.media-amazon.com\/images\/S\/aplus-media-library-service-media\/5c1bc082-a501-4880-aabe-e230234a43ec.__CR0,110,3000,1281_PT0_SX1464_V1___.jpg\">  <\/p>\n<p>                                              <img decoding=\"async\" alt=\"\" src=\"https:\/\/images-na.ssl-images-amazon.com\/images\/G\/01\/x-locale\/common\/grey-pixel.gif\" class=\"a-lazy-loaded\" data-src=\"https:\/\/m.media-amazon.com\/images\/S\/aplus-media-library-service-media\/6b1810bf-f37f-455a-90ea-083e67edaf2c.__CR0,9,630,290_PT0_SX315_V1___.jpg\"><img decoding=\"async\" alt=\"\" src=\"https:\/\/m.media-amazon.com\/images\/S\/aplus-media-library-service-media\/6b1810bf-f37f-455a-90ea-083e67edaf2c.__CR0,9,630,290_PT0_SX315_V1___.jpg\">  <\/p>\n<p> Abunt Us <\/p>\n<p> 7Artisans se estableci\u00f3 en marzo de 2016. Es una empresa integral que integra dise\u00f1o, desarrollo, producci\u00f3n y fabricaci\u00f3n. Con sede en Shenzhen, provincia de Guangdong. Hemos desarrollado lentes de gran apertura de la serie Firefly, lentes de cine de la serie APS-C de visi\u00f3n lentes de cine Full Frame, lentes de montura M de tel\u00e9metro, lente macro, lente ojo de pez, filtros y muchos otros productos que ganaron el reconocimiento de los consumidores. <\/p>\n<h3>  7Artisans &#8211; Lente F2.8 II de 10 mm <\/h3>\n<p class=\"apm-brand-story-stores-link\">\n<h3> Serie de lentes ojo de pez 7artisans <\/h3>\n<p class=\"apm-brand-story-stores-link\">\n<p>                                              <img decoding=\"async\" alt=\"10 mm F2.8II\" src=\"https:\/\/images-na.ssl-images-amazon.com\/images\/G\/01\/x-locale\/common\/grey-pixel.gif\" class=\"a-lazy-loaded\" data-src=\"https:\/\/m.media-amazon.com\/images\/S\/aplus-media-library-service-media\/2ab806c7-676c-4aeb-a625-c08f1c2e3cb0.__CR11,0,724,906_PT0_SX362_V1___.jpg\"><img decoding=\"async\" alt=\"10 mm F2.8II\" src=\"https:\/\/m.media-amazon.com\/images\/S\/aplus-media-library-service-media\/2ab806c7-676c-4aeb-a625-c08f1c2e3cb0.__CR11,0,724,906_PT0_SX362_V1___.jpg\">  <\/p>\n<p>                                              <img decoding=\"async\" alt=\"4 mm\" src=\"https:\/\/images-na.ssl-images-amazon.com\/images\/G\/01\/x-locale\/common\/grey-pixel.gif\" class=\"a-lazy-loaded\" data-src=\"https:\/\/m.media-amazon.com\/images\/S\/aplus-media-library-service-media\/92503a4b-68c6-4ecc-8b1e-9bf7af8b5bf3.__CR11,0,724,906_PT0_SX362_V1___.jpg\"><img decoding=\"async\" alt=\"4 mm\" src=\"https:\/\/m.media-amazon.com\/images\/S\/aplus-media-library-service-media\/92503a4b-68c6-4ecc-8b1e-9bf7af8b5bf3.__CR11,0,724,906_PT0_SX362_V1___.jpg\">  <\/p>\n<p>                                              <img decoding=\"async\" alt=\"7,5 mm F2.8 II\" src=\"https:\/\/images-na.ssl-images-amazon.com\/images\/G\/01\/x-locale\/common\/grey-pixel.gif\" class=\"a-lazy-loaded\" data-src=\"https:\/\/m.media-amazon.com\/images\/S\/aplus-media-library-service-media\/efc58be1-a23f-4386-9d08-98170071bb7f.__CR11,0,724,906_PT0_SX362_V1___.jpg\"><img decoding=\"async\" alt=\"7,5 mm F2.8 II\" src=\"https:\/\/m.media-amazon.com\/images\/S\/aplus-media-library-service-media\/efc58be1-a23f-4386-9d08-98170071bb7f.__CR11,0,724,906_PT0_SX362_V1___.jpg\">  <\/p>\n<p>                                              <img decoding=\"async\" alt=\"7,5 mm F3,5\" src=\"https:\/\/images-na.ssl-images-amazon.com\/images\/G\/01\/x-locale\/common\/grey-pixel.gif\" class=\"a-lazy-loaded\" data-src=\"https:\/\/m.media-amazon.com\/images\/S\/aplus-media-library-service-media\/aae78e26-33a4-470c-bb42-8b83073cc9b9.__CR11,0,724,906_PT0_SX362_V1___.jpg\"><img decoding=\"async\" alt=\"7,5 mm F3,5\" src=\"https:\/\/m.media-amazon.com\/images\/S\/aplus-media-library-service-media\/aae78e26-33a4-470c-bb42-8b83073cc9b9.__CR11,0,724,906_PT0_SX362_V1___.jpg\">  <\/p>\n<p>                                              <img decoding=\"async\" alt=\"10 mm F2.8\" src=\"https:\/\/images-na.ssl-images-amazon.com\/images\/G\/01\/x-locale\/common\/grey-pixel.gif\" class=\"a-lazy-loaded\" data-src=\"https:\/\/m.media-amazon.com\/images\/S\/aplus-media-library-service-media\/12708239-3993-4271-9e37-93bf56100aa4.__CR11,0,724,906_PT0_SX362_V1___.jpg\"><img decoding=\"async\" alt=\"10 mm F2.8\" src=\"https:\/\/m.media-amazon.com\/images\/S\/aplus-media-library-service-media\/12708239-3993-4271-9e37-93bf56100aa4.__CR11,0,724,906_PT0_SX362_V1___.jpg\">  <\/p>\n<h3> Lente gran angular 7artisans <\/h3>\n<p class=\"apm-brand-story-stores-link\">\n<h3> 7Artisans Lente F5.6 de 9 mm <\/h3>\n<p class=\"apm-brand-story-stores-link\">\n<p>                                              <img decoding=\"async\" alt=\"9mm F5.6\" src=\"https:\/\/images-na.ssl-images-amazon.com\/images\/G\/01\/x-locale\/common\/grey-pixel.gif\" class=\"a-lazy-loaded\" data-src=\"https:\/\/m.media-amazon.com\/images\/S\/aplus-media-library-service-media\/8f2ea592-ec3f-458f-b88f-c05f2c148930.__CR11,0,724,906_PT0_SX362_V1___.jpg\"><img decoding=\"async\" alt=\"9mm F5.6\" src=\"https:\/\/m.media-amazon.com\/images\/S\/aplus-media-library-service-media\/8f2ea592-ec3f-458f-b88f-c05f2c148930.__CR11,0,724,906_PT0_SX362_V1___.jpg\">  <\/p>\n<p>                                              <img decoding=\"async\" alt=\"12 mm F2.8 \u2161\" src=\"https:\/\/images-na.ssl-images-amazon.com\/images\/G\/01\/x-locale\/common\/grey-pixel.gif\" class=\"a-lazy-loaded\" data-src=\"https:\/\/m.media-amazon.com\/images\/S\/aplus-media-library-service-media\/3b73678e-212a-4c50-a4f4-d112c85ed228.__CR11,0,724,906_PT0_SX362_V1___.jpg\"><img decoding=\"async\" alt=\"12 mm F2.8 \u2161\" src=\"https:\/\/m.media-amazon.com\/images\/S\/aplus-media-library-service-media\/3b73678e-212a-4c50-a4f4-d112c85ed228.__CR11,0,724,906_PT0_SX362_V1___.jpg\">  <\/p>\n<p>                                              <img decoding=\"async\" alt=\"15mm F4\" src=\"https:\/\/images-na.ssl-images-amazon.com\/images\/G\/01\/x-locale\/common\/grey-pixel.gif\" class=\"a-lazy-loaded\" data-src=\"https:\/\/m.media-amazon.com\/images\/S\/aplus-media-library-service-media\/9de2fbc2-a20f-4715-87de-82d47f5383a2.__CR11,0,724,906_PT0_SX362_V1___.jpg\"><img decoding=\"async\" alt=\"15mm F4\" src=\"https:\/\/m.media-amazon.com\/images\/S\/aplus-media-library-service-media\/9de2fbc2-a20f-4715-87de-82d47f5383a2.__CR11,0,724,906_PT0_SX362_V1___.jpg\">  <\/p>\n<p>                                              <img decoding=\"async\" alt=\"24mm F1.4\" src=\"https:\/\/images-na.ssl-images-amazon.com\/images\/G\/01\/x-locale\/common\/grey-pixel.gif\" class=\"a-lazy-loaded\" data-src=\"https:\/\/m.media-amazon.com\/images\/S\/aplus-media-library-service-media\/7d0377dc-cb5d-4ff7-a76c-7586af1c016c.__CR11,0,724,906_PT0_SX362_V1___.jpg\"><img decoding=\"async\" alt=\"24mm F1.4\" src=\"https:\/\/m.media-amazon.com\/images\/S\/aplus-media-library-service-media\/7d0377dc-cb5d-4ff7-a76c-7586af1c016c.__CR11,0,724,906_PT0_SX362_V1___.jpg\">  <\/p>\n<h3> Lente est\u00e1ndar 7artisans <\/h3>\n<p class=\"apm-brand-story-stores-link\">\n<p>                                              <img decoding=\"async\" alt=\"18mm F6.3\" src=\"https:\/\/images-na.ssl-images-amazon.com\/images\/G\/01\/x-locale\/common\/grey-pixel.gif\" class=\"a-lazy-loaded\" data-src=\"https:\/\/m.media-amazon.com\/images\/S\/aplus-media-library-service-media\/3a377b58-fcf2-452a-9a8f-e90fcd3646f3.__CR11,0,724,906_PT0_SX362_V1___.jpg\"><img decoding=\"async\" alt=\"18mm F6.3\" src=\"https:\/\/m.media-amazon.com\/images\/S\/aplus-media-library-service-media\/3a377b58-fcf2-452a-9a8f-e90fcd3646f3.__CR11,0,724,906_PT0_SX362_V1___.jpg\">  <\/p>\n<p>                                              <img decoding=\"async\" alt=\"25 mm F1.8\" src=\"https:\/\/images-na.ssl-images-amazon.com\/images\/G\/01\/x-locale\/common\/grey-pixel.gif\" class=\"a-lazy-loaded\" data-src=\"https:\/\/m.media-amazon.com\/images\/S\/aplus-media-library-service-media\/b28b1a09-cce0-47f0-b48d-7cd493393290.__CR11,0,724,906_PT0_SX362_V1___.jpg\"><img decoding=\"async\" alt=\"25 mm F1.8\" src=\"https:\/\/m.media-amazon.com\/images\/S\/aplus-media-library-service-media\/b28b1a09-cce0-47f0-b48d-7cd493393290.__CR11,0,724,906_PT0_SX362_V1___.jpg\">  <\/p>\n<p>                                              <img decoding=\"async\" alt=\"35mm F1.2\" src=\"https:\/\/images-na.ssl-images-amazon.com\/images\/G\/01\/x-locale\/common\/grey-pixel.gif\" class=\"a-lazy-loaded\" data-src=\"https:\/\/m.media-amazon.com\/images\/S\/aplus-media-library-service-media\/c5076c47-a6e6-409b-ad80-7d3abd7d6ef1.__CR11,0,724,906_PT0_SX362_V1___.jpg\"><img decoding=\"async\" alt=\"35mm F1.2\" src=\"https:\/\/m.media-amazon.com\/images\/S\/aplus-media-library-service-media\/c5076c47-a6e6-409b-ad80-7d3abd7d6ef1.__CR11,0,724,906_PT0_SX362_V1___.jpg\">  <\/p>\n<p>                                              <img decoding=\"async\" alt=\"35mm F1.4\" src=\"https:\/\/images-na.ssl-images-amazon.com\/images\/G\/01\/x-locale\/common\/grey-pixel.gif\" class=\"a-lazy-loaded\" data-src=\"https:\/\/m.media-amazon.com\/images\/S\/aplus-media-library-service-media\/07f85654-096d-4810-ab9e-5d4967922d9a.__CR11,0,724,906_PT0_SX362_V1___.jpg\"><img decoding=\"async\" alt=\"35mm F1.4\" src=\"https:\/\/m.media-amazon.com\/images\/S\/aplus-media-library-service-media\/07f85654-096d-4810-ab9e-5d4967922d9a.__CR11,0,724,906_PT0_SX362_V1___.jpg\">  <\/p>\n<p> Product Dimensions                                            \u200f                                            :                                            \u200e                                            9.5 x 7.5 x 7.5 cm; 1.11 kg   <br \/> Date First Available                                            \u200f                                            :                                            \u200e                                            6 Nov. 2024   <br \/> Manufacturer                                            \u200f                                            :                                            \u200e                                            7artisans   <br \/> ASIN                                            \u200f                                            :                                            \u200e                                            B0DK1Q9KMJ   <br \/> Manufacturer reference                                            \u200f                                            :                                            \u200e                                            1028EBII-FBA   <br \/> Country of origin                                            \u200f                                            :                                            \u200e                                            China   <br \/> Guaranteed software updates until                                            \u200f                                            :                                            \u200e                                            unknown   <br \/>       Best Sellers Rank:  20,340 in Electronics (See Top 100 in Electronics)    35 in Mirrorless Camera Lenses      <br \/>  Customer reviews:                                                                                            4.5               4.5 out of 5 stars                                  (74)                                              var dpAcrHasRegisteredArcLinkClickAction;                    P.when(&#8216;A&#8217;, &#8216;ready&#8217;).execute(function(A) {                        if (dpAcrHasRegisteredArcLinkClickAction !== true) {                            dpAcrHasRegisteredArcLinkClickAction = true;                            A.declarative(                                &#8216;acrLink-click-metrics&#8217;, &#8216;click&#8217;,                                { \u00aballowLinkDefault\u00bb: true },                                function (event) {                                    if (window.ue) {                                        ue.count(\u00abacrLinkClickCount\u00bb, (ue.count(\u00abacrLinkClickCount\u00bb) || 0) + 1);                                    }                                }                            );                        }                    });                                             P.when(&#8216;A&#8217;, &#8216;cf&#8217;).execute(function(A) {                A.declarative(&#8216;acrStarsLink-click-metrics&#8217;, &#8216;click&#8217;, { \u00aballowLinkDefault\u00bb : true },  function(event){                    if(window.ue) {                        ue.count(\u00abacrStarsLinkWithPopoverClickCount\u00bb, (ue.count(\u00abacrStarsLinkWithPopoverClickCount\u00bb) || 0) + 1);                    }                });            });                          <\/p>\n<p>ULTRA-WIDE ANGLE VISION &#8211; The 7artisans F2.8 II 10mm lens offers an impressive 185\u00b0 ultra-wide fisheye perspective (compared to the 178\u00b0 of the first generation), delivering a powerful visual impact that enhances the grandeur and spatial feel of your images, making it ideal for various creative shots.<br \/>LIGHTWEIGHT AND PORTABLE &#8211; Weighing in at approximately 600g, the 7artisans F2.8 II 10mm full frame lens is incredibly lightweight, making it easy to carry for outdoor photography and extended shooting sessions.<br \/>Advantage of Large Aperture &#8211; F2.8 II 10mm constant large aperture F2.8 lens excels in landscape photography, allowing for greater light capture in low-light environments, reducing exposure time and improving image quality, especially when capturing starry skies with clearer detail.<br \/>UPGRADED OPTICAL STRUCTURE A 10mm F2.8 II lens with an 8 groups and 11 element optical design, including 2 ED (Extra Low Dispersion) lenses and 1 aspherical lens, this configuration effectively minimizes chromatic aberration and distortion, maintaining sharp image quality of center 7artisans edge and significantly improving overall image performance.<br \/>Close Focus &#038; Creative Effects &#8211; 7artisans 10mm F2.8 II full frame ultra wide angle fisheye lens with a minimum focusing distance of only 0.15m, you can get very close to your subject. Combined with the fisheye effect, it easily creates a \u00abbig head\u00bb effect, adding unique creativity and fun to portrait photography.<\/p>\n\n","protected":false},"excerpt":{"rendered":"<p> From the brand Abunt Us 7Artisans se estableci\u00f3 en marzo de 2016. Es una empresa<\/p>","protected":false},"featured_media":29384,"comment_status":"open","ping_status":"closed","template":"","meta":[],"product_brand":[],"product_cat":[99],"product_tag":[8561,3028,5277,8562,593,1621,3020,3030,3025,5490,3570,6930,3072,3022,2160,3027,5280,3023,2161,3032,3018,3033,3029,1856,3024,3035,3034,3021,2155,3026,3019,3031,222,2561],"class_list":{"0":"post-29383","1":"product","2":"type-product","3":"status-publish","4":"has-post-thumbnail","6":"product_cat-mirrorless","7":"product_tag-10mm","8":"product_tag-24-70mm-mirrorless","9":"product_tag-7artisans","10":"product_tag-a7a7ra7sa7iia7riia7siia9a7riiia7riva9iia7siiia7ca1","11":"product_tag-angle","12":"product_tag-cameras","13":"product_tag-canon-mirrorless","14":"product_tag-compact-mirrorless","15":"product_tag-e-mount-lens","16":"product_tag-emount","17":"product_tag-f2-8","18":"product_tag-fisheye","19":"product_tag-focus","20":"product_tag-fujifilm-mirrorless","21":"product_tag-lens","22":"product_tag-lumix-lens","23":"product_tag-manual","24":"product_tag-micro-four-thirds-lens","25":"product_tag-mirrorless","26":"product_tag-mirrorless-body-only","27":"product_tag-mirrorless-camera","28":"product_tag-mirrorless-camera-accessories","29":"product_tag-mirrorless-camera-bundle","30":"product_tag-mirrorless-cameras","31":"product_tag-mirrorless-lens","32":"product_tag-mirrorless-stabilizer","33":"product_tag-mirrorless-tripod","34":"product_tag-nikon-mirrorless","35":"product_tag-sony","36":"product_tag-sony-a6000-lens","37":"product_tag-sony-mirrorless","38":"product_tag-travel-mirrorless","39":"product_tag-ultra","40":"product_tag-wide","42":"first","43":"instock","44":"shipping-taxable","45":"product-type-external"},"_links":{"self":[{"href":"https:\/\/comprasyconsejos.store\/en\/wp-json\/wp\/v2\/product\/29383","targetHints":{"allow":["GET"]}}],"collection":[{"href":"https:\/\/comprasyconsejos.store\/en\/wp-json\/wp\/v2\/product"}],"about":[{"href":"https:\/\/comprasyconsejos.store\/en\/wp-json\/wp\/v2\/types\/product"}],"replies":[{"embeddable":true,"href":"https:\/\/comprasyconsejos.store\/en\/wp-json\/wp\/v2\/comments?post=29383"}],"version-history":[{"count":0,"href":"https:\/\/comprasyconsejos.store\/en\/wp-json\/wp\/v2\/product\/29383\/revisions"}],"wp:featuredmedia":[{"embeddable":true,"href":"https:\/\/comprasyconsejos.store\/en\/wp-json\/wp\/v2\/media\/29384"}],"wp:attachment":[{"href":"https:\/\/comprasyconsejos.store\/en\/wp-json\/wp\/v2\/media?parent=29383"}],"wp:term":[{"taxonomy":"product_brand","embeddable":true,"href":"https:\/\/comprasyconsejos.store\/en\/wp-json\/wp\/v2\/product_brand?post=29383"},{"taxonomy":"product_cat","embeddable":true,"href":"https:\/\/comprasyconsejos.store\/en\/wp-json\/wp\/v2\/product_cat?post=29383"},{"taxonomy":"product_tag","embeddable":true,"href":"https:\/\/comprasyconsejos.store\/en\/wp-json\/wp\/v2\/product_tag?post=29383"}],"curies":[{"name":"wp","href":"https:\/\/api.w.org\/{rel}","templated":true}]}}