{"id":29410,"date":"2026-02-21T15:30:24","date_gmt":"2026-02-21T15:30:24","guid":{"rendered":"https:\/\/comprasyconsejos.store\/product\/anker-usb-c-hub-332-5-in-1-usb-hub-with-4k-hdmi-display-5gbps-data-port-and-2-usb-a-ports-for-macbook-pro-air-dell-xps-lenovo-thinkpad-hp-laptops-more\/"},"modified":"2026-02-21T15:30:26","modified_gmt":"2026-02-21T15:30:26","slug":"anker-usb-c-hub-332-5-in-1-usb-hub-with-4k-hdmi-display-5gbps-data-port-and-2-usb-a-ports-for-macbook-pro-air-dell-xps-lenovo-thinkpad-hp-laptops-more","status":"publish","type":"product","link":"https:\/\/comprasyconsejos.store\/en\/product\/anker-usb-c-hub-332-5-in-1-usb-hub-with-4k-hdmi-display-5gbps-data-port-and-2-usb-a-ports-for-macbook-pro-air-dell-xps-lenovo-thinkpad-hp-laptops-more\/","title":{"rendered":"Anker USB C Hub, 332 5-in-1 USB Hub with 4K HDMI Display, 5Gbps Data Port and 2 USB-A Ports for MacBook Pro, Air, DELL XPS, Lenovo Thinkpad, HP Laptops More"},"content":{"rendered":"<p>Price: <span style=\"color:#b12704\">\u20ac19.99<\/span><br \/><i><small>(as of Feb 21, 2026 15:30:24 UTC &#8211; <span class=\"wp_automatic_amazon_disclaimer\" title=\"Product prices and availability are accurate as of the date\/time indicated and are subject to change. Any price and availability information displayed on [relevant Amazon Site(s), as applicable] at the time of purchase will apply to the purchase of this product.\">Details<\/span>)<\/small><\/i><\/p>\n<p><a href=\"https:\/\/amazon.es\/dp\/B0BQLLB61B?tag=man008-21\"><img decoding=\"async\" src=\"https:\/\/valvepress.s3.amazonaws.com\/imgs\/buy_now.png\"><\/a><br \/>\n<\/p>\n<p>                                             From the brand   <\/p>\n<p>                                              <img decoding=\"async\" alt=\"Fondo azul con el texto blanco \u00abNO.1\u00bb en un lugar destacado. Texto peque\u00f1o adicional visible pero no legible\" src=\"https:\/\/images-na.ssl-images-amazon.com\/images\/G\/01\/x-locale\/common\/grey-pixel.gif\" class=\"a-lazy-loaded\" data-src=\"https:\/\/m.media-amazon.com\/images\/S\/aplus-media-library-service-media\/6d405de8-a0f7-40b3-9733-d6aa12a58b96.__CR0,1,2340,999_PT0_SX1464_V1___.jpg\"><img decoding=\"async\" alt=\"Fondo azul con el texto blanco \u00abNO.1\u00bb en un lugar destacado. Texto peque\u00f1o adicional visible pero no legible\" src=\"https:\/\/m.media-amazon.com\/images\/S\/aplus-media-library-service-media\/6d405de8-a0f7-40b3-9733-d6aa12a58b96.__CR0,1,2340,999_PT0_SX1464_V1___.jpg\">  <\/p>\n<p>                                              <img decoding=\"async\" alt=\"\" src=\"https:\/\/images-na.ssl-images-amazon.com\/images\/G\/01\/x-locale\/common\/grey-pixel.gif\" class=\"a-lazy-loaded\" data-src=\"https:\/\/m.media-amazon.com\/images\/S\/aplus-media-library-service-media\/8dae7e0b-e4bd-4fec-bf8e-25ae1eba771b.__CR0,0,315,145_PT0_SX315_V1___.jpeg\"><img decoding=\"async\" alt=\"\" src=\"https:\/\/m.media-amazon.com\/images\/S\/aplus-media-library-service-media\/8dae7e0b-e4bd-4fec-bf8e-25ae1eba771b.__CR0,0,315,145_PT0_SX315_V1___.jpeg\">  <\/p>\n<p> Queremos que viva sin los inconvenientes y la incertidumbre de d\u00f3nde vendr\u00e1 su pr\u00f3xima carga. <\/p>\n<p> Nuestros cargadores y accesorios no solo alimentan sus dispositivos, sino que ofrecen la experiencia tecnol\u00f3gica que desea sin restricciones. <\/p>\n<h3> Acerca de Anker <\/h3>\n<h3> Acerca de Anker <\/h3>\n<h3> Anker Nano <\/h3>\n<h3> Acerca de Anker <\/h3>\n<p class=\"apm-brand-story-stores-link\">\n<h3> Acerca de Anker <\/h3>\n<p class=\"apm-brand-story-stores-link\">\n<h3> Acerca de Anker <\/h3>\n<p class=\"apm-brand-story-stores-link\">\n<h3> Acerca de Anker <\/h3>\n<p class=\"apm-brand-story-stores-link\">\n<h3> Acerca de Anker <\/h3>\n<p class=\"apm-brand-story-stores-link\">\n<h3> Acerca de Anker <\/h3>\n<p class=\"apm-brand-story-stores-link\">\n<h3> Acerca de Anker <\/h3>\n<p class=\"apm-brand-story-stores-link\">\n<h3> Acerca de Anker <\/h3>\n<p class=\"apm-brand-story-stores-link\">\n<h3> Acerca de Anker <\/h3>\n<p class=\"apm-brand-story-stores-link\">\n<h3> Acerca de Anker <\/h3>\n<p class=\"apm-brand-story-stores-link\">\n<p>                                              <img decoding=\"async\" alt=\"Secci\u00f3n de aprobaci\u00f3n que muestra cuatro im\u00e1genes de perfil circulares de personas y logotipos de medios de comunicaci\u00f3n como Yahoo, BuzzFeed, CNET, Forbes, iMore\" src=\"https:\/\/images-na.ssl-images-amazon.com\/images\/G\/01\/x-locale\/common\/grey-pixel.gif\" class=\"a-lazy-loaded\" data-src=\"https:\/\/m.media-amazon.com\/images\/S\/aplus-media-library-service-media\/ed5fc121-acb6-4937-90b0-4bc2c4cd083a.__CR0,4,1160,1452_PT0_SX362_V1___.jpeg\"><img decoding=\"async\" alt=\"Secci\u00f3n de aprobaci\u00f3n que muestra cuatro im\u00e1genes de perfil circulares de personas y logotipos de medios de comunicaci\u00f3n como Yahoo, BuzzFeed, CNET, Forbes, iMore\" src=\"https:\/\/m.media-amazon.com\/images\/S\/aplus-media-library-service-media\/ed5fc121-acb6-4937-90b0-4bc2c4cd083a.__CR0,4,1160,1452_PT0_SX362_V1___.jpeg\">  <\/p>\n<p> Product Dimensions                                            \u200f                                            :                                            \u200e                                            12.15 x 4.05 x 1.15 cm; 40.82 g   <br \/> Manufacturer                                            \u200f                                            :                                            \u200e                                            Anker   <br \/> ASIN                                            \u200f                                            :                                            \u200e                                            B0BQLLB61B   <br \/> Item model number                                            \u200f                                            :                                            \u200e                                            A8355011   <br \/> Country of origin                                            \u200f                                            :                                            \u200e                                            China   <br \/> Guaranteed software updates until                                            \u200f                                            :                                            \u200e                                            unknown   <br \/>  Customer reviews:                                                                                            4.5               4.5 out of 5 stars                                  (14,884)                                              var dpAcrHasRegisteredArcLinkClickAction;                    P.when(&#8216;A&#8217;, &#8216;ready&#8217;).execute(function(A) {                        if (dpAcrHasRegisteredArcLinkClickAction !== true) {                            dpAcrHasRegisteredArcLinkClickAction = true;                            A.declarative(                                &#8216;acrLink-click-metrics&#8217;, &#8216;click&#8217;,                                { \u00aballowLinkDefault\u00bb: true },                                function (event) {                                    if (window.ue) {                                        ue.count(\u00abacrLinkClickCount\u00bb, (ue.count(\u00abacrLinkClickCount\u00bb) || 0) + 1);                                    }                                }                            );                        }                    });                                             P.when(&#8216;A&#8217;, &#8216;cf&#8217;).execute(function(A) {                A.declarative(&#8216;acrStarsLink-click-metrics&#8217;, &#8216;click&#8217;, { \u00aballowLinkDefault\u00bb : true },  function(event){                    if(window.ue) {                        ue.count(\u00abacrStarsLinkWithPopoverClickCount\u00bb, (ue.count(\u00abacrStarsLinkWithPopoverClickCount\u00bb) || 0) + 1);                    }                });            });                          <\/p>\n<p>5-IN-1 CONNECTIVITY: Equipped with one 4K HDMI port, one 5Gbps USB-C data port, two 5Gbps USB-A ports, and one 100W PD-IN port.<br \/>STEP-THROUGH CHARGING: Supports up to 85W of pass-through charging so you can charge your laptop while using the hub. Note: A charger is required for direct charging (not included).<br \/>Data Transfer in Seconds: USB-C and USB-A ports can transfer files to and from your laptop at speeds of up to 5Gbps.<br \/>HD DISPLAY: Connect an external monitor to the HDMI port to stream or mirror content with up to 4K resolution at 30Hz. Note: USB-C ports do not support video output.<br \/>IN THE BOX: Anker 332 USB C Hub (5 in 1), welcome guide, our 18-month warranty and friendly customer service.<\/p>\n\n","protected":false},"excerpt":{"rendered":"<p> From the brand Queremos que viva sin los inconvenientes y la incertidumbre de d\u00f3nde vendr\u00e1<\/p>","protected":false},"featured_media":29411,"comment_status":"open","ping_status":"closed","template":"","meta":[],"product_brand":[],"product_cat":[69],"product_tag":[2213,8568,216,4957,2047,199,809,561,2044,544,2052,2037,169,534,1054,160,2054,2046,153,382,2049,163,1055,133,2050,2042,2040,399,3786],"class_list":{"0":"post-29410","1":"product","2":"type-product","3":"status-publish","4":"has-post-thumbnail","6":"product_cat-cables-adapters","7":"product_tag-5gbps","8":"product_tag-5in1","9":"product_tag-air","10":"product_tag-anker","11":"product_tag-charging-cable","12":"product_tag-data","13":"product_tag-dell","14":"product_tag-display","15":"product_tag-displayport-cable","16":"product_tag-hdmi","17":"product_tag-hdmi-adapter","18":"product_tag-hdmi-cable","19":"product_tag-hub","20":"product_tag-laptops","21":"product_tag-lenovo","22":"product_tag-macbook","23":"product_tag-multiport-adapter","24":"product_tag-network-cable","25":"product_tag-port","26":"product_tag-ports","27":"product_tag-power-cable","28":"product_tag-pro","29":"product_tag-thinkpad","30":"product_tag-usb","31":"product_tag-usb-adapter","32":"product_tag-usb-c-cable","33":"product_tag-usb-cable","34":"product_tag-usba","35":"product_tag-xps","37":"first","38":"instock","39":"shipping-taxable","40":"product-type-external"},"_links":{"self":[{"href":"https:\/\/comprasyconsejos.store\/en\/wp-json\/wp\/v2\/product\/29410","targetHints":{"allow":["GET"]}}],"collection":[{"href":"https:\/\/comprasyconsejos.store\/en\/wp-json\/wp\/v2\/product"}],"about":[{"href":"https:\/\/comprasyconsejos.store\/en\/wp-json\/wp\/v2\/types\/product"}],"replies":[{"embeddable":true,"href":"https:\/\/comprasyconsejos.store\/en\/wp-json\/wp\/v2\/comments?post=29410"}],"version-history":[{"count":0,"href":"https:\/\/comprasyconsejos.store\/en\/wp-json\/wp\/v2\/product\/29410\/revisions"}],"wp:featuredmedia":[{"embeddable":true,"href":"https:\/\/comprasyconsejos.store\/en\/wp-json\/wp\/v2\/media\/29411"}],"wp:attachment":[{"href":"https:\/\/comprasyconsejos.store\/en\/wp-json\/wp\/v2\/media?parent=29410"}],"wp:term":[{"taxonomy":"product_brand","embeddable":true,"href":"https:\/\/comprasyconsejos.store\/en\/wp-json\/wp\/v2\/product_brand?post=29410"},{"taxonomy":"product_cat","embeddable":true,"href":"https:\/\/comprasyconsejos.store\/en\/wp-json\/wp\/v2\/product_cat?post=29410"},{"taxonomy":"product_tag","embeddable":true,"href":"https:\/\/comprasyconsejos.store\/en\/wp-json\/wp\/v2\/product_tag?post=29410"}],"curies":[{"name":"wp","href":"https:\/\/api.w.org\/{rel}","templated":true}]}}