{"id":29415,"date":"2026-02-21T15:33:06","date_gmt":"2026-02-21T15:33:06","guid":{"rendered":"https:\/\/comprasyconsejos.store\/product\/arctic-p14-max-140mm-pc-fan-fan-cpu-case-fan-high-performance-case-fan-pwm-controlled-400-2800-rpm-for-static-pressure-0db-mode-white\/"},"modified":"2026-02-21T15:33:14","modified_gmt":"2026-02-21T15:33:14","slug":"arctic-p14-max-140mm-pc-fan-fan-cpu-case-fan-high-performance-case-fan-pwm-controlled-400-2800-rpm-for-static-pressure-0db-mode-white","status":"publish","type":"product","link":"https:\/\/comprasyconsejos.store\/en\/product\/arctic-p14-max-140mm-pc-fan-fan-cpu-case-fan-high-performance-case-fan-pwm-controlled-400-2800-rpm-for-static-pressure-0db-mode-white\/","title":{"rendered":"ARCTIC P14 Max &#8211; 140mm PC Fan, Fan, CPU Case Fan, High Performance Case Fan, PWM Controlled 400\u20132800 rpm, For Static Pressure, 0dB Mode &#8211; White"},"content":{"rendered":"<p>Price: <span style=\"color:#b12704\">\u20ac23.03<\/span><br \/><i><small>(as of Feb 21, 2026 15:33:06 UTC &#8211; <span class=\"wp_automatic_amazon_disclaimer\" title=\"Product prices and availability are accurate as of the date\/time indicated and are subject to change. Any price and availability information displayed on [relevant Amazon Site(s), as applicable] at the time of purchase will apply to the purchase of this product.\">Details<\/span>)<\/small><\/i><\/p>\n<p><a href=\"https:\/\/amazon.es\/dp\/B09VH1HVQ7?tag=man008-21\"><img decoding=\"async\" src=\"https:\/\/valvepress.s3.amazonaws.com\/imgs\/buy_now.png\"><\/a><br \/>\n<\/p>\n<p>                                             Product Description   <\/p>\n<p>                                                  <img decoding=\"async\" alt=\"ventiladores 140mm 12v para ordenador fan cooler ventoinha 220v silencioso de pc gaming componentes\" src=\"https:\/\/images-na.ssl-images-amazon.com\/images\/G\/01\/x-locale\/common\/grey-pixel.gif\" class=\"a-lazy-loaded\" data-src=\"https:\/\/m.media-amazon.com\/images\/S\/aplus-media-library-service-media\/1181a1a5-5a7e-4db9-b66d-5cf012c64618.__CR0,0,970,300_PT0_SX970_V1___.jpg\"><img decoding=\"async\" alt=\"ventiladores 140mm 12v para ordenador fan cooler ventoinha 220v silencioso de pc gaming componentes\" src=\"https:\/\/m.media-amazon.com\/images\/S\/aplus-media-library-service-media\/1181a1a5-5a7e-4db9-b66d-5cf012c64618.__CR0,0,970,300_PT0_SX970_V1___.jpg\">  <\/p>\n<h3 class=\"a-size-extra-large aplus-13-heading-text a-text-bold\"> Mejor estabilidad <\/h3>\n<p class=\"description\"> El P14 Max utiliza un dise\u00f1o de ventilador cerrado. La ventaja de esta combinaci\u00f3n del ventilador es su perfecta estabilidad de la presi\u00f3n. En escenarios en los que las resistencias a la presi\u00f3n y las velocidades son elevadas, el efecto de la fuerza se distribuye uniformemente por todo el rotor del ventilador y permite una rotaci\u00f3n con pocas vibraciones, manteniendo al mismo tiempo una presi\u00f3n est\u00e1tica elevada. <\/p>\n<p class=\"apm-text-center\">\n                                                      <img decoding=\"async\" alt=\"Diagrama t\u00e9cnico que muestra los componentes internos de un dispositivo mec\u00e1nico con piezas etiquetadas en alem\u00e1n: L\u00fcfterrad, Schmiermittel, Stahlschaft\" src=\"https:\/\/images-na.ssl-images-amazon.com\/images\/G\/01\/x-locale\/common\/grey-pixel.gif\" class=\"a-lazy-loaded\" data-src=\"https:\/\/m.media-amazon.com\/images\/S\/aplus-media-library-service-media\/c2860ad0-7f63-4983-b26a-ed6e095b22b2.__CR0,0,2000,2000_PT0_SX220_V1___.jpg\"><img decoding=\"async\" alt=\"Diagrama t\u00e9cnico que muestra los componentes internos de un dispositivo mec\u00e1nico con piezas etiquetadas en alem\u00e1n: L\u00fcfterrad, Schmiermittel, Stahlschaft\" src=\"https:\/\/m.media-amazon.com\/images\/S\/aplus-media-library-service-media\/c2860ad0-7f63-4983-b26a-ed6e095b22b2.__CR0,0,2000,2000_PT0_SX220_V1___.jpg\">  <\/p>\n<p>                                                    Pr\u00e1cticamente silencioso gracias al rodamiento din\u00e1mico de fluido                                     <\/p>\n<p class=\"a-size-small\"> Como caracter\u00edstica especial, la P14 Max est\u00e1 equipada con el rodamiento din\u00e1mico fluido de ARCTIC. Esto permite un funcionamiento pr\u00e1cticamente silencioso a bajas velocidades, tal y como exigen muchos clientes. A velocidad m\u00e1xima, el m\u00e1ximo rendimiento sigue estando disponible. <\/p>\n<p class=\"apm-text-center\">\n                                                      <img decoding=\"async\" alt=\"Gama de velocidades extremadamente amplia\" src=\"https:\/\/images-na.ssl-images-amazon.com\/images\/G\/01\/x-locale\/common\/grey-pixel.gif\" class=\"a-lazy-loaded\" data-src=\"https:\/\/m.media-amazon.com\/images\/S\/aplus-media-library-service-media\/90971e37-2f08-4ce7-b2a3-70718fcfef34.__CR0,0,2000,2000_PT0_SX220_V1___.jpg\"><img decoding=\"async\" alt=\"Gama de velocidades extremadamente amplia\" src=\"https:\/\/m.media-amazon.com\/images\/S\/aplus-media-library-service-media\/90971e37-2f08-4ce7-b2a3-70718fcfef34.__CR0,0,2000,2000_PT0_SX220_V1___.jpg\">  <\/p>\n<p>                                                    Gama de velocidades extremadamente amplia                                     <\/p>\n<p class=\"a-size-small\"> Bas\u00e1ndose en el \u00e9xito del P14 PWM, el P14 Max ampl\u00eda la velocidad controlable a un rango impresionantemente amplio de 400 rpm hasta 2800 rpm. Esto permite un funcionamiento silencioso cuando se requiere un flujo de aire reducido y un excelente nivel de rendimiento en disipadores de calor y radiadores. El P14 Max consigue un aumento significativo del rendimiento en las existentes soluciones de refrigeraci\u00f3n por aire y agua. <\/p>\n<p class=\"apm-text-center\">\n                                                      <img decoding=\"async\" alt=\"M\u00e1ximo rendimiento, sin compromisos\" src=\"https:\/\/images-na.ssl-images-amazon.com\/images\/G\/01\/x-locale\/common\/grey-pixel.gif\" class=\"a-lazy-loaded\" data-src=\"https:\/\/m.media-amazon.com\/images\/S\/aplus-media-library-service-media\/b52ec683-8db5-4416-97b4-c314b2bd2f8e.__CR0,0,2000,2000_PT0_SX220_V1___.jpg\"><img decoding=\"async\" alt=\"M\u00e1ximo rendimiento, sin compromisos\" src=\"https:\/\/m.media-amazon.com\/images\/S\/aplus-media-library-service-media\/b52ec683-8db5-4416-97b4-c314b2bd2f8e.__CR0,0,2000,2000_PT0_SX220_V1___.jpg\">  <\/p>\n<p>                                                    M\u00e1ximo rendimiento, sin compromisos                                     <\/p>\n<p class=\"a-size-small\"> El P14 Max proporciona un flujo de aire concentrado y una alta presi\u00f3n est\u00e1tica, lo que lo hace adecuado para todos los escenarios. El ventilador est\u00e1 optimizado para su uso en radiadores, disipadores de calor, agujeros y rejillas. Por tanto, el P14 Max es el ventilador ideal para entusiastas y profesionales que buscan el m\u00e1ximo rendimiento con una larga vida \u00fatil. <\/p>\n<p class=\"apm-text-center\">\n                                                      <img decoding=\"async\" alt=\"Sistema de ventilador de refrigeraci\u00f3n para computadora con funci\u00f3n de modo 0dB, que muestra los componentes internos detallados y el dise\u00f1o de malla hexagonal en un diagrama t\u00e9cnico\" src=\"https:\/\/images-na.ssl-images-amazon.com\/images\/G\/01\/x-locale\/common\/grey-pixel.gif\" class=\"a-lazy-loaded\" data-src=\"https:\/\/m.media-amazon.com\/images\/S\/aplus-media-library-service-media\/6f5be9e4-57ef-47e1-b887-344e5a491b6e.__CR0,0,2000,2000_PT0_SX220_V1___.jpg\"><img decoding=\"async\" alt=\"Sistema de ventilador de refrigeraci\u00f3n para computadora con funci\u00f3n de modo 0dB, que muestra los componentes internos detallados y el dise\u00f1o de malla hexagonal en un diagrama t\u00e9cnico\" src=\"https:\/\/m.media-amazon.com\/images\/S\/aplus-media-library-service-media\/6f5be9e4-57ef-47e1-b887-344e5a491b6e.__CR0,0,2000,2000_PT0_SX220_V1___.jpg\">  <\/p>\n<p>                                                    Modo 0dB &#8211; Cero rpm                                     <\/p>\n<p class=\"a-size-small\"> La velocidad del ventilador puede ajustarse hasta la parada mediante PWM. Esto permite un funcionamiento silencioso en IDLE y, al mismo tiempo, garantiza el m\u00e1ximo rendimiento cuando es necesario. El P14 Max permite as\u00ed un ajuste incomparablemente din\u00e1mico de la velocidad, de modo que el flujo de aire puede regularse perfectamente para cada caja. <\/p>\n<p>                                                  <img decoding=\"async\" alt=\"M\u00e1ximo silencio, m\u00ednimas vibraciones\" src=\"https:\/\/images-na.ssl-images-amazon.com\/images\/G\/01\/x-locale\/common\/grey-pixel.gif\" class=\"a-lazy-loaded\" data-src=\"https:\/\/m.media-amazon.com\/images\/S\/aplus-media-library-service-media\/b2c35928-3ca8-4042-97a3-77666ab1c1c0.__CR0,0,2000,2000_PT0_SX300_V1___.jpg\"><img decoding=\"async\" alt=\"M\u00e1ximo silencio, m\u00ednimas vibraciones\" src=\"https:\/\/m.media-amazon.com\/images\/S\/aplus-media-library-service-media\/b2c35928-3ca8-4042-97a3-77666ab1c1c0.__CR0,0,2000,2000_PT0_SX300_V1___.jpg\">  <\/p>\n<h3 class=\"a-spacing-mini\"> M\u00e1ximo silencio, m\u00ednimas vibraciones <\/h3>\n<p> Gracias a una magnetizaci\u00f3n sinusoidal, el nuevo motor de la P14 Max s\u00f3lo genera aproximadamente el 5% de las vibraciones de conmutaci\u00f3n de un motor CC normal sin filtro. Las almohadillas de goma montadas en las esquinas amortiguan adicionalmente las vibraciones residuales causadas por las revoluciones m\u00e1s altas. <\/p>\n<p>                                                      <img decoding=\"async\" alt=\"ARCTIC P14 Max Datos generales\" src=\"https:\/\/images-na.ssl-images-amazon.com\/images\/G\/01\/x-locale\/common\/grey-pixel.gif\" class=\"a-spacing-mini a-lazy-loaded\" data-src=\"https:\/\/m.media-amazon.com\/images\/S\/aplus-media-library-service-media\/df5bfd7b-e74c-40c5-8470-6d57d3caf4f0.__CR0,0,544,544_PT0_SX300_V1___.jpg\"><img decoding=\"async\" alt=\"ARCTIC P14 Max Datos generales\" src=\"https:\/\/m.media-amazon.com\/images\/S\/aplus-media-library-service-media\/df5bfd7b-e74c-40c5-8470-6d57d3caf4f0.__CR0,0,544,544_PT0_SX300_V1___.jpg\">  <\/p>\n<h3 class=\"a-spacing-mini\"> Datos generales <\/h3>\n<p>                                           Rendimiento                                     <\/p>\n<p class=\"a-spacing-base\"> Velocidad: 400\u20132800 rpm (0 rpm bajo 3 % PWM) <\/p>\n<p class=\"a-spacing-base\"> Caudal de aire: 95,00 cfm | 161,40 m\u00b3\/h <\/p>\n<p class=\"a-spacing-base\"> Presi\u00f3n est\u00e1tica: 4,18 mmH\u2082O <\/p>\n<p class=\"a-spacing-base\"> Temperatura ambiente de funcionamiento: 0\u201340 \u00b0C <\/p>\n<p>                                           Ventilador                                     <\/p>\n<p class=\"a-spacing-base\"> Marco del ventilador: Est\u00e1ndar <\/p>\n<p class=\"a-spacing-base\"> Tipo de control: Modulaci\u00f3n por ancho de pulsos &#8211; PWM <\/p>\n<p class=\"a-spacing-base\"> Conector: 4 Patillas Conector PWM <\/p>\n<p class=\"a-spacing-base\"> Cojinete del ventilador: Rodamiento din\u00e1mico fluido <\/p>\n<p>                                           Caracter\u00edsticas el\u00e9ctricas                                     <\/p>\n<p class=\"a-spacing-base\"> Tensi\u00f3n t\u00edpica: 12 V DC <\/p>\n<p class=\"a-spacing-base\"> Tensi\u00f3n de arranque: 3,9 V <\/p>\n<p class=\"a-spacing-base\"> Corriente | Tensi\u00f3n: 0,35 A | 12 V <\/p>\n<p class=\"a-spacing-base\"> Longitud del cable: 400 mm <\/p>\n<p>                                                         Dimensiones &amp; Peso                                        Longitud: 140 mm       Anchura: 140 mm       Altura: 27 mm       Peso: 245 g       <\/p>\n<p>                         Add To Basket  <\/p>\n<p>                         Add To Basket  <\/p>\n<p>                         Add To Basket  <\/p>\n<p>                         Add To Basket  <\/p>\n<p>                         Add To Basket  <\/p>\n<p>                         Add To Basket  <\/p>\n<p>                             Customer Reviews  <\/p>\n<p>                    4.4 out of 5 stars  50  <\/p>\n<p>                    4.5 out of 5 stars  582  <\/p>\n<p>                    4.5 out of 5 stars  315  <\/p>\n<p>                    4.7 out of 5 stars  412  <\/p>\n<p>                    4.5 out of 5 stars  27  <\/p>\n<p>                    4.5 out of 5 stars  634  <\/p>\n<p>                             Price  <\/p>\n<p>                                    \u20ac23.03\u20ac23.03                  \u20ac12.12\u20ac12.12                  \u20ac12.49\u20ac12.49                  \u20ac16.99\u20ac16.99                  \u20ac11.99\u20ac11.99                  \u20ac11.13\u20ac11.13        <\/p>\n<p>                             Tama\u00f1o<br \/>\n                                140\u2009x\u2009140\u2009x\u200927 mm               140\u2009x\u2009140\u2009x\u200927 mm               140\u2009x\u2009140\u2009x\u200927 mm               140\u2009x\u2009140\u2009x\u200927 mm               140\u2009x\u2009140\u2009x\u200930 mm               140\u2009x\u2009140\u2009x\u200916 mm        <\/p>\n<p>                             Velocidad de ventilaci\u00f3n<br \/>\n                                400\u20132800 rpm Controlado por PWM (0 rpm por debajo del 3 % de PWM)               400\u20132800 rpm Controlado por PWM (0 rpm por debajo del 3 % de PWM)               400\u20132500 rpm Controlado por PWM (0 rpm por debajo del 5 % de PWM)               400\u20132500 rpm Controlado por PWM (0 rpm por debajo del 5 % de PWM)               400\u20132650 rpm Controlado por PWM (0 rpm por debajo del 5 % de PWM)               120\u20131800 rpm Controlado por PWM (0 rpm por debajo del 5 % de PWM)        <\/p>\n<p>                             Flujo de aire<br \/>\n                                95,00 cfm | 161,40 m\u00b3\/h               95,00 cfm | 161,40 m\u00b3\/h               110 cfm | 186 m\u00b3\/h               110 cfm | 186 m\u00b3\/h               98 cfm | 166,5 m\u00b3\/h               52 cfm | 88,35 m\u00b3\/h        <\/p>\n<p>                             Control<br \/>\n                                PWM               PWM               PWM PST               PWM PST               PWM PST               PWM PST        <\/p>\n<p>                             Rodamiento<br \/>\n                                Rodamiento din\u00e1mico fluido               Rodamiento din\u00e1mico fluido               Rodamiento din\u00e1mico fluido               Rodamiento din\u00e1mico fluido               Rodamiento din\u00e1mico fluido               Rodamiento din\u00e1mico fluido        <\/p>\n<p>                             Peso<br \/>\n                                245 g               245 g               242 g               237 g               248 g               130 g        <\/p>\n<p>                             Presi\u00f3n est\u00e1tica<br \/>\n                                4,18 mmH\u2082O               4,18 mmH\u2082O               5,2 mmH\u2082O               5,2 mmH\u2082O               5,1 mmH\u2082O               1,55 mmH\u2082O        <\/p>\n<p>                                                  <img decoding=\"async\" alt=\"de productos de refrigeraci\u00f3n para ordenadores con el logotipo e iconos de ARCTIC que representan ventiladores de refrigeraci\u00f3n, pasta t\u00e9rmica y equipos de montaje sobre un fondo oscuro.\" src=\"https:\/\/images-na.ssl-images-amazon.com\/images\/G\/01\/x-locale\/common\/grey-pixel.gif\" class=\"a-lazy-loaded\" data-src=\"https:\/\/m.media-amazon.com\/images\/S\/aplus-media-library-service-media\/7281d5ca-f7c4-4f9f-85db-c948adedbfa6.__CR0,0,970,300_PT0_SX970_V1___.jpg\"><img decoding=\"async\" alt=\"de productos de refrigeraci\u00f3n para ordenadores con el logotipo e iconos de ARCTIC que representan ventiladores de refrigeraci\u00f3n, pasta t\u00e9rmica y equipos de montaje sobre un fondo oscuro.\" src=\"https:\/\/m.media-amazon.com\/images\/S\/aplus-media-library-service-media\/7281d5ca-f7c4-4f9f-85db-c948adedbfa6.__CR0,0,970,300_PT0_SX970_V1___.jpg\">  <\/p>\n<p> Product Dimensions                                            \u200f                                            :                                            \u200e                                            14 x 14 x 2.7 cm; 243.81 g   <br \/> Date First Available                                            \u200f                                            :                                            \u200e                                            24 Jun. 2024   <br \/> Manufacturer                                            \u200f                                            :                                            \u200e                                            ARCTIC   <br \/> ASIN                                            \u200f                                            :                                            \u200e                                            B09VH1HVQ7   <br \/> Item model number                                            \u200f                                            :                                            \u200e                                            ACFAN00304A   <br \/>       Best Sellers Rank:  28,922 in Computers (See Top 100 in Computers)    1,176 in Computer Case Fans      <br \/>  Customer reviews:                                                                                            4.4               4.4 out of 5 stars                                  (50)                                              var dpAcrHasRegisteredArcLinkClickAction;                    P.when(&#8216;A&#8217;, &#8216;ready&#8217;).execute(function(A) {                        if (dpAcrHasRegisteredArcLinkClickAction !== true) {                            dpAcrHasRegisteredArcLinkClickAction = true;                            A.declarative(                                &#8216;acrLink-click-metrics&#8217;, &#8216;click&#8217;,                                { \u00aballowLinkDefault\u00bb: true },                                function (event) {                                    if (window.ue) {                                        ue.count(\u00abacrLinkClickCount\u00bb, (ue.count(\u00abacrLinkClickCount\u00bb) || 0) + 1);                                    }                                }                            );                        }                    });                                             P.when(&#8216;A&#8217;, &#8216;cf&#8217;).execute(function(A) {                A.declarative(&#8216;acrStarsLink-click-metrics&#8217;, &#8216;click&#8217;, { \u00aballowLinkDefault\u00bb : true },  function(event){                    if(window.ue) {                        ue.count(\u00abacrStarsLinkWithPopoverClickCount\u00bb, (ue.count(\u00abacrStarsLinkWithPopoverClickCount\u00bb) || 0) + 1);                    }                });            });                          <\/p>\n<p>PROVEN FAN DESIGN: Closed rotor fan wheel allows low vibration rotation at high speeds and high strength, while maintaining high static pressure<br \/>TESTED FAN DESIGN: Closed ring fan wheel allows for low vibration rotation at high speeds and strong resistances<br \/>WIDE RPM RANGE: Thanks to the 4-pin connector, the speed can be controlled via PWM. Below 3% PWM, the fan stays stopped; above 3%, it varies between 400-2800 rpm<br \/>FLUIDDYNAMIC BEARING: Long service life, quiet operation at low speeds and powerful performance at maximum speed<br \/>EXCEPTIONAL PERFORMANCE: Most powerful 140mm fan, 25 years experience, direct customer support, many years of spare parts supply, CO\u2082 neutral company<\/p>\n\n","protected":false},"excerpt":{"rendered":"<p> Product Description Mejor estabilidad El P14 Max utiliza un dise\u00f1o de ventilador cerrado. La ventaja<\/p>","protected":false},"featured_media":29416,"comment_status":"open","ping_status":"closed","template":"","meta":[],"product_brand":[],"product_cat":[67],"product_tag":[1439,2461,2880,2039,994,8298,598,2045,2034,910,2043,197,2038,164,738,5016,1551,2891,2023,2474,7839,2035,2036,2033,2041,2048,205],"class_list":{"0":"post-29415","1":"product","2":"type-product","3":"status-publish","4":"has-post-thumbnail","6":"product_cat-thermal-paste","7":"product_tag-0db","8":"product_tag-140mm","9":"product_tag-arctic","10":"product_tag-best-thermal-paste","11":"product_tag-case","12":"product_tag-controlled","13":"product_tag-cpu","14":"product_tag-cpu-cooling-paste","15":"product_tag-cpu-thermal-paste","16":"product_tag-fan","17":"product_tag-heat-sink-paste","18":"product_tag-high","19":"product_tag-high-performance-thermal-paste","20":"product_tag-max","21":"product_tag-mode","22":"product_tag-p14","23":"product_tag-performance","24":"product_tag-pressure","25":"product_tag-pwm","26":"product_tag-rpm","27":"product_tag-static","28":"product_tag-thermal-compound","29":"product_tag-thermal-grease","30":"product_tag-thermal-paste","31":"product_tag-thermal-paste-for-gaming-pc","32":"product_tag-thermal-paste-price","33":"product_tag-white","35":"first","36":"instock","37":"shipping-taxable","38":"product-type-external"},"_links":{"self":[{"href":"https:\/\/comprasyconsejos.store\/en\/wp-json\/wp\/v2\/product\/29415","targetHints":{"allow":["GET"]}}],"collection":[{"href":"https:\/\/comprasyconsejos.store\/en\/wp-json\/wp\/v2\/product"}],"about":[{"href":"https:\/\/comprasyconsejos.store\/en\/wp-json\/wp\/v2\/types\/product"}],"replies":[{"embeddable":true,"href":"https:\/\/comprasyconsejos.store\/en\/wp-json\/wp\/v2\/comments?post=29415"}],"version-history":[{"count":0,"href":"https:\/\/comprasyconsejos.store\/en\/wp-json\/wp\/v2\/product\/29415\/revisions"}],"wp:featuredmedia":[{"embeddable":true,"href":"https:\/\/comprasyconsejos.store\/en\/wp-json\/wp\/v2\/media\/29416"}],"wp:attachment":[{"href":"https:\/\/comprasyconsejos.store\/en\/wp-json\/wp\/v2\/media?parent=29415"}],"wp:term":[{"taxonomy":"product_brand","embeddable":true,"href":"https:\/\/comprasyconsejos.store\/en\/wp-json\/wp\/v2\/product_brand?post=29415"},{"taxonomy":"product_cat","embeddable":true,"href":"https:\/\/comprasyconsejos.store\/en\/wp-json\/wp\/v2\/product_cat?post=29415"},{"taxonomy":"product_tag","embeddable":true,"href":"https:\/\/comprasyconsejos.store\/en\/wp-json\/wp\/v2\/product_tag?post=29415"}],"curies":[{"name":"wp","href":"https:\/\/api.w.org\/{rel}","templated":true}]}}