{"id":29424,"date":"2026-02-21T15:36:09","date_gmt":"2026-02-21T15:36:09","guid":{"rendered":"https:\/\/comprasyconsejos.store\/product\/aabcooling-nc70-cooling-bases-stable-construction-with-6-fans-and-blue-backlight-portable-base-computer-fan-base-fan-portable-refrigerator-17\/"},"modified":"2026-02-21T15:36:15","modified_gmt":"2026-02-21T15:36:15","slug":"aabcooling-nc70-cooling-bases-stable-construction-with-6-fans-and-blue-backlight-portable-base-computer-fan-base-fan-portable-refrigerator-17","status":"publish","type":"product","link":"https:\/\/comprasyconsejos.store\/en\/product\/aabcooling-nc70-cooling-bases-stable-construction-with-6-fans-and-blue-backlight-portable-base-computer-fan-base-fan-portable-refrigerator-17\/","title":{"rendered":"AABCOOLING NC70 &#8211; Cooling Bases | Stable construction with 6 fans, and blue backlight | Portable Base | Computer Fan | Base Fan | Portable Refrigerator 17"},"content":{"rendered":"<p>Price: <span style=\"color:#b12704\">\u20ac16.93<\/span><br \/><i><small>(as of Feb 21, 2026 15:36:09 UTC &#8211; <span class=\"wp_automatic_amazon_disclaimer\" title=\"Product prices and availability are accurate as of the date\/time indicated and are subject to change. Any price and availability information displayed on [relevant Amazon Site(s), as applicable] at the time of purchase will apply to the purchase of this product.\">Details<\/span>)<\/small><\/i><\/p>\n<p><a href=\"https:\/\/amazon.es\/dp\/B01HRKI5PC?tag=man008-21\"><img decoding=\"async\" src=\"https:\/\/valvepress.s3.amazonaws.com\/imgs\/buy_now.png\"><\/a><br \/>\n<\/p>\n<p>                                             Product Description   <\/p>\n<p>                                                                             <img decoding=\"async\" alt=\"refrigerador-a refrigerante slim silenciosos opolar cooler 6 bandeja pulgadas gamer bases pad pc\" src=\"https:\/\/images-na.ssl-images-amazon.com\/images\/G\/01\/x-locale\/common\/grey-pixel.gif\" class=\"a-spacing-base a-lazy-loaded\" data-src=\"https:\/\/m.media-amazon.com\/images\/S\/aplus-media-library-service-media\/7b771a1d-ab5f-49be-8b8f-a290e671691b.__CR0,0,2910,1800_PT0_SX970_V1___.jpg\"><img decoding=\"async\" alt=\"refrigerador-a refrigerante slim silenciosos opolar cooler 6 bandeja pulgadas gamer bases pad pc\" src=\"https:\/\/m.media-amazon.com\/images\/S\/aplus-media-library-service-media\/7b771a1d-ab5f-49be-8b8f-a290e671691b.__CR0,0,2910,1800_PT0_SX970_V1___.jpg\">                                                                     <\/p>\n<p class=\"a-spacing-base\"> El soporte para port\u00e1til AABCOOLING NC70 Black es un soporte de refrigeraci\u00f3n fabricado en pl\u00e1stico, la rejilla protectora es de metal, funciona con un nivel de ruido de 12 dB, lo que hace que el dise\u00f1o sea extremadamente silencioso. <\/p>\n<p class=\"a-spacing-base\"> Seis ventiladores montados en el centro garantizan un buen rendimiento y bajas emisiones de ruido (ajuste del rendimiento mediante potenci\u00f3metro). El uso del soporte de refrigeraci\u00f3n para port\u00e1tiles AAB Cooling NC70 negro ayuda a mantener el port\u00e1til fresco, protege contra el sobrecalentamiento y evita algunos de los siguientes problemas: p\u00e9rdida de rendimiento y ralentizaciones notables, disminuci\u00f3n de la duraci\u00f3n de la bater\u00eda y bloqueos del procesador. Proteger el hardware y trabajar en las condiciones adecuadas tiene sentido. Adem\u00e1s, el producto mejora notablemente las condiciones de trabajo en el port\u00e1til, gracias al contorno adecuado del soporte y a las patas antideslizantes montadas a ambos lados, por debajo y por encima del soporte. Adem\u00e1s, el NC70 tiene \u00e1ngulos de inclinaci\u00f3n ajustables, lo que permite regular la altura del monitor, algo especialmente recomendable para mejorar las condiciones de trabajo. <\/p>\n<p>                                                                             <img decoding=\"async\" alt=\"refrigerador-a refrigerante slim silenciosos opolar cooler 6 bandeja pulgadas gamer bases pad pc\" src=\"https:\/\/images-na.ssl-images-amazon.com\/images\/G\/01\/x-locale\/common\/grey-pixel.gif\" class=\"a-spacing-base a-lazy-loaded\" data-src=\"https:\/\/m.media-amazon.com\/images\/S\/aplus-media-library-service-media\/76c55dce-8a94-429c-9aff-3f033c9c53ba.__CR0,0,2910,1800_PT0_SX970_V1___.jpg\"><img decoding=\"async\" alt=\"refrigerador-a refrigerante slim silenciosos opolar cooler 6 bandeja pulgadas gamer bases pad pc\" src=\"https:\/\/m.media-amazon.com\/images\/S\/aplus-media-library-service-media\/76c55dce-8a94-429c-9aff-3f033c9c53ba.__CR0,0,2910,1800_PT0_SX970_V1___.jpg\">                                                                     <\/p>\n<p class=\"a-spacing-base\">\n<p>Dise\u00f1o estable con seis ventiladores Flujo de aire: Los ventiladores dirigen el aire fr\u00edo, que se encuentra debajo del soporte, a toda la carcasa del port\u00e1til. Esto reduce la temperatura de la carcasa, as\u00ed como la del n\u00facleo del procesador Gran disipaci\u00f3n del calor F\u00e1cil de instalar 2 x conector USB &#8211; funciona sin controladores adicionales Interruptor con potenci\u00f3metro + ajuste manual de los ventiladores, interruptor de apagado\/encendido Los elevadores adicionales eliminan la vibraci\u00f3n y la resonancia y no rayan el escritorio \/ la superficie del escritorio Dise\u00f1o estable y elegante con soportes longitudinales para un trabajo c\u00f3modo Buena ergonom\u00eda &#8211; patas adicionales para aumentar el \u00e1ngulo de inclinaci\u00f3n Interruptor con potenci\u00f3metro + ajuste manual de los ventiladores.           <\/p>\n<p>                                                                             <img decoding=\"async\" alt=\"refrigerador-a refrigerante slim silenciosos opolar cooler 6 bandeja pulgadas gamer bases pad pc\" src=\"https:\/\/images-na.ssl-images-amazon.com\/images\/G\/01\/x-locale\/common\/grey-pixel.gif\" class=\"a-spacing-base a-lazy-loaded\" data-src=\"https:\/\/m.media-amazon.com\/images\/S\/aplus-media-library-service-media\/f3595092-58e5-4575-a003-dfc36b600ea0.__CR0,0,2910,1800_PT0_SX970_V1___.jpg\"><img decoding=\"async\" alt=\"refrigerador-a refrigerante slim silenciosos opolar cooler 6 bandeja pulgadas gamer bases pad pc\" src=\"https:\/\/m.media-amazon.com\/images\/S\/aplus-media-library-service-media\/f3595092-58e5-4575-a003-dfc36b600ea0.__CR0,0,2910,1800_PT0_SX970_V1___.jpg\">                                         <\/p>\n<h3 class=\"a-spacing-mini\"> Refrigeraci\u00f3n perfecta <\/h3>\n<p class=\"a-spacing-base\"> Una soluci\u00f3n muy sensata es proteger el equipo y garantizar su funcionamiento en condiciones adecuadas. Adem\u00e1s, el producto mejora significativamente las condiciones de trabajo en el port\u00e1til. El uso de AABCOOLING NC70 permite mantener baja la temperatura del port\u00e1til, protege contra el sobrecalentamiento y, al mismo tiempo, previene varios problemas: <\/p>\n<p class=\"a-spacing-base\">\n<p>Efecto de disminuci\u00f3n de la eficienciaRalentizaci\u00f3n notable del rendimientoLa bater\u00eda se incendiaQuemadura de CPU, GPU           <\/p>\n<p>                                                      <img decoding=\"async\" alt=\"refrigerador-a refrigerante slim silenciosos opolar cooler 6 bandeja pulgadas gamer bases pad pc\" src=\"https:\/\/images-na.ssl-images-amazon.com\/images\/G\/01\/x-locale\/common\/grey-pixel.gif\" class=\"a-spacing-mini a-lazy-loaded\" data-src=\"https:\/\/m.media-amazon.com\/images\/S\/aplus-media-library-service-media\/e4393eb1-9475-4f04-b31c-a85c3c0393d8.__CR0,0,1500,1500_PT0_SX300_V1___.jpg\"><img decoding=\"async\" alt=\"refrigerador-a refrigerante slim silenciosos opolar cooler 6 bandeja pulgadas gamer bases pad pc\" src=\"https:\/\/m.media-amazon.com\/images\/S\/aplus-media-library-service-media\/e4393eb1-9475-4f04-b31c-a85c3c0393d8.__CR0,0,1500,1500_PT0_SX300_V1___.jpg\">  <\/p>\n<p>                                                                                          Solicitud:                                     <\/p>\n<p class=\"a-spacing-base\"> &#8211; Compatible con todos los port\u00e1tiles de diferentes tama\u00f1os de matriz. El tama\u00f1o de la computadora port\u00e1til no importa aqu\u00ed si la diferencia es de unos pocos cent\u00edmetros, pero las zonas sensibles donde los elementos est\u00e1n potencialmente expuestos a da\u00f1os debido a la temperatura excesiva. <\/p>\n<p class=\"a-spacing-base\"> &#8211; Compatibilidad recomendada: port\u00e1tiles de 12&#8243; ~ 17,4&#8243;. Consulte las dimensiones del soporte. <\/p>\n<p>                                                                             <img decoding=\"async\" alt=\"refrigerador-a refrigerante slim silenciosos opolar cooler 6 bandeja pulgadas gamer bases pad pc\" src=\"https:\/\/images-na.ssl-images-amazon.com\/images\/G\/01\/x-locale\/common\/grey-pixel.gif\" class=\"a-spacing-base a-lazy-loaded\" data-src=\"https:\/\/m.media-amazon.com\/images\/S\/aplus-media-library-service-media\/384447a4-3323-4f7e-941b-4d2cfa57ba55.__CR0,0,2910,1800_PT0_SX970_V1___.jpg\"><img decoding=\"async\" alt=\"refrigerador-a refrigerante slim silenciosos opolar cooler 6 bandeja pulgadas gamer bases pad pc\" src=\"https:\/\/m.media-amazon.com\/images\/S\/aplus-media-library-service-media\/384447a4-3323-4f7e-941b-4d2cfa57ba55.__CR0,0,2910,1800_PT0_SX970_V1___.jpg\">                                                                     <\/p>\n<p class=\"a-spacing-base\">\n<p>Ventiladores de 70 mm con LED azul muy eficientes 2 x USB 2.0 Patas adicionales para aumentar el \u00e1ngulo de inclinaci\u00f3n Rejilla de aluminio perforado Almohadillas antivibraci\u00f3n debajo Interruptor de encendido\/apagado, regulador de velocidad del ventilador     <\/p>\n<p class=\"apm-text-center\">\n                                                      <img decoding=\"async\" alt=\"refrigerador-a refrigerante slim silenciosos opolar cooler 6 bandeja pulgadas gamer bases pad pc\" src=\"https:\/\/images-na.ssl-images-amazon.com\/images\/G\/01\/x-locale\/common\/grey-pixel.gif\" class=\"a-lazy-loaded\" data-src=\"https:\/\/m.media-amazon.com\/images\/S\/aplus-media-library-service-media\/b3b26f4c-b0b6-423d-ad70-bcf060ee4f1f.__CR0,0,1500,1500_PT0_SX220_V1___.jpg\"><img decoding=\"async\" alt=\"refrigerador-a refrigerante slim silenciosos opolar cooler 6 bandeja pulgadas gamer bases pad pc\" src=\"https:\/\/m.media-amazon.com\/images\/S\/aplus-media-library-service-media\/b3b26f4c-b0b6-423d-ad70-bcf060ee4f1f.__CR0,0,1500,1500_PT0_SX220_V1___.jpg\">  <\/p>\n<p>                                                    INTERRUPTOR DE ENCENDIDO\/APAGADO                                     <\/p>\n<p class=\"a-size-small\"> + controlador de velocidad del ventilador <\/p>\n<p class=\"apm-text-center\">\n                                                      <img decoding=\"async\" alt=\"fan externo soporte para placa usb apoyo radiador hp apoya ventilacion macbook portatil-es patas \" src=\"https:\/\/images-na.ssl-images-amazon.com\/images\/G\/01\/x-locale\/common\/grey-pixel.gif\" class=\"a-lazy-loaded\" data-src=\"https:\/\/m.media-amazon.com\/images\/S\/aplus-media-library-service-media\/f074b296-ab63-4f51-93d3-53b57a885675.__CR0,0,1500,1500_PT0_SX220_V1___.jpg\"><img decoding=\"async\" alt=\"fan externo soporte para placa usb apoyo radiador hp apoya ventilacion macbook portatil-es patas \" src=\"https:\/\/m.media-amazon.com\/images\/S\/aplus-media-library-service-media\/f074b296-ab63-4f51-93d3-53b57a885675.__CR0,0,1500,1500_PT0_SX220_V1___.jpg\">  <\/p>\n<p>                                                    ENFRIAMIENTO EFECTIVO                                     <\/p>\n<p class=\"a-size-small\"> 6 ventiladores LED azules de 70 mm <\/p>\n<p class=\"apm-text-center\">\n                                                      <img decoding=\"async\" alt=\"fan externo soporte para placa usb apoyo radiador hp apoya ventilacion macbook portatil-es patas \" src=\"https:\/\/images-na.ssl-images-amazon.com\/images\/G\/01\/x-locale\/common\/grey-pixel.gif\" class=\"a-lazy-loaded\" data-src=\"https:\/\/m.media-amazon.com\/images\/S\/aplus-media-library-service-media\/0c05a69c-d535-43dd-bb27-be3796595e90.__CR0,0,1500,1500_PT0_SX220_V1___.jpg\"><img decoding=\"async\" alt=\"fan externo soporte para placa usb apoyo radiador hp apoya ventilacion macbook portatil-es patas \" src=\"https:\/\/m.media-amazon.com\/images\/S\/aplus-media-library-service-media\/0c05a69c-d535-43dd-bb27-be3796595e90.__CR0,0,1500,1500_PT0_SX220_V1___.jpg\">  <\/p>\n<p>                                                    2 CONECTORES USB                                     <\/p>\n<p class=\"a-size-small\"> Funciona sin controladores adicionales <\/p>\n<p class=\"apm-text-center\">\n                                                      <img decoding=\"async\" alt=\"pro ps4 fan externo soporte para placa usb apoyo radiador apoya ventilacion portatil-es patas \" src=\"https:\/\/images-na.ssl-images-amazon.com\/images\/G\/01\/x-locale\/common\/grey-pixel.gif\" class=\"a-lazy-loaded\" data-src=\"https:\/\/m.media-amazon.com\/images\/S\/aplus-media-library-service-media\/2a60016a-845e-40b4-8fde-1f75c71c5e38.__CR0,0,1500,1500_PT0_SX220_V1___.jpg\"><img decoding=\"async\" alt=\"pro ps4 fan externo soporte para placa usb apoyo radiador apoya ventilacion portatil-es patas \" src=\"https:\/\/m.media-amazon.com\/images\/S\/aplus-media-library-service-media\/2a60016a-845e-40b4-8fde-1f75c71c5e38.__CR0,0,1500,1500_PT0_SX220_V1___.jpg\">  <\/p>\n<p>                                                    AJUSTE DEL \u00c1NGULO DE INCLINACI\u00d3N                                     <\/p>\n<p class=\"a-size-small\"> Patas adicionales que aumentan el \u00e1ngulo de inclinaci\u00f3n. <\/p>\n<p>                         Add To Basket  <\/p>\n<p>                         Add To Basket  <\/p>\n<p>                         Add To Basket  <\/p>\n<p>                         Add To Basket  <\/p>\n<p>                             Customer Reviews  <\/p>\n<p>                    3.6 out of 5 stars  13  <\/p>\n<p>                    3.4 out of 5 stars  11  <\/p>\n<p>                    4.4 out of 5 stars  18  <\/p>\n<p>                    3.8 out of 5 stars  12  <\/p>\n<p>                    4.1 out of 5 stars  51  <\/p>\n<p>                             Price  <\/p>\n<p>                                    \u20ac28.43\u20ac28.43                  \u20ac33.93\u20ac33.93                  \u20ac30.43\u20ac30.43                  \u20ac25.93\u20ac25.93<br \/>\n                                            \u2014 no data<\/p>\n<p>                             PRUEBE NUESTROS OTROS PRODUCTOS<br \/>\n                                Trabajo silencioso               Lo m\u00e1s nuevo en oferta               Actuaci\u00f3n               Dise\u00f1o de juegos               Altamente eficiente           <\/p>\n<p> Is discontinued by manufacturer                                            \u200f                                            :                                            \u200e                                            No   <br \/> Product Dimensions                                            \u200f                                            :                                            \u200e                                            35 x 2 x 25 cm; 640 g   <br \/> Manufacturer                                            \u200f                                            :                                            \u200e                                            AABCOOLING   <br \/> ASIN                                            \u200f                                            :                                            \u200e                                            B01HRKI5PC   <br \/> Item model number                                            \u200f                                            :                                            \u200e                                            NCO070-VEN   <br \/> Country\/Region of Origin                                            \u200f                                            :                                            \u200e                                            China   <br \/> Guaranteed software updates until                                            \u200f                                            :                                            \u200e                                            unknown   <br \/>  Customer reviews:                                                                                            4.2               4.2 out of 5 stars                                  (114)                                              var dpAcrHasRegisteredArcLinkClickAction;                    P.when(&#8216;A&#8217;, &#8216;ready&#8217;).execute(function(A) {                        if (dpAcrHasRegisteredArcLinkClickAction !== true) {                            dpAcrHasRegisteredArcLinkClickAction = true;                            A.declarative(                                &#8216;acrLink-click-metrics&#8217;, &#8216;click&#8217;,                                { \u00aballowLinkDefault\u00bb: true },                                function (event) {                                    if (window.ue) {                                        ue.count(\u00abacrLinkClickCount\u00bb, (ue.count(\u00abacrLinkClickCount\u00bb) || 0) + 1);                                    }                                }                            );                        }                    });                                             P.when(&#8216;A&#8217;, &#8216;cf&#8217;).execute(function(A) {                A.declarative(&#8216;acrStarsLink-click-metrics&#8217;, &#8216;click&#8217;, { \u00aballowLinkDefault\u00bb : true },  function(event){                    if(window.ue) {                        ue.count(\u00abacrStarsLinkWithPopoverClickCount\u00bb, (ue.count(\u00abacrStarsLinkWithPopoverClickCount\u00bb) || 0) + 1);                    }                });            });                          <\/p>\n<p>\u2705 Airflow: The fan directs cool air down to the laptop armor. Thanks to this it is possible to lower the temperature of the armature as well as the core of the processor<br \/>\u2705 Power on with the help of the potentiometer + manual regulation of the fans.<br \/>\u2705 Computer fan compatible with all notebooks\/laptops\/laptops with different screen sizes. The size of the laptop does not matter if the difference is in the margin of a few centimeters, only the nerve places, in which are located the elements prone to heating Recommended compatibility: laptops 12&#8243; &#8211; 17.4&#8243;, Please refer to the dimensions of the Portable Refrigerator 17.<br \/>\u2705 AAB Cooling NC70 &#8211; Cooling Bases &#8211; Stable construction with 6 fans, and blue backlight | Fan dimensions: 70 x 70 x 15 mm Fan revolutions: 0 &#8211; 3000 rpm \u00b1 10%<br \/>\u2705 Possibility to place the cooling in a precise place, in order to ventilate the elements most prone to heating. Additionally, the NC70 fan base considerably improves working conditions on the laptop, thanks to the specially shaped base shape and non-slip bases installed on and below the portable dock<\/p>\n\n","protected":false},"excerpt":{"rendered":"<p> Product Description El soporte para port\u00e1til AABCOOLING NC70 Black es un soporte de refrigeraci\u00f3n fabricado<\/p>","protected":false},"featured_media":29425,"comment_status":"open","ping_status":"closed","template":"","meta":[],"product_brand":[],"product_cat":[65],"product_tag":[2003,2005,8569,4333,4186,8571,2013,367,1998,539,2015,4517,989,2009,910,1378,2011,8570,2000,290,2007,2615,2001,3931],"class_list":{"0":"post-29424","1":"product","2":"type-product","3":"status-publish","4":"has-post-thumbnail","6":"product_cat-case-fan","7":"product_tag-120mm-case-fan","8":"product_tag-140mm-case-fan","9":"product_tag-aabcooling","10":"product_tag-backlight","11":"product_tag-base","12":"product_tag-bases","13":"product_tag-best-case-fan","14":"product_tag-blue","15":"product_tag-case-fan","16":"product_tag-computer","17":"product_tag-computer-cooling-fan","18":"product_tag-construction","19":"product_tag-cooling","20":"product_tag-cooling-fan-for-pc","21":"product_tag-fan","22":"product_tag-fans","23":"product_tag-high-airflow-case-fan","24":"product_tag-nc70","25":"product_tag-pc-case-fan","26":"product_tag-portable","27":"product_tag-quiet-case-fan","28":"product_tag-refrigerator","29":"product_tag-rgb-case-fan","30":"product_tag-stable","32":"first","33":"instock","34":"shipping-taxable","35":"product-type-external"},"_links":{"self":[{"href":"https:\/\/comprasyconsejos.store\/en\/wp-json\/wp\/v2\/product\/29424","targetHints":{"allow":["GET"]}}],"collection":[{"href":"https:\/\/comprasyconsejos.store\/en\/wp-json\/wp\/v2\/product"}],"about":[{"href":"https:\/\/comprasyconsejos.store\/en\/wp-json\/wp\/v2\/types\/product"}],"replies":[{"embeddable":true,"href":"https:\/\/comprasyconsejos.store\/en\/wp-json\/wp\/v2\/comments?post=29424"}],"version-history":[{"count":0,"href":"https:\/\/comprasyconsejos.store\/en\/wp-json\/wp\/v2\/product\/29424\/revisions"}],"wp:featuredmedia":[{"embeddable":true,"href":"https:\/\/comprasyconsejos.store\/en\/wp-json\/wp\/v2\/media\/29425"}],"wp:attachment":[{"href":"https:\/\/comprasyconsejos.store\/en\/wp-json\/wp\/v2\/media?parent=29424"}],"wp:term":[{"taxonomy":"product_brand","embeddable":true,"href":"https:\/\/comprasyconsejos.store\/en\/wp-json\/wp\/v2\/product_brand?post=29424"},{"taxonomy":"product_cat","embeddable":true,"href":"https:\/\/comprasyconsejos.store\/en\/wp-json\/wp\/v2\/product_cat?post=29424"},{"taxonomy":"product_tag","embeddable":true,"href":"https:\/\/comprasyconsejos.store\/en\/wp-json\/wp\/v2\/product_tag?post=29424"}],"curies":[{"name":"wp","href":"https:\/\/api.w.org\/{rel}","templated":true}]}}