{"id":29433,"date":"2026-02-21T15:58:36","date_gmt":"2026-02-21T15:58:36","guid":{"rendered":"https:\/\/comprasyconsejos.store\/product\/ventilador-de-refrigeracion-para-disipador-termico-de-escritorio-de-4-pines-fa08025m12lpa-80-x-80-x-25-mm-compatible-con-hp-pavilion-500-023w\/"},"modified":"2026-02-21T15:58:46","modified_gmt":"2026-02-21T15:58:46","slug":"ventilador-de-refrigeracion-para-disipador-termico-de-escritorio-de-4-pines-fa08025m12lpa-80-x-80-x-25-mm-compatible-con-hp-pavilion-500-023w","status":"publish","type":"product","link":"https:\/\/comprasyconsejos.store\/en\/product\/ventilador-de-refrigeracion-para-disipador-termico-de-escritorio-de-4-pines-fa08025m12lpa-80-x-80-x-25-mm-compatible-con-hp-pavilion-500-023w\/","title":{"rendered":"Ventilador de Refrigeraci\u00f3n para Disipador T\u00e9rmico de Escritorio de 4 Pines FA08025M12LPA (80 X 80 X 25 Mm) Compatible con HP Pavilion 500-023w"},"content":{"rendered":"<p>Price: <span style=\"color:#b12704\">\u20ac10.99<\/span><br \/><i><small>(as of Feb 21, 2026 15:58:36 UTC &#8211; <span class=\"wp_automatic_amazon_disclaimer\" title=\"Product prices and availability are accurate as of the date\/time indicated and are subject to change. Any price and availability information displayed on [relevant Amazon Site(s), as applicable] at the time of purchase will apply to the purchase of this product.\">Details<\/span>)<\/small><\/i><\/p>\n<p><a href=\"https:\/\/amazon.es\/dp\/B0GGDHH16X?tag=man008-21\"><img decoding=\"async\" src=\"https:\/\/valvepress.s3.amazonaws.com\/imgs\/buy_now.png\"><\/a><br \/>\n<\/p>\n<p>                                             Product Description   <\/p>\n<p>                                                  <img decoding=\"async\" alt=\"Esfera de vidrio transparente en una playa de arena con estrellas de mar. Refleja el cielo azul y las nubes. Estrella de mar grande al lado de la esfera, la m\u00e1s peque\u00f1a visible a trav\u00e9s del cristal. Nombre de la marca \u00abVISOL\u00bb en texto azul.\" src=\"https:\/\/images-na.ssl-images-amazon.com\/images\/G\/01\/x-locale\/common\/grey-pixel.gif\" class=\"a-lazy-loaded\" data-src=\"https:\/\/m.media-amazon.com\/images\/S\/aplus-media-library-service-media\/739f95d5-97a2-4891-b24a-23f5d80eccdb.__CR0,0,1940,600_PT0_SX970_V1___.jpg\"><img decoding=\"async\" alt=\"Esfera de vidrio transparente en una playa de arena con estrellas de mar. Refleja el cielo azul y las nubes. Estrella de mar grande al lado de la esfera, la m\u00e1s peque\u00f1a visible a trav\u00e9s del cristal. Nombre de la marca \u00abVISOL\u00bb en texto azul.\" src=\"https:\/\/m.media-amazon.com\/images\/S\/aplus-media-library-service-media\/739f95d5-97a2-4891-b24a-23f5d80eccdb.__CR0,0,1940,600_PT0_SX970_V1___.jpg\">  <\/p>\n<p>                                                          <img decoding=\"async\" alt=\"B0GGDHH16X\" src=\"https:\/\/images-na.ssl-images-amazon.com\/images\/G\/01\/x-locale\/common\/grey-pixel.gif\" class=\"a-spacing-mini a-lazy-loaded\" data-src=\"https:\/\/m.media-amazon.com\/images\/S\/aplus-media-library-service-media\/76341513-4ffb-42f3-9a89-0a921bb8dd03.__CR0,0,1600,1600_PT0_SX300_V1___.jpg\"><img decoding=\"async\" alt=\"B0GGDHH16X\" src=\"https:\/\/m.media-amazon.com\/images\/S\/aplus-media-library-service-media\/76341513-4ffb-42f3-9a89-0a921bb8dd03.__CR0,0,1600,1600_PT0_SX300_V1___.jpg\">  <\/p>\n<p>                                                                                                                                                              Package                                     <\/p>\n<p class=\"a-spacing-base\"> 1x ventilador de refrigeraci\u00f3n con disipador de calor de escritorio de 4 pines <\/p>\n<p> Package Dimensions                                            \u200f                                            :                                            \u200e                                            10 x 9 x 3 cm; 80 g   <br \/> Manufacturer                                            \u200f                                            :                                            \u200e                                            VGOL   <br \/> ASIN                                            \u200f                                            :                                            \u200e                                            B0GGDHH16X   <br \/> Item model number                                            \u200f                                            :                                            \u200e                                            EB563_M   <br \/> Country\/Region of Origin                                            \u200f                                            :                                            \u200e                                            China   <br \/> Guaranteed software updates until                                            \u200f                                            :                                            \u200e                                            unknown   <\/p>\n<p>Compatible con HP Pavilion 500-023w y 570-p020 los modelos de escritorio, compatible con los modelos DFD, este ventilador es un reemplazo ideal para ventiladores de enfriamiento de CPU desgastados o que funcionan mal.<br \/>El ventilador de refrigeraci\u00f3n modelo FA08025M12LPA mide 80 x 80 x 25 mm, funciona a 12 V\/0,45 A, es , y tiene una longitud de cable aproximada de 280 mm.<br \/>Fabricado en pl\u00e1stico y metal, este ventilador garantiza una larga durabilidad y una rotaci\u00f3n estable.<br \/>Equipado con un conector de 4 pines, admite control de velocidad PWM, lo que permite que su sistema ajuste autom\u00e1ticamente la velocidad del ventilador en funci\u00f3n de la temperatura para un enfriamiento silencioso y energ\u00e9ticamente eficiente.<br \/>Este ventilador de refrigeraci\u00f3n de escritorio de 4 pines proporciona un flujo de aire confiable para disipar eficazmente el calor del disipador de calor de su CPU.<\/p>\n\n","protected":false},"excerpt":{"rendered":"<p> Product Description Package 1x ventilador de refrigeraci\u00f3n con disipador de calor de escritorio de 4<\/p>","protected":false},"featured_media":29434,"comment_status":"open","ping_status":"closed","template":"","meta":[],"product_brand":[],"product_cat":[66],"product_tag":[8574,2008,2010,201,3994,2002,2014,1997,2016,6671,4303,8573,2006,3954,6104,6674,1999,2012,5790,2004,8572,4204],"class_list":{"0":"post-29433","1":"product","2":"type-product","3":"status-publish","4":"has-post-thumbnail","6":"product_cat-cpu-fan","7":"product_tag-500023w","8":"product_tag-amd-cpu-cooler","9":"product_tag-best-cpu-fan","10":"product_tag-compatible","11":"product_tag-con","12":"product_tag-cpu-air-cooler","13":"product_tag-cpu-cooling-fan","14":"product_tag-cpu-fan","15":"product_tag-cpu-fan-price","16":"product_tag-disipador","17":"product_tag-escritorio","18":"product_tag-fa08025m12lpa","19":"product_tag-intel-cpu-fan","20":"product_tag-para","21":"product_tag-pavilion","22":"product_tag-pines","23":"product_tag-processor-fan","24":"product_tag-quiet-cpu-cooler","25":"product_tag-refrigeracion","26":"product_tag-rgb-cpu-cooler","27":"product_tag-termico","28":"product_tag-ventilador","30":"first","31":"instock","32":"shipping-taxable","33":"product-type-external"},"_links":{"self":[{"href":"https:\/\/comprasyconsejos.store\/en\/wp-json\/wp\/v2\/product\/29433","targetHints":{"allow":["GET"]}}],"collection":[{"href":"https:\/\/comprasyconsejos.store\/en\/wp-json\/wp\/v2\/product"}],"about":[{"href":"https:\/\/comprasyconsejos.store\/en\/wp-json\/wp\/v2\/types\/product"}],"replies":[{"embeddable":true,"href":"https:\/\/comprasyconsejos.store\/en\/wp-json\/wp\/v2\/comments?post=29433"}],"version-history":[{"count":0,"href":"https:\/\/comprasyconsejos.store\/en\/wp-json\/wp\/v2\/product\/29433\/revisions"}],"wp:featuredmedia":[{"embeddable":true,"href":"https:\/\/comprasyconsejos.store\/en\/wp-json\/wp\/v2\/media\/29434"}],"wp:attachment":[{"href":"https:\/\/comprasyconsejos.store\/en\/wp-json\/wp\/v2\/media?parent=29433"}],"wp:term":[{"taxonomy":"product_brand","embeddable":true,"href":"https:\/\/comprasyconsejos.store\/en\/wp-json\/wp\/v2\/product_brand?post=29433"},{"taxonomy":"product_cat","embeddable":true,"href":"https:\/\/comprasyconsejos.store\/en\/wp-json\/wp\/v2\/product_cat?post=29433"},{"taxonomy":"product_tag","embeddable":true,"href":"https:\/\/comprasyconsejos.store\/en\/wp-json\/wp\/v2\/product_tag?post=29433"}],"curies":[{"name":"wp","href":"https:\/\/api.w.org\/{rel}","templated":true}]}}