{"id":29451,"date":"2026-02-21T16:04:20","date_gmt":"2026-02-21T16:04:20","guid":{"rendered":"https:\/\/comprasyconsejos.store\/product\/brother-mfc-j4340dwe-a4-wifi-multifunction-ink-kit-with-fax-and-duplex-printing\/"},"modified":"2026-02-21T16:04:20","modified_gmt":"2026-02-21T16:04:20","slug":"brother-mfc-j4340dwe-a4-wifi-multifunction-ink-kit-with-fax-and-duplex-printing","status":"publish","type":"product","link":"https:\/\/comprasyconsejos.store\/en\/product\/brother-mfc-j4340dwe-a4-wifi-multifunction-ink-kit-with-fax-and-duplex-printing\/","title":{"rendered":"Brother MFC-J4340DWE A4 WiFi Multifunction Ink Kit with Fax and Duplex Printing"},"content":{"rendered":"<p>Price: <span style=\"color:#b12704\">\u20ac168.99<\/span><br \/><i><small>(as of Feb 21, 2026 16:04:20 UTC &#8211; <span class=\"wp_automatic_amazon_disclaimer\" title=\"Product prices and availability are accurate as of the date\/time indicated and are subject to change. Any price and availability information displayed on [relevant Amazon Site(s), as applicable] at the time of purchase will apply to the purchase of this product.\">Details<\/span>)<\/small><\/i><\/p>\n<p><a href=\"https:\/\/amazon.es\/dp\/B0BLCCMB8S?tag=man008-21\"><img decoding=\"async\" src=\"https:\/\/valvepress.s3.amazonaws.com\/imgs\/buy_now.png\"><\/a><br \/>\n<\/p>\n<p>                                             From the manufacturer   <\/p>\n<p>                                                      <img decoding=\"async\" alt=\"MFC-J4340DWE1\" src=\"https:\/\/images-na.ssl-images-amazon.com\/images\/G\/01\/x-locale\/common\/grey-pixel.gif\" class=\"a-spacing-mini a-lazy-loaded\" data-src=\"https:\/\/m.media-amazon.com\/images\/S\/aplus-media-library-service-media\/dc76931e-d17c-4f0b-bdd0-b363dde13281.__CR0,0,1800,1800_PT0_SX300_V1___.jpg\"><img decoding=\"async\" alt=\"MFC-J4340DWE1\" src=\"https:\/\/m.media-amazon.com\/images\/S\/aplus-media-library-service-media\/dc76931e-d17c-4f0b-bdd0-b363dde13281.__CR0,0,1800,1800_PT0_SX300_V1___.jpg\">  <\/p>\n<h3 class=\"a-spacing-mini\"> Brother MFC-J4340DWE <\/h3>\n<p>                                           Impresora multifunci\u00f3n de tinta profesional de altas prestaciones con WiFi y WiFi Direct .                                     <\/p>\n<p class=\"a-spacing-base\"> La impresora MFC-J4340DWE es un equipo profesional  de altas prestaciones ideal para para cualquier entorno de trabajo, ya sea para una peque\u00f1a empresa, despacho u oficina en casa, f\u00e1cil de configurar y utilizar desde el minuto uno. <\/p>\n<p class=\"a-spacing-base\"> Adem\u00e1s, con el modelo MFC-J4340WE tendr\u00e1s incluido 4 meses de EcoPro, la suscripci\u00f3n de consumibles originales de Brother <\/p>\n<p>                                                         Caracter\u00edsticas principales                                        20\/19 ppm en monocromo y color       WiFi y WiFi Direct. Conexi\u00f3n m\u00f3vil y conexi\u00f3n Cloud       Bandeja de 150 hojas y Alimentador autom\u00e1tico de documentos de 20 hojas       Impresi\u00f3n autom\u00e1tica a doble cara y pantalla de 4,5 cm con botones       Incluye 4 meses de EcoPro       <\/p>\n<p>                                                  <img decoding=\"async\" alt=\"EcoPro portada\" src=\"https:\/\/images-na.ssl-images-amazon.com\/images\/G\/01\/x-locale\/common\/grey-pixel.gif\" class=\"a-spacing-mini a-lazy-loaded\" data-src=\"https:\/\/m.media-amazon.com\/images\/S\/aplus-media-library-service-media\/f1ae2747-1198-430c-a87e-1faee241d05e.__CR394,0,3333,3333_PT0_SX300_V1___.jpg\"><img decoding=\"async\" alt=\"EcoPro portada\" src=\"https:\/\/m.media-amazon.com\/images\/S\/aplus-media-library-service-media\/f1ae2747-1198-430c-a87e-1faee241d05e.__CR394,0,3333,3333_PT0_SX300_V1___.jpg\">  <\/p>\n<h3 class=\"a-spacing-mini\"> \u00bfQu\u00e9 es EcoPro? <\/h3>\n<p> EcoPro es el servicio de reposici\u00f3n de consumibles para tu impresora Brother que realiza autom\u00e1ticamente los pedidos y entrega de tinta y el t\u00f3ner justo cuando tu equipo de impresi\u00f3n lo necesita. Desde 1,99 \u20ac al mes, s\u00f3lo tienes que seleccionar un plan en funci\u00f3n de la cantidad de p\u00e1ginas que vas a necesitar imprimir mensualmente y no volver\u00e1s a preocuparte por quedarte sin consumible. <\/p>\n<h3 class=\"a-spacing-small\"> Beneficios de EcoPro <\/h3>\n<p class=\"apm-text-center\">\n                                                      <img decoding=\"async\" alt=\"Ahorro\" src=\"https:\/\/images-na.ssl-images-amazon.com\/images\/G\/01\/x-locale\/common\/grey-pixel.gif\" class=\"a-lazy-loaded\" data-src=\"https:\/\/m.media-amazon.com\/images\/S\/aplus-media-library-service-media\/763a43aa-e593-4207-8f90-18b3cdfb3b39.__CR54,0,255,255_PT0_SX220_V1___.png\"><img decoding=\"async\" alt=\"Ahorro\" src=\"https:\/\/m.media-amazon.com\/images\/S\/aplus-media-library-service-media\/763a43aa-e593-4207-8f90-18b3cdfb3b39.__CR54,0,255,255_PT0_SX220_V1___.png\">  <\/p>\n<p>                                                    Ahorra hasta un 50% en tus costes de impresi\u00f3n                                     <\/p>\n<p class=\"a-size-small\"> Con nuestros planes desde 1,99\u20ac al mes, podr\u00e1s conseguir ahorros con consumibles originales. <\/p>\n<p class=\"apm-text-center\">\n                                                      <img decoding=\"async\" alt=\"Shipment\" src=\"https:\/\/images-na.ssl-images-amazon.com\/images\/G\/01\/x-locale\/common\/grey-pixel.gif\" class=\"a-lazy-loaded\" data-src=\"https:\/\/m.media-amazon.com\/images\/S\/aplus-media-library-service-media\/1b8a8ce1-a0cf-465c-a0f1-46b390803c7e.__CR53,0,255,255_PT0_SX220_V1___.png\"><img decoding=\"async\" alt=\"Shipment\" src=\"https:\/\/m.media-amazon.com\/images\/S\/aplus-media-library-service-media\/1b8a8ce1-a0cf-465c-a0f1-46b390803c7e.__CR53,0,255,255_PT0_SX220_V1___.png\">  <\/p>\n<p>                                                    Recibe tus consumibles cuando los necesites                                     <\/p>\n<p class=\"a-size-small\"> Tu impresora solicitar\u00e1 autom\u00e1ticamente tus consumibles y te los entregaremos gratuitamente, para que nunca te quedes sin tinta o t\u00f3ner <\/p>\n<p class=\"apm-text-center\">\n                                                      <img decoding=\"async\" alt=\"Payment\" src=\"https:\/\/images-na.ssl-images-amazon.com\/images\/G\/01\/x-locale\/common\/grey-pixel.gif\" class=\"a-lazy-loaded\" data-src=\"https:\/\/m.media-amazon.com\/images\/S\/aplus-media-library-service-media\/7dbb8016-4ec2-4213-86ab-e998159adea4.__CR53,0,255,255_PT0_SX220_V1___.png\"><img decoding=\"async\" alt=\"Payment\" src=\"https:\/\/m.media-amazon.com\/images\/S\/aplus-media-library-service-media\/7dbb8016-4ec2-4213-86ab-e998159adea4.__CR53,0,255,255_PT0_SX220_V1___.png\">  <\/p>\n<p>                                                    Plan flexible                                     <\/p>\n<p class=\"a-size-small\"> Puedes cambiar tu tipo de suscripci\u00f3n cuando quieras y sin obligaci\u00f3n de permanencia en ning\u00fan plan. <\/p>\n<p class=\"apm-text-center\">\n                                                      <img decoding=\"async\" alt=\"Cobertura\" src=\"https:\/\/images-na.ssl-images-amazon.com\/images\/G\/01\/x-locale\/common\/grey-pixel.gif\" class=\"a-lazy-loaded\" data-src=\"https:\/\/m.media-amazon.com\/images\/S\/aplus-media-library-service-media\/4908c969-41da-4167-82a0-f6216590f57a.__CR53,0,255,255_PT0_SX220_V1___.png\"><img decoding=\"async\" alt=\"Cobertura\" src=\"https:\/\/m.media-amazon.com\/images\/S\/aplus-media-library-service-media\/4908c969-41da-4167-82a0-f6216590f57a.__CR53,0,255,255_PT0_SX220_V1___.png\">  <\/p>\n<p>                                                    Tus equipos cubiertos                                     <\/p>\n<p class=\"a-size-small\"> Tus equipos seguir\u00e1n cubiertos por Brother mientras est\u00e9s con tu suscripci\u00f3n <\/p>\n<p>                                                                      <img decoding=\"async\" alt=\"EcoPro1200 1\" src=\"https:\/\/images-na.ssl-images-amazon.com\/images\/G\/01\/x-locale\/common\/grey-pixel.gif\" class=\"a-spacing-mini a-lazy-loaded\" data-src=\"https:\/\/m.media-amazon.com\/images\/S\/aplus-media-library-service-media\/6a8501cf-2e1e-49e4-87b1-aa1381dfa0ad.__CR833,0,3333,3333_PT0_SX300_V1___.jpg\"><img decoding=\"async\" alt=\"EcoPro1200 1\" src=\"https:\/\/m.media-amazon.com\/images\/S\/aplus-media-library-service-media\/6a8501cf-2e1e-49e4-87b1-aa1381dfa0ad.__CR833,0,3333,3333_PT0_SX300_V1___.jpg\">  <\/p>\n<h3 class=\"a-spacing-mini\"> \u00bfPor qu\u00e9 suscribirse a EcoPro? <\/h3>\n<p class=\"a-spacing-base\"> EcoPro es un plan de suscripci\u00f3n inteligente de Brother basado en tus necesidades de impresi\u00f3n.  Puedes escoger el plan que se adec\u00fae m\u00e1s a tus vol\u00famenes de impresi\u00f3n, y nunca tendr\u00e1s que preocuparte por quedarte sin tinta o t\u00f3ner, y ded\u00edcate solo a imprimir. Adem\u00e1s, si ves que normalmente imprimes m\u00e1s o menos p\u00e1ginas al mes que las de tu plan contratado, puedes cambiar tu plan o cancelar tu suscripci\u00f3n en cualquier momento sin compromiso. <\/p>\n<p>                                                                      <img decoding=\"async\" alt=\"1200_2\" src=\"https:\/\/images-na.ssl-images-amazon.com\/images\/G\/01\/x-locale\/common\/grey-pixel.gif\" class=\"a-spacing-mini a-lazy-loaded\" data-src=\"https:\/\/m.media-amazon.com\/images\/S\/aplus-media-library-service-media\/c1b487b8-0f88-4303-abe1-d82036e6970e.__CR833,0,3333,3333_PT0_SX300_V1___.jpg\"><img decoding=\"async\" alt=\"1200_2\" src=\"https:\/\/m.media-amazon.com\/images\/S\/aplus-media-library-service-media\/c1b487b8-0f88-4303-abe1-d82036e6970e.__CR833,0,3333,3333_PT0_SX300_V1___.jpg\">  <\/p>\n<h3 class=\"a-spacing-mini\"> Recibe los consumibles cuando los necesites <\/h3>\n<p class=\"a-spacing-base\"> No vuelvas a preocuparte de quedarte sin tinta para imprimir justo cuando lo necesitas. Con la suscripci\u00f3n de EcoPro, tu impresora nos avisar\u00e1 antes de que se acaben tus cartuchos y te los enviaremos autom\u00e1ticamente y sin coste al lugar que nos indiques. <\/p>\n<p>                                                                      <img decoding=\"async\" alt=\"BMC\" src=\"https:\/\/images-na.ssl-images-amazon.com\/images\/G\/01\/x-locale\/common\/grey-pixel.gif\" class=\"a-spacing-mini a-lazy-loaded\" data-src=\"https:\/\/m.media-amazon.com\/images\/S\/aplus-media-library-service-media\/76c204e9-605d-4dbd-9d6a-ecad01dd7017.__CR832,0,3336,3336_PT0_SX300_V1___.jpg\"><img decoding=\"async\" alt=\"BMC\" src=\"https:\/\/m.media-amazon.com\/images\/S\/aplus-media-library-service-media\/76c204e9-605d-4dbd-9d6a-ecad01dd7017.__CR832,0,3336,3336_PT0_SX300_V1___.jpg\">  <\/p>\n<h3 class=\"a-spacing-mini\"> Gestiona tu suscripci\u00f3n al momento <\/h3>\n<p class=\"a-spacing-base\"> A trav\u00e9s de nuestra app Brother Mobile Connect podr\u00e1s comprobar tu consumo de p\u00e1ginas del plan, revisar tus facturas o administrar tu suscripci\u00f3n c\u00f3modamente desde la palma de tu mano. <\/p>\n<p>                                                                      <img decoding=\"async\" alt=\"Alfombra\" src=\"https:\/\/images-na.ssl-images-amazon.com\/images\/G\/01\/x-locale\/common\/grey-pixel.gif\" class=\"a-spacing-mini a-lazy-loaded\" data-src=\"https:\/\/m.media-amazon.com\/images\/S\/aplus-media-library-service-media\/755216a9-9565-4ff6-8008-17567bf15959.__CR0,0,300,300_PT0_SX300_V1___.jpg\"><img decoding=\"async\" alt=\"Alfombra\" src=\"https:\/\/m.media-amazon.com\/images\/S\/aplus-media-library-service-media\/755216a9-9565-4ff6-8008-17567bf15959.__CR0,0,300,300_PT0_SX300_V1___.jpg\">  <\/p>\n<h3 class=\"a-spacing-mini\"> Soporte continuo de tu equipo <\/h3>\n<p class=\"a-spacing-base\"> Mientras est\u00e9s suscrito a EcoPro tu equipo estar\u00e1 soportado por Brother por tiempo ilimitado, para que tengas la seguridad de que tu equipo no le pasar\u00e1 nada y puedas seguir usando tu equipo sin riesgo. <\/p>\n<p>                                                                    <img decoding=\"async\" alt=\"\" src=\"https:\/\/images-na.ssl-images-amazon.com\/images\/G\/01\/x-locale\/common\/grey-pixel.gif\" class=\"a-lazy-loaded\" data-src=\"https:\/\/m.media-amazon.com\/images\/S\/aplus-media-library-service-media\/6a8501cf-2e1e-49e4-87b1-aa1381dfa0ad.__CR833,0,3333,3333_PT0_SX300_V1___.jpg\"><img decoding=\"async\" alt=\"\" src=\"https:\/\/m.media-amazon.com\/images\/S\/aplus-media-library-service-media\/6a8501cf-2e1e-49e4-87b1-aa1381dfa0ad.__CR833,0,3333,3333_PT0_SX300_V1___.jpg\">   <\/p>\n<p>                                                                    <img decoding=\"async\" alt=\"\" src=\"https:\/\/images-na.ssl-images-amazon.com\/images\/G\/01\/x-locale\/common\/grey-pixel.gif\" class=\"a-lazy-loaded\" data-src=\"https:\/\/m.media-amazon.com\/images\/S\/aplus-media-library-service-media\/c1b487b8-0f88-4303-abe1-d82036e6970e.__CR833,0,3333,3333_PT0_SX300_V1___.jpg\"><img decoding=\"async\" alt=\"\" src=\"https:\/\/m.media-amazon.com\/images\/S\/aplus-media-library-service-media\/c1b487b8-0f88-4303-abe1-d82036e6970e.__CR833,0,3333,3333_PT0_SX300_V1___.jpg\">   <\/p>\n<p>                                                                    <img decoding=\"async\" alt=\"\" src=\"https:\/\/images-na.ssl-images-amazon.com\/images\/G\/01\/x-locale\/common\/grey-pixel.gif\" class=\"a-lazy-loaded\" data-src=\"https:\/\/m.media-amazon.com\/images\/S\/aplus-media-library-service-media\/76c204e9-605d-4dbd-9d6a-ecad01dd7017.__CR832,0,3336,3336_PT0_SX300_V1___.jpg\"><img decoding=\"async\" alt=\"\" src=\"https:\/\/m.media-amazon.com\/images\/S\/aplus-media-library-service-media\/76c204e9-605d-4dbd-9d6a-ecad01dd7017.__CR832,0,3336,3336_PT0_SX300_V1___.jpg\">   <\/p>\n<p>                                                                    <img decoding=\"async\" alt=\"\" src=\"https:\/\/images-na.ssl-images-amazon.com\/images\/G\/01\/x-locale\/common\/grey-pixel.gif\" class=\"a-lazy-loaded\" data-src=\"https:\/\/m.media-amazon.com\/images\/S\/aplus-media-library-service-media\/755216a9-9565-4ff6-8008-17567bf15959.__CR0,0,300,300_PT0_SX300_V1___.jpg\"><img decoding=\"async\" alt=\"\" src=\"https:\/\/m.media-amazon.com\/images\/S\/aplus-media-library-service-media\/755216a9-9565-4ff6-8008-17567bf15959.__CR0,0,300,300_PT0_SX300_V1___.jpg\">   <\/p>\n<p>                         Add To Basket  <\/p>\n<p>                         Add To Basket  <\/p>\n<p>                         Add To Basket  <\/p>\n<p>                         Add To Basket  <\/p>\n<p>                             Customer Reviews  <\/p>\n<p>                    4.3 out of 5 stars  1,339  <\/p>\n<p>                    4.3 out of 5 stars  1,608  <\/p>\n<p>                    4.4 out of 5 stars  738  <\/p>\n<p>                    4.4 out of 5 stars  593  <\/p>\n<p>                             Price  <\/p>\n<p>                                    \u20ac97.00\u20ac97.00                  \u20ac168.99\u20ac168.99                  \u20ac189.99\u20ac189.99                  \u20ac239.00\u20ac239.00              <\/p>\n<p>                             Funciones<br \/>\n                                Imprimir, copiar, escanear,               Imprimir, copiar, escanear, fax               Imprimir, copiar, escanear, fax               Imprimir, copiar, escanear, fax              <\/p>\n<p>                             Anch. M\u00e1ximo de papel<br \/>\n                                A4               A4               A3               A3              <\/p>\n<p>                             Impresi\u00f3n D\u00faplex<br \/>\n                                No               S\u00ed               S\u00ed               S\u00ed              <\/p>\n<p>                             Velocidad de impresi\u00f3n<br \/>\n                                Mono: 16 ppm, Color: 9 ppm                Mono: 20 ppm, Color: 19 ppm               Mono: 28 ppm, Color: 28ppm               Mono: 28 ppm, Color: 28ppm              <\/p>\n<p>                             Interfaz<br \/>\n                                LED               Pantalla LCD de 4,5cm con botones               Pantalla t\u00e1ctil a color de 6,8 cm               Pantalla t\u00e1ctil a color de 6,8 cm              <\/p>\n<p>                             M\u00e1xima capacidad de papel<br \/>\n                                150 hojas               150 Hojas               250 hojas               250 hojas              <\/p>\n<p> Batteries                                            \u200f                                            :                                            \u200e                                            1 AAAA batteries required.   <br \/> Is discontinued by manufacturer                                            \u200f                                            :                                            \u200e                                            No   <br \/> Language                                            \u200f                                            :                                            \u200e                                            Spanish   <br \/> Product Dimensions                                            \u200f                                            :                                            \u200e                                            6 x 12 x 7 cm; 8.8 kg   <br \/> Manufacturer                                            \u200f                                            :                                            \u200e                                            Brother   <br \/> ASIN                                            \u200f                                            :                                            \u200e                                            B0BLCCMB8S   <br \/> Item model number                                            \u200f                                            :                                            \u200e                                            MFC-J4340DWE   <br \/> Country of origin                                            \u200f                                            :                                            \u200e                                            Vietnam   <br \/> Guaranteed software updates until                                            \u200f                                            :                                            \u200e                                            unknown   <br \/>  Customer reviews:                                                                                            4.3               4.3 out of 5 stars                                  (1,608)                                              var dpAcrHasRegisteredArcLinkClickAction;                    P.when(&#8216;A&#8217;, &#8216;ready&#8217;).execute(function(A) {                        if (dpAcrHasRegisteredArcLinkClickAction !== true) {                            dpAcrHasRegisteredArcLinkClickAction = true;                            A.declarative(                                &#8216;acrLink-click-metrics&#8217;, &#8216;click&#8217;,                                { \u00aballowLinkDefault\u00bb: true },                                function (event) {                                    if (window.ue) {                                        ue.count(\u00abacrLinkClickCount\u00bb, (ue.count(\u00abacrLinkClickCount\u00bb) || 0) + 1);                                    }                                }                            );                        }                    });                                             P.when(&#8216;A&#8217;, &#8216;cf&#8217;).execute(function(A) {                A.declarative(&#8216;acrStarsLink-click-metrics&#8217;, &#8216;click&#8217;, { \u00aballowLinkDefault\u00bb : true },  function(event){                    if(window.ue) {                        ue.count(\u00abacrStarsLinkWithPopoverClickCount\u00bb, (ue.count(\u00abacrStarsLinkWithPopoverClickCount\u00bb) || 0) + 1);                    }                });            });                          <\/p>\n<p>Printer, copier, scanner and fax; 20\/19 ppm in monochrome and laser comparable color<br \/>WiFi and WiFiDirect; mobile connection and cloud connection; mobile ConnectApp<br \/>150-Sheet Tray and 20-Sheet Auto Document Feeder<br \/>Automatic double-sided printing and 4.5 cm screen with buttons<br \/>4-month trial of EcoPro Subscription Program<\/p>\n\n","protected":false},"excerpt":{"rendered":"<p> From the manufacturer Brother MFC-J4340DWE Impresora multifunci\u00f3n de tinta profesional de altas prestaciones con WiFi<\/p>","protected":false},"featured_media":29452,"comment_status":"open","ping_status":"closed","template":"","meta":[],"product_brand":[],"product_cat":[58],"product_tag":[1973,1967,1956,1975,1968,1979,1972,1971,3742,1980,1539,1964,1974,8576,2189,1970,2276,543,1969],"class_list":{"0":"post-29451","1":"product","2":"type-product","3":"status-publish","4":"has-post-thumbnail","6":"product_cat-laser-printers","7":"product_tag-best-laser-printer","8":"product_tag-black-and-white-laser-printer","9":"product_tag-brother","10":"product_tag-business-laser-printer","11":"product_tag-color-laser-printer","12":"product_tag-duplex","13":"product_tag-duplex-laser-printer","14":"product_tag-fast-laser-printer","15":"product_tag-fax","16":"product_tag-ink","17":"product_tag-kit","18":"product_tag-laser-printer","19":"product_tag-laser-printer-price","20":"product_tag-mfcj4340dwe","21":"product_tag-multifunction","22":"product_tag-office-laser-printer","23":"product_tag-printing","24":"product_tag-wifi","25":"product_tag-wireless-laser-printer","27":"first","28":"instock","29":"shipping-taxable","30":"product-type-external"},"_links":{"self":[{"href":"https:\/\/comprasyconsejos.store\/en\/wp-json\/wp\/v2\/product\/29451","targetHints":{"allow":["GET"]}}],"collection":[{"href":"https:\/\/comprasyconsejos.store\/en\/wp-json\/wp\/v2\/product"}],"about":[{"href":"https:\/\/comprasyconsejos.store\/en\/wp-json\/wp\/v2\/types\/product"}],"replies":[{"embeddable":true,"href":"https:\/\/comprasyconsejos.store\/en\/wp-json\/wp\/v2\/comments?post=29451"}],"version-history":[{"count":0,"href":"https:\/\/comprasyconsejos.store\/en\/wp-json\/wp\/v2\/product\/29451\/revisions"}],"wp:featuredmedia":[{"embeddable":true,"href":"https:\/\/comprasyconsejos.store\/en\/wp-json\/wp\/v2\/media\/29452"}],"wp:attachment":[{"href":"https:\/\/comprasyconsejos.store\/en\/wp-json\/wp\/v2\/media?parent=29451"}],"wp:term":[{"taxonomy":"product_brand","embeddable":true,"href":"https:\/\/comprasyconsejos.store\/en\/wp-json\/wp\/v2\/product_brand?post=29451"},{"taxonomy":"product_cat","embeddable":true,"href":"https:\/\/comprasyconsejos.store\/en\/wp-json\/wp\/v2\/product_cat?post=29451"},{"taxonomy":"product_tag","embeddable":true,"href":"https:\/\/comprasyconsejos.store\/en\/wp-json\/wp\/v2\/product_tag?post=29451"}],"curies":[{"name":"wp","href":"https:\/\/api.w.org\/{rel}","templated":true}]}}