{"id":29460,"date":"2026-02-21T16:36:06","date_gmt":"2026-02-21T16:36:06","guid":{"rendered":"https:\/\/comprasyconsejos.store\/product\/brother-mfcl6710dw-professional-4-in-1-monochrome-laser-multifunction-printer-with-automatic-duplex-in-all-functions-and-network-card\/"},"modified":"2026-02-21T16:36:10","modified_gmt":"2026-02-21T16:36:10","slug":"brother-mfcl6710dw-professional-4-in-1-monochrome-laser-multifunction-printer-with-automatic-duplex-in-all-functions-and-network-card","status":"publish","type":"product","link":"https:\/\/comprasyconsejos.store\/en\/product\/brother-mfcl6710dw-professional-4-in-1-monochrome-laser-multifunction-printer-with-automatic-duplex-in-all-functions-and-network-card\/","title":{"rendered":"Brother MFCL6710DW Professional 4-in-1 Monochrome Laser Multifunction Printer with Automatic Duplex in All Functions and Network Card,"},"content":{"rendered":"<p>Price: <span style=\"color:#b12704\">\u20ac574.64<\/span><br \/><i><small>(as of Feb 21, 2026 16:36:06 UTC &#8211; <span class=\"wp_automatic_amazon_disclaimer\" title=\"Product prices and availability are accurate as of the date\/time indicated and are subject to change. Any price and availability information displayed on [relevant Amazon Site(s), as applicable] at the time of purchase will apply to the purchase of this product.\">Details<\/span>)<\/small><\/i><\/p>\n<p><a href=\"https:\/\/amazon.es\/dp\/B0CK2MSX2H?tag=man008-21\"><img decoding=\"async\" src=\"https:\/\/valvepress.s3.amazonaws.com\/imgs\/buy_now.png\"><\/a><br \/>\n<\/p>\n<p>                                             From the brand   <\/p>\n<p>                                              <img decoding=\"async\" alt=\"Soluciones ofrecidas por Brother en el mercado de la impresi\u00f3n\" src=\"https:\/\/images-na.ssl-images-amazon.com\/images\/G\/01\/x-locale\/common\/grey-pixel.gif\" class=\"a-lazy-loaded\" data-src=\"https:\/\/m.media-amazon.com\/images\/S\/aplus-media-library-service-media\/8c3e9233-2530-41f5-b4aa-24e486e1d3a0.__CR0,0,1464,625_PT0_SX1464_V1___.jpg\"><img decoding=\"async\" alt=\"Soluciones ofrecidas por Brother en el mercado de la impresi\u00f3n\" src=\"https:\/\/m.media-amazon.com\/images\/S\/aplus-media-library-service-media\/8c3e9233-2530-41f5-b4aa-24e486e1d3a0.__CR0,0,1464,625_PT0_SX1464_V1___.jpg\">  <\/p>\n<p>                                                         \u00bfPor qu\u00e9 estamos orgullosos de lo que hacemos?                                       <\/p>\n<p> El Grupo Brother ha estado \u00abAt your side\u00bb durante m\u00e1s de 110 a\u00f1os. Nuestro objetivo es establecer un contacto real con los clientes en todo el mundo <\/p>\n<p>                                                         \u00bfCu\u00e1l es el compromiso con el medio ambiente?                                       <\/p>\n<p> La sostenibilidad tiene sus ra\u00edces en el Vison Ambiental de Brother. <\/p>\n<p> Estamos comprometidos a fabricar productos cada vez m\u00e1s sostenibles, protegiendo nuestro planeta y apoyando a nuestros colaboradores <\/p>\n<p>                                                         \u00bfQu\u00e9 ofrece Brother?                                       <\/p>\n<p> Impresoras, multifunci\u00f3n, esc\u00e1neres y etiquetadoras: la elecci\u00f3n ideal para cada necesidad, desde las m\u00e1s profesionales en el lugar de trabajo hasta las necesidades diarias en el hogar <\/p>\n<p>                                              <img decoding=\"async\" alt=\"\" src=\"https:\/\/images-na.ssl-images-amazon.com\/images\/G\/01\/x-locale\/common\/grey-pixel.gif\" class=\"a-lazy-loaded\" data-src=\"https:\/\/m.media-amazon.com\/images\/S\/aplus-media-library-service-media\/146224ee-04cd-4654-983d-ef50b895359d.__CR0,136,1184,545_PT0_SX315_V1___.jpg\"><img decoding=\"async\" alt=\"\" src=\"https:\/\/m.media-amazon.com\/images\/S\/aplus-media-library-service-media\/146224ee-04cd-4654-983d-ef50b895359d.__CR0,136,1184,545_PT0_SX315_V1___.jpg\">  <\/p>\n<p> \u00abAt your side\u00bb est\u00e1 en el centro de lo que hacemos. Desarrollamos productos, servicios y soluciones que satisfacen sus necesidades en el hogar y en el trabajo. <\/p>\n<p> Utilizamos las \u00faltimas e innovadoras tecnolog\u00edas para garantizar a todos nuestros clientes productos y soluciones de alta calidad. <\/p>\n<p> Desde el dise\u00f1o hasta el uso, en cada etapa del ciclo de vida del producto, el impacto ambiental se minimiza sin comprometer la calidad del producto. <\/p>\n<p> Batteries                                            \u200f                                            :                                            \u200e                                            AA batteries required.   <br \/> Is discontinued by manufacturer                                            \u200f                                            :                                            \u200e                                            No   <br \/> Language                                            \u200f                                            :                                            \u200e                                            Spanish   <br \/> Product Dimensions                                            \u200f                                            :                                            \u200e                                            47.3 x 49.5 x 51.8 cm; 18.8 kg   <br \/> Manufacturer                                            \u200f                                            :                                            \u200e                                            Brother   <br \/> ASIN                                            \u200f                                            :                                            \u200e                                            B0CK2MSX2H   <br \/> Item model number                                            \u200f                                            :                                            \u200e                                            MFCL6710DWRE1   <br \/> Guaranteed software updates until                                            \u200f                                            :                                            \u200e                                            unknown   <br \/>  Customer reviews:                                                                                            4.4               4.4 out of 5 stars                                  (317)                                              var dpAcrHasRegisteredArcLinkClickAction;                    P.when(&#8216;A&#8217;, &#8216;ready&#8217;).execute(function(A) {                        if (dpAcrHasRegisteredArcLinkClickAction !== true) {                            dpAcrHasRegisteredArcLinkClickAction = true;                            A.declarative(                                &#8216;acrLink-click-metrics&#8217;, &#8216;click&#8217;,                                { \u00aballowLinkDefault\u00bb: true },                                function (event) {                                    if (window.ue) {                                        ue.count(\u00abacrLinkClickCount\u00bb, (ue.count(\u00abacrLinkClickCount\u00bb) || 0) + 1);                                    }                                }                            );                        }                    });                                             P.when(&#8216;A&#8217;, &#8216;cf&#8217;).execute(function(A) {                A.declarative(&#8216;acrStarsLink-click-metrics&#8217;, &#8216;click&#8217;, { \u00aballowLinkDefault\u00bb : true },  function(event){                    if(window.ue) {                        ue.count(\u00abacrStarsLinkWithPopoverClickCount\u00bb, (ue.count(\u00abacrStarsLinkWithPopoverClickCount\u00bb) || 0) + 1);                    }                });            });                          <\/p>\n<p>Tray 520 sheets, speed 50 ppm, mobile and cloud connection, security, low cost per page<\/p>\n\n","protected":false},"excerpt":{"rendered":"<p> From the brand \u00bfPor qu\u00e9 estamos orgullosos de lo que hacemos? El Grupo Brother ha<\/p>","protected":false},"featured_media":29461,"comment_status":"open","ping_status":"closed","template":"","meta":[],"product_brand":[],"product_cat":[59],"product_tag":[1585,1946,1963,1954,1956,1420,1979,2169,1951,1953,1978,8579,1977,2189,1948,1719,1950,1962,1955,1949,814,1952,1947],"class_list":{"0":"post-29460","1":"product","2":"type-product","3":"status-publish","4":"has-post-thumbnail","6":"product_cat-printers-all-in-one","7":"product_tag-4in1","8":"product_tag-all-in-one-printer","9":"product_tag-automatic","10":"product_tag-best-all-in-one-printer","11":"product_tag-brother","12":"product_tag-card","13":"product_tag-duplex","14":"product_tag-functions","15":"product_tag-home-printer","16":"product_tag-ink-tank-printer","17":"product_tag-laser","18":"product_tag-mfcl6710dw","19":"product_tag-monochrome","20":"product_tag-multifunction","21":"product_tag-multifunction-printer","22":"product_tag-network","23":"product_tag-office-printer","24":"product_tag-printer","25":"product_tag-printer-price","26":"product_tag-printer-scanner-copier","27":"product_tag-professional","28":"product_tag-wifi-printer","29":"product_tag-wireless-printer","31":"first","32":"instock","33":"shipping-taxable","34":"product-type-external"},"_links":{"self":[{"href":"https:\/\/comprasyconsejos.store\/en\/wp-json\/wp\/v2\/product\/29460","targetHints":{"allow":["GET"]}}],"collection":[{"href":"https:\/\/comprasyconsejos.store\/en\/wp-json\/wp\/v2\/product"}],"about":[{"href":"https:\/\/comprasyconsejos.store\/en\/wp-json\/wp\/v2\/types\/product"}],"replies":[{"embeddable":true,"href":"https:\/\/comprasyconsejos.store\/en\/wp-json\/wp\/v2\/comments?post=29460"}],"version-history":[{"count":0,"href":"https:\/\/comprasyconsejos.store\/en\/wp-json\/wp\/v2\/product\/29460\/revisions"}],"wp:featuredmedia":[{"embeddable":true,"href":"https:\/\/comprasyconsejos.store\/en\/wp-json\/wp\/v2\/media\/29461"}],"wp:attachment":[{"href":"https:\/\/comprasyconsejos.store\/en\/wp-json\/wp\/v2\/media?parent=29460"}],"wp:term":[{"taxonomy":"product_brand","embeddable":true,"href":"https:\/\/comprasyconsejos.store\/en\/wp-json\/wp\/v2\/product_brand?post=29460"},{"taxonomy":"product_cat","embeddable":true,"href":"https:\/\/comprasyconsejos.store\/en\/wp-json\/wp\/v2\/product_cat?post=29460"},{"taxonomy":"product_tag","embeddable":true,"href":"https:\/\/comprasyconsejos.store\/en\/wp-json\/wp\/v2\/product_tag?post=29460"}],"curies":[{"name":"wp","href":"https:\/\/api.w.org\/{rel}","templated":true}]}}