{"id":29495,"date":"2026-02-21T17:00:15","date_gmt":"2026-02-21T17:00:15","guid":{"rendered":"https:\/\/comprasyconsejos.store\/product\/msi-pro-mp243x-professional-monitor-23-8-fhd-1920-x-1080-100-hz-ips-flat-anti-glare-169-300-nits-black\/"},"modified":"2026-02-21T17:00:21","modified_gmt":"2026-02-21T17:00:21","slug":"msi-pro-mp243x-professional-monitor-23-8-fhd-1920-x-1080-100-hz-ips-flat-anti-glare-169-300-nits-black","status":"publish","type":"product","link":"https:\/\/comprasyconsejos.store\/en\/product\/msi-pro-mp243x-professional-monitor-23-8-fhd-1920-x-1080-100-hz-ips-flat-anti-glare-169-300-nits-black\/","title":{"rendered":"MSI Pro MP243X Professional Monitor, 23.8&#8242; FHD, 1920 x 1080, 100 Hz, IPS, Flat, Anti-Glare, 16:9, 300 nits, Black"},"content":{"rendered":"<p>Price: <span style=\"color:#b12704\"><del>\u20ac119.00<\/del> - \u20ac104.41<\/span><br \/><i><small>(as of Feb 21, 2026 17:00:15 UTC &#8211; <span class=\"wp_automatic_amazon_disclaimer\" title=\"Product prices and availability are accurate as of the date\/time indicated and are subject to change. Any price and availability information displayed on [relevant Amazon Site(s), as applicable] at the time of purchase will apply to the purchase of this product.\">Details<\/span>)<\/small><\/i><\/p>\n<p><a href=\"https:\/\/amazon.es\/dp\/B0C8JTZLTV?tag=man008-21\"><img decoding=\"async\" src=\"https:\/\/valvepress.s3.amazonaws.com\/imgs\/buy_now.png\"><\/a><br \/>\n<\/p>\n<p>                                             From the manufacturer   <\/p>\n<p>                                                         <img decoding=\"async\" alt=\"mp243x\" src=\"https:\/\/images-na.ssl-images-amazon.com\/images\/G\/01\/x-locale\/common\/grey-pixel.gif\" class=\"a-lazy-loaded\" data-src=\"https:\/\/m.media-amazon.com\/images\/S\/aplus-media-library-service-media\/1be4f0bb-c3a4-4c1b-bf36-bbe2f8976e79.__CR0,4,900,270_PT0_SX600_V1___.jpg\"><img decoding=\"async\" alt=\"mp243x\" src=\"https:\/\/m.media-amazon.com\/images\/S\/aplus-media-library-service-media\/1be4f0bb-c3a4-4c1b-bf36-bbe2f8976e79.__CR0,4,900,270_PT0_SX600_V1___.jpg\">      <\/p>\n<p>                                                      <img decoding=\"async\" alt=\"mp243x\" src=\"https:\/\/images-na.ssl-images-amazon.com\/images\/G\/01\/x-locale\/common\/grey-pixel.gif\" class=\"a-spacing-mini a-lazy-loaded\" data-src=\"https:\/\/m.media-amazon.com\/images\/S\/aplus-media-library-service-media\/8e7f8637-47b8-478b-a3d5-60321e492d70.__CR138,454,818,1091_PT0_SX300_V1___.jpg\"><img decoding=\"async\" alt=\"mp243x\" src=\"https:\/\/m.media-amazon.com\/images\/S\/aplus-media-library-service-media\/8e7f8637-47b8-478b-a3d5-60321e492d70.__CR138,454,818,1091_PT0_SX300_V1___.jpg\">  <\/p>\n<p>                                                              <img decoding=\"async\" alt=\"logo1\" src=\"https:\/\/images-na.ssl-images-amazon.com\/images\/G\/01\/x-locale\/common\/grey-pixel.gif\" class=\"a-spacing-mini a-lazy-loaded\" data-src=\"https:\/\/m.media-amazon.com\/images\/S\/aplus-media-library-service-media\/186b3a7e-05ac-488f-9633-94be1b812ce7.__CR0,0,1022,511_PT0_SX350_V1___.png\"><img decoding=\"async\" alt=\"logo1\" src=\"https:\/\/m.media-amazon.com\/images\/S\/aplus-media-library-service-media\/186b3a7e-05ac-488f-9633-94be1b812ce7.__CR0,0,1022,511_PT0_SX350_V1___.png\">                                          MSI                                 <\/p>\n<p class=\"a-spacing-small a-size-small a-color-secondary\"> MSI es el nombre m\u00e1s fiable en gaming y eSports. Dedicamos innumerables horas y comprometemos numerosos recursos para apoyar a los mejores jugadores y aspirantes y, a cambio, utilizamos su conocimiento y experiencia en nuestros productos. MSI integr\u00f3 todas las funciones aspiracionales de los jugadores en sus equipos de juego y llev\u00f3 el rendimiento m\u00e1s all\u00e1 de los l\u00edmites. <\/p>\n<h3 class=\"a-spacing-mini\"> PRO MP243X <\/h3>\n<p>                                          Monitor profesional                                     <\/p>\n<p class=\"a-spacing-base\"> El monitor profesional de oficina MSI MP243X cuenta con un n\u00edtido panel IPS Full HD (1920&#215;1080) de 23,8&#8243; con tecnolog\u00eda respetuosa con la vista y un dise\u00f1o de soporte inteligente. Las opciones de conectividad incluyen HDMI 1.4b (HDMI-CEC) y DisplayPort 1.2a para configuraciones de doble pantalla o entradas de m\u00faltiples dispositivos. Compatible con PC, Mac, port\u00e1tiles, dispositivos m\u00f3viles y consolas de videojuegos. <\/p>\n<p class=\"apm-text-center\">\n                                                      <img decoding=\"async\" alt=\"FHD\" src=\"https:\/\/images-na.ssl-images-amazon.com\/images\/G\/01\/x-locale\/common\/grey-pixel.gif\" class=\"a-lazy-loaded\" data-src=\"https:\/\/m.media-amazon.com\/images\/S\/aplus-media-library-service-media\/475692ed-d6a4-4b3d-969b-1f7df7fb5c22.__CR0,0,2000,2000_PT0_SX220_V1___.jpeg\"><img decoding=\"async\" alt=\"FHD\" src=\"https:\/\/m.media-amazon.com\/images\/S\/aplus-media-library-service-media\/475692ed-d6a4-4b3d-969b-1f7df7fb5c22.__CR0,0,2000,2000_PT0_SX220_V1___.jpeg\">  <\/p>\n<p>                                                    Panel IPS Full HD de 23,8&#8243;                                     <\/p>\n<p class=\"a-size-small\"> Incorpora un panel IPS Full-HD (1920 x 1080) de 23,8&#8243; adecuado para entornos dom\u00e9sticos o de oficina comercial. <\/p>\n<p class=\"a-size-small\"> El panel IPS ofrece un amplio \u00e1ngulo de visi\u00f3n de 178\u00b0, lo que garantiza una calidad de imagen y detalle uniforme desde casi cualquier \u00e1ngulo. <\/p>\n<p class=\"apm-text-center\">\n                                                      <img decoding=\"async\" alt=\"msi-pro_mp243-e_tailer_page-feature_2\" src=\"https:\/\/images-na.ssl-images-amazon.com\/images\/G\/01\/x-locale\/common\/grey-pixel.gif\" class=\"a-lazy-loaded\" data-src=\"https:\/\/m.media-amazon.com\/images\/S\/aplus-media-library-service-media\/1d7dc21d-aa1f-49bc-aa12-9f109986635d.__CR0,0,2000,2000_PT0_SX220_V1___.jpg\"><img decoding=\"async\" alt=\"msi-pro_mp243-e_tailer_page-feature_2\" src=\"https:\/\/m.media-amazon.com\/images\/S\/aplus-media-library-service-media\/1d7dc21d-aa1f-49bc-aa12-9f109986635d.__CR0,0,2000,2000_PT0_SX220_V1___.jpg\">  <\/p>\n<p>                                                    M\u00e1ximo confort visual                                     <\/p>\n<p class=\"a-size-small\"> Mant\u00e9n la concentraci\u00f3n y reduce la fatiga ocular con funciones integradas dise\u00f1adas para ayudar a mejorar la productividad en el trabajo: <\/p>\n<p class=\"a-size-small\">\n<p>Panel antiparpadeo*.Tecnolog\u00eda de reducci\u00f3n de la luz azul PROSuperficie antirreflejosEl sistema \u00abEye-Q Check\u00bb ayuda a los usuarios a autocomprobarse los ojos y les recuerda que deben descansar cuando lo utilizan durante mucho tiempo.      <\/p>\n<p class=\"a-size-small\"> *T\u00dcV Rheinland Flicker Free Certificate No. Q 50544687, 2022-05-20 <\/p>\n<p class=\"apm-text-center\">\n                                                      <img decoding=\"async\" alt=\"PRO_MP243_feature_image_P3\" src=\"https:\/\/images-na.ssl-images-amazon.com\/images\/G\/01\/x-locale\/common\/grey-pixel.gif\" class=\"a-lazy-loaded\" data-src=\"https:\/\/m.media-amazon.com\/images\/S\/aplus-media-library-service-media\/de61ae71-63b2-4259-90cf-d482b56a5351.__CR0,0,2000,2000_PT0_SX220_V1___.jpg\"><img decoding=\"async\" alt=\"PRO_MP243_feature_image_P3\" src=\"https:\/\/m.media-amazon.com\/images\/S\/aplus-media-library-service-media\/de61ae71-63b2-4259-90cf-d482b56a5351.__CR0,0,2000,2000_PT0_SX220_V1___.jpg\">  <\/p>\n<p>                                                    Reducci\u00f3n de la luz azul PRO                                     <\/p>\n<p class=\"a-size-small\"> Reducci\u00f3n de la luz azul PRO* emplea tecnolog\u00eda de filtro basada en hardware para proteger contra la fatiga ocular innecesaria a la vez que conserva una paleta de colores vivos con detalles sin concesiones. <\/p>\n<p class=\"a-size-small\"> *T\u00dcV Rheinland Low Blue Light (soluci\u00f3n de hardware) Certificado n\u00ba Q 50544687, 2022-05-20 <\/p>\n<p class=\"apm-text-center\">\n                                                      <img decoding=\"async\" alt=\"100hz\" src=\"https:\/\/images-na.ssl-images-amazon.com\/images\/G\/01\/x-locale\/common\/grey-pixel.gif\" class=\"a-lazy-loaded\" data-src=\"https:\/\/m.media-amazon.com\/images\/S\/aplus-media-library-service-media\/9d764af3-29b1-41ec-83e1-ba41079139dc.__CR0,0,2000,2000_PT0_SX220_V1___.jpeg\"><img decoding=\"async\" alt=\"100hz\" src=\"https:\/\/m.media-amazon.com\/images\/S\/aplus-media-library-service-media\/9d764af3-29b1-41ec-83e1-ba41079139dc.__CR0,0,2000,2000_PT0_SX220_V1___.jpeg\">  <\/p>\n<p>                                                    Tasa de refresco de 100 Hz                                     <\/p>\n<p class=\"a-size-small\"> Una tasa de refresco de 100 Hz ofrece un rendimiento significativamente mejor en comparaci\u00f3n con los monitores gen\u00e9ricos de 60 Hz, y establece nuevos est\u00e1ndares tanto en rendimiento como en asequibilidad. <\/p>\n<p class=\"a-size-small\"> Si\u00e9ntete m\u00e1s c\u00f3modo y disfruta de un tiempo de respuesta de 1 ms, que reduce los efectos de \u00abdesenfoque\u00bb o \u00abarrastre\u00bb en la pantalla mientras ves pel\u00edculas o navegas por p\u00e1ginas web. <\/p>\n<p class=\"a-size-small\"> El bajo tiempo de respuesta de 1 ms (MPRT) reduce el desenfoque de movimiento al ver v\u00eddeos o navegar por sitios Web. <\/p>\n<p class=\"apm-text-center\">\n                                                      <img decoding=\"async\" alt=\"msi-pro_mp341cq-e_tailer_page-feature_3\" src=\"https:\/\/images-na.ssl-images-amazon.com\/images\/G\/01\/x-locale\/common\/grey-pixel.gif\" class=\"a-lazy-loaded\" data-src=\"https:\/\/m.media-amazon.com\/images\/S\/aplus-media-library-service-media\/b1247340-e0b2-45b2-bd0a-d75f154de144.__CR0,0,2000,2000_PT0_SX220_V1___.jpg\"><img decoding=\"async\" alt=\"msi-pro_mp341cq-e_tailer_page-feature_3\" src=\"https:\/\/m.media-amazon.com\/images\/S\/aplus-media-library-service-media\/b1247340-e0b2-45b2-bd0a-d75f154de144.__CR0,0,2000,2000_PT0_SX220_V1___.jpg\">  <\/p>\n<p>                                                    Compatible con FreeSync                                     <\/p>\n<p class=\"a-size-small\"> Disfruta de un rendimiento de pantalla fluido y sin artefactos gracias a la tecnolog\u00eda AMD FreeSync, que acaba con los movimientos entrecortados y los fotogramas rotos. <\/p>\n<p class=\"apm-text-center\">\n                                                      <img decoding=\"async\" alt=\"Vesa\" src=\"https:\/\/images-na.ssl-images-amazon.com\/images\/G\/01\/x-locale\/common\/grey-pixel.gif\" class=\"a-lazy-loaded\" data-src=\"https:\/\/m.media-amazon.com\/images\/S\/aplus-media-library-service-media\/5b44fca9-152a-42fc-ac8b-e757fb7a84fc.__CR0,0,2000,2000_PT0_SX220_V1___.jpeg\"><img decoding=\"async\" alt=\"Vesa\" src=\"https:\/\/m.media-amazon.com\/images\/S\/aplus-media-library-service-media\/5b44fca9-152a-42fc-ac8b-e757fb7a84fc.__CR0,0,2000,2000_PT0_SX220_V1___.jpeg\">  <\/p>\n<p>                                                    Montaje VESA                                     <\/p>\n<p class=\"a-size-small\"> La serie MSI PRO MP243X admite un montaje VESA est\u00e1ndar de 75 mm* y es compatible con el mini PC de la serie MSI Cubi para una configuraci\u00f3n de sobremesa invisible. <\/p>\n<p class=\"apm-text-center\">\n                                                      <img decoding=\"async\" alt=\"PRO_MP243_feature_image_P7\" src=\"https:\/\/images-na.ssl-images-amazon.com\/images\/G\/01\/x-locale\/common\/grey-pixel.gif\" class=\"a-lazy-loaded\" data-src=\"https:\/\/m.media-amazon.com\/images\/S\/aplus-media-library-service-media\/78536327-3325-4c09-9b12-d85874cbc0f7.__CR0,0,2000,2000_PT0_SX220_V1___.jpg\"><img decoding=\"async\" alt=\"PRO_MP243_feature_image_P7\" src=\"https:\/\/m.media-amazon.com\/images\/S\/aplus-media-library-service-media\/78536327-3325-4c09-9b12-d85874cbc0f7.__CR0,0,2000,2000_PT0_SX220_V1___.jpg\">  <\/p>\n<p>                                                    Dise\u00f1o sin herramientas                                     <\/p>\n<p class=\"a-size-small\"> El monitor se puede inclinar -5\u00b0~20\u00b0 e incluye un bloqueo Kensington. <\/p>\n<p class=\"a-size-small\"> El soporte y el panel se pueden montar o desmontar f\u00e1cilmente gracias a un dise\u00f1o sin complicaciones ni herramientas. <\/p>\n<p class=\"a-size-small\"> La parte frontal de la base cuenta con una pr\u00e1ctica ranura para accesorios para un l\u00e1piz \u00f3ptico MSI Pen o para utilizarlo como soporte de smartphone. <\/p>\n<p class=\"apm-text-center\">\n                                                      <img decoding=\"async\" alt=\"Altavoces\" src=\"https:\/\/images-na.ssl-images-amazon.com\/images\/G\/01\/x-locale\/common\/grey-pixel.gif\" class=\"a-lazy-loaded\" data-src=\"https:\/\/m.media-amazon.com\/images\/S\/aplus-media-library-service-media\/2b7a2641-22dd-4160-9f98-244959cdfbfd.__CR0,0,2000,2000_PT0_SX220_V1___.jpeg\"><img decoding=\"async\" alt=\"Altavoces\" src=\"https:\/\/m.media-amazon.com\/images\/S\/aplus-media-library-service-media\/2b7a2641-22dd-4160-9f98-244959cdfbfd.__CR0,0,2000,2000_PT0_SX220_V1___.jpeg\">  <\/p>\n<p>                                                    Altavoces integrados                                     <\/p>\n<p class=\"a-size-small\"> Dos altavoces integrados (3 W) proporcionan una c\u00f3moda salida de audio para archivos de sonido\/m\u00fasica, asistir a conferencias en l\u00ednea o editar v\u00eddeo sin necesidad de altavoces externos ni auriculares. <\/p>\n<p> Is discontinued by manufacturer                                            \u200f                                            :                                            \u200e                                            No   <br \/> Language                                            \u200f                                            :                                            \u200e                                            English   <br \/> Product Dimensions                                            \u200f                                            :                                            \u200e                                            18.1 x 54.1 x 42.1 cm; 3 kg   <br \/> Manufacturer                                            \u200f                                            :                                            \u200e                                            MSI   <br \/> ASIN                                            \u200f                                            :                                            \u200e                                            B0C8JTZLTV   <br \/> Item model number                                            \u200f                                            :                                            \u200e                                            9S6-3PB5CH-038   <br \/> Guaranteed software updates until                                            \u200f                                            :                                            \u200e                                            unknown   <br \/>  Customer reviews:                                                                                            4.6               4.6 out of 5 stars                                  (621)                                              var dpAcrHasRegisteredArcLinkClickAction;                    P.when(&#8216;A&#8217;, &#8216;ready&#8217;).execute(function(A) {                        if (dpAcrHasRegisteredArcLinkClickAction !== true) {                            dpAcrHasRegisteredArcLinkClickAction = true;                            A.declarative(                                &#8216;acrLink-click-metrics&#8217;, &#8216;click&#8217;,                                { \u00aballowLinkDefault\u00bb: true },                                function (event) {                                    if (window.ue) {                                        ue.count(\u00abacrLinkClickCount\u00bb, (ue.count(\u00abacrLinkClickCount\u00bb) || 0) + 1);                                    }                                }                            );                        }                    });                                             P.when(&#8216;A&#8217;, &#8216;cf&#8217;).execute(function(A) {                A.declarative(&#8216;acrStarsLink-click-metrics&#8217;, &#8216;click&#8217;, { \u00aballowLinkDefault\u00bb : true },  function(event){                    if(window.ue) {                        ue.count(\u00abacrStarsLinkWithPopoverClickCount\u00bb, (ue.count(\u00abacrStarsLinkWithPopoverClickCount\u00bb) || 0) + 1);                    }                });            });                          <\/p>\n<p>Eye comfort certified by T\u00dcV Rheinland Anti-flicker<br \/>Blue Light Reduction PRO<br \/>High 100Hz refresh rate and optimal 1ms response time (MPRT)<br \/>Tilting and VESA mountable bracket<br \/>HDMI and DisplayPort<\/p>\n\n","protected":false},"excerpt":{"rendered":"<p> From the manufacturer MSI MSI es el nombre m\u00e1s fiable en gaming y eSports. Dedicamos<\/p>","protected":false},"featured_media":29496,"comment_status":"open","ping_status":"closed","template":"","meta":[],"product_brand":[],"product_cat":[52,54],"product_tag":[1817,1822,1819,1821,1816,1824,3436,1823,307,1825,639,3355,703,1820,844,8588,1262,5884,163,814,1818],"class_list":{"0":"post-29495","1":"product","2":"type-product","3":"status-publish","4":"has-post-thumbnail","6":"product_cat-2k-monitors","7":"product_cat-curved-monitors","8":"product_tag-1440p-monitor","9":"product_tag-144hz-2k-monitor","10":"product_tag-27-inch-2k-monitor","11":"product_tag-2k-gaming-monitor","12":"product_tag-2k-monitor","13":"product_tag-2k-monitor-price","14":"product_tag-antiglare","15":"product_tag-best-2k-monitor","16":"product_tag-black","17":"product_tag-curved-2k-monitor","18":"product_tag-fhd","19":"product_tag-flat","20":"product_tag-ips","21":"product_tag-ips-2k-monitor","22":"product_tag-monitor","23":"product_tag-mp243x","24":"product_tag-msi","25":"product_tag-nits","26":"product_tag-pro","27":"product_tag-professional","28":"product_tag-qhd-monitor","30":"first","31":"instock","32":"sale","33":"shipping-taxable","34":"product-type-external"},"_links":{"self":[{"href":"https:\/\/comprasyconsejos.store\/en\/wp-json\/wp\/v2\/product\/29495","targetHints":{"allow":["GET"]}}],"collection":[{"href":"https:\/\/comprasyconsejos.store\/en\/wp-json\/wp\/v2\/product"}],"about":[{"href":"https:\/\/comprasyconsejos.store\/en\/wp-json\/wp\/v2\/types\/product"}],"replies":[{"embeddable":true,"href":"https:\/\/comprasyconsejos.store\/en\/wp-json\/wp\/v2\/comments?post=29495"}],"version-history":[{"count":0,"href":"https:\/\/comprasyconsejos.store\/en\/wp-json\/wp\/v2\/product\/29495\/revisions"}],"wp:featuredmedia":[{"embeddable":true,"href":"https:\/\/comprasyconsejos.store\/en\/wp-json\/wp\/v2\/media\/29496"}],"wp:attachment":[{"href":"https:\/\/comprasyconsejos.store\/en\/wp-json\/wp\/v2\/media?parent=29495"}],"wp:term":[{"taxonomy":"product_brand","embeddable":true,"href":"https:\/\/comprasyconsejos.store\/en\/wp-json\/wp\/v2\/product_brand?post=29495"},{"taxonomy":"product_cat","embeddable":true,"href":"https:\/\/comprasyconsejos.store\/en\/wp-json\/wp\/v2\/product_cat?post=29495"},{"taxonomy":"product_tag","embeddable":true,"href":"https:\/\/comprasyconsejos.store\/en\/wp-json\/wp\/v2\/product_tag?post=29495"}],"curies":[{"name":"wp","href":"https:\/\/api.w.org\/{rel}","templated":true}]}}