{"id":29545,"date":"2026-02-21T17:54:24","date_gmt":"2026-02-21T17:54:24","guid":{"rendered":"https:\/\/comprasyconsejos.store\/product\/wd-blue-sa510-1tb-m-2-2280-sata-ssd-read-up-to-560mb-s-write-up-to-520mb-s-computer-upgrade-western-digital-ssd-control-panel\/"},"modified":"2026-02-21T17:54:26","modified_gmt":"2026-02-21T17:54:26","slug":"wd-blue-sa510-1tb-m-2-2280-sata-ssd-read-up-to-560mb-s-write-up-to-520mb-s-computer-upgrade-western-digital-ssd-control-panel","status":"publish","type":"product","link":"https:\/\/comprasyconsejos.store\/en\/product\/wd-blue-sa510-1tb-m-2-2280-sata-ssd-read-up-to-560mb-s-write-up-to-520mb-s-computer-upgrade-western-digital-ssd-control-panel\/","title":{"rendered":"WD Blue SA510 1TB M.2 2280 SATA SSD (Read up to 560MB\/s, Write up to 520MB\/s, Computer Upgrade, Western Digital SSD (Control Panel)"},"content":{"rendered":"<p>Price: <span style=\"color:#b12704\">\u20ac170.84<\/span><br \/><i><small>(as of Feb 21, 2026 17:54:24 UTC &#8211; <span class=\"wp_automatic_amazon_disclaimer\" title=\"Product prices and availability are accurate as of the date\/time indicated and are subject to change. Any price and availability information displayed on [relevant Amazon Site(s), as applicable] at the time of purchase will apply to the purchase of this product.\">Details<\/span>)<\/small><\/i><\/p>\n<p><a href=\"https:\/\/amazon.es\/dp\/B09ZYNHPW2?tag=man008-21\"><img decoding=\"async\" src=\"https:\/\/valvepress.s3.amazonaws.com\/imgs\/buy_now.png\"><\/a><br \/>\n<\/p>\n<p>                                             From the manufacturer   <\/p>\n<p>                                                                                                       <img decoding=\"async\" alt=\"El texto dice \u00abSanDisk\u00bb y \u00abDise\u00f1ado especificamente para tus creaciones\u00bb. Imagen de marketing similar con elementos de dise\u00f1o geom\u00e9trico azul y dispositivo de almacenamiento.\" src=\"https:\/\/images-na.ssl-images-amazon.com\/images\/G\/01\/x-locale\/common\/grey-pixel.gif\" class=\"a-lazy-loaded\" data-src=\"https:\/\/m.media-amazon.com\/images\/S\/aplus-media-library-service-media\/77b3f8b9-4f0f-4e11-8036-725baba83a9c.__CR0,0,1464,600_PT0_SX1464_V1___.jpg\"><img decoding=\"async\" alt=\"El texto dice \u00abSanDisk\u00bb y \u00abDise\u00f1ado especificamente para tus creaciones\u00bb. Imagen de marketing similar con elementos de dise\u00f1o geom\u00e9trico azul y dispositivo de almacenamiento.\" src=\"https:\/\/m.media-amazon.com\/images\/S\/aplus-media-library-service-media\/77b3f8b9-4f0f-4e11-8036-725baba83a9c.__CR0,0,1464,600_PT0_SX1464_V1___.jpg\">                                               <\/p>\n<p>                                                                                                       <img decoding=\"async\" alt=\"El texto dice \u00abSSD SATA WD BLUE SA510 M.2\u00bb y \u00abPOWERED BY SANDBOX\u00bb. Imagen promocional del producto para la unidad de estado s\u00f3lido WD con especificaciones t\u00e9cnicas.\" src=\"https:\/\/images-na.ssl-images-amazon.com\/images\/G\/01\/x-locale\/common\/grey-pixel.gif\" class=\"a-lazy-loaded\" data-src=\"https:\/\/m.media-amazon.com\/images\/S\/aplus-media-library-service-media\/9c4e3b60-b192-4f4b-a4dc-115bbd5bc9f7.__CR0,0,1464,600_PT0_SX1464_V1___.jpg\"><img decoding=\"async\" alt=\"El texto dice \u00abSSD SATA WD BLUE SA510 M.2\u00bb y \u00abPOWERED BY SANDBOX\u00bb. Imagen promocional del producto para la unidad de estado s\u00f3lido WD con especificaciones t\u00e9cnicas.\" src=\"https:\/\/m.media-amazon.com\/images\/S\/aplus-media-library-service-media\/9c4e3b60-b192-4f4b-a4dc-115bbd5bc9f7.__CR0,0,1464,600_PT0_SX1464_V1___.jpg\">                                               <\/p>\n<p>The video showcases the product in use.The video guides you through product setup.The video compares multiple products.The video shows the product being unpacked. WD Blue SA510 M.2 Powered by Sandisk Merchant video<\/p>\n<p>                                                                                              <img decoding=\"async\" alt=\"aplus content image\" src=\"https:\/\/images-na.ssl-images-amazon.com\/images\/G\/01\/x-locale\/common\/grey-pixel.gif\" class=\"a-lazy-loaded\" data-src=\"https:\/\/m.media-amazon.com\/images\/S\/aplus-media-library-service-media\/d9cfc2fe-4047-4e09-98c5-08c614bc42c5.__CR0,0,650,350_PT0_SX650_V1___.jpg\"><img decoding=\"async\" alt=\"aplus content image\" src=\"https:\/\/m.media-amazon.com\/images\/S\/aplus-media-library-service-media\/d9cfc2fe-4047-4e09-98c5-08c614bc42c5.__CR0,0,650,350_PT0_SX650_V1___.jpg\">                                            Potencia tu creatividad                                         <\/p>\n<p class=\"aplus-p3\"> Este SSD SATA r\u00e1pido, con una velocidad de lectura de hasta 560 MB\/s(1) (modelos de 500 GB hasta 2 TB), ofrece una mejora del rendimiento que sigue el ritmo de tus cargas de trabajo para realizar actividades creativas y aumentar la productividad. <\/p>\n<p>                                           <img decoding=\"async\" alt=\"M\u00faltiples vistas del componente tecnol\u00f3gico iluminado con iluminaci\u00f3n LED azul, que muestran diferentes \u00e1ngulos y posiciones de instalaci\u00f3n.\" src=\"https:\/\/images-na.ssl-images-amazon.com\/images\/G\/01\/x-locale\/common\/grey-pixel.gif\" class=\"a-lazy-loaded\" data-src=\"https:\/\/m.media-amazon.com\/images\/S\/aplus-media-library-service-media\/9bebcc26-a81a-4a5b-85f3-abd4275c95bc.__CR0,0,650,350_PT0_SX650_V1___.jpg\"><img decoding=\"async\" alt=\"M\u00faltiples vistas del componente tecnol\u00f3gico iluminado con iluminaci\u00f3n LED azul, que muestran diferentes \u00e1ngulos y posiciones de instalaci\u00f3n.\" src=\"https:\/\/m.media-amazon.com\/images\/S\/aplus-media-library-service-media\/9bebcc26-a81a-4a5b-85f3-abd4275c95bc.__CR0,0,650,350_PT0_SX650_V1___.jpg\">                                            Protege tu contenido                                         <\/p>\n<p class=\"aplus-p3\"> Clona al completo el disco duro de tu ordenador en el disco WD Blue SA510 con el software Acronis True Image for SANDISK incluido(3). Este software sencillo y eficiente tambi\u00e9n ayuda a proporcionar protecci\u00f3n basada en IA frente al ransomware y a defenderte de muchos otros ataques. <\/p>\n<p>                                                                                                       <img decoding=\"async\" alt=\"aplus content image\" src=\"https:\/\/images-na.ssl-images-amazon.com\/images\/G\/01\/x-locale\/common\/grey-pixel.gif\" class=\"a-lazy-loaded\" data-src=\"https:\/\/m.media-amazon.com\/images\/S\/aplus-media-library-service-media\/96f78612-d1a8-4076-886a-d67f9294ccca.__CR0,0,1464,600_PT0_SX1464_V1___.jpg\"><img decoding=\"async\" alt=\"aplus content image\" src=\"https:\/\/m.media-amazon.com\/images\/S\/aplus-media-library-service-media\/96f78612-d1a8-4076-886a-d67f9294ccca.__CR0,0,1464,600_PT0_SX1464_V1___.jpg\">                                                                                    Renueva tu ordenador                                        <\/p>\n<p class=\"aplus-p2 aplus-module-2-description\"> \u00bfPor qu\u00e9 comprar un sistema de sobremesa costoso? El WD Blue SA510 SATA SSD , con hasta 2 TB(2) de capacidad, alta resistencia, bajo consumo de energ\u00eda para aumentar la duraci\u00f3n de la bater\u00eda y reducci\u00f3n de las vibraciones con respecto a los discos duros, es perfecto para poner tu ordenador al d\u00eda. <\/p>\n<h3 class=\"a-text-center aplus-h1 a-text-bold\"> Tabla de comparaci\u00f3n <\/h3>\n<p>                         Add To Basket  <\/p>\n<p>                         Add To Basket  <\/p>\n<p>                         Add To Basket  <\/p>\n<p>                                     Customer Reviews  <\/p>\n<p>                    4.5 out of 5 stars  13,186  <\/p>\n<p>                    4.7 out of 5 stars  5,255  <\/p>\n<p>                    4.8 out of 5 stars  31,522  <\/p>\n<p>                    4.8 out of 5 stars  795  <\/p>\n<p>                                     Price  <\/p>\n<p>                                                        \u20ac170.84\u20ac170.84     <\/p>\n<p>                                                        \u2014    <\/p>\n<p>                                                        \u20ac549.00\u20ac549.00     <\/p>\n<p>                                                        \u20ac771.45\u20ac771.45     <\/p>\n<p>                                     Capacidad(1)  <\/p>\n<p>                                                Hasta 2 TB    <\/p>\n<p>                                                Hasta 4 TB    <\/p>\n<p>                                                Hasta 8 TB    <\/p>\n<p>                                                Hasta 8 TB    <\/p>\n<p>                                     Velocidad de lectura(2)  <\/p>\n<p>                                                Hasta 560MB\/s (500GB-2TB)    <\/p>\n<p>                                                Hasta 7,250MB\/s (1TB-2TB)     <\/p>\n<p>                                                Hasta 7,200MB\/s (8TB model)    <\/p>\n<p>                                                Hasta 14,900MB\/s    <\/p>\n<p>                                     Velocidad de escritura(2)  <\/p>\n<p>                                                    \u2014    <\/p>\n<p>                                                Hasta 6,900MB\/s (1TB-2TB)     <\/p>\n<p>                                                Hasta 6,600MB\/s    <\/p>\n<p>                                                Hasta 14,000MB\/s (2TB-4TB)    <\/p>\n<p>                                     Interfaz  <\/p>\n<p>                                                SATA III    <\/p>\n<p>                                                PCIe Gen4    <\/p>\n<p>                                                PCIe Gen4    <\/p>\n<p>                                                PCIe Gen5    <\/p>\n<p>                                     Ideal para  <\/p>\n<p>                                                Crear contenido\/ profesionales    <\/p>\n<p>                                                PC Gaming    <\/p>\n<p>                                                Gaming    <\/p>\n<p>                                                Gaming    <\/p>\n<p>                                             Informaci\u00f3n legal                                         <\/p>\n<p class=\"description\"> (1) 1 GB = mil millones de bytes y 1 TB = 1 bill\u00f3n de bytes. Puede que la capacidad real del usuario sea menor en funci\u00f3n del entorno operativo. <\/p>\n<p class=\"description\"> (2) 1 MB\/s = 1 mill\u00f3n de bytes por segundo. Seg\u00fan las pruebas internas, el rendimiento puede variar en funci\u00f3n del dispositivo, las condiciones de uso, la capacidad del disco y otros factores. <\/p>\n<p class=\"description\"> (3) Requiere descarga e instalaci\u00f3n. Incluye licencia de 5 a\u00f1os para tu disco compatible. Canjeable durante los 90 d\u00edas posteriores a la compra. No se puede combinar con otras ofertas. Oferta por tiempo limitado, consulta el sitio web de Sandisk para obtener m\u00e1s informaci\u00f3n. Oferta sujeta a cambios. <\/p>\n<p class=\"description\"> (4) See Sandisk website for more details. <\/p>\n<p class=\"description\"> SANDISK, el SANDISK logotipo son marcas registradas o marcas de Sandisk Corporation o sus filiales en los EE. UU. u otros pa\u00edses. WD Blue son marcas registradas o marcas de Western Digital Corporation o sus filiales en los EE. UU. u otros pa\u00edses. and\/or other countries. Acronis y True Image son marcas de Acronis International. Todas las dem\u00e1s marcas comerciales son propiedad de sus respectivos titulares. <\/p>\n<p class=\"description\"> Las especificaciones de los productos est\u00e1n sujetas a cambios sin aviso previo. Las im\u00e1genes mostradas pueden diferir del producto real. <\/p>\n<p class=\"description\"> 2025 Sandisk Corporation o sus filiales. Todos los derechos reservados. <\/p>\n<p> Batteries                                            \u200f                                            :                                            \u200e                                            1 AAAA batteries required.   <br \/> Is discontinued by manufacturer                                            \u200f                                            :                                            \u200e                                            No   <br \/> Language                                            \u200f                                            :                                            \u200e                                            English, English, English, English   <br \/> Product Dimensions                                            \u200f                                            :                                            \u200e                                            12.7 x 9.91 x 2.03 cm; 4.99 g   <br \/> Manufacturer                                            \u200f                                            :                                            \u200e                                            Western Digital   <br \/> ASIN                                            \u200f                                            :                                            \u200e                                            B09ZYNHPW2   <br \/> Item model number                                            \u200f                                            :                                            \u200e                                            WDS100T3B0B   <br \/> Country of origin                                            \u200f                                            :                                            \u200e                                            Germany   <br \/> Guaranteed software updates until                                            \u200f                                            :                                            \u200e                                            unknown   <br \/>  Customer reviews:                                                                                            4.5               4.5 out of 5 stars                                  (13,186)                                              var dpAcrHasRegisteredArcLinkClickAction;                    P.when(&#8216;A&#8217;, &#8216;ready&#8217;).execute(function(A) {                        if (dpAcrHasRegisteredArcLinkClickAction !== true) {                            dpAcrHasRegisteredArcLinkClickAction = true;                            A.declarative(                                &#8216;acrLink-click-metrics&#8217;, &#8216;click&#8217;,                                { \u00aballowLinkDefault\u00bb: true },                                function (event) {                                    if (window.ue) {                                        ue.count(\u00abacrLinkClickCount\u00bb, (ue.count(\u00abacrLinkClickCount\u00bb) || 0) + 1);                                    }                                }                            );                        }                    });                                             P.when(&#8216;A&#8217;, &#8216;cf&#8217;).execute(function(A) {                A.declarative(&#8216;acrStarsLink-click-metrics&#8217;, &#8216;click&#8217;, { \u00aballowLinkDefault\u00bb : true },  function(event){                    if(window.ue) {                        ue.count(\u00abacrStarsLinkWithPopoverClickCount\u00bb, (ue.count(\u00abacrStarsLinkWithPopoverClickCount\u00bb) || 0) + 1);                    }                });            });                          <\/p>\n<p>With capacities up to 1TB, high durability and low power consumption to extend laptop life between loads and reduce vibrations compared to hard drives<br \/>Give your PC a new life with capacities up to 1TB and high endurance, plus low power consumption for longer laptop life between reduced loads and vibrations compared to hard drives<br \/>Clone your entire computer hard drive to your WD Blue SA510 drive with the included Acronis True Image image for western digital transfer and cyber-protected backup software<br \/>Work with confidence as the downloadable Digital Western SSD panel helps you monitor your drive&#8217;s health, temperature, available space, and more<br \/>WD Blue SA510 SATA SSD comes in 2.5&#8243; M.2 form factors for greater compatibility, fits directly into many current PC slots as well as those of many older machines<br \/>Note: SSDs do not need to be defragmented. Defragmenting an SSD can shorten the life of the drive<\/p>\n\n","protected":false},"excerpt":{"rendered":"<p> From the manufacturer The video showcases the product in use.The video guides you through product<\/p>","protected":false},"featured_media":29546,"comment_status":"open","ping_status":"closed","template":"","meta":[],"product_brand":[],"product_cat":[81],"product_tag":[602,1455,1457,8597,4262,1468,367,539,1124,1865,1461,1119,1459,1452,1033,1465,1726,5609,1646,1463,513,1466,1552,2472,3508],"class_list":{"0":"post-29545","1":"product","2":"type-product","3":"status-publish","4":"has-post-thumbnail","6":"product_cat-ssd-drive","7":"product_tag-1tb","8":"product_tag-1tb-ssd","9":"product_tag-512gb-ssd","10":"product_tag-520mbs","11":"product_tag-560mbs","12":"product_tag-best-ssd","13":"product_tag-blue","14":"product_tag-computer","15":"product_tag-control","16":"product_tag-digital","17":"product_tag-gaming-ssd","18":"product_tag-m-2","19":"product_tag-m-2-ssd","20":"product_tag-nvme-ssd","21":"product_tag-panel","22":"product_tag-portable-ssd","23":"product_tag-read","24":"product_tag-sa510","25":"product_tag-sata","26":"product_tag-sata-ssd","27":"product_tag-ssd","28":"product_tag-ssd-price","29":"product_tag-upgrade","30":"product_tag-western","31":"product_tag-write","33":"first","34":"instock","35":"shipping-taxable","36":"product-type-external"},"_links":{"self":[{"href":"https:\/\/comprasyconsejos.store\/en\/wp-json\/wp\/v2\/product\/29545","targetHints":{"allow":["GET"]}}],"collection":[{"href":"https:\/\/comprasyconsejos.store\/en\/wp-json\/wp\/v2\/product"}],"about":[{"href":"https:\/\/comprasyconsejos.store\/en\/wp-json\/wp\/v2\/types\/product"}],"replies":[{"embeddable":true,"href":"https:\/\/comprasyconsejos.store\/en\/wp-json\/wp\/v2\/comments?post=29545"}],"version-history":[{"count":0,"href":"https:\/\/comprasyconsejos.store\/en\/wp-json\/wp\/v2\/product\/29545\/revisions"}],"wp:featuredmedia":[{"embeddable":true,"href":"https:\/\/comprasyconsejos.store\/en\/wp-json\/wp\/v2\/media\/29546"}],"wp:attachment":[{"href":"https:\/\/comprasyconsejos.store\/en\/wp-json\/wp\/v2\/media?parent=29545"}],"wp:term":[{"taxonomy":"product_brand","embeddable":true,"href":"https:\/\/comprasyconsejos.store\/en\/wp-json\/wp\/v2\/product_brand?post=29545"},{"taxonomy":"product_cat","embeddable":true,"href":"https:\/\/comprasyconsejos.store\/en\/wp-json\/wp\/v2\/product_cat?post=29545"},{"taxonomy":"product_tag","embeddable":true,"href":"https:\/\/comprasyconsejos.store\/en\/wp-json\/wp\/v2\/product_tag?post=29545"}],"curies":[{"name":"wp","href":"https:\/\/api.w.org\/{rel}","templated":true}]}}