{"id":29550,"date":"2026-02-21T18:00:43","date_gmt":"2026-02-21T18:00:43","guid":{"rendered":"https:\/\/comprasyconsejos.store\/product\/mars-gaming-mpb750-atx-750w-power-supply-6-years-safety-80plus-bronze-230v-eu-90-efficiency-fdb-120mm-fan-with-ai-rpm-technology-and-anti-vibration-system-white\/"},"modified":"2026-02-21T18:00:51","modified_gmt":"2026-02-21T18:00:51","slug":"mars-gaming-mpb750-atx-750w-power-supply-6-years-safety-80plus-bronze-230v-eu-90-efficiency-fdb-120mm-fan-with-ai-rpm-technology-and-anti-vibration-system-white","status":"publish","type":"product","link":"https:\/\/comprasyconsejos.store\/en\/product\/mars-gaming-mpb750-atx-750w-power-supply-6-years-safety-80plus-bronze-230v-eu-90-efficiency-fdb-120mm-fan-with-ai-rpm-technology-and-anti-vibration-system-white\/","title":{"rendered":"Mars Gaming MPB750, ATX 750W Power Supply, 6 Years Safety, 80Plus Bronze 230V EU, 90% Efficiency, FDB 120mm Fan with AI-RPM Technology and Anti-Vibration System, White"},"content":{"rendered":"<p>Price: <span style=\"color:#b12704\"><del>\u20ac56.90<\/del> - \u20ac55.08<\/span><br \/><i><small>(as of Feb 21, 2026 18:00:43 UTC &#8211; <span class=\"wp_automatic_amazon_disclaimer\" title=\"Product prices and availability are accurate as of the date\/time indicated and are subject to change. Any price and availability information displayed on [relevant Amazon Site(s), as applicable] at the time of purchase will apply to the purchase of this product.\">Details<\/span>)<\/small><\/i><\/p>\n<p><a href=\"https:\/\/amazon.es\/dp\/B0D6W59MSS?tag=man008-21\"><img decoding=\"async\" src=\"https:\/\/valvepress.s3.amazonaws.com\/imgs\/buy_now.png\"><\/a><br \/>\n<\/p>\n<p>                                             From the manufacturer   <\/p>\n<p>                                                                             <img decoding=\"async\" alt=\"fuente de alimentaci\u00f3n pc fuente de alimentaci\u00f3n modular fuente de alimentaci\u00f3n pc 750w fuente atx\" src=\"https:\/\/images-na.ssl-images-amazon.com\/images\/G\/01\/x-locale\/common\/grey-pixel.gif\" class=\"a-spacing-base a-lazy-loaded\" data-src=\"https:\/\/m.media-amazon.com\/images\/S\/aplus-media-library-service-media\/700a03b6-e603-481e-ad69-9057ae2bbebc.__CR0,0,1940,1200_PT0_SX970_V1___.jpg\"><img decoding=\"async\" alt=\"fuente de alimentaci\u00f3n pc fuente de alimentaci\u00f3n modular fuente de alimentaci\u00f3n pc 750w fuente atx\" src=\"https:\/\/m.media-amazon.com\/images\/S\/aplus-media-library-service-media\/700a03b6-e603-481e-ad69-9057ae2bbebc.__CR0,0,1940,1200_PT0_SX970_V1___.jpg\">                                                                    <\/p>\n<p>                                                  <img decoding=\"async\" alt=\"fuente de alimentaci\u00f3n pc fuente de alimentaci\u00f3n modular fuente de alimentaci\u00f3n pc 750w fuente atx\" src=\"https:\/\/images-na.ssl-images-amazon.com\/images\/G\/01\/x-locale\/common\/grey-pixel.gif\" class=\"a-lazy-loaded\" data-src=\"https:\/\/m.media-amazon.com\/images\/S\/aplus-media-library-service-media\/862bff53-483e-4c82-842e-e8ee0af1a1e2.__CR0,0,2000,2000_PT0_SX300_V1___.jpg\"><img decoding=\"async\" alt=\"fuente de alimentaci\u00f3n pc fuente de alimentaci\u00f3n modular fuente de alimentaci\u00f3n pc 750w fuente atx\" src=\"https:\/\/m.media-amazon.com\/images\/S\/aplus-media-library-service-media\/862bff53-483e-4c82-842e-e8ee0af1a1e2.__CR0,0,2000,2000_PT0_SX300_V1___.jpg\">  <\/p>\n<h3 class=\"a-spacing-mini\"> FUENTE DE ALIMENTACI\u00d3N MPB750 <\/h3>\n<p> Fuente de alimentaci\u00f3n ATX DC-DC de 750W, con certificado 80Plus Bronze 230V EU y 6 a\u00f1os de seguridad durabilidad gracias a la \u00faltima tecnolog\u00eda de fabricaci\u00f3n SMD. Rendimiento excepcional con funcionamiento ultrasilencioso mediante la tecnolog\u00eda AI-RPM que regula el funcionamiento del ventilador FDB de 120mm. 99% eficiencia DIGITAL APFC, 90% de eficiencia el\u00e9ctrica, cables planos negros extralargos y sistemas de protecci\u00f3n y seguridad integrados. <\/p>\n<p class=\"apm-text-center\">\n                                                      <img decoding=\"async\" alt=\"fuente de alimentaci\u00f3n pc fuente de alimentaci\u00f3n modular fuente de alimentaci\u00f3n pc 750w fuente atx\" src=\"https:\/\/images-na.ssl-images-amazon.com\/images\/G\/01\/x-locale\/common\/grey-pixel.gif\" class=\"a-lazy-loaded\" data-src=\"https:\/\/m.media-amazon.com\/images\/S\/aplus-media-library-service-media\/d6bcbfc3-f390-4a3e-9a20-27391f6877e5.__CR0,0,2000,2000_PT0_SX220_V1___.jpg\"><img decoding=\"async\" alt=\"fuente de alimentaci\u00f3n pc fuente de alimentaci\u00f3n modular fuente de alimentaci\u00f3n pc 750w fuente atx\" src=\"https:\/\/m.media-amazon.com\/images\/S\/aplus-media-library-service-media\/d6bcbfc3-f390-4a3e-9a20-27391f6877e5.__CR0,0,2000,2000_PT0_SX220_V1___.jpg\">  <\/p>\n<p>                                                    TECNOLOG\u00cdA AI-RPM Y 120MM FDB. SILENCIO ABSOLUTO                                     <\/p>\n<p class=\"a-size-small\"> Equipada con un ventilador FDB de 120mm, tecnolog\u00eda avanzada AI-RPM e IC de control que optimiza autom\u00e1ticamente la velocidad del ventilador, la fuente MPB750 garantiza un funcionamiento silencioso y eficiente. <\/p>\n<p class=\"a-size-small\"> Con la tecnolog\u00eda Active PFC, asegura una entrega de energ\u00eda m\u00e1s eficiente y estable, y mejora la calidad de la alimentaci\u00f3n el\u00e9ctrica reduciendo las distorsiones en la red el\u00e9ctrica. <\/p>\n<p class=\"apm-text-center\">\n                                                      <img decoding=\"async\" alt=\"fuente de alimentaci\u00f3n pc fuente de alimentaci\u00f3n modular fuente de alimentaci\u00f3n pc 750w fuente atx\" src=\"https:\/\/images-na.ssl-images-amazon.com\/images\/G\/01\/x-locale\/common\/grey-pixel.gif\" class=\"a-lazy-loaded\" data-src=\"https:\/\/m.media-amazon.com\/images\/S\/aplus-media-library-service-media\/8e5cd732-caff-4ae7-a89b-57ccf4b6b83a.__CR0,0,2000,2000_PT0_SX220_V1___.jpg\"><img decoding=\"async\" alt=\"fuente de alimentaci\u00f3n pc fuente de alimentaci\u00f3n modular fuente de alimentaci\u00f3n pc 750w fuente atx\" src=\"https:\/\/m.media-amazon.com\/images\/S\/aplus-media-library-service-media\/8e5cd732-caff-4ae7-a89b-57ccf4b6b83a.__CR0,0,2000,2000_PT0_SX220_V1___.jpg\">  <\/p>\n<p>                                                    EFICIENCIA PROFESIONAL. CERTIFICADO 80PLUS BRONZE                                     <\/p>\n<p class=\"a-size-small\"> Hasta 750W de potencia con seguridad avanzada y eficiencia energ\u00e9tica optimizada. <\/p>\n<p class=\"a-size-small\"> La MPB750, con tecnolog\u00eda de ra\u00edl \u00fanico +12v y certificaci\u00f3n 80 Plus Bronze 230V EU, asegura una eficiencia del 99% con el sistema DIGITAL APFC y un 90% de eficiencia el\u00e9ctrica, logrando un perfecto equilibrio entre eficiencia y consumo. <\/p>\n<p class=\"apm-text-center\">\n                                                      <img decoding=\"async\" alt=\"fuente de alimentaci\u00f3n pc fuente de alimentaci\u00f3n modular fuente de alimentaci\u00f3n pc 750w fuente atx\" src=\"https:\/\/images-na.ssl-images-amazon.com\/images\/G\/01\/x-locale\/common\/grey-pixel.gif\" class=\"a-lazy-loaded\" data-src=\"https:\/\/m.media-amazon.com\/images\/S\/aplus-media-library-service-media\/9b8137f2-1159-4a7b-8814-5c490cc4ceba.__CR0,0,2000,2000_PT0_SX220_V1___.jpg\"><img decoding=\"async\" alt=\"fuente de alimentaci\u00f3n pc fuente de alimentaci\u00f3n modular fuente de alimentaci\u00f3n pc 750w fuente atx\" src=\"https:\/\/m.media-amazon.com\/images\/S\/aplus-media-library-service-media\/9b8137f2-1159-4a7b-8814-5c490cc4ceba.__CR0,0,2000,2000_PT0_SX220_V1___.jpg\">  <\/p>\n<p>                                                    6 A\u00d1OS DE GARANTIA. FIABILIDAD Y SEGURIDAD TOTALES                                     <\/p>\n<p class=\"a-size-small\"> La fuente de alimentaci\u00f3n MPB750 ofrece un funcionamiento extendido de 6 a\u00f1os adem\u00e1s de integrar los m\u00e1s avanzados y completos sistemas de seguridad electr\u00f3nicos: OVP, UVP, OCP,  OPP, SCP, para un rendimiento seguro y estable en todo momento. <\/p>\n<p class=\"a-size-small\"> Desarrollada en Europa y fabricada bajo los m\u00e1s estrictos est\u00e1ndares europeos y calidad certificada por los prestigiosos laboratorios T\u00dcV Rheinland. <\/p>\n<p class=\"apm-text-center\">\n                                                      <img decoding=\"async\" alt=\"fuente de alimentaci\u00f3n pc fuente de alimentaci\u00f3n modular fuente de alimentaci\u00f3n pc 750w fuente atx\" src=\"https:\/\/images-na.ssl-images-amazon.com\/images\/G\/01\/x-locale\/common\/grey-pixel.gif\" class=\"a-lazy-loaded\" data-src=\"https:\/\/m.media-amazon.com\/images\/S\/aplus-media-library-service-media\/1007a7a6-f8dc-4d37-8240-e2d128a42eeb.__CR0,0,2000,2000_PT0_SX220_V1___.jpg\"><img decoding=\"async\" alt=\"fuente de alimentaci\u00f3n pc fuente de alimentaci\u00f3n modular fuente de alimentaci\u00f3n pc 750w fuente atx\" src=\"https:\/\/m.media-amazon.com\/images\/S\/aplus-media-library-service-media\/1007a7a6-f8dc-4d37-8240-e2d128a42eeb.__CR0,0,2000,2000_PT0_SX220_V1___.jpg\">  <\/p>\n<p>                                                    TECNOLOG\u00cdA AVANZADA DE CONVERSI\u00d3N                                     <\/p>\n<p class=\"a-size-small\"> Su tecnolog\u00eda de conversi\u00f3n DC-DC mejora la eficiencia y garantiza una adaptabilidad y estabilidad superiores, con regulaci\u00f3n de voltaje para proteger componentes sensibles. <\/p>\n<p class=\"a-size-small\"> Esta fuente de alimentaci\u00f3n ATX mantiene un rendimiento \u00f3ptimo incluso bajo variaciones de carga, asegurando la estabilidad del PC en cualquier situaci\u00f3n. <\/p>\n<p>                                                  <img decoding=\"async\" alt=\"fuente de alimentaci\u00f3n pc fuente de alimentaci\u00f3n modular fuente de alimentaci\u00f3n pc 750w fuente atx\" src=\"https:\/\/images-na.ssl-images-amazon.com\/images\/G\/01\/x-locale\/common\/grey-pixel.gif\" class=\"a-lazy-loaded\" data-src=\"https:\/\/m.media-amazon.com\/images\/S\/aplus-media-library-service-media\/dafefbb6-bdf6-4811-99a3-c869eff1a0d7.__CR18,0,1164,360_PT0_SX970_V1___.jpg\"><img decoding=\"async\" alt=\"fuente de alimentaci\u00f3n pc fuente de alimentaci\u00f3n modular fuente de alimentaci\u00f3n pc 750w fuente atx\" src=\"https:\/\/m.media-amazon.com\/images\/S\/aplus-media-library-service-media\/dafefbb6-bdf6-4811-99a3-c869eff1a0d7.__CR18,0,1164,360_PT0_SX970_V1___.jpg\">  <\/p>\n<p> Batteries                                            \u200f                                            :                                            \u200e                                            1 AAAA batteries required. (included)   <br \/> Product Dimensions                                            \u200f                                            :                                            \u200e                                            15 x 14.5 x 8.5 cm; 1.3 kg   <br \/> Manufacturer                                            \u200f                                            :                                            \u200e                                            Mars Gaming   <br \/> ASIN                                            \u200f                                            :                                            \u200e                                            B0D6W59MSS   <br \/> Item model number                                            \u200f                                            :                                            \u200e                                            MPB750W   <br \/> Country of origin                                            \u200f                                            :                                            \u200e                                            Spain   <br \/> Guaranteed software updates until                                            \u200f                                            :                                            \u200e                                            unknown   <br \/>  Customer reviews:                                                                                            4.5               4.5 out of 5 stars                                  (751)                                              var dpAcrHasRegisteredArcLinkClickAction;                    P.when(&#8216;A&#8217;, &#8216;ready&#8217;).execute(function(A) {                        if (dpAcrHasRegisteredArcLinkClickAction !== true) {                            dpAcrHasRegisteredArcLinkClickAction = true;                            A.declarative(                                &#8216;acrLink-click-metrics&#8217;, &#8216;click&#8217;,                                { \u00aballowLinkDefault\u00bb: true },                                function (event) {                                    if (window.ue) {                                        ue.count(\u00abacrLinkClickCount\u00bb, (ue.count(\u00abacrLinkClickCount\u00bb) || 0) + 1);                                    }                                }                            );                        }                    });                                             P.when(&#8216;A&#8217;, &#8216;cf&#8217;).execute(function(A) {                A.declarative(&#8216;acrStarsLink-click-metrics&#8217;, &#8216;click&#8217;, { \u00aballowLinkDefault\u00bb : true },  function(event){                    if(window.ue) {                        ue.count(\u00abacrStarsLinkWithPopoverClickCount\u00bb, (ue.count(\u00abacrStarsLinkWithPopoverClickCount\u00bb) || 0) + 1);                    }                });            });                          <\/p>\n<p>6 YEAR WARRANTY: The MPB750 power supply offers an extended 6-year warranty; In addition, it equips SMD manufacturing technology, high-quality components and has a wide range of electronic safety and protection systems: OPP, OVP, UVP, SCP and OCP; Developed in Europe and certified by the prestigious T\u00dcV Rheinland laboratories<br \/>POWER AND EFFICIENCY: Up to 750W of power, with the best safety and an optimized energy saving factor, the MPB750 has 80Plus Bronze 230V EU certification to guarantee up to more than 90% efficiency and quality in the operation of the source and DIGITAL APFC system<br \/>ADVANCED CONVERSION TECHNOLOGY: The ATX MPB750 source DC-DC conversion technology improves efficiency and ensures superior adaptability and stability, with voltage regulation to protect sensitive components, maintaining optimal performance even under load variations<br \/>ABSOLUTE SILENCE: Equipped with a 120mm FDB fan, advanced AI-RPM technology, control IC and Active PFC technology, the MPB750 source ensures quiet operation, ensuring more efficient power delivery<br \/>OPTIMIZED CABLEING: Install and manage the PC MPB750 source with total ease thanks to the flat, black and extra-long cabling design, making it perfect for mounting on large towers<\/p>\n\n","protected":false},"excerpt":{"rendered":"<p> From the manufacturer FUENTE DE ALIMENTACI\u00d3N MPB750 Fuente de alimentaci\u00f3n ATX DC-DC de 750W, con<\/p>","protected":false},"featured_media":29551,"comment_status":"open","ping_status":"closed","template":"","meta":[],"product_brand":[],"product_cat":[79],"product_tag":[1381,6075,1488,1730,1490,1495,5993,5994,4792,1458,1499,1536,1500,1509,910,5043,617,1494,5574,1492,8598,1498,143,1485,824,2631,1505,1578,385,205,2277],"class_list":{"0":"post-29550","1":"product","2":"type-product","3":"status-publish","4":"has-post-thumbnail","6":"product_cat-pc-power-supply-unit","7":"product_tag-120mm","8":"product_tag-230v","9":"product_tag-650w-psu","10":"product_tag-750w","11":"product_tag-750w-psu","12":"product_tag-80-plus-gold-psu","13":"product_tag-80plus","14":"product_tag-airpm","15":"product_tag-antivibration","16":"product_tag-atx","17":"product_tag-best-psu","18":"product_tag-bronze","19":"product_tag-computer-power-unit","20":"product_tag-efficiency","21":"product_tag-fan","22":"product_tag-fdb","23":"product_tag-gaming","24":"product_tag-gaming-power-supply","25":"product_tag-mars","26":"product_tag-modular-psu","27":"product_tag-mpb750","28":"product_tag-pc-power-supply-price","29":"product_tag-power","30":"product_tag-power-supply","31":"product_tag-psu","32":"product_tag-safety","33":"product_tag-supply","34":"product_tag-system","35":"product_tag-technology","36":"product_tag-white","37":"product_tag-years","39":"first","40":"instock","41":"sale","42":"shipping-taxable","43":"product-type-external"},"_links":{"self":[{"href":"https:\/\/comprasyconsejos.store\/en\/wp-json\/wp\/v2\/product\/29550","targetHints":{"allow":["GET"]}}],"collection":[{"href":"https:\/\/comprasyconsejos.store\/en\/wp-json\/wp\/v2\/product"}],"about":[{"href":"https:\/\/comprasyconsejos.store\/en\/wp-json\/wp\/v2\/types\/product"}],"replies":[{"embeddable":true,"href":"https:\/\/comprasyconsejos.store\/en\/wp-json\/wp\/v2\/comments?post=29550"}],"version-history":[{"count":0,"href":"https:\/\/comprasyconsejos.store\/en\/wp-json\/wp\/v2\/product\/29550\/revisions"}],"wp:featuredmedia":[{"embeddable":true,"href":"https:\/\/comprasyconsejos.store\/en\/wp-json\/wp\/v2\/media\/29551"}],"wp:attachment":[{"href":"https:\/\/comprasyconsejos.store\/en\/wp-json\/wp\/v2\/media?parent=29550"}],"wp:term":[{"taxonomy":"product_brand","embeddable":true,"href":"https:\/\/comprasyconsejos.store\/en\/wp-json\/wp\/v2\/product_brand?post=29550"},{"taxonomy":"product_cat","embeddable":true,"href":"https:\/\/comprasyconsejos.store\/en\/wp-json\/wp\/v2\/product_cat?post=29550"},{"taxonomy":"product_tag","embeddable":true,"href":"https:\/\/comprasyconsejos.store\/en\/wp-json\/wp\/v2\/product_tag?post=29550"}],"curies":[{"name":"wp","href":"https:\/\/api.w.org\/{rel}","templated":true}]}}