{"id":29561,"date":"2026-02-21T18:22:07","date_gmt":"2026-02-21T18:22:07","guid":{"rendered":"https:\/\/comprasyconsejos.store\/product\/gigabyte-x870e-aero-x3d-wood-motherboard-supports-amd-ryzen-9000-processors-1622-phase-digital-vrm-up-to-9000hz-ddr5-o-c-2xpcie-5-0-2xpcie-4-0-wi-fi-7-5gbe-lan-usb-4\/"},"modified":"2026-02-21T18:22:11","modified_gmt":"2026-02-21T18:22:11","slug":"gigabyte-x870e-aero-x3d-wood-motherboard-supports-amd-ryzen-9000-processors-1622-phase-digital-vrm-up-to-9000hz-ddr5-o-c-2xpcie-5-0-2xpcie-4-0-wi-fi-7-5gbe-lan-usb-4","status":"publish","type":"product","link":"https:\/\/comprasyconsejos.store\/en\/product\/gigabyte-x870e-aero-x3d-wood-motherboard-supports-amd-ryzen-9000-processors-1622-phase-digital-vrm-up-to-9000hz-ddr5-o-c-2xpcie-5-0-2xpcie-4-0-wi-fi-7-5gbe-lan-usb-4\/","title":{"rendered":"GIGABYTE X870E Aero X3D Wood Motherboard &#8211; Supports AMD Ryzen 9000 Processors, 16+2+2 Phase Digital VRM, up to 9000Hz DDR5 (O.C.), 2xPCIe 5.0 + 2xPCIe 4.0, Wi-Fi 7, 5GbE LAN, USB 4"},"content":{"rendered":"<p>Price: <span style=\"color:#b12704\">\u20ac463.16<\/span><br \/><i><small>(as of Feb 21, 2026 18:22:07 UTC &#8211; <span class=\"wp_automatic_amazon_disclaimer\" title=\"Product prices and availability are accurate as of the date\/time indicated and are subject to change. Any price and availability information displayed on [relevant Amazon Site(s), as applicable] at the time of purchase will apply to the purchase of this product.\">Details<\/span>)<\/small><\/i><\/p>\n<p><a href=\"https:\/\/amazon.es\/dp\/B0G823QDFD?tag=man008-21\"><img decoding=\"async\" src=\"https:\/\/valvepress.s3.amazonaws.com\/imgs\/buy_now.png\"><\/a><br \/>\n<\/p>\n<p>                                             From the manufacturer   <\/p>\n<p>                                                  <img decoding=\"async\" alt=\"El texto dice \u00abAERO\u00bb y \u00abXBTIS AERO X30 WOOD\u00bb. Imagen de marketing que muestra un equipo de madera para fitness o ejercicio en un entorno industrial monocrom\u00e1tico.\" src=\"https:\/\/images-na.ssl-images-amazon.com\/images\/G\/01\/x-locale\/common\/grey-pixel.gif\" class=\"a-lazy-loaded\" data-src=\"https:\/\/m.media-amazon.com\/images\/S\/aplus-media-library-service-media\/7506f5de-6fb1-461b-a9d7-775657ec8b45.__CR2,0,1196,370_PT0_SX970_V1___.jpeg\"><img decoding=\"async\" alt=\"El texto dice \u00abAERO\u00bb y \u00abXBTIS AERO X30 WOOD\u00bb. Imagen de marketing que muestra un equipo de madera para fitness o ejercicio en un entorno industrial monocrom\u00e1tico.\" src=\"https:\/\/m.media-amazon.com\/images\/S\/aplus-media-library-service-media\/7506f5de-6fb1-461b-a9d7-775657ec8b45.__CR2,0,1196,370_PT0_SX970_V1___.jpeg\">  <\/p>\n<p>                                                  <img decoding=\"async\" alt=\"Embalaje y expositor de productos de la marca ASZ20 que muestra varias unidades en caja en una combinaci\u00f3n de colores dorado\/bronce con los componentes t\u00e9cnicos visibles.\" src=\"https:\/\/images-na.ssl-images-amazon.com\/images\/G\/01\/x-locale\/common\/grey-pixel.gif\" class=\"a-lazy-loaded\" data-src=\"https:\/\/m.media-amazon.com\/images\/S\/aplus-media-library-service-media\/44ba8dfa-1239-44fd-a727-d8e7080bd0eb.__CR0,0,1200,1200_PT0_SX300_V1___.png\"><img decoding=\"async\" alt=\"Embalaje y expositor de productos de la marca ASZ20 que muestra varias unidades en caja en una combinaci\u00f3n de colores dorado\/bronce con los componentes t\u00e9cnicos visibles.\" src=\"https:\/\/m.media-amazon.com\/images\/S\/aplus-media-library-service-media\/44ba8dfa-1239-44fd-a727-d8e7080bd0eb.__CR0,0,1200,1200_PT0_SX300_V1___.png\">  <\/p>\n<h3 class=\"a-spacing-mini\"> X870E AERO X3D WOOD <\/h3>\n<p> El GIGABYTE X870E AERO X3D WOOD combina un rendimiento excepcional con una est\u00e9tica de madera revolucionaria. Con el Modo Turbo X3D 2.0, soporte DDR5 9000+, PCB de perforaci\u00f3n trasera de 8 capas, dise\u00f1o t\u00e9rmico avanzado y conectividad Wi-Fi 7, es una pieza de declaraci\u00f3n que fusiona la elegancia org\u00e1nica con una capacidad intransigente. <\/p>\n<p class=\"apm-text-center\">\n                                                      <img decoding=\"async\" alt=\"Secuencia de instalaci\u00f3n t\u00e9cnica que muestra el hardware electr\u00f3nico o inform\u00e1tico montado o ensamblado en una pared o superficie.\" src=\"https:\/\/images-na.ssl-images-amazon.com\/images\/G\/01\/x-locale\/common\/grey-pixel.gif\" class=\"a-spacing-mini a-lazy-loaded\" data-src=\"https:\/\/m.media-amazon.com\/images\/S\/aplus-media-library-service-media\/9e292a0e-5335-4fe4-bf11-11eed2a69a54.__CR0,0,1200,1200_PT0_SX300_V1___.jpeg\"><img decoding=\"async\" alt=\"Secuencia de instalaci\u00f3n t\u00e9cnica que muestra el hardware electr\u00f3nico o inform\u00e1tico montado o ensamblado en una pared o superficie.\" src=\"https:\/\/m.media-amazon.com\/images\/S\/aplus-media-library-service-media\/9e292a0e-5335-4fe4-bf11-11eed2a69a54.__CR0,0,1200,1200_PT0_SX300_V1___.jpeg\">  <\/p>\n<p>                                                    Est\u00e9tica Madera Revolucionaria                                       <\/p>\n<p> La X870E AERO X3D WOOD redefine lo que puede ser una placa base: una pieza de declaraci\u00f3n que combina la elegancia org\u00e1nica con una capacidad intransigente. Elaborada con materiales naturales, desde la leng\u00fceta de cuero premium hasta los c\u00e1lidos acentos de madera, representa una nueva era donde la computaci\u00f3n de alto rendimiento se integra bellamente en los espacios de vida como extensiones exquisitas del estilo de vida. <\/p>\n<p class=\"apm-text-center\">\n                                                      <img decoding=\"async\" alt=\"El texto dice \u00abAMD\u00bb y \u00abRYZEN\u00bb. Fotograf\u00edas en primer plano que muestran varios \u00e1ngulos de un chip procesador AMD Ryzen con superficie met\u00e1lica y elementos hologr\u00e1ficos.\" src=\"https:\/\/images-na.ssl-images-amazon.com\/images\/G\/01\/x-locale\/common\/grey-pixel.gif\" class=\"a-spacing-mini a-lazy-loaded\" data-src=\"https:\/\/m.media-amazon.com\/images\/S\/aplus-media-library-service-media\/6ceba910-50cf-4a56-88e7-bdb5ce6383b0.__CR0,0,1200,1200_PT0_SX300_V1___.jpeg\"><img decoding=\"async\" alt=\"El texto dice \u00abAMD\u00bb y \u00abRYZEN\u00bb. Fotograf\u00edas en primer plano que muestran varios \u00e1ngulos de un chip procesador AMD Ryzen con superficie met\u00e1lica y elementos hologr\u00e1ficos.\" src=\"https:\/\/m.media-amazon.com\/images\/S\/aplus-media-library-service-media\/6ceba910-50cf-4a56-88e7-bdb5ce6383b0.__CR0,0,1200,1200_PT0_SX300_V1___.jpeg\">  <\/p>\n<p>                                                    X3D Turbo Mode 2.0                                       <\/p>\n<p> El X3D Turbo Mode 2.0 de GIGABYTE ofrece una experiencia de juego m\u00e1s fluida y r\u00e1pida a trav\u00e9s del control inteligente del hardware y la optimizaci\u00f3n de IA. Con un solo clic, mejora el rendimiento del procesador AMD Ryzen X3D, aumentando la velocidad, la capacidad de respuesta y la eficiencia en juegos exigentes y cargas de trabajo intensivas. <\/p>\n<p class=\"apm-text-center\">\n                                                      <img decoding=\"async\" alt=\"El texto muestra los logotipos \u00abAORUS\u00bb, \u00abIMPULSADO POR IA\u00bb y \u00abBIOS\u00bb. Primer plano de una superficie met\u00e1lica o reflectante con l\u00edneas y patrones curvos.\" src=\"https:\/\/images-na.ssl-images-amazon.com\/images\/G\/01\/x-locale\/common\/grey-pixel.gif\" class=\"a-spacing-mini a-lazy-loaded\" data-src=\"https:\/\/m.media-amazon.com\/images\/S\/aplus-media-library-service-media\/8ef195ef-0331-493f-b273-beed719d62b2.__CR0,0,1200,1200_PT0_SX300_V1___.jpeg\"><img decoding=\"async\" alt=\"El texto muestra los logotipos \u00abAORUS\u00bb, \u00abIMPULSADO POR IA\u00bb y \u00abBIOS\u00bb. Primer plano de una superficie met\u00e1lica o reflectante con l\u00edneas y patrones curvos.\" src=\"https:\/\/m.media-amazon.com\/images\/S\/aplus-media-library-service-media\/8ef195ef-0331-493f-b273-beed719d62b2.__CR0,0,1200,1200_PT0_SX300_V1___.jpeg\">  <\/p>\n<p>                                                    AI Overclocking                                       <\/p>\n<p> Con la tecnolog\u00eda D5 Bionic Corsa, las placas base de la serie X870 presentan overclocking con IA para un rendimiento \u00f3ptimo, aumentando las velocidades y la estabilidad de la memoria DDR5, crucial para la computaci\u00f3n de alto rendimiento y los videojuegos. Adem\u00e1s, el dise\u00f1o de IA para la mejora de se\u00f1ales en las placas base optimiza el rendimiento general y asegura una eficiencia superior. <\/p>\n<p class=\"apm-text-center\">\n                                                      <img decoding=\"async\" alt=\"El texto dice \u00abDDR5-9000\u00bb. Primer plano de la placa base de un ordenador que muestra en detalle las ranuras de RAM, los disipadores t\u00e9rmicos y otros componentes electr\u00f3nicos.\" src=\"https:\/\/images-na.ssl-images-amazon.com\/images\/G\/01\/x-locale\/common\/grey-pixel.gif\" class=\"a-spacing-mini a-lazy-loaded\" data-src=\"https:\/\/m.media-amazon.com\/images\/S\/aplus-media-library-service-media\/8c3df57d-ad83-4619-9243-efcf8c7f1e06.__CR0,0,1200,1200_PT0_SX300_V1___.jpeg\"><img decoding=\"async\" alt=\"El texto dice \u00abDDR5-9000\u00bb. Primer plano de la placa base de un ordenador que muestra en detalle las ranuras de RAM, los disipadores t\u00e9rmicos y otros componentes electr\u00f3nicos.\" src=\"https:\/\/m.media-amazon.com\/images\/S\/aplus-media-library-service-media\/8c3df57d-ad83-4619-9243-efcf8c7f1e06.__CR0,0,1200,1200_PT0_SX300_V1___.jpeg\">  <\/p>\n<p>                                                    Hasta DDR5 9000+                                       <\/p>\n<p> Las placas base gaming de la serie X3D admiten overclocking de DDR5 de hasta 9000+, ofreciendo una velocidad y un rendimiento excepcionales para tareas exigentes. Con overclocking mejorado por IA y caminos de se\u00f1al optimizados, proporciona transferencias de datos m\u00e1s r\u00e1pidas, mayor ancho de banda y mejor eficiencia energ\u00e9tica. Esto mejora los juegos y las cargas de trabajo intensivas, llevando el rendimiento de la memoria a nuevas alturas. <\/p>\n<p class=\"apm-text-center\">\n                                                      <img decoding=\"async\" alt=\"El texto dice \u00abDise\u00f1o VRM\u00bb con \u00ab16+2+2\u00bb. Im\u00e1genes t\u00e9cnicas detalladas que muestran componentes mec\u00e1nicos met\u00e1licos con mecanismos deslizantes o de bloqueo.\" src=\"https:\/\/images-na.ssl-images-amazon.com\/images\/G\/01\/x-locale\/common\/grey-pixel.gif\" class=\"a-spacing-mini a-lazy-loaded\" data-src=\"https:\/\/m.media-amazon.com\/images\/S\/aplus-media-library-service-media\/6ea3d58b-6d9e-4290-b5d5-cd7baa5fa2b0.__CR0,0,1200,1200_PT0_SX300_V1___.jpeg\"><img decoding=\"async\" alt=\"El texto dice \u00abDise\u00f1o VRM\u00bb con \u00ab16+2+2\u00bb. Im\u00e1genes t\u00e9cnicas detalladas que muestran componentes mec\u00e1nicos met\u00e1licos con mecanismos deslizantes o de bloqueo.\" src=\"https:\/\/m.media-amazon.com\/images\/S\/aplus-media-library-service-media\/6ea3d58b-6d9e-4290-b5d5-cd7baa5fa2b0.__CR0,0,1200,1200_PT0_SX300_V1___.jpeg\">  <\/p>\n<p>                                                    Dise\u00f1o VRM 16+2+2                                       <\/p>\n<p> La placa base X870E AERO X3D WOOD cuenta con un robusto dise\u00f1o de fase de alimentaci\u00f3n digital VRM 16+2+2, que proporciona energ\u00eda precisa a la CPU para una mayor estabilidad y potencial de overclocking. Esta avanzada configuraci\u00f3n de VRM asegura una eficiente disipaci\u00f3n del calor y un rendimiento constante, lo que la hace ideal para juegos de alto rendimiento, multitarea y cargas de trabajo exigentes. <\/p>\n<p class=\"apm-text-center\">\n                                                      <img decoding=\"async\" alt=\"El texto dice \u00abEFFICIENT OVERALL THERMAL\u00bb. Diagrama t\u00e9cnico detallado que muestra los componentes de los canales met\u00e1licos o de aluminio con elementos de dise\u00f1o t\u00e9rmico.\" src=\"https:\/\/images-na.ssl-images-amazon.com\/images\/G\/01\/x-locale\/common\/grey-pixel.gif\" class=\"a-spacing-mini a-lazy-loaded\" data-src=\"https:\/\/m.media-amazon.com\/images\/S\/aplus-media-library-service-media\/e313f2bb-1380-4dff-b97c-299287bb0b40.__CR0,0,1200,1200_PT0_SX300_V1___.jpeg\"><img decoding=\"async\" alt=\"El texto dice \u00abEFFICIENT OVERALL THERMAL\u00bb. Diagrama t\u00e9cnico detallado que muestra los componentes de los canales met\u00e1licos o de aluminio con elementos de dise\u00f1o t\u00e9rmico.\" src=\"https:\/\/m.media-amazon.com\/images\/S\/aplus-media-library-service-media\/e313f2bb-1380-4dff-b97c-299287bb0b40.__CR0,0,1200,1200_PT0_SX300_V1___.jpeg\">  <\/p>\n<p>                                                    Gesti\u00f3n T\u00e9rmica Avanzada                                       <\/p>\n<p> Con un dise\u00f1o t\u00e9rmico avanzado, que incluye el \u00faltimo dise\u00f1o M.2 EZ Flex para la refrigeraci\u00f3n de SSD y disipadores de calor VRM, la serie X3D est\u00e1 dedicada a mantener su sistema fresco. Estas caracter\u00edsticas disipan eficientemente el calor de componentes clave, asegurando un rendimiento y estabilidad \u00f3ptimos bajo cargas de trabajo pesadas, incluso durante sesiones intensas de gaming u overclocking. <\/p>\n<p class=\"apm-text-center\">\n                                                      <img decoding=\"async\" alt=\"El texto dice \u00abConectividad integral\u00bb. Panel de E\/S para placa base de ordenador con varios puertos, incluidos USB y HDMI. A continuaci\u00f3n se muestran tres iconos para la conectividad Wi-Fi, USB4 de 40 Gbps y antena.\" src=\"https:\/\/images-na.ssl-images-amazon.com\/images\/G\/01\/x-locale\/common\/grey-pixel.gif\" class=\"a-spacing-mini a-lazy-loaded\" data-src=\"https:\/\/m.media-amazon.com\/images\/S\/aplus-media-library-service-media\/95132654-10bc-42f3-ae62-5bfaf752e09f.__CR0,0,1200,1200_PT0_SX300_V1___.jpeg\"><img decoding=\"async\" alt=\"El texto dice \u00abConectividad integral\u00bb. Panel de E\/S para placa base de ordenador con varios puertos, incluidos USB y HDMI. A continuaci\u00f3n se muestran tres iconos para la conectividad Wi-Fi, USB4 de 40 Gbps y antena.\" src=\"https:\/\/m.media-amazon.com\/images\/S\/aplus-media-library-service-media\/95132654-10bc-42f3-ae62-5bfaf752e09f.__CR0,0,1200,1200_PT0_SX300_V1___.jpeg\">  <\/p>\n<p>                                                    Amigable para DIY                                       <\/p>\n<p> Dise\u00f1adas pensando en los usuarios, las placas base ofrecen la mejor experiencia DIY, brind\u00e1ndote un ensamblaje sin complicaciones. \u2022 EZ-Latch: Equipado con dise\u00f1o EZ-Latch, permiti\u00e9ndote usar el mecanismo de cierre para desenganchar la tarjeta gr\u00e1fica del slot PCIe f\u00e1cilmente e instalar M.2 y el disipador M.2 sin tornillos. \u2022 M.2 EZ-Match: Con un dise\u00f1o magn\u00e9tico revolucionario, es f\u00e1cil volver a colocar el disipador y mejorar la eficiencia del disipador. \u2022 WIFI EZ-Plug: Integra conectores de antena Wi-Fi en un adaptador, f\u00e1cil de instalar. <\/p>\n<p class=\"apm-text-center\">\n                                                      <img decoding=\"async\" alt=\"El texto dice \u00abEZ DIY\u00bb. Serie de im\u00e1genes en primer plano relacionadas con m\u00e1quinas o herramientas que muestran componentes met\u00e1licos y piezas de ensamblaje.\" src=\"https:\/\/images-na.ssl-images-amazon.com\/images\/G\/01\/x-locale\/common\/grey-pixel.gif\" class=\"a-spacing-mini a-lazy-loaded\" data-src=\"https:\/\/m.media-amazon.com\/images\/S\/aplus-media-library-service-media\/984b5447-ce5b-40f9-bd49-1c4e60373066.__CR0,0,1200,1200_PT0_SX300_V1___.jpeg\"><img decoding=\"async\" alt=\"El texto dice \u00abEZ DIY\u00bb. Serie de im\u00e1genes en primer plano relacionadas con m\u00e1quinas o herramientas que muestran componentes met\u00e1licos y piezas de ensamblaje.\" src=\"https:\/\/m.media-amazon.com\/images\/S\/aplus-media-library-service-media\/984b5447-ce5b-40f9-bd49-1c4e60373066.__CR0,0,1200,1200_PT0_SX300_V1___.jpeg\">  <\/p>\n<p>                                                    Conectividad R\u00e1pida                                       <\/p>\n<p> \u2022 Doble nativo 40 Gbps USB4 \u2022 Doble LAN 5G \u2022 Wi-Fi 7 Los dos \u00faltimos puertos USB4 Tipo-C proporcionan velocidades de transferencia ultrarr\u00e1pidas de hasta 40 Gbps cada uno. Adem\u00e1s, Wi-Fi 7 ofrece redes inal\u00e1mbricas ultrarr\u00e1pidas y de baja latencia con un ancho de banda y estabilidad mejorados, asegurando un rendimiento de primer nivel y conectividad fluida. <\/p>\n<p class=\"apm-text-center\">\n                                                      <img decoding=\"async\" alt=\"El texto dice \u00abPerforaci\u00f3n trasera de PCB\u00bb. Diagrama t\u00e9cnico que muestra el componente de la placa t\u00e9rmica de PCB con el icono de PCB de 6 capas y el icono de la placa t\u00e9rmica de PCB a continuaci\u00f3n.\" src=\"https:\/\/images-na.ssl-images-amazon.com\/images\/G\/01\/x-locale\/common\/grey-pixel.gif\" class=\"a-spacing-mini a-lazy-loaded\" data-src=\"https:\/\/m.media-amazon.com\/images\/S\/aplus-media-library-service-media\/97cf695a-7585-41db-8021-a2f47e47874f.__CR0,0,1200,1200_PT0_SX300_V1___.jpeg\"><img decoding=\"async\" alt=\"El texto dice \u00abPerforaci\u00f3n trasera de PCB\u00bb. Diagrama t\u00e9cnico que muestra el componente de la placa t\u00e9rmica de PCB con el icono de PCB de 6 capas y el icono de la placa t\u00e9rmica de PCB a continuaci\u00f3n.\" src=\"https:\/\/m.media-amazon.com\/images\/S\/aplus-media-library-service-media\/97cf695a-7585-41db-8021-a2f47e47874f.__CR0,0,1200,1200_PT0_SX300_V1___.jpeg\">  <\/p>\n<p>                                                    Tecnolog\u00eda de perforaci\u00f3n trasera de PCB                                       <\/p>\n<p> Para lograr un rendimiento \u00f3ptimo en la transmisi\u00f3n de se\u00f1ales, la X870E AERO X3D WOOD aprovecha la avanzada tecnolog\u00eda de PCB de perforaci\u00f3n trasera de 8 capas. Esta t\u00e9cnica sofisticada desempe\u00f1a un papel crucial en la reducci\u00f3n de las reflexiones de se\u00f1al, mejora la precisi\u00f3n de sincronizaci\u00f3n y mejora el rendimiento general del sistema para una fiabilidad excepcional. <\/p>\n<p> Product Dimensions                                            \u200f                                            :                                            \u200e                                            24.4 x 30.5 x 3.5 cm; 3.15 kg   <br \/> Manufacturer                                            \u200f                                            :                                            \u200e                                            Gigabyte   <br \/> ASIN                                            \u200f                                            :                                            \u200e                                            B0G823QDFD   <br \/> Item model number                                            \u200f                                            :                                            \u200e                                            X870E AERO X WOOD   <br \/> Guaranteed software updates until                                            \u200f                                            :                                            \u200e                                            unknown   <br \/>  Customer reviews:                                                                                            5.0               5.0 out of 5 stars                                  (1)                                              var dpAcrHasRegisteredArcLinkClickAction;                    P.when(&#8216;A&#8217;, &#8216;ready&#8217;).execute(function(A) {                        if (dpAcrHasRegisteredArcLinkClickAction !== true) {                            dpAcrHasRegisteredArcLinkClickAction = true;                            A.declarative(                                &#8216;acrLink-click-metrics&#8217;, &#8216;click&#8217;,                                { \u00aballowLinkDefault\u00bb: true },                                function (event) {                                    if (window.ue) {                                        ue.count(\u00abacrLinkClickCount\u00bb, (ue.count(\u00abacrLinkClickCount\u00bb) || 0) + 1);                                    }                                }                            );                        }                    });                                             P.when(&#8216;A&#8217;, &#8216;cf&#8217;).execute(function(A) {                A.declarative(&#8216;acrStarsLink-click-metrics&#8217;, &#8216;click&#8217;, { \u00aballowLinkDefault\u00bb : true },  function(event){                    if(window.ue) {                        ue.count(\u00abacrStarsLinkWithPopoverClickCount\u00bb, (ue.count(\u00abacrStarsLinkWithPopoverClickCount\u00bb) || 0) + 1);                    }                });            });                          <\/p>\n<p>Raw textures reveal timeless elegance<br \/>Turbo X3D 2.0 Mode: Amazing X3D Performance Unleashed by AI<br \/>Dual Channel DDR5: 4DIMMs with support for AMD EXPO memory modules. DDR5 OC up to 9000MT\/s<br \/>AMD AM5 Socket: Supports AMD Ryzen Series 9000 \/ 8000 \/ 7000 Processors<br \/>Digital Twin 16+2+2 Phase VRM Solution<br \/>M.2 EZ-Latch Click &#038; Plus: Quick release and screwless design in M.2 slots and heatsinks<br \/>PCB thermal board: 14% thermal improvement and reinforced motherboard stability<br \/>Ultra-fast storage: 4 M.2 slots, including PCIe 5.0 x4<br \/>Fast networking: Dual 5GbE LAN and Wi-Fi 7 with ultra-high gain directional antenna<br \/>Extended connectivity: HDMI, Dual USB4 Type-C with DP-Alt<\/p>\n\n","protected":false},"excerpt":{"rendered":"<p> From the manufacturer X870E AERO X3D WOOD El GIGABYTE X870E AERO X3D WOOD combina un<\/p>","protected":false},"featured_media":29562,"comment_status":"open","ping_status":"closed","template":"","meta":[],"product_brand":[],"product_cat":[78],"product_tag":[7218,3657,8600,6081,530,1447,1444,1445,1451,623,1449,1865,1443,1581,1448,791,1442,6840,5310,2794,531,1085,133,5311,543,1450,2995,8348,3384,1446],"class_list":{"0":"post-29561","1":"product","2":"type-product","3":"status-publish","4":"has-post-thumbnail","6":"product_cat-motherboards","7":"product_tag-2xpcie","8":"product_tag-5gbe","9":"product_tag-9000hz","10":"product_tag-aero","11":"product_tag-amd","12":"product_tag-amd-motherboard","13":"product_tag-atx-motherboard","14":"product_tag-b550-motherboard","15":"product_tag-best-motherboard","16":"product_tag-ddr5","17":"product_tag-ddr5-motherboard","18":"product_tag-digital","19":"product_tag-gaming-motherboard","20":"product_tag-gigabyte","21":"product_tag-intel-motherboard","22":"product_tag-lan","23":"product_tag-motherboard","24":"product_tag-o-c","25":"product_tag-phase","26":"product_tag-processors","27":"product_tag-ryzen","28":"product_tag-supports","29":"product_tag-usb","30":"product_tag-vrm","31":"product_tag-wifi","32":"product_tag-wifi-motherboard","33":"product_tag-wood","34":"product_tag-x3d","35":"product_tag-x870e","36":"product_tag-z790-motherboard","38":"first","39":"instock","40":"shipping-taxable","41":"product-type-external"},"_links":{"self":[{"href":"https:\/\/comprasyconsejos.store\/en\/wp-json\/wp\/v2\/product\/29561","targetHints":{"allow":["GET"]}}],"collection":[{"href":"https:\/\/comprasyconsejos.store\/en\/wp-json\/wp\/v2\/product"}],"about":[{"href":"https:\/\/comprasyconsejos.store\/en\/wp-json\/wp\/v2\/types\/product"}],"replies":[{"embeddable":true,"href":"https:\/\/comprasyconsejos.store\/en\/wp-json\/wp\/v2\/comments?post=29561"}],"version-history":[{"count":0,"href":"https:\/\/comprasyconsejos.store\/en\/wp-json\/wp\/v2\/product\/29561\/revisions"}],"wp:featuredmedia":[{"embeddable":true,"href":"https:\/\/comprasyconsejos.store\/en\/wp-json\/wp\/v2\/media\/29562"}],"wp:attachment":[{"href":"https:\/\/comprasyconsejos.store\/en\/wp-json\/wp\/v2\/media?parent=29561"}],"wp:term":[{"taxonomy":"product_brand","embeddable":true,"href":"https:\/\/comprasyconsejos.store\/en\/wp-json\/wp\/v2\/product_brand?post=29561"},{"taxonomy":"product_cat","embeddable":true,"href":"https:\/\/comprasyconsejos.store\/en\/wp-json\/wp\/v2\/product_cat?post=29561"},{"taxonomy":"product_tag","embeddable":true,"href":"https:\/\/comprasyconsejos.store\/en\/wp-json\/wp\/v2\/product_tag?post=29561"}],"curies":[{"name":"wp","href":"https:\/\/api.w.org\/{rel}","templated":true}]}}