{"id":29637,"date":"2026-02-21T19:32:37","date_gmt":"2026-02-21T19:32:37","guid":{"rendered":"https:\/\/comprasyconsejos.store\/product\/fossibot-portable-power-station-f1200-1024wh-lifepo4-with-2-ac-outputs-of-1200w-power-lifting-2400w-100w-typ-c-quick-charge-49min-de-0-80-solar-generator-for-home-caravan-camping\/"},"modified":"2026-02-21T19:32:41","modified_gmt":"2026-02-21T19:32:41","slug":"fossibot-portable-power-station-f1200-1024wh-lifepo4-with-2-ac-outputs-of-1200w-power-lifting-2400w-100w-typ-c-quick-charge-49min-de-0-80-solar-generator-for-home-caravan-camping","status":"publish","type":"product","link":"https:\/\/comprasyconsejos.store\/en\/product\/fossibot-portable-power-station-f1200-1024wh-lifepo4-with-2-ac-outputs-of-1200w-power-lifting-2400w-100w-typ-c-quick-charge-49min-de-0-80-solar-generator-for-home-caravan-camping\/","title":{"rendered":"FOSSiBOT Portable power station F1200, 1024Wh LiFePO4, with 2 AC outputs of 1200W (Power Lifting 2400W), 100W Typ-C, Quick Charge 49min.de 0-80%, Solar Generator for home\/caravan\/camping"},"content":{"rendered":"<p>Price: <span style=\"color:#b12704\">\u20ac449.00<\/span><br \/><i><small>(as of Feb 21, 2026 19:32:37 UTC &#8211; <span class=\"wp_automatic_amazon_disclaimer\" title=\"Product prices and availability are accurate as of the date\/time indicated and are subject to change. Any price and availability information displayed on [relevant Amazon Site(s), as applicable] at the time of purchase will apply to the purchase of this product.\">Details<\/span>)<\/small><\/i><\/p>\n<p><a href=\"https:\/\/amazon.es\/dp\/B0F5HRLM8G?tag=man008-21\"><img decoding=\"async\" src=\"https:\/\/valvepress.s3.amazonaws.com\/imgs\/buy_now.png\"><\/a><br \/>\n<\/p>\n<p>                                             Product Description   <\/p>\n<p>                                                                                  <img decoding=\"async\" alt=\"La central el\u00e9ctrica port\u00e1til Fossibot F1200 en gris oscuro con panel de pantalla verde y varios puertos, se muestra sobre un fondo\" src=\"https:\/\/m.media-amazon.com\/images\/S\/aplus-media-library-service-media\/aa425a84-157e-4c8c-8645-b782940d9f39.__CR0,0,1464,600_PT0_SX1464_V1___.jpg\">       <\/p>\n<p>                                                                                  <img decoding=\"async\" alt=\"cuenta con una pantalla que muestra una capacidad de 1200 W, carga solar de 400 W, m\u00faltiples salidas, luz LED y capacidades de carga r\u00e1pida\" src=\"https:\/\/m.media-amazon.com\/images\/S\/aplus-media-library-service-media\/b2a020c3-1854-4607-9ca6-7ab759ad6245.__CR0,0,1464,600_PT0_SX1464_V1___.jpg\">       <\/p>\n<p>                                                                                  <img decoding=\"async\" alt=\"carga r\u00e1pida\" src=\"https:\/\/m.media-amazon.com\/images\/S\/aplus-media-library-service-media\/be593448-a9af-4822-a6d2-060808e486a4.__CR0,0,1464,600_PT0_SX1464_V1___.jpg\">       <\/p>\n<p>                                                                                  <img decoding=\"async\" alt=\"Se muestra que la central el\u00e9ctrica port\u00e1til se carga a trav\u00e9s de un enchufe de pared en 49 minutos y mediante energ\u00eda solar en 6,5 horas, con una pantalla de doble panel que compara los m\u00e9todos de carga.\" src=\"https:\/\/m.media-amazon.com\/images\/S\/aplus-media-library-service-media\/8d305453-1e32-4062-8bfa-fc2b43ae5592.__CR0,0,1464,600_PT0_SX1464_V1___.jpg\">       <\/p>\n<p>                                                                                  <img decoding=\"async\" alt=\"con pantalla digital, puertos de carga y detalles en verde, que muestra las especificaciones de carga de 30 y 60 minutos\" src=\"https:\/\/m.media-amazon.com\/images\/S\/aplus-media-library-service-media\/c3ff0da2-6cea-46d5-b0a3-4e25a6b6183a.__CR0,0,1464,600_PT0_SX1464_V1___.jpg\">       <\/p>\n<p>                                                                                  <img decoding=\"async\" alt=\"Central el\u00e9ctrica port\u00e1til que se carga en el interior del coche y muestra 10,67 horas de tiempo de carga en la pantalla LCD. El dispositivo gris con m\u00faltiples enchufes se muestra en el piso del veh\u00edculo\" src=\"https:\/\/m.media-amazon.com\/images\/S\/aplus-media-library-service-media\/0e81d695-95ad-492c-9109-281143197317.__CR0,0,1464,600_PT0_SX1464_V1___.jpg\">       <\/p>\n<p>                                                                                                                  <img decoding=\"async\" alt=\"Reuni\u00f3n grupal en un entorno de campamento con refrigeradores port\u00e1tiles y un panel de especificaciones electr\u00f3nicas que muestra la duraci\u00f3n de la bater\u00eda y las caracter\u00edsticas del dispositivo\" src=\"https:\/\/m.media-amazon.com\/images\/S\/aplus-media-library-service-media\/5773d179-b26f-43dc-bea1-e253f58be610.__CR0,0,1464,600_PT0_SX1464_V1___.jpg\">                                                    <img decoding=\"async\" alt=\"El modo UPS utiliza la computadora para mantener la energ\u00eda encendida\" src=\"https:\/\/m.media-amazon.com\/images\/S\/aplus-media-library-service-media\/b44ee4cc-5359-4a8d-984f-4ec766b13df6.__CR0,0,1464,600_PT0_SX1464_V1___.jpg\">                                                    <img decoding=\"async\" alt=\"Escena de campamento al aire libre con configuraci\u00f3n de central el\u00e9ctrica port\u00e1til, que muestra las capacidades de carga y los \u00edconos de conexi\u00f3n del dispositivo en el lado derecho.\" src=\"https:\/\/m.media-amazon.com\/images\/S\/aplus-media-library-service-media\/1d786367-add9-4e83-aaef-2713192240d1.__CR0,0,1464,600_PT0_SX1464_V1___.jpg\">                                                    <img decoding=\"async\" alt=\"Persona que usa una herramienta el\u00e9ctrica en terrenos rocosos al aire libre, con peque\u00f1os iconos de diagn\u00f3stico en la esquina de la imagen.\" src=\"https:\/\/m.media-amazon.com\/images\/S\/aplus-media-library-service-media\/4e799596-15d9-4c9d-acc6-3712cb0e481f.__CR0,0,1464,600_PT0_SX1464_V1___.jpg\"><br \/>\n                            1 Tente Camping <\/p>\n<p>                            2 Usage domestique <\/p>\n<p>                            3 Voyage en voiture <\/p>\n<p>                            4 Professionnel <\/p>\n<p>                                                                                  <img decoding=\"async\" alt=\"sobre bater\u00edas LiFePO4 que muestra una unidad de bater\u00eda transparente de 4000 mAh con celdas iluminadas en verde y un texto que destaca su vida \u00fatil de m\u00e1s de 10 a\u00f1os\" src=\"https:\/\/m.media-amazon.com\/images\/S\/aplus-media-library-service-media\/fcbee2fd-bcb3-442d-8aad-029e1ddbf609.__CR0,0,1464,600_PT0_SX1464_V1___.jpg\">       <\/p>\n<p>                                                                                  <img decoding=\"async\" alt=\"Gr\u00e1fico informativo del sistema de protecci\u00f3n BMS que muestra un logotipo de escudo verde y varios iconos de protecci\u00f3n sobre un fondo oscuro\" src=\"https:\/\/m.media-amazon.com\/images\/S\/aplus-media-library-service-media\/05b20276-8301-4686-a3d3-5057ce452e33.__CR0,0,1464,600_PT0_SX1464_V1___.jpg\">       <\/p>\n<p>                                                                                  <img decoding=\"async\" alt=\"El mejor regalo\" src=\"https:\/\/m.media-amazon.com\/images\/S\/aplus-media-library-service-media\/93731fa9-62fc-4349-9a9f-dbdf2f2a6dc3.__CR0,0,1464,600_PT0_SX1464_V1___.jpg\">       <\/p>\n<p>                                                                                  <img decoding=\"async\" alt=\"Pantalla de la interfaz del producto que muestra un dial de ajuste de carga de 5 velocidades con indicadores LED y texto en espa\u00f1ol que describe las funciones de la bater\u00eda\" src=\"https:\/\/m.media-amazon.com\/images\/S\/aplus-media-library-service-media\/343939aa-924b-40c8-9ace-c5944ee6f2b5.__CR0,0,1464,600_PT0_SX1464_V1___.jpg\">       <\/p>\n<p>                                                                                  <img decoding=\"async\" alt=\"Pantalla gr\u00e1fica t\u00e9cnica que muestra dos patrones de forma de onda, uno en verde y otro en rojo, que muestra las comparaciones de ondas sinusoidales sobre un\" src=\"https:\/\/m.media-amazon.com\/images\/S\/aplus-media-library-service-media\/113b03b5-b637-45fa-aa64-41e843fdfde2.__CR0,0,1464,600_PT0_SX1464_V1___.jpg\">       <\/p>\n<p>                                                                                  <img decoding=\"async\" alt=\"Estaci\u00f3n de carga port\u00e1til con 7 puertos para cargar varios dispositivos, incluida la compatibilidad con drones. El dispositivo muestra una pantalla de visualizaci\u00f3n y m\u00faltiples opciones de conexi\u00f3n.\" src=\"https:\/\/m.media-amazon.com\/images\/S\/aplus-media-library-service-media\/806d8b3d-3fa3-4bce-987e-94de1ecceabe.__CR0,0,1464,600_PT0_SX1464_V1___.jpg\">       <\/p>\n<p>                                                                                  <img decoding=\"async\" alt=\"Interfaz de panel de pantalla digital que muestra lecturas de potencia de 1000 W y 1200 W, con m\u00faltiples luces indicadoras y lecturas informativas\" src=\"https:\/\/m.media-amazon.com\/images\/S\/aplus-media-library-service-media\/92edff13-6b35-4640-8fbd-b4e7766c7129.__CR0,0,1464,600_PT0_SX1464_V1___.jpg\">       <\/p>\n<p>                                                                                  <img decoding=\"async\" alt=\"Imagen dividida que muestra el espacio de almacenamiento del maletero del autom\u00f3vil y a una persona que lleva el equipo, destacando las caracter\u00edsticas de dise\u00f1o compacto y liviano.\" src=\"https:\/\/m.media-amazon.com\/images\/S\/aplus-media-library-service-media\/00ef8430-ee58-48fc-a40f-c9c805df916f.__CR0,0,1464,600_PT0_SX1464_V1___.jpg\">       <\/p>\n<p>                                                                                  <img decoding=\"async\" alt=\"Dispositivo de luz LED port\u00e1til compacto con tres modos de iluminaci\u00f3n, que muestra una proyecci\u00f3n de haz brillante en un entorno exterior oscuro. Cuenta con una carcasa gris con rejillas de ventilaci\u00f3n\" src=\"https:\/\/m.media-amazon.com\/images\/S\/aplus-media-library-service-media\/eb4da055-3904-4405-9ea7-7d3a8da16dc1.__CR0,0,1464,600_PT0_SX1464_V1___.jpg\">       <\/p>\n<p>                                                                                  <img decoding=\"async\" alt=\"Pantalla del contenido del paquete de la central el\u00e9ctrica port\u00e1til que muestra la unidad principal y los cables incluidos, los accesorios de carga y la funda de transporte.\" src=\"https:\/\/m.media-amazon.com\/images\/S\/aplus-media-library-service-media\/978d2e19-1a46-4135-854b-048430e83a05.__CR0,0,1464,600_PT0_SX1464_V1___.jpg\">       <\/p>\n<p>                                                                                  <img decoding=\"async\" alt=\"Visualizaci\u00f3n de cinco documentos de certificaci\u00f3n de calidad dispuestos horizontalmente sobre un fondo degradado oscuro, con el texto \u00abCertificaciones de calidad\u00bb en la\" src=\"https:\/\/m.media-amazon.com\/images\/S\/aplus-media-library-service-media\/545dd7d8-88c0-4884-b061-8b1890632ba4.__CR0,0,1464,600_PT0_SX1464_V1___.jpg\">       <\/p>\n<p>0-80% CHARGING IN 49 MINUTES &#8211; With the 1000W fast charging system, the F1200 1024Wh power station charges in 70 minutes. Charges quickly and delivers breakneck speed when you&#8217;re on the go.<br \/>LONG-TERM POWER SOURCE &#8211; Rely on a 10-year lifespan and 3000+ battery cycles with the LiFePO4 battery for permanent use at home or during travel.<br \/>&#8211; &#8211;<br \/>7 Connections for Everyone: 1 x 12V\/10A lighter, 2 x 18W USB-A, 2 x 100W USB-C 2 x 1200W AC outlets, F1200 solar generator can charge 95% of all electrical devices.<br \/>5 levels of charging speed: the input power of the F1200 (from 200W to 1000W) can be adjusted by a rotary knob for a fast or slow charging experience.<br \/>Switching time <10ms: With a switching time less than 10ms, the F1200 power station ensures uninterrupted operation of critical devices such as CPAP machines in case of power outage.<br \/>Box contents: portable power station, AC charging cable, car charging cable (MC4 to cigarette lighter), user manual, solar charging cable (MC4 to XT60), accessory bag.<\/p>\n\n","protected":false},"excerpt":{"rendered":"<p> Product Description 1 Tente Camping 2 Usage domestique 3 Voyage en voiture 4 Professionnel 0-80%<\/p>","protected":false},"featured_media":29638,"comment_status":"open","ping_status":"closed","template":"","meta":[],"product_brand":[],"product_cat":[95],"product_tag":[167,8621,3089,631,8624,8626,632,335,8620,8619,8628,8629,8622,8623,629,446,290,637,143,301,8627,156,636,635,8625,628,634,633,630],"class_list":{"0":"post-29637","1":"product","2":"type-product","3":"status-publish","4":"has-post-thumbnail","6":"product_cat-windows-tablets","7":"product_tag-100w","8":"product_tag-1024wh","9":"product_tag-1200w","10":"product_tag-2-in-1-tablet","11":"product_tag-2400w","12":"product_tag-49min-de","13":"product_tag-business-tablet-windows","14":"product_tag-charge","15":"product_tag-f1200","16":"product_tag-fossibot","17":"product_tag-generator","18":"product_tag-homecaravancamping","19":"product_tag-lifepo4","20":"product_tag-lifting","21":"product_tag-microsoft-surface-tablet","22":"product_tag-outputs","23":"product_tag-portable","24":"product_tag-portable-windows-tablet","25":"product_tag-power","26":"product_tag-quick","27":"product_tag-solar","28":"product_tag-station","29":"product_tag-tablet-laptop-combo","30":"product_tag-touchscreen-windows-tablet","31":"product_tag-typc","32":"product_tag-windows-tablet","33":"product_tag-windows-tablet-for-work","34":"product_tag-windows-tablet-price","35":"product_tag-windows-tablet-with-keyboard","37":"first","38":"instock","39":"shipping-taxable","40":"product-type-external"},"_links":{"self":[{"href":"https:\/\/comprasyconsejos.store\/en\/wp-json\/wp\/v2\/product\/29637","targetHints":{"allow":["GET"]}}],"collection":[{"href":"https:\/\/comprasyconsejos.store\/en\/wp-json\/wp\/v2\/product"}],"about":[{"href":"https:\/\/comprasyconsejos.store\/en\/wp-json\/wp\/v2\/types\/product"}],"replies":[{"embeddable":true,"href":"https:\/\/comprasyconsejos.store\/en\/wp-json\/wp\/v2\/comments?post=29637"}],"version-history":[{"count":0,"href":"https:\/\/comprasyconsejos.store\/en\/wp-json\/wp\/v2\/product\/29637\/revisions"}],"wp:featuredmedia":[{"embeddable":true,"href":"https:\/\/comprasyconsejos.store\/en\/wp-json\/wp\/v2\/media\/29638"}],"wp:attachment":[{"href":"https:\/\/comprasyconsejos.store\/en\/wp-json\/wp\/v2\/media?parent=29637"}],"wp:term":[{"taxonomy":"product_brand","embeddable":true,"href":"https:\/\/comprasyconsejos.store\/en\/wp-json\/wp\/v2\/product_brand?post=29637"},{"taxonomy":"product_cat","embeddable":true,"href":"https:\/\/comprasyconsejos.store\/en\/wp-json\/wp\/v2\/product_cat?post=29637"},{"taxonomy":"product_tag","embeddable":true,"href":"https:\/\/comprasyconsejos.store\/en\/wp-json\/wp\/v2\/product_tag?post=29637"}],"curies":[{"name":"wp","href":"https:\/\/api.w.org\/{rel}","templated":true}]}}