{"id":29707,"date":"2026-02-21T22:00:15","date_gmt":"2026-02-21T22:00:15","guid":{"rendered":"https:\/\/comprasyconsejos.store\/product\/brostrend-3000mbps-wifi-to-ethernet-adapter-with-gigabit-lan-port-wi-fi-6-wifi-ethernet-adapter-for-smart-tv-xbox-pc-video-console-rj45-wi-fi-printer-adapter-dual-band-wireless-lan-adapter\/"},"modified":"2026-02-21T22:00:17","modified_gmt":"2026-02-21T22:00:17","slug":"brostrend-3000mbps-wifi-to-ethernet-adapter-with-gigabit-lan-port-wi-fi-6-wifi-ethernet-adapter-for-smart-tv-xbox-pc-video-console-rj45-wi-fi-printer-adapter-dual-band-wireless-lan-adapter","status":"publish","type":"product","link":"https:\/\/comprasyconsejos.store\/en\/product\/brostrend-3000mbps-wifi-to-ethernet-adapter-with-gigabit-lan-port-wi-fi-6-wifi-ethernet-adapter-for-smart-tv-xbox-pc-video-console-rj45-wi-fi-printer-adapter-dual-band-wireless-lan-adapter\/","title":{"rendered":"BrosTrend 3000Mbps WiFi to Ethernet Adapter with Gigabit LAN Port, Wi-Fi 6 WiFi Ethernet Adapter for Smart TV Xbox PC Video Console, RJ45 Wi-Fi Printer Adapter, Dual Band Wireless LAN Adapter"},"content":{"rendered":"<p>Price: <span style=\"color:#b12704\">\u20ac84.99<\/span><br \/><i><small>(as of Feb 21, 2026 22:00:15 UTC &#8211; <span class=\"wp_automatic_amazon_disclaimer\" title=\"Product prices and availability are accurate as of the date\/time indicated and are subject to change. Any price and availability information displayed on [relevant Amazon Site(s), as applicable] at the time of purchase will apply to the purchase of this product.\">Details<\/span>)<\/small><\/i><\/p>\n<p><a href=\"https:\/\/amazon.es\/dp\/B0CC21YTZP?tag=man008-21\"><img decoding=\"async\" src=\"https:\/\/valvepress.s3.amazonaws.com\/imgs\/buy_now.png\"><\/a><br \/>\n<\/p>\n<p>                                             Product Description   <\/p>\n<p>The video showcases the product in use.The video guides you through product setup.The video compares multiple products.The video shows the product being unpacked.<\/p>\n<p>                                                                                                       <img decoding=\"async\" alt=\"El adaptador WiFi a Ethernet AX3000 conecta su dispositivo cableado a la red WiFi 6 m\u00e1s r\u00e1pida\" src=\"https:\/\/images-na.ssl-images-amazon.com\/images\/G\/01\/x-locale\/common\/grey-pixel.gif\" class=\"a-lazy-loaded\" data-src=\"https:\/\/m.media-amazon.com\/images\/S\/aplus-media-library-service-media\/9cdff531-01eb-4573-ae9b-8d99224ba2c8.__CR0,0,1464,600_PT0_SX1464_V1___.jpg\"><img decoding=\"async\" alt=\"El adaptador WiFi a Ethernet AX3000 conecta su dispositivo cableado a la red WiFi 6 m\u00e1s r\u00e1pida\" src=\"https:\/\/m.media-amazon.com\/images\/S\/aplus-media-library-service-media\/9cdff531-01eb-4573-ae9b-8d99224ba2c8.__CR0,0,1464,600_PT0_SX1464_V1___.jpg\">                                                                                    Conecte Su Dispositivo por Cable a WiFi 6                                        <\/p>\n<p class=\"aplus-p2 aplus-module-2-description\"> \u00a1Prepare para el futuro su dispositivo por cable con WiFi 6! Este adaptador se conecta al router de forma inal\u00e1mbrica y ofrece una conexi\u00f3n LAN estable. Con WiFi 6 y un puerto Gigabit Ethernet, allana el camino para las tareas de mucho ancho de banda, como los juegos online y el streaming 4K\/8K. <\/p>\n<p>                                                                                                                <img decoding=\"async\" alt=\"adaptador WiFi Ethernet viene con puerto Gigabit Ethernet 10 veces m\u00e1s r\u00e1pido que una LAN 100Mbps\" src=\"https:\/\/m.media-amazon.com\/images\/S\/aplus-media-library-service-media\/c266d4de-7dad-42c0-a1ae-38a68c2924ea.__CR0,0,1464,600_PT0_SX1464_V1___.jpg\">                                                                                           10 Veces M\u00e1s R\u00e1pido que Fast Ethernet                                       <\/p>\n<p class=\"description aplus-p1\"> Proporciona velocidades de transferencia de datos de hasta 1000Mbps (1Gbps) para su dispositivo LAN. <\/p>\n<p>                                                      <img decoding=\"async\" alt=\"adaptador WiFi Ethernet chip Broadcom se conecta al enrutador con 5 GHz y 2,4 GHz\" src=\"https:\/\/m.media-amazon.com\/images\/S\/aplus-media-library-service-media\/d76907d2-2e86-4f27-9162-c58bc5264d30.__CR0,0,1464,600_PT0_SX1464_V1___.jpg\">                                                                                           Velocidades de 3000 Mbps de doble banda                                       <\/p>\n<p class=\"description aplus-p1\"> Se conecta a su router con velocidad de 2402Mbps en la banda de 5GHz o 574Mbps en la banda de 2.4GHz <\/p>\n<p>                                                      <img decoding=\"async\" alt=\"adaptador WiFi Ethernet tecnolog\u00eda Beamforming garantiza una excelente cobertura para dispositivo\" src=\"https:\/\/m.media-amazon.com\/images\/S\/aplus-media-library-service-media\/2313346d-be2c-4e99-89ee-294da07ea924.__CR0,0,1464,600_PT0_SX1464_V1___.jpg\">                                                                                           Mayor Alcance, Conexi\u00f3n Flexible                                       <\/p>\n<p class=\"description aplus-p1\"> Garantiza una excelente cobertura para su dispositivo, incluso cuando est\u00e1 lejos de su router. <\/p>\n<p>                            1 Puerto Ethernet Gigabit <\/p>\n<p>                            2 Chip Broadcom de EE. UU. <\/p>\n<p>                            3 Tecnolog\u00eda Beamforming <\/p>\n<p>                                                                                                       <img decoding=\"async\" alt=\"El adaptador WiFi a Ethernet es compatible con cualquier dispositivo cableado\" src=\"https:\/\/images-na.ssl-images-amazon.com\/images\/G\/01\/x-locale\/common\/grey-pixel.gif\" class=\"a-lazy-loaded\" data-src=\"https:\/\/m.media-amazon.com\/images\/S\/aplus-media-library-service-media\/f0f9bed0-bcef-4673-8a2d-e1e7e820d59c.__CR0,0,1464,600_PT0_SX1464_V1___.jpg\"><img decoding=\"async\" alt=\"El adaptador WiFi a Ethernet es compatible con cualquier dispositivo cableado\" src=\"https:\/\/m.media-amazon.com\/images\/S\/aplus-media-library-service-media\/f0f9bed0-bcef-4673-8a2d-e1e7e820d59c.__CR0,0,1464,600_PT0_SX1464_V1___.jpg\">                                               <\/p>\n<p>                                                                                                                <img decoding=\"async\" alt=\"adaptador WiFi Ethernet crea conexi\u00f3n s\u00f3lida con el enrutador a trav\u00e9s potentes antenas ajustables\" src=\"https:\/\/m.media-amazon.com\/images\/S\/aplus-media-library-service-media\/34ec8bdd-a596-4edc-914e-99cc978df6df.__CR0,0,1464,600_PT0_SX1464_V1___.jpg\">                                                                                           Se\u00f1ales robustas                                       <\/p>\n<p class=\"description aplus-p1\"> Crea una conexi\u00f3n fiable con sus potentes antenas orientables a 180 grados. <\/p>\n<p>                                                      <img decoding=\"async\" alt=\"El adaptador WiFi a Ethernet asegura su conexi\u00f3n ya que admite cifrado WPA3\" src=\"https:\/\/m.media-amazon.com\/images\/S\/aplus-media-library-service-media\/a7b8094c-c6a5-4124-bb43-6a0d540c1d9c.__CR0,0,1464,600_PT0_SX1464_V1___.jpg\">                                                                                           Conexiones seguras                                       <\/p>\n<p class=\"description aplus-p1\"> Protege su dispositivo conectado con la mejor protecci\u00f3n contra las amenazas de internet. <\/p>\n<p>                                                      <img decoding=\"async\" alt=\"El adaptador WiFi a Ethernet es compatible con todas las puertas de enlace de enrutadores WiFi\" src=\"https:\/\/m.media-amazon.com\/images\/S\/aplus-media-library-service-media\/0e45c5dd-86ff-4ad8-baaf-c5f731961da6.__CR0,0,1464,600_PT0_SX1464_V1___.jpg\">                                                                                           Se Conecta Sin Problemas a Su WiFi                                       <\/p>\n<p class=\"description aplus-p1\"> Compatible con todos los routers WiFi, ya los proporcione el ISP o los compre de forma independiente <\/p>\n<p>                            1 Antenas Externas <\/p>\n<p>                            2 Cifrado WPA3 <\/p>\n<p>                            3 Compatibilidad Universal <\/p>\n<p>                                                                                                                                                       F\u00e1cil configuraci\u00f3n WPS                                                                                                        Paso 1    <\/p>\n<p class=\"aplus-p2\"> Pulse el bot\u00f3n WPS de su router WiFi. <\/p>\n<p>                                            <img decoding=\"async\" alt=\"Adaptador WiFi a Ethernet Configuraci\u00f3n WPS Paso 1 Presione el bot\u00f3n WPS en su enrutador WiFi\" src=\"https:\/\/m.media-amazon.com\/images\/S\/aplus-media-library-service-media\/79815937-6c6e-43f9-98f0-52383625cfc0.__CR0,0,800,600_PT0_SX800_V1___.jpg\">                                                                                                  Paso 2    <\/p>\n<p class=\"aplus-p2\"> Mantenga pulsado el bot\u00f3n WPS de este adaptador. <\/p>\n<p>                                            <img decoding=\"async\" alt=\"Configuraci\u00f3n de WPS Paso 2 Presione el bot\u00f3n WPS en el adaptador WiFi a Ethernet\" src=\"https:\/\/m.media-amazon.com\/images\/S\/aplus-media-library-service-media\/ed9e836a-f959-4aab-8d92-0d1f853c7444.__CR0,0,800,600_PT0_SX800_V1___.jpg\">                                                                                                  Paso 3    <\/p>\n<p class=\"aplus-p2\"> Vuelva a colocar el adaptador y con\u00e9ctele su dispositivo con cable. \u00a1Disfrute de una conexi\u00f3n fiable! <\/p>\n<p>                                            <img decoding=\"async\" alt=\"Reubique el adaptador WiFi a Ethernet y conecte su dispositivo cableado con un cable Ethernet\" src=\"https:\/\/m.media-amazon.com\/images\/S\/aplus-media-library-service-media\/9a0d3006-0990-456b-94bb-1bf497c8f4e9.__CR0,0,800,600_PT0_SX800_V1___.jpg\">                                                          <\/p>\n<h3 class=\"a-text-center aplus-h1 a-text-bold\"> Elija su Adaptador Adecuado <\/h3>\n<p>                         Add To Basket  <\/p>\n<p>                         Add To Basket  <\/p>\n<p>                         Add To Basket  <\/p>\n<p>                         Add To Basket  <\/p>\n<p>                                     Customer Reviews  <\/p>\n<p>                    4.1 out of 5 stars  315  <\/p>\n<p>                    4.2 out of 5 stars  527  <\/p>\n<p>                    4.2 out of 5 stars  5,555  <\/p>\n<p>                    3.6 out of 5 stars  251  <\/p>\n<p>                                     Price  <\/p>\n<p>                                                        \u20ac84.99\u20ac84.99     <\/p>\n<p>                                                        \u20ac49.99\u20ac49.99     <\/p>\n<p>                                                        \u20ac39.99\u20ac39.99     <\/p>\n<p>                                                        \u20ac32.99\u20ac32.99     <\/p>\n<p>                                     Velocidad del puerto  <\/p>\n<p>                                                1Gbps (1000Mbps)    <\/p>\n<p>                                                1Gbps (1000Mbps)    <\/p>\n<p>                                                100Mbps    <\/p>\n<p>                                                100Mbps    <\/p>\n<p>                                     WiFi Est\u00e1ndar  <\/p>\n<p>                                                WiFi 6    <\/p>\n<p>                                                WiFi 6    <\/p>\n<p>                                                WiFi 5    <\/p>\n<p>                                                WiFi 4    <\/p>\n<p>                                     Velocidad de 5GHz  <\/p>\n<p>                                                5GHz 2402Mbps    <\/p>\n<p>                                                5GHz 1201Mbps    <\/p>\n<p>                                                5GHz 867Mbps    <\/p>\n<p>                                                &#8211;    <\/p>\n<p>                                     Velocidad de 2,4 GHz  <\/p>\n<p>                                                2,4GHz 300Mbps    <\/p>\n<p>                                                2,4GHz 300Mbps    <\/p>\n<p>                                                2,4GHz 300Mbps    <\/p>\n<p>                                                2,4GHz 300Mbps    <\/p>\n<p>                                     Tipo de antena  <\/p>\n<p>                                                Alta ganancia 5dBi    <\/p>\n<p>                                                Alta ganancia 5dBi    <\/p>\n<p>                                                3.5dBi    <\/p>\n<p>                                                2dBi    <\/p>\n<p>                                     Configuraci\u00f3n M\u00e9todo  <\/p>\n<p>                                                WPS, WEB UI    <\/p>\n<p>                                                WPS, WEB UI    <\/p>\n<p>                                                WPS, WEB UI    <\/p>\n<p>                                                WPS, WEB UI    <\/p>\n<p>                                     Configura sin driver  <\/p>\n<p>                                                    \u2714       <\/p>\n<p>                                                    \u2714       <\/p>\n<p>                                                    \u2714       <\/p>\n<p>                                                    \u2714       <\/p>\n<p> Product Dimensions                                            \u200f                                            :                                            \u200e                                            9 x 8.6 x 21.3 cm; 250 g   <br \/> Manufacturer                                            \u200f                                            :                                            \u200e                                            BrosTrend Technology LLC   <br \/> ASIN                                            \u200f                                            :                                            \u200e                                            B0CC21YTZP   <br \/> Item model number                                            \u200f                                            :                                            \u200e                                            AX3000 WiFi to Gigabit Ethernet Adapter   <br \/> Country\/Region of Origin                                            \u200f                                            :                                            \u200e                                            China   <br \/> Guaranteed software updates until                                            \u200f                                            :                                            \u200e                                            unknown   <br \/>  Customer reviews:                                                                                            4.1               4.1 out of 5 stars                                  (315)                                              var dpAcrHasRegisteredArcLinkClickAction;                    P.when(&#8216;A&#8217;, &#8216;ready&#8217;).execute(function(A) {                        if (dpAcrHasRegisteredArcLinkClickAction !== true) {                            dpAcrHasRegisteredArcLinkClickAction = true;                            A.declarative(                                &#8216;acrLink-click-metrics&#8217;, &#8216;click&#8217;,                                { \u00aballowLinkDefault\u00bb: true },                                function (event) {                                    if (window.ue) {                                        ue.count(\u00abacrLinkClickCount\u00bb, (ue.count(\u00abacrLinkClickCount\u00bb) || 0) + 1);                                    }                                }                            );                        }                    });                                             P.when(&#8216;A&#8217;, &#8216;cf&#8217;).execute(function(A) {                A.declarative(&#8216;acrStarsLink-click-metrics&#8217;, &#8216;click&#8217;, { \u00aballowLinkDefault\u00bb : true },  function(event){                    if(window.ue) {                        ue.count(\u00abacrStarsLinkWithPopoverClickCount\u00bb, (ue.count(\u00abacrStarsLinkWithPopoverClickCount\u00bb) || 0) + 1);                    }                });            });                          <\/p>\n<p>Connect a wired device to WiFi 6: Experience the reliability of WiFi 6 on your wired device using this WiFi to Ethernet adapter. Connects to a WiFi router with dual-band 3000Mbps speeds to deliver the best performance on your device<br \/>Gigabit Ethernet port: Gigabit LAN port (1Gbps) delivers speeds 10x faster than Fast Ethernet (100Mbps). Make the most of your bandwidth for seamless streaming and gaming with this WiFi Ethernet adapter<br \/>Higher Signal Strength: Equipped with 2 powerful antennas and 2 high-powered amplifiers, this WiFi to Ethernet establishes a solid connection with your router. Connect your device by cable anywhere and experience unmatched flexibility<br \/>Versatile Compatibility: This WiFi to Ethernet adapter is designed to work with a variety of wired devices, such as your TV, computer, game console, network switch, printer, VoIP phone, camera and more<br \/>Easy installation: The WPS function of this WiFi Ethernet adapter allows it to pair effortlessly with your WiFi router. Improving your connection is easy, as no software driver needs to be installed<\/p>\n\n","protected":false},"excerpt":{"rendered":"<p> Product Description The video showcases the product in use.The video guides you through product setup.The<\/p>","protected":false},"featured_media":29708,"comment_status":"open","ping_status":"closed","template":"","meta":[],"product_brand":[],"product_cat":[72],"product_tag":[6556,144,2217,2122,1886,298,2110,2303,1092,2116,791,2114,2118,2112,153,1962,1066,1593,2108,2230,543,2104,2120,2102,226,2106,1079],"class_list":{"0":"post-29707","1":"product","2":"type-product","3":"status-publish","4":"has-post-thumbnail","6":"product_cat-wifi-sticks","7":"product_tag-3000mbps","8":"product_tag-adapter","9":"product_tag-band","10":"product_tag-brostrend","11":"product_tag-console","12":"product_tag-dual","13":"product_tag-dual-band-wifi-adapter","14":"product_tag-ethernet","15":"product_tag-gigabit","16":"product_tag-high-speed-wifi-usb","17":"product_tag-lan","18":"product_tag-laptop-wifi-adapter","19":"product_tag-mini-wifi-adapter","20":"product_tag-pc-wifi-adapter","21":"product_tag-port","22":"product_tag-printer","23":"product_tag-rj45","24":"product_tag-smart","25":"product_tag-usb-wifi-dongle","26":"product_tag-video","27":"product_tag-wifi","28":"product_tag-wifi-stick","29":"product_tag-wifi-stick-price","30":"product_tag-wifi-usb-adapter","31":"product_tag-wireless","32":"product_tag-wireless-usb-adapter","33":"product_tag-xbox","35":"first","36":"instock","37":"shipping-taxable","38":"product-type-external"},"_links":{"self":[{"href":"https:\/\/comprasyconsejos.store\/en\/wp-json\/wp\/v2\/product\/29707","targetHints":{"allow":["GET"]}}],"collection":[{"href":"https:\/\/comprasyconsejos.store\/en\/wp-json\/wp\/v2\/product"}],"about":[{"href":"https:\/\/comprasyconsejos.store\/en\/wp-json\/wp\/v2\/types\/product"}],"replies":[{"embeddable":true,"href":"https:\/\/comprasyconsejos.store\/en\/wp-json\/wp\/v2\/comments?post=29707"}],"version-history":[{"count":0,"href":"https:\/\/comprasyconsejos.store\/en\/wp-json\/wp\/v2\/product\/29707\/revisions"}],"wp:featuredmedia":[{"embeddable":true,"href":"https:\/\/comprasyconsejos.store\/en\/wp-json\/wp\/v2\/media\/29708"}],"wp:attachment":[{"href":"https:\/\/comprasyconsejos.store\/en\/wp-json\/wp\/v2\/media?parent=29707"}],"wp:term":[{"taxonomy":"product_brand","embeddable":true,"href":"https:\/\/comprasyconsejos.store\/en\/wp-json\/wp\/v2\/product_brand?post=29707"},{"taxonomy":"product_cat","embeddable":true,"href":"https:\/\/comprasyconsejos.store\/en\/wp-json\/wp\/v2\/product_cat?post=29707"},{"taxonomy":"product_tag","embeddable":true,"href":"https:\/\/comprasyconsejos.store\/en\/wp-json\/wp\/v2\/product_tag?post=29707"}],"curies":[{"name":"wp","href":"https:\/\/api.w.org\/{rel}","templated":true}]}}