{"id":29724,"date":"2026-02-21T22:56:41","date_gmt":"2026-02-21T22:56:41","guid":{"rendered":"https:\/\/comprasyconsejos.store\/product\/noctua-na-stpg1-thermal-paste-cover-and-cleaning-kit-for-amd-am5-processors\/"},"modified":"2026-02-21T22:56:45","modified_gmt":"2026-02-21T22:56:45","slug":"noctua-na-stpg1-thermal-paste-cover-and-cleaning-kit-for-amd-am5-processors","status":"publish","type":"product","link":"https:\/\/comprasyconsejos.store\/en\/product\/noctua-na-stpg1-thermal-paste-cover-and-cleaning-kit-for-amd-am5-processors\/","title":{"rendered":"Noctua NA-STPG1, Thermal Paste Cover and Cleaning Kit for AMD AM5 Processors"},"content":{"rendered":"<p>Price: <span style=\"color:#b12704\">\u20ac9.90<\/span><br \/><i><small>(as of Feb 21, 2026 22:56:41 UTC &#8211; <span class=\"wp_automatic_amazon_disclaimer\" title=\"Product prices and availability are accurate as of the date\/time indicated and are subject to change. Any price and availability information displayed on [relevant Amazon Site(s), as applicable] at the time of purchase will apply to the purchase of this product.\">Details<\/span>)<\/small><\/i><\/p>\n<p><a href=\"https:\/\/amazon.es\/dp\/B0BGS66D17?tag=man008-21\"><img decoding=\"async\" src=\"https:\/\/valvepress.s3.amazonaws.com\/imgs\/buy_now.png\"><\/a><br \/>\n<\/p>\n<p>                                             Product Description   <\/p>\n<p>                                                         <img decoding=\"async\" alt=\"un cartel con un libro y un libro\" src=\"https:\/\/images-na.ssl-images-amazon.com\/images\/G\/01\/x-locale\/common\/grey-pixel.gif\" class=\"a-lazy-loaded\" data-src=\"https:\/\/m.media-amazon.com\/images\/S\/aplus-media-library-service-media\/e54a002f-4f15-492f-9620-73e2e1a8e7a3.__CR0,0,600,180_PT0_SX600_V1___.jpg\"><img decoding=\"async\" alt=\"un cartel con un libro y un libro\" src=\"https:\/\/m.media-amazon.com\/images\/S\/aplus-media-library-service-media\/e54a002f-4f15-492f-9620-73e2e1a8e7a3.__CR0,0,600,180_PT0_SX600_V1___.jpg\">      <\/p>\n<p>                                                                             <img decoding=\"async\" alt=\"el nuevo stg1 es un ordenador de gama alta que se puede utilizar para supervisar todos los dispositivos del\" src=\"https:\/\/images-na.ssl-images-amazon.com\/images\/G\/01\/x-locale\/common\/grey-pixel.gif\" class=\"a-spacing-base a-lazy-loaded\" data-src=\"https:\/\/m.media-amazon.com\/images\/S\/aplus-media-library-service-media\/c1a70126-2445-43c0-9c7e-4b0a389255fb.__CR0,0,970,600_PT0_SX970_V1___.jpg\"><img decoding=\"async\" alt=\"el nuevo stg1 es un ordenador de gama alta que se puede utilizar para supervisar todos los dispositivos del\" src=\"https:\/\/m.media-amazon.com\/images\/S\/aplus-media-library-service-media\/c1a70126-2445-43c0-9c7e-4b0a389255fb.__CR0,0,970,600_PT0_SX970_V1___.jpg\">                                                                     <\/p>\n<p class=\"a-spacing-base\"> El NA-TPG1 es un m\u00e9todo simple pero muy eficaz para evitar que la pasta t\u00e9rmica se acumule en los laterales irregulares del dispersor t\u00e9rmico de las CPU AM5 de AMD. Cuando se aplica presi\u00f3n al montar la soluci\u00f3n de refrigeraci\u00f3n, el exceso de pasta t\u00e9rmica saldr\u00e1 hacia el exterior. En el caso de la CPU AM5, este exceso de pasta tiende a acumularse en los laterales irregulares del dispersor t\u00e9rmico y puede ser dif\u00edcil de eliminar. De aplicaci\u00f3n f\u00e1cil y sin riesgos, el NA-TPG1 evita este fen\u00f3meno no deseado. Combinado con las diez toallitas limpiadoras NA-CW1 que se incluyen, el kit NA-STPG1 proporciona todo lo necesario para mantener limpio el procesador AM5. <\/p>\n<p class=\"apm-text-center\">\n                                                      <img decoding=\"async\" alt=\"el modelo 3D del logotipo impreso en 3D\" src=\"https:\/\/images-na.ssl-images-amazon.com\/images\/G\/01\/x-locale\/common\/grey-pixel.gif\" class=\"a-lazy-loaded\" data-src=\"https:\/\/m.media-amazon.com\/images\/S\/aplus-media-library-service-media\/9d74c9f9-1d36-4aa7-a420-f1042d78901b.__CR0,0,220,220_PT0_SX220_V1___.jpg\"><img decoding=\"async\" alt=\"el modelo 3D del logotipo impreso en 3D\" src=\"https:\/\/m.media-amazon.com\/images\/S\/aplus-media-library-service-media\/9d74c9f9-1d36-4aa7-a420-f1042d78901b.__CR0,0,220,220_PT0_SX220_V1___.jpg\">  <\/p>\n<p>                                                    Instalaci\u00f3n:                                     <\/p>\n<p class=\"a-size-small\"> Coloque la cubierta para pasta t\u00e9rmica NA-TPG1 sobre la CPU para evitar las acumulaciones de pasta t\u00e9rmica en los laterales irregulares del dispersor t\u00e9rmico. <\/p>\n<p class=\"apm-text-center\">\n                                                      <img decoding=\"async\" alt=\"un cuadrado con una cruz roja y un cuadrado con una cruz verde.\" src=\"https:\/\/images-na.ssl-images-amazon.com\/images\/G\/01\/x-locale\/common\/grey-pixel.gif\" class=\"a-lazy-loaded\" data-src=\"https:\/\/m.media-amazon.com\/images\/S\/aplus-media-library-service-media\/7506a217-ab13-4fde-891c-8e5ceb3da441.__CR0,0,220,220_PT0_SX220_V1___.jpg\"><img decoding=\"async\" alt=\"un cuadrado con una cruz roja y un cuadrado con una cruz verde.\" src=\"https:\/\/m.media-amazon.com\/images\/S\/aplus-media-library-service-media\/7506a217-ab13-4fde-891c-8e5ceb3da441.__CR0,0,220,220_PT0_SX220_V1___.jpg\">  <\/p>\n<p>                                                    Precauci\u00f3n:                                     <\/p>\n<p class=\"a-size-small\"> Compruebe que la abertura interna de la cubierta est\u00e1 correctamente alineada con los bordes exteriores del dispersor t\u00e9rmico. <\/p>\n<p class=\"apm-text-center\">\n                                                      <img decoding=\"async\" alt=\"el logo o r\u00f3tulo del hotel\" src=\"https:\/\/images-na.ssl-images-amazon.com\/images\/G\/01\/x-locale\/common\/grey-pixel.gif\" class=\"a-lazy-loaded\" data-src=\"https:\/\/m.media-amazon.com\/images\/S\/aplus-media-library-service-media\/420b822b-f809-43cd-bf11-4a6656374551.__CR0,0,220,220_PT0_SX220_V1___.jpg\"><img decoding=\"async\" alt=\"el logo o r\u00f3tulo del hotel\" src=\"https:\/\/m.media-amazon.com\/images\/S\/aplus-media-library-service-media\/420b822b-f809-43cd-bf11-4a6656374551.__CR0,0,220,220_PT0_SX220_V1___.jpg\">  <\/p>\n<p>                                                    Preguntas frecuentes: \u00bfEl NA-TPG1 es capaz de resistir el calor de la CPU?                                     <\/p>\n<p class=\"a-size-small\"> Claro que s\u00ed, el NA-TPG1 est\u00e1 fabricado en polycarbonata y con alta resistencia al calor, y puede soportar temperaturas de hasta 130\u00b0C. <\/p>\n<p class=\"apm-text-center\">\n                                                      <img decoding=\"async\" alt=\"un diagrama del sistema de refrigeraci\u00f3n\" src=\"https:\/\/images-na.ssl-images-amazon.com\/images\/G\/01\/x-locale\/common\/grey-pixel.gif\" class=\"a-lazy-loaded\" data-src=\"https:\/\/m.media-amazon.com\/images\/S\/aplus-media-library-service-media\/f7714333-a3ee-405e-a2eb-8729c52a6b15.__CR0,0,220,220_PT0_SX220_V1___.jpg\"><img decoding=\"async\" alt=\"un diagrama del sistema de refrigeraci\u00f3n\" src=\"https:\/\/m.media-amazon.com\/images\/S\/aplus-media-library-service-media\/f7714333-a3ee-405e-a2eb-8729c52a6b15.__CR0,0,220,220_PT0_SX220_V1___.jpg\">  <\/p>\n<p>                                                    Preguntas frecuentes: \u00bfEl NA-TPG1 afectar\u00e1 a la temperatura de la CPU?                                     <\/p>\n<p class=\"a-size-small\"> No, no tiene un impacto apreciable en la temperatura de la CPU. <\/p>\n<p>                                                  <img decoding=\"async\" alt=\"NA-STPG1 banner\" src=\"https:\/\/images-na.ssl-images-amazon.com\/images\/G\/01\/x-locale\/common\/grey-pixel.gif\" class=\"a-lazy-loaded\" data-src=\"https:\/\/m.media-amazon.com\/images\/S\/aplus-media-library-service-media\/0d64ca96-d7ad-49ba-9e80-33f9071ba5c8.__CR0,0,970,300_PT0_SX970_V1___.jpg\"><img decoding=\"async\" alt=\"NA-STPG1 banner\" src=\"https:\/\/m.media-amazon.com\/images\/S\/aplus-media-library-service-media\/0d64ca96-d7ad-49ba-9e80-33f9071ba5c8.__CR0,0,970,300_PT0_SX970_V1___.jpg\">  <\/p>\n<h3> Volumen de entrega: <\/h3>\n<\/p>\n<p>Cubierta para pasta t\u00e9rmica NA-TPG110x toallitas limpiadoras NA-CW1     <\/p>\n<p>                         Add To Basket  <\/p>\n<p>                         Add To Basket  <\/p>\n<p>                         Add To Basket  <\/p>\n<p>                         Add To Basket  <\/p>\n<p>                         Add To Basket  <\/p>\n<p>                         Add To Basket  <\/p>\n<p>                             Customer Reviews  <\/p>\n<p>                    4.7 out of 5 stars  30,974  <\/p>\n<p>                    4.7 out of 5 stars  375  <\/p>\n<p>                    4.8 out of 5 stars  3,984  <\/p>\n<p>                    4.7 out of 5 stars  10,594  <\/p>\n<p>                    4.7 out of 5 stars  850  <\/p>\n<p>                    4.4 out of 5 stars  309  <\/p>\n<p>                             Price  <\/p>\n<p>                                    \u20ac9.90\u20ac9.90                  \u20ac10.90\u20ac10.90                  \u20ac16.90\u20ac16.90                  \u20ac13.90\u20ac13.90                  \u20ac14.90\u20ac14.90                  \u20ac9.90\u20ac9.90        <\/p>\n<p>                             Descripci\u00f3n del producto<br \/>\n                                Famoso compuesto t\u00e9rmico de calidad superior                Famoso compuesto t\u00e9rmico de calidad superior                Famoso compuesto t\u00e9rmico de calidad superior                Compuesto t\u00e9rmico optimizado de segunda generaci\u00f3n                Compuesto t\u00e9rmico optimizado de segunda generaci\u00f3n                Cubierta para pasta t\u00e9rmica y kit de limpieza para procesadores AM5 de AMD        <\/p>\n<p>                             Peso\/tama\u00f1o<br \/>\n                                3.5g                3.5g                10g                3.5g                3.5g                &#8211;  no data<\/p>\n<p>                             Volumen<br \/>\n                                1,4 ml                1,4 ml                4,0 ml                1,2 ml                1,2 ml                &#8211;  no data<\/p>\n<p>                             Densidad<br \/>\n                                2,49 g\/cm\u00b3                2,49 g\/cm\u00b3                2,49 g\/cm\u00b3                2.81 g\/cm\u00b3                2.81 g\/cm\u00b3                &#8211;  no data<\/p>\n<p>                             Toallitas NA-CW1<br \/>\n                                &#8211;  no data<br \/>\n                                                            Se incluyen 3 unidades                &#8211;  no data<br \/>\n                                                            Se incluyen 3 unidades                Se incluyen 3 unidades                Se incluyen 10 unidades        <\/p>\n<p>                             Cubierta para pasta t\u00e9rmica para procesadores AM5 de AMD<br \/>\n                                X<br \/>\n                                              \u2713<br \/>\n                                                        X               X<br \/>\n                                              \u2713<\/p>\n<p>                                              \u2713<\/p>\n<p> Product Dimensions                                            \u200f                                            :                                            \u200e                                            13.8 x 8.8 x 1.6 cm; 60 g   <br \/> Manufacturer                                            \u200f                                            :                                            \u200e                                            Noctua   <br \/> ASIN                                            \u200f                                            :                                            \u200e                                            B0BGS66D17   <br \/> Item model number                                            \u200f                                            :                                            \u200e                                            NA-STPG1   <br \/> Country\/Region of Origin                                            \u200f                                            :                                            \u200e                                            Taiwan   <br \/> Guaranteed software updates until                                            \u200f                                            :                                            \u200e                                            unknown   <br \/>  Customer reviews:                                                                                            4.4               4.4 out of 5 stars                                  (309)                                              var dpAcrHasRegisteredArcLinkClickAction;                    P.when(&#8216;A&#8217;, &#8216;ready&#8217;).execute(function(A) {                        if (dpAcrHasRegisteredArcLinkClickAction !== true) {                            dpAcrHasRegisteredArcLinkClickAction = true;                            A.declarative(                                &#8216;acrLink-click-metrics&#8217;, &#8216;click&#8217;,                                { \u00aballowLinkDefault\u00bb: true },                                function (event) {                                    if (window.ue) {                                        ue.count(\u00abacrLinkClickCount\u00bb, (ue.count(\u00abacrLinkClickCount\u00bb) || 0) + 1);                                    }                                }                            );                        }                    });                                             P.when(&#8216;A&#8217;, &#8216;cf&#8217;).execute(function(A) {                A.declarative(&#8216;acrStarsLink-click-metrics&#8217;, &#8216;click&#8217;, { \u00aballowLinkDefault\u00bb : true },  function(event){                    if(window.ue) {                        ue.count(\u00abacrStarsLinkWithPopoverClickCount\u00bb, (ue.count(\u00abacrStarsLinkWithPopoverClickCount\u00bb) || 0) + 1);                    }                });            });                          <\/p>\n<p>With AM5 processors, excess thermal paste tends to accumulate on the uneven sides of the heat disperser and can be difficult to remove<br \/>NA-TPG1 Thermal Paste Cover keeps AMD Ryzen&#8217;s AM5 CPU clean by preventing thermal paste from accumulating on uneven sides of the heat disperser<br \/>Super easy installation: Simply place the cover over the AM5 CPU before applying the thermal paste and installing the heatsink<br \/>Can be installed and removed without any risk. It is made of polycarbonate and with high heat resistance<br \/>10 NA-CW1 cleaning wipes included for easy cleaning of both the CPU heat disperser and the heat sink contact surface, everything you need to keep your AM5 Ryzen installation clean!<\/p>\n\n","protected":false},"excerpt":{"rendered":"<p> Product Description El NA-TPG1 es un m\u00e9todo simple pero muy eficaz para evitar que la<\/p>","protected":false},"featured_media":29725,"comment_status":"open","ping_status":"closed","template":"","meta":[],"product_brand":[],"product_cat":[67],"product_tag":[1554,530,2039,2547,1016,2045,2034,2043,2038,1539,8642,4080,2056,2794,2053,2035,2036,2033,2041,2048],"class_list":{"0":"post-29724","1":"product","2":"type-product","3":"status-publish","4":"has-post-thumbnail","6":"product_cat-thermal-paste","7":"product_tag-am5","8":"product_tag-amd","9":"product_tag-best-thermal-paste","10":"product_tag-cleaning","11":"product_tag-cover","12":"product_tag-cpu-cooling-paste","13":"product_tag-cpu-thermal-paste","14":"product_tag-heat-sink-paste","15":"product_tag-high-performance-thermal-paste","16":"product_tag-kit","17":"product_tag-nastpg1","18":"product_tag-noctua","19":"product_tag-paste","20":"product_tag-processors","21":"product_tag-thermal","22":"product_tag-thermal-compound","23":"product_tag-thermal-grease","24":"product_tag-thermal-paste","25":"product_tag-thermal-paste-for-gaming-pc","26":"product_tag-thermal-paste-price","28":"first","29":"instock","30":"shipping-taxable","31":"product-type-external"},"_links":{"self":[{"href":"https:\/\/comprasyconsejos.store\/en\/wp-json\/wp\/v2\/product\/29724","targetHints":{"allow":["GET"]}}],"collection":[{"href":"https:\/\/comprasyconsejos.store\/en\/wp-json\/wp\/v2\/product"}],"about":[{"href":"https:\/\/comprasyconsejos.store\/en\/wp-json\/wp\/v2\/types\/product"}],"replies":[{"embeddable":true,"href":"https:\/\/comprasyconsejos.store\/en\/wp-json\/wp\/v2\/comments?post=29724"}],"version-history":[{"count":0,"href":"https:\/\/comprasyconsejos.store\/en\/wp-json\/wp\/v2\/product\/29724\/revisions"}],"wp:featuredmedia":[{"embeddable":true,"href":"https:\/\/comprasyconsejos.store\/en\/wp-json\/wp\/v2\/media\/29725"}],"wp:attachment":[{"href":"https:\/\/comprasyconsejos.store\/en\/wp-json\/wp\/v2\/media?parent=29724"}],"wp:term":[{"taxonomy":"product_brand","embeddable":true,"href":"https:\/\/comprasyconsejos.store\/en\/wp-json\/wp\/v2\/product_brand?post=29724"},{"taxonomy":"product_cat","embeddable":true,"href":"https:\/\/comprasyconsejos.store\/en\/wp-json\/wp\/v2\/product_cat?post=29724"},{"taxonomy":"product_tag","embeddable":true,"href":"https:\/\/comprasyconsejos.store\/en\/wp-json\/wp\/v2\/product_tag?post=29724"}],"curies":[{"name":"wp","href":"https:\/\/api.w.org\/{rel}","templated":true}]}}