{"id":29752,"date":"2026-02-21T23:42:17","date_gmt":"2026-02-21T23:42:17","guid":{"rendered":"https:\/\/comprasyconsejos.store\/product\/pantum-p3018dw-monochrome-laser-printer-with-oringinal-toner-wifi-automatic-double-sided-printing-30ppm-wi-fi-direct-ethernet-usb-2-0-wireless-for-home-and-office\/"},"modified":"2026-02-21T23:42:23","modified_gmt":"2026-02-21T23:42:23","slug":"pantum-p3018dw-monochrome-laser-printer-with-oringinal-toner-wifi-automatic-double-sided-printing-30ppm-wi-fi-direct-ethernet-usb-2-0-wireless-for-home-and-office","status":"publish","type":"product","link":"https:\/\/comprasyconsejos.store\/en\/product\/pantum-p3018dw-monochrome-laser-printer-with-oringinal-toner-wifi-automatic-double-sided-printing-30ppm-wi-fi-direct-ethernet-usb-2-0-wireless-for-home-and-office\/","title":{"rendered":"PANTUM P3018DW Monochrome Laser Printer with Oringinal Toner &#8211; WiFi Automatic Double-Sided Printing (30ppm Wi-Fi Direct, Ethernet, USB 2.0, Wireless) for Home and Office"},"content":{"rendered":"<p>Price: <span style=\"color:#b12704\">\u20ac132.99<\/span><br \/><i><small>(as of Feb 21, 2026 23:42:17 UTC &#8211; <span class=\"wp_automatic_amazon_disclaimer\" title=\"Product prices and availability are accurate as of the date\/time indicated and are subject to change. Any price and availability information displayed on [relevant Amazon Site(s), as applicable] at the time of purchase will apply to the purchase of this product.\">Details<\/span>)<\/small><\/i><\/p>\n<p><a href=\"https:\/\/amazon.es\/dp\/B09RZP8QN7?tag=man008-21\"><img decoding=\"async\" src=\"https:\/\/valvepress.s3.amazonaws.com\/imgs\/buy_now.png\"><\/a><br \/>\n<\/p>\n<p>                                             From the brand   <\/p>\n<p>                                              <img decoding=\"async\" alt=\"impresora l\u00e1ser negro blanco\" src=\"https:\/\/images-na.ssl-images-amazon.com\/images\/G\/01\/x-locale\/common\/grey-pixel.gif\" class=\"a-lazy-loaded\" data-src=\"https:\/\/m.media-amazon.com\/images\/S\/aplus-media-library-service-media\/efde6172-a546-4341-b09c-6ca8e0ae8b14.__CR0,0,1464,625_PT0_SX1464_V1___.jpg\"><img decoding=\"async\" alt=\"impresora l\u00e1ser negro blanco\" src=\"https:\/\/m.media-amazon.com\/images\/S\/aplus-media-library-service-media\/efde6172-a546-4341-b09c-6ca8e0ae8b14.__CR0,0,1464,625_PT0_SX1464_V1___.jpg\">  <\/p>\n<p>                                              <img decoding=\"async\" alt=\"\" src=\"https:\/\/images-na.ssl-images-amazon.com\/images\/G\/01\/x-locale\/common\/grey-pixel.gif\" class=\"a-lazy-loaded\" data-src=\"https:\/\/m.media-amazon.com\/images\/S\/aplus-media-library-service-media\/caf72e4c-3c6b-4c53-9bda-f9034ab7a202.__CR0,0,315,145_PT0_SX315_V1___.jpg\"><img decoding=\"async\" alt=\"\" src=\"https:\/\/m.media-amazon.com\/images\/S\/aplus-media-library-service-media\/caf72e4c-3c6b-4c53-9bda-f9034ab7a202.__CR0,0,315,145_PT0_SX315_V1___.jpg\">  <\/p>\n<p> Pantum es una empresa internacional que desarrolla, fabrica y distribuye impresoras l\u00e1ser y cartuchos de t\u00f3ner fabricados en China. Las impresoras l\u00e1ser de la marca Pantum cuentan con tecnolog\u00edas centrales avanzadas y sistemas de patentes integrales autodesarrollados. La empresa se compromete a proporcionar a los usuarios soluciones de impresi\u00f3n fiables, rentables y que ahorren energ\u00eda. <\/p>\n<h3> Bienvenido a la tienda Pantum <\/h3>\n<p class=\"apm-brand-story-stores-link\">\n<p> Product Dimensions                                            \u200f                                            :                                            \u200e                                            33.4 x 35.4 x 23.2 cm; 6.8 kg   <br \/> Manufacturer                                            \u200f                                            :                                            \u200e                                            PANTUM   <br \/> ASIN                                            \u200f                                            :                                            \u200e                                            B09RZP8QN7   <br \/> Item model number                                            \u200f                                            :                                            \u200e                                            P3018DW   <br \/> Country\/Region of Origin                                            \u200f                                            :                                            \u200e                                            China   <br \/> Guaranteed software updates until                                            \u200f                                            :                                            \u200e                                            unknown   <br \/>  Customer reviews:                                                                                            4.4               4.4 out of 5 stars                                  (215)                                              var dpAcrHasRegisteredArcLinkClickAction;                    P.when(&#8216;A&#8217;, &#8216;ready&#8217;).execute(function(A) {                        if (dpAcrHasRegisteredArcLinkClickAction !== true) {                            dpAcrHasRegisteredArcLinkClickAction = true;                            A.declarative(                                &#8216;acrLink-click-metrics&#8217;, &#8216;click&#8217;,                                { \u00aballowLinkDefault\u00bb: true },                                function (event) {                                    if (window.ue) {                                        ue.count(\u00abacrLinkClickCount\u00bb, (ue.count(\u00abacrLinkClickCount\u00bb) || 0) + 1);                                    }                                }                            );                        }                    });                                             P.when(&#8216;A&#8217;, &#8216;cf&#8217;).execute(function(A) {                A.declarative(&#8216;acrStarsLink-click-metrics&#8217;, &#8216;click&#8217;, { \u00aballowLinkDefault\u00bb : true },  function(event){                    if(window.ue) {                        ue.count(\u00abacrStarsLinkWithPopoverClickCount\u00bb, (ue.count(\u00abacrStarsLinkWithPopoverClickCount\u00bb) || 0) + 1);                    }                });            });                          <\/p>\n<p>Wireless Printing: Connect via WiFi, Bluetooth, Pantum APP or AirPrint to print directly from computers, laptops, smartphones and tablets.<br \/>30 ppm speed: Single-sided printing at 30 pages\/minute &#8211; professional efficiency for home and business workloads.<br \/>Integrated Auto Double-Sided: Automatic duplex function reduces paper consumption by up to 50%.<br \/>High Yield Starter Toner: Includes original 1,000-page capacity cartridge ready for immediate use.<br \/>Enterprise Connections: Supports WiFi, Ethernet and USB &#8211; compatible with corporate networks and personal devices.<\/p>\n\n","protected":false},"excerpt":{"rendered":"<p> From the brand Pantum es una empresa internacional que desarrolla, fabrica y distribuye impresoras l\u00e1ser<\/p>","protected":false},"featured_media":29753,"comment_status":"open","ping_status":"closed","template":"","meta":[],"product_brand":[],"product_cat":[58],"product_tag":[8655,1963,1973,1967,1975,1968,1125,5376,1972,2303,1971,626,1978,1964,1974,1977,585,1970,8654,8653,5525,1962,2276,1981,133,543,226,1969],"class_list":{"0":"post-29752","1":"product","2":"type-product","3":"status-publish","4":"has-post-thumbnail","6":"product_cat-laser-printers","7":"product_tag-30ppm","8":"product_tag-automatic","9":"product_tag-best-laser-printer","10":"product_tag-black-and-white-laser-printer","11":"product_tag-business-laser-printer","12":"product_tag-color-laser-printer","13":"product_tag-direct","14":"product_tag-doublesided","15":"product_tag-duplex-laser-printer","16":"product_tag-ethernet","17":"product_tag-fast-laser-printer","18":"product_tag-home","19":"product_tag-laser","20":"product_tag-laser-printer","21":"product_tag-laser-printer-price","22":"product_tag-monochrome","23":"product_tag-office","24":"product_tag-office-laser-printer","25":"product_tag-oringinal","26":"product_tag-p3018dw","27":"product_tag-pantum","28":"product_tag-printer","29":"product_tag-printing","30":"product_tag-toner","31":"product_tag-usb","32":"product_tag-wifi","33":"product_tag-wireless","34":"product_tag-wireless-laser-printer","36":"first","37":"instock","38":"shipping-taxable","39":"product-type-external"},"_links":{"self":[{"href":"https:\/\/comprasyconsejos.store\/en\/wp-json\/wp\/v2\/product\/29752","targetHints":{"allow":["GET"]}}],"collection":[{"href":"https:\/\/comprasyconsejos.store\/en\/wp-json\/wp\/v2\/product"}],"about":[{"href":"https:\/\/comprasyconsejos.store\/en\/wp-json\/wp\/v2\/types\/product"}],"replies":[{"embeddable":true,"href":"https:\/\/comprasyconsejos.store\/en\/wp-json\/wp\/v2\/comments?post=29752"}],"version-history":[{"count":0,"href":"https:\/\/comprasyconsejos.store\/en\/wp-json\/wp\/v2\/product\/29752\/revisions"}],"wp:featuredmedia":[{"embeddable":true,"href":"https:\/\/comprasyconsejos.store\/en\/wp-json\/wp\/v2\/media\/29753"}],"wp:attachment":[{"href":"https:\/\/comprasyconsejos.store\/en\/wp-json\/wp\/v2\/media?parent=29752"}],"wp:term":[{"taxonomy":"product_brand","embeddable":true,"href":"https:\/\/comprasyconsejos.store\/en\/wp-json\/wp\/v2\/product_brand?post=29752"},{"taxonomy":"product_cat","embeddable":true,"href":"https:\/\/comprasyconsejos.store\/en\/wp-json\/wp\/v2\/product_cat?post=29752"},{"taxonomy":"product_tag","embeddable":true,"href":"https:\/\/comprasyconsejos.store\/en\/wp-json\/wp\/v2\/product_tag?post=29752"}],"curies":[{"name":"wp","href":"https:\/\/api.w.org\/{rel}","templated":true}]}}