{"id":29760,"date":"2026-02-21T23:59:48","date_gmt":"2026-02-21T23:59:48","guid":{"rendered":"https:\/\/comprasyconsejos.store\/product\/canon-pixma-ts9550-business-multifunction-printer-inkjet-system-a3-wifi-wireless-connectivity-adf-20-sheets-xl-ink-cartridges-touch-screen-black\/"},"modified":"2026-02-21T23:59:49","modified_gmt":"2026-02-21T23:59:49","slug":"canon-pixma-ts9550-business-multifunction-printer-inkjet-system-a3-wifi-wireless-connectivity-adf-20-sheets-xl-ink-cartridges-touch-screen-black","status":"publish","type":"product","link":"https:\/\/comprasyconsejos.store\/en\/product\/canon-pixma-ts9550-business-multifunction-printer-inkjet-system-a3-wifi-wireless-connectivity-adf-20-sheets-xl-ink-cartridges-touch-screen-black\/","title":{"rendered":"Canon Pixma TS9550 Business Multifunction Printer, Inkjet System, A3, Wifi, Wireless Connectivity, ADF 20 Sheets, XL Ink Cartridges, Touch Screen, Black"},"content":{"rendered":"<p>Price: <span style=\"color:#b12704\"><del>\u20ac269.00<\/del> - \u20ac239.92<\/span><br \/><i><small>(as of Feb 21, 2026 23:59:48 UTC &#8211; <span class=\"wp_automatic_amazon_disclaimer\" title=\"Product prices and availability are accurate as of the date\/time indicated and are subject to change. Any price and availability information displayed on [relevant Amazon Site(s), as applicable] at the time of purchase will apply to the purchase of this product.\">Details<\/span>)<\/small><\/i><\/p>\n<p><a href=\"https:\/\/amazon.es\/dp\/B07GJFF168?tag=man008-21\"><img decoding=\"async\" src=\"https:\/\/valvepress.s3.amazonaws.com\/imgs\/buy_now.png\"><\/a><br \/>\n<\/p>\n<p>                                             From the manufacturer   <\/p>\n<p>                                                  <img decoding=\"async\" alt=\" \" src=\"https:\/\/images-na.ssl-images-amazon.com\/images\/G\/01\/x-locale\/common\/grey-pixel.gif\" class=\"a-lazy-loaded\" data-src=\"https:\/\/m.media-amazon.com\/images\/S\/aplus-media\/vc\/4f140d24-5fb4-4ed6-9cbe-56eec789e268._CR0,0,2750,851_PT0_SX970__.jpg\"><img decoding=\"async\" alt=\" \" src=\"https:\/\/m.media-amazon.com\/images\/S\/aplus-media\/vc\/4f140d24-5fb4-4ed6-9cbe-56eec789e268._CR0,0,2750,851_PT0_SX970__.jpg\">  <\/p>\n<p>                                                  <img decoding=\"async\" alt=\" \" src=\"https:\/\/images-na.ssl-images-amazon.com\/images\/G\/01\/x-locale\/common\/grey-pixel.gif\" class=\"a-lazy-loaded\" data-src=\"https:\/\/m.media-amazon.com\/images\/S\/aplus-media\/vc\/c7b3238c-4f53-4719-ae58-031c8f7a3718._CR0,0,600,600_PT0_SX300__.png\"><img decoding=\"async\" alt=\" \" src=\"https:\/\/m.media-amazon.com\/images\/S\/aplus-media\/vc\/c7b3238c-4f53-4719-ae58-031c8f7a3718._CR0,0,600,600_PT0_SX300__.png\">  <\/p>\n<h3 class=\"a-spacing-mini\"> Impresora A3 compacta con gran pantalla t\u00e1ctil <\/h3>\n<p> Disfruta de un uso sencillo e impresi\u00f3n A3 en un modelo compacto con una gran pantalla t\u00e1ctil de 10,8\u00a0cm (4,3\u00a0pulgadas). <\/p>\n<p>                                                                      <img decoding=\"async\" alt=\" \" src=\"https:\/\/images-na.ssl-images-amazon.com\/images\/G\/01\/x-locale\/common\/grey-pixel.gif\" class=\"a-spacing-mini a-lazy-loaded\" data-src=\"https:\/\/m.media-amazon.com\/images\/S\/aplus-media\/vc\/d96e88ea-7bf0-403b-933b-5ce372a7014e._CR0,0,600,600_PT0_SX300__.png\"><img decoding=\"async\" alt=\" \" src=\"https:\/\/m.media-amazon.com\/images\/S\/aplus-media\/vc\/d96e88ea-7bf0-403b-933b-5ce372a7014e._CR0,0,600,600_PT0_SX300__.png\">  <\/p>\n<h3 class=\"a-spacing-mini\"> Conectividad inal\u00e1mbrica con la aplicaci\u00f3n Canon PRINT y capacidad de Ethernet <\/h3>\n<p class=\"a-spacing-base\"> Benef\u00edciate de la conectividad Wi-Fi y Ethernet y toma el control desde tu dispositivo inteligente con la aplicaci\u00f3n Canon PRINT. <\/p>\n<p>                                                                      <img decoding=\"async\" alt=\" \" src=\"https:\/\/images-na.ssl-images-amazon.com\/images\/G\/01\/x-locale\/common\/grey-pixel.gif\" class=\"a-spacing-mini a-lazy-loaded\" data-src=\"https:\/\/m.media-amazon.com\/images\/S\/aplus-media\/vc\/e71f79fe-1ade-4ddc-bc33-a6e36095d352._CR0,0,600,600_PT0_SX300__.png\"><img decoding=\"async\" alt=\" \" src=\"https:\/\/m.media-amazon.com\/images\/S\/aplus-media\/vc\/e71f79fe-1ade-4ddc-bc33-a6e36095d352._CR0,0,600,600_PT0_SX300__.png\">  <\/p>\n<h3 class=\"a-spacing-mini\"> Acceso sin esfuerzo a los servicios de almacenamiento en la nube populares a trav\u00e9s de PIXMA Cloud Link <\/h3>\n<p class=\"a-spacing-base\"> Simplifica la impresi\u00f3n y el escaneo a y desde la nube con el acceso directo a trav\u00e9s de PIXMA Cloud Link*. <\/p>\n<p class=\"a-spacing-base\"> *Las funciones de escaneo a la nube y a correo electr\u00f3nico solo est\u00e1n disponibles para usuarios de tintas Canon originales. <\/p>\n<p>                                                                      <img decoding=\"async\" alt=\" \" src=\"https:\/\/images-na.ssl-images-amazon.com\/images\/G\/01\/x-locale\/common\/grey-pixel.gif\" class=\"a-spacing-mini a-lazy-loaded\" data-src=\"https:\/\/m.media-amazon.com\/images\/S\/aplus-media\/vc\/21e41982-14ff-41cd-b649-40e61804bd53._CR0,0,600,600_PT0_SX300__.png\"><img decoding=\"async\" alt=\" \" src=\"https:\/\/m.media-amazon.com\/images\/S\/aplus-media\/vc\/21e41982-14ff-41cd-b649-40e61804bd53._CR0,0,600,600_PT0_SX300__.png\">  <\/p>\n<h3 class=\"a-spacing-mini\"> ADF de 20\u00a0hojas*, alimentador de papel de doble v\u00eda e impresi\u00f3n a doble cara autom\u00e1tica** <\/h3>\n<p class=\"a-spacing-base\"> Crea elegantes folletos, copia documentos A3 y realiza varias tareas a la vez con el alimentador de papel de doble v\u00eda y el ADF de 20\u00a0hojas**. <\/p>\n<p class=\"a-spacing-base\"> **Solo tama\u00f1os A4\/LTR\/LGL. <\/p>\n<p>                                                                      <img decoding=\"async\" alt=\" \" src=\"https:\/\/images-na.ssl-images-amazon.com\/images\/G\/01\/x-locale\/common\/grey-pixel.gif\" class=\"a-spacing-mini a-lazy-loaded\" data-src=\"https:\/\/m.media-amazon.com\/images\/S\/aplus-media\/vc\/9342be58-cc96-42a7-9fc9-0add5e933ec7._CR0,0,600,600_PT0_SX300__.png\"><img decoding=\"async\" alt=\" \" src=\"https:\/\/m.media-amazon.com\/images\/S\/aplus-media\/vc\/9342be58-cc96-42a7-9fc9-0add5e933ec7._CR0,0,600,600_PT0_SX300__.png\">  <\/p>\n<h3 class=\"a-spacing-mini\"> Tinta negra pigmentada espec\u00edfica para documentos profesionales <\/h3>\n<p class=\"a-spacing-base\"> Utiliza la tinta negra pigmentada espec\u00edfica para obtener documentos realmente profesionales con texto claro y n\u00edtido. <\/p>\n<p>                                                                    <img decoding=\"async\" alt=\"\" src=\"https:\/\/images-na.ssl-images-amazon.com\/images\/G\/01\/x-locale\/common\/grey-pixel.gif\" class=\"a-lazy-loaded\" data-src=\"https:\/\/m.media-amazon.com\/images\/S\/aplus-media\/vc\/d96e88ea-7bf0-403b-933b-5ce372a7014e._CR0,0,600,600_PT0_SX300__.png\"><img decoding=\"async\" alt=\"\" src=\"https:\/\/m.media-amazon.com\/images\/S\/aplus-media\/vc\/d96e88ea-7bf0-403b-933b-5ce372a7014e._CR0,0,600,600_PT0_SX300__.png\">   <\/p>\n<p>                                                                    <img decoding=\"async\" alt=\"\" src=\"https:\/\/images-na.ssl-images-amazon.com\/images\/G\/01\/x-locale\/common\/grey-pixel.gif\" class=\"a-lazy-loaded\" data-src=\"https:\/\/m.media-amazon.com\/images\/S\/aplus-media\/vc\/e71f79fe-1ade-4ddc-bc33-a6e36095d352._CR0,0,600,600_PT0_SX300__.png\"><img decoding=\"async\" alt=\"\" src=\"https:\/\/m.media-amazon.com\/images\/S\/aplus-media\/vc\/e71f79fe-1ade-4ddc-bc33-a6e36095d352._CR0,0,600,600_PT0_SX300__.png\">   <\/p>\n<p>                                                                    <img decoding=\"async\" alt=\"\" src=\"https:\/\/images-na.ssl-images-amazon.com\/images\/G\/01\/x-locale\/common\/grey-pixel.gif\" class=\"a-lazy-loaded\" data-src=\"https:\/\/m.media-amazon.com\/images\/S\/aplus-media\/vc\/21e41982-14ff-41cd-b649-40e61804bd53._CR0,0,600,600_PT0_SX300__.png\"><img decoding=\"async\" alt=\"\" src=\"https:\/\/m.media-amazon.com\/images\/S\/aplus-media\/vc\/21e41982-14ff-41cd-b649-40e61804bd53._CR0,0,600,600_PT0_SX300__.png\">   <\/p>\n<p>                                                                    <img decoding=\"async\" alt=\"\" src=\"https:\/\/images-na.ssl-images-amazon.com\/images\/G\/01\/x-locale\/common\/grey-pixel.gif\" class=\"a-lazy-loaded\" data-src=\"https:\/\/m.media-amazon.com\/images\/S\/aplus-media\/vc\/9342be58-cc96-42a7-9fc9-0add5e933ec7._CR0,0,600,600_PT0_SX300__.png\"><img decoding=\"async\" alt=\"\" src=\"https:\/\/m.media-amazon.com\/images\/S\/aplus-media\/vc\/9342be58-cc96-42a7-9fc9-0add5e933ec7._CR0,0,600,600_PT0_SX300__.png\">   <\/p>\n<p>                             Customer Reviews  <\/p>\n<p>                    4.0 out of 5 stars  616  <\/p>\n<p>                    4.1 out of 5 stars  470  <\/p>\n<p>                    4.1 out of 5 stars  470  <\/p>\n<p>                             Funciones disponibles<br \/>\n                                Impresi\u00f3n, escaneo y copia Wi-Fi,  nube               Impresi\u00f3n, escaneo y copia en A3 mediante Wi-Fi y Ethernet,  nube               Impresi\u00f3n, escaneo y copia Wi-Fi,  nube                 <\/p>\n<p>                             Tecnolog\u00eda de impresi\u00f3n<br \/>\n                                Sistema de inyecci\u00f3n de tinta 5 dep\u00f3sitos de tinta independientes Tintas ChromaLife100               Sistema de inyecci\u00f3n de tinta 5 dep\u00f3sitos de tinta independientes Tintas ChromaLife100               Sistema de inyecci\u00f3n de tinta 6 dep\u00f3sitos de tinta independientes Tintas ChromaLife100                 <\/p>\n<p>                             Velocidad de impresi\u00f3n de documentos A4  en p\u00e1ginas ISO\/m\u00edn (aprox.)<br \/>\n                                15,0 ipm en blanco y negro 10,0 ipm en color               15,0 ipm en blanco y negro 10,0 ipm en color               15,0 ipm en blanco y negro 10,0 ipm en color                 <\/p>\n<p>                             Velocidad de impresi\u00f3n  de fotograf\u00edas sin bordes de 10 x 15\u00a0cm (aprox.)<br \/>\n                                21 segundos               21 segundos               17 segundos                 <\/p>\n<p>                             Resoluci\u00f3n \u00f3ptica de esc\u00e1ner (m\u00e1x.)<br \/>\n                                1200\u00a0x\u00a02400\u00a0ppp               1200\u00a0x\u00a02400\u00a0ppp               2400\u00a0x\u00a04800\u00a0ppp                 <\/p>\n<p>                             Funciones de impresi\u00f3n adicionales<br \/>\n                                Impresi\u00f3n a doble cara autom\u00e1tica               Impresi\u00f3n a doble cara autom\u00e1tica Bandeja multiprop\u00f3sito Impresi\u00f3n directa de discos               Impresi\u00f3n a doble cara autom\u00e1tica Bandeja multiprop\u00f3sito Impresi\u00f3n directa de discos                 <\/p>\n<p>                             Pantalla<br \/>\n                                Pantalla t\u00e1ctil en color de 7,5 cm               Pantalla t\u00e1ctil en color de 10,8 cm                Pantalla t\u00e1ctil en color de 10,8 cm                  <\/p>\n<p>                             Conectividad<br \/>\n                                USB Wi-Fi Modo de punto de acceso WLAN PictBridge Wireless Direct Bluetooth               USB Wi-Fi Ethernet Modo de punto de acceso Ranuras para tarjeta de memoria WLAN PictBridge Wireless Direct Bluetooth               USB Wi-Fi Modo de punto de acceso Ranuras para tarjeta de memoria WLAN PictBridge Wireless Direct Bluetooth                 <\/p>\n<p>                             Aplicaciones Wi-Fi y en la nube<br \/>\n                                PIXMA Cloud Link Aplicaci\u00f3n Canon PRINT Apple AirPrint Google Cloud Print Complemento Canon Print Service (Android) Impresi\u00f3n desde correo electr\u00f3nico Escaneo a la nube Escaneo a correo electr\u00f3nico Mopria Print (Android)               PIXMA Cloud Link Aplicaci\u00f3n Canon PRINT Apple AirPrint Google Cloud Print Complemento Canon Print Service (Android) Impresi\u00f3n desde correo electr\u00f3nico Escaneo a la nube Escaneo a correo electr\u00f3nico Mopria Print (Android)               PIXMA Cloud Link Aplicaci\u00f3n Canon PRINT Apple AirPrint Google Cloud Print Complemento Canon Print Service (Android) Impresi\u00f3n desde correo electr\u00f3nico Escaneo a la nube Escaneo a correo electr\u00f3nico Mopria Print (Android)                 <\/p>\n<p>                             Entrada de papel (m\u00e1x.)<br \/>\n                                20 fotos o 100 hojas de papel normal (bandeja posterior) 100 hojas (cassette frontal)               20 fotos o 100 hojas de papel normal (bandeja posterior) 100 hojas (cassette frontal)               20 fotos o 100 hojas de papel normal (bandeja posterior) 100 hojas (cassette frontal)                 <\/p>\n<p> Batteries                                            \u200f                                            :                                            \u200e                                            1 Lithium Ion batteries required.   <br \/> Is discontinued by manufacturer                                            \u200f                                            :                                            \u200e                                            No   <br \/> Language                                            \u200f                                            :                                            \u200e                                            English, English, English, English, English   <br \/> Product Dimensions                                            \u200f                                            :                                            \u200e                                            30 x 30 x 30 cm; 9.7 kg   <br \/> Manufacturer                                            \u200f                                            :                                            \u200e                                            Canon Spain   <br \/> ASIN                                            \u200f                                            :                                            \u200e                                            B07GJFF168   <br \/> Item model number                                            \u200f                                            :                                            \u200e                                            2988C006   <br \/> Guaranteed software updates until                                            \u200f                                            :                                            \u200e                                            13 April 2030   <br \/>  Customer reviews:                                                                                            4.3               4.3 out of 5 stars                                  (756)                                              var dpAcrHasRegisteredArcLinkClickAction;                    P.when(&#8216;A&#8217;, &#8216;ready&#8217;).execute(function(A) {                        if (dpAcrHasRegisteredArcLinkClickAction !== true) {                            dpAcrHasRegisteredArcLinkClickAction = true;                            A.declarative(                                &#8216;acrLink-click-metrics&#8217;, &#8216;click&#8217;,                                { \u00aballowLinkDefault\u00bb: true },                                function (event) {                                    if (window.ue) {                                        ue.count(\u00abacrLinkClickCount\u00bb, (ue.count(\u00abacrLinkClickCount\u00bb) || 0) + 1);                                    }                                }                            );                        }                    });                                             P.when(&#8216;A&#8217;, &#8216;cf&#8217;).execute(function(A) {                A.declarative(&#8216;acrStarsLink-click-metrics&#8217;, &#8216;click&#8217;, { \u00aballowLinkDefault\u00bb : true },  function(event){                    if(window.ue) {                        ue.count(\u00abacrStarsLinkWithPopoverClickCount\u00bb, (ue.count(\u00abacrStarsLinkWithPopoverClickCount\u00bb) || 0) + 1);                    }                });            });                          <\/p>\n<p>Canon printer for your business needs: it&#8217;s a compact printer with a large touch screen for control, A3 and high performance.<br \/>Connected printer: Offers wireless connectivity with the Canon PRINT app and Ethernet, plus printing from mobile devices.<br \/>Increase productivity: Copy or scan multiple sheets without needing to copy or scan one at a time, thanks to 20-sheet Automatic Document Feeder (ADF) technology.<br \/>PIXMA Cloud Link: Print and scan directly from the cloud, without the need for a computer. Easy access to Google Drive, Dropbox, etc\u2026<br \/>Black Pigment Ink &#8211; Specific for Professional Documents<\/p>\n\n","protected":false},"excerpt":{"rendered":"<p> From the manufacturer Impresora A3 compacta con gran pantalla t\u00e1ctil Disfruta de un uso sencillo<\/p>","protected":false},"featured_media":29761,"comment_status":"open","ping_status":"closed","template":"","meta":[],"product_brand":[],"product_cat":[57],"product_tag":[5078,2140,307,595,2184,2290,2134,2126,1143,2129,1980,1953,1961,2145,2142,2189,2143,2132,2185,1962,842,2318,1578,515,8656,543,226,2136],"class_list":{"0":"post-29760","1":"product","2":"type-product","3":"status-publish","4":"has-post-thumbnail","6":"product_cat-inkjet-printers","7":"product_tag-adf","8":"product_tag-best-inkjet-printer","9":"product_tag-black","10":"product_tag-business","11":"product_tag-canon","12":"product_tag-cartridges","13":"product_tag-cheap-inkjet-printer","14":"product_tag-color-inkjet-printer","15":"product_tag-connectivity","16":"product_tag-home-inkjet-printer","17":"product_tag-ink","18":"product_tag-ink-tank-printer","19":"product_tag-inkjet","20":"product_tag-inkjet-printer","21":"product_tag-inkjet-printer-price","22":"product_tag-multifunction","23":"product_tag-office-inkjet-printer","24":"product_tag-photo-inkjet-printer","25":"product_tag-pixma","26":"product_tag-printer","27":"product_tag-screen","28":"product_tag-sheets","29":"product_tag-system","30":"product_tag-touch","31":"product_tag-ts9550","32":"product_tag-wifi","33":"product_tag-wireless","34":"product_tag-wireless-inkjet-printer","36":"first","37":"instock","38":"sale","39":"shipping-taxable","40":"product-type-external"},"_links":{"self":[{"href":"https:\/\/comprasyconsejos.store\/en\/wp-json\/wp\/v2\/product\/29760","targetHints":{"allow":["GET"]}}],"collection":[{"href":"https:\/\/comprasyconsejos.store\/en\/wp-json\/wp\/v2\/product"}],"about":[{"href":"https:\/\/comprasyconsejos.store\/en\/wp-json\/wp\/v2\/types\/product"}],"replies":[{"embeddable":true,"href":"https:\/\/comprasyconsejos.store\/en\/wp-json\/wp\/v2\/comments?post=29760"}],"version-history":[{"count":0,"href":"https:\/\/comprasyconsejos.store\/en\/wp-json\/wp\/v2\/product\/29760\/revisions"}],"wp:featuredmedia":[{"embeddable":true,"href":"https:\/\/comprasyconsejos.store\/en\/wp-json\/wp\/v2\/media\/29761"}],"wp:attachment":[{"href":"https:\/\/comprasyconsejos.store\/en\/wp-json\/wp\/v2\/media?parent=29760"}],"wp:term":[{"taxonomy":"product_brand","embeddable":true,"href":"https:\/\/comprasyconsejos.store\/en\/wp-json\/wp\/v2\/product_brand?post=29760"},{"taxonomy":"product_cat","embeddable":true,"href":"https:\/\/comprasyconsejos.store\/en\/wp-json\/wp\/v2\/product_cat?post=29760"},{"taxonomy":"product_tag","embeddable":true,"href":"https:\/\/comprasyconsejos.store\/en\/wp-json\/wp\/v2\/product_tag?post=29760"}],"curies":[{"name":"wp","href":"https:\/\/api.w.org\/{rel}","templated":true}]}}