{"id":29771,"date":"2026-02-22T00:16:29","date_gmt":"2026-02-22T00:16:29","guid":{"rendered":"https:\/\/comprasyconsejos.store\/product\/asus-rog-strix-oled-xg32ucds-32-gaming-monitor-qd-oled-4k-uhd-165hz-0-03ms-heatsink-neo-proximity-sensor-uniform-brightness-g-sync-99-dci-p3-and-displaywidget-center\/"},"modified":"2026-02-22T00:16:32","modified_gmt":"2026-02-22T00:16:32","slug":"asus-rog-strix-oled-xg32ucds-32-gaming-monitor-qd-oled-4k-uhd-165hz-0-03ms-heatsink-neo-proximity-sensor-uniform-brightness-g-sync-99-dci-p3-and-displaywidget-center","status":"publish","type":"product","link":"https:\/\/comprasyconsejos.store\/en\/product\/asus-rog-strix-oled-xg32ucds-32-gaming-monitor-qd-oled-4k-uhd-165hz-0-03ms-heatsink-neo-proximity-sensor-uniform-brightness-g-sync-99-dci-p3-and-displaywidget-center\/","title":{"rendered":"ASUS ROG Strix OLED XG32UCDS &#8211; 32&#8243; Gaming Monitor, QD-OLED 4K UHD, 165Hz, 0.03ms, Heatsink, Neo Proximity Sensor, Uniform Brightness, G-Sync, 99% DCI-P3 and DisplayWidget Center"},"content":{"rendered":"<p>Price: <span style=\"color:#b12704\"><del>\u20ac899.00<\/del> - \u20ac797.33<\/span><br \/><i><small>(as of Feb 22, 2026 00:16:29 UTC &#8211; <span class=\"wp_automatic_amazon_disclaimer\" title=\"Product prices and availability are accurate as of the date\/time indicated and are subject to change. Any price and availability information displayed on [relevant Amazon Site(s), as applicable] at the time of purchase will apply to the purchase of this product.\">Details<\/span>)<\/small><\/i><\/p>\n<p><a href=\"https:\/\/amazon.es\/dp\/B0FG8BGZ19?tag=man008-21\"><img decoding=\"async\" src=\"https:\/\/valvepress.s3.amazonaws.com\/imgs\/buy_now.png\"><\/a><br \/>\n<\/p>\n<p>                                             From the manufacturer   <\/p>\n<p>                                                                             <img decoding=\"async\" alt=\"aplus content image\" src=\"https:\/\/images-na.ssl-images-amazon.com\/images\/G\/01\/x-locale\/common\/grey-pixel.gif\" class=\"a-spacing-base a-lazy-loaded\" data-src=\"https:\/\/m.media-amazon.com\/images\/S\/aplus-media-library-service-media\/be514f8e-9afd-42d3-97d1-f3aa5b21a54e.__CR0,0,970,600_PT0_SX970_V1___.png\"><img decoding=\"async\" alt=\"aplus content image\" src=\"https:\/\/m.media-amazon.com\/images\/S\/aplus-media-library-service-media\/be514f8e-9afd-42d3-97d1-f3aa5b21a54e.__CR0,0,970,600_PT0_SX970_V1___.png\">                                                                    <\/p>\n<p>                                                                             <img decoding=\"async\" alt=\"aplus content image\" src=\"https:\/\/images-na.ssl-images-amazon.com\/images\/G\/01\/x-locale\/common\/grey-pixel.gif\" class=\"a-spacing-base a-lazy-loaded\" data-src=\"https:\/\/m.media-amazon.com\/images\/S\/aplus-media-library-service-media\/7c22c883-91af-4de4-8227-a6ff48797eee.__CR0,0,970,600_PT0_SX970_V1___.png\"><img decoding=\"async\" alt=\"aplus content image\" src=\"https:\/\/m.media-amazon.com\/images\/S\/aplus-media-library-service-media\/7c22c883-91af-4de4-8227-a6ff48797eee.__CR0,0,970,600_PT0_SX970_V1___.png\">                                                                    <\/p>\n<p class=\"apm-text-center\">\n                                                      <img decoding=\"async\" alt=\"Monitor para juegos que muestra gr\u00e1ficos vibrantes en violeta y azul, montado en un soporte con una tira de retroiluminaci\u00f3n LED que crea un brillo ambiental.\" src=\"https:\/\/images-na.ssl-images-amazon.com\/images\/G\/01\/x-locale\/common\/grey-pixel.gif\" class=\"a-spacing-mini a-lazy-loaded\" data-src=\"https:\/\/m.media-amazon.com\/images\/S\/aplus-media-library-service-media\/69cc8804-53da-4c6f-b1a0-039fae604b6f.__CR0,0,300,300_PT0_SX300_V1___.jpg\"><img decoding=\"async\" alt=\"Monitor para juegos que muestra gr\u00e1ficos vibrantes en violeta y azul, montado en un soporte con una tira de retroiluminaci\u00f3n LED que crea un brillo ambiental.\" src=\"https:\/\/m.media-amazon.com\/images\/S\/aplus-media-library-service-media\/69cc8804-53da-4c6f-b1a0-039fae604b6f.__CR0,0,300,300_PT0_SX300_V1___.jpg\">  <\/p>\n<p>                                                    Visuales Supersuaves                                       <\/p>\n<p> Dise\u00f1ado para jugadores exigentes y creadores profesionales, ofrece una frecuencia de refresco de 165 Hz y un tiempo de respuesta gris a gris (GTG) de 0,03 ms  para unos visuales supern\u00edtidos y fluidos . <\/p>\n<p class=\"apm-text-center\">\n                                                      <img decoding=\"async\" alt=\"aplus content image\" src=\"https:\/\/images-na.ssl-images-amazon.com\/images\/G\/01\/x-locale\/common\/grey-pixel.gif\" class=\"a-spacing-mini a-lazy-loaded\" data-src=\"https:\/\/m.media-amazon.com\/images\/S\/aplus-media-library-service-media\/f64e518a-e258-4791-887d-817b304227a5.__CR0,0,300,300_PT0_SX300_V1___.jpg\"><img decoding=\"async\" alt=\"aplus content image\" src=\"https:\/\/m.media-amazon.com\/images\/S\/aplus-media-library-service-media\/f64e518a-e258-4791-887d-817b304227a5.__CR0,0,300,300_PT0_SX300_V1___.jpg\">  <\/p>\n<p>                                                    Incre\u00edble claridad de movimiento                                       <\/p>\n<p> La tecnolog\u00eda exclusiva ASUS Extreme Low Motion Blur reduce las im\u00e1genes fantasma y el desenfoque de movimiento. <\/p>\n<p class=\"apm-text-center\">\n                                                      <img decoding=\"async\" alt=\"aplus content image\" src=\"https:\/\/images-na.ssl-images-amazon.com\/images\/G\/01\/x-locale\/common\/grey-pixel.gif\" class=\"a-spacing-mini a-lazy-loaded\" data-src=\"https:\/\/m.media-amazon.com\/images\/S\/aplus-media-library-service-media\/f1933a66-8461-4e32-a92c-1a6c6bfdef0a.__CR0,0,300,300_PT0_SX300_V1___.jpg\"><img decoding=\"async\" alt=\"aplus content image\" src=\"https:\/\/m.media-amazon.com\/images\/S\/aplus-media-library-service-media\/f1933a66-8461-4e32-a92c-1a6c6bfdef0a.__CR0,0,300,300_PT0_SX300_V1___.jpg\">  <\/p>\n<p>                                                    Monitor OLED sin preocupaciones                                       <\/p>\n<p> Los monitores OLED de ROG est\u00e1n dise\u00f1ados para ofrecer im\u00e1genes impresionantes durante a\u00f1os. Un innovador disipador personalizado y un flujo de aire interno \u00fanico mejoran la refrigeraci\u00f3n y reducen el riesgo de quemado. <\/p>\n<p class=\"apm-text-center\">\n                                                      <img decoding=\"async\" alt=\"aplus content image\" src=\"https:\/\/images-na.ssl-images-amazon.com\/images\/G\/01\/x-locale\/common\/grey-pixel.gif\" class=\"a-spacing-mini a-lazy-loaded\" data-src=\"https:\/\/m.media-amazon.com\/images\/S\/aplus-media-library-service-media\/e1bb940e-74ec-4b10-ba81-35bc4bb243eb.__CR0,0,300,300_PT0_SX300_V1___.jpg\"><img decoding=\"async\" alt=\"aplus content image\" src=\"https:\/\/m.media-amazon.com\/images\/S\/aplus-media-library-service-media\/e1bb940e-74ec-4b10-ba81-35bc4bb243eb.__CR0,0,300,300_PT0_SX300_V1___.jpg\">  <\/p>\n<p>                                                    TU MONITOR, A TU MANERA                                       <\/p>\n<p> El monitor XG32UCDS es una potencia vers\u00e1til dise\u00f1ada para sobresalir en juegos, streaming y creaci\u00f3n de contenidos. Su alta frecuencia de actualizaci\u00f3n, bajo tiempo de respuesta y colores vivos proporcionan una experiencia envolvente y sin interrupciones. Los amplios \u00e1ngulos de visi\u00f3n y la toma para tr\u00edpode incorporada lo hacen perfecto para el streaming, mientras que su excepcional precisi\u00f3n crom\u00e1tica y su amplia gama de colores garantizan la creaci\u00f3n de contenidos de calidad profesional . <\/p>\n<p class=\"apm-text-center\">\n                                                      <img decoding=\"async\" alt=\"aplus content image\" src=\"https:\/\/images-na.ssl-images-amazon.com\/images\/G\/01\/x-locale\/common\/grey-pixel.gif\" class=\"a-spacing-mini a-lazy-loaded\" data-src=\"https:\/\/m.media-amazon.com\/images\/S\/aplus-media-library-service-media\/8f5b013e-9c13-4aec-9819-218039d5cc2e.__CR0,0,300,300_PT0_SX300_V1___.jpg\"><img decoding=\"async\" alt=\"aplus content image\" src=\"https:\/\/m.media-amazon.com\/images\/S\/aplus-media-library-service-media\/8f5b013e-9c13-4aec-9819-218039d5cc2e.__CR0,0,300,300_PT0_SX300_V1___.jpg\">  <\/p>\n<p>                                                    Est\u00e9tica futurista de inspiraci\u00f3n ciberpunk                                       <\/p>\n<p> La est\u00e9tica limpia y elegante del XG32UCDS subraya su estatus premium. Incluso hay una toma de tr\u00edpode integrada en la parte superior del monitor para alojar una c\u00e1mara en configuraciones de streaming. <\/p>\n<p class=\"apm-text-center\">\n                                                      <img decoding=\"async\" alt=\"aplus content image\" src=\"https:\/\/images-na.ssl-images-amazon.com\/images\/G\/01\/x-locale\/common\/grey-pixel.gif\" class=\"a-spacing-mini a-lazy-loaded\" data-src=\"https:\/\/m.media-amazon.com\/images\/S\/aplus-media-library-service-media\/aa0b002c-7d73-4d51-ad78-b2c907a9efde.__CR0,0,300,300_PT0_SX300_V1___.jpg\"><img decoding=\"async\" alt=\"aplus content image\" src=\"https:\/\/m.media-amazon.com\/images\/S\/aplus-media-library-service-media\/aa0b002c-7d73-4d51-ad78-b2c907a9efde.__CR0,0,300,300_PT0_SX300_V1___.jpg\">  <\/p>\n<p>                                                    DisplayWidget Center                                       <\/p>\n<p> Lleva tu monitor al siguiente nivel con DisplayWidget Center, un potente software de gesti\u00f3n de monitores dise\u00f1ado para ayudarte a optimizar, personalizar y aprovechar al m\u00e1ximo tu pantalla mediante un rat\u00f3n, sin necesidad de acceder al men\u00fa OSD. Adem\u00e1s, DisplayWidget Center te notifica las \u00faltimas actualizaciones de firmware e incluye una opci\u00f3n de actualizaci\u00f3n directa. Tambi\u00e9n puedes importar o exportar configuraciones de visualizaci\u00f3n para compartirlas. <\/p>\n<p class=\"apm-text-center\">\n                                                      <img decoding=\"async\" alt=\"aplus content image\" src=\"https:\/\/images-na.ssl-images-amazon.com\/images\/G\/01\/x-locale\/common\/grey-pixel.gif\" class=\"a-spacing-mini a-lazy-loaded\" data-src=\"https:\/\/m.media-amazon.com\/images\/S\/aplus-media-library-service-media\/d7ce6fcb-e1ed-4119-bfcc-cb35d443a543.__CR0,0,300,300_PT0_SX300_V1___.jpg\"><img decoding=\"async\" alt=\"aplus content image\" src=\"https:\/\/m.media-amazon.com\/images\/S\/aplus-media-library-service-media\/d7ce6fcb-e1ed-4119-bfcc-cb35d443a543.__CR0,0,300,300_PT0_SX300_V1___.jpg\">  <\/p>\n<p>                                                    Dynamic Crosshair                                       <\/p>\n<p> Cambia autom\u00e1ticamente la ret\u00edcula a un color que contraste con el fondo, para que destaque y puedas apuntar con m\u00e1s precisi\u00f3n. <\/p>\n<p class=\"apm-text-center\">\n                                                      <img decoding=\"async\" alt=\"aplus content image\" src=\"https:\/\/images-na.ssl-images-amazon.com\/images\/G\/01\/x-locale\/common\/grey-pixel.gif\" class=\"a-spacing-mini a-lazy-loaded\" data-src=\"https:\/\/m.media-amazon.com\/images\/S\/aplus-media-library-service-media\/7108863f-c365-4da5-83c2-7ecf8c256530.__CR0,0,300,300_PT0_SX300_V1___.jpg\"><img decoding=\"async\" alt=\"aplus content image\" src=\"https:\/\/m.media-amazon.com\/images\/S\/aplus-media-library-service-media\/7108863f-c365-4da5-83c2-7ecf8c256530.__CR0,0,300,300_PT0_SX300_V1___.jpg\">  <\/p>\n<p>                                                    SUAVE Y SENSIBLE                                       <\/p>\n<p> El monitor cuenta con tecnolog\u00eda AMD FreeSync Premium Pro y compatibilidad con NVIDIA G-SYNC*, lo que garantiza unos visuales supersuaves, sin l\u00e1grimas y con baja latencia. <\/p>\n<p> *Consulta la p\u00e1gina web oficial correspondiente para ver la lista de compatibles m\u00e1s reciente. <\/p>\n<p class=\"apm-text-center\">\n                                                      <img decoding=\"async\" alt=\"aplus content image\" src=\"https:\/\/images-na.ssl-images-amazon.com\/images\/G\/01\/x-locale\/common\/grey-pixel.gif\" class=\"a-spacing-mini a-lazy-loaded\" data-src=\"https:\/\/m.media-amazon.com\/images\/S\/aplus-media-library-service-media\/3705b93d-ed5b-46a4-9660-52d67461e82b.__CR0,0,300,300_PT0_SX300_V1___.jpg\"><img decoding=\"async\" alt=\"aplus content image\" src=\"https:\/\/m.media-amazon.com\/images\/S\/aplus-media-library-service-media\/3705b93d-ed5b-46a4-9660-52d67461e82b.__CR0,0,300,300_PT0_SX300_V1___.jpg\">  <\/p>\n<p>                                                    Conectividad enriquecida                                       <\/p>\n<p> Amplias opciones de conectividad como DisplayPort 1.4 con Display Stream Compression (DSC), HDMI 2.1 y USB-C con Power Delivery de 15 vatios para una amplia gama de dispositivos multimedia. <\/p>\n<p> Language                                            \u200f                                            :                                            \u200e                                            English   <br \/> Product Dimensions                                            \u200f                                            :                                            \u200e                                            18.8 x 71.8 x 56.2 cm; 6.6 kg   <br \/> Manufacturer                                            \u200f                                            :                                            \u200e                                            ASUS   <br \/> ASIN                                            \u200f                                            :                                            \u200e                                            B0FG8BGZ19   <br \/> Item model number                                            \u200f                                            :                                            \u200e                                            90LM0B50-B01371   <br \/> Guaranteed software updates until                                            \u200f                                            :                                            \u200e                                            unknown   <br \/>  Customer reviews:                                                                                            4.6               4.6 out of 5 stars                                  (12)                                              var dpAcrHasRegisteredArcLinkClickAction;                    P.when(&#8216;A&#8217;, &#8216;ready&#8217;).execute(function(A) {                        if (dpAcrHasRegisteredArcLinkClickAction !== true) {                            dpAcrHasRegisteredArcLinkClickAction = true;                            A.declarative(                                &#8216;acrLink-click-metrics&#8217;, &#8216;click&#8217;,                                { \u00aballowLinkDefault\u00bb: true },                                function (event) {                                    if (window.ue) {                                        ue.count(\u00abacrLinkClickCount\u00bb, (ue.count(\u00abacrLinkClickCount\u00bb) || 0) + 1);                                    }                                }                            );                        }                    });                                             P.when(&#8216;A&#8217;, &#8216;cf&#8217;).execute(function(A) {                A.declarative(&#8216;acrStarsLink-click-metrics&#8217;, &#8216;click&#8217;, { \u00aballowLinkDefault\u00bb : true },  function(event){                    if(window.ue) {                        ue.count(\u00abacrStarsLinkWithPopoverClickCount\u00bb, (ue.count(\u00abacrStarsLinkWithPopoverClickCount\u00bb) || 0) + 1);                    }                });            });                          <\/p>\n<p>32-inch UHD (3840 x 2160) QD-OLED gaming monitor with 165 Hz refresh rate and 0.03ms response time<br \/>ASUS OLED Care Pro functions with Neo Proximity Sensor that precisely detects when the user is away, switching to a black screen to reduce the risk of burn-in<br \/>VESA DisplayHDR 400 True Black compliance, 99% DCI-P3 gamut, true 10-bit color, and Delta E < 2 color difference for astonishing HDR performance, making it perfect for photo and video editing<br \/>Exclusive ASUS DisplayWidget Center application allows users to easily access OLED Care Pro functions and adjust monitor settings using a mouse<br \/>ROG Gaming A.I technology with AI-powered features to enhance users&#8217; gaming experience<\/p>\n\n","protected":false},"excerpt":{"rendered":"<p> From the manufacturer Visuales Supersuaves Dise\u00f1ado para jugadores exigentes y creadores profesionales, ofrece una frecuencia<\/p>","protected":false},"featured_media":29772,"comment_status":"open","ping_status":"closed","template":"","meta":[],"product_brand":[],"product_cat":[55],"product_tag":[1299,1934,3745,1936,1935,1939,1802,850,1940,1303,2930,1784,1305,1306,617,1933,1304,1301,1937,844,2856,884,8660,4808,1938,1293,959,1294,684,8661,8659],"class_list":{"0":"post-29771","1":"product","2":"type-product","3":"status-publish","4":"has-post-thumbnail","6":"product_cat-gaming-monitors","7":"product_tag-0-03ms","8":"product_tag-144hz-gaming-monitor","9":"product_tag-165hz","10":"product_tag-1ms-gaming-monitor","11":"product_tag-240hz-gaming-monitor","12":"product_tag-27-inch-gaming-monitor","13":"product_tag-4k-gaming-monitor","14":"product_tag-asus","15":"product_tag-best-gaming-monitor","16":"product_tag-brightness","17":"product_tag-center","18":"product_tag-curved-gaming-monitor","19":"product_tag-dcip3","20":"product_tag-displaywidget","21":"product_tag-gaming","22":"product_tag-gaming-monitor","23":"product_tag-gsync","24":"product_tag-heatsink","25":"product_tag-ips-gaming-monitor","26":"product_tag-monitor","27":"product_tag-neo","28":"product_tag-oled","29":"product_tag-proximity","30":"product_tag-qdoled","31":"product_tag-rgb-gaming-monitor","32":"product_tag-rog","33":"product_tag-sensor","34":"product_tag-strix","35":"product_tag-uhd","36":"product_tag-uniform","37":"product_tag-xg32ucds","39":"first","40":"instock","41":"sale","42":"shipping-taxable","43":"product-type-external"},"_links":{"self":[{"href":"https:\/\/comprasyconsejos.store\/en\/wp-json\/wp\/v2\/product\/29771","targetHints":{"allow":["GET"]}}],"collection":[{"href":"https:\/\/comprasyconsejos.store\/en\/wp-json\/wp\/v2\/product"}],"about":[{"href":"https:\/\/comprasyconsejos.store\/en\/wp-json\/wp\/v2\/types\/product"}],"replies":[{"embeddable":true,"href":"https:\/\/comprasyconsejos.store\/en\/wp-json\/wp\/v2\/comments?post=29771"}],"version-history":[{"count":0,"href":"https:\/\/comprasyconsejos.store\/en\/wp-json\/wp\/v2\/product\/29771\/revisions"}],"wp:featuredmedia":[{"embeddable":true,"href":"https:\/\/comprasyconsejos.store\/en\/wp-json\/wp\/v2\/media\/29772"}],"wp:attachment":[{"href":"https:\/\/comprasyconsejos.store\/en\/wp-json\/wp\/v2\/media?parent=29771"}],"wp:term":[{"taxonomy":"product_brand","embeddable":true,"href":"https:\/\/comprasyconsejos.store\/en\/wp-json\/wp\/v2\/product_brand?post=29771"},{"taxonomy":"product_cat","embeddable":true,"href":"https:\/\/comprasyconsejos.store\/en\/wp-json\/wp\/v2\/product_cat?post=29771"},{"taxonomy":"product_tag","embeddable":true,"href":"https:\/\/comprasyconsejos.store\/en\/wp-json\/wp\/v2\/product_tag?post=29771"}],"curies":[{"name":"wp","href":"https:\/\/api.w.org\/{rel}","templated":true}]}}