{"id":29790,"date":"2026-02-22T00:47:54","date_gmt":"2026-02-22T00:47:54","guid":{"rendered":"https:\/\/comprasyconsejos.store\/product\/camara-web-4k-camara-de-video-con-enfoque-automatico-usb-2-0-monitor-inalambrico-30fps-2560x1440p-camarra-web-con-microfono-incorporado-de-120g-para-reuniones-de-llamadas-de-negocios-video-para\/"},"modified":"2026-02-22T00:48:03","modified_gmt":"2026-02-22T00:48:03","slug":"camara-web-4k-camara-de-video-con-enfoque-automatico-usb-2-0-monitor-inalambrico-30fps-2560x1440p-camarra-web-con-microfono-incorporado-de-120g-para-reuniones-de-llamadas-de-negocios-video-para","status":"publish","type":"product","link":"https:\/\/comprasyconsejos.store\/en\/product\/camara-web-4k-camara-de-video-con-enfoque-automatico-usb-2-0-monitor-inalambrico-30fps-2560x1440p-camarra-web-con-microfono-incorporado-de-120g-para-reuniones-de-llamadas-de-negocios-video-para\/","title":{"rendered":"C\u00e1mara Web 4k &#8211; C\u00e1mara De V\u00eddeo Con Enfoque Autom\u00e1tico USB 2.0 | Monitor Inal\u00e1mbrico 30FPS 2560x1440P, C\u00e1maRra Web Con Micr\u00f3fono Incorporado De 120g Para Reuniones De Llamadas De Negocios, V\u00eddeo Para"},"content":{"rendered":"<p>Price: <span style=\"color:#b12704\"><del>\u20ac44.45<\/del> - \u20ac24.21<\/span><br \/><i><small>(as of Feb 22, 2026 00:47:54 UTC &#8211; <span class=\"wp_automatic_amazon_disclaimer\" title=\"Product prices and availability are accurate as of the date\/time indicated and are subject to change. Any price and availability information displayed on [relevant Amazon Site(s), as applicable] at the time of purchase will apply to the purchase of this product.\">Details<\/span>)<\/small><\/i><\/p>\n<p><a href=\"https:\/\/amazon.es\/dp\/B0GJJWP1X1?tag=man008-21\"><img decoding=\"async\" src=\"https:\/\/valvepress.s3.amazonaws.com\/imgs\/buy_now.png\"><\/a><br \/>\n<\/p>\n<p>                                             Product Description   <\/p>\n<h3 class=\"a-spacing-mini\"> C\u00e1mara Web 4K Para PC <\/h3>\n<p>                                          <img decoding=\"async\" alt=\"C\u00e1mara Web 4K Para PC\" src=\"https:\/\/images-na.ssl-images-amazon.com\/images\/G\/01\/x-locale\/common\/grey-pixel.gif\" class=\"a-spacing-base a-lazy-loaded\" data-src=\"https:\/\/m.media-amazon.com\/images\/S\/aplus-media-library-service-media\/0261e6e7-4698-4192-8f9a-7eb00df765bf.__CR0,0,970,600_PT0_SX970_V1___.jpg\"><img decoding=\"async\" alt=\"C\u00e1mara Web 4K Para PC\" src=\"https:\/\/m.media-amazon.com\/images\/S\/aplus-media-library-service-media\/0261e6e7-4698-4192-8f9a-7eb00df765bf.__CR0,0,970,600_PT0_SX970_V1___.jpg\">                                                                    <\/p>\n<p> Transforma tu configuraci\u00f3n de comunicaci\u00f3n con una c\u00e1mara web 4K que ofrece video en HD para necesidades profesionales y recreativas. La conectividad inal\u00e1mbrica junto con una amplia compatibilidad en computadoras y port\u00e1tiles la hace indispensable para reuniones de negocios, juegos y conferencias virtuales en Teams. <\/p>\n<p> Especificaci\u00f3n <\/p>\n<p> Tipo de producto: c\u00e1mara PTZ inteligente <\/p>\n<p> Categor\u00eda de productos: c\u00e1mara USB <\/p>\n<p> Alcance de uso: computadora port\u00e1til <\/p>\n<p> P\u00edxeles del sensor: 2 millones <\/p>\n<p> Resoluci\u00f3n m\u00e1xima: 2560x1440p <\/p>\n<p> Velocidad de cuadro: 30 fps <\/p>\n<p> Interfaz: USB 2.0 <\/p>\n<p> Modo de enfoque: enfoque autom\u00e1tico <\/p>\n<p> Soporte del : Gana XP 7 8 10 iOS <\/p>\n<p> Requerido el controlador: sin conductor <\/p>\n<p> Longitud del cable: 1.5m\/59.06 pulgadas <\/p>\n<p> Peso del producto: 120 (g) <\/p>\n<p> Funciones adicionales: micr\u00f3fono incorporado <\/p>\n<p> M\u00e9todo de acceso a la red: no admite el suministro de red <\/p>\n<p> Rendimiento anti-shake: doble anti-shake <\/p>\n<p> Lista <\/p>\n<p> 1 * 4K webcam <\/p>\n<p> Nota: <\/p>\n<p> Debido a diferentes configuraciones de iluminaci\u00f3n y pantalla, el color del elemento puede ser ligeramente diferente de la imagen. <\/p>\n<p> Debido a diferentes mediciones manuales, permita una diferencia de 1-2 cm de tama\u00f1o. <\/p>\n<p> Package Dimensions                                            \u200f                                            :                                            \u200e                                            22.2 x 18.6 x 7.2 cm; 136 g   <br \/> Date First Available                                            \u200f                                            :                                            \u200e                                            24 Jan. 2026   <br \/> Manufacturer                                            \u200f                                            :                                            \u200e                                            Gen\u00e9rico   <br \/> ASIN                                            \u200f                                            :                                            \u200e                                            B0GJJWP1X1   <br \/> Manufacturer reference                                            \u200f                                            :                                            \u200e                                            XVNVA5F52A7YOILMHPU   <br \/> Country of origin                                            \u200f                                            :                                            \u200e                                            China   <br \/> Guaranteed software updates until                                            \u200f                                            :                                            \u200e                                            unknown   <\/p>\n<p>Tecnolog\u00eda de enfoque autom\u00e1tico: aproveche los mecanismos de enfoque autom\u00e1tico de \u00faltima generaci\u00f3n para ofrecer im\u00e1genes v\u00edvidas y una precisi\u00f3n constante en el enfoque, ideal para atraer al p\u00fablico durante presentaciones din\u00e1micas en .<br \/>Claridad visual ininterrumpida: agilice sus llamadas sin desenfoque de movimiento y disfrute de videoconferencias fluidas, respaldadas por sensores de im\u00e1genes avanzados, que ofrecen una calidad ultra clara de 4K con una resoluci\u00f3n de 2160P<br \/>F\u00e1cil de aplicar: active las videollamadas instant\u00e1neamente a trav\u00e9s de una conexi\u00f3n directa USB sin necesidad de controladores, con un dise\u00f1o plug-and-play f\u00e1cil de usar que garantiza una funcionalidad completa en menos de segundos.<br \/>Ampliamente utilizado: las necesidades de transmisi\u00f3n en se satisfacen a trav\u00e9s de un campo de visi\u00f3n optimizado y una cobertura de gran angular, lo que brinda opciones confiables de visualizaci\u00f3n de m\u00faltiples escenas dise\u00f1adas para primeros planos de una sola y encuadres vers\u00e1tiles.<br \/>Filtrado de ruido ambiental: con tecnolog\u00eda de captura de voz direccional y filtrado de ruido ambiental, la matriz de micr\u00f3fono doble mejora la presencia al ofrecer audio con cancelaci\u00f3n de ruido de manera consistente<\/p>\n\n","protected":false},"excerpt":{"rendered":"<p> Product Description C\u00e1mara Web 4K Para PC Transforma tu configuraci\u00f3n de comunicaci\u00f3n con una c\u00e1mara<\/p>","protected":false},"featured_media":29791,"comment_status":"open","ping_status":"closed","template":"","meta":[],"product_brand":[],"product_cat":[52,54],"product_tag":[8665,1817,1822,4905,1819,1821,1816,1824,3970,5346,1823,4112,8663,3994,1825,5345,4022,8664,1820,8666,5585,844,8311,3954,1818,4822,133,2230,2241],"class_list":{"0":"post-29790","1":"product","2":"type-product","3":"status-publish","4":"has-post-thumbnail","6":"product_cat-2k-monitors","7":"product_cat-curved-monitors","8":"product_tag-120g","9":"product_tag-1440p-monitor","10":"product_tag-144hz-2k-monitor","11":"product_tag-2560x1440p","12":"product_tag-27-inch-2k-monitor","13":"product_tag-2k-gaming-monitor","14":"product_tag-2k-monitor","15":"product_tag-2k-monitor-price","16":"product_tag-30fps","17":"product_tag-automatico","18":"product_tag-best-2k-monitor","19":"product_tag-camara","20":"product_tag-camarra","21":"product_tag-con","22":"product_tag-curved-2k-monitor","23":"product_tag-enfoque","24":"product_tag-inalambrico","25":"product_tag-incorporado","26":"product_tag-ips-2k-monitor","27":"product_tag-llamadas","28":"product_tag-microfono","29":"product_tag-monitor","30":"product_tag-negocios","31":"product_tag-para","32":"product_tag-qhd-monitor","33":"product_tag-reuniones","34":"product_tag-usb","35":"product_tag-video","36":"product_tag-web","38":"first","39":"instock","40":"sale","41":"shipping-taxable","42":"product-type-external"},"_links":{"self":[{"href":"https:\/\/comprasyconsejos.store\/en\/wp-json\/wp\/v2\/product\/29790","targetHints":{"allow":["GET"]}}],"collection":[{"href":"https:\/\/comprasyconsejos.store\/en\/wp-json\/wp\/v2\/product"}],"about":[{"href":"https:\/\/comprasyconsejos.store\/en\/wp-json\/wp\/v2\/types\/product"}],"replies":[{"embeddable":true,"href":"https:\/\/comprasyconsejos.store\/en\/wp-json\/wp\/v2\/comments?post=29790"}],"version-history":[{"count":0,"href":"https:\/\/comprasyconsejos.store\/en\/wp-json\/wp\/v2\/product\/29790\/revisions"}],"wp:featuredmedia":[{"embeddable":true,"href":"https:\/\/comprasyconsejos.store\/en\/wp-json\/wp\/v2\/media\/29791"}],"wp:attachment":[{"href":"https:\/\/comprasyconsejos.store\/en\/wp-json\/wp\/v2\/media?parent=29790"}],"wp:term":[{"taxonomy":"product_brand","embeddable":true,"href":"https:\/\/comprasyconsejos.store\/en\/wp-json\/wp\/v2\/product_brand?post=29790"},{"taxonomy":"product_cat","embeddable":true,"href":"https:\/\/comprasyconsejos.store\/en\/wp-json\/wp\/v2\/product_cat?post=29790"},{"taxonomy":"product_tag","embeddable":true,"href":"https:\/\/comprasyconsejos.store\/en\/wp-json\/wp\/v2\/product_tag?post=29790"}],"curies":[{"name":"wp","href":"https:\/\/api.w.org\/{rel}","templated":true}]}}