{"id":29815,"date":"2026-02-22T01:08:03","date_gmt":"2026-02-22T01:08:03","guid":{"rendered":"https:\/\/comprasyconsejos.store\/product\/logitech-g-g335-wired-gaming-headset-mute-flip-up-microphone-3-5mm-audio-jack-memory-foam-earpads-pc-ps-xbox-nintendo-switch-switch-2-black\/"},"modified":"2026-02-22T01:08:16","modified_gmt":"2026-02-22T01:08:16","slug":"logitech-g-g335-wired-gaming-headset-mute-flip-up-microphone-3-5mm-audio-jack-memory-foam-earpads-pc-ps-xbox-nintendo-switch-switch-2-black","status":"publish","type":"product","link":"https:\/\/comprasyconsejos.store\/en\/product\/logitech-g-g335-wired-gaming-headset-mute-flip-up-microphone-3-5mm-audio-jack-memory-foam-earpads-pc-ps-xbox-nintendo-switch-switch-2-black\/","title":{"rendered":"Logitech G G335 Wired Gaming Headset Mute Flip-Up Microphone 3.5mm Audio Jack Memory Foam Earpads PC PS Xbox Nintendo Switch\/Switch 2 &#8211; Black"},"content":{"rendered":"<p>Price: <span style=\"color:#b12704\">\u20ac42.89<\/span><br \/><i><small>(as of Feb 22, 2026 01:08:03 UTC &#8211; <span class=\"wp_automatic_amazon_disclaimer\" title=\"Product prices and availability are accurate as of the date\/time indicated and are subject to change. Any price and availability information displayed on [relevant Amazon Site(s), as applicable] at the time of purchase will apply to the purchase of this product.\">Details<\/span>)<\/small><\/i><\/p>\n<p><a href=\"https:\/\/amazon.es\/dp\/B07W6J6TG5?tag=man008-21\"><img decoding=\"async\" src=\"https:\/\/valvepress.s3.amazonaws.com\/imgs\/buy_now.png\"><\/a><br \/>\n<\/p>\n<p>                                             From the manufacturer   <\/p>\n<p>                                                                                                       <img decoding=\"async\" alt=\"G335 \" src=\"https:\/\/images-na.ssl-images-amazon.com\/images\/G\/01\/x-locale\/common\/grey-pixel.gif\" class=\"a-lazy-loaded\" data-src=\"https:\/\/m.media-amazon.com\/images\/S\/aplus-media-library-service-media\/ca275462-cebc-41f6-ad2d-f59f0f660ac7.__CR0,0,1464,600_PT0_SX1464_V1___.jpg\"><img decoding=\"async\" alt=\"G335 \" src=\"https:\/\/m.media-amazon.com\/images\/S\/aplus-media-library-service-media\/ca275462-cebc-41f6-ad2d-f59f0f660ac7.__CR0,0,1464,600_PT0_SX1464_V1___.jpg\">                                               <\/p>\n<p>                                                                                                       <img decoding=\"async\" alt=\"G335 \" src=\"https:\/\/images-na.ssl-images-amazon.com\/images\/G\/01\/x-locale\/common\/grey-pixel.gif\" class=\"a-lazy-loaded\" data-src=\"https:\/\/m.media-amazon.com\/images\/S\/aplus-media-library-service-media\/e61dba54-015f-4ef0-a4a0-a38030dedad9.__CR0,0,1464,600_PT0_SX1464_V1___.jpg\"><img decoding=\"async\" alt=\"G335 \" src=\"https:\/\/m.media-amazon.com\/images\/S\/aplus-media-library-service-media\/e61dba54-015f-4ef0-a4a0-a38030dedad9.__CR0,0,1464,600_PT0_SX1464_V1___.jpg\">                                                                                    Te presentamos a los auriculares G335                                        <\/p>\n<p class=\"aplus-p2 aplus-module-2-description\"> Su audio de calidad para gaming y sus colores vibrantes y llamativos proporcionan una comodidad prolongada. Jugar ser\u00e1 un verdadero deleite gracias a su ligera diadema con cinta suave y ajustable y a sus almohadillas viscoel\u00e1sticas. Su sencilla tecnolog\u00eda plug. <\/p>\n<p>                                                                                              <img decoding=\"async\" alt=\"g335\" src=\"https:\/\/images-na.ssl-images-amazon.com\/images\/G\/01\/x-locale\/common\/grey-pixel.gif\" class=\"a-lazy-loaded\" data-src=\"https:\/\/m.media-amazon.com\/images\/S\/aplus-media-library-service-media\/12fbabe8-431b-4dc2-bba8-6513cadc077b.__CR0,0,300,225_PT0_SX300_V1___.jpg\"><img decoding=\"async\" alt=\"g335\" src=\"https:\/\/m.media-amazon.com\/images\/S\/aplus-media-library-service-media\/12fbabe8-431b-4dc2-bba8-6513cadc077b.__CR0,0,300,225_PT0_SX300_V1___.jpg\">                                            Comodidad y peso ligero                                         <\/p>\n<p class=\"aplus-p3\"> Apenas 240 gramos con una diadema con cinta suave y ajustable y almohadillas viscoel\u00e1sticas para una comodidad plena todo el d\u00eda. <\/p>\n<p>                                           <img decoding=\"async\" alt=\"G335 \" src=\"https:\/\/images-na.ssl-images-amazon.com\/images\/G\/01\/x-locale\/common\/grey-pixel.gif\" class=\"a-lazy-loaded\" data-src=\"https:\/\/m.media-amazon.com\/images\/S\/aplus-media-library-service-media\/9abd7a06-a401-4b54-b8eb-ea55e7926869.__CR0,0,300,225_PT0_SX300_V1___.jpg\"><img decoding=\"async\" alt=\"G335 \" src=\"https:\/\/m.media-amazon.com\/images\/S\/aplus-media-library-service-media\/9abd7a06-a401-4b54-b8eb-ea55e7926869.__CR0,0,300,225_PT0_SX300_V1___.jpg\">                                            F\u00e1ciles de usar                                         <\/p>\n<p class=\"aplus-p3\"> M\u00e9tete de lleno en el juego r\u00e1pidamente al conectar la toma de audio de 3,5 mm. El control giratorio del volumen se encuentra en el mismo auricular. <\/p>\n<p>                                           <img decoding=\"async\" alt=\"G335 \" src=\"https:\/\/images-na.ssl-images-amazon.com\/images\/G\/01\/x-locale\/common\/grey-pixel.gif\" class=\"a-lazy-loaded\" data-src=\"https:\/\/m.media-amazon.com\/images\/S\/aplus-media-library-service-media\/3fc03f20-2dd1-42dc-85a3-2643c0d96fb0.__CR0,0,300,225_PT0_SX300_V1___.jpg\"><img decoding=\"async\" alt=\"G335 \" src=\"https:\/\/m.media-amazon.com\/images\/S\/aplus-media-library-service-media\/3fc03f20-2dd1-42dc-85a3-2643c0d96fb0.__CR0,0,300,225_PT0_SX300_V1___.jpg\">                                            Comunicaci\u00f3n clara                                         <\/p>\n<p class=\"aplus-p3\"> Micr\u00f3fono volteable para silenciar r\u00e1pidamente. Certificaci\u00f3n Discord para una claridad de voz y audio garantizadas. <\/p>\n<p>                                           <img decoding=\"async\" alt=\"G335 \" src=\"https:\/\/images-na.ssl-images-amazon.com\/images\/G\/01\/x-locale\/common\/grey-pixel.gif\" class=\"a-lazy-loaded\" data-src=\"https:\/\/m.media-amazon.com\/images\/S\/aplus-media-library-service-media\/033a931c-585f-4c25-93bc-f4d42a75d8d9.__CR0,0,300,225_PT0_SX300_V1___.jpg\"><img decoding=\"async\" alt=\"G335 \" src=\"https:\/\/m.media-amazon.com\/images\/S\/aplus-media-library-service-media\/033a931c-585f-4c25-93bc-f4d42a75d8d9.__CR0,0,300,225_PT0_SX300_V1___.jpg\">                                            Varias de colores                                         <\/p>\n<p class=\"aplus-p3\"> Los G335 est\u00e1n disponible en varios colores, cada uno con una llamativa cinta reversible y almohadillas a juego. <\/p>\n<p>                                                                                                       <img decoding=\"async\" alt=\"G335 \" src=\"https:\/\/images-na.ssl-images-amazon.com\/images\/G\/01\/x-locale\/common\/grey-pixel.gif\" class=\"a-lazy-loaded\" data-src=\"https:\/\/m.media-amazon.com\/images\/S\/aplus-media-library-service-media\/3a320d23-f713-4942-8341-589960aee477.__CR0,0,1464,600_PT0_SX1464_V1___.jpg\"><img decoding=\"async\" alt=\"G335 \" src=\"https:\/\/m.media-amazon.com\/images\/S\/aplus-media-library-service-media\/3a320d23-f713-4942-8341-589960aee477.__CR0,0,1464,600_PT0_SX1464_V1___.jpg\">                                                 SIEMPRE LISTOS PARA JUGAR                                                                           <\/p>\n<p class=\"aplus-p2 aplus-module-2-description\"> Con\u00e9ctalos al juego en cuesti\u00f3n de segundos gracias a la toma de 3,5 mm y a su sencilla tecnolog\u00eda plug and play. Sube el volumen del juego o la m\u00fasica con su oportuno control giratorio situado en el auricular. Voltea el micr\u00f3fono hacia arriba para silenciarte de manera autom\u00e1tica. <\/p>\n<p>                                                                                                       <img decoding=\"async\" alt=\"g335\" src=\"https:\/\/images-na.ssl-images-amazon.com\/images\/G\/01\/x-locale\/common\/grey-pixel.gif\" class=\"a-lazy-loaded\" data-src=\"https:\/\/m.media-amazon.com\/images\/S\/aplus-media-library-service-media\/1666633a-9757-4b24-90bd-0929c82f39ba.__CR0,0,1464,600_PT0_SX1464_V1___.jpg\"><img decoding=\"async\" alt=\"g335\" src=\"https:\/\/m.media-amazon.com\/images\/S\/aplus-media-library-service-media\/1666633a-9757-4b24-90bd-0929c82f39ba.__CR0,0,1464,600_PT0_SX1464_V1___.jpg\">                                                 AJUSTAR. MARCHA ATR\u00c1S. JUEGA CON ESTILO.                                                                           <\/p>\n<p class=\"aplus-p2 aplus-module-2-description\"> La cinta de suspensi\u00f3n est\u00e1 dise\u00f1ada para distribuir el peso y lograr una comodidad duradera. La suave diadema el\u00e1stica no solo se amolda a tu cabeza, sino que tambi\u00e9n es ajustable, reversible y se puede reemplazar por otra, si deseas cambiar de estilo. Adem\u00e1s, se puede lavar. <\/p>\n<p>                                                                                     <img decoding=\"async\" alt=\"G305 LIGHTSPEED\" src=\"https:\/\/m.media-amazon.com\/images\/S\/aplus-media-library-service-media\/c614972e-962e-410f-bd3c-163b6308b340.__CR0,0,1464,600_PT0_SX1464_V1___.jpg\">                                                    Rat\u00f3n inal\u00e1mbrico G305 LIGHTSPEED para gaming                                         <\/p>\n<p class=\"aplus-p3\"> Rat\u00f3n inal\u00e1mbrico port\u00e1til disponible en varios colores y con una forma cl\u00e1sica para una comodidad duradera. <\/p>\n<p>                                                                                     <img decoding=\"async\" alt=\"G733 LIGHTSPEED\" src=\"https:\/\/m.media-amazon.com\/images\/S\/aplus-media-library-service-media\/3a191469-3bfc-4947-b7c1-21f0dd90a96c.__CR0,0,1464,600_PT0_SX1464_V1___.jpg\">                                                    Auriculares G733 con mic inal\u00e1mbricos LIGHTSPEED                                         <\/p>\n<p class=\"aplus-p3\"> Inal\u00e1mbricos, ligeros y c\u00f3modos, con dos capas de espuma viscoel\u00e1stica e iluminaci\u00f3n RGB LIGHTSYNC personalizable. <\/p>\n<p>                                                                                     <img decoding=\"async\" alt=\"G203 LIGHTSYNC \" src=\"https:\/\/m.media-amazon.com\/images\/S\/aplus-media-library-service-media\/500b14b1-6fdc-4724-9492-0c17a9434e91.__CR0,0,1464,600_PT0_SX1464_V1___.jpg\">                                                    Rat\u00f3n G203 LIGHTSYNC para gaming                                         <\/p>\n<p class=\"aplus-p3\"> Listo para jugar con un sensor para gaming de 8.000 dpi m\u00e1s efectos y colores de iluminaci\u00f3n RGB personalizables. <\/p>\n<p> Batteries                                            \u200f                                            :                                            \u200e                                            1 Lithium Ion batteries required.   <br \/> Language                                            \u200f                                            :                                            \u200e                                            English, English, English, English   <br \/> Product Dimensions                                            \u200f                                            :                                            \u200e                                            7.9 x 18 x 18.9 cm; 520 g   <br \/> Manufacturer                                            \u200f                                            :                                            \u200e                                            Logitech G   <br \/> ASIN                                            \u200f                                            :                                            \u200e                                            B07W6J6TG5   <br \/> Item model number                                            \u200f                                            :                                            \u200e                                            981-000978   <br \/> Country\/Region of Origin                                            \u200f                                            :                                            \u200e                                            China   <br \/> Guaranteed software updates until                                            \u200f                                            :                                            \u200e                                            unknown   <br \/>  Customer reviews:                                                                                            4.4               4.4 out of 5 stars                                  (6,388)                                              var dpAcrHasRegisteredArcLinkClickAction;                    P.when(&#8216;A&#8217;, &#8216;ready&#8217;).execute(function(A) {                        if (dpAcrHasRegisteredArcLinkClickAction !== true) {                            dpAcrHasRegisteredArcLinkClickAction = true;                            A.declarative(                                &#8216;acrLink-click-metrics&#8217;, &#8216;click&#8217;,                                { \u00aballowLinkDefault\u00bb: true },                                function (event) {                                    if (window.ue) {                                        ue.count(\u00abacrLinkClickCount\u00bb, (ue.count(\u00abacrLinkClickCount\u00bb) || 0) + 1);                                    }                                }                            );                        }                    });                                             P.when(&#8216;A&#8217;, &#8216;cf&#8217;).execute(function(A) {                A.declarative(&#8216;acrStarsLink-click-metrics&#8217;, &#8216;click&#8217;, { \u00aballowLinkDefault\u00bb : true },  function(event){                    if(window.ue) {                        ue.count(\u00abacrStarsLinkWithPopoverClickCount\u00bb, (ue.count(\u00abacrStarsLinkWithPopoverClickCount\u00bb) || 0) + 1);                    }                });            });                          <\/p>\n<p>LIGHTWEIGHT DESIGN &#8211; Weighing only 240g, the G335 is smaller and lighter than the G733. Featuring a suspension headband that helps distribute weight and is adjustable for a custom fit<br \/>COMFORT ALL DAY &#8211; Soft memory foam ear cushions and sports mesh material are comfortable and suitable for long time use. Take your game to another level and always in style!<br \/>Plug and Play: Immerse yourself in your game and simply connect with the 3.5mm jack. These colorful headphones are compatible with PCs, laptops, consoles and some mobile devices<br \/>Headset buttons: The volume wheel is located directly on the cup to start playing or playing your music. Rotate the microphone to put it silent or to turn it aside<br \/>QUALITY SOUND &#8211; With 40mm neodymium drivers, G335 computer gaming headset provides crystal clear stereo sound that makes your game come alive<br \/>With PC and Consoles &#8211; This gaming headset with microphone is compatible with PlayStation 5, PlayStation 4, Xbox One, Xbox Series X|S and Nintendo Switch\/Switch 2 with 3.5mm audio connection<br \/>VIVID COLORS &#8211; G335 helmets are available in multiple colors, each with its own reversible and washable elastic headband and corresponding memory foam ear pads<br \/>DISCORD CERTIFIED &#8211; These Logitech G wired headphones are Discord-certified for clear, crystal clear communication as well as quality sound and voice clarity<\/p>\n\n","protected":false},"excerpt":{"rendered":"<p> From the manufacturer Te presentamos a los auriculares G335 Su audio de calidad para gaming<\/p>","protected":false},"featured_media":29816,"comment_status":"open","ping_status":"closed","template":"","meta":[],"product_brand":[],"product_cat":[61],"product_tag":[546,547,307,1880,4852,4849,4480,8674,617,1881,1875,1883,711,1884,4851,748,511,1071,2629,2685,1878,1876,8675,1879,1882,750,1079,1877],"class_list":{"0":"post-29815","1":"product","2":"type-product","3":"status-publish","4":"has-post-thumbnail","6":"product_cat-games-entertainment","7":"product_tag-3-5mm","8":"product_tag-audio","9":"product_tag-black","10":"product_tag-console-games","11":"product_tag-earpads","12":"product_tag-flipup","13":"product_tag-foam","14":"product_tag-g335","15":"product_tag-gaming","16":"product_tag-gaming-accessories","17":"product_tag-gaming-consoles","18":"product_tag-gaming-controllers","19":"product_tag-headset","20":"product_tag-home-gaming-system","21":"product_tag-jack","22":"product_tag-logitech","23":"product_tag-memory","24":"product_tag-microphone","25":"product_tag-mute","26":"product_tag-nintendo","27":"product_tag-nintendo-console","28":"product_tag-playstation-console","29":"product_tag-switchswitch","30":"product_tag-video-games","31":"product_tag-vr-headset","32":"product_tag-wired","33":"product_tag-xbox","34":"product_tag-xbox-console","36":"first","37":"instock","38":"shipping-taxable","39":"product-type-external"},"_links":{"self":[{"href":"https:\/\/comprasyconsejos.store\/en\/wp-json\/wp\/v2\/product\/29815","targetHints":{"allow":["GET"]}}],"collection":[{"href":"https:\/\/comprasyconsejos.store\/en\/wp-json\/wp\/v2\/product"}],"about":[{"href":"https:\/\/comprasyconsejos.store\/en\/wp-json\/wp\/v2\/types\/product"}],"replies":[{"embeddable":true,"href":"https:\/\/comprasyconsejos.store\/en\/wp-json\/wp\/v2\/comments?post=29815"}],"version-history":[{"count":0,"href":"https:\/\/comprasyconsejos.store\/en\/wp-json\/wp\/v2\/product\/29815\/revisions"}],"wp:featuredmedia":[{"embeddable":true,"href":"https:\/\/comprasyconsejos.store\/en\/wp-json\/wp\/v2\/media\/29816"}],"wp:attachment":[{"href":"https:\/\/comprasyconsejos.store\/en\/wp-json\/wp\/v2\/media?parent=29815"}],"wp:term":[{"taxonomy":"product_brand","embeddable":true,"href":"https:\/\/comprasyconsejos.store\/en\/wp-json\/wp\/v2\/product_brand?post=29815"},{"taxonomy":"product_cat","embeddable":true,"href":"https:\/\/comprasyconsejos.store\/en\/wp-json\/wp\/v2\/product_cat?post=29815"},{"taxonomy":"product_tag","embeddable":true,"href":"https:\/\/comprasyconsejos.store\/en\/wp-json\/wp\/v2\/product_tag?post=29815"}],"curies":[{"name":"wp","href":"https:\/\/api.w.org\/{rel}","templated":true}]}}