{"id":29828,"date":"2026-02-22T01:29:39","date_gmt":"2026-02-22T01:29:39","guid":{"rendered":"https:\/\/comprasyconsejos.store\/product\/motorola-moto-g05-4gb-256gb-blue-spain-6-67-glossy-screen-50-mp-camera-system-ai-portrait-mode-soft-luxe-texture-corning-gorilla-glass-3-5200-mah-battery\/"},"modified":"2026-02-22T01:29:41","modified_gmt":"2026-02-22T01:29:41","slug":"motorola-moto-g05-4gb-256gb-blue-spain-6-67-glossy-screen-50-mp-camera-system-ai-portrait-mode-soft-luxe-texture-corning-gorilla-glass-3-5200-mah-battery","status":"publish","type":"product","link":"https:\/\/comprasyconsejos.store\/en\/product\/motorola-moto-g05-4gb-256gb-blue-spain-6-67-glossy-screen-50-mp-camera-system-ai-portrait-mode-soft-luxe-texture-corning-gorilla-glass-3-5200-mah-battery\/","title":{"rendered":"Motorola Moto g05 4GB\/256GB Blue, Spain, 6.67&#8243; Glossy Screen, 50 MP Camera System, AI Portrait Mode, Soft Luxe Texture, Corning Gorilla Glass 3, 5200 mAh Battery"},"content":{"rendered":"<p>Price: <span style=\"color:#b12704\"><del>\u20ac149.00<\/del> - \u20ac109.00<\/span><br \/><i><small>(as of Feb 22, 2026 01:29:39 UTC &#8211; <span class=\"wp_automatic_amazon_disclaimer\" title=\"Product prices and availability are accurate as of the date\/time indicated and are subject to change. Any price and availability information displayed on [relevant Amazon Site(s), as applicable] at the time of purchase will apply to the purchase of this product.\">Details<\/span>)<\/small><\/i><\/p>\n<p><a href=\"https:\/\/amazon.es\/dp\/B0F848SZBN?tag=man008-21\"><img decoding=\"async\" src=\"https:\/\/valvepress.s3.amazonaws.com\/imgs\/buy_now.png\"><\/a><br \/>\n<\/p>\n<p>                                             From the manufacturer   <\/p>\n<p>                                                                                                       <img decoding=\"async\" alt=\"moto g05\" src=\"https:\/\/images-na.ssl-images-amazon.com\/images\/G\/01\/x-locale\/common\/grey-pixel.gif\" class=\"a-lazy-loaded\" data-src=\"https:\/\/m.media-amazon.com\/images\/S\/aplus-media-library-service-media\/3b1a4f64-03eb-48ab-bda9-a83153e7e3d0.__CR0,0,1464,600_PT0_SX1464_V1___.jpg\"><img decoding=\"async\" alt=\"moto g05\" src=\"https:\/\/m.media-amazon.com\/images\/S\/aplus-media-library-service-media\/3b1a4f64-03eb-48ab-bda9-a83153e7e3d0.__CR0,0,1464,600_PT0_SX1464_V1___.jpg\">                                               <\/p>\n<p>                                                                                                       <img decoding=\"async\" alt=\"moto g05\" src=\"https:\/\/images-na.ssl-images-amazon.com\/images\/G\/01\/x-locale\/common\/grey-pixel.gif\" class=\"a-lazy-loaded\" data-src=\"https:\/\/m.media-amazon.com\/images\/S\/aplus-media-library-service-media\/3e1bf1ce-54fa-4081-a3f0-b0b00de55784.__CR0,0,1464,600_PT0_SX1464_V1___.jpg\"><img decoding=\"async\" alt=\"moto g05\" src=\"https:\/\/m.media-amazon.com\/images\/S\/aplus-media-library-service-media\/3e1bf1ce-54fa-4081-a3f0-b0b00de55784.__CR0,0,1464,600_PT0_SX1464_V1___.jpg\">                                               <\/p>\n<p>                                                                                                       <img decoding=\"async\" alt=\"moto g05\" src=\"https:\/\/images-na.ssl-images-amazon.com\/images\/G\/01\/x-locale\/common\/grey-pixel.gif\" class=\"a-lazy-loaded\" data-src=\"https:\/\/m.media-amazon.com\/images\/S\/aplus-media-library-service-media\/6d0f9983-a958-4599-8401-3c2e13f13470.__CR0,0,1464,600_PT0_SX1464_V1___.jpg\"><img decoding=\"async\" alt=\"moto g05\" src=\"https:\/\/m.media-amazon.com\/images\/S\/aplus-media-library-service-media\/6d0f9983-a958-4599-8401-3c2e13f13470.__CR0,0,1464,600_PT0_SX1464_V1___.jpg\">                                               <\/p>\n<p>                                                                                                                <img decoding=\"async\" alt=\"moto g05\" src=\"https:\/\/m.media-amazon.com\/images\/S\/aplus-media-library-service-media\/1ab62e76-33d8-41aa-ba69-422a441fef20.__CR0,0,1464,600_PT0_SX1464_V1___.jpg\">                                                    <img decoding=\"async\" alt=\"moto g05\" src=\"https:\/\/m.media-amazon.com\/images\/S\/aplus-media-library-service-media\/714fce29-c215-461c-ae21-a3d1339c4e41.__CR0,0,1464,600_PT0_SX1464_V1___.jpg\">                                                    <img decoding=\"async\" alt=\"moto g05\" src=\"https:\/\/m.media-amazon.com\/images\/S\/aplus-media-library-service-media\/d1711c6d-f779-45d5-8443-37f336d5c083.__CR0,0,1464,600_PT0_SX1464_V1___.jpg\"><br \/>\n                            1 C\u00e1mara principal de 50 MP <\/p>\n<p>                            2 Visi\u00f3n nocturna <\/p>\n<p>                            3 C\u00e1mara delantera <\/p>\n<p>                                                                                  <img decoding=\"async\" alt=\"moto g05\" src=\"https:\/\/m.media-amazon.com\/images\/S\/aplus-media-library-service-media\/c1b9e3d7-76a1-433b-82ab-825f0b957d48.__CR0,0,1464,600_PT0_SX1464_V1___.jpg\">       <\/p>\n<p>                                                                                  <img decoding=\"async\" alt=\"moto g05moto g05\" src=\"https:\/\/m.media-amazon.com\/images\/S\/aplus-media-library-service-media\/49d28be2-d42c-416c-873c-fabeefdcb5f9.__CR0,0,1464,600_PT0_SX1464_V1___.jpg\">       <\/p>\n<p>                                                                                  <img decoding=\"async\" alt=\"moto g05\" src=\"https:\/\/m.media-amazon.com\/images\/S\/aplus-media-library-service-media\/d02bf93c-2752-4d3d-a913-85945d10d8f9.__CR0,0,1464,600_PT0_SX1464_V1___.jpg\">       <\/p>\n<p>                                                                                                       <img decoding=\"async\" alt=\"moto g05\" src=\"https:\/\/images-na.ssl-images-amazon.com\/images\/G\/01\/x-locale\/common\/grey-pixel.gif\" class=\"a-lazy-loaded\" data-src=\"https:\/\/m.media-amazon.com\/images\/S\/aplus-media-library-service-media\/40cd2480-18f7-4fad-8d79-db2ed4d21d59.__CR0,0,1464,600_PT0_SX1464_V1___.jpg\"><img decoding=\"async\" alt=\"moto g05\" src=\"https:\/\/m.media-amazon.com\/images\/S\/aplus-media-library-service-media\/40cd2480-18f7-4fad-8d79-db2ed4d21d59.__CR0,0,1464,600_PT0_SX1464_V1___.jpg\">                                               <\/p>\n<p>                                                                                                       <img decoding=\"async\" alt=\"moto g05\" src=\"https:\/\/images-na.ssl-images-amazon.com\/images\/G\/01\/x-locale\/common\/grey-pixel.gif\" class=\"a-lazy-loaded\" data-src=\"https:\/\/m.media-amazon.com\/images\/S\/aplus-media-library-service-media\/7724e1cd-7146-4981-abb9-a975d64ee069.__CR0,0,1464,600_PT0_SX1464_V1___.jpg\"><img decoding=\"async\" alt=\"moto g05\" src=\"https:\/\/m.media-amazon.com\/images\/S\/aplus-media-library-service-media\/7724e1cd-7146-4981-abb9-a975d64ee069.__CR0,0,1464,600_PT0_SX1464_V1___.jpg\">                                               <\/p>\n<p> Package Dimensions                                            \u200f                                            :                                            \u200e                                            23.9 x 17.7 x 3.4 cm; 330 g   <br \/> Date First Available                                            \u200f                                            :                                            \u200e                                            9 May 2025   <br \/> Manufacturer                                            \u200f                                            :                                            \u200e                                            Motorola   <br \/> ASIN                                            \u200f                                            :                                            \u200e                                            B0F848SZBN   <br \/> Country of origin                                            \u200f                                            :                                            \u200e                                            China   <br \/>       Best Sellers Rank:  5,747 in Electronics (See Top 100 in Electronics)    551 in SIM-Free &#038; Unlocked Mobile Phones      <br \/>  Customer reviews:                                                                                            3.8               3.8 out of 5 stars                                  (20)                                              var dpAcrHasRegisteredArcLinkClickAction;                    P.when(&#8216;A&#8217;, &#8216;ready&#8217;).execute(function(A) {                        if (dpAcrHasRegisteredArcLinkClickAction !== true) {                            dpAcrHasRegisteredArcLinkClickAction = true;                            A.declarative(                                &#8216;acrLink-click-metrics&#8217;, &#8216;click&#8217;,                                { \u00aballowLinkDefault\u00bb: true },                                function (event) {                                    if (window.ue) {                                        ue.count(\u00abacrLinkClickCount\u00bb, (ue.count(\u00abacrLinkClickCount\u00bb) || 0) + 1);                                    }                                }                            );                        }                    });                                             P.when(&#8216;A&#8217;, &#8216;cf&#8217;).execute(function(A) {                A.declarative(&#8216;acrStarsLink-click-metrics&#8217;, &#8216;click&#8217;, { \u00aballowLinkDefault\u00bb : true },  function(event){                    if(window.ue) {                        ue.count(\u00abacrStarsLinkWithPopoverClickCount\u00bb, (ue.count(\u00abacrStarsLinkWithPopoverClickCount\u00bb) || 0) + 1);                    }                });            });                          <\/p>\n<p>Optimal bass and bright display; enjoy stereo speakers with bass boost that deliver stereo sound with 7x more bass and crisp outdoor visuals thanks to High Brightness mode (up to 1000 nits)<br \/>50MP camera system and AI Portrait mode; Capture crisp photos in full detail and the most vivid, natural portraits<br \/>Efficient performance with RAM Boost; do so many more tasks at once and enjoy 24GB of RAM available with Memory Expansion without affecting battery life<br \/>Design with quality materials; enjoy the look and feel of a design in vegan leather, water repellent and Corning Gorilla Glass 3<br \/>2-day battery life and TurboPower charging; gain autonomy with this high density and quality 5200mAh battery<\/p>\n\n","protected":false},"excerpt":{"rendered":"<p> From the manufacturer 1 C\u00e1mara principal de 50 MP 2 Visi\u00f3n nocturna 3 C\u00e1mara delantera<\/p>","protected":false},"featured_media":29829,"comment_status":"open","ping_status":"closed","template":"","meta":[],"product_brand":[],"product_cat":[100],"product_tag":[8677,1890,1891,292,1896,367,1893,681,8680,8676,1677,1297,8681,1892,1889,8678,2231,1888,738,448,2538,7837,842,1894,1895,1588,3085,6698,1578,8679],"class_list":{"0":"post-29828","1":"product","2":"type-product","3":"status-publish","4":"has-post-thumbnail","6":"product_cat-smartphones","7":"product_tag-4gb256gb","8":"product_tag-5g-smartphones","9":"product_tag-android-phones","10":"product_tag-battery","11":"product_tag-best-smartphones","12":"product_tag-blue","13":"product_tag-budget-smartphones","14":"product_tag-camera","15":"product_tag-corning","16":"product_tag-g05","17":"product_tag-glass","18":"product_tag-glossy","19":"product_tag-gorilla","20":"product_tag-iphone-smartphones","21":"product_tag-latest-smartphones","22":"product_tag-luxe","23":"product_tag-mah","24":"product_tag-mobile-phones","25":"product_tag-mode","26":"product_tag-moto","27":"product_tag-motorola","28":"product_tag-portrait","29":"product_tag-screen","30":"product_tag-smartphone-deals","31":"product_tag-smartphone-price","32":"product_tag-smartphones","33":"product_tag-soft","34":"product_tag-spain","35":"product_tag-system","36":"product_tag-texture","38":"first","39":"instock","40":"sale","41":"shipping-taxable","42":"product-type-external"},"_links":{"self":[{"href":"https:\/\/comprasyconsejos.store\/en\/wp-json\/wp\/v2\/product\/29828","targetHints":{"allow":["GET"]}}],"collection":[{"href":"https:\/\/comprasyconsejos.store\/en\/wp-json\/wp\/v2\/product"}],"about":[{"href":"https:\/\/comprasyconsejos.store\/en\/wp-json\/wp\/v2\/types\/product"}],"replies":[{"embeddable":true,"href":"https:\/\/comprasyconsejos.store\/en\/wp-json\/wp\/v2\/comments?post=29828"}],"version-history":[{"count":0,"href":"https:\/\/comprasyconsejos.store\/en\/wp-json\/wp\/v2\/product\/29828\/revisions"}],"wp:featuredmedia":[{"embeddable":true,"href":"https:\/\/comprasyconsejos.store\/en\/wp-json\/wp\/v2\/media\/29829"}],"wp:attachment":[{"href":"https:\/\/comprasyconsejos.store\/en\/wp-json\/wp\/v2\/media?parent=29828"}],"wp:term":[{"taxonomy":"product_brand","embeddable":true,"href":"https:\/\/comprasyconsejos.store\/en\/wp-json\/wp\/v2\/product_brand?post=29828"},{"taxonomy":"product_cat","embeddable":true,"href":"https:\/\/comprasyconsejos.store\/en\/wp-json\/wp\/v2\/product_cat?post=29828"},{"taxonomy":"product_tag","embeddable":true,"href":"https:\/\/comprasyconsejos.store\/en\/wp-json\/wp\/v2\/product_tag?post=29828"}],"curies":[{"name":"wp","href":"https:\/\/api.w.org\/{rel}","templated":true}]}}