{"id":29843,"date":"2026-02-22T01:52:25","date_gmt":"2026-02-22T01:52:25","guid":{"rendered":"https:\/\/comprasyconsejos.store\/product\/lexar-es3-ssd-externo-1tb-ssd-portatil-usb3-2-gen2-pssd-hasta-1-050mb-s-lectura-1-000mb-s-escritura-unidad-de-estado-solido-externa-compatible-con-iphone15-series-mac-ps5-xboxblue\/"},"modified":"2026-02-22T01:52:29","modified_gmt":"2026-02-22T01:52:29","slug":"lexar-es3-ssd-externo-1tb-ssd-portatil-usb3-2-gen2-pssd-hasta-1-050mb-s-lectura-1-000mb-s-escritura-unidad-de-estado-solido-externa-compatible-con-iphone15-series-mac-ps5-xboxblue","status":"publish","type":"product","link":"https:\/\/comprasyconsejos.store\/en\/product\/lexar-es3-ssd-externo-1tb-ssd-portatil-usb3-2-gen2-pssd-hasta-1-050mb-s-lectura-1-000mb-s-escritura-unidad-de-estado-solido-externa-compatible-con-iphone15-series-mac-ps5-xboxblue\/","title":{"rendered":"Lexar ES3 SSD Externo 1TB, SSD Port\u00e1til USB3.2 Gen2, PSSD hasta 1.050MB\/s Lectura, 1.000MB\/s Escritura, Unidad de Estado s\u00f3lido Externa Compatible con iPhone15 Series\/Mac\/PS5\/XBOX(blue)"},"content":{"rendered":"<p>Price: <span style=\"color:#b12704\">\u20ac129.99<\/span><br \/><i><small>(as of Feb 22, 2026 01:52:25 UTC &#8211; <span class=\"wp_automatic_amazon_disclaimer\" title=\"Product prices and availability are accurate as of the date\/time indicated and are subject to change. Any price and availability information displayed on [relevant Amazon Site(s), as applicable] at the time of purchase will apply to the purchase of this product.\">Details<\/span>)<\/small><\/i><\/p>\n<p><a href=\"https:\/\/amazon.es\/dp\/B0F37WWYY4?tag=man008-21\"><img decoding=\"async\" src=\"https:\/\/valvepress.s3.amazonaws.com\/imgs\/buy_now.png\"><\/a><br \/>\n<\/p>\n<p>                                             Product Description   <\/p>\n<p>                                                                                                       <img decoding=\"async\" alt=\"PSSD\" src=\"https:\/\/images-na.ssl-images-amazon.com\/images\/G\/01\/x-locale\/common\/grey-pixel.gif\" class=\"a-lazy-loaded\" data-src=\"https:\/\/m.media-amazon.com\/images\/S\/aplus-media-library-service-media\/66cb15ac-5f4e-4c06-a481-36033f86d0c0.__CR0,0,1464,600_PT0_SX1464_V1___.jpg\"><img decoding=\"async\" alt=\"PSSD\" src=\"https:\/\/m.media-amazon.com\/images\/S\/aplus-media-library-service-media\/66cb15ac-5f4e-4c06-a481-36033f86d0c0.__CR0,0,1464,600_PT0_SX1464_V1___.jpg\">                                               <\/p>\n<p>                                                                                                       <img decoding=\"async\" alt=\"sobre una superficie azul ondulada. Caracter\u00edsticas: velocidad de lectura de 1050 MB\/s, velocidad de escritura de 1000 MB\/s, cable USB-C y USB-A\" src=\"https:\/\/images-na.ssl-images-amazon.com\/images\/G\/01\/x-locale\/common\/grey-pixel.gif\" class=\"a-lazy-loaded\" data-src=\"https:\/\/m.media-amazon.com\/images\/S\/aplus-media-library-service-media\/a0c833b4-d757-489e-a9a6-34a43756bf34.__CR0,0,1464,600_PT0_SX1464_V1___.jpg\"><img decoding=\"async\" alt=\"sobre una superficie azul ondulada. Caracter\u00edsticas: velocidad de lectura de 1050 MB\/s, velocidad de escritura de 1000 MB\/s, cable USB-C y USB-A\" src=\"https:\/\/m.media-amazon.com\/images\/S\/aplus-media-library-service-media\/a0c833b4-d757-489e-a9a6-34a43756bf34.__CR0,0,1464,600_PT0_SX1464_V1___.jpg\">                                               <\/p>\n<p>                                                                                                       <img decoding=\"async\" alt=\"que muestra las funciones de las SSD port\u00e1tiles: 9,5 veces m\u00e1s r\u00e1pidas que las HDD, velocidades de lectura de 1050 MB\/s y escritura de 1000 MB\/s, resistencia a ca\u00eddas, mejor disipaci\u00f3n del calor y\" src=\"https:\/\/images-na.ssl-images-amazon.com\/images\/G\/01\/x-locale\/common\/grey-pixel.gif\" class=\"a-lazy-loaded\" data-src=\"https:\/\/m.media-amazon.com\/images\/S\/aplus-media-library-service-media\/7f8ee868-8ae2-4a6e-a9c4-5341956fe867.__CR0,0,1464,600_PT0_SX1464_V1___.jpg\"><img decoding=\"async\" alt=\"que muestra las funciones de las SSD port\u00e1tiles: 9,5 veces m\u00e1s r\u00e1pidas que las HDD, velocidades de lectura de 1050 MB\/s y escritura de 1000 MB\/s, resistencia a ca\u00eddas, mejor disipaci\u00f3n del calor y\" src=\"https:\/\/m.media-amazon.com\/images\/S\/aplus-media-library-service-media\/7f8ee868-8ae2-4a6e-a9c4-5341956fe867.__CR0,0,1464,600_PT0_SX1464_V1___.jpg\">                                               <\/p>\n<p>                                                                                                                  <img decoding=\"async\" alt=\"junto a un port\u00e1til, anunciado como 9,5 veces m\u00e1s r\u00e1pido que los HDD. El producto se muestra en azul y hace hincapi\u00e9 en velocidades de lectura de 1050 MB\/s y de escritura de 1000 MB\/s\" src=\"https:\/\/m.media-amazon.com\/images\/S\/aplus-media-library-service-media\/fd5b12b9-ab09-487d-99dc-2852e28e6145.__CR0,0,1464,600_PT0_SX1464_V1___.jpg\">                                                    <img decoding=\"async\" alt=\"PSSD\" src=\"https:\/\/m.media-amazon.com\/images\/S\/aplus-media-library-service-media\/e5902ddc-b201-47ca-aec9-148d404a8ae1.__CR0,0,1464,600_PT0_SX1464_V1___.jpg\">                                                      <img decoding=\"async\" alt=\"Vista ampliada de una computadora port\u00e1til o tableta azul, que muestra los componentes internos y las capas para mejorar la disipaci\u00f3n del calor. El texto en espa\u00f1ol describe la tecnolog\u00eda de refrigeraci\u00f3n mejorada\" src=\"https:\/\/m.media-amazon.com\/images\/S\/aplus-media-library-service-media\/4514f96d-02b8-4014-83ff-32df2f24379c.__CR0,0,1464,600_PT0_SX1464_V1___.jpg\">                                                    <img decoding=\"async\" alt=\"PSSD\" src=\"https:\/\/m.media-amazon.com\/images\/S\/aplus-media-library-service-media\/13e73f71-082d-4304-9a71-f40911ddf22d.__CR0,0,1464,600_PT0_SX1464_V1___.jpg\"><br \/>\n                            1 Alta Velocidad <\/p>\n<p>                            2 Muy Activo <\/p>\n<p>                            3 Disipaci\u00f3n de Calor <\/p>\n<p>                            4 Seguridad Ante Todo <\/p>\n<p>                                                                                                                <img decoding=\"async\" alt=\"Dispositivo electr\u00f3nico azul que salpica en el agua, lo que demuestra su resistencia al agua. El texto indica una resistencia a ca\u00eddas de hasta 2 metros para una mayor protecci\u00f3n\" src=\"https:\/\/m.media-amazon.com\/images\/S\/aplus-media-library-service-media\/610c7c9e-7c2f-4fd5-af44-47720e0512e9.__CR0,0,1464,600_PT0_SX1464_V1___.jpg\">                                                    <img decoding=\"async\" alt=\"con conector USB-A est\u00e1ndar en un extremo y conector USB-C en el otro, sobre una superficie azul reflectante\" src=\"https:\/\/m.media-amazon.com\/images\/S\/aplus-media-library-service-media\/34ede30a-9736-410d-af21-ea93ab0e60a6.__CR0,0,1464,600_PT0_SX1464_V1___.jpg\">                                                    <img decoding=\"async\" alt=\"PSSD\" src=\"https:\/\/m.media-amazon.com\/images\/S\/aplus-media-library-service-media\/422105ba-ed41-49bc-b4b6-29dbb8225430.__CR0,0,1464,600_PT0_SX1464_V1___.jpg\"><br \/>\n                            1 Duradero <\/p>\n<p>                            2 Cable Multipuerto <\/p>\n<p>                            3 Port\u00e1til <\/p>\n<p>                                             Disclaimer legal                                         <\/p>\n<p class=\"description\"> (1) Las velocidades se basan en pruebas internas. La velocidad real puede variar seg\u00fan el dispositivo host. <\/p>\n<p class=\"description\"> (2) El SSD port\u00e1til Lexar ES3 est\u00e1 calificado con resistencia a ca\u00eddas de 2 metros seg\u00fan pruebas internas realizadas en condiciones controladas. Las capacidades reales de resistencia al agua, polvo y ca\u00eddas pueden variar. <\/p>\n<p class=\"description\"> Lexar no se responsabiliza de ninguna p\u00e9rdida de datos o im\u00e1genes.La capacidad de memoria \u00fatil real puede variar. 1 GB equivale a 1 mil millones de bytes. <\/p>\n<h3 class=\"a-text-center aplus-h1 a-text-bold\">  Lexar Serie SSD Port\u00e1til <\/h3>\n<p>                         Add To Basket  <\/p>\n<p>                         Add To Basket  <\/p>\n<p>                         Add To Basket  <\/p>\n<p>                         Add To Basket  <\/p>\n<p>                         Add To Basket  <\/p>\n<p>                                     Customer Reviews  <\/p>\n<p>                    4.6 out of 5 stars  266  <\/p>\n<p>                    4.6 out of 5 stars  276  <\/p>\n<p>                    4.5 out of 5 stars  394  <\/p>\n<p>                    4.5 out of 5 stars  343  <\/p>\n<p>                    4.5 out of 5 stars  662  <\/p>\n<p>                    4.5 out of 5 stars  662  <\/p>\n<p>                                     Price  <\/p>\n<p>                                                        \u20ac129.99\u20ac129.99     <\/p>\n<p>                                                        \u20ac139.99\u20ac139.99     <\/p>\n<p>                                                        \u20ac219.99\u20ac219.99     <\/p>\n<p>                                                        \u20ac149.99\u20ac149.99     <\/p>\n<p>                                                        \u2014    <\/p>\n<p>                                                        \u20ac150.00\u20ac150.00     <\/p>\n<p>                                     Interfaz USB  <\/p>\n<p>                                                USB 3.2 Gen 2    <\/p>\n<p>                                                USB 3.2 Gen 2    <\/p>\n<p>                                                USB 3.2 Gen 2    <\/p>\n<p>                                                USB 3.2 Gen 2\u00d72    <\/p>\n<p>                                                USB 3.2 Gen 2\u00d72    <\/p>\n<p>                                                USB 3.2 Gen 2\u00d72    <\/p>\n<p>                                     Velocidad de lectura  <\/p>\n<p>                                                1050MB\/S    <\/p>\n<p>                                                1050MB\/S    <\/p>\n<p>                                                1050MB\/S    <\/p>\n<p>                                                2000MB\/S    <\/p>\n<p>                                                2000MB\/S    <\/p>\n<p>                                                2000MB\/S    <\/p>\n<p>                                     Velocidad de escritura  <\/p>\n<p>                                                1000MB\/S    <\/p>\n<p>                                                1000MB\/S    <\/p>\n<p>                                                1000MB\/S    <\/p>\n<p>                                                1800MB\/S    <\/p>\n<p>                                                1800MB\/S    <\/p>\n<p>                                                2000MB\/S    <\/p>\n<p>                                     Nivel de protecci\u00f3n  <\/p>\n<p>                                                2m de resistencia a ca\u00eddas    <\/p>\n<p>                                                2m de resistencia a ca\u00eddas    <\/p>\n<p>                                                PROTECCI\u00d3N IP65 (solo PSSD)    <\/p>\n<p>                                                2m de resistencia a ca\u00eddas    <\/p>\n<p>                                                2m de resistencia a ca\u00eddas    <\/p>\n<p>                                                IP66resistencia a ca\u00eddas de 3m    <\/p>\n<p>                                     Grabaci\u00f3n ProRes en iPhone  <\/p>\n<p>                                                    \u2718      <\/p>\n<p>                                                    \u2714       <\/p>\n<p>                                                    \u2714       <\/p>\n<p>                                                    \u2714       <\/p>\n<p>                                                    \u2714       <\/p>\n<p>                                                    \u2714       <\/p>\n<p>                                     Caracter\u00edstica especial  <\/p>\n<p>                                                Ligero, f\u00e1cil de transportar    <\/p>\n<p>                                                Magn\u00e9tico y port\u00e1til    <\/p>\n<p>                                                Multi-Function HUB    <\/p>\n<p>                                                Magn\u00e9tico y port\u00e1til, de metal    <\/p>\n<p>                                                Delgada y s\u00f3lida, Metal    <\/p>\n<p>                                                Polvo, agua y antica\u00eddas    <\/p>\n<p>                                     Peso  <\/p>\n<p>                                                45g    <\/p>\n<p>                                                95g    <\/p>\n<p>                                                36g    <\/p>\n<p>                                                95g    <\/p>\n<p>                                                43g    <\/p>\n<p>                                                80g    <\/p>\n<p> Product Dimensions                                            \u200f                                            :                                            \u200e                                            10.06 x 5 x 1.05 cm; 44 g   <br \/> Manufacturer                                            \u200f                                            :                                            \u200e                                            Lexar Co.,LTD   <br \/> ASIN                                            \u200f                                            :                                            \u200e                                            B0F37WWYY4   <br \/> Item model number                                            \u200f                                            :                                            \u200e                                            LES3XXX001T-RNLNG   <br \/> Country of origin                                            \u200f                                            :                                            \u200e                                            China   <br \/> Guaranteed software updates until                                            \u200f                                            :                                            \u200e                                            unknown   <br \/>  Customer reviews:                                                                                            4.6               4.6 out of 5 stars                                  (266)                                              var dpAcrHasRegisteredArcLinkClickAction;                    P.when(&#8216;A&#8217;, &#8216;ready&#8217;).execute(function(A) {                        if (dpAcrHasRegisteredArcLinkClickAction !== true) {                            dpAcrHasRegisteredArcLinkClickAction = true;                            A.declarative(                                &#8216;acrLink-click-metrics&#8217;, &#8216;click&#8217;,                                { \u00aballowLinkDefault\u00bb: true },                                function (event) {                                    if (window.ue) {                                        ue.count(\u00abacrLinkClickCount\u00bb, (ue.count(\u00abacrLinkClickCount\u00bb) || 0) + 1);                                    }                                }                            );                        }                    });                                             P.when(&#8216;A&#8217;, &#8216;cf&#8217;).execute(function(A) {                A.declarative(&#8216;acrStarsLink-click-metrics&#8217;, &#8216;click&#8217;, { \u00aballowLinkDefault\u00bb : true },  function(event){                    if(window.ue) {                        ue.count(\u00abacrStarsLinkWithPopoverClickCount\u00bb, (ue.count(\u00abacrStarsLinkWithPopoverClickCount\u00bb) || 0) + 1);                    }                });            });                          <\/p>\n<p>Transferencia de Datos de Alta Velocidad: el SSD externo ES3 de Lexar es compatible con USB 3.2 Gen 2 hasta 1.050 MB\/s de lectura y 1.000 MB\/s de escritura para transferir archivos r\u00e1pidamente y trabajar de manera m\u00e1s eficiente. (El rendimiento puede ser menor si no es compatible con USB 3.2 Gen 2 en Mac y otros sistemas)<br \/>Amplia Compatibilidad: el SSD port\u00e1til ES3 de Lexar es compatible con la serie iPhone 15 (no es compatible con iPhone 14 y modelos anteriores), dispositivos m\u00f3viles Android, computadoras port\u00e1tiles, c\u00e1maras, Xbox X|S, PS4, PS5, consolas de juegos y m\u00e1s.<br \/>On The Go: el dise\u00f1o de metal delgado, elegante y duradero del disco duro externo de estado s\u00f3lido ES3 de Lexar pesa 42 g y tiene solo 10,5 mm de grosor, lo que lo hace m\u00e1s peque\u00f1o que una tarjeta y cabe f\u00e1cilmente en su bolsillo. Viene con un cable tipo C para una comodidad plug-and-play.<br \/>La Seguridad de Los Datos es lo Primero: Lexar SSD ES3 incluye el software de cifrado AES de 256 bits Lexar DataShieldTM para proteger los archivos.<br \/>Nota: La funci\u00f3n Magsafe no est\u00e1 disponible en esta versi\u00f3n.<\/p>\n\n","protected":false},"excerpt":{"rendered":"<p> Product Description 1 Alta Velocidad 2 Muy Activo 3 Disipaci\u00f3n de Calor 4 Seguridad Ante<\/p>","protected":false},"featured_media":29844,"comment_status":"open","ping_status":"closed","template":"","meta":[],"product_brand":[],"product_cat":[81],"product_tag":[8687,8686,602,1455,1457,1468,201,3994,8684,4026,8688,4860,4302,1461,2796,4108,6647,4862,4374,1459,1452,1465,4217,8685,1463,8690,8689,513,1466,4864,696],"class_list":{"0":"post-29843","1":"product","2":"type-product","3":"status-publish","4":"has-post-thumbnail","6":"product_cat-ssd-drive","7":"product_tag-1-000mbs","8":"product_tag-1-050mbs","9":"product_tag-1tb","10":"product_tag-1tb-ssd","11":"product_tag-512gb-ssd","12":"product_tag-best-ssd","13":"product_tag-compatible","14":"product_tag-con","15":"product_tag-es3","16":"product_tag-escritura","17":"product_tag-estado","18":"product_tag-externa","19":"product_tag-externo","20":"product_tag-gaming-ssd","21":"product_tag-gen2","22":"product_tag-hasta","23":"product_tag-iphone15","24":"product_tag-lectura","25":"product_tag-lexar","26":"product_tag-m-2-ssd","27":"product_tag-nvme-ssd","28":"product_tag-portable-ssd","29":"product_tag-portatil","30":"product_tag-pssd","31":"product_tag-sata-ssd","32":"product_tag-seriesmacps5xboxblue","33":"product_tag-solido","34":"product_tag-ssd","35":"product_tag-ssd-price","36":"product_tag-unidad","37":"product_tag-usb3-2","39":"first","40":"instock","41":"shipping-taxable","42":"product-type-external"},"_links":{"self":[{"href":"https:\/\/comprasyconsejos.store\/en\/wp-json\/wp\/v2\/product\/29843","targetHints":{"allow":["GET"]}}],"collection":[{"href":"https:\/\/comprasyconsejos.store\/en\/wp-json\/wp\/v2\/product"}],"about":[{"href":"https:\/\/comprasyconsejos.store\/en\/wp-json\/wp\/v2\/types\/product"}],"replies":[{"embeddable":true,"href":"https:\/\/comprasyconsejos.store\/en\/wp-json\/wp\/v2\/comments?post=29843"}],"version-history":[{"count":0,"href":"https:\/\/comprasyconsejos.store\/en\/wp-json\/wp\/v2\/product\/29843\/revisions"}],"wp:featuredmedia":[{"embeddable":true,"href":"https:\/\/comprasyconsejos.store\/en\/wp-json\/wp\/v2\/media\/29844"}],"wp:attachment":[{"href":"https:\/\/comprasyconsejos.store\/en\/wp-json\/wp\/v2\/media?parent=29843"}],"wp:term":[{"taxonomy":"product_brand","embeddable":true,"href":"https:\/\/comprasyconsejos.store\/en\/wp-json\/wp\/v2\/product_brand?post=29843"},{"taxonomy":"product_cat","embeddable":true,"href":"https:\/\/comprasyconsejos.store\/en\/wp-json\/wp\/v2\/product_cat?post=29843"},{"taxonomy":"product_tag","embeddable":true,"href":"https:\/\/comprasyconsejos.store\/en\/wp-json\/wp\/v2\/product_tag?post=29843"}],"curies":[{"name":"wp","href":"https:\/\/api.w.org\/{rel}","templated":true}]}}