{"id":29850,"date":"2026-02-22T02:01:28","date_gmt":"2026-02-22T02:01:28","guid":{"rendered":"https:\/\/comprasyconsejos.store\/product\/be-quiet-tfx-power-3-300w-gold-mini-pc-power-supply-media-pc-80-plus-gold-dual-rail-12v-fan-80mm-pwm-pcie-gpu-low-noise-efficient\/"},"modified":"2026-02-22T02:01:29","modified_gmt":"2026-02-22T02:01:29","slug":"be-quiet-tfx-power-3-300w-gold-mini-pc-power-supply-media-pc-80-plus-gold-dual-rail-12v-fan-80mm-pwm-pcie-gpu-low-noise-efficient","status":"publish","type":"product","link":"https:\/\/comprasyconsejos.store\/en\/product\/be-quiet-tfx-power-3-300w-gold-mini-pc-power-supply-media-pc-80-plus-gold-dual-rail-12v-fan-80mm-pwm-pcie-gpu-low-noise-efficient\/","title":{"rendered":"be quiet! TFX Power 3 300W, Gold, Mini-PC Power Supply, Media-PC, 80 Plus Gold, Dual Rail 12V, Fan 80mm PWM, PCIe GPU, Low Noise, Efficient"},"content":{"rendered":"<p>Price: <span style=\"color:#b12704\">\u20ac79.34<\/span><br \/><i><small>(as of Feb 22, 2026 02:01:28 UTC &#8211; <span class=\"wp_automatic_amazon_disclaimer\" title=\"Product prices and availability are accurate as of the date\/time indicated and are subject to change. Any price and availability information displayed on [relevant Amazon Site(s), as applicable] at the time of purchase will apply to the purchase of this product.\">Details<\/span>)<\/small><\/i><\/p>\n<p><a href=\"https:\/\/amazon.es\/dp\/B0937HPKFT?tag=man008-21\"><img decoding=\"async\" src=\"https:\/\/valvepress.s3.amazonaws.com\/imgs\/buy_now.png\"><\/a><br \/>\n<\/p>\n<p>                                             Product Description   <\/p>\n<p>                                                                                                       <img decoding=\"async\" alt=\"aplus content image\" src=\"https:\/\/images-na.ssl-images-amazon.com\/images\/G\/01\/x-locale\/common\/grey-pixel.gif\" class=\"a-lazy-loaded\" data-src=\"https:\/\/m.media-amazon.com\/images\/S\/aplus-media-library-service-media\/8619edde-3321-4eea-806d-d6530e5f9fab.__CR718,0,1464,600_PT0_SX1464_V1___.jpg\"><img decoding=\"async\" alt=\"aplus content image\" src=\"https:\/\/m.media-amazon.com\/images\/S\/aplus-media-library-service-media\/8619edde-3321-4eea-806d-d6530e5f9fab.__CR718,0,1464,600_PT0_SX1464_V1___.jpg\">                                                 Eficiencia operativa muy alta                                             CERTIFICACI\u00d3N 80 PLUS GOLD                                        <\/p>\n<p class=\"aplus-p2 aplus-module-2-description\"> TFX Power 3 de 300 W Gold est\u00e1 certificada con 80 PLUS Gold y una calificaci\u00f3n de eficiencia de hasta el 91,7 %. Con esta magn\u00edfica eficiencia energ\u00e9tica, la TFX Power 3 de 300 W Gold garantiza un consumo bajo y, en consecuencia, unos menores costes. <\/p>\n<p>                                                                                                       <img decoding=\"async\" alt=\"aplus content image\" src=\"https:\/\/images-na.ssl-images-amazon.com\/images\/G\/01\/x-locale\/common\/grey-pixel.gif\" class=\"a-lazy-loaded\" data-src=\"https:\/\/m.media-amazon.com\/images\/S\/aplus-media-library-service-media\/0ab0fdb7-b762-41fa-9f75-40bb890edae5.__CR0,0,1464,600_PT0_SX1464_V1___.jpg\"><img decoding=\"async\" alt=\"aplus content image\" src=\"https:\/\/m.media-amazon.com\/images\/S\/aplus-media-library-service-media\/0ab0fdb7-b762-41fa-9f75-40bb890edae5.__CR0,0,1464,600_PT0_SX1464_V1___.jpg\">                                                 Para un funcionamiento estable                                             S\u00d3LIDOS CARRILES DUALES DE 12 V                                        <\/p>\n<p class=\"aplus-p2 aplus-module-2-description\"> El dise\u00f1o de carril dual de 12 V ofrece una alta estabilidad, ya que la CPU recibe su potencia a trav\u00e9s un carril independiente. Hay incluido un conector de PCIe para dispositivos perif\u00e9ricos exigentes, como una tarjeta gr\u00e1fica. <\/p>\n<p>                                                                                                       <img decoding=\"async\" alt=\"aplus content image\" src=\"https:\/\/images-na.ssl-images-amazon.com\/images\/G\/01\/x-locale\/common\/grey-pixel.gif\" class=\"a-lazy-loaded\" data-src=\"https:\/\/m.media-amazon.com\/images\/S\/aplus-media-library-service-media\/0a2721b9-6ec9-414a-921a-bb061f48dd02.__CR768,0,1464,600_PT0_SX1464_V1___.jpg\"><img decoding=\"async\" alt=\"aplus content image\" src=\"https:\/\/m.media-amazon.com\/images\/S\/aplus-media-library-service-media\/0a2721b9-6ec9-414a-921a-bb061f48dd02.__CR768,0,1464,600_PT0_SX1464_V1___.jpg\">                                                 SILENCIOSO Y SEGURO                                             Optimizado para un funcionamiento silencioso                                        <\/p>\n<p class=\"aplus-p2 aplus-module-2-description\"> Puesto que la TFX Power 3 de 300 W Gold cumple los requisitos de seguridad m\u00e1s recientes, sirve de defensa frente a las sobrecorrientes, los sobrevoltajes y los subvoltajes, los cortocircuitos, las sobrecargas y aver\u00edas similares. <\/p>\n<p> Product Dimensions                                            \u200f                                            :                                            \u200e                                            17.5 x 8.5 x 6.5 cm; 1.4 kg   <br \/> Manufacturer                                            \u200f                                            :                                            \u200e                                            be quiet!   <br \/> ASIN                                            \u200f                                            :                                            \u200e                                            B0937HPKFT   <br \/> Item model number                                            \u200f                                            :                                            \u200e                                            BN323   <br \/> Guaranteed software updates until                                            \u200f                                            :                                            \u200e                                            unknown   <br \/>  Customer reviews:                                                                                            4.4               4.4 out of 5 stars                                  (470)                                              var dpAcrHasRegisteredArcLinkClickAction;                    P.when(&#8216;A&#8217;, &#8216;ready&#8217;).execute(function(A) {                        if (dpAcrHasRegisteredArcLinkClickAction !== true) {                            dpAcrHasRegisteredArcLinkClickAction = true;                            A.declarative(                                &#8216;acrLink-click-metrics&#8217;, &#8216;click&#8217;,                                { \u00aballowLinkDefault\u00bb: true },                                function (event) {                                    if (window.ue) {                                        ue.count(\u00abacrLinkClickCount\u00bb, (ue.count(\u00abacrLinkClickCount\u00bb) || 0) + 1);                                    }                                }                            );                        }                    });                                             P.when(&#8216;A&#8217;, &#8216;cf&#8217;).execute(function(A) {                A.declarative(&#8216;acrStarsLink-click-metrics&#8217;, &#8216;click&#8217;, { \u00aballowLinkDefault\u00bb : true },  function(event){                    if(window.ue) {                        ue.count(\u00abacrStarsLinkWithPopoverClickCount\u00bb, (ue.count(\u00abacrStarsLinkWithPopoverClickCount\u00bb) || 0) + 1);                    }                });            });                          <\/p>\n<p>Compact and quiet source: Ideal for Mini-PCs and Media-PCs, efficient design with 80mm PWM fan, maximum noise level 21.7dB(A).<br \/>80 PLUS Gold certification: Efficiency up to 91.7%, energy saving and lower heat generation.<br \/>Dual-Rail 12V: Two independent 12V lines, one dedicated to the CPU, with PCIe included for powerful GPU.<br \/>300W stable power: Reliable power for compact systems with GPU support and peripherals.<br \/>Advanced safety: Over-current, over-voltage, short-circuit and overload protection; standby power <0.17W.\n\n<br \/><\/p>\n","protected":false},"excerpt":{"rendered":"<p> Product Description Eficiencia operativa muy alta CERTIFICACI\u00d3N 80 PLUS GOLD TFX Power 3 de 300<\/p>","protected":false},"featured_media":29851,"comment_status":"open","ping_status":"closed","template":"","meta":[],"product_brand":[],"product_cat":[79],"product_tag":[4381,2969,1488,1490,1495,4704,1499,1500,298,2643,910,1494,401,599,8693,8692,1492,933,1498,624,143,1485,824,2023,769,2571,1505,8691],"class_list":{"0":"post-29850","1":"product","2":"type-product","3":"status-publish","4":"has-post-thumbnail","6":"product_cat-pc-power-supply-unit","7":"product_tag-12v","8":"product_tag-300w","9":"product_tag-650w-psu","10":"product_tag-750w-psu","11":"product_tag-80-plus-gold-psu","12":"product_tag-80mm","13":"product_tag-best-psu","14":"product_tag-computer-power-unit","15":"product_tag-dual","16":"product_tag-efficient","17":"product_tag-fan","18":"product_tag-gaming-power-supply","19":"product_tag-gold","20":"product_tag-gpu","21":"product_tag-mediapc","22":"product_tag-minipc","23":"product_tag-modular-psu","24":"product_tag-noise","25":"product_tag-pc-power-supply-price","26":"product_tag-pcie","27":"product_tag-power","28":"product_tag-power-supply","29":"product_tag-psu","30":"product_tag-pwm","31":"product_tag-quiet","32":"product_tag-rail","33":"product_tag-supply","34":"product_tag-tfx","36":"first","37":"instock","38":"shipping-taxable","39":"product-type-external"},"_links":{"self":[{"href":"https:\/\/comprasyconsejos.store\/en\/wp-json\/wp\/v2\/product\/29850","targetHints":{"allow":["GET"]}}],"collection":[{"href":"https:\/\/comprasyconsejos.store\/en\/wp-json\/wp\/v2\/product"}],"about":[{"href":"https:\/\/comprasyconsejos.store\/en\/wp-json\/wp\/v2\/types\/product"}],"replies":[{"embeddable":true,"href":"https:\/\/comprasyconsejos.store\/en\/wp-json\/wp\/v2\/comments?post=29850"}],"version-history":[{"count":0,"href":"https:\/\/comprasyconsejos.store\/en\/wp-json\/wp\/v2\/product\/29850\/revisions"}],"wp:featuredmedia":[{"embeddable":true,"href":"https:\/\/comprasyconsejos.store\/en\/wp-json\/wp\/v2\/media\/29851"}],"wp:attachment":[{"href":"https:\/\/comprasyconsejos.store\/en\/wp-json\/wp\/v2\/media?parent=29850"}],"wp:term":[{"taxonomy":"product_brand","embeddable":true,"href":"https:\/\/comprasyconsejos.store\/en\/wp-json\/wp\/v2\/product_brand?post=29850"},{"taxonomy":"product_cat","embeddable":true,"href":"https:\/\/comprasyconsejos.store\/en\/wp-json\/wp\/v2\/product_cat?post=29850"},{"taxonomy":"product_tag","embeddable":true,"href":"https:\/\/comprasyconsejos.store\/en\/wp-json\/wp\/v2\/product_tag?post=29850"}],"curies":[{"name":"wp","href":"https:\/\/api.w.org\/{rel}","templated":true}]}}