{"id":29854,"date":"2026-02-22T02:17:20","date_gmt":"2026-02-22T02:17:20","guid":{"rendered":"https:\/\/comprasyconsejos.store\/product\/timetec-64gb-4x16gb-ddr4-2666mhz-ddr4-2666-pc4-21300-pc4-2666v-unbuffered-unbuffered-1-2v-cl19-2rx8-dual-range-260-pin-sodimm-laptop-pc-memory-ram-kit\/"},"modified":"2026-02-22T02:17:21","modified_gmt":"2026-02-22T02:17:21","slug":"timetec-64gb-4x16gb-ddr4-2666mhz-ddr4-2666-pc4-21300-pc4-2666v-unbuffered-unbuffered-1-2v-cl19-2rx8-dual-range-260-pin-sodimm-laptop-pc-memory-ram-kit","status":"publish","type":"product","link":"https:\/\/comprasyconsejos.store\/en\/product\/timetec-64gb-4x16gb-ddr4-2666mhz-ddr4-2666-pc4-21300-pc4-2666v-unbuffered-unbuffered-1-2v-cl19-2rx8-dual-range-260-pin-sodimm-laptop-pc-memory-ram-kit\/","title":{"rendered":"Timetec 64GB (4x16GB) DDR4 2666MHz (DDR4-2666) PC4-21300 (PC4-2666V) Unbuffered Unbuffered 1.2V CL19 2Rx8 Dual Range 260 Pin SODIMM Laptop PC Memory RAM Kit"},"content":{"rendered":"<p>Price: <span style=\"color:#b12704\">\u20ac408.99<\/span><br \/><i><small>(as of Feb 22, 2026 02:17:20 UTC &#8211; <span class=\"wp_automatic_amazon_disclaimer\" title=\"Product prices and availability are accurate as of the date\/time indicated and are subject to change. Any price and availability information displayed on [relevant Amazon Site(s), as applicable] at the time of purchase will apply to the purchase of this product.\">Details<\/span>)<\/small><\/i><\/p>\n<p><a href=\"https:\/\/amazon.es\/dp\/B0DB559Y1Z?tag=man008-21\"><img decoding=\"async\" src=\"https:\/\/valvepress.s3.amazonaws.com\/imgs\/buy_now.png\"><\/a><br \/>\n<\/p>\n<p>                                             Product Description   <\/p>\n<p>The video showcases the product in use.The video guides you through product setup.The video compares multiple products.The video shows the product being unpacked. Timetec DDR4 SODIMM Merchant video<\/p>\n<p class=\"aplus-description aplus-container-3 aplus-p1\"> El m\u00f3dulo Timetec DDR4 est\u00e1 optimizado para los \u00faltimos sistemas DDR4 y ofrece frecuencias m\u00e1s altas, mayor ancho de banda y menor consumo de energ\u00eda que los m\u00f3dulos DDR3. Se ha probado la compatibilidad en sistemas DDR4 para un rendimiento r\u00e1pido y confiable. <\/p>\n<p>                                                           Calidad premium                                          <\/p>\n<h3 class=\"aplus-h1 aplus-module-1-heading a-text-bold\"> Calidad asegurada, velocidad r\u00e1pida, alto rendimiento <\/h3>\n<p class=\"aplus-p2 aplus-module-1-description\">\n<p>Construido a partir de circuitos integrados de chips premium estrictamente seleccionadosAlto potencial de rendimiento para permitir una excelente estabilidad.Respaldado por el programa de reemplazo avanzado de TimetecDise\u00f1ado para funcionar incluso en los entornos m\u00e1s extremos.Probado rigurosamente para garantizar que cada m\u00f3dulo cumpla con nuestro estricto rendimiento                                            <img decoding=\"async\" alt=\"Timetec Premium Memory RAM para ordenadores, con embalaje azul y blanco con las especificaciones del producto visibles\" src=\"https:\/\/images-na.ssl-images-amazon.com\/images\/G\/01\/x-locale\/common\/grey-pixel.gif\" class=\"a-lazy-loaded\" data-src=\"https:\/\/m.media-amazon.com\/images\/S\/aplus-media-library-service-media\/12d2b2b3-55ce-424b-87a6-61f68c11698a.__CR0,313,2500,1875_PT0_SX800_V1___.png\"><img decoding=\"async\" alt=\"Timetec Premium Memory RAM para ordenadores, con embalaje azul y blanco con las especificaciones del producto visibles\" src=\"https:\/\/m.media-amazon.com\/images\/S\/aplus-media-library-service-media\/12d2b2b3-55ce-424b-87a6-61f68c11698a.__CR0,313,2500,1875_PT0_SX800_V1___.png\">          <\/p>\n<h3 class=\"a-size-extra-large a-spacing-base a-text-center\"> Specifications <\/h3>\n<p>                                                        Module Type                                    DDR4 Non-ECC Unbuffered SODIMM                                        Frequency                                    2133 \/ 2400 \/ 2666\/ 3200MHz                                        CAS Latency                                    2133 MHz &#8211; CL15-15-15-36 \/ 2400 MHz &#8211; CL16-16-16-39 \/ 2666 MHz &#8211; CL19-19-19-43 \/ 3200 MHz &#8211; CL22-22-22-52                                        Capacity                                    8GB \/ 16GB \/ 32GB                                        Voltage                                    1.2V                                        Pins                                    260 Pin                                        Demensions                                    67.6mm x 30mm                                        Rank                                    Dual                  <\/p>\n<h3 class=\"a-text-center aplus-h1 a-text-bold\"> Memoria SODIMM DDR4 de la serie PREMIUM de TIMETEC <\/h3>\n<p>                         Add To Basket  <\/p>\n<p>                         Add To Basket  <\/p>\n<p>                                     Customer Reviews  <\/p>\n<p>                    4.8 out of 5 stars  1,237  <\/p>\n<p>                    4.7 out of 5 stars  3,817  <\/p>\n<p>                    4.6 out of 5 stars  209  <\/p>\n<p>                    4.6 out of 5 stars  1,479  <\/p>\n<p>                                     Price  <\/p>\n<p>                                                        \u2014    <\/p>\n<p>                                                        \u2014    <\/p>\n<p>                                                        \u20ac208.99\u20ac208.99     <\/p>\n<p>                                                        \u20ac236.99\u20ac236.99     <\/p>\n<p>                                     Frequency  <\/p>\n<p>                                                2133MHz    <\/p>\n<p>                                                2400MHz    <\/p>\n<p>                                                2666MHz    <\/p>\n<p>                                                3200MHz    <\/p>\n<p>                                     CAS Latency  <\/p>\n<p>                                                CL15    <\/p>\n<p>                                                CL17    <\/p>\n<p>                                                CL19    <\/p>\n<p>                                                CL22    <\/p>\n<p>                                     Capacity  <\/p>\n<p>                                                4GB to 16GB    <\/p>\n<p>                                                4GB to 16GB    <\/p>\n<p>                                                4GB to 32GB    <\/p>\n<p>                                                8GB to 32GB    <\/p>\n<p>                                     Voltage  <\/p>\n<p>                                                1.2V    <\/p>\n<p>                                                1.2V    <\/p>\n<p>                                                1.2V    <\/p>\n<p>                                                1.2V    <\/p>\n<p>                                     Pins  <\/p>\n<p>                                                260 Pin    <\/p>\n<p>                                                260 Pin    <\/p>\n<p>                                                260 Pin    <\/p>\n<p>                                                260 Pin    <\/p>\n<p>                                                                                                       <img decoding=\"async\" alt=\"la mejor memoria ram para el pc\" src=\"https:\/\/images-na.ssl-images-amazon.com\/images\/G\/01\/x-locale\/common\/grey-pixel.gif\" class=\"a-lazy-loaded\" data-src=\"https:\/\/m.media-amazon.com\/images\/S\/aplus-media-library-service-media\/07862860-e7c6-484d-bc9e-a334eeec4876.__CR0,1,2525,1035_PT0_SX1464_V1___.jpg\"><img decoding=\"async\" alt=\"la mejor memoria ram para el pc\" src=\"https:\/\/m.media-amazon.com\/images\/S\/aplus-media-library-service-media\/07862860-e7c6-484d-bc9e-a334eeec4876.__CR0,1,2525,1035_PT0_SX1464_V1___.jpg\">                                                                                    Amplia compatibilidad                                        <\/p>\n<p class=\"aplus-p2 aplus-module-2-description\"> Dise\u00f1ado para una amplia compatibilidad de laptops, notebooks y computadoras todo en uno con capacidad DDR4. <\/p>\n<p>                                                                                                       <img decoding=\"async\" alt=\"La mano interact\u00faa con un teclado hologr\u00e1fico proyectado sobre un port\u00e1til, lo que demuestra una tecnolog\u00eda futurista de entrada sin contacto\" src=\"https:\/\/images-na.ssl-images-amazon.com\/images\/G\/01\/x-locale\/common\/grey-pixel.gif\" class=\"a-lazy-loaded\" data-src=\"https:\/\/m.media-amazon.com\/images\/S\/aplus-media-library-service-media\/096630f3-ae3b-438e-8f86-3fc520b2e8ab.__CR0,0,3660,1500_PT0_SX1464_V1___.jpg\"><img decoding=\"async\" alt=\"La mano interact\u00faa con un teclado hologr\u00e1fico proyectado sobre un port\u00e1til, lo que demuestra una tecnolog\u00eda futurista de entrada sin contacto\" src=\"https:\/\/m.media-amazon.com\/images\/S\/aplus-media-library-service-media\/096630f3-ae3b-438e-8f86-3fc520b2e8ab.__CR0,0,3660,1500_PT0_SX1464_V1___.jpg\">                                                                                    Acelerar el rendimiento                                        <\/p>\n<p class=\"aplus-p2 aplus-module-2-description\"> La memoria Timetec est\u00e1 dise\u00f1ada para ayudar a que el sistema de su computadora port\u00e1til funcione m\u00e1s r\u00e1pido y sin problemas. Permite que el sistema de su computadora port\u00e1til cargue programas m\u00e1s r\u00e1pido, aumente la capacidad de respuesta y ejecute programas con uso intensivo de datos con facilidad. <\/p>\n<p>                                                                                                       <img decoding=\"async\" alt=\"Similar a la imagen 6, que muestra gotas de agua o l\u00edquido capturadas en movimiento sobre un fondo oscuro con iluminaci\u00f3n azul.\" src=\"https:\/\/images-na.ssl-images-amazon.com\/images\/G\/01\/x-locale\/common\/grey-pixel.gif\" class=\"a-lazy-loaded\" data-src=\"https:\/\/m.media-amazon.com\/images\/S\/aplus-media-library-service-media\/fc37d726-7f8b-495f-8049-5df8367ab0ee.__CR479,0,4163,1706_PT0_SX1464_V1___.jpg\"><img decoding=\"async\" alt=\"Similar a la imagen 6, que muestra gotas de agua o l\u00edquido capturadas en movimiento sobre un fondo oscuro con iluminaci\u00f3n azul.\" src=\"https:\/\/m.media-amazon.com\/images\/S\/aplus-media-library-service-media\/fc37d726-7f8b-495f-8049-5df8367ab0ee.__CR479,0,4163,1706_PT0_SX1464_V1___.jpg\">                                                                                    Componentes de alta calidad y pruebas estrictas                                        <\/p>\n<p class=\"aplus-p2 aplus-module-2-description\"> Timetec ha seleccionado una matriz IC de alta calidad que se ha sometido a pruebas exhaustivas de compatibilidad y confiabilidad para garantizar una memoria que brinde estabilidad y compatibilidad. <\/p>\n<p> Package Dimensions                                            \u200f                                            :                                            \u200e                                            9.5 x 9.3 x 1.3 cm; 55 g   <br \/> Manufacturer                                            \u200f                                            :                                            \u200e                                            Timetec   <br \/> ASIN                                            \u200f                                            :                                            \u200e                                            B0DB559Y1Z   <br \/> Manufacturer reference                                            \u200f                                            :                                            \u200e                                            7   <br \/> Country\/Region of Origin                                            \u200f                                            :                                            \u200e                                            Taiwan   <br \/> Guaranteed software updates until                                            \u200f                                            :                                            \u200e                                            unknown   <br \/>  Customer reviews:                                                                                            4.7               4.7 out of 5 stars                                  (2,749)                                              var dpAcrHasRegisteredArcLinkClickAction;                    P.when(&#8216;A&#8217;, &#8216;ready&#8217;).execute(function(A) {                        if (dpAcrHasRegisteredArcLinkClickAction !== true) {                            dpAcrHasRegisteredArcLinkClickAction = true;                            A.declarative(                                &#8216;acrLink-click-metrics&#8217;, &#8216;click&#8217;,                                { \u00aballowLinkDefault\u00bb: true },                                function (event) {                                    if (window.ue) {                                        ue.count(\u00abacrLinkClickCount\u00bb, (ue.count(\u00abacrLinkClickCount\u00bb) || 0) + 1);                                    }                                }                            );                        }                    });                                             P.when(&#8216;A&#8217;, &#8216;cf&#8217;).execute(function(A) {                A.declarative(&#8216;acrStarsLink-click-metrics&#8217;, &#8216;click&#8217;, { \u00aballowLinkDefault\u00bb : true },  function(event){                    if(window.ue) {                        ue.count(\u00abacrStarsLinkWithPopoverClickCount\u00bb, (ue.count(\u00abacrStarsLinkWithPopoverClickCount\u00bb) || 0) + 1);                    }                });            });                          <\/p>\n<p>DDR4 2666MHz PC4-21300 260 Pin Unbuffered UnECC 1.2V CL19 Dual Rank 2Rx8 Based 1024&#215;8<br \/>Power supply: VDD=1.2V (1.14V to 1.26V) VDDQ = 1.2V (1.14V to 1.26V)<br \/>Module size: 64 GB. Package:4*16GB for laptop, not for desktop<br \/>For select DDR4 laptops, mini PCs, all in one<br \/>Lifetime warranty guaranteed from date of purchase and free US based technical support<\/p>\n\n","protected":false},"excerpt":{"rendered":"<p> Product Description The video showcases the product in use.The video guides you through product setup.The<\/p>","protected":false},"featured_media":29855,"comment_status":"open","ping_status":"closed","template":"","meta":[],"product_brand":[],"product_cat":[77],"product_tag":[1546,1480,1543,2791,1481,8694,568,5569,535,1478,8695,1479,1484,298,1482,1539,159,1483,511,5568,8696,1548,587,1487,1279,1486,1547,1724,1549],"class_list":{"0":"post-29854","1":"product","2":"type-product","3":"status-publish","4":"has-post-thumbnail","6":"product_cat-memory-ram","7":"product_tag-1-2v","8":"product_tag-16gb-ram","9":"product_tag-2666mhz","10":"product_tag-2rx8","11":"product_tag-32gb-ram","12":"product_tag-4x16gb","13":"product_tag-64gb","14":"product_tag-cl19","15":"product_tag-ddr4","16":"product_tag-ddr4-ram","17":"product_tag-ddr42666","18":"product_tag-ddr5-ram","19":"product_tag-desktop-ram","20":"product_tag-dual","21":"product_tag-gaming-ram","22":"product_tag-kit","23":"product_tag-laptop","24":"product_tag-laptop-ram","25":"product_tag-memory","26":"product_tag-pc421300","27":"product_tag-pc42666v","28":"product_tag-pin","29":"product_tag-ram","30":"product_tag-ram-price","31":"product_tag-range","32":"product_tag-rgb-ram","33":"product_tag-sodimm","34":"product_tag-timetec","35":"product_tag-unbuffered","37":"first","38":"instock","39":"shipping-taxable","40":"product-type-external"},"_links":{"self":[{"href":"https:\/\/comprasyconsejos.store\/en\/wp-json\/wp\/v2\/product\/29854","targetHints":{"allow":["GET"]}}],"collection":[{"href":"https:\/\/comprasyconsejos.store\/en\/wp-json\/wp\/v2\/product"}],"about":[{"href":"https:\/\/comprasyconsejos.store\/en\/wp-json\/wp\/v2\/types\/product"}],"replies":[{"embeddable":true,"href":"https:\/\/comprasyconsejos.store\/en\/wp-json\/wp\/v2\/comments?post=29854"}],"version-history":[{"count":0,"href":"https:\/\/comprasyconsejos.store\/en\/wp-json\/wp\/v2\/product\/29854\/revisions"}],"wp:featuredmedia":[{"embeddable":true,"href":"https:\/\/comprasyconsejos.store\/en\/wp-json\/wp\/v2\/media\/29855"}],"wp:attachment":[{"href":"https:\/\/comprasyconsejos.store\/en\/wp-json\/wp\/v2\/media?parent=29854"}],"wp:term":[{"taxonomy":"product_brand","embeddable":true,"href":"https:\/\/comprasyconsejos.store\/en\/wp-json\/wp\/v2\/product_brand?post=29854"},{"taxonomy":"product_cat","embeddable":true,"href":"https:\/\/comprasyconsejos.store\/en\/wp-json\/wp\/v2\/product_cat?post=29854"},{"taxonomy":"product_tag","embeddable":true,"href":"https:\/\/comprasyconsejos.store\/en\/wp-json\/wp\/v2\/product_tag?post=29854"}],"curies":[{"name":"wp","href":"https:\/\/api.w.org\/{rel}","templated":true}]}}