{"id":29864,"date":"2026-02-22T02:33:43","date_gmt":"2026-02-22T02:33:43","guid":{"rendered":"https:\/\/comprasyconsejos.store\/product\/gigabyte-carte-graphique-radeon-rx-7800-xt-gaming-oc-16g\/"},"modified":"2026-02-22T02:33:44","modified_gmt":"2026-02-22T02:33:44","slug":"gigabyte-carte-graphique-radeon-rx-7800-xt-gaming-oc-16g","status":"publish","type":"product","link":"https:\/\/comprasyconsejos.store\/en\/product\/gigabyte-carte-graphique-radeon-rx-7800-xt-gaming-oc-16g\/","title":{"rendered":"GIGABYTE &#8211; Carte Graphique &#8211; Radeon RX 7800 XT GAMING OC 16G"},"content":{"rendered":"<p>Price: <span style=\"color:#b12704\">\u20ac712.80<\/span><br \/><i><small>(as of Feb 22, 2026 02:33:43 UTC &#8211; <span class=\"wp_automatic_amazon_disclaimer\" title=\"Product prices and availability are accurate as of the date\/time indicated and are subject to change. Any price and availability information displayed on [relevant Amazon Site(s), as applicable] at the time of purchase will apply to the purchase of this product.\">Details<\/span>)<\/small><\/i><\/p>\n<p><a href=\"https:\/\/amazon.es\/dp\/B0CGRMJF6C?tag=man008-21\"><img decoding=\"async\" src=\"https:\/\/valvepress.s3.amazonaws.com\/imgs\/buy_now.png\"><\/a><br \/>\n<\/p>\n<p>                                             From the manufacturer   <\/p>\n<p>                                                  <img decoding=\"async\" alt=\"v\" src=\"https:\/\/images-na.ssl-images-amazon.com\/images\/G\/01\/x-locale\/common\/grey-pixel.gif\" class=\"a-lazy-loaded\" data-src=\"https:\/\/m.media-amazon.com\/images\/S\/aplus-media\/sota\/a0dd9809-4b67-41a6-80d4-5b4b1df1ff63.__CR0,86,1920,594_PT0_SX970_V1___.jpg\"><img decoding=\"async\" alt=\"v\" src=\"https:\/\/m.media-amazon.com\/images\/S\/aplus-media\/sota\/a0dd9809-4b67-41a6-80d4-5b4b1df1ff63.__CR0,86,1920,594_PT0_SX970_V1___.jpg\">  <\/p>\n<p>                                                  <img decoding=\"async\" alt=\"s\" src=\"https:\/\/images-na.ssl-images-amazon.com\/images\/G\/01\/x-locale\/common\/grey-pixel.gif\" class=\"a-lazy-loaded\" data-src=\"https:\/\/m.media-amazon.com\/images\/S\/aplus-media\/sota\/0442e483-0cf9-494e-abaf-594cbfeb81a8.__CR0,86,1920,594_PT0_SX970_V1___.jpg\"><img decoding=\"async\" alt=\"s\" src=\"https:\/\/m.media-amazon.com\/images\/S\/aplus-media\/sota\/0442e483-0cf9-494e-abaf-594cbfeb81a8.__CR0,86,1920,594_PT0_SX970_V1___.jpg\">  <\/p>\n<h3 class=\"a-spacing-small\">  GIGABYTE Techonology &#8211; Actualiza tu vida  <\/h3>\n<p class=\"apm-text-center\">\n                                                      <img decoding=\"async\" alt=\"g\" src=\"https:\/\/images-na.ssl-images-amazon.com\/images\/G\/01\/x-locale\/common\/grey-pixel.gif\" class=\"a-spacing-mini a-lazy-loaded\" data-src=\"https:\/\/m.media-amazon.com\/images\/S\/aplus-media\/sota\/7c4519d2-3b92-4c70-9ea0-c1c0c793a35c.__CR0,0,960,960_PT0_SX300_V1___.jpg\"><img decoding=\"async\" alt=\"g\" src=\"https:\/\/m.media-amazon.com\/images\/S\/aplus-media\/sota\/7c4519d2-3b92-4c70-9ea0-c1c0c793a35c.__CR0,0,960,960_PT0_SX300_V1___.jpg\">  <\/p>\n<p class=\"apm-text-center\">\n                                                      <img decoding=\"async\" alt=\"g\" src=\"https:\/\/images-na.ssl-images-amazon.com\/images\/G\/01\/x-locale\/common\/grey-pixel.gif\" class=\"a-spacing-mini a-lazy-loaded\" data-src=\"https:\/\/m.media-amazon.com\/images\/S\/aplus-media\/sota\/2d1cb87f-45dc-4501-924c-98ca86a855d7.__CR0,0,960,960_PT0_SX300_V1___.jpg\"><img decoding=\"async\" alt=\"g\" src=\"https:\/\/m.media-amazon.com\/images\/S\/aplus-media\/sota\/2d1cb87f-45dc-4501-924c-98ca86a855d7.__CR0,0,960,960_PT0_SX300_V1___.jpg\">  <\/p>\n<p class=\"apm-text-center\">\n                                                      <img decoding=\"async\" alt=\"g\" src=\"https:\/\/images-na.ssl-images-amazon.com\/images\/G\/01\/x-locale\/common\/grey-pixel.gif\" class=\"a-spacing-mini a-lazy-loaded\" data-src=\"https:\/\/m.media-amazon.com\/images\/S\/aplus-media\/sota\/1c461b2c-362d-461e-988e-74b3caba9eb4.__CR0,0,960,960_PT0_SX300_V1___.jpg\"><img decoding=\"async\" alt=\"g\" src=\"https:\/\/m.media-amazon.com\/images\/S\/aplus-media\/sota\/1c461b2c-362d-461e-988e-74b3caba9eb4.__CR0,0,960,960_PT0_SX300_V1___.jpg\">  <\/p>\n<p>                                                                             <img decoding=\"async\" alt=\"d\" src=\"https:\/\/images-na.ssl-images-amazon.com\/images\/G\/01\/x-locale\/common\/grey-pixel.gif\" class=\"a-spacing-base a-lazy-loaded\" data-src=\"https:\/\/m.media-amazon.com\/images\/S\/aplus-media\/sota\/bd7de5da-6f53-47ae-8c82-e8c6ef17b40c.__CR0,99,974,602_PT0_SX970_V1___.jpg\"><img decoding=\"async\" alt=\"d\" src=\"https:\/\/m.media-amazon.com\/images\/S\/aplus-media\/sota\/bd7de5da-6f53-47ae-8c82-e8c6ef17b40c.__CR0,99,974,602_PT0_SX970_V1___.jpg\">                                                                     <\/p>\n<p class=\"a-spacing-base\"> GIGABYTE ofrece una l\u00ednea completa de productos que tiene como objetivo \u00abMejorar su vida\u00bb. Con experiencia que abarca consumidores, negocios, juegos y sistemas en la nube, GIGABYTE estableci\u00f3 su reputaci\u00f3n como uno de los l\u00edderes en la industria con productos que incluyen placas base, tarjetas gr\u00e1ficas, computadoras port\u00e1tiles, mini PC y otros componentes y accesorios de PC. Como desarrollador perenne en soluciones y hardware de servidores y PC, GIGABYTE est\u00e1 preparado para ampliar nuestro alcance en servidores empresariales y sistemas en la nube con soluciones de hardware y software que integran aplicaciones AI y AloT para permitir a los clientes capturar, analizar y transformar informaci\u00f3n digital en datos, acelerando el \u00e9xito de las empresas desde el borde hasta la nube. <\/p>\n<p> Language                                            \u200f                                            :                                            \u200e                                            English   <br \/> Manufacturer                                            \u200f                                            :                                            \u200e                                            GIGABYTE   <br \/> ASIN                                            \u200f                                            :                                            \u200e                                            B0CGRMJF6C   <br \/> Item model number                                            \u200f                                            :                                            \u200e                                            GV-R78XTGAMING OC-16GD   <br \/> Guaranteed software updates until                                            \u200f                                            :                                            \u200e                                            unknown   <br \/>  Customer reviews:                                                                                            4.6               4.6 out of 5 stars                                  (779)                                              var dpAcrHasRegisteredArcLinkClickAction;                    P.when(&#8216;A&#8217;, &#8216;ready&#8217;).execute(function(A) {                        if (dpAcrHasRegisteredArcLinkClickAction !== true) {                            dpAcrHasRegisteredArcLinkClickAction = true;                            A.declarative(                                &#8216;acrLink-click-metrics&#8217;, &#8216;click&#8217;,                                { \u00aballowLinkDefault\u00bb: true },                                function (event) {                                    if (window.ue) {                                        ue.count(\u00abacrLinkClickCount\u00bb, (ue.count(\u00abacrLinkClickCount\u00bb) || 0) + 1);                                    }                                }                            );                        }                    });                                             P.when(&#8216;A&#8217;, &#8216;cf&#8217;).execute(function(A) {                A.declarative(&#8216;acrStarsLink-click-metrics&#8217;, &#8216;click&#8217;, { \u00aballowLinkDefault\u00bb : true },  function(event){                    if(window.ue) {                        ue.count(\u00abacrStarsLinkWithPopoverClickCount\u00bb, (ue.count(\u00abacrStarsLinkWithPopoverClickCount\u00bb) || 0) + 1);                    }                });            });                          <\/p>\n<p>Easy to use<br \/>Offers optimal and suitable result<br \/>Quality Material<\/p>\n\n","protected":false},"excerpt":{"rendered":"<p> From the manufacturer GIGABYTE Techonology &#8211; Actualiza tu vida GIGABYTE ofrece una l\u00ednea completa de<\/p>","protected":false},"featured_media":29865,"comment_status":"open","ping_status":"closed","template":"","meta":[],"product_brand":[],"product_cat":[75],"product_tag":[1285,1432,1427,1433,8698,617,1428,1581,599,1425,8699,1426,897,1429,1430,1431],"class_list":{"0":"post-29864","1":"product","2":"type-product","3":"status-publish","4":"has-post-thumbnail","6":"product_cat-graphics-cards","7":"product_tag-16g","8":"product_tag-8gb-graphics-card","9":"product_tag-amd-radeon-gpu","10":"product_tag-best-gpu","11":"product_tag-carte","12":"product_tag-gaming","13":"product_tag-gaming-graphics-card","14":"product_tag-gigabyte","15":"product_tag-gpu","16":"product_tag-graphics-card","17":"product_tag-graphique","18":"product_tag-nvidia-rtx-graphics-card","19":"product_tag-radeon","20":"product_tag-rtx-4060","21":"product_tag-rtx-4070","22":"product_tag-rtx-4080","24":"first","25":"instock","26":"shipping-taxable","27":"product-type-external"},"_links":{"self":[{"href":"https:\/\/comprasyconsejos.store\/en\/wp-json\/wp\/v2\/product\/29864","targetHints":{"allow":["GET"]}}],"collection":[{"href":"https:\/\/comprasyconsejos.store\/en\/wp-json\/wp\/v2\/product"}],"about":[{"href":"https:\/\/comprasyconsejos.store\/en\/wp-json\/wp\/v2\/types\/product"}],"replies":[{"embeddable":true,"href":"https:\/\/comprasyconsejos.store\/en\/wp-json\/wp\/v2\/comments?post=29864"}],"version-history":[{"count":0,"href":"https:\/\/comprasyconsejos.store\/en\/wp-json\/wp\/v2\/product\/29864\/revisions"}],"wp:featuredmedia":[{"embeddable":true,"href":"https:\/\/comprasyconsejos.store\/en\/wp-json\/wp\/v2\/media\/29865"}],"wp:attachment":[{"href":"https:\/\/comprasyconsejos.store\/en\/wp-json\/wp\/v2\/media?parent=29864"}],"wp:term":[{"taxonomy":"product_brand","embeddable":true,"href":"https:\/\/comprasyconsejos.store\/en\/wp-json\/wp\/v2\/product_brand?post=29864"},{"taxonomy":"product_cat","embeddable":true,"href":"https:\/\/comprasyconsejos.store\/en\/wp-json\/wp\/v2\/product_cat?post=29864"},{"taxonomy":"product_tag","embeddable":true,"href":"https:\/\/comprasyconsejos.store\/en\/wp-json\/wp\/v2\/product_tag?post=29864"}],"curies":[{"name":"wp","href":"https:\/\/api.w.org\/{rel}","templated":true}]}}