{"id":29883,"date":"2026-02-22T02:56:31","date_gmt":"2026-02-22T02:56:31","guid":{"rendered":"https:\/\/comprasyconsejos.store\/product\/inateck-barcode-reader-2-4ghz-wireless-laser-scanner-35m-range-automatic-fast-and-accurate-duration-in-use-180-days-bcst-60-bk\/"},"modified":"2026-02-22T02:56:34","modified_gmt":"2026-02-22T02:56:34","slug":"inateck-barcode-reader-2-4ghz-wireless-laser-scanner-35m-range-automatic-fast-and-accurate-duration-in-use-180-days-bcst-60-bk","status":"publish","type":"product","link":"https:\/\/comprasyconsejos.store\/en\/product\/inateck-barcode-reader-2-4ghz-wireless-laser-scanner-35m-range-automatic-fast-and-accurate-duration-in-use-180-days-bcst-60-bk\/","title":{"rendered":"Inateck Barcode Reader 2.4GHz Wireless Laser Scanner, 35m Range, Automatic, Fast and Accurate, Duration in Use 180 Days, BCST-60-BK"},"content":{"rendered":"<p>Price: <span style=\"color:#b12704\">\u20ac59.99<\/span><br \/><i><small>(as of Feb 22, 2026 02:56:31 UTC &#8211; <span class=\"wp_automatic_amazon_disclaimer\" title=\"Product prices and availability are accurate as of the date\/time indicated and are subject to change. Any price and availability information displayed on [relevant Amazon Site(s), as applicable] at the time of purchase will apply to the purchase of this product.\">Details<\/span>)<\/small><\/i><\/p>\n<p><a href=\"https:\/\/amazon.es\/dp\/B078LS3M99?tag=man008-21\"><img decoding=\"async\" src=\"https:\/\/valvepress.s3.amazonaws.com\/imgs\/buy_now.png\"><\/a><br \/>\n<\/p>\n<p>                                             From the brand   <\/p>\n<p>                                              <img decoding=\"async\" alt=\"Las zapatillas o botas deportivas se muestran sobre pedestales geom\u00e9tricos negros sobre un fondo oscuro con una iluminaci\u00f3n espectacular que crea sombras\" src=\"https:\/\/images-na.ssl-images-amazon.com\/images\/G\/01\/x-locale\/common\/grey-pixel.gif\" class=\"a-lazy-loaded\" data-src=\"https:\/\/m.media-amazon.com\/images\/S\/aplus-media-library-service-media\/84924633-c1b1-4303-bf9f-a3abd9a06881.__CR0,0,1464,625_PT0_SX1464_V1___.jpg\"><img decoding=\"async\" alt=\"Las zapatillas o botas deportivas se muestran sobre pedestales geom\u00e9tricos negros sobre un fondo oscuro con una iluminaci\u00f3n espectacular que crea sombras\" src=\"https:\/\/m.media-amazon.com\/images\/S\/aplus-media-library-service-media\/84924633-c1b1-4303-bf9f-a3abd9a06881.__CR0,0,1464,625_PT0_SX1464_V1___.jpg\">  <\/p>\n<p>                                              <img decoding=\"async\" alt=\"Texto en espa\u00f1ol que describe los esc\u00e1neres de c\u00f3digos de barras Inateck. Menciona la creaci\u00f3n en 2012, la mejora de la experiencia de usuario, el escaneo r\u00e1pido, la larga duraci\u00f3n de la bater\u00eda y el uso en varios sectores\" src=\"https:\/\/images-na.ssl-images-amazon.com\/images\/G\/01\/x-locale\/common\/grey-pixel.gif\" class=\"a-lazy-loaded\" data-src=\"https:\/\/m.media-amazon.com\/images\/S\/aplus-media-library-service-media\/d87917fd-03d7-4e5a-96be-cc64b0b7a1d7.__CR0,0,362,453_PT0_SX362_V1___.jpg\"><img decoding=\"async\" alt=\"Texto en espa\u00f1ol que describe los esc\u00e1neres de c\u00f3digos de barras Inateck. Menciona la creaci\u00f3n en 2012, la mejora de la experiencia de usuario, el escaneo r\u00e1pido, la larga duraci\u00f3n de la bater\u00eda y el uso en varios sectores\" src=\"https:\/\/m.media-amazon.com\/images\/S\/aplus-media-library-service-media\/d87917fd-03d7-4e5a-96be-cc64b0b7a1d7.__CR0,0,362,453_PT0_SX362_V1___.jpg\">  <\/p>\n<h3> Hyper Pro <\/h3>\n<h3> Hyper Ultra <\/h3>\n<h3> Hyper Lite <\/h3>\n<h3> Hyper Nano <\/h3>\n<p>                                              <img decoding=\"async\" alt=\"que muestra tres estad\u00edsticas: m\u00e1s de 50 millones de usuarios en todo el mundo, disponibilidad en m\u00e1s de 80 pa\u00edses y m\u00e1s de 10 a\u00f1os de excelencia tecnol\u00f3gica\" src=\"https:\/\/images-na.ssl-images-amazon.com\/images\/G\/01\/x-locale\/common\/grey-pixel.gif\" class=\"a-lazy-loaded\" data-src=\"https:\/\/m.media-amazon.com\/images\/S\/aplus-media-library-service-media\/76fb7129-5e99-4e74-a590-8eaeb6cc9756.__CR0,0,362,453_PT0_SX362_V1___.jpg\"><img decoding=\"async\" alt=\"que muestra tres estad\u00edsticas: m\u00e1s de 50 millones de usuarios en todo el mundo, disponibilidad en m\u00e1s de 80 pa\u00edses y m\u00e1s de 10 a\u00f1os de excelencia tecnol\u00f3gica\" src=\"https:\/\/m.media-amazon.com\/images\/S\/aplus-media-library-service-media\/76fb7129-5e99-4e74-a590-8eaeb6cc9756.__CR0,0,362,453_PT0_SX362_V1___.jpg\">  <\/p>\n<p>                                              <img decoding=\"async\" alt=\"Configuraci\u00f3n de espacio de trabajo profesional que muestra una computadora de escritorio con teclado inal\u00e1mbrico y un representante de servicio al cliente con auriculares.\" src=\"https:\/\/images-na.ssl-images-amazon.com\/images\/G\/01\/x-locale\/common\/grey-pixel.gif\" class=\"a-lazy-loaded\" data-src=\"https:\/\/m.media-amazon.com\/images\/S\/aplus-media-library-service-media\/9237d107-6302-40de-a335-8e9cac3892e9.__CR0,0,362,453_PT0_SX362_V1___.jpg\"><img decoding=\"async\" alt=\"Configuraci\u00f3n de espacio de trabajo profesional que muestra una computadora de escritorio con teclado inal\u00e1mbrico y un representante de servicio al cliente con auriculares.\" src=\"https:\/\/m.media-amazon.com\/images\/S\/aplus-media-library-service-media\/9237d107-6302-40de-a335-8e9cac3892e9.__CR0,0,362,453_PT0_SX362_V1___.jpg\">  <\/p>\n<p>                                              <img decoding=\"async\" alt=\"Entorno de oficina con personas que examinan un modelo 3D en la pantalla de la computadora. Escritorio con varios monitores y entorno de trabajo colaborativo.\" src=\"https:\/\/images-na.ssl-images-amazon.com\/images\/G\/01\/x-locale\/common\/grey-pixel.gif\" class=\"a-lazy-loaded\" data-src=\"https:\/\/m.media-amazon.com\/images\/S\/aplus-media-library-service-media\/31aa5d37-fe14-420f-b935-f7a1f4b9a039.__CR0,0,362,453_PT0_SX362_V1___.jpg\"><img decoding=\"async\" alt=\"Entorno de oficina con personas que examinan un modelo 3D en la pantalla de la computadora. Escritorio con varios monitores y entorno de trabajo colaborativo.\" src=\"https:\/\/m.media-amazon.com\/images\/S\/aplus-media-library-service-media\/31aa5d37-fe14-420f-b935-f7a1f4b9a039.__CR0,0,362,453_PT0_SX362_V1___.jpg\">  <\/p>\n<p> Batteries                                            \u200f                                            :                                            \u200e                                            1 Lithium Polymer batteries required. (included)   <br \/> Is discontinued by manufacturer                                            \u200f                                            :                                            \u200e                                            No   <br \/> Product Dimensions                                            \u200f                                            :                                            \u200e                                            9.09 x 6.81 x 16.46 cm; 199.58 g   <br \/> Manufacturer                                            \u200f                                            :                                            \u200e                                            Inateck   <br \/> ASIN                                            \u200f                                            :                                            \u200e                                            B078LS3M99   <br \/> Item model number                                            \u200f                                            :                                            \u200e                                            BCST-60NEW4-BK   <br \/> Guaranteed software updates until                                            \u200f                                            :                                            \u200e                                            unknown   <br \/>  Customer reviews:                                                                                            4.3               4.3 out of 5 stars                                  (1,514)                                              var dpAcrHasRegisteredArcLinkClickAction;                    P.when(&#8216;A&#8217;, &#8216;ready&#8217;).execute(function(A) {                        if (dpAcrHasRegisteredArcLinkClickAction !== true) {                            dpAcrHasRegisteredArcLinkClickAction = true;                            A.declarative(                                &#8216;acrLink-click-metrics&#8217;, &#8216;click&#8217;,                                { \u00aballowLinkDefault\u00bb: true },                                function (event) {                                    if (window.ue) {                                        ue.count(\u00abacrLinkClickCount\u00bb, (ue.count(\u00abacrLinkClickCount\u00bb) || 0) + 1);                                    }                                }                            );                        }                    });                                             P.when(&#8216;A&#8217;, &#8216;cf&#8217;).execute(function(A) {                A.declarative(&#8216;acrStarsLink-click-metrics&#8217;, &#8216;click&#8217;, { \u00aballowLinkDefault\u00bb : true },  function(event){                    if(window.ue) {                        ue.count(\u00abacrStarsLinkWithPopoverClickCount\u00bb, (ue.count(\u00abacrStarsLinkWithPopoverClickCount\u00bb) || 0) + 1);                    }                });            });                          <\/p>\n<p>READY TO USE &#8211; Easy to use with the 2.4GHz USB adapter. No additional programs needed. Compatible with Windows, Mac OS, Linux, Raspberry Pi, Android (with OTG) and more<br \/>More Accuracy: Scan different type 1D barcodes. It can recognize and load blurred, damaged or irregular codes. Good decoding capability for each application<br \/>Range up to 35 meters, battery life up to 180 days: the wireless transmission range reaches 35 meters, perfect for supermarkets, warehouses and other particularly large work environments. A full charge lasts up to 180 days and gets the job done faster and more efficiently!<br \/>360\u00b0 anti-shock design: all main components are protected by shockproof TPU material. The BCST-60 reader can work up after 1.8m high drops on concrete<br \/>Even more customizable: Provides more customizable options, including auto-read mode, character concealment, prefix\/suffix, and volume adjustment. For All Your Needs<\/p>\n\n","protected":false},"excerpt":{"rendered":"<p> From the brand Hyper Pro Hyper Ultra Hyper Lite Hyper Nano Batteries \u200f : \u200e<\/p>","protected":false},"featured_media":29884,"comment_status":"open","ping_status":"closed","template":"","meta":[],"product_brand":[],"product_cat":[47],"product_tag":[889,7854,6304,1963,3126,8704,1399,7855,7304,137,1411,6300,1413,1978,1407,1409,1415,1416,1417,1279,1421,840,1405,1403,226],"class_list":{"0":"post-29883","1":"product","2":"type-product","3":"status-publish","4":"has-post-thumbnail","6":"product_cat-card-readers","7":"product_tag-2-4ghz","8":"product_tag-35m","9":"product_tag-accurate","10":"product_tag-automatic","11":"product_tag-barcode","12":"product_tag-bcst60bk","13":"product_tag-card-reader","14":"product_tag-days","15":"product_tag-duration","16":"product_tag-fast","17":"product_tag-fast-card-reader","18":"product_tag-inateck","19":"product_tag-laptop-card-reader","20":"product_tag-laser","21":"product_tag-memory-card-reader","22":"product_tag-micro-sd-card-reader","23":"product_tag-multi-card-reader","24":"product_tag-otg-card-reader","25":"product_tag-portable-card-reader","26":"product_tag-range","27":"product_tag-reader","28":"product_tag-scanner","29":"product_tag-sd-card-reader","30":"product_tag-usb-card-reader","31":"product_tag-wireless","33":"first","34":"instock","35":"shipping-taxable","36":"product-type-external"},"_links":{"self":[{"href":"https:\/\/comprasyconsejos.store\/en\/wp-json\/wp\/v2\/product\/29883","targetHints":{"allow":["GET"]}}],"collection":[{"href":"https:\/\/comprasyconsejos.store\/en\/wp-json\/wp\/v2\/product"}],"about":[{"href":"https:\/\/comprasyconsejos.store\/en\/wp-json\/wp\/v2\/types\/product"}],"replies":[{"embeddable":true,"href":"https:\/\/comprasyconsejos.store\/en\/wp-json\/wp\/v2\/comments?post=29883"}],"version-history":[{"count":0,"href":"https:\/\/comprasyconsejos.store\/en\/wp-json\/wp\/v2\/product\/29883\/revisions"}],"wp:featuredmedia":[{"embeddable":true,"href":"https:\/\/comprasyconsejos.store\/en\/wp-json\/wp\/v2\/media\/29884"}],"wp:attachment":[{"href":"https:\/\/comprasyconsejos.store\/en\/wp-json\/wp\/v2\/media?parent=29883"}],"wp:term":[{"taxonomy":"product_brand","embeddable":true,"href":"https:\/\/comprasyconsejos.store\/en\/wp-json\/wp\/v2\/product_brand?post=29883"},{"taxonomy":"product_cat","embeddable":true,"href":"https:\/\/comprasyconsejos.store\/en\/wp-json\/wp\/v2\/product_cat?post=29883"},{"taxonomy":"product_tag","embeddable":true,"href":"https:\/\/comprasyconsejos.store\/en\/wp-json\/wp\/v2\/product_tag?post=29883"}],"curies":[{"name":"wp","href":"https:\/\/api.w.org\/{rel}","templated":true}]}}