{"id":29889,"date":"2026-02-22T03:03:37","date_gmt":"2026-02-22T03:03:37","guid":{"rendered":"https:\/\/comprasyconsejos.store\/product\/the-g-lab-korp-thallium-gaming-headset-usb-7-1-digital-surround-noise-cancelling-microphone-rgb-led-compatible-with-pc-ps4-ps5-black\/"},"modified":"2026-02-22T03:03:41","modified_gmt":"2026-02-22T03:03:41","slug":"the-g-lab-korp-thallium-gaming-headset-usb-7-1-digital-surround-noise-cancelling-microphone-rgb-led-compatible-with-pc-ps4-ps5-black","status":"publish","type":"product","link":"https:\/\/comprasyconsejos.store\/en\/product\/the-g-lab-korp-thallium-gaming-headset-usb-7-1-digital-surround-noise-cancelling-microphone-rgb-led-compatible-with-pc-ps4-ps5-black\/","title":{"rendered":"The G-Lab Korp Thallium Gaming Headset \u2013 USB 7.1 Digital Surround, Noise Cancelling Microphone, RGB LED \u2013 Compatible with PC PS4, PS5, Black"},"content":{"rendered":"<p>Price: <span style=\"color:#b12704\"><del>\u20ac49.99<\/del> - \u20ac57.13<\/span><br \/><i><small>(as of Feb 22, 2026 03:03:37 UTC &#8211; <span class=\"wp_automatic_amazon_disclaimer\" title=\"Product prices and availability are accurate as of the date\/time indicated and are subject to change. Any price and availability information displayed on [relevant Amazon Site(s), as applicable] at the time of purchase will apply to the purchase of this product.\">Details<\/span>)<\/small><\/i><\/p>\n<p><a href=\"https:\/\/amazon.es\/dp\/B07X36RLVS?tag=man008-21\"><img decoding=\"async\" src=\"https:\/\/valvepress.s3.amazonaws.com\/imgs\/buy_now.png\"><\/a><br \/>\n<\/p>\n<p>                                             From the brand   <\/p>\n<p>                                              <img decoding=\"async\" alt=\"Configuraci\u00f3n profesional de producci\u00f3n de audio o v\u00eddeo con m\u00faltiples pantallas, botones coloridos y texto superpuesto \u00abTHE G-LAB\u00bb.\" src=\"https:\/\/images-na.ssl-images-amazon.com\/images\/G\/01\/x-locale\/common\/grey-pixel.gif\" class=\"a-lazy-loaded\" data-src=\"https:\/\/m.media-amazon.com\/images\/S\/aplus-media-library-service-media\/f276f4da-c499-4b0d-8383-fbbdb0e04daf.__CR0,0,1464,625_PT0_SX1464_V1___.png\"><img decoding=\"async\" alt=\"Configuraci\u00f3n profesional de producci\u00f3n de audio o v\u00eddeo con m\u00faltiples pantallas, botones coloridos y texto superpuesto \u00abTHE G-LAB\u00bb.\" src=\"https:\/\/m.media-amazon.com\/images\/S\/aplus-media-library-service-media\/f276f4da-c499-4b0d-8383-fbbdb0e04daf.__CR0,0,1464,625_PT0_SX1464_V1___.png\">  <\/p>\n<p>                                              <img decoding=\"async\" alt=\"\" src=\"https:\/\/images-na.ssl-images-amazon.com\/images\/G\/01\/x-locale\/common\/grey-pixel.gif\" class=\"a-lazy-loaded\" data-src=\"https:\/\/m.media-amazon.com\/images\/S\/aplus-media-library-service-media\/f276f4da-c499-4b0d-8383-fbbdb0e04daf.__CR106,0,1358,625_PT0_SX315_V1___.png\"><img decoding=\"async\" alt=\"\" src=\"https:\/\/m.media-amazon.com\/images\/S\/aplus-media-library-service-media\/f276f4da-c499-4b0d-8383-fbbdb0e04daf.__CR106,0,1358,625_PT0_SX315_V1___.png\">  <\/p>\n<p> Desde 2016, G-Lab se ha especializado en el dise\u00f1o de equipos de juegos de alta calidad. La marca est\u00e1 dedicada a la innovaci\u00f3n, integrando constantemente tecnolog\u00edas avanzadas para satisfacer las demandas de jugadores de todos los niveles, desde casuales hasta semiprofesionales. Cada producto lleva el nombre de un elemento de la tabla peri\u00f3dica, que simboliza los dispositivos de juego como componentes esenciales para una experiencia de juego \u00f3ptima. <\/p>\n<h3> G-LAB: ENTER THE GAME <\/h3>\n<p class=\"apm-brand-story-stores-link\">\n<p> Batteries                                            \u200f                                            :                                            \u200e                                            1 Lithium Ion batteries required.   <br \/> Language                                            \u200f                                            :                                            \u200e                                            English, English, English, English, English   <br \/> Product Dimensions                                            \u200f                                            :                                            \u200e                                            12 x 23 x 26 cm; 400 g   <br \/> Manufacturer                                            \u200f                                            :                                            \u200e                                            AXs   <br \/> ASIN                                            \u200f                                            :                                            \u200e                                            B07X36RLVS   <br \/> Item model number                                            \u200f                                            :                                            \u200e                                            GL-KORP-THALLIUM   <br \/> Country of origin                                            \u200f                                            :                                            \u200e                                            China   <br \/> Guaranteed software updates until                                            \u200f                                            :                                            \u200e                                            unknown   <br \/>  Customer reviews:                                                                                            4.3               4.3 out of 5 stars                                  (2,297)                                              var dpAcrHasRegisteredArcLinkClickAction;                    P.when(&#8216;A&#8217;, &#8216;ready&#8217;).execute(function(A) {                        if (dpAcrHasRegisteredArcLinkClickAction !== true) {                            dpAcrHasRegisteredArcLinkClickAction = true;                            A.declarative(                                &#8216;acrLink-click-metrics&#8217;, &#8216;click&#8217;,                                { \u00aballowLinkDefault\u00bb: true },                                function (event) {                                    if (window.ue) {                                        ue.count(\u00abacrLinkClickCount\u00bb, (ue.count(\u00abacrLinkClickCount\u00bb) || 0) + 1);                                    }                                }                            );                        }                    });                                             P.when(&#8216;A&#8217;, &#8216;cf&#8217;).execute(function(A) {                A.declarative(&#8216;acrStarsLink-click-metrics&#8217;, &#8216;click&#8217;, { \u00aballowLinkDefault\u00bb : true },  function(event){                    if(window.ue) {                        ue.count(\u00abacrStarsLinkWithPopoverClickCount\u00bb, (ue.count(\u00abacrStarsLinkWithPopoverClickCount\u00bb) || 0) + 1);                    }                });            });                          <\/p>\n<p>Immersive Sound 7. 1 surround + high quality audio; with 7 digital surround sound technology. 1, Korp thallium immerses you in total immersion in the heart of the action for an enhanced gaming experience; Equipped with exceptional sound quality and powerful bass, these gaming headsets deliver true 3D sound that will let you hear all sounds at 360o; you&#8217;ll always have the edge over your opponents in games like Fortnite League of Legends, Apex or Overwatch<br \/>High quality microphone with noise reduction; with its active noise reduction technology, the Korp thallium microphone filters out surrounding noises and focuses solely on your voice; the result a perfectly clear rendering for better communication in the game; your allies will never complain about the quality of your microphone; the remote control allows you to do everything increase or decrease the volume sound, microphone or turn on the backlight<br \/>Design and lightweight; With memory foam ear pads, this gaming headset offers maximum comfort even for your longest gaming sessions; korp thallium weighs only 315g; Perfectly covers your ears for total isolation (closed helmet); you will never be disturbed by the noises of your environment; In addition to its sleek design, you&#8217;ll appreciate the fixed rgb backlight present on the sides of the helmet<br \/>100% customizable + cross-platform compatibility; thanks to our windows software, you&#8217;ll be able to customize audio equalizer settings, microphone effects, volume and sound specialization for optimal communication; experience all the power of 7. 1 surround and adjust the sound source to more accurately hear all sounds in play; korp thallium is compatible with pc, ps4, and mac; plug it in and work instantly<br \/>We are committed to testing all of our products to ensure the best possible quality<\/p>\n\n","protected":false},"excerpt":{"rendered":"<p> From the brand Desde 2016, G-Lab se ha especializado en el dise\u00f1o de equipos de<\/p>","protected":false},"featured_media":29890,"comment_status":"open","ping_status":"closed","template":"","meta":[],"product_brand":[],"product_cat":[48],"product_tag":[720,307,714,934,201,1865,617,712,5456,711,717,8705,428,1071,933,715,719,716,1525,2469,885,718,868,8706,133,713],"class_list":{"0":"post-29889","1":"product","2":"type-product","3":"status-publish","4":"has-post-thumbnail","6":"product_cat-headsets","7":"product_tag-best-headset","8":"product_tag-black","9":"product_tag-bluetooth-headset","10":"product_tag-cancelling","11":"product_tag-compatible","12":"product_tag-digital","13":"product_tag-gaming","14":"product_tag-gaming-headset","15":"product_tag-glab","16":"product_tag-headset","17":"product_tag-headset-with-mic","18":"product_tag-korp","19":"product_tag-led","20":"product_tag-microphone","21":"product_tag-noise","22":"product_tag-noise-cancelling-headset","23":"product_tag-over-ear-headset","24":"product_tag-pc-headset","25":"product_tag-ps4","26":"product_tag-ps5","27":"product_tag-rgb","28":"product_tag-rgb-gaming-headset","29":"product_tag-surround","30":"product_tag-thallium","31":"product_tag-usb","32":"product_tag-wireless-headset","34":"first","35":"instock","36":"shipping-taxable","37":"product-type-external"},"_links":{"self":[{"href":"https:\/\/comprasyconsejos.store\/en\/wp-json\/wp\/v2\/product\/29889","targetHints":{"allow":["GET"]}}],"collection":[{"href":"https:\/\/comprasyconsejos.store\/en\/wp-json\/wp\/v2\/product"}],"about":[{"href":"https:\/\/comprasyconsejos.store\/en\/wp-json\/wp\/v2\/types\/product"}],"replies":[{"embeddable":true,"href":"https:\/\/comprasyconsejos.store\/en\/wp-json\/wp\/v2\/comments?post=29889"}],"version-history":[{"count":0,"href":"https:\/\/comprasyconsejos.store\/en\/wp-json\/wp\/v2\/product\/29889\/revisions"}],"wp:featuredmedia":[{"embeddable":true,"href":"https:\/\/comprasyconsejos.store\/en\/wp-json\/wp\/v2\/media\/29890"}],"wp:attachment":[{"href":"https:\/\/comprasyconsejos.store\/en\/wp-json\/wp\/v2\/media?parent=29889"}],"wp:term":[{"taxonomy":"product_brand","embeddable":true,"href":"https:\/\/comprasyconsejos.store\/en\/wp-json\/wp\/v2\/product_brand?post=29889"},{"taxonomy":"product_cat","embeddable":true,"href":"https:\/\/comprasyconsejos.store\/en\/wp-json\/wp\/v2\/product_cat?post=29889"},{"taxonomy":"product_tag","embeddable":true,"href":"https:\/\/comprasyconsejos.store\/en\/wp-json\/wp\/v2\/product_tag?post=29889"}],"curies":[{"name":"wp","href":"https:\/\/api.w.org\/{rel}","templated":true}]}}