{"id":29896,"date":"2026-02-22T03:05:06","date_gmt":"2026-02-22T03:05:06","guid":{"rendered":"https:\/\/comprasyconsejos.store\/product\/satechi-slim-x2-wireless-keyboard-qwerty-us-with-numeric-keypad-backlit-and-rechargeable-usb-c-bluetooth-keyboard-for-macbook-air-pro-laptop-pc-ipad-and-more-grey\/"},"modified":"2026-02-22T03:05:10","modified_gmt":"2026-02-22T03:05:10","slug":"satechi-slim-x2-wireless-keyboard-qwerty-us-with-numeric-keypad-backlit-and-rechargeable-usb-c-bluetooth-keyboard-for-macbook-air-pro-laptop-pc-ipad-and-more-grey","status":"publish","type":"product","link":"https:\/\/comprasyconsejos.store\/en\/product\/satechi-slim-x2-wireless-keyboard-qwerty-us-with-numeric-keypad-backlit-and-rechargeable-usb-c-bluetooth-keyboard-for-macbook-air-pro-laptop-pc-ipad-and-more-grey\/","title":{"rendered":"SATECHI Slim X2 Wireless Keyboard, QWERTY US with Numeric Keypad, Backlit and Rechargeable USB C Bluetooth Keyboard for MacBook Air &#038; Pro, Laptop, PC, iPad and More &#8211; Grey"},"content":{"rendered":"<p>Price: <span style=\"color:#b12704\">\u20ac79.99<\/span><br \/><i><small>(as of Feb 22, 2026 03:05:06 UTC &#8211; <span class=\"wp_automatic_amazon_disclaimer\" title=\"Product prices and availability are accurate as of the date\/time indicated and are subject to change. Any price and availability information displayed on [relevant Amazon Site(s), as applicable] at the time of purchase will apply to the purchase of this product.\">Details<\/span>)<\/small><\/i><\/p>\n<p><a href=\"https:\/\/amazon.es\/dp\/B094SWJ1MP?tag=man008-21\"><img decoding=\"async\" src=\"https:\/\/valvepress.s3.amazonaws.com\/imgs\/buy_now.png\"><\/a><br \/>\n<\/p>\n<p>                                             Product Description   <\/p>\n<p>                                                                                                       <img decoding=\"async\" alt=\"Configuraci\u00f3n inal\u00e1mbrica del teclado y el rat\u00f3n en la superficie del escritorio, con texto que indica la optimizaci\u00f3n para Mac.\" src=\"https:\/\/images-na.ssl-images-amazon.com\/images\/G\/01\/x-locale\/common\/grey-pixel.gif\" class=\"a-lazy-loaded\" data-src=\"https:\/\/m.media-amazon.com\/images\/S\/aplus-media-library-service-media\/8c36ca82-566a-4a08-aeda-a22dd77b8a56.__CR0,0,1464,600_PT0_SX1464_V1___.jpg\"><img decoding=\"async\" alt=\"Configuraci\u00f3n inal\u00e1mbrica del teclado y el rat\u00f3n en la superficie del escritorio, con texto que indica la optimizaci\u00f3n para Mac.\" src=\"https:\/\/m.media-amazon.com\/images\/S\/aplus-media-library-service-media\/8c36ca82-566a-4a08-aeda-a22dd77b8a56.__CR0,0,1464,600_PT0_SX1464_V1___.jpg\">                                         <\/p>\n<p class=\"aplus-description aplus-container-3 aplus-p1\"> Dise\u00f1ado exclusivamente para usuarios Apple, el Teclado Bluetooth Slim X2 incluye una distribuci\u00f3n QWERTY completa, teclas de funci\u00f3n de MacOS \u2013 todo en un formato ultra compacto y con un elegante acabado en aluminio. <\/p>\n<p>                                                                                                       <img decoding=\"async\" alt=\"Configuraci\u00f3n de espacio de trabajo moderna con un monitor delgado que muestra gr\u00e1ficos coloridos, teclado y rat\u00f3n inal\u00e1mbricos en un escritorio cerca de la ventana.\" src=\"https:\/\/images-na.ssl-images-amazon.com\/images\/G\/01\/x-locale\/common\/grey-pixel.gif\" class=\"a-lazy-loaded\" data-src=\"https:\/\/m.media-amazon.com\/images\/S\/aplus-media-library-service-media\/3a5c74d1-2e23-4152-9670-fa138db4336a.__CR0,0,1464,600_PT0_SX1464_V1___.jpg\"><img decoding=\"async\" alt=\"Configuraci\u00f3n de espacio de trabajo moderna con un monitor delgado que muestra gr\u00e1ficos coloridos, teclado y rat\u00f3n inal\u00e1mbricos en un escritorio cerca de la ventana.\" src=\"https:\/\/m.media-amazon.com\/images\/S\/aplus-media-library-service-media\/3a5c74d1-2e23-4152-9670-fa138db4336a.__CR0,0,1464,600_PT0_SX1464_V1___.jpg\">                                         <\/p>\n<p class=\"aplus-description aplus-container-3 aplus-p1\"> Presenta un dise\u00f1o de aluminio elegante y un perfil ultradelgado para un entorno de trabajo moderno, est\u00e9s donde est\u00e9s. <\/p>\n<p>                                                                                                       <img decoding=\"async\" alt=\"Configuraci\u00f3n de escritorio con computadora Apple, teclado inal\u00e1mbrico, mouse y tel\u00e9fono inteligente. El texto dice \u00abBLUETOOTH MULTI DISPOSITIVOS\u00bb e indica la conectividad Bluetooth entre varios\" src=\"https:\/\/images-na.ssl-images-amazon.com\/images\/G\/01\/x-locale\/common\/grey-pixel.gif\" class=\"a-lazy-loaded\" data-src=\"https:\/\/m.media-amazon.com\/images\/S\/aplus-media-library-service-media\/006e6dbb-8867-4a19-844c-a422b058e77a.__CR0,0,1464,600_PT0_SX1464_V1___.jpg\"><img decoding=\"async\" alt=\"Configuraci\u00f3n de escritorio con computadora Apple, teclado inal\u00e1mbrico, mouse y tel\u00e9fono inteligente. El texto dice \u00abBLUETOOTH MULTI DISPOSITIVOS\u00bb e indica la conectividad Bluetooth entre varios\" src=\"https:\/\/m.media-amazon.com\/images\/S\/aplus-media-library-service-media\/006e6dbb-8867-4a19-844c-a422b058e77a.__CR0,0,1464,600_PT0_SX1464_V1___.jpg\">                                         <\/p>\n<p class=\"aplus-description aplus-container-3 aplus-p1\"> Equipado con teclas Bluetooth f\u00e1ciles de usar para asignar hasta cuatro dispositivos, perfecto para escribir en tu laptop, tablet o smartphone con solo presionar un bot\u00f3n. <\/p>\n<p>                                                                                                       <img decoding=\"async\" alt=\"Teclado Satechi Bluetooth Slim X2 retroiluminado con teclado num\u00e9rico para Mac y m\u00e1s dispositivos\" src=\"https:\/\/images-na.ssl-images-amazon.com\/images\/G\/01\/x-locale\/common\/grey-pixel.gif\" class=\"a-lazy-loaded\" data-src=\"https:\/\/m.media-amazon.com\/images\/S\/aplus-media-library-service-media\/c343e16a-4b3d-413a-8f0b-834e14466937.__CR0,0,1464,600_PT0_SX1464_V1___.jpg\"><img decoding=\"async\" alt=\"Teclado Satechi Bluetooth Slim X2 retroiluminado con teclado num\u00e9rico para Mac y m\u00e1s dispositivos\" src=\"https:\/\/m.media-amazon.com\/images\/S\/aplus-media-library-service-media\/c343e16a-4b3d-413a-8f0b-834e14466937.__CR0,0,1464,600_PT0_SX1464_V1___.jpg\">                                         <\/p>\n<p class=\"aplus-description aplus-container-3 aplus-p1\"> Construido con teclas retroiluminadas con 10 niveles de brillo para ofrecer comodidad y ajustarse a casi cualquier tipo de entorno de trabajo. Equipado adem\u00e1s con un puerto USB-C recargable para una carga r\u00e1pida y sencilla. <\/p>\n<p>                                                                                                       <img decoding=\"async\" alt=\"Vista parcial de un teclado delgado con teclas negras y un cable USB-C enrollado. El texto indica que el cable es recargable\" src=\"https:\/\/images-na.ssl-images-amazon.com\/images\/G\/01\/x-locale\/common\/grey-pixel.gif\" class=\"a-lazy-loaded\" data-src=\"https:\/\/m.media-amazon.com\/images\/S\/aplus-media-library-service-media\/d0fe59a1-a70d-4292-9ea6-9d39d1d9e318.__CR0,0,1464,600_PT0_SX1464_V1___.jpg\"><img decoding=\"async\" alt=\"Vista parcial de un teclado delgado con teclas negras y un cable USB-C enrollado. El texto indica que el cable es recargable\" src=\"https:\/\/m.media-amazon.com\/images\/S\/aplus-media-library-service-media\/d0fe59a1-a70d-4292-9ea6-9d39d1d9e318.__CR0,0,1464,600_PT0_SX1464_V1___.jpg\">                                               <\/p>\n<p>                        Teclado Slim X2  <\/p>\n<h3 class=\"a-text-center aplus-h3 a-text-bold\"> Teclados Satechi <\/h3>\n<h3 class=\"a-text-center aplus-p3\"> Bluetooth <\/h3>\n<h3 class=\"a-text-center aplus-p2\"> Conectividad <\/h3>\n<h3 class=\"a-text-center aplus-p3\"> Bluetooth <\/h3>\n<h3 class=\"a-text-center aplus-p3\"> Hasta 4 dispositivos <\/h3>\n<h3 class=\"a-text-center aplus-p2\"> Multi-Dispositivos <\/h3>\n<h3 class=\"a-text-center aplus-p3\"> Hasta 3 dispositivos <\/h3>\n<h3 class=\"a-text-center aplus-p2\"> Recargable <\/h3>\n<h3 class=\"a-text-center aplus-p2\"> Teclas Iluminadas <\/h3>\n<h3 class=\"a-text-center aplus-p2\"> Teclado Num\u00e9rico <\/h3>\n<h3 class=\"a-text-center aplus-p3\"> Bluetooth <\/h3>\n<h3 class=\"a-text-center aplus-p2\"> Conectividad <\/h3>\n<h3 class=\"a-text-center aplus-p3\"> Bluetooth <\/h3>\n<h3 class=\"a-text-center aplus-p3\"> Hasta 4 dispositivos <\/h3>\n<h3 class=\"a-text-center aplus-p2\"> Multi-Dispositivos <\/h3>\n<h3 class=\"a-text-center aplus-p3\"> Hasta 4 dispositivos <\/h3>\n<h3 class=\"a-text-center aplus-p2\"> Recargable <\/h3>\n<h3 class=\"a-text-center aplus-p2\"> Teclas Iluminadas <\/h3>\n<h3 class=\"a-text-center aplus-p2\"> Teclado Num\u00e9rico <\/h3>\n<h3 class=\"a-text-center aplus-p3\"> Bluetooth <\/h3>\n<h3 class=\"a-text-center aplus-p2\"> Conectividad <\/h3>\n<h3 class=\"a-text-center aplus-p3\"> Cable USB-C <\/h3>\n<h3 class=\"a-text-center aplus-p3\"> Hasta 4 dispositivos <\/h3>\n<h3 class=\"a-text-center aplus-p2\"> Multi-Dispositivos <\/h3>\n<h3 class=\"a-text-center aplus-p3\"> &#8211; <\/h3>\n<h3 class=\"a-text-center aplus-p2\"> Recargable <\/h3>\n<h3 class=\"a-text-center aplus-p2\"> Teclas Iluminadas <\/h3>\n<h3 class=\"a-text-center aplus-p2\"> Teclado Num\u00e9rico <\/h3>\n<h3 class=\"a-text-center aplus-p3\"> Bluetooth <\/h3>\n<h3 class=\"a-text-center aplus-p2\"> Conectividad <\/h3>\n<h3 class=\"a-text-center aplus-p3\"> Cable USB-C <\/h3>\n<h3 class=\"a-text-center aplus-p3\"> Hasta 4 dispositivos <\/h3>\n<h3 class=\"a-text-center aplus-p2\"> Multi-Dispositivos <\/h3>\n<h3 class=\"a-text-center aplus-p3\"> &#8211; <\/h3>\n<h3 class=\"a-text-center aplus-p2\"> Recargable <\/h3>\n<h3 class=\"a-text-center aplus-p2\"> Teclas Iluminadas <\/h3>\n<h3 class=\"a-text-center aplus-p2\"> Teclado Num\u00e9rico <\/h3>\n<p>                                                                                                                Teclado Slim X1                                       <img decoding=\"async\" alt=\"Teclado Slim X1\" src=\"https:\/\/m.media-amazon.com\/images\/S\/aplus-media-library-service-media\/d7c81793-127f-4787-8096-1d617c94a53e.__CR0,0,488,700_PT0_SX488_V1___.jpg\">    <\/p>\n<p>                                                       Teclado Slim X3                                       <img decoding=\"async\" alt=\"Teclado Slim X3\" src=\"https:\/\/m.media-amazon.com\/images\/S\/aplus-media-library-service-media\/e2baab3f-405e-45d8-888e-0520557b2517.__CR0,0,488,700_PT0_SX488_V1___.jpg\">    <\/p>\n<p>                                                       Teclado W1 con Cable                                       <img decoding=\"async\" alt=\"Teclado W1 con Cable\" src=\"https:\/\/m.media-amazon.com\/images\/S\/aplus-media-library-service-media\/c6c1dff1-7368-450d-8f47-f5a5bf3eaf25.__CR0,0,488,700_PT0_SX488_V1___.jpg\">    <\/p>\n<p>                                                       Teclado W3 con Cable                                       <img decoding=\"async\" alt=\"Teclado W3 con Cable\" src=\"https:\/\/m.media-amazon.com\/images\/S\/aplus-media-library-service-media\/1a419dc2-f854-4435-a66b-7e3175838286.__CR0,0,488,700_PT0_SX488_V1___.jpg\">    <\/p>\n<p>                                                                <img decoding=\"async\" alt=\"\" src=\"https:\/\/images-na.ssl-images-amazon.com\/images\/G\/01\/x-locale\/common\/grey-pixel.gif\" class=\"a-lazy-loaded\" data-src=\"https:\/\/m.media-amazon.com\/images\/S\/aplus-media-library-service-media\/e77ba24b-c121-4563-8f01-e1807f01d3ea.__CR0,0,1464,600_PT0_SX1464_V1___.jpg\"><img decoding=\"async\" alt=\"\" src=\"https:\/\/m.media-amazon.com\/images\/S\/aplus-media-library-service-media\/e77ba24b-c121-4563-8f01-e1807f01d3ea.__CR0,0,1464,600_PT0_SX1464_V1___.jpg\">        <\/p>\n<p> Batteries                                            \u200f                                            :                                            \u200e                                            1 Lithium Polymer batteries required. (included)   <br \/> Is discontinued by manufacturer                                            \u200f                                            :                                            \u200e                                            No   <br \/> Product Dimensions                                            \u200f                                            :                                            \u200e                                            38.5 x 15 x 3.8 cm; 376 g   <br \/> Manufacturer                                            \u200f                                            :                                            \u200e                                            Satechi   <br \/> ASIN                                            \u200f                                            :                                            \u200e                                            B094SWJ1MP   <br \/> Item model number                                            \u200f                                            :                                            \u200e                                            ST-BTSX2M   <br \/> Country\/Region of Origin                                            \u200f                                            :                                            \u200e                                            China   <br \/> Guaranteed software updates until                                            \u200f                                            :                                            \u200e                                            unknown   <br \/>  Customer reviews:                                                                                            4.3               4.3 out of 5 stars                                  (2,434)                                              var dpAcrHasRegisteredArcLinkClickAction;                    P.when(&#8216;A&#8217;, &#8216;ready&#8217;).execute(function(A) {                        if (dpAcrHasRegisteredArcLinkClickAction !== true) {                            dpAcrHasRegisteredArcLinkClickAction = true;                            A.declarative(                                &#8216;acrLink-click-metrics&#8217;, &#8216;click&#8217;,                                { \u00aballowLinkDefault\u00bb: true },                                function (event) {                                    if (window.ue) {                                        ue.count(\u00abacrLinkClickCount\u00bb, (ue.count(\u00abacrLinkClickCount\u00bb) || 0) + 1);                                    }                                }                            );                        }                    });                                             P.when(&#8216;A&#8217;, &#8216;cf&#8217;).execute(function(A) {                A.declarative(&#8216;acrStarsLink-click-metrics&#8217;, &#8216;click&#8217;, { \u00aballowLinkDefault\u00bb : true },  function(event){                    if(window.ue) {                        ue.count(\u00abacrStarsLinkWithPopoverClickCount\u00bb, (ue.count(\u00abacrStarsLinkWithPopoverClickCount\u00bb) || 0) + 1);                    }                });            });                          <\/p>\n<p>OPTIMIZED FOR MAC ONLY \u2013 Designed for Apple users, the X2 Slim Bluetooth Keyboard features a full design, MacOS function keys, and an ultra-compact size, all with a sleek aluminum finish. IMPORTANT: This keyboard does not include specific letters or special symbols of Spanish, nor does the euro symbol. Features QWERTY US American distribution.<br \/>MULTIDEVICE BLUETOOTH &#8211; Enjoy a smooth experience with this Bluetooth keyboard that allows you to pair up to four devices, ideal for working from your laptop, tablet or smartphone at the touch of a button.<br \/>BACKLIT KEYBOARD \u2013 Designed for your convenience, it features ten-level adjustable backlit keys and a rechargeable USB-C port for quick and easy charging, perfect for any environment.<br \/>MODERN, COMPACT DESIGN \u2013 With a sleek aluminum frame and slim profile, this wireless keyboard with QWERTY US layout combines functionality and style into any workspace.<br \/>SATECHI WARRANTY &#8211; For your peace of mind, we offer a 2-year limited warranty covering defects in materials and workmanship under normal conditions of use. Doubts? Our support team will always be by your side to help you.<\/p>\n\n","protected":false},"excerpt":{"rendered":"<p> Product Description Dise\u00f1ado exclusivamente para usuarios Apple, el Teclado Bluetooth Slim X2 incluye una distribuci\u00f3n<\/p>","protected":false},"featured_media":29897,"comment_status":"open","ping_status":"closed","template":"","meta":[],"product_brand":[],"product_cat":[49],"product_tag":[216,830,746,726,743,747,740,204,162,518,541,159,160,739,540,744,163,858,1149,742,6537,745,288,133,226,741],"class_list":{"0":"post-29896","1":"product","2":"type-product","3":"status-publish","4":"has-post-thumbnail","6":"product_cat-keyboards","7":"product_tag-air","8":"product_tag-backlit","9":"product_tag-backlit-keyboard","10":"product_tag-bluetooth","11":"product_tag-bluetooth-keyboard","12":"product_tag-compact-keyboard","13":"product_tag-gaming-keyboard","14":"product_tag-grey","15":"product_tag-ipad","16":"product_tag-keyboard","17":"product_tag-keypad","18":"product_tag-laptop","19":"product_tag-macbook","20":"product_tag-mechanical-keyboard","21":"product_tag-numeric","22":"product_tag-office-keyboard","23":"product_tag-pro","24":"product_tag-qwerty","25":"product_tag-rechargeable","26":"product_tag-rgb-keyboard","27":"product_tag-satechi","28":"product_tag-silent-keyboard","29":"product_tag-slim","30":"product_tag-usb","31":"product_tag-wireless","32":"product_tag-wireless-keyboard","34":"first","35":"instock","36":"shipping-taxable","37":"product-type-external"},"_links":{"self":[{"href":"https:\/\/comprasyconsejos.store\/en\/wp-json\/wp\/v2\/product\/29896","targetHints":{"allow":["GET"]}}],"collection":[{"href":"https:\/\/comprasyconsejos.store\/en\/wp-json\/wp\/v2\/product"}],"about":[{"href":"https:\/\/comprasyconsejos.store\/en\/wp-json\/wp\/v2\/types\/product"}],"replies":[{"embeddable":true,"href":"https:\/\/comprasyconsejos.store\/en\/wp-json\/wp\/v2\/comments?post=29896"}],"version-history":[{"count":0,"href":"https:\/\/comprasyconsejos.store\/en\/wp-json\/wp\/v2\/product\/29896\/revisions"}],"wp:featuredmedia":[{"embeddable":true,"href":"https:\/\/comprasyconsejos.store\/en\/wp-json\/wp\/v2\/media\/29897"}],"wp:attachment":[{"href":"https:\/\/comprasyconsejos.store\/en\/wp-json\/wp\/v2\/media?parent=29896"}],"wp:term":[{"taxonomy":"product_brand","embeddable":true,"href":"https:\/\/comprasyconsejos.store\/en\/wp-json\/wp\/v2\/product_brand?post=29896"},{"taxonomy":"product_cat","embeddable":true,"href":"https:\/\/comprasyconsejos.store\/en\/wp-json\/wp\/v2\/product_cat?post=29896"},{"taxonomy":"product_tag","embeddable":true,"href":"https:\/\/comprasyconsejos.store\/en\/wp-json\/wp\/v2\/product_tag?post=29896"}],"curies":[{"name":"wp","href":"https:\/\/api.w.org\/{rel}","templated":true}]}}