{"id":29904,"date":"2026-02-22T03:10:26","date_gmt":"2026-02-22T03:10:26","guid":{"rendered":"https:\/\/comprasyconsejos.store\/product\/vaydeer-ergonomic-keyboard-wrist-rest-2-in-1-stand-with-riser-and-memory-foam-pad-non-slip-base-ideal-for-office-laptop-and-gaming-black\/"},"modified":"2026-02-22T03:10:29","modified_gmt":"2026-02-22T03:10:29","slug":"vaydeer-ergonomic-keyboard-wrist-rest-2-in-1-stand-with-riser-and-memory-foam-pad-non-slip-base-ideal-for-office-laptop-and-gaming-black","status":"publish","type":"product","link":"https:\/\/comprasyconsejos.store\/en\/product\/vaydeer-ergonomic-keyboard-wrist-rest-2-in-1-stand-with-riser-and-memory-foam-pad-non-slip-base-ideal-for-office-laptop-and-gaming-black\/","title":{"rendered":"VAYDEER Ergonomic Keyboard Wrist Rest &#8211; 2 in 1 Stand with Riser and Memory Foam Pad, Non-Slip Base, Ideal for Office, Laptop and Gaming &#8211; Black"},"content":{"rendered":"<p>Price: <span style=\"color:#b12704\">\u20ac29.99<\/span><br \/><i><small>(as of Feb 22, 2026 03:10:26 UTC &#8211; <span class=\"wp_automatic_amazon_disclaimer\" title=\"Product prices and availability are accurate as of the date\/time indicated and are subject to change. Any price and availability information displayed on [relevant Amazon Site(s), as applicable] at the time of purchase will apply to the purchase of this product.\">Details<\/span>)<\/small><\/i><\/p>\n<p><a href=\"https:\/\/amazon.es\/dp\/B0F383DTDK?tag=man008-21\"><img decoding=\"async\" src=\"https:\/\/valvepress.s3.amazonaws.com\/imgs\/buy_now.png\"><\/a><br \/>\n<\/p>\n<p>                                             Product Description   <\/p>\n<p>                                                                                                       <img decoding=\"async\" alt=\"aplus content image\" src=\"https:\/\/images-na.ssl-images-amazon.com\/images\/G\/01\/x-locale\/common\/grey-pixel.gif\" class=\"a-lazy-loaded\" data-src=\"https:\/\/m.media-amazon.com\/images\/S\/aplus-media-library-service-media\/a022b8f5-ad88-442d-8c76-3b14e0716615.__CR0,0,1464,600_PT0_SX1464_V1___.jpg\"><img decoding=\"async\" alt=\"aplus content image\" src=\"https:\/\/m.media-amazon.com\/images\/S\/aplus-media-library-service-media\/a022b8f5-ad88-442d-8c76-3b14e0716615.__CR0,0,1464,600_PT0_SX1464_V1___.jpg\">                                               <\/p>\n<p>                                                                                                       <img decoding=\"async\" alt=\"El texto dice \u00abSoluciones su fatiga su mu\u00f1eca\u00bb. Infograf\u00eda de tres paneles que muestra las posiciones de las mu\u00f1ecas para usar el dispositivo: agarre correcto del tel\u00e9fono, posici\u00f3n de reposo y uso ergon\u00f3mico del ordenador.\" src=\"https:\/\/images-na.ssl-images-amazon.com\/images\/G\/01\/x-locale\/common\/grey-pixel.gif\" class=\"a-lazy-loaded\" data-src=\"https:\/\/m.media-amazon.com\/images\/S\/aplus-media-library-service-media\/807638e6-b409-448b-85bf-4766fd1b7fed.__CR0,0,1464,600_PT0_SX1464_V1___.jpg\"><img decoding=\"async\" alt=\"El texto dice \u00abSoluciones su fatiga su mu\u00f1eca\u00bb. Infograf\u00eda de tres paneles que muestra las posiciones de las mu\u00f1ecas para usar el dispositivo: agarre correcto del tel\u00e9fono, posici\u00f3n de reposo y uso ergon\u00f3mico del ordenador.\" src=\"https:\/\/m.media-amazon.com\/images\/S\/aplus-media-library-service-media\/807638e6-b409-448b-85bf-4766fd1b7fed.__CR0,0,1464,600_PT0_SX1464_V1___.jpg\">                                               <\/p>\n<p>                                                                                                       <img decoding=\"async\" alt=\"El texto dice \u00ab30 000 d\u00edas merecen comodidad sin esfuerzo\u00bb. Vista lateral de la figura sentada en el escritorio cerca de la ventana con iluminaci\u00f3n natural.\" src=\"https:\/\/images-na.ssl-images-amazon.com\/images\/G\/01\/x-locale\/common\/grey-pixel.gif\" class=\"a-lazy-loaded\" data-src=\"https:\/\/m.media-amazon.com\/images\/S\/aplus-media-library-service-media\/01dc9721-4027-4575-adb4-8e0b2b204bd3.__CR0,0,1464,600_PT0_SX1464_V1___.jpg\"><img decoding=\"async\" alt=\"El texto dice \u00ab30 000 d\u00edas merecen comodidad sin esfuerzo\u00bb. Vista lateral de la figura sentada en el escritorio cerca de la ventana con iluminaci\u00f3n natural.\" src=\"https:\/\/m.media-amazon.com\/images\/S\/aplus-media-library-service-media\/01dc9721-4027-4575-adb4-8e0b2b204bd3.__CR0,0,1464,600_PT0_SX1464_V1___.jpg\">                                               <\/p>\n<p>                                                                                                       <img decoding=\"async\" alt=\"El texto dice \u00abM\u00faltiples aplicaciones\u00bb. Imagen de cuatro paneles que muestra diferentes usos: &amp;#39;Soporta m\u00e1s codo&amp;#39;, &amp;#39;Soporte m\u00e1s rodillo&amp;#39;, &amp;#39;Equilibrio mu\u00f1eca&amp;#39;, &amp;#39;Lumbar&amp;#39;.\" src=\"https:\/\/images-na.ssl-images-amazon.com\/images\/G\/01\/x-locale\/common\/grey-pixel.gif\" class=\"a-lazy-loaded\" data-src=\"https:\/\/m.media-amazon.com\/images\/S\/aplus-media-library-service-media\/9ba77c80-3815-4c84-9303-3e3d196cb387.__CR0,0,1464,600_PT0_SX1464_V1___.jpg\"><img decoding=\"async\" alt=\"El texto dice \u00abM\u00faltiples aplicaciones\u00bb. Imagen de cuatro paneles que muestra diferentes usos: &amp;#39;Soporta m\u00e1s codo&amp;#39;, &amp;#39;Soporte m\u00e1s rodillo&amp;#39;, &amp;#39;Equilibrio mu\u00f1eca&amp;#39;, &amp;#39;Lumbar&amp;#39;.\" src=\"https:\/\/m.media-amazon.com\/images\/S\/aplus-media-library-service-media\/9ba77c80-3815-4c84-9303-3e3d196cb387.__CR0,0,1464,600_PT0_SX1464_V1___.jpg\">                                               <\/p>\n<p>                                                                                                       <img decoding=\"async\" alt=\"aplus content image\" src=\"https:\/\/images-na.ssl-images-amazon.com\/images\/G\/01\/x-locale\/common\/grey-pixel.gif\" class=\"a-lazy-loaded\" data-src=\"https:\/\/m.media-amazon.com\/images\/S\/aplus-media-library-service-media\/29012927-69bd-42e5-a53b-bc6f5b15cd74.__CR0,0,1464,600_PT0_SX1464_V1___.jpg\"><img decoding=\"async\" alt=\"aplus content image\" src=\"https:\/\/m.media-amazon.com\/images\/S\/aplus-media-library-service-media\/29012927-69bd-42e5-a53b-bc6f5b15cd74.__CR0,0,1464,600_PT0_SX1464_V1___.jpg\">                                               <\/p>\n<p>                                                                                                       <img decoding=\"async\" alt=\"aplus content image\" src=\"https:\/\/images-na.ssl-images-amazon.com\/images\/G\/01\/x-locale\/common\/grey-pixel.gif\" class=\"a-lazy-loaded\" data-src=\"https:\/\/m.media-amazon.com\/images\/S\/aplus-media-library-service-media\/adccf267-2251-4ee8-b1a4-e8fe4e018b7e.__CR0,0,1464,600_PT0_SX1464_V1___.jpg\"><img decoding=\"async\" alt=\"aplus content image\" src=\"https:\/\/m.media-amazon.com\/images\/S\/aplus-media-library-service-media\/adccf267-2251-4ee8-b1a4-e8fe4e018b7e.__CR0,0,1464,600_PT0_SX1464_V1___.jpg\">                                               <\/p>\n<p>                                                                                                       <img decoding=\"async\" alt=\"aplus content image\" src=\"https:\/\/images-na.ssl-images-amazon.com\/images\/G\/01\/x-locale\/common\/grey-pixel.gif\" class=\"a-lazy-loaded\" data-src=\"https:\/\/m.media-amazon.com\/images\/S\/aplus-media-library-service-media\/c79d2030-43de-42f8-926d-7bafe87ed09f.__CR0,0,1464,600_PT0_SX1464_V1___.jpg\"><img decoding=\"async\" alt=\"aplus content image\" src=\"https:\/\/m.media-amazon.com\/images\/S\/aplus-media-library-service-media\/c79d2030-43de-42f8-926d-7bafe87ed09f.__CR0,0,1464,600_PT0_SX1464_V1___.jpg\">                                               <\/p>\n<p> Product Dimensions                                            \u200f                                            :                                            \u200e                                            42.98 x 24.51 x 0.25 cm; 816.47 g   <br \/> Manufacturer                                            \u200f                                            :                                            \u200e                                            VAYDEER   <br \/> ASIN                                            \u200f                                            :                                            \u200e                                            B0F383DTDK   <br \/> Item model number                                            \u200f                                            :                                            \u200e                                            2a0ae965-2399-47e4-a40b-dcb6fdaf6285   <br \/> Country of origin                                            \u200f                                            :                                            \u200e                                            China   <br \/>  Customer reviews:                                                                                            4.6               4.6 out of 5 stars                                  (570)                                              var dpAcrHasRegisteredArcLinkClickAction;                    P.when(&#8216;A&#8217;, &#8216;ready&#8217;).execute(function(A) {                        if (dpAcrHasRegisteredArcLinkClickAction !== true) {                            dpAcrHasRegisteredArcLinkClickAction = true;                            A.declarative(                                &#8216;acrLink-click-metrics&#8217;, &#8216;click&#8217;,                                { \u00aballowLinkDefault\u00bb: true },                                function (event) {                                    if (window.ue) {                                        ue.count(\u00abacrLinkClickCount\u00bb, (ue.count(\u00abacrLinkClickCount\u00bb) || 0) + 1);                                    }                                }                            );                        }                    });                                             P.when(&#8216;A&#8217;, &#8216;cf&#8217;).execute(function(A) {                A.declarative(&#8216;acrStarsLink-click-metrics&#8217;, &#8216;click&#8217;, { \u00aballowLinkDefault\u00bb : true },  function(event){                    if(window.ue) {                        ue.count(\u00abacrStarsLinkWithPopoverClickCount\u00bb, (ue.count(\u00abacrStarsLinkWithPopoverClickCount\u00bb) || 0) + 1);                    }                });            });                          <\/p>\n<p>[2-in-1 Wrist Rest &#038; Keyboard Stand] &#8211; Combines keyboard riser and ergonomic pad in one accessory. Prevents the keyboard from shifting and losing support for a more stable and smooth typing experience in both office and gaming.<br \/>[ERGONOMIC ANGLES ADJUSTABLE FOR EVERY TASK] &#8211; Offers two tilts (12.5\u00b0 for intensive days and 3\u00b0 for light use) to suit your needs. Perfect for long hours of programming, document writing or gaming sessions, reducing pressure on wrists and improving posture.<br \/>[Guaranteed stability with non-slip base] &#8211; Equipped with high adhesion silicone feet that keep the wrist rest firm on any surface. Whether on office desks, study tables or gaming setups, your keyboard will always stay in place without wobbling.<br \/>[Memory Comfort &#038; Lasting Coolness] &#8211; Ultra-soft memory foam pad conforms to the shape of your wrist, combined with breathable, moisture-wicking Lycra fabric. Ideal for those who work or play for hours without losing the feeling of freshness.<br \/>[PROFESSIONAL DESIGN FOR ANY ENVIRONMENT] &#8211; The classic black finish fits seamlessly into corporate offices, minimalist desks or gaming stations. In addition to caring for the health of your wrists, it brings elegant and understated style to your workspace.<\/p>\n\n","protected":false},"excerpt":{"rendered":"<p> Product Description Product Dimensions \u200f : \u200e 42.98 x 24.51 x 0.25 cm; 816.47 g<\/p>","protected":false},"featured_media":29905,"comment_status":"open","ping_status":"closed","template":"","meta":[],"product_brand":[],"product_cat":[50],"product_tag":[4186,765,307,759,756,1148,761,4480,617,758,1093,518,159,511,8708,585,277,763,951,760,2998,764,227,762,8707,757,950],"class_list":{"0":"post-29904","1":"product","2":"type-product","3":"status-publish","4":"has-post-thumbnail","6":"product_cat-mouse","7":"product_tag-base","8":"product_tag-best-gaming-mouse","9":"product_tag-black","10":"product_tag-bluetooth-mouse","11":"product_tag-computer-mouse","12":"product_tag-ergonomic","13":"product_tag-ergonomic-mouse","14":"product_tag-foam","15":"product_tag-gaming","16":"product_tag-gaming-mouse","17":"product_tag-ideal","18":"product_tag-keyboard","19":"product_tag-laptop","20":"product_tag-memory","21":"product_tag-nonslip","22":"product_tag-office","23":"product_tag-pad","24":"product_tag-rechargeable-mouse","25":"product_tag-rest","26":"product_tag-rgb-mouse","27":"product_tag-riser","28":"product_tag-silent-mouse","29":"product_tag-stand","30":"product_tag-usb-mouse","31":"product_tag-vaydeer","32":"product_tag-wireless-mouse","33":"product_tag-wrist","35":"first","36":"instock","37":"shipping-taxable","38":"product-type-external"},"_links":{"self":[{"href":"https:\/\/comprasyconsejos.store\/en\/wp-json\/wp\/v2\/product\/29904","targetHints":{"allow":["GET"]}}],"collection":[{"href":"https:\/\/comprasyconsejos.store\/en\/wp-json\/wp\/v2\/product"}],"about":[{"href":"https:\/\/comprasyconsejos.store\/en\/wp-json\/wp\/v2\/types\/product"}],"replies":[{"embeddable":true,"href":"https:\/\/comprasyconsejos.store\/en\/wp-json\/wp\/v2\/comments?post=29904"}],"version-history":[{"count":0,"href":"https:\/\/comprasyconsejos.store\/en\/wp-json\/wp\/v2\/product\/29904\/revisions"}],"wp:featuredmedia":[{"embeddable":true,"href":"https:\/\/comprasyconsejos.store\/en\/wp-json\/wp\/v2\/media\/29905"}],"wp:attachment":[{"href":"https:\/\/comprasyconsejos.store\/en\/wp-json\/wp\/v2\/media?parent=29904"}],"wp:term":[{"taxonomy":"product_brand","embeddable":true,"href":"https:\/\/comprasyconsejos.store\/en\/wp-json\/wp\/v2\/product_brand?post=29904"},{"taxonomy":"product_cat","embeddable":true,"href":"https:\/\/comprasyconsejos.store\/en\/wp-json\/wp\/v2\/product_cat?post=29904"},{"taxonomy":"product_tag","embeddable":true,"href":"https:\/\/comprasyconsejos.store\/en\/wp-json\/wp\/v2\/product_tag?post=29904"}],"curies":[{"name":"wp","href":"https:\/\/api.w.org\/{rel}","templated":true}]}}