{"id":29910,"date":"2026-02-22T03:15:40","date_gmt":"2026-02-22T03:15:40","guid":{"rendered":"https:\/\/comprasyconsejos.store\/product\/nitropc-gold-advanced-gaming-pc-intel-core-i5-12400f-4-40ghz-rtx-3050-8gb-ram-16gb-m-2-1tb-windows-11-pro-wifi-desktop-pc-gamer-black-new-version\/"},"modified":"2026-02-22T03:15:42","modified_gmt":"2026-02-22T03:15:42","slug":"nitropc-gold-advanced-gaming-pc-intel-core-i5-12400f-4-40ghz-rtx-3050-8gb-ram-16gb-m-2-1tb-windows-11-pro-wifi-desktop-pc-gamer-black-new-version","status":"publish","type":"product","link":"https:\/\/comprasyconsejos.store\/en\/product\/nitropc-gold-advanced-gaming-pc-intel-core-i5-12400f-4-40ghz-rtx-3050-8gb-ram-16gb-m-2-1tb-windows-11-pro-wifi-desktop-pc-gamer-black-new-version\/","title":{"rendered":"NitroPC &#8211; Gold Advanced Gaming PC (Intel Core i5 12400F 4.40GHz, RTX 3050 8GB, RAM 16GB, M.2 1TB, Windows 11 Pro, WiFi) Desktop, PC Gamer (Black) New Version"},"content":{"rendered":"<p>Price: <span style=\"color:#b12704\">\u20ac1,099.99<\/span><br \/><i><small>(as of Feb 22, 2026 03:15:40 UTC &#8211; <span class=\"wp_automatic_amazon_disclaimer\" title=\"Product prices and availability are accurate as of the date\/time indicated and are subject to change. Any price and availability information displayed on [relevant Amazon Site(s), as applicable] at the time of purchase will apply to the purchase of this product.\">Details<\/span>)<\/small><\/i><\/p>\n<p><a href=\"https:\/\/amazon.es\/dp\/B0FSF52BC4?tag=man008-21\"><img decoding=\"async\" src=\"https:\/\/valvepress.s3.amazonaws.com\/imgs\/buy_now.png\"><\/a><br \/>\n<\/p>\n<p>                                             Product Description   <\/p>\n<p>                                                                                                       <img decoding=\"async\" alt=\"aplus content image\" src=\"https:\/\/images-na.ssl-images-amazon.com\/images\/G\/01\/x-locale\/common\/grey-pixel.gif\" class=\"a-lazy-loaded\" data-src=\"https:\/\/m.media-amazon.com\/images\/S\/aplus-media-library-service-media\/187a76bf-fe39-4c5e-8486-53627b3df0b8.__CR0,0,4575,1875_PT0_SX1464_V1___.png\"><img decoding=\"async\" alt=\"aplus content image\" src=\"https:\/\/m.media-amazon.com\/images\/S\/aplus-media-library-service-media\/187a76bf-fe39-4c5e-8486-53627b3df0b8.__CR0,0,4575,1875_PT0_SX1464_V1___.png\">                                               <\/p>\n<p>                                                                                                                  <img decoding=\"async\" alt=\"una persona jugando un juego en una computadora.\" src=\"https:\/\/m.media-amazon.com\/images\/S\/aplus-media-library-service-media\/64c2d8ee-58d7-448e-ba1a-332693508990.__CR0,0,1464,600_PT0_SX1464_V1___.jpg\">                                                    <img decoding=\"async\" alt=\"El texto muestra la lista de \u00abProcesador\u00bb y varios modelos de procesadores AMD Ryzen. Banner de marketing sobre procesadores inform\u00e1ticos con especificaciones t\u00e9cnicas que se muestra en varios paneles.\" src=\"https:\/\/m.media-amazon.com\/images\/S\/aplus-media-library-service-media\/7db4a07d-1818-43bd-ba96-04d3c9f4e192.__CR0,0,2928,1200_PT0_SX1464_V1___.png\">                                                    <img decoding=\"async\" alt=\"aplus content image\" src=\"https:\/\/m.media-amazon.com\/images\/S\/aplus-media-library-service-media\/370bdbe0-74a0-4ffc-92e8-1882754a7014.__CR0,0,2928,1200_PT0_SX1464_V1___.png\">                                                    <img decoding=\"async\" alt=\"aplus content image\" src=\"https:\/\/m.media-amazon.com\/images\/S\/aplus-media-library-service-media\/2ffdffc3-8d5f-4aea-b27b-d58961d0a7c2.__CR0,0,2745,1125_PT0_SX1464_V1___.png\"><br \/>\n                            1 Plug &amp; Play <\/p>\n<p>                            2 Procesador <\/p>\n<p>                            3 Procesador &#8211; Modelos Plus <\/p>\n<p>                            4 Gr\u00e1fica <\/p>\n<p>The video showcases the product in use.The video guides you through product setup.The video compares multiple products.The video shows the product being unpacked. Video Gaming Avanzado Merchant video<\/p>\n<p>                                                                <img decoding=\"async\" alt=\"pc ordenador de sobremesa gaming gamer pc completo barato ofertas ps5 trendingpc nitropc\" src=\"https:\/\/images-na.ssl-images-amazon.com\/images\/G\/01\/x-locale\/common\/grey-pixel.gif\" class=\"a-lazy-loaded\" data-src=\"https:\/\/m.media-amazon.com\/images\/S\/aplus-media-library-service-media\/94b44b05-4c94-4f30-8ffb-a721d5e1a7be.__CR0,0,800,600_PT0_SX800_V1___.jpg\"><img decoding=\"async\" alt=\"pc ordenador de sobremesa gaming gamer pc completo barato ofertas ps5 trendingpc nitropc\" src=\"https:\/\/m.media-amazon.com\/images\/S\/aplus-media-library-service-media\/94b44b05-4c94-4f30-8ffb-a721d5e1a7be.__CR0,0,800,600_PT0_SX800_V1___.jpg\">                                                                          <\/p>\n<h3 class=\"aplus-h1 aplus-module-1-heading a-text-bold\"> Descubre nuestros PC Gamer <\/h3>\n<p class=\"aplus-p2 aplus-module-1-description\"> En Nitropc puedes comprar ordenadores de gran potencia y rendimiento para que saques el m\u00e1ximo partido a tus juegos. Tanto si buscas un PC gaming completo como si buscas complementar tu set up actual, en nuestra tienda vas a encontrar una gran variedad de equipos inform\u00e1ticos y accesorios. <\/p>\n<p class=\"aplus-p2 aplus-module-1-description\"> Tan s\u00f3lo tendr\u00e1s que elegir el ordenador o accesorios gaming que mejor se adapte a tus necesidades y podr\u00e1s disfrutar de tu PC sobremesa gaming ideal muy pronto. <\/p>\n<p> Package Dimensions                                            \u200f                                            :                                            \u200e                                            68.7 x 61.3 x 43.2 cm; 23 kg   <br \/> Manufacturer                                            \u200f                                            :                                            \u200e                                            Nitropc   <br \/> ASIN                                            \u200f                                            :                                            \u200e                                            B0FSF52BC4   <br \/> Item model number                                            \u200f                                            :                                            \u200e                                            MKP-AV-GO-B   <br \/> Country of origin                                            \u200f                                            :                                            \u200e                                            Spain   <br \/> Guaranteed software updates until                                            \u200f                                            :                                            \u200e                                            unknown   <br \/>  Customer reviews:                                                                                            5.0               5.0 out of 5 stars                                  (1)                                              var dpAcrHasRegisteredArcLinkClickAction;                    P.when(&#8216;A&#8217;, &#8216;ready&#8217;).execute(function(A) {                        if (dpAcrHasRegisteredArcLinkClickAction !== true) {                            dpAcrHasRegisteredArcLinkClickAction = true;                            A.declarative(                                &#8216;acrLink-click-metrics&#8217;, &#8216;click&#8217;,                                { \u00aballowLinkDefault\u00bb: true },                                function (event) {                                    if (window.ue) {                                        ue.count(\u00abacrLinkClickCount\u00bb, (ue.count(\u00abacrLinkClickCount\u00bb) || 0) + 1);                                    }                                }                            );                        }                    });                                             P.when(&#8216;A&#8217;, &#8216;cf&#8217;).execute(function(A) {                A.declarative(&#8216;acrStarsLink-click-metrics&#8217;, &#8216;click&#8217;, { \u00aballowLinkDefault\u00bb : true },  function(event){                    if(window.ue) {                        ue.count(\u00abacrStarsLinkWithPopoverClickCount\u00bb, (ue.count(\u00abacrStarsLinkWithPopoverClickCount\u00bb) || 0) + 1);                    }                });            });                          <\/p>\n<p>CPU: Intel Core i5-12400F 4.4GHz Socket 1700| Motherboard: H610 DDR4<br \/>GRAPHIC: NVIDIA GeForce RTX 3050 8GB GDDR6<br \/>RAM: 16GB (8GB\u00d72) 3200MHz DDR4 | STORAGE: M.2 1TB NVMe<br \/>SYSTEM: Windows 11 PRO enabled | 100% tested | 3 year free premium warranty<br \/>Includes power cable and WiFi5 USB adapter (up to 1300Mbps)<br \/>Our exclusive Christmas pack, available for a limited time only, includes a triple AAA game and keyboard and gaming mouse NKM1000S, with a set value of more than 100 euros within your purchase. In the catalog you can choose between open worlds such as Red Dead Redemption 2 (action-adventure), RPGs like Elden Ring, narrative shooters like Cyberpunk 2077: Ultimate Edition, driving like Forza Horizon 5, management simulation like Planet Zoo: Deluxe Edition, sports like NBA 2K26, fight like TEKKEN 8, horror survival as Silent Hill 2 and cooperative experiences It Takes Two, among others. We will contact you from Nitropc to choose the game.<\/p>\n\n","protected":false},"excerpt":{"rendered":"<p> Product Description 1 Plug &amp; Play 2 Procesador 3 Procesador &#8211; Modelos Plus 4 Gr\u00e1fica<\/p>","protected":false},"featured_media":29911,"comment_status":"open","ping_status":"closed","template":"","meta":[],"product_brand":[],"product_cat":[89],"product_tag":[5451,509,602,8709,622,1281,777,776,785,778,782,307,784,698,787,615,617,783,401,562,1119,7851,780,163,587,621,779,781,724,543,537],"class_list":{"0":"post-29910","1":"product","2":"type-product","3":"status-publish","4":"has-post-thumbnail","6":"product_cat-all-in-one-pcs","7":"product_tag-12400f","8":"product_tag-16gb","9":"product_tag-1tb","10":"product_tag-4-40ghz","11":"product_tag-8gb","12":"product_tag-advanced","13":"product_tag-all-in-one-desktop","14":"product_tag-all-in-one-pc","15":"product_tag-all-in-one-pc-price","16":"product_tag-apple-imac","17":"product_tag-best-all-in-one-computer","18":"product_tag-black","19":"product_tag-compact-pc","20":"product_tag-core","21":"product_tag-desktop","22":"product_tag-gamer","23":"product_tag-gaming","24":"product_tag-gaming-all-in-one-pc","25":"product_tag-gold","26":"product_tag-intel","27":"product_tag-m-2","28":"product_tag-nitropc","29":"product_tag-office-all-in-one-pc","30":"product_tag-pro","31":"product_tag-ram","32":"product_tag-rtx","33":"product_tag-slim-all-in-one-pc","34":"product_tag-touchscreen-all-in-one-pc","35":"product_tag-version","36":"product_tag-wifi","37":"product_tag-windows","39":"first","40":"instock","41":"shipping-taxable","42":"product-type-external"},"_links":{"self":[{"href":"https:\/\/comprasyconsejos.store\/en\/wp-json\/wp\/v2\/product\/29910","targetHints":{"allow":["GET"]}}],"collection":[{"href":"https:\/\/comprasyconsejos.store\/en\/wp-json\/wp\/v2\/product"}],"about":[{"href":"https:\/\/comprasyconsejos.store\/en\/wp-json\/wp\/v2\/types\/product"}],"replies":[{"embeddable":true,"href":"https:\/\/comprasyconsejos.store\/en\/wp-json\/wp\/v2\/comments?post=29910"}],"version-history":[{"count":0,"href":"https:\/\/comprasyconsejos.store\/en\/wp-json\/wp\/v2\/product\/29910\/revisions"}],"wp:featuredmedia":[{"embeddable":true,"href":"https:\/\/comprasyconsejos.store\/en\/wp-json\/wp\/v2\/media\/29911"}],"wp:attachment":[{"href":"https:\/\/comprasyconsejos.store\/en\/wp-json\/wp\/v2\/media?parent=29910"}],"wp:term":[{"taxonomy":"product_brand","embeddable":true,"href":"https:\/\/comprasyconsejos.store\/en\/wp-json\/wp\/v2\/product_brand?post=29910"},{"taxonomy":"product_cat","embeddable":true,"href":"https:\/\/comprasyconsejos.store\/en\/wp-json\/wp\/v2\/product_cat?post=29910"},{"taxonomy":"product_tag","embeddable":true,"href":"https:\/\/comprasyconsejos.store\/en\/wp-json\/wp\/v2\/product_tag?post=29910"}],"curies":[{"name":"wp","href":"https:\/\/api.w.org\/{rel}","templated":true}]}}