{"id":29963,"date":"2026-02-22T03:55:35","date_gmt":"2026-02-22T03:55:35","guid":{"rendered":"https:\/\/comprasyconsejos.store\/product\/macbook-air-13-6-inch-screen-protector-anti-light-blue-screen-protector-for-macbook-air-13-inch-2022-2025-m2-m3-m4-a2681-a3113-a3240-anti-glare-screen-protector\/"},"modified":"2026-02-22T03:55:42","modified_gmt":"2026-02-22T03:55:42","slug":"macbook-air-13-6-inch-screen-protector-anti-light-blue-screen-protector-for-macbook-air-13-inch-2022-2025-m2-m3-m4-a2681-a3113-a3240-anti-glare-screen-protector","status":"publish","type":"product","link":"https:\/\/comprasyconsejos.store\/en\/product\/macbook-air-13-6-inch-screen-protector-anti-light-blue-screen-protector-for-macbook-air-13-inch-2022-2025-m2-m3-m4-a2681-a3113-a3240-anti-glare-screen-protector\/","title":{"rendered":"MacBook Air 13.6 inch Screen Protector Anti Light Blue Screen Protector for MacBook Air 13 inch 2022-2025 M2 M3 M4) A2681 A3113 A3240 Anti Glare Screen Protector"},"content":{"rendered":"<p>Price: <span style=\"color:#b12704\">\u20ac13.99<\/span><br \/><i><small>(as of Feb 22, 2026 03:55:35 UTC &#8211; <span class=\"wp_automatic_amazon_disclaimer\" title=\"Product prices and availability are accurate as of the date\/time indicated and are subject to change. Any price and availability information displayed on [relevant Amazon Site(s), as applicable] at the time of purchase will apply to the purchase of this product.\">Details<\/span>)<\/small><\/i><\/p>\n<p><a href=\"https:\/\/amazon.es\/dp\/B0C77ZN3KY?tag=man008-21\"><img decoding=\"async\" src=\"https:\/\/valvepress.s3.amazonaws.com\/imgs\/buy_now.png\"><\/a><br \/>\n<\/p>\n<p>                                             From the brand   <\/p>\n<p>                                              <img decoding=\"async\" alt=\"Ordenador port\u00e1til, tableta y tel\u00e9fono inteligente que muestran tablas y gr\u00e1ficos coloridos en sus pantallas. Dispositivos dispuestos sobre una superficie blanca con el logotipo de la empresa visible.\" src=\"https:\/\/images-na.ssl-images-amazon.com\/images\/G\/01\/x-locale\/common\/grey-pixel.gif\" class=\"a-lazy-loaded\" data-src=\"https:\/\/m.media-amazon.com\/images\/S\/aplus-media-library-service-media\/55653326-9442-40aa-86d6-d4d923b55cce.__CR0,0,2928,1250_PT0_SX1464_V1___.png\"><img decoding=\"async\" alt=\"Ordenador port\u00e1til, tableta y tel\u00e9fono inteligente que muestran tablas y gr\u00e1ficos coloridos en sus pantallas. Dispositivos dispuestos sobre una superficie blanca con el logotipo de la empresa visible.\" src=\"https:\/\/m.media-amazon.com\/images\/S\/aplus-media-library-service-media\/55653326-9442-40aa-86d6-d4d923b55cce.__CR0,0,2928,1250_PT0_SX1464_V1___.png\">  <\/p>\n<p>                                              <img decoding=\"async\" alt=\"Filtro de privacidad\" src=\"https:\/\/images-na.ssl-images-amazon.com\/images\/G\/01\/x-locale\/common\/grey-pixel.gif\" class=\"a-lazy-loaded\" data-src=\"https:\/\/m.media-amazon.com\/images\/S\/aplus-media-library-service-media\/cc0da6d2-dc2d-4fec-8b57-d7df252be78d.__CR0,0,723,905_PT0_SX362_V1___.png\"><img decoding=\"async\" alt=\"Filtro de privacidad\" src=\"https:\/\/m.media-amazon.com\/images\/S\/aplus-media-library-service-media\/cc0da6d2-dc2d-4fec-8b57-d7df252be78d.__CR0,0,723,905_PT0_SX362_V1___.png\">  <\/p>\n<p>                                              <img decoding=\"async\" alt=\". Muestra el dispositivo sobre una imagen horizontal, enfatizando la protecci\u00f3n de la salud ocular para el usuario y su familia.\" src=\"https:\/\/images-na.ssl-images-amazon.com\/images\/G\/01\/x-locale\/common\/grey-pixel.gif\" class=\"a-lazy-loaded\" data-src=\"https:\/\/m.media-amazon.com\/images\/S\/aplus-media-library-service-media\/83dd62b7-e9c3-4592-85b1-da3d118da722.__CR0,0,723,905_PT0_SX362_V1___.png\"><img decoding=\"async\" alt=\". Muestra el dispositivo sobre una imagen horizontal, enfatizando la protecci\u00f3n de la salud ocular para el usuario y su familia.\" src=\"https:\/\/m.media-amazon.com\/images\/S\/aplus-media-library-service-media\/83dd62b7-e9c3-4592-85b1-da3d118da722.__CR0,0,723,905_PT0_SX362_V1___.png\">  <\/p>\n<p>                                              <img decoding=\"async\" alt=\"Imagen compuesta sobre el compromiso medioambiental. Muestra cristaler\u00eda de laboratorio, iceberg, elefante. El texto menciona materiales respetuosos con la naturaleza, el clima y la protecci\u00f3n de los animales\" src=\"https:\/\/images-na.ssl-images-amazon.com\/images\/G\/01\/x-locale\/common\/grey-pixel.gif\" class=\"a-lazy-loaded\" data-src=\"https:\/\/m.media-amazon.com\/images\/S\/aplus-media-library-service-media\/1b3e154e-35e2-49f7-8af2-e3985a8d211d.__CR0,0,723,905_PT0_SX362_V1___.png\"><img decoding=\"async\" alt=\"Imagen compuesta sobre el compromiso medioambiental. Muestra cristaler\u00eda de laboratorio, iceberg, elefante. El texto menciona materiales respetuosos con la naturaleza, el clima y la protecci\u00f3n de los animales\" src=\"https:\/\/m.media-amazon.com\/images\/S\/aplus-media-library-service-media\/1b3e154e-35e2-49f7-8af2-e3985a8d211d.__CR0,0,723,905_PT0_SX362_V1___.png\">  <\/p>\n<p> Product Dimensions                                            \u200f                                            :                                            \u200e                                            2 x 5 x 1.27 cm; 200 g   <br \/> Date First Available                                            \u200f                                            :                                            \u200e                                            22 July 2023   <br \/> Manufacturer                                            \u200f                                            :                                            \u200e                                            Mamol   <br \/> ASIN                                            \u200f                                            :                                            \u200e                                            B0C77ZN3KY   <br \/> Item model number                                            \u200f                                            :                                            \u200e                                            MacBook Air M2 13.6&#8243;(2024 M3) (2022 M2)   <br \/> Country of origin                                            \u200f                                            :                                            \u200e                                            China   <br \/>       Best Sellers Rank:  34 in Laptop Screen Protectors       <br \/>  Customer reviews:                                                                                            3.8               3.8 out of 5 stars                                  (26)                                              var dpAcrHasRegisteredArcLinkClickAction;                    P.when(&#8216;A&#8217;, &#8216;ready&#8217;).execute(function(A) {                        if (dpAcrHasRegisteredArcLinkClickAction !== true) {                            dpAcrHasRegisteredArcLinkClickAction = true;                            A.declarative(                                &#8216;acrLink-click-metrics&#8217;, &#8216;click&#8217;,                                { \u00aballowLinkDefault\u00bb: true },                                function (event) {                                    if (window.ue) {                                        ue.count(\u00abacrLinkClickCount\u00bb, (ue.count(\u00abacrLinkClickCount\u00bb) || 0) + 1);                                    }                                }                            );                        }                    });                                             P.when(&#8216;A&#8217;, &#8216;cf&#8217;).execute(function(A) {                A.declarative(&#8216;acrStarsLink-click-metrics&#8217;, &#8216;click&#8217;, { \u00aballowLinkDefault\u00bb : true },  function(event){                    if(window.ue) {                        ue.count(\u00abacrStarsLinkWithPopoverClickCount\u00bb, (ue.count(\u00abacrStarsLinkWithPopoverClickCount\u00bb) || 0) + 1);                    }                });            });                          <\/p>\n<p>Screen Protector for MacBook Air 13.6 inch MacBook Air Screen Protector M2 is compatible with Apple MacBook Air 13.6 inch M2 Chip 2022, M3 Chip 2024 and M4 Chip 2025, ideal for short-sighted, office workers, online game players, etc. who need to protect their eyesight and to prevent eye strain SoelBefore ordering, please make sure your model number is A2681 A3113 A3240 on the back of the device.<br \/>\u3010Ultra HD Screen Protectors\u3011The basic material of MacBook Air 13.6 inch (M2 2022)(M3 2024)(M4 2025) screen protector is imported from Japan for excellent quality and durability. The ultra-thin thickness brings maximum clarity and the cutting process, which is accurate to 0.01mm, ensures accurate dimensions. Enjoy high-definition visual pleasure and full protection of your laptop screen<br \/>Upgraded Blue Light Film &#8211; Mamol has collected feedback from 53,216 users of MacBook Air 13.6 inch screen protectors to enhance the anti-blue light filter. The upgraded anti-blue light screen protector, with higher blue light blocking rate, super anti-glare performance, ultra-thin thickness, ultimate clarity, super easy installation, accurate size, and comprehensive screen protection, is definitely your best choice!<br \/>ANTI-REFLECTIVE TECHNOLOGY &#8211; The MacBook Air M2 13.6 inch anti-blue light filter from Germany&#8217;s most advanced AG anti-glare process, with integrated extremely fine particles to transform high-energy direct light into soft, diffused light. Why do you need this feature? You will no longer feel strong and harsh reflected light when using your macbook screen in full sun or in brightly lit indoor environments.<br \/>Easy Installation The adsorption layer of the MacBook Air 13.6 inch anti-light blue screen protector is made of a new material, nano silicone, which has the function of automatic adsorption and automatic removal of air bubbles. By installing Mamol&#8217;s MacBook Air M2 Anti Blue Light Screen Protector, you will have a sense of accomplishment with a quick installation and no air bubbles to fear!<\/p>\n\n","protected":false},"excerpt":{"rendered":"<p> From the brand Product Dimensions \u200f : \u200e 2 x 5 x 1.27 cm; 200<\/p>","protected":false},"featured_media":29964,"comment_status":"open","ping_status":"closed","template":"","meta":[],"product_brand":[],"product_cat":[84],"product_tag":[4208,3215,3214,216,8718,496,498,497,367,7270,584,248,160,502,503,504,499,500,501,505,1021,842],"class_list":{"0":"post-29963","1":"product","2":"type-product","3":"status-publish","4":"has-post-thumbnail","6":"product_cat-apple-macbook","7":"product_tag-a2681","8":"product_tag-a3113","9":"product_tag-a3240","10":"product_tag-air","11":"product_tag-anti","12":"product_tag-apple-macbook","13":"product_tag-apple-macbook-air","14":"product_tag-apple-macbook-pro","15":"product_tag-blue","16":"product_tag-glare","17":"product_tag-inch","18":"product_tag-light","19":"product_tag-macbook","20":"product_tag-macbook-13-inch","21":"product_tag-macbook-15-inch","22":"product_tag-macbook-16-inch","23":"product_tag-macbook-m1","24":"product_tag-macbook-m2","25":"product_tag-macbook-m3","26":"product_tag-macbook-price","27":"product_tag-protector","28":"product_tag-screen","30":"first","31":"instock","32":"shipping-taxable","33":"product-type-external"},"_links":{"self":[{"href":"https:\/\/comprasyconsejos.store\/en\/wp-json\/wp\/v2\/product\/29963","targetHints":{"allow":["GET"]}}],"collection":[{"href":"https:\/\/comprasyconsejos.store\/en\/wp-json\/wp\/v2\/product"}],"about":[{"href":"https:\/\/comprasyconsejos.store\/en\/wp-json\/wp\/v2\/types\/product"}],"replies":[{"embeddable":true,"href":"https:\/\/comprasyconsejos.store\/en\/wp-json\/wp\/v2\/comments?post=29963"}],"version-history":[{"count":0,"href":"https:\/\/comprasyconsejos.store\/en\/wp-json\/wp\/v2\/product\/29963\/revisions"}],"wp:featuredmedia":[{"embeddable":true,"href":"https:\/\/comprasyconsejos.store\/en\/wp-json\/wp\/v2\/media\/29964"}],"wp:attachment":[{"href":"https:\/\/comprasyconsejos.store\/en\/wp-json\/wp\/v2\/media?parent=29963"}],"wp:term":[{"taxonomy":"product_brand","embeddable":true,"href":"https:\/\/comprasyconsejos.store\/en\/wp-json\/wp\/v2\/product_brand?post=29963"},{"taxonomy":"product_cat","embeddable":true,"href":"https:\/\/comprasyconsejos.store\/en\/wp-json\/wp\/v2\/product_cat?post=29963"},{"taxonomy":"product_tag","embeddable":true,"href":"https:\/\/comprasyconsejos.store\/en\/wp-json\/wp\/v2\/product_tag?post=29963"}],"curies":[{"name":"wp","href":"https:\/\/api.w.org\/{rel}","templated":true}]}}