{"id":29982,"date":"2026-02-22T04:13:45","date_gmt":"2026-02-22T04:13:45","guid":{"rendered":"https:\/\/comprasyconsejos.store\/product\/gps-drone-with-4k-camera-automatic-obstacle-avoidance-foldable-quadcopter-90-adjustable-lens-23-min-autonomy-with-4-5-remote-screen-for-beginners-and-adults\/"},"modified":"2026-02-22T04:13:51","modified_gmt":"2026-02-22T04:13:51","slug":"gps-drone-with-4k-camera-automatic-obstacle-avoidance-foldable-quadcopter-90-adjustable-lens-23-min-autonomy-with-4-5-remote-screen-for-beginners-and-adults","status":"publish","type":"product","link":"https:\/\/comprasyconsejos.store\/en\/product\/gps-drone-with-4k-camera-automatic-obstacle-avoidance-foldable-quadcopter-90-adjustable-lens-23-min-autonomy-with-4-5-remote-screen-for-beginners-and-adults\/","title":{"rendered":"GPS Drone with 4K Camera, Automatic Obstacle Avoidance, Foldable Quadcopter, 90\u00b0 Adjustable Lens, 23 Min Autonomy with 4.5&#8243; Remote Screen for Beginners and Adults"},"content":{"rendered":"<p>Price: <span style=\"color:#b12704\"><del>\u20ac199.99<\/del> - \u20ac117.32<\/span><br \/><i><small>(as of Feb 22, 2026 04:13:46 UTC &#8211; <span class=\"wp_automatic_amazon_disclaimer\" title=\"Product prices and availability are accurate as of the date\/time indicated and are subject to change. Any price and availability information displayed on [relevant Amazon Site(s), as applicable] at the time of purchase will apply to the purchase of this product.\">Details<\/span>)<\/small><\/i><\/p>\n<p><a href=\"https:\/\/amazon.es\/dp\/B0F9F4JHFY?tag=man008-21\"><img decoding=\"async\" src=\"https:\/\/valvepress.s3.amazonaws.com\/imgs\/buy_now.png\"><\/a><br \/>\n<\/p>\n<p>                                             Product Description   <\/p>\n<p>                                                                                                       <img decoding=\"async\" alt=\"aplus content image\" src=\"https:\/\/images-na.ssl-images-amazon.com\/images\/G\/01\/x-locale\/common\/grey-pixel.gif\" class=\"a-lazy-loaded\" data-src=\"https:\/\/m.media-amazon.com\/images\/S\/aplus-media-library-service-media\/8a23b94b-0861-4baa-b354-fcd9f6547866.__CR0,0,1464,600_PT0_SX1464_V1___.jpg\"><img decoding=\"async\" alt=\"aplus content image\" src=\"https:\/\/m.media-amazon.com\/images\/S\/aplus-media-library-service-media\/8a23b94b-0861-4baa-b354-fcd9f6547866.__CR0,0,1464,600_PT0_SX1464_V1___.jpg\">                                               <\/p>\n<p>                                                                                                       <img decoding=\"async\" alt=\"Serie de im\u00e1genes panor\u00e1micas de paisajes monta\u00f1osos que muestran picos escarpados, bosques y actividades al aire libre como ciclismo de monta\u00f1a, senderismo y campamentos con espectaculares paisajes naturales.\" src=\"https:\/\/images-na.ssl-images-amazon.com\/images\/G\/01\/x-locale\/common\/grey-pixel.gif\" class=\"a-lazy-loaded\" data-src=\"https:\/\/m.media-amazon.com\/images\/S\/aplus-media-library-service-media\/e082da8e-33ac-41de-8e07-2e6fd2792cfd.__CR0,0,1464,600_PT0_SX1464_V1___.jpg\"><img decoding=\"async\" alt=\"Serie de im\u00e1genes panor\u00e1micas de paisajes monta\u00f1osos que muestran picos escarpados, bosques y actividades al aire libre como ciclismo de monta\u00f1a, senderismo y campamentos con espectaculares paisajes naturales.\" src=\"https:\/\/m.media-amazon.com\/images\/S\/aplus-media-library-service-media\/e082da8e-33ac-41de-8e07-2e6fd2792cfd.__CR0,0,1464,600_PT0_SX1464_V1___.jpg\">                                               <\/p>\n<p>                                                                                                       <img decoding=\"async\" alt=\"aplus content image\" src=\"https:\/\/images-na.ssl-images-amazon.com\/images\/G\/01\/x-locale\/common\/grey-pixel.gif\" class=\"a-lazy-loaded\" data-src=\"https:\/\/m.media-amazon.com\/images\/S\/aplus-media-library-service-media\/913e0095-a5d4-439f-a59e-2adc2e4225d7.__CR0,0,1464,600_PT0_SX1464_V1___.jpg\"><img decoding=\"async\" alt=\"aplus content image\" src=\"https:\/\/m.media-amazon.com\/images\/S\/aplus-media-library-service-media\/913e0095-a5d4-439f-a59e-2adc2e4225d7.__CR0,0,1464,600_PT0_SX1464_V1___.jpg\">                                               <\/p>\n<p>                                                                                                       <img decoding=\"async\" alt=\"aplus content image\" src=\"https:\/\/images-na.ssl-images-amazon.com\/images\/G\/01\/x-locale\/common\/grey-pixel.gif\" class=\"a-lazy-loaded\" data-src=\"https:\/\/m.media-amazon.com\/images\/S\/aplus-media-library-service-media\/318ad6d8-7cc6-4882-b3b0-83a58f391760.__CR0,0,1464,600_PT0_SX1464_V1___.jpg\"><img decoding=\"async\" alt=\"aplus content image\" src=\"https:\/\/m.media-amazon.com\/images\/S\/aplus-media-library-service-media\/318ad6d8-7cc6-4882-b3b0-83a58f391760.__CR0,0,1464,600_PT0_SX1464_V1___.jpg\">                                               <\/p>\n<p>                                                                                                                <img decoding=\"async\" alt=\"aplus content image\" src=\"https:\/\/m.media-amazon.com\/images\/S\/aplus-media-library-service-media\/4d6053a1-b3d4-4f62-abec-6cc77559f84a.__CR0,0,1464,600_PT0_SX1464_V1___.jpg\">                                                    <img decoding=\"async\" alt=\"aplus content image\" src=\"https:\/\/m.media-amazon.com\/images\/S\/aplus-media-library-service-media\/652290ce-e2d2-4c67-8ca9-5b30f68c4a26.__CR0,0,1464,600_PT0_SX1464_V1___.jpg\">                                                    <img decoding=\"async\" alt=\"aplus content image\" src=\"https:\/\/m.media-amazon.com\/images\/S\/aplus-media-library-service-media\/2f381d10-14f1-460a-b8a5-85bf0e5b3c9b.__CR0,0,1464,600_PT0_SX1464_V1___.jpg\"><br \/>\n                            1 Pantalla LCD de 4,5\u201c <\/p>\n<p>                            2 F\u00e1cil de Usar <\/p>\n<p>                            3 M\u00e1s Funciones <\/p>\n<p>                                                                                                                <img decoding=\"async\" alt=\"aplus content image\" src=\"https:\/\/m.media-amazon.com\/images\/S\/aplus-media-library-service-media\/cc41e93f-3703-4379-9a22-80b62916f6e5.__CR0,0,1464,600_PT0_SX1464_V1___.jpg\">                                                    <img decoding=\"async\" alt=\"aplus content image\" src=\"https:\/\/m.media-amazon.com\/images\/S\/aplus-media-library-service-media\/a08f41ec-f794-455d-9178-d85350c88608.__CR0,0,1464,600_PT0_SX1464_V1___.jpg\">                                                    <img decoding=\"async\" alt=\"El texto dice \u00abMotores Brushless\u00bb. Fotograf\u00eda t\u00e9cnica del producto en primer plano que muestra los componentes del motor iluminados de color cobre.\" src=\"https:\/\/m.media-amazon.com\/images\/S\/aplus-media-library-service-media\/192bdfc6-013a-4113-8c34-4c55230155c7.__CR0,0,1464,600_PT0_SX1464_V1___.jpg\"><br \/>\n                            1 Tarjeta SD <\/p>\n<p>                            2 Bater\u00eda Modular <\/p>\n<p>                            3 bater\u00eda modular <\/p>\n<p>                                                                                                       <img decoding=\"async\" alt=\"El texto dice \u00abContenido del Paquete\u00bb. Vista a\u00e9rea de los componentes y accesorios negros del producto dispuestos sobre una superficie oscura.\" src=\"https:\/\/images-na.ssl-images-amazon.com\/images\/G\/01\/x-locale\/common\/grey-pixel.gif\" class=\"a-lazy-loaded\" data-src=\"https:\/\/m.media-amazon.com\/images\/S\/aplus-media-library-service-media\/42cb985b-fd98-4190-bf33-88b1daaab3df.__CR0,0,1464,600_PT0_SX1464_V1___.jpg\"><img decoding=\"async\" alt=\"El texto dice \u00abContenido del Paquete\u00bb. Vista a\u00e9rea de los componentes y accesorios negros del producto dispuestos sobre una superficie oscura.\" src=\"https:\/\/m.media-amazon.com\/images\/S\/aplus-media-library-service-media\/42cb985b-fd98-4190-bf33-88b1daaab3df.__CR0,0,1464,600_PT0_SX1464_V1___.jpg\">                                               <\/p>\n<p> Batteries                                            \u200f                                            :                                            \u200e                                            1 Nonstandard Battery batteries required. (included)   <br \/> Product Dimensions                                            \u200f                                            :                                            \u200e                                            22.86 x 20.32 x 7.62 cm; 235 g   <br \/> Date First Available                                            \u200f                                            :                                            \u200e                                            21 May 2025   <br \/> ASIN                                            \u200f                                            :                                            \u200e                                            B0F9F4JHFY   <br \/> Manufacturer reference                                            \u200f                                            :                                            \u200e                                            GWGKJ25072305   <br \/> Country of origin                                            \u200f                                            :                                            \u200e                                            China   <br \/>       Best Sellers Rank:  20,907 in Toys &#038; Games (See Top 100 in Toys &#038; Games)    90 in Remote &#038; App-Controlled Drones      <br \/>  Customer reviews:                                                                                            3.8               3.8 out of 5 stars                                  (216)                                              var dpAcrHasRegisteredArcLinkClickAction;                    P.when(&#8216;A&#8217;, &#8216;ready&#8217;).execute(function(A) {                        if (dpAcrHasRegisteredArcLinkClickAction !== true) {                            dpAcrHasRegisteredArcLinkClickAction = true;                            A.declarative(                                &#8216;acrLink-click-metrics&#8217;, &#8216;click&#8217;,                                { \u00aballowLinkDefault\u00bb: true },                                function (event) {                                    if (window.ue) {                                        ue.count(\u00abacrLinkClickCount\u00bb, (ue.count(\u00abacrLinkClickCount\u00bb) || 0) + 1);                                    }                                }                            );                        }                    });                                             P.when(&#8216;A&#8217;, &#8216;cf&#8217;).execute(function(A) {                A.declarative(&#8216;acrStarsLink-click-metrics&#8217;, &#8216;click&#8217;, { \u00aballowLinkDefault\u00bb : true },  function(event){                    if(window.ue) {                        ue.count(\u00abacrStarsLinkWithPopoverClickCount\u00bb, (ue.count(\u00abacrStarsLinkWithPopoverClickCount\u00bb) || 0) + 1);                    }                });            });                          <\/p>\n<p>GPS accuracy &#038; stable flight: GPS drone with optical positioning + stable flight anti-wind. Detachable obstacle sensor and headless mode &#8211; safe drone for beginners<br \/>GPS Adventures: Activate Tap Fly (draw routes), Follow Me and Points of Interest! Automatic GPS tracking. Perfect drone for adults shooting hands free<br \/>4K FPV Live Camera: Stream 4K video on 4.5&#8243; remote screen or WiFi FPV! 90\u00b0 adjustable lens + 4GB SD card included. Captures views at 120 m altitude<br \/>23 Min Autonomy &#038; Portable: Foldable drone with brushless motor, fits in palm. 1600mAh battery for 23 min &#8211; travel drone. Range 600 meters remote\/400 meters WiFi. <250 g, without FAA registration!<br \/>All-in-One Intelligent Control: One-button take-off\/landing, flight per path, 360\u00b0\/3D flips, and gesture control. Speed adjustment &#8211; easy drone for beginners!<\/p>\n\n","protected":false},"excerpt":{"rendered":"<p> Product Description 1 Pantalla LCD de 4,5\u201c 2 F\u00e1cil de Usar 3 M\u00e1s Funciones 1<\/p>","protected":false},"featured_media":29983,"comment_status":"open","ping_status":"closed","template":"","meta":[],"product_brand":[],"product_cat":[98],"product_tag":[876,935,1963,4564,8722,2845,1917,681,2854,2852,2855,2853,2842,2844,2848,2846,2850,2838,2849,239,2839,2840,1113,2843,2160,3937,2851,4878,2841,2515,2847,842],"class_list":{"0":"post-29982","1":"product","2":"type-product","3":"status-publish","4":"has-post-thumbnail","6":"product_cat-drones","7":"product_tag-adjustable","8":"product_tag-adults","9":"product_tag-automatic","10":"product_tag-autonomy","11":"product_tag-avoidance","12":"product_tag-beginner-drone","13":"product_tag-beginners","14":"product_tag-camera","15":"product_tag-dji-drone","16":"product_tag-dji-mavic","17":"product_tag-dji-mini-2","18":"product_tag-drone","19":"product_tag-drone-accessories","20":"product_tag-drone-battery","21":"product_tag-drone-gimbal","22":"product_tag-drone-propellers","23":"product_tag-drone-spare-parts","24":"product_tag-drone-with-camera","25":"product_tag-drones-under-200","26":"product_tag-foldable","27":"product_tag-foldable-drone","28":"product_tag-fpv-drone","29":"product_tag-gps","30":"product_tag-hd-drone","31":"product_tag-lens","32":"product_tag-min","33":"product_tag-mini-drone","34":"product_tag-obstacle","35":"product_tag-quadcopter","36":"product_tag-remote","37":"product_tag-remote-control-drone","38":"product_tag-screen","40":"first","41":"instock","42":"sale","43":"shipping-taxable","44":"product-type-external"},"_links":{"self":[{"href":"https:\/\/comprasyconsejos.store\/en\/wp-json\/wp\/v2\/product\/29982","targetHints":{"allow":["GET"]}}],"collection":[{"href":"https:\/\/comprasyconsejos.store\/en\/wp-json\/wp\/v2\/product"}],"about":[{"href":"https:\/\/comprasyconsejos.store\/en\/wp-json\/wp\/v2\/types\/product"}],"replies":[{"embeddable":true,"href":"https:\/\/comprasyconsejos.store\/en\/wp-json\/wp\/v2\/comments?post=29982"}],"version-history":[{"count":0,"href":"https:\/\/comprasyconsejos.store\/en\/wp-json\/wp\/v2\/product\/29982\/revisions"}],"wp:featuredmedia":[{"embeddable":true,"href":"https:\/\/comprasyconsejos.store\/en\/wp-json\/wp\/v2\/media\/29983"}],"wp:attachment":[{"href":"https:\/\/comprasyconsejos.store\/en\/wp-json\/wp\/v2\/media?parent=29982"}],"wp:term":[{"taxonomy":"product_brand","embeddable":true,"href":"https:\/\/comprasyconsejos.store\/en\/wp-json\/wp\/v2\/product_brand?post=29982"},{"taxonomy":"product_cat","embeddable":true,"href":"https:\/\/comprasyconsejos.store\/en\/wp-json\/wp\/v2\/product_cat?post=29982"},{"taxonomy":"product_tag","embeddable":true,"href":"https:\/\/comprasyconsejos.store\/en\/wp-json\/wp\/v2\/product_tag?post=29982"}],"curies":[{"name":"wp","href":"https:\/\/api.w.org\/{rel}","templated":true}]}}