{"id":29990,"date":"2026-02-22T04:19:32","date_gmt":"2026-02-22T04:19:32","guid":{"rendered":"https:\/\/comprasyconsejos.store\/product\/unitek-external-dvd-cd-drive-with-sd-card-reader-usb-3-0-hub-usb-c-power-port-cd-dvd-rw-burner-for-laptop-desktop-pc-windows-linux-mac\/"},"modified":"2026-02-22T04:19:36","modified_gmt":"2026-02-22T04:19:36","slug":"unitek-external-dvd-cd-drive-with-sd-card-reader-usb-3-0-hub-usb-c-power-port-cd-dvd-rw-burner-for-laptop-desktop-pc-windows-linux-mac","status":"publish","type":"product","link":"https:\/\/comprasyconsejos.store\/en\/product\/unitek-external-dvd-cd-drive-with-sd-card-reader-usb-3-0-hub-usb-c-power-port-cd-dvd-rw-burner-for-laptop-desktop-pc-windows-linux-mac\/","title":{"rendered":"UNITEK External DVD\/CD Drive with SD Card Reader, USB 3.0 Hub, USB-C Power Port, CD\/DVD+\/-RW Burner for Laptop\/Desktop\/PC, Windows\/Linux\/Mac"},"content":{"rendered":"<p>Price: <span style=\"color:#b12704\">\u20ac35.99<\/span><br \/><i><small>(as of Feb 22, 2026 04:19:32 UTC &#8211; <span class=\"wp_automatic_amazon_disclaimer\" title=\"Product prices and availability are accurate as of the date\/time indicated and are subject to change. Any price and availability information displayed on [relevant Amazon Site(s), as applicable] at the time of purchase will apply to the purchase of this product.\">Details<\/span>)<\/small><\/i><\/p>\n<p><a href=\"https:\/\/amazon.es\/dp\/B0CY232QBM?tag=man008-21\"><img decoding=\"async\" src=\"https:\/\/valvepress.s3.amazonaws.com\/imgs\/buy_now.png\"><\/a><br \/>\n<\/p>\n<p>                                             Product Description   <\/p>\n<p>                                                                                                       <img decoding=\"async\" alt=\"Unidad externa delgada de CD\/DVD con superficie negra texturizada sobre fondo azul. El texto dice \u00abReproductor de CD\/DVD externo\u00bb.\" src=\"https:\/\/images-na.ssl-images-amazon.com\/images\/G\/01\/x-locale\/common\/grey-pixel.gif\" class=\"a-lazy-loaded\" data-src=\"https:\/\/m.media-amazon.com\/images\/S\/aplus-media-library-service-media\/baddbf24-b6f5-4a78-b99f-f4daeebeb2a7.__CR0,0,1464,600_PT0_SX1464_V1___.jpg\"><img decoding=\"async\" alt=\"Unidad externa delgada de CD\/DVD con superficie negra texturizada sobre fondo azul. El texto dice \u00abReproductor de CD\/DVD externo\u00bb.\" src=\"https:\/\/m.media-amazon.com\/images\/S\/aplus-media-library-service-media\/baddbf24-b6f5-4a78-b99f-f4daeebeb2a7.__CR0,0,1464,600_PT0_SX1464_V1___.jpg\">                                               <\/p>\n<p>                                                                                                                <img decoding=\"async\" alt=\"aplus content image\" src=\"https:\/\/m.media-amazon.com\/images\/S\/aplus-media-library-service-media\/f9a138bb-33d4-42e4-a51f-65c27defbba6.__CR0,0,1464,600_PT0_SX1464_V1___.jpg\">                                                    <img decoding=\"async\" alt=\"aplus content image\" src=\"https:\/\/m.media-amazon.com\/images\/S\/aplus-media-library-service-media\/90f4f71f-6983-4eda-930f-e9c0b9c881a8.__CR0,0,1464,600_PT0_SX1464_V1___.jpg\">                                                    <img decoding=\"async\" alt=\"aplus content image\" src=\"https:\/\/m.media-amazon.com\/images\/S\/aplus-media-library-service-media\/bf92017c-536c-4835-bd5a-676eb7f0b023.__CR0,0,1464,600_PT0_SX1464_V1___.jpg\"><br \/>\n                            1 Lectura r\u00e1pida <\/p>\n<p>                            2 Multifuncional <\/p>\n<p>                            3 CABLE DE CORRIENTE <\/p>\n<p>                                                                                                       <img decoding=\"async\" alt=\"aplus content image\" src=\"https:\/\/images-na.ssl-images-amazon.com\/images\/G\/01\/x-locale\/common\/grey-pixel.gif\" class=\"a-lazy-loaded\" data-src=\"https:\/\/m.media-amazon.com\/images\/S\/aplus-media-library-service-media\/25c8136c-1385-4856-853f-d41a432bf588.__CR0,0,1464,600_PT0_SX1464_V1___.jpg\"><img decoding=\"async\" alt=\"aplus content image\" src=\"https:\/\/m.media-amazon.com\/images\/S\/aplus-media-library-service-media\/25c8136c-1385-4856-853f-d41a432bf588.__CR0,0,1464,600_PT0_SX1464_V1___.jpg\">                                               <\/p>\n<p>                                                                                                       <img decoding=\"async\" alt=\"Tabla de compatibilidad que muestra los iconos de los dispositivos compatibles y no compatibles, con gr\u00e1ficos azules y blancos que indican la compatibilidad del sistema.\" src=\"https:\/\/images-na.ssl-images-amazon.com\/images\/G\/01\/x-locale\/common\/grey-pixel.gif\" class=\"a-lazy-loaded\" data-src=\"https:\/\/m.media-amazon.com\/images\/S\/aplus-media-library-service-media\/0849ff85-7693-4005-a69e-4d7285411949.__CR0,0,1464,600_PT0_SX1464_V1___.jpg\"><img decoding=\"async\" alt=\"Tabla de compatibilidad que muestra los iconos de los dispositivos compatibles y no compatibles, con gr\u00e1ficos azules y blancos que indican la compatibilidad del sistema.\" src=\"https:\/\/m.media-amazon.com\/images\/S\/aplus-media-library-service-media\/0849ff85-7693-4005-a69e-4d7285411949.__CR0,0,1464,600_PT0_SX1464_V1___.jpg\">                                               <\/p>\n<p>                                                                                                       <img decoding=\"async\" alt=\"aplus content image\" src=\"https:\/\/images-na.ssl-images-amazon.com\/images\/G\/01\/x-locale\/common\/grey-pixel.gif\" class=\"a-lazy-loaded\" data-src=\"https:\/\/m.media-amazon.com\/images\/S\/aplus-media-library-service-media\/e56df4ff-c072-40b5-bb8a-d6613f577fc6.__CR0,0,1464,600_PT0_SX1464_V1___.jpg\"><img decoding=\"async\" alt=\"aplus content image\" src=\"https:\/\/m.media-amazon.com\/images\/S\/aplus-media-library-service-media\/e56df4ff-c072-40b5-bb8a-d6613f577fc6.__CR0,0,1464,600_PT0_SX1464_V1___.jpg\">                                               <\/p>\n<p>                                                                                                       <img decoding=\"async\" alt=\"Banner promocional oscuro con el texto \u00abAlto Rendimiento Core\u00bb con gr\u00e1ficos de tem\u00e1tica tecnol\u00f3gica o de juegos con iluminaci\u00f3n de acento rojo.\" src=\"https:\/\/images-na.ssl-images-amazon.com\/images\/G\/01\/x-locale\/common\/grey-pixel.gif\" class=\"a-lazy-loaded\" data-src=\"https:\/\/m.media-amazon.com\/images\/S\/aplus-media-library-service-media\/aaabf670-4549-4fb6-9afb-b0d1b0394b58.__CR0,0,1464,600_PT0_SX1464_V1___.jpg\"><img decoding=\"async\" alt=\"Banner promocional oscuro con el texto \u00abAlto Rendimiento Core\u00bb con gr\u00e1ficos de tem\u00e1tica tecnol\u00f3gica o de juegos con iluminaci\u00f3n de acento rojo.\" src=\"https:\/\/m.media-amazon.com\/images\/S\/aplus-media-library-service-media\/aaabf670-4549-4fb6-9afb-b0d1b0394b58.__CR0,0,1464,600_PT0_SX1464_V1___.jpg\">                                               <\/p>\n<h3 class=\"a-text-center aplus-h1 a-text-bold\"> S\u00f3lo para PC o port\u00e1tilCABLE DE ALIMENTACI\u00d3N <\/h3>\n<p>                         Add To Basket  <\/p>\n<p>                         Add To Basket  <\/p>\n<p>                         Add To Basket  <\/p>\n<p>                         Add To Basket  <\/p>\n<p>                                     Customer Reviews  <\/p>\n<p>                    4.4 out of 5 stars  416  <\/p>\n<p>                    4.4 out of 5 stars  416  <\/p>\n<p>                    4.3 out of 5 stars  1,080  <\/p>\n<p>                    4.3 out of 5 stars  1,080  <\/p>\n<p>                                     Price  <\/p>\n<p>                                                        \u20ac35.99\u20ac35.99     <\/p>\n<p>                                                        \u20ac35.99\u20ac35.99     <\/p>\n<p>                                                        \u20ac39.99\u20ac39.99     <\/p>\n<p>                                                        \u20ac39.99\u20ac39.99     <\/p>\n<p>                                     USB Port  <\/p>\n<p>                                                USB Type A\/C    <\/p>\n<p>                                                USB Type A\/C    <\/p>\n<p>                                                USB Type A\/C    <\/p>\n<p>                                                USB Type A\/C    <\/p>\n<p>                                     Tama\u00f1o del producto  <\/p>\n<p>                                                154*143*16mm    <\/p>\n<p>                                                154*143*16mm    <\/p>\n<p>                                                143*155*17mm    <\/p>\n<p>                                                143*155*17mm    <\/p>\n<p>                                     USB Transfer Rate  <\/p>\n<p>                                                5Gbps    <\/p>\n<p>                                                5Gbps    <\/p>\n<p>                                                5Gbps    <\/p>\n<p>                                                5Gbps    <\/p>\n<p>                                     Soporte Chromebook  <\/p>\n<p>                                                    \u2718      <\/p>\n<p>                                                    \u2718      <\/p>\n<p>                                                    \u2718      <\/p>\n<p>                                                    \u2714       <\/p>\n<p>                                     Support Car CD DVD  <\/p>\n<p>                                                    \u2718      <\/p>\n<p>                                                    \u2718      <\/p>\n<p>                                                    \u2718      <\/p>\n<p>                                                    \u2718      <\/p>\n<p>                                     Support Blu-ray  <\/p>\n<p>                                                    \u2718      <\/p>\n<p>                                                    \u2718      <\/p>\n<p>                                                    \u2718      <\/p>\n<p>                                                    \u2718      <\/p>\n<p>                                     Reader\/Writer Burner  <\/p>\n<p>                                                    \u2714       <\/p>\n<p>                                                    \u2714       <\/p>\n<p>                                                    \u2714       <\/p>\n<p>                                                    \u2714       <\/p>\n<p>                                     Optical storage write speed  <\/p>\n<p>                                                8x for DVD-RW, 24x for CD-RW    <\/p>\n<p>                                                8x for DVD-RW, 24x for CD-RW    <\/p>\n<p>                                                8x for DVD-RW, 24x for CD-RW    <\/p>\n<p>                                                8x for DVD-RW, 24x for CD-RW    <\/p>\n<p> Package Dimensions                                            \u200f                                            :                                            \u200e                                            19.2 x 15.5 x 2.7 cm; 360 g   <br \/> Manufacturer                                            \u200f                                            :                                            \u200e                                            Unitek   <br \/> ASIN                                            \u200f                                            :                                            \u200e                                            B0CY232QBM   <br \/> Item model number                                            \u200f                                            :                                            \u200e                                            T040A   <br \/> Country of origin                                            \u200f                                            :                                            \u200e                                            China   <br \/> Guaranteed software updates until                                            \u200f                                            :                                            \u200e                                            unknown   <br \/>  Customer reviews:                                                                                            4.4               4.4 out of 5 stars                                  (416)                                              var dpAcrHasRegisteredArcLinkClickAction;                    P.when(&#8216;A&#8217;, &#8216;ready&#8217;).execute(function(A) {                        if (dpAcrHasRegisteredArcLinkClickAction !== true) {                            dpAcrHasRegisteredArcLinkClickAction = true;                            A.declarative(                                &#8216;acrLink-click-metrics&#8217;, &#8216;click&#8217;,                                { \u00aballowLinkDefault\u00bb: true },                                function (event) {                                    if (window.ue) {                                        ue.count(\u00abacrLinkClickCount\u00bb, (ue.count(\u00abacrLinkClickCount\u00bb) || 0) + 1);                                    }                                }                            );                        }                    });                                             P.when(&#8216;A&#8217;, &#8216;cf&#8217;).execute(function(A) {                A.declarative(&#8216;acrStarsLink-click-metrics&#8217;, &#8216;click&#8217;, { \u00aballowLinkDefault\u00bb : true },  function(event){                    if(window.ue) {                        ue.count(\u00abacrStarsLinkWithPopoverClickCount\u00bb, (ue.count(\u00abacrStarsLinkWithPopoverClickCount\u00bb) || 0) + 1);                    }                });            });                          <\/p>\n<p>\u30106 IN 1 Optical Drive\u3011- Unitek external optical drive not only reads CD DVD, but also can be used as an external USB hub for laptop, including 1 USB 3.0 port, 3 USB 2.0 ports, SD&#038;TF card slot, compatible with USB hard drive, mouse&#038;limited\/wireless keyboard, computer radiator and other USB computer accessories. The card slots are perfect for transferring files by your card camera to your computer.<br \/>\u3010Wide Compatibility\u3011- Supports reading and writing CD\u00b1R\/RW, CD-ROM, DVD\u00b1R\/RW, DVD-RAM, VCD, and SVCD. In addition, this USB-A and USB-C external drive supports different devices such as Macbook, iMac, Notebook, Desktop and Laptop, etc. It is compatible with Windows 11\/10 \/8 \/7 \/XP , Vista 7 \/ 8, Linux, Mac OS10.6 or above. (DOES NOT SUPPORT Chromebook)<br \/>\u3010Plug and Play\u3011- Power supply by USB C port, just connect it to your laptop and the DVD driver will be detected. You don&#8217;t need to install software to configure the driver.<br \/>\u3010Portable &#038; Compact\u3011- This external drive is slim and lightweight, and the built-in cable is easy to use and organize, so you can easily carry it in your laptop bag, making it ideal for home, office or wherever you go. Also a great gift idea for fans who collect CDs and DVDs.<br \/>\u3010High Write &#038; Read Speed\u3011- Higher data transfer speed up to 5 Gigabits\/S (625MB\/S).Max 8x DVDR Write\/Read Speed and Max 24x CD Write\/Read Speed provide high writing and reading speed.<br \/>\u3010 NOTE \u3011- Windows Media Player does not support VOB files, we recommend downloading PotPlayer to play VOB files on DVD. Please contact our customer service if you are unable to play your media file, we will reply as soon as possible!<\/p>\n\n","protected":false},"excerpt":{"rendered":"<p> Product Description 1 Lectura r\u00e1pida 2 Multifuncional 3 CABLE DE CORRIENTE S\u00f3lo para PC o<\/p>","protected":false},"featured_media":29991,"comment_status":"open","ping_status":"closed","template":"","meta":[],"product_brand":[],"product_cat":[70],"product_tag":[2109,2128,1420,3938,2117,795,2119,2111,4778,1476,2105,2101,2113,169,8723,153,2107,143,1421,3978,133,2115,2103,188,8724],"class_list":{"0":"post-29990","1":"product","2":"type-product","3":"status-publish","4":"has-post-thumbnail","6":"product_cat-disc-drives","7":"product_tag-blu-ray-drive","8":"product_tag-burner","9":"product_tag-card","10":"product_tag-cddvdrw","11":"product_tag-disc-drive-for-laptop","12":"product_tag-drive","13":"product_tag-dvd-drive-price","14":"product_tag-dvd-writer","15":"product_tag-dvdcd","16":"product_tag-external","17":"product_tag-external-cd-drive","18":"product_tag-external-dvd-drive","19":"product_tag-external-optical-drive","20":"product_tag-hub","21":"product_tag-laptopdesktoppc","22":"product_tag-port","23":"product_tag-portable-disc-drive","24":"product_tag-power","25":"product_tag-reader","26":"product_tag-unitek","27":"product_tag-usb","28":"product_tag-usb-cd-writer","29":"product_tag-usb-dvd-drive","30":"product_tag-usbc","31":"product_tag-windowslinuxmac","33":"first","34":"instock","35":"shipping-taxable","36":"product-type-external"},"_links":{"self":[{"href":"https:\/\/comprasyconsejos.store\/en\/wp-json\/wp\/v2\/product\/29990","targetHints":{"allow":["GET"]}}],"collection":[{"href":"https:\/\/comprasyconsejos.store\/en\/wp-json\/wp\/v2\/product"}],"about":[{"href":"https:\/\/comprasyconsejos.store\/en\/wp-json\/wp\/v2\/types\/product"}],"replies":[{"embeddable":true,"href":"https:\/\/comprasyconsejos.store\/en\/wp-json\/wp\/v2\/comments?post=29990"}],"version-history":[{"count":0,"href":"https:\/\/comprasyconsejos.store\/en\/wp-json\/wp\/v2\/product\/29990\/revisions"}],"wp:featuredmedia":[{"embeddable":true,"href":"https:\/\/comprasyconsejos.store\/en\/wp-json\/wp\/v2\/media\/29991"}],"wp:attachment":[{"href":"https:\/\/comprasyconsejos.store\/en\/wp-json\/wp\/v2\/media?parent=29990"}],"wp:term":[{"taxonomy":"product_brand","embeddable":true,"href":"https:\/\/comprasyconsejos.store\/en\/wp-json\/wp\/v2\/product_brand?post=29990"},{"taxonomy":"product_cat","embeddable":true,"href":"https:\/\/comprasyconsejos.store\/en\/wp-json\/wp\/v2\/product_cat?post=29990"},{"taxonomy":"product_tag","embeddable":true,"href":"https:\/\/comprasyconsejos.store\/en\/wp-json\/wp\/v2\/product_tag?post=29990"}],"curies":[{"name":"wp","href":"https:\/\/api.w.org\/{rel}","templated":true}]}}