{"id":30001,"date":"2026-02-22T04:32:05","date_gmt":"2026-02-22T04:32:05","guid":{"rendered":"https:\/\/comprasyconsejos.store\/product\/cudy-ac1200-smart-wifi-router-wifi-extender-wireless-access-point-wisp-5ghz-dual-band-wireless-internet-router-10-100mbps-lan-5dbi-antennas-vpn-ap\/"},"modified":"2026-02-22T04:32:07","modified_gmt":"2026-02-22T04:32:07","slug":"cudy-ac1200-smart-wifi-router-wifi-extender-wireless-access-point-wisp-5ghz-dual-band-wireless-internet-router-10-100mbps-lan-5dbi-antennas-vpn-ap","status":"publish","type":"product","link":"https:\/\/comprasyconsejos.store\/en\/product\/cudy-ac1200-smart-wifi-router-wifi-extender-wireless-access-point-wisp-5ghz-dual-band-wireless-internet-router-10-100mbps-lan-5dbi-antennas-vpn-ap\/","title":{"rendered":"Cudy AC1200 Smart WiFi Router, WiFi Extender, Wireless Access Point, WISP, 5GHz Dual Band Wireless Internet Router, 10\/100Mbps LAN, 5dBi Antennas, VPN, Ap"},"content":{"rendered":"<p>Price: <span style=\"color:#b12704\"><del>\u20ac24.90<\/del> - \u20ac22.90<\/span><br \/><i><small>(as of Feb 22, 2026 04:32:06 UTC &#8211; <span class=\"wp_automatic_amazon_disclaimer\" title=\"Product prices and availability are accurate as of the date\/time indicated and are subject to change. Any price and availability information displayed on [relevant Amazon Site(s), as applicable] at the time of purchase will apply to the purchase of this product.\">Details<\/span>)<\/small><\/i><\/p>\n<p><a href=\"https:\/\/amazon.es\/dp\/B09KGNWJLN?tag=man008-21\"><img decoding=\"async\" src=\"https:\/\/valvepress.s3.amazonaws.com\/imgs\/buy_now.png\"><\/a><br \/>\n<\/p>\n<p>                                             Product Description   <\/p>\n<p>                                                  <img decoding=\"async\" alt=\"wifi\" src=\"https:\/\/images-na.ssl-images-amazon.com\/images\/G\/01\/x-locale\/common\/grey-pixel.gif\" class=\"a-lazy-loaded\" data-src=\"https:\/\/m.media-amazon.com\/images\/S\/aplus-media-library-service-media\/61cabb25-42e5-47f9-b4af-de217426b1bf.__CR0,0,970,300_PT0_SX970_V1___.jpg\"><img decoding=\"async\" alt=\"wifi\" src=\"https:\/\/m.media-amazon.com\/images\/S\/aplus-media-library-service-media\/61cabb25-42e5-47f9-b4af-de217426b1bf.__CR0,0,970,300_PT0_SX970_V1___.jpg\">  <\/p>\n<p>                                                          <img decoding=\"async\" alt=\"wifi\" src=\"https:\/\/images-na.ssl-images-amazon.com\/images\/G\/01\/x-locale\/common\/grey-pixel.gif\" class=\"a-spacing-mini a-lazy-loaded\" data-src=\"https:\/\/m.media-amazon.com\/images\/S\/aplus-media-library-service-media\/489668c7-54c7-47c6-995b-6da2b5887b13.__CR0,50,300,300_PT0_SX300_V1___.jpg\"><img decoding=\"async\" alt=\"wifi\" src=\"https:\/\/m.media-amazon.com\/images\/S\/aplus-media-library-service-media\/489668c7-54c7-47c6-995b-6da2b5887b13.__CR0,50,300,300_PT0_SX300_V1___.jpg\">  <\/p>\n<p>                                                                                                 Especificaciones                                        Hasta 300 Mbps en 2.4 GHz       Hasta 867 Mbps en 5 GHz       1 \u00d7 10\/100 Mbps Puerto WAN       Puertos LAN de 4 \u00d7 10\/100 Mbps       Antenas DBI 4 \u00d7 5                                                       Contenido del paquete:                                   <\/p>\n<p class=\"a-spacing-small a-size-small\">\n<p>1 \u00d7 Enrutador de Wi-Fi1 \u00d7 Adaptador de potencia 1 \u00d7 Cable de  Ethernet1 \u00d7 Gu\u00eda de instalaci\u00f3n     <\/p>\n<p>                                                        Actualiza su red a Wi-Fi AC1200                                                                        <\/p>\n<p class=\"a-spacing-base\"> Wi-Fi de doble banda no solo triplica la velocidad, sino que tambi\u00e9n hace que su red sea m\u00e1s receptiva. Si bien los enrutadores tradicionales de una sola banda de 2.4 GHz a menudo se congestionan debido a dispositivos heredados, WR1200 proporciona una banda adicional de 5 GHz para dispositivos m\u00e1s nuevos para disfrutar de una transmisi\u00f3n de video suave y experiencias de juegos inmersivos. <\/p>\n<p>                                                                             <img decoding=\"async\" alt=\"wifi\" src=\"https:\/\/images-na.ssl-images-amazon.com\/images\/G\/01\/x-locale\/common\/grey-pixel.gif\" class=\"a-spacing-base a-lazy-loaded\" data-src=\"https:\/\/m.media-amazon.com\/images\/S\/aplus-media-library-service-media\/b2804b14-ee6a-48b1-b3ac-1d57ef88c185.__CR0,0,970,600_PT0_SX970_V1___.jpg\"><img decoding=\"async\" alt=\"wifi\" src=\"https:\/\/m.media-amazon.com\/images\/S\/aplus-media-library-service-media\/b2804b14-ee6a-48b1-b3ac-1d57ef88c185.__CR0,0,970,600_PT0_SX970_V1___.jpg\">                                                                       <\/p>\n<p class=\"apm-text-center\">\n                                                      <img decoding=\"async\" alt=\"wifi\" src=\"https:\/\/images-na.ssl-images-amazon.com\/images\/G\/01\/x-locale\/common\/grey-pixel.gif\" class=\"a-spacing-mini a-lazy-loaded\" data-src=\"https:\/\/m.media-amazon.com\/images\/S\/aplus-media-library-service-media\/64b150ef-3663-47c6-a4f1-b83049a12888.__CR0,0,300,300_PT0_SX300_V1___.jpg\"><img decoding=\"async\" alt=\"wifi\" src=\"https:\/\/m.media-amazon.com\/images\/S\/aplus-media-library-service-media\/64b150ef-3663-47c6-a4f1-b83049a12888.__CR0,0,300,300_PT0_SX300_V1___.jpg\">  <\/p>\n<p>                                                    WiFi de doble banda concurrente                                       <\/p>\n<p> 2.4GHz proporciona un rango extremadamente largo, 5GHz alcanza 867Mbps, ideal para juegos y transmisi\u00f3n 4K. La banda de 2.4GHz puede manejar tareas simples como la navegaci\u00f3n web, mientras que la banda de 5GHz puede procesar al mismo tiempo tareas intensivas de ancho de banda como juegos en l\u00ednea o transmisi\u00f3n de video HD. <\/p>\n<p class=\"apm-text-center\">\n                                                      <img decoding=\"async\" alt=\"wifi\" src=\"https:\/\/images-na.ssl-images-amazon.com\/images\/G\/01\/x-locale\/common\/grey-pixel.gif\" class=\"a-spacing-mini a-lazy-loaded\" data-src=\"https:\/\/m.media-amazon.com\/images\/S\/aplus-media\/sc\/9f4943aa-89e8-431b-a050-5e6d328655ea.__CR0,0,300,300_PT0_SX300_V1___.jpg\"><img decoding=\"async\" alt=\"wifi\" src=\"https:\/\/m.media-amazon.com\/images\/S\/aplus-media\/sc\/9f4943aa-89e8-431b-a050-5e6d328655ea.__CR0,0,300,300_PT0_SX300_V1___.jpg\">  <\/p>\n<p>                                                    Trabajo para el hogar y la oficina.                                          <\/p>\n<p> Mantenga un alto nivel de seguridad en su red para ayudar a garantizar que su privacidad est\u00e9 segura mientras est\u00e1 en l\u00ednea. <\/p>\n<p> Guest Network separa el acceso de tu red familiar. <\/p>\n<p> La protecci\u00f3n del cortafuegos evita que los paquetes maliciosos entren en su red. <\/p>\n<p> Mac y el filtrado de IP bloquean a los clientes no deseados. <\/p>\n<p class=\"apm-text-center\">\n                                                      <img decoding=\"async\" alt=\"wifi\" src=\"https:\/\/images-na.ssl-images-amazon.com\/images\/G\/01\/x-locale\/common\/grey-pixel.gif\" class=\"a-spacing-mini a-lazy-loaded\" data-src=\"https:\/\/m.media-amazon.com\/images\/S\/aplus-media-library-service-media\/829f29eb-1eb4-41f8-a51c-758b035777e8.__CR0,0,300,300_PT0_SX300_V1___.jpg\"><img decoding=\"async\" alt=\"wifi\" src=\"https:\/\/m.media-amazon.com\/images\/S\/aplus-media-library-service-media\/829f29eb-1eb4-41f8-a51c-758b035777e8.__CR0,0,300,300_PT0_SX300_V1___.jpg\">  <\/p>\n<p>                                                    Alto rendimiento                                       <\/p>\n<p> Las antenas de alta ganancia de 4 x 5dBi aumentan la sensibilidad del enrutador WiFi, crean conexiones a distancias m\u00e1s grandes, proporcionando una penetraci\u00f3n poderosa a trav\u00e9s de las paredes. <\/p>\n<p class=\"apm-text-center\">\n                                                      <img decoding=\"async\" alt=\"vpn\" src=\"https:\/\/images-na.ssl-images-amazon.com\/images\/G\/01\/x-locale\/common\/grey-pixel.gif\" class=\"a-spacing-mini a-lazy-loaded\" data-src=\"https:\/\/m.media-amazon.com\/images\/S\/aplus-media\/sc\/f0b2f09c-4645-4717-a612-69c1d93f854e.__CR0,0,300,300_PT0_SX300_V1___.jpg\"><img decoding=\"async\" alt=\"vpn\" src=\"https:\/\/m.media-amazon.com\/images\/S\/aplus-media\/sc\/f0b2f09c-4645-4717-a612-69c1d93f854e.__CR0,0,300,300_PT0_SX300_V1___.jpg\">  <\/p>\n<p>                                                    Compartir VPN con todos los dispositivos                                       <\/p>\n<p> Cuatro protocolos de clientes VPN: <\/p>\n<\/p>\n<p>PPTPL2TPWireGuardOpenVPN     <\/p>\n<p class=\"apm-text-center\">\n                                                      <img decoding=\"async\" alt=\"ddns\" src=\"https:\/\/images-na.ssl-images-amazon.com\/images\/G\/01\/x-locale\/common\/grey-pixel.gif\" class=\"a-spacing-mini a-lazy-loaded\" data-src=\"https:\/\/m.media-amazon.com\/images\/S\/aplus-media\/sc\/9ab4adf1-1a91-4385-a361-e16e699677fa.__CR0,0,300,300_PT0_SX300_V1___.jpg\"><img decoding=\"async\" alt=\"ddns\" src=\"https:\/\/m.media-amazon.com\/images\/S\/aplus-media\/sc\/9ab4adf1-1a91-4385-a361-e16e699677fa.__CR0,0,300,300_PT0_SX300_V1___.jpg\">  <\/p>\n<p>                                                    DDNS incorporados                                       <\/p>\n<p> Admite m\u00e1s de 15 proveedores DDNS, que incluyen: <\/p>\n<\/p>\n<p>No-IPDynDNS M\u00e1s     <\/p>\n<p class=\"apm-text-center\">\n                                                      <img decoding=\"async\" alt=\"wifi\" src=\"https:\/\/images-na.ssl-images-amazon.com\/images\/G\/01\/x-locale\/common\/grey-pixel.gif\" class=\"a-spacing-mini a-lazy-loaded\" data-src=\"https:\/\/m.media-amazon.com\/images\/S\/aplus-media-library-service-media\/52d1e819-cd24-4f46-bc7a-97c9860ad462.__CR0,0,300,300_PT0_SX300_V1___.jpg\"><img decoding=\"async\" alt=\"wifi\" src=\"https:\/\/m.media-amazon.com\/images\/S\/aplus-media-library-service-media\/52d1e819-cd24-4f46-bc7a-97c9860ad462.__CR0,0,300,300_PT0_SX300_V1___.jpg\">  <\/p>\n<p>                                                    Vers\u00e1til en modo m\u00faltiple                                       <\/p>\n<p> Cabe en diferentes escenarios con 4 modos de trabajo <\/p>\n<\/p>\n<p>Router: crea un wi-fiAP: Crea un Wi-Fi pero deshabilita DHCPExtender: aumenta un Wi-FiWISP: aumenta Wi-Fi pero crea una subred m\u00e1s segura     <\/p>\n<p>                                                  <img decoding=\"async\" alt=\"wifi\" src=\"https:\/\/images-na.ssl-images-amazon.com\/images\/G\/01\/x-locale\/common\/grey-pixel.gif\" class=\"a-lazy-loaded\" data-src=\"https:\/\/m.media-amazon.com\/images\/S\/aplus-media-library-service-media\/6293cc22-d227-4c06-aff2-00aec88b0ae2.__CR0,0,970,300_PT0_SX970_V1___.jpg\"><img decoding=\"async\" alt=\"wifi\" src=\"https:\/\/m.media-amazon.com\/images\/S\/aplus-media-library-service-media\/6293cc22-d227-4c06-aff2-00aec88b0ae2.__CR0,0,970,300_PT0_SX970_V1___.jpg\">  <\/p>\n<p>                         Add To Basket  <\/p>\n<p>                         Add To Basket  <\/p>\n<p>                         Add To Basket  <\/p>\n<p>                         Add To Basket  <\/p>\n<p>                             Customer Reviews  <\/p>\n<p>                    4.4 out of 5 stars  376  <\/p>\n<p>                    4.1 out of 5 stars  62  <\/p>\n<p>                    4.1 out of 5 stars  772  <\/p>\n<p>                    4.2 out of 5 stars  312  <\/p>\n<p>                    4.7 out of 5 stars  864  <\/p>\n<p>                             Price  <\/p>\n<p>                                    \u20ac22.90\u20ac22.90                  \u20ac27.87\u20ac27.87<br \/>\n                                            \u2014 no data<br \/>\n                                                          \u20ac49.99\u20ac49.99                  \u20ac32.03\u20ac32.03        <\/p>\n<p>                             Wi-Fi Standard<br \/>\n                                Wi-Fi 5               Wi-Fi 5               Wi-Fi 5                  Wi-Fi 6               Wi-Fi 6        <\/p>\n<p>                             Max 5 GHz Wi-Fi Speed<br \/>\n                                867 Mbps               867 Mbps               867 Mbps                  1201 Mbps               2402 Mbps        <\/p>\n<p>                             Max 2.4 GHz Wi-Fi Speed<br \/>\n                                300 Mbps               300 Mbps               300 Mbps                  574 Mbps               574 Mbps        <\/p>\n<p>                             Ethernet<br \/>\n                                5\u00d7 10\/100 Mbps Ports               3\u00d7 Gigabit Ports               5\u00d7 Gigabit Ports                  5\u00d7 Gigabit Ports               4\u00d7 Gigabit Ports        <\/p>\n<p>                             Cudy Mesh<br \/>\n                                  no data<br \/>\n                                                              no data<\/p>\n<p>                                              \u2713<\/p>\n<p>                                              \u2713<\/p>\n<p>                                              \u2713<\/p>\n<p>                             OpenVPN\/WireGuard\/ZeroTier\/IPSec VPN Server and Client<br \/>\n                                  no data<br \/>\n                                                              no data<\/p>\n<p>                                              \u2713<\/p>\n<p>                                              \u2713<br \/>\n                                                        Support in late 2023 (OpenVPN\/WireGuard only)        <\/p>\n<p>                             PPTP\/L2TP VPN Server and Client  <\/p>\n<p>                                              \u2713<\/p>\n<p>                                              \u2713<\/p>\n<p>                                              \u2713<\/p>\n<p>                                              \u2713<\/p>\n<p>                                              \u2713<\/p>\n<p>                             Cloudflare\/Google\/Quad9 DNS Encryption<br \/>\n                                  no data<br \/>\n                                                              no data<\/p>\n<p>                                              \u2713<\/p>\n<p>                                              \u2713<\/p>\n<p>                                              \u2713<\/p>\n<p>                             Multi-Mode<br \/>\n                                Router\/AP\/RE\/WISP               Router\/AP\/RE\/WISP               Router\/AP\/RE\/WISP\/Mesh                  Router\/AP\/RE\/WISP\/Mesh               Router\/AP\/RE\/WISP\/Mesh        <\/p>\n<p> Is discontinued by manufacturer                                            \u200f                                            :                                            \u200e                                            No   <br \/> Product Dimensions                                            \u200f                                            :                                            \u200e                                            50 x 50 x 28 cm; 250 g   <br \/> Manufacturer                                            \u200f                                            :                                            \u200e                                            Shenzhen Cudy Technology Co., Ltd.   <br \/> ASIN                                            \u200f                                            :                                            \u200e                                            B09KGNWJLN   <br \/> Item model number                                            \u200f                                            :                                            \u200e                                            WR1200   <br \/> Country of origin                                            \u200f                                            :                                            \u200e                                            China   <br \/>  Customer reviews:                                                                                            4.4               4.4 out of 5 stars                                  (376)                                              var dpAcrHasRegisteredArcLinkClickAction;                    P.when(&#8216;A&#8217;, &#8216;ready&#8217;).execute(function(A) {                        if (dpAcrHasRegisteredArcLinkClickAction !== true) {                            dpAcrHasRegisteredArcLinkClickAction = true;                            A.declarative(                                &#8216;acrLink-click-metrics&#8217;, &#8216;click&#8217;,                                { \u00aballowLinkDefault\u00bb: true },                                function (event) {                                    if (window.ue) {                                        ue.count(\u00abacrLinkClickCount\u00bb, (ue.count(\u00abacrLinkClickCount\u00bb) || 0) + 1);                                    }                                }                            );                        }                    });                                             P.when(&#8216;A&#8217;, &#8216;cf&#8217;).execute(function(A) {                A.declarative(&#8216;acrStarsLink-click-metrics&#8217;, &#8216;click&#8217;, { \u00aballowLinkDefault\u00bb : true },  function(event){                    if(window.ue) {                        ue.count(\u00abacrStarsLinkWithPopoverClickCount\u00bb, (ue.count(\u00abacrStarsLinkWithPopoverClickCount\u00bb) || 0) + 1);                    }                });            });                          <\/p>\n<p>AC1200 Wi-Fi Speed 2.4GHz provides extremely long range, 5GHz reaches 867Mbps.<br \/>WR1200 is a high speed 3 in 1 multifunction router-router\/wifi extender\/access point.<br \/>ac1200 dual band wifi router with 4 lan ports 10\/100Mbps, ideal for 100Mbps internet plan.<br \/>High gain antennas. High-gain 4x5dBi antennas increase the sensitivity of wifi and create connections over greater distances.<\/p>\n\n","protected":false},"excerpt":{"rendered":"<p> Product Description Especificaciones Hasta 300 Mbps en 2.4 GHz Hasta 867 Mbps en 5 GHz<\/p>","protected":false},"featured_media":30002,"comment_status":"open","ping_status":"closed","template":"","meta":[],"product_brand":[],"product_cat":[71],"product_tag":[8729,3708,2141,2080,2435,2304,2093,2217,2084,5502,298,2078,843,2079,2081,2083,2436,791,2082,2305,2088,2085,1593,2306,543,2076,226,2077,6350],"class_list":{"0":"post-30001","1":"product","2":"type-product","3":"status-publish","4":"has-post-thumbnail","6":"product_cat-wifi-routers","7":"product_tag-10100mbps","8":"product_tag-5dbi","9":"product_tag-5ghz","10":"product_tag-5ghz-router","11":"product_tag-ac1200","12":"product_tag-access","13":"product_tag-antennas","14":"product_tag-band","15":"product_tag-best-wifi-router","16":"product_tag-cudy","17":"product_tag-dual","18":"product_tag-dual-band-router","19":"product_tag-extender","20":"product_tag-gaming-wifi-router","21":"product_tag-high-speed-router","22":"product_tag-home-wifi-router","23":"product_tag-internet","24":"product_tag-lan","25":"product_tag-mesh-wifi-router","26":"product_tag-point","27":"product_tag-router","28":"product_tag-router-price","29":"product_tag-smart","30":"product_tag-vpn","31":"product_tag-wifi","32":"product_tag-wifi-router","33":"product_tag-wireless","34":"product_tag-wireless-router","35":"product_tag-wisp","37":"first","38":"instock","39":"sale","40":"shipping-taxable","41":"product-type-external"},"_links":{"self":[{"href":"https:\/\/comprasyconsejos.store\/en\/wp-json\/wp\/v2\/product\/30001","targetHints":{"allow":["GET"]}}],"collection":[{"href":"https:\/\/comprasyconsejos.store\/en\/wp-json\/wp\/v2\/product"}],"about":[{"href":"https:\/\/comprasyconsejos.store\/en\/wp-json\/wp\/v2\/types\/product"}],"replies":[{"embeddable":true,"href":"https:\/\/comprasyconsejos.store\/en\/wp-json\/wp\/v2\/comments?post=30001"}],"version-history":[{"count":0,"href":"https:\/\/comprasyconsejos.store\/en\/wp-json\/wp\/v2\/product\/30001\/revisions"}],"wp:featuredmedia":[{"embeddable":true,"href":"https:\/\/comprasyconsejos.store\/en\/wp-json\/wp\/v2\/media\/30002"}],"wp:attachment":[{"href":"https:\/\/comprasyconsejos.store\/en\/wp-json\/wp\/v2\/media?parent=30001"}],"wp:term":[{"taxonomy":"product_brand","embeddable":true,"href":"https:\/\/comprasyconsejos.store\/en\/wp-json\/wp\/v2\/product_brand?post=30001"},{"taxonomy":"product_cat","embeddable":true,"href":"https:\/\/comprasyconsejos.store\/en\/wp-json\/wp\/v2\/product_cat?post=30001"},{"taxonomy":"product_tag","embeddable":true,"href":"https:\/\/comprasyconsejos.store\/en\/wp-json\/wp\/v2\/product_tag?post=30001"}],"curies":[{"name":"wp","href":"https:\/\/api.w.org\/{rel}","templated":true}]}}