{"id":30030,"date":"2026-02-22T04:45:42","date_gmt":"2026-02-22T04:45:42","guid":{"rendered":"https:\/\/comprasyconsejos.store\/product\/tr-phantom-spirit-120-evo-cpu-cooler-7-heat-pipes-dual-pwm-fan-120mm-aghp-4-0-technology-for-amd-am4-am5-intel-1700-1150-1151-1200-1851-2011\/"},"modified":"2026-02-22T04:45:46","modified_gmt":"2026-02-22T04:45:46","slug":"tr-phantom-spirit-120-evo-cpu-cooler-7-heat-pipes-dual-pwm-fan-120mm-aghp-4-0-technology-for-amd-am4-am5-intel-1700-1150-1151-1200-1851-2011","status":"publish","type":"product","link":"https:\/\/comprasyconsejos.store\/en\/product\/tr-phantom-spirit-120-evo-cpu-cooler-7-heat-pipes-dual-pwm-fan-120mm-aghp-4-0-technology-for-amd-am4-am5-intel-1700-1150-1151-1200-1851-2011\/","title":{"rendered":"TR Phantom Spirit 120 EVO CPU Cooler 7 Heat Pipes Dual PWM Fan 120mm AGHP 4.0 Technology for AMD am4 am5 \/ Intel 1700\/1150\/1151\/1200 \/ 1851\/2011"},"content":{"rendered":"<p>Price: <span style=\"color:#b12704\">\u20ac51.90<\/span><br \/><i><small>(as of Feb 22, 2026 04:45:42 UTC &#8211; <span class=\"wp_automatic_amazon_disclaimer\" title=\"Product prices and availability are accurate as of the date\/time indicated and are subject to change. Any price and availability information displayed on [relevant Amazon Site(s), as applicable] at the time of purchase will apply to the purchase of this product.\">Details<\/span>)<\/small><\/i><\/p>\n<p><a href=\"https:\/\/amazon.es\/dp\/B0DBLJQCQJ?tag=man008-21\"><img decoding=\"async\" src=\"https:\/\/valvepress.s3.amazonaws.com\/imgs\/buy_now.png\"><\/a><br \/>\n<\/p>\n<p>                                             Product Description   <\/p>\n<p>                                                                             <img decoding=\"async\" alt=\"Thermalright PS120 EVO con ventiladores duales de 120 mm, siete tubos de calor y disipador t\u00e9rmico de aluminio. Dise\u00f1ado para una refrigeraci\u00f3n de alto rendimiento en\" src=\"https:\/\/images-na.ssl-images-amazon.com\/images\/G\/01\/x-locale\/common\/grey-pixel.gif\" class=\"a-spacing-base a-lazy-loaded\" data-src=\"https:\/\/m.media-amazon.com\/images\/S\/aplus-media-library-service-media\/1d378c35-8d59-41e6-8e21-3675562a1958.__CR0,0,970,600_PT0_SX970_V1___.jpg\"><img decoding=\"async\" alt=\"Thermalright PS120 EVO con ventiladores duales de 120 mm, siete tubos de calor y disipador t\u00e9rmico de aluminio. Dise\u00f1ado para una refrigeraci\u00f3n de alto rendimiento en\" src=\"https:\/\/m.media-amazon.com\/images\/S\/aplus-media-library-service-media\/1d378c35-8d59-41e6-8e21-3675562a1958.__CR0,0,970,600_PT0_SX970_V1___.jpg\">                                                                    <\/p>\n<p>                                                                             <img decoding=\"async\" alt=\"con dise\u00f1o de doble torre, iluminaci\u00f3n RGB y ventilador grande. Cuenta con un disipador de calor adicional y un \u00e1rea de aleta para mejorar la disipaci\u00f3n del calor\" src=\"https:\/\/images-na.ssl-images-amazon.com\/images\/G\/01\/x-locale\/common\/grey-pixel.gif\" class=\"a-spacing-base a-lazy-loaded\" data-src=\"https:\/\/m.media-amazon.com\/images\/S\/aplus-media-library-service-media\/a26e9579-863e-4141-8af7-ede62e9ced57.__CR0,0,970,600_PT0_SX970_V1___.jpg\"><img decoding=\"async\" alt=\"con dise\u00f1o de doble torre, iluminaci\u00f3n RGB y ventilador grande. Cuenta con un disipador de calor adicional y un \u00e1rea de aleta para mejorar la disipaci\u00f3n del calor\" src=\"https:\/\/m.media-amazon.com\/images\/S\/aplus-media-library-service-media\/a26e9579-863e-4141-8af7-ede62e9ced57.__CR0,0,970,600_PT0_SX970_V1___.jpg\">                                                                    <\/p>\n<p>                                                                             <img decoding=\"async\" alt=\"de alto rendimiento de 120 mm con aspas curvas negras y borde de iluminaci\u00f3n RGB. El dise\u00f1o dual del TL-K12 equilibra la presi\u00f3n est\u00e1tica y la est\u00e9tica, ofreciendo un rendimiento mejorado del enfriador de la CPU\" src=\"https:\/\/images-na.ssl-images-amazon.com\/images\/G\/01\/x-locale\/common\/grey-pixel.gif\" class=\"a-spacing-base a-lazy-loaded\" data-src=\"https:\/\/m.media-amazon.com\/images\/S\/aplus-media-library-service-media\/d00be4c5-26c7-4cc6-8ce1-9bbf27e3d4c9.__CR0,0,970,600_PT0_SX970_V1___.jpg\"><img decoding=\"async\" alt=\"de alto rendimiento de 120 mm con aspas curvas negras y borde de iluminaci\u00f3n RGB. El dise\u00f1o dual del TL-K12 equilibra la presi\u00f3n est\u00e1tica y la est\u00e9tica, ofreciendo un rendimiento mejorado del enfriador de la CPU\" src=\"https:\/\/m.media-amazon.com\/images\/S\/aplus-media-library-service-media\/d00be4c5-26c7-4cc6-8ce1-9bbf27e3d4c9.__CR0,0,970,600_PT0_SX970_V1___.jpg\">                                                                    <\/p>\n<p>                                                                             <img decoding=\"async\" alt=\"Gran disipador de calor negro para computadora con estructura de aleta asim\u00e9trica. Cuenta con m\u00faltiples capas de aletas de refrigeraci\u00f3n y un dise\u00f1o elegante y angular para mejorar el flujo de aire y la compatibilidad con las tarjetas gr\u00e1ficas\" src=\"https:\/\/images-na.ssl-images-amazon.com\/images\/G\/01\/x-locale\/common\/grey-pixel.gif\" class=\"a-spacing-base a-lazy-loaded\" data-src=\"https:\/\/m.media-amazon.com\/images\/S\/aplus-media-library-service-media\/9714ba41-eeba-44fb-be07-5302209260aa.__CR0,0,970,600_PT0_SX970_V1___.jpg\"><img decoding=\"async\" alt=\"Gran disipador de calor negro para computadora con estructura de aleta asim\u00e9trica. Cuenta con m\u00faltiples capas de aletas de refrigeraci\u00f3n y un dise\u00f1o elegante y angular para mejorar el flujo de aire y la compatibilidad con las tarjetas gr\u00e1ficas\" src=\"https:\/\/m.media-amazon.com\/images\/S\/aplus-media-library-service-media\/9714ba41-eeba-44fb-be07-5302209260aa.__CR0,0,970,600_PT0_SX970_V1___.jpg\">                                                                    <\/p>\n<p>                                                                             <img decoding=\"async\" alt=\"con siete tubos de calor de cobre niquelado en forma de U. Aletas negras y base visibles. El texto describe la tecnolog\u00eda AGHP para una refrigeraci\u00f3n excelente en cualquier direcci\u00f3n de instalaci\u00f3n.\" src=\"https:\/\/images-na.ssl-images-amazon.com\/images\/G\/01\/x-locale\/common\/grey-pixel.gif\" class=\"a-spacing-base a-lazy-loaded\" data-src=\"https:\/\/m.media-amazon.com\/images\/S\/aplus-media-library-service-media\/4d18dd3f-8bb7-4ab3-91e3-d24e50e79b0c.__CR0,0,970,600_PT0_SX970_V1___.jpg\"><img decoding=\"async\" alt=\"con siete tubos de calor de cobre niquelado en forma de U. Aletas negras y base visibles. El texto describe la tecnolog\u00eda AGHP para una refrigeraci\u00f3n excelente en cualquier direcci\u00f3n de instalaci\u00f3n.\" src=\"https:\/\/m.media-amazon.com\/images\/S\/aplus-media-library-service-media\/4d18dd3f-8bb7-4ab3-91e3-d24e50e79b0c.__CR0,0,970,600_PT0_SX970_V1___.jpg\">                                                                    <\/p>\n<p>                                                                             <img decoding=\"async\" alt=\"con iluminaci\u00f3n RGB y dise\u00f1o geom\u00e9trico. El texto indica la compatibilidad con los procesadores Intel y AMD. El producto muestra la compatibilidad universal con varios modelos de CPU\" src=\"https:\/\/images-na.ssl-images-amazon.com\/images\/G\/01\/x-locale\/common\/grey-pixel.gif\" class=\"a-spacing-base a-lazy-loaded\" data-src=\"https:\/\/m.media-amazon.com\/images\/S\/aplus-media-library-service-media\/1ffd9580-73b9-4c1c-90e1-1d41414a7849.__CR0,0,970,600_PT0_SX970_V1___.jpg\"><img decoding=\"async\" alt=\"con iluminaci\u00f3n RGB y dise\u00f1o geom\u00e9trico. El texto indica la compatibilidad con los procesadores Intel y AMD. El producto muestra la compatibilidad universal con varios modelos de CPU\" src=\"https:\/\/m.media-amazon.com\/images\/S\/aplus-media-library-service-media\/1ffd9580-73b9-4c1c-90e1-1d41414a7849.__CR0,0,970,600_PT0_SX970_V1___.jpg\">                                                                    <\/p>\n<p> Product Dimensions                                            \u200f                                            :                                            \u200e                                            12.5 x 13.5 x 15.7 cm; 1.84 kg   <br \/> Date First Available                                            \u200f                                            :                                            \u200e                                            30 July 2024   <br \/> Manufacturer                                            \u200f                                            :                                            \u200e                                            TR   <br \/> ASIN                                            \u200f                                            :                                            \u200e                                            B0DBLJQCQJ   <br \/> Item model number                                            \u200f                                            :                                            \u200e                                            PS120 EVO-Y-D7   <br \/> Country of origin                                            \u200f                                            :                                            \u200e                                            China   <br \/>       Best Sellers Rank:  1,311 in Computers (See Top 100 in Computers)    13 in CPU Fans      <br \/>  Customer reviews:                                                                                            4.8               4.8 out of 5 stars                                  (87)                                              var dpAcrHasRegisteredArcLinkClickAction;                    P.when(&#8216;A&#8217;, &#8216;ready&#8217;).execute(function(A) {                        if (dpAcrHasRegisteredArcLinkClickAction !== true) {                            dpAcrHasRegisteredArcLinkClickAction = true;                            A.declarative(                                &#8216;acrLink-click-metrics&#8217;, &#8216;click&#8217;,                                { \u00aballowLinkDefault\u00bb: true },                                function (event) {                                    if (window.ue) {                                        ue.count(\u00abacrLinkClickCount\u00bb, (ue.count(\u00abacrLinkClickCount\u00bb) || 0) + 1);                                    }                                }                            );                        }                    });                                             P.when(&#8216;A&#8217;, &#8216;cf&#8217;).execute(function(A) {                A.declarative(&#8216;acrStarsLink-click-metrics&#8217;, &#8216;click&#8217;, { \u00aballowLinkDefault\u00bb : true },  function(event){                    if(window.ue) {                        ue.count(\u00abacrStarsLinkWithPopoverClickCount\u00bb, (ue.count(\u00abacrStarsLinkWithPopoverClickCount\u00bb) || 0) + 1);                    }                });            });                          <\/p>\n<p>[General refinement] The CPU cooler uses the anodic black ice process, the twin heatsink towers have a frosted texture, there are 7 heat pipes completely coated in black, as well as a precisely micro-etched reflux welding copper base that greatly improves the overall performance of the radiator. Avoiding handling of a graphics card can improve CPU cooler compatibility.<br \/>[AGHP Technology] The 7x6mm heat pipe uses the upgraded fourth generation Aggp technology for anti-gravitational effects caused by vertical\/horizontal orientation. The industrial service life of S-fdb bearings can reach 20,000 hours, which ensures a long service life of air cooler radiators. UL class has low safety insulation, industrial strength PBT + PC materials to create high quality products for you.<br \/>Product specifications: PS120 Evo; CPU sink dimensions: 125(L) x 135(W) x 157(H) mm (4.92 x 5.3 x 6.18 inch); Heat dissipation material: aluminum, matte anodized black aluminum housing + pure copper fine engraving, to avoid memory design, the body is completely aluminum. Flights for maximum heat dissipation area. Combined with the high thermal conductivity of thermal paste, the strongest cooling effect of the heat sink can be achieved perfectly.<br \/>\u3010Heat Dissipation Advantages\u3011 Black top cap with brushed anode + fully plated heat pipe + Micro precision engraving with return copper base + Dual fan, with the design that prevents memory loss, not only beautiful, heat dissipation function is better, especially for CPU heat dissipation.<br \/>[Compatibility] Compatible with processor heatsink: Intel: lga1700 \/ 1150 \/ 1151 \/ 1155 \/ 1156 \/ 1200 \/ 2011 \/ 2066; AMD: am4 \/ am5; for various platforms: CPU slots, mounting plates or fixings. Compatible parts are included which can be combined with the installation manual or following the machine tutorial.<\/p>\n\n","protected":false},"excerpt":{"rendered":"<p> Product Description Product Dimensions \u200f : \u200e 12.5 x 13.5 x 15.7 cm; 1.84 kg<\/p>","protected":false},"featured_media":30031,"comment_status":"open","ping_status":"closed","template":"","meta":[],"product_brand":[],"product_cat":[66],"product_tag":[1381,2024,1662,1554,530,2008,2010,1668,598,2002,2014,1997,2016,298,1745,910,1123,562,2006,8732,2022,1999,2023,2012,2004,8441,385],"class_list":{"0":"post-30030","1":"product","2":"type-product","3":"status-publish","4":"has-post-thumbnail","6":"product_cat-cpu-fan","7":"product_tag-120mm","8":"product_tag-aghp","9":"product_tag-am4","10":"product_tag-am5","11":"product_tag-amd","12":"product_tag-amd-cpu-cooler","13":"product_tag-best-cpu-fan","14":"product_tag-cooler","15":"product_tag-cpu","16":"product_tag-cpu-air-cooler","17":"product_tag-cpu-cooling-fan","18":"product_tag-cpu-fan","19":"product_tag-cpu-fan-price","20":"product_tag-dual","21":"product_tag-evo","22":"product_tag-fan","23":"product_tag-heat","24":"product_tag-intel","25":"product_tag-intel-cpu-fan","26":"product_tag-phantom","27":"product_tag-pipes","28":"product_tag-processor-fan","29":"product_tag-pwm","30":"product_tag-quiet-cpu-cooler","31":"product_tag-rgb-cpu-cooler","32":"product_tag-spirit","33":"product_tag-technology","35":"first","36":"instock","37":"shipping-taxable","38":"product-type-external"},"_links":{"self":[{"href":"https:\/\/comprasyconsejos.store\/en\/wp-json\/wp\/v2\/product\/30030","targetHints":{"allow":["GET"]}}],"collection":[{"href":"https:\/\/comprasyconsejos.store\/en\/wp-json\/wp\/v2\/product"}],"about":[{"href":"https:\/\/comprasyconsejos.store\/en\/wp-json\/wp\/v2\/types\/product"}],"replies":[{"embeddable":true,"href":"https:\/\/comprasyconsejos.store\/en\/wp-json\/wp\/v2\/comments?post=30030"}],"version-history":[{"count":0,"href":"https:\/\/comprasyconsejos.store\/en\/wp-json\/wp\/v2\/product\/30030\/revisions"}],"wp:featuredmedia":[{"embeddable":true,"href":"https:\/\/comprasyconsejos.store\/en\/wp-json\/wp\/v2\/media\/30031"}],"wp:attachment":[{"href":"https:\/\/comprasyconsejos.store\/en\/wp-json\/wp\/v2\/media?parent=30030"}],"wp:term":[{"taxonomy":"product_brand","embeddable":true,"href":"https:\/\/comprasyconsejos.store\/en\/wp-json\/wp\/v2\/product_brand?post=30030"},{"taxonomy":"product_cat","embeddable":true,"href":"https:\/\/comprasyconsejos.store\/en\/wp-json\/wp\/v2\/product_cat?post=30030"},{"taxonomy":"product_tag","embeddable":true,"href":"https:\/\/comprasyconsejos.store\/en\/wp-json\/wp\/v2\/product_tag?post=30030"}],"curies":[{"name":"wp","href":"https:\/\/api.w.org\/{rel}","templated":true}]}}