{"id":30053,"date":"2026-02-22T05:03:42","date_gmt":"2026-02-22T05:03:42","guid":{"rendered":"https:\/\/comprasyconsejos.store\/product\/canon-pixma-ts6550i-all-in-one-printer-with-wi-fi-connectivity-and-1-42-oled-display-wireless-for-easy-printing-from-your-smartphone-pixma-print-plan\/"},"modified":"2026-02-22T05:03:46","modified_gmt":"2026-02-22T05:03:46","slug":"canon-pixma-ts6550i-all-in-one-printer-with-wi-fi-connectivity-and-1-42-oled-display-wireless-for-easy-printing-from-your-smartphone-pixma-print-plan","status":"publish","type":"product","link":"https:\/\/comprasyconsejos.store\/en\/product\/canon-pixma-ts6550i-all-in-one-printer-with-wi-fi-connectivity-and-1-42-oled-display-wireless-for-easy-printing-from-your-smartphone-pixma-print-plan\/","title":{"rendered":"Canon PIXMA TS6550I &#8211; All-in-One Printer with Wi-Fi Connectivity and 1.42&#8243; OLED Display | Wireless for Easy Printing from Your Smartphone PIXMA Print Plan"},"content":{"rendered":"<p>Price: <span style=\"color:#b12704\"><del>\u20ac90.49<\/del> - \u20ac69.99<\/span><br \/><i><small>(as of Feb 22, 2026 05:03:42 UTC &#8211; <span class=\"wp_automatic_amazon_disclaimer\" title=\"Product prices and availability are accurate as of the date\/time indicated and are subject to change. Any price and availability information displayed on [relevant Amazon Site(s), as applicable] at the time of purchase will apply to the purchase of this product.\">Details<\/span>)<\/small><\/i><\/p>\n<p><a href=\"https:\/\/amazon.es\/dp\/B0FPDFZ4RS?tag=man008-21\"><img decoding=\"async\" src=\"https:\/\/valvepress.s3.amazonaws.com\/imgs\/buy_now.png\"><\/a><br \/>\n<\/p>\n<p>                                             From the manufacturer   <\/p>\n<p>                                                                                                       <img decoding=\"async\" alt=\"El texto dice \u00abCanon PIXMA\u00bb. Imagen de marketing que muestra una impresora de la serie PIXMA de Canon.\" src=\"https:\/\/images-na.ssl-images-amazon.com\/images\/G\/01\/x-locale\/common\/grey-pixel.gif\" class=\"a-lazy-loaded\" data-src=\"https:\/\/m.media-amazon.com\/images\/S\/aplus-media-library-service-media\/f138fd88-456b-422b-bfc7-4371ae3478d6.__CR0,0,3000,1230_PT0_SX1464_V1___.jpg\"><img decoding=\"async\" alt=\"El texto dice \u00abCanon PIXMA\u00bb. Imagen de marketing que muestra una impresora de la serie PIXMA de Canon.\" src=\"https:\/\/m.media-amazon.com\/images\/S\/aplus-media-library-service-media\/f138fd88-456b-422b-bfc7-4371ae3478d6.__CR0,0,3000,1230_PT0_SX1464_V1___.jpg\">                                               <\/p>\n<p>                                                                                                       <img decoding=\"async\" alt=\"El texto dice \u00abPIXMA\u00bb. LO NECESITO, IMPR\u00cdMELO. El anuncio muestra una impresora blanca con un dise\u00f1o minimalista y l\u00edneas limpias.\" src=\"https:\/\/images-na.ssl-images-amazon.com\/images\/G\/01\/x-locale\/common\/grey-pixel.gif\" class=\"a-lazy-loaded\" data-src=\"https:\/\/m.media-amazon.com\/images\/S\/aplus-media-library-service-media\/f85459cc-4089-4b85-86db-eb56ff5bb802.__CR0,0,3000,1230_PT0_SX1464_V1___.jpg\"><img decoding=\"async\" alt=\"El texto dice \u00abPIXMA\u00bb. LO NECESITO, IMPR\u00cdMELO. El anuncio muestra una impresora blanca con un dise\u00f1o minimalista y l\u00edneas limpias.\" src=\"https:\/\/m.media-amazon.com\/images\/S\/aplus-media-library-service-media\/f85459cc-4089-4b85-86db-eb56ff5bb802.__CR0,0,3000,1230_PT0_SX1464_V1___.jpg\">                                               <\/p>\n<p>                                                                                                       <img decoding=\"async\" alt=\"Cuadr\u00edcula de elementos de interfaz de redes sociales o aplicaciones que muestran varias pantallas de interacci\u00f3n y momentos de participaci\u00f3n de los usuarios.\" src=\"https:\/\/images-na.ssl-images-amazon.com\/images\/G\/01\/x-locale\/common\/grey-pixel.gif\" class=\"a-lazy-loaded\" data-src=\"https:\/\/m.media-amazon.com\/images\/S\/aplus-media-library-service-media\/dd694b20-b0e9-472a-8ce5-9b7f9d2a0fab.__CR0,0,3000,1230_PT0_SX1464_V1___.jpg\"><img decoding=\"async\" alt=\"Cuadr\u00edcula de elementos de interfaz de redes sociales o aplicaciones que muestran varias pantallas de interacci\u00f3n y momentos de participaci\u00f3n de los usuarios.\" src=\"https:\/\/m.media-amazon.com\/images\/S\/aplus-media-library-service-media\/dd694b20-b0e9-472a-8ce5-9b7f9d2a0fab.__CR0,0,3000,1230_PT0_SX1464_V1___.jpg\">                                               <\/p>\n<p>                                                                                  <img decoding=\"async\" alt=\"El texto dice \u00abIMPRESI\u00d3N R\u00c1PIDA PARA VIDAS OCUPADAS\u00bb. Ambiente de oficina con impresora y equipo inform\u00e1tico en el escritorio.\" src=\"https:\/\/m.media-amazon.com\/images\/S\/aplus-media-library-service-media\/0556487c-2422-42ed-be81-7b4fc2ef8ae3.__CR0,0,3000,1230_PT0_SX1464_V1___.jpg\">       <\/p>\n<p>                                                                                  <img decoding=\"async\" alt=\"aplus content image\" src=\"https:\/\/m.media-amazon.com\/images\/S\/aplus-media-library-service-media\/afec5319-e6c7-4bb3-aed2-217dc73a1cea.__CR0,0,3000,1230_PT0_SX1464_V1___.jpg\">       <\/p>\n<p>                                                                                  <img decoding=\"async\" alt=\"aplus content image\" src=\"https:\/\/m.media-amazon.com\/images\/S\/aplus-media-library-service-media\/4c3ea0fa-c3fb-44d9-b267-0c657b3472d5.__CR0,0,3000,1230_PT0_SX1464_V1___.jpg\">       <\/p>\n<p>                                                                                  <img decoding=\"async\" alt=\"El texto dice: \u00abIMPRESI\u00d3N INTELIGENTE ALTA QUALITY HOMES\u00bb. La imagen muestra el smartphone junto al dispositivo de impresi\u00f3n sobre una superficie de madera.\" src=\"https:\/\/m.media-amazon.com\/images\/S\/aplus-media-library-service-media\/b34a3ada-a764-48fa-a3a0-bb988a6e1519.__CR0,0,3000,1230_PT0_SX1464_V1___.jpg\">       <\/p>\n<p>                                                                                  <img decoding=\"async\" alt=\"aplus content image\" src=\"https:\/\/m.media-amazon.com\/images\/S\/aplus-media-library-service-media\/2a4e5753-7804-4eec-a0b9-4ea68d7ba62e.__CR0,0,3000,1230_PT0_SX1464_V1___.jpg\">       <\/p>\n<p>                                                                                                       <img decoding=\"async\" alt=\"El texto dice \u00abPLAN DE IMPRESI\u00d3N PYME ECON\u00d3MICO\u00bb. Materiales de marketing que muestran cajas y empaques de cart\u00f3n marr\u00f3n junto con un texto sobre un plan de impresi\u00f3n empresarial.\" src=\"https:\/\/images-na.ssl-images-amazon.com\/images\/G\/01\/x-locale\/common\/grey-pixel.gif\" class=\"a-lazy-loaded\" data-src=\"https:\/\/m.media-amazon.com\/images\/S\/aplus-media-library-service-media\/b61d64be-5053-4d64-a755-f8edbe5cb4cd.__CR0,0,3000,1230_PT0_SX1464_V1___.jpg\"><img decoding=\"async\" alt=\"El texto dice \u00abPLAN DE IMPRESI\u00d3N PYME ECON\u00d3MICO\u00bb. Materiales de marketing que muestran cajas y empaques de cart\u00f3n marr\u00f3n junto con un texto sobre un plan de impresi\u00f3n empresarial.\" src=\"https:\/\/m.media-amazon.com\/images\/S\/aplus-media-library-service-media\/b61d64be-5053-4d64-a755-f8edbe5cb4cd.__CR0,0,3000,1230_PT0_SX1464_V1___.jpg\">                                               <\/p>\n<p> Batteries                                            \u200f                                            :                                            \u200e                                            1 AAAA batteries required.   <br \/> Language                                            \u200f                                            :                                            \u200e                                            German, German, German, German, German   <br \/> Product Dimensions                                            \u200f                                            :                                            \u200e                                            49.8 x 23.9 x 44.6 cm; 5.3 kg   <br \/> Manufacturer                                            \u200f                                            :                                            \u200e                                            Canon   <br \/> ASIN                                            \u200f                                            :                                            \u200e                                            B0FPDFZ4RS   <br \/> Item model number                                            \u200f                                            :                                            \u200e                                            TS6550I   <br \/>  Customer reviews:                                                                                            4.5               4.5 out of 5 stars                                  (45)                                              var dpAcrHasRegisteredArcLinkClickAction;                    P.when(&#8216;A&#8217;, &#8216;ready&#8217;).execute(function(A) {                        if (dpAcrHasRegisteredArcLinkClickAction !== true) {                            dpAcrHasRegisteredArcLinkClickAction = true;                            A.declarative(                                &#8216;acrLink-click-metrics&#8217;, &#8216;click&#8217;,                                { \u00aballowLinkDefault\u00bb: true },                                function (event) {                                    if (window.ue) {                                        ue.count(\u00abacrLinkClickCount\u00bb, (ue.count(\u00abacrLinkClickCount\u00bb) || 0) + 1);                                    }                                }                            );                        }                    });                                             P.when(&#8216;A&#8217;, &#8216;cf&#8217;).execute(function(A) {                A.declarative(&#8216;acrStarsLink-click-metrics&#8217;, &#8216;click&#8217;, { \u00aballowLinkDefault\u00bb : true },  function(event){                    if(window.ue) {                        ue.count(\u00abacrStarsLinkWithPopoverClickCount\u00bb, (ue.count(\u00abacrStarsLinkWithPopoverClickCount\u00bb) || 0) + 1);                    }                });            });                          <\/p>\n<p>Compact Printer: Canon PIXMA TS6550I is a high speed, high-quality wireless printer with a compact design and seamless connectivity with smartphones &#8211; the perfect all-in-one home printer<br \/>FINE Ink: Features new FINE ink optimization technology for faster, more detailed results &#8211; print QR codes, maps, colorful diagrams and other detailed documents<br \/>Connectivity: Connect your smartphone or tablet by scanning the QR code on screen &#8211; print, scan and copy vibrant documents or photos with ease &#8211; print speeds of 14 ipm in monochrome and 9 ipm in color<br \/>COMPACT PRINTER: Optimized space-saving design with 1.42&#8243; OLED screen perfect for your home office &#8211; quick and easy to use, ideal for schoolwork, photos and creative projects<br \/>PIXMA PRINT PLAN: Receive ink automatically at home when your printer runs out of ink with PIXMA Print Plan. Choose from several flexible monthly plans that suit you<\/p>\n\n","protected":false},"excerpt":{"rendered":"<p> From the manufacturer Batteries \u200f : \u200e 1 AAAA batteries required. Language \u200f : \u200e<\/p>","protected":false},"featured_media":30054,"comment_status":"open","ping_status":"closed","template":"","meta":[],"product_brand":[],"product_cat":[59],"product_tag":[1946,895,1954,2184,1143,561,1142,1951,1953,1948,1950,884,2185,5374,1958,1962,1955,1949,2276,1897,8736,543,1952,226,1947],"class_list":{"0":"post-30053","1":"product","2":"type-product","3":"status-publish","4":"has-post-thumbnail","6":"product_cat-printers-all-in-one","7":"product_tag-all-in-one-printer","8":"product_tag-allinone","9":"product_tag-best-all-in-one-printer","10":"product_tag-canon","11":"product_tag-connectivity","12":"product_tag-display","13":"product_tag-easy","14":"product_tag-home-printer","15":"product_tag-ink-tank-printer","16":"product_tag-multifunction-printer","17":"product_tag-office-printer","18":"product_tag-oled","19":"product_tag-pixma","20":"product_tag-plan","21":"product_tag-print","22":"product_tag-printer","23":"product_tag-printer-price","24":"product_tag-printer-scanner-copier","25":"product_tag-printing","26":"product_tag-smartphone","27":"product_tag-ts6550i","28":"product_tag-wifi","29":"product_tag-wifi-printer","30":"product_tag-wireless","31":"product_tag-wireless-printer","33":"first","34":"instock","35":"sale","36":"shipping-taxable","37":"product-type-external"},"_links":{"self":[{"href":"https:\/\/comprasyconsejos.store\/en\/wp-json\/wp\/v2\/product\/30053","targetHints":{"allow":["GET"]}}],"collection":[{"href":"https:\/\/comprasyconsejos.store\/en\/wp-json\/wp\/v2\/product"}],"about":[{"href":"https:\/\/comprasyconsejos.store\/en\/wp-json\/wp\/v2\/types\/product"}],"replies":[{"embeddable":true,"href":"https:\/\/comprasyconsejos.store\/en\/wp-json\/wp\/v2\/comments?post=30053"}],"version-history":[{"count":0,"href":"https:\/\/comprasyconsejos.store\/en\/wp-json\/wp\/v2\/product\/30053\/revisions"}],"wp:featuredmedia":[{"embeddable":true,"href":"https:\/\/comprasyconsejos.store\/en\/wp-json\/wp\/v2\/media\/30054"}],"wp:attachment":[{"href":"https:\/\/comprasyconsejos.store\/en\/wp-json\/wp\/v2\/media?parent=30053"}],"wp:term":[{"taxonomy":"product_brand","embeddable":true,"href":"https:\/\/comprasyconsejos.store\/en\/wp-json\/wp\/v2\/product_brand?post=30053"},{"taxonomy":"product_cat","embeddable":true,"href":"https:\/\/comprasyconsejos.store\/en\/wp-json\/wp\/v2\/product_cat?post=30053"},{"taxonomy":"product_tag","embeddable":true,"href":"https:\/\/comprasyconsejos.store\/en\/wp-json\/wp\/v2\/product_tag?post=30053"}],"curies":[{"name":"wp","href":"https:\/\/api.w.org\/{rel}","templated":true}]}}