{"id":30071,"date":"2026-02-22T05:17:42","date_gmt":"2026-02-22T05:17:42","guid":{"rendered":"https:\/\/comprasyconsejos.store\/product\/philips-27e1n1900ae-monitor-ultra-hd-de-27-pulgadas-regulable-en-altura-altavoz-hdr10-3840x2160-60-hz-2x-hdmi-2-0-usb-c-65w-pd-hub-usb-negro\/"},"modified":"2026-02-22T05:17:45","modified_gmt":"2026-02-22T05:17:45","slug":"philips-27e1n1900ae-monitor-ultra-hd-de-27-pulgadas-regulable-en-altura-altavoz-hdr10-3840x2160-60-hz-2x-hdmi-2-0-usb-c-65w-pd-hub-usb-negro","status":"publish","type":"product","link":"https:\/\/comprasyconsejos.store\/en\/product\/philips-27e1n1900ae-monitor-ultra-hd-de-27-pulgadas-regulable-en-altura-altavoz-hdr10-3840x2160-60-hz-2x-hdmi-2-0-usb-c-65w-pd-hub-usb-negro\/","title":{"rendered":"Philips 27E1N1900AE &#8211; Monitor Ultra HD de 27 pulgadas, regulable en altura, altavoz, HDR10 (3840&#215;2160, 60 Hz, 2x HDMI 2.0, USB-C (65W PD), Hub USB) negro"},"content":{"rendered":"<p>Price: <span style=\"color:#b12704\">\u20ac227.05<\/span><br \/><i><small>(as of Feb 22, 2026 05:17:42 UTC &#8211; <span class=\"wp_automatic_amazon_disclaimer\" title=\"Product prices and availability are accurate as of the date\/time indicated and are subject to change. Any price and availability information displayed on [relevant Amazon Site(s), as applicable] at the time of purchase will apply to the purchase of this product.\">Details<\/span>)<\/small><\/i><\/p>\n<p><a href=\"https:\/\/amazon.es\/dp\/B0DBM1P775?tag=man008-21\"><img decoding=\"async\" src=\"https:\/\/valvepress.s3.amazonaws.com\/imgs\/buy_now.png\"><\/a><br \/>\n<\/p>\n<p>                                             From the brand   <\/p>\n<p>                                              <img decoding=\"async\" alt=\"aplus content image\" src=\"https:\/\/images-na.ssl-images-amazon.com\/images\/G\/01\/x-locale\/common\/grey-pixel.gif\" class=\"a-lazy-loaded\" data-src=\"https:\/\/m.media-amazon.com\/images\/S\/aplus-media-library-service-media\/f8c95a3f-774f-4d59-8383-8c7f3514e6cf.__CR12,0,1476,630_PT0_SX1464_V1___.jpg\"><img decoding=\"async\" alt=\"aplus content image\" src=\"https:\/\/m.media-amazon.com\/images\/S\/aplus-media-library-service-media\/f8c95a3f-774f-4d59-8383-8c7f3514e6cf.__CR12,0,1476,630_PT0_SX1464_V1___.jpg\">  <\/p>\n<p>                                              <img decoding=\"async\" alt=\"aplus content image\" src=\"https:\/\/images-na.ssl-images-amazon.com\/images\/G\/01\/x-locale\/common\/grey-pixel.gif\" class=\"a-lazy-loaded\" data-src=\"https:\/\/m.media-amazon.com\/images\/S\/aplus-media-library-service-media\/1df33e20-5a0e-4d5a-936f-9cfcd1fee762.__CR0,0,362,453_PT0_SX362_V1___.jpg\"><img decoding=\"async\" alt=\"aplus content image\" src=\"https:\/\/m.media-amazon.com\/images\/S\/aplus-media-library-service-media\/1df33e20-5a0e-4d5a-936f-9cfcd1fee762.__CR0,0,362,453_PT0_SX362_V1___.jpg\">  <\/p>\n<h3> USO Profesional <\/h3>\n<p class=\"apm-brand-story-stores-link\">\n<h3> USE DOMESTICO <\/h3>\n<p class=\"apm-brand-story-stores-link\">\n<p>                                              <img decoding=\"async\" alt=\"El texto dice \u00abAcerca de nosotros\u00bb seguido de \u00abLos monitores Philips est\u00e1n dise\u00f1ados para hacer que la vida cotidiana sea m\u00e1s f\u00e1cil y m\u00e1s inteligente y m\u00e1s inspiradora\u00bb. Ya sea que est\u00e1 trabajando, creando, estudiando.\" src=\"https:\/\/images-na.ssl-images-amazon.com\/images\/G\/01\/x-locale\/common\/grey-pixel.gif\" class=\"a-lazy-loaded\" data-src=\"https:\/\/m.media-amazon.com\/images\/S\/aplus-media-library-service-media\/59805462-1f57-4b24-89c2-d7df1894e5ef.__CR0,0,362,453_PT0_SX362_V1___.jpg\"><img decoding=\"async\" alt=\"El texto dice \u00abAcerca de nosotros\u00bb seguido de \u00abLos monitores Philips est\u00e1n dise\u00f1ados para hacer que la vida cotidiana sea m\u00e1s f\u00e1cil y m\u00e1s inteligente y m\u00e1s inspiradora\u00bb. Ya sea que est\u00e1 trabajando, creando, estudiando.\" src=\"https:\/\/m.media-amazon.com\/images\/S\/aplus-media-library-service-media\/59805462-1f57-4b24-89c2-d7df1894e5ef.__CR0,0,362,453_PT0_SX362_V1___.jpg\">  <\/p>\n<p> Batteries                                            \u200f                                            :                                            \u200e                                            1 Lithium Ion batteries required.   <br \/> Is discontinued by manufacturer                                            \u200f                                            :                                            \u200e                                            No   <br \/> Product Dimensions                                            \u200f                                            :                                            \u200e                                            22 x 61.3 x 49.2 cm; 8.6 kg   <br \/> Manufacturer                                            \u200f                                            :                                            \u200e                                            Philips   <br \/> ASIN                                            \u200f                                            :                                            \u200e                                            B0DBM1P775   <br \/> Item model number                                            \u200f                                            :                                            \u200e                                            27E1N1900AE\/00   <br \/> Guaranteed software updates until                                            \u200f                                            :                                            \u200e                                            unknown   <br \/>  Customer reviews:                                                                                            4.4               4.4 out of 5 stars                                  (1,462)                                              var dpAcrHasRegisteredArcLinkClickAction;                    P.when(&#8216;A&#8217;, &#8216;ready&#8217;).execute(function(A) {                        if (dpAcrHasRegisteredArcLinkClickAction !== true) {                            dpAcrHasRegisteredArcLinkClickAction = true;                            A.declarative(                                &#8216;acrLink-click-metrics&#8217;, &#8216;click&#8217;,                                { \u00aballowLinkDefault\u00bb: true },                                function (event) {                                    if (window.ue) {                                        ue.count(\u00abacrLinkClickCount\u00bb, (ue.count(\u00abacrLinkClickCount\u00bb) || 0) + 1);                                    }                                }                            );                        }                    });                                             P.when(&#8216;A&#8217;, &#8216;cf&#8217;).execute(function(A) {                A.declarative(&#8216;acrStarsLink-click-metrics&#8217;, &#8216;click&#8217;, { \u00aballowLinkDefault\u00bb : true },  function(event){                    if(window.ue) {                        ue.count(\u00abacrStarsLinkWithPopoverClickCount\u00bb, (ue.count(\u00abacrStarsLinkWithPopoverClickCount\u00bb) || 0) + 1);                    }                });            });                          <\/p>\n<p>EasySelect menu toggle button for quick access to on-screen menu<br \/>LowBlue mode and eye-pleasing, flicker-free viewing<br \/>Built-in stereo speakers for multimedia<br \/>Connect your laptop with a USB-C cable<br \/>VESA mount for convenience<\/p>\n\n","protected":false},"excerpt":{"rendered":"<p> From the brand USO Profesional USE DOMESTICO Batteries \u200f : \u200e 1 Lithium Ion batteries<\/p>","protected":false},"featured_media":30072,"comment_status":"open","ping_status":"closed","template":"","meta":[],"product_brand":[],"product_cat":[53],"product_tag":[8742,1804,3145,1801,1802,1805,1803,1799,1807,158,4339,5026,1806,544,1925,169,844,3998,7195,1808,4035,5025,1800,222,133,188],"class_list":{"0":"post-30071","1":"product","2":"type-product","3":"status-publish","4":"has-post-thumbnail","6":"product_cat-4k-monitors","7":"product_tag-27e1n1900ae","8":"product_tag-32-inch-4k-monitor","9":"product_tag-3840x2160","10":"product_tag-3840x2160-monitor","11":"product_tag-4k-gaming-monitor","12":"product_tag-4k-hdr-monitor","13":"product_tag-4k-ips-monitor","14":"product_tag-4k-monitor","15":"product_tag-4k-monitor-price","16":"product_tag-65w","17":"product_tag-altavoz","18":"product_tag-altura","19":"product_tag-best-4k-monitor","20":"product_tag-hdmi","21":"product_tag-hdr10","22":"product_tag-hub","23":"product_tag-monitor","24":"product_tag-negro","25":"product_tag-philips","26":"product_tag-professional-4k-monitor","27":"product_tag-pulgadas","28":"product_tag-regulable","29":"product_tag-uhd-monitor","30":"product_tag-ultra","31":"product_tag-usb","32":"product_tag-usbc","34":"first","35":"instock","36":"shipping-taxable","37":"product-type-external"},"_links":{"self":[{"href":"https:\/\/comprasyconsejos.store\/en\/wp-json\/wp\/v2\/product\/30071","targetHints":{"allow":["GET"]}}],"collection":[{"href":"https:\/\/comprasyconsejos.store\/en\/wp-json\/wp\/v2\/product"}],"about":[{"href":"https:\/\/comprasyconsejos.store\/en\/wp-json\/wp\/v2\/types\/product"}],"replies":[{"embeddable":true,"href":"https:\/\/comprasyconsejos.store\/en\/wp-json\/wp\/v2\/comments?post=30071"}],"version-history":[{"count":0,"href":"https:\/\/comprasyconsejos.store\/en\/wp-json\/wp\/v2\/product\/30071\/revisions"}],"wp:featuredmedia":[{"embeddable":true,"href":"https:\/\/comprasyconsejos.store\/en\/wp-json\/wp\/v2\/media\/30072"}],"wp:attachment":[{"href":"https:\/\/comprasyconsejos.store\/en\/wp-json\/wp\/v2\/media?parent=30071"}],"wp:term":[{"taxonomy":"product_brand","embeddable":true,"href":"https:\/\/comprasyconsejos.store\/en\/wp-json\/wp\/v2\/product_brand?post=30071"},{"taxonomy":"product_cat","embeddable":true,"href":"https:\/\/comprasyconsejos.store\/en\/wp-json\/wp\/v2\/product_cat?post=30071"},{"taxonomy":"product_tag","embeddable":true,"href":"https:\/\/comprasyconsejos.store\/en\/wp-json\/wp\/v2\/product_tag?post=30071"}],"curies":[{"name":"wp","href":"https:\/\/api.w.org\/{rel}","templated":true}]}}