{"id":30087,"date":"2026-02-22T05:28:45","date_gmt":"2026-02-22T05:28:45","guid":{"rendered":"https:\/\/comprasyconsejos.store\/product\/dreame-d20-pro-plus-2-in-1-robot-vacuum-cleaner-and-scrubbing-13000-pa-double-brush-for-pet-hair-corner-cleaning-emptying-lds-navigation-laser-dodging-hard-floors-carpets-5200mah\/"},"modified":"2026-02-22T05:28:56","modified_gmt":"2026-02-22T05:28:56","slug":"dreame-d20-pro-plus-2-in-1-robot-vacuum-cleaner-and-scrubbing-13000-pa-double-brush-for-pet-hair-corner-cleaning-emptying-lds-navigation-laser-dodging-hard-floors-carpets-5200mah","status":"publish","type":"product","link":"https:\/\/comprasyconsejos.store\/en\/product\/dreame-d20-pro-plus-2-in-1-robot-vacuum-cleaner-and-scrubbing-13000-pa-double-brush-for-pet-hair-corner-cleaning-emptying-lds-navigation-laser-dodging-hard-floors-carpets-5200mah\/","title":{"rendered":"DREAME D20 Pro Plus 2-in-1 Robot Vacuum Cleaner and Scrubbing, 13,000 Pa, Double Brush for Pet Hair, Corner Cleaning, Emptying, LDS Navigation, Laser Dodging, Hard Floors\/Carpets, 5200mAh"},"content":{"rendered":"<p>Price: <span style=\"color:#b12704\"><del>\u20ac349.00<\/del> - \u20ac229.00<\/span><br \/><i><small>(as of Feb 22, 2026 05:28:45 UTC &#8211; <span class=\"wp_automatic_amazon_disclaimer\" title=\"Product prices and availability are accurate as of the date\/time indicated and are subject to change. Any price and availability information displayed on [relevant Amazon Site(s), as applicable] at the time of purchase will apply to the purchase of this product.\">Details<\/span>)<\/small><\/i><\/p>\n<p><a href=\"https:\/\/amazon.es\/dp\/B0FBGXW79K?tag=man008-21\"><img decoding=\"async\" src=\"https:\/\/valvepress.s3.amazonaws.com\/imgs\/buy_now.png\"><\/a><br \/>\n<\/p>\n<p>                                             From the brand   <\/p>\n<p>                                              <img decoding=\"async\" alt=\"El texto dice \u00abN\u00b01\u00bb. Fotograf\u00eda de productos de lujo que muestra frascos de cosm\u00e9ticos o fragancias en tonos dorados sobre un fondo oscuro con una iluminaci\u00f3n espectacular.\" src=\"https:\/\/images-na.ssl-images-amazon.com\/images\/G\/01\/x-locale\/common\/grey-pixel.gif\" class=\"a-lazy-loaded\" data-src=\"https:\/\/m.media-amazon.com\/images\/S\/aplus-media-library-service-media\/52b42e01-473f-4edd-85fd-d67d0e92141e.__CR0,0,1464,625_PT0_SX1464_V1___.png\"><img decoding=\"async\" alt=\"El texto dice \u00abN\u00b01\u00bb. Fotograf\u00eda de productos de lujo que muestra frascos de cosm\u00e9ticos o fragancias en tonos dorados sobre un fondo oscuro con una iluminaci\u00f3n espectacular.\" src=\"https:\/\/m.media-amazon.com\/images\/S\/aplus-media-library-service-media\/52b42e01-473f-4edd-85fd-d67d0e92141e.__CR0,0,1464,625_PT0_SX1464_V1___.png\">  <\/p>\n<p>                                              <img decoding=\"async\" alt=\"\" src=\"https:\/\/images-na.ssl-images-amazon.com\/images\/G\/01\/x-locale\/common\/grey-pixel.gif\" class=\"a-lazy-loaded\" data-src=\"https:\/\/m.media-amazon.com\/images\/S\/aplus-media-library-service-media\/01588613-5695-4e82-a029-f4937c12bed7.__CR0,0,315,145_PT0_SX315_V1___.jpg\"><img decoding=\"async\" alt=\"\" src=\"https:\/\/m.media-amazon.com\/images\/S\/aplus-media-library-service-media\/01588613-5695-4e82-a029-f4937c12bed7.__CR0,0,315,145_PT0_SX315_V1___.jpg\">  <\/p>\n<p> Dreame Technology es una empresa innovadora con la visi\u00f3n de mejorar la calidad de vida de las personas en todo el mundo. La empresa se enfoca en desarrollar soluciones de limpieza de alta calidad para el hogar. <\/p>\n<p> Los robots aspiradores, aspiradoras h\u00famedas y secas, aspiradoras de mano y otros electrodom\u00e9sticos de Dreame te ayudan a tener las manos libres y liberarte de la carga del hogar. <\/p>\n<p>                                              <img decoding=\"async\" alt=\"El texto dice \u00abNo. 1\u00bb. Anuncio de producto de lujo con un frasco de perfume dorado con cinta met\u00e1lica y un embalaje geom\u00e9trico blanco.\" src=\"https:\/\/images-na.ssl-images-amazon.com\/images\/G\/01\/x-locale\/common\/grey-pixel.gif\" class=\"a-lazy-loaded\" data-src=\"https:\/\/m.media-amazon.com\/images\/S\/aplus-media-library-service-media\/de0123e6-e31f-4bae-b7c7-e48affa07eb3.__CR0,23,463,579_PT0_SX362_V1___.png\"><img decoding=\"async\" alt=\"El texto dice \u00abNo. 1\u00bb. Anuncio de producto de lujo con un frasco de perfume dorado con cinta met\u00e1lica y un embalaje geom\u00e9trico blanco.\" src=\"https:\/\/m.media-amazon.com\/images\/S\/aplus-media-library-service-media\/de0123e6-e31f-4bae-b7c7-e48affa07eb3.__CR0,23,463,579_PT0_SX362_V1___.png\">  <\/p>\n<h3> DREAME Robot Aspirador  <\/h3>\n<p class=\"apm-brand-story-stores-link\">\n<h3> DREAME <\/h3>\n<p class=\"apm-brand-story-stores-link\">\n<p> Batteries                                            \u200f                                            :                                            \u200e                                            1 12V batteries required. (included)   <br \/> Product Dimensions                                            \u200f                                            :                                            \u200e                                            35 x 45.5 x 46 cm; 9.95 kg   <br \/> Date First Available                                            \u200f                                            :                                            \u200e                                            30 May 2025   <br \/> Manufacturer                                            \u200f                                            :                                            \u200e                                            Dreame   <br \/> ASIN                                            \u200f                                            :                                            \u200e                                            B0FBGXW79K   <br \/> Item model number                                            \u200f                                            :                                            \u200e                                            \u200eRLD43SD   <br \/> Country of origin                                            \u200f                                            :                                            \u200e                                            China   <br \/>       Best Sellers Rank:  632 in Home &#038; Kitchen (See Top 100 in Home &#038; Kitchen)    5 in Robotic Vacuums      <br \/>  Customer reviews:                                                                                            4.4               4.4 out of 5 stars                                  (2,273)                                              var dpAcrHasRegisteredArcLinkClickAction;                    P.when(&#8216;A&#8217;, &#8216;ready&#8217;).execute(function(A) {                        if (dpAcrHasRegisteredArcLinkClickAction !== true) {                            dpAcrHasRegisteredArcLinkClickAction = true;                            A.declarative(                                &#8216;acrLink-click-metrics&#8217;, &#8216;click&#8217;,                                { \u00aballowLinkDefault\u00bb: true },                                function (event) {                                    if (window.ue) {                                        ue.count(\u00abacrLinkClickCount\u00bb, (ue.count(\u00abacrLinkClickCount\u00bb) || 0) + 1);                                    }                                }                            );                        }                    });                                             P.when(&#8216;A&#8217;, &#8216;cf&#8217;).execute(function(A) {                A.declarative(&#8216;acrStarsLink-click-metrics&#8217;, &#8216;click&#8217;, { \u00aballowLinkDefault\u00bb : true },  function(event){                    if(window.ue) {                        ue.count(\u00abacrStarsLinkWithPopoverClickCount\u00bb, (ue.count(\u00abacrStarsLinkWithPopoverClickCount\u00bb) || 0) + 1);                    }                });            });                          <\/p>\n<p>150 Days of No-Intervention Dust Collection: Enjoy automatic emptying without intervention with the renewed 5L dust bag and dust collection system, which allow up to 150 days of use without manual emptying, to contribute to a cleaner home environment.<br \/>Powerful Suction, Easy Hair Cleaning: With an impressive Vormax suction power of 13,000Pa, the D20 Pro Plus effectively removes dust and dirt on multiple surfaces. Coupled with the innovative HyperStream detangler double brush, it captures hair effectively, reducing tangling problems.<br \/>Completely Covers Corners and Cracks: The extendable side brush reaches into tight corners and gaps, ensuring thorough cleaning of the edges at right angles. A revamped infrared sensor improves edge tracking, maintaining a distance equal to or less than 2mm from walls for complete coverage.<br \/>One-Pass Vacuum &#038; Scrub: Customize moisture and suction levels with the D20 Pro Plus 2-in-1 Cleaner. The spacious 500ml dust reservoir securely holds dirt while the 350ml clean water reservoir features 32 humidity settings for custom scrubbing that optimizes your cleaning routine.<br \/>Intelligent Mapping and Obstacle Avoidance: Transform your cleaning routine with Smart Pathfinder technology and precise obstacle avoidance. This system creates intuitive and editable maps to offer complete coverage and perfectly dodge obstacles with unmatched accuracy.<br \/>Convenient Voice and App Control: Say goodbye to manual setup and enjoy voice and app control with the D20 Pro Plus. It integrates seamlessly with Alexa, Apple Siri, and Google Home, allowing you to easily issue orders. You can start cleaning or adjust settings with just your voice or a tap.<\/p>\n\n","protected":false},"excerpt":{"rendered":"<p> From the brand Dreame Technology es una empresa innovadora con la visi\u00f3n de mejorar la<\/p>","protected":false},"featured_media":30088,"comment_status":"open","ping_status":"closed","template":"","meta":[],"product_brand":[],"product_cat":[82],"product_tag":[1308,8752,1838,2497,2493,2547,7143,3697,8750,3984,8745,8747,8751,7012,794,1839,1830,1833,1831,1978,8748,1836,8749,4354,163,1835,2154,8746,1832,2492,1837,1834],"class_list":{"0":"post-30087","1":"product","2":"type-product","3":"status-publish","4":"has-post-thumbnail","6":"product_cat-home-appliance","7":"product_tag-2in1","8":"product_tag-5200mah","9":"product_tag-air-conditioners","10":"product_tag-brush","11":"product_tag-cleaner","12":"product_tag-cleaning","13":"product_tag-corner","14":"product_tag-d20","15":"product_tag-dodging","16":"product_tag-double","17":"product_tag-dreame","18":"product_tag-emptying","19":"product_tag-floorscarpets","20":"product_tag-hair","21":"product_tag-hard","22":"product_tag-home-appliance-deals","23":"product_tag-home-appliances","24":"product_tag-home-electronics","25":"product_tag-kitchen-appliances","26":"product_tag-laser","27":"product_tag-lds","28":"product_tag-microwave-ovens","29":"product_tag-navigation","30":"product_tag-pet","31":"product_tag-pro","32":"product_tag-refrigerators","33":"product_tag-robot","34":"product_tag-scrubbing","35":"product_tag-small-home-appliances","36":"product_tag-vacuum","37":"product_tag-vacuum-cleaners","38":"product_tag-washing-machines","40":"first","41":"instock","42":"sale","43":"shipping-taxable","44":"product-type-external"},"_links":{"self":[{"href":"https:\/\/comprasyconsejos.store\/en\/wp-json\/wp\/v2\/product\/30087","targetHints":{"allow":["GET"]}}],"collection":[{"href":"https:\/\/comprasyconsejos.store\/en\/wp-json\/wp\/v2\/product"}],"about":[{"href":"https:\/\/comprasyconsejos.store\/en\/wp-json\/wp\/v2\/types\/product"}],"replies":[{"embeddable":true,"href":"https:\/\/comprasyconsejos.store\/en\/wp-json\/wp\/v2\/comments?post=30087"}],"version-history":[{"count":0,"href":"https:\/\/comprasyconsejos.store\/en\/wp-json\/wp\/v2\/product\/30087\/revisions"}],"wp:featuredmedia":[{"embeddable":true,"href":"https:\/\/comprasyconsejos.store\/en\/wp-json\/wp\/v2\/media\/30088"}],"wp:attachment":[{"href":"https:\/\/comprasyconsejos.store\/en\/wp-json\/wp\/v2\/media?parent=30087"}],"wp:term":[{"taxonomy":"product_brand","embeddable":true,"href":"https:\/\/comprasyconsejos.store\/en\/wp-json\/wp\/v2\/product_brand?post=30087"},{"taxonomy":"product_cat","embeddable":true,"href":"https:\/\/comprasyconsejos.store\/en\/wp-json\/wp\/v2\/product_cat?post=30087"},{"taxonomy":"product_tag","embeddable":true,"href":"https:\/\/comprasyconsejos.store\/en\/wp-json\/wp\/v2\/product_tag?post=30087"}],"curies":[{"name":"wp","href":"https:\/\/api.w.org\/{rel}","templated":true}]}}