{"id":30100,"date":"2026-02-22T05:41:00","date_gmt":"2026-02-22T05:41:00","guid":{"rendered":"https:\/\/comprasyconsejos.store\/product\/kf-concept-tripod-camera-200-cm-compact-video-tripod-with-fluid-head-for-travel-load-capacity-5-kg-detachable-aluminium-monopod\/"},"modified":"2026-02-22T05:41:07","modified_gmt":"2026-02-22T05:41:07","slug":"kf-concept-tripod-camera-200-cm-compact-video-tripod-with-fluid-head-for-travel-load-capacity-5-kg-detachable-aluminium-monopod","status":"publish","type":"product","link":"https:\/\/comprasyconsejos.store\/en\/product\/kf-concept-tripod-camera-200-cm-compact-video-tripod-with-fluid-head-for-travel-load-capacity-5-kg-detachable-aluminium-monopod\/","title":{"rendered":"K&#038;F CONCEPT Tripod Camera 200 cm Compact Video Tripod with Fluid Head, for Travel, Load Capacity 5 kg, Detachable Aluminium Monopod"},"content":{"rendered":"<p>Price: <span style=\"color:#b12704\">\u20ac109.99<\/span><br \/><i><small>(as of Feb 22, 2026 05:41:00 UTC &#8211; <span class=\"wp_automatic_amazon_disclaimer\" title=\"Product prices and availability are accurate as of the date\/time indicated and are subject to change. Any price and availability information displayed on [relevant Amazon Site(s), as applicable] at the time of purchase will apply to the purchase of this product.\">Details<\/span>)<\/small><\/i><\/p>\n<p><a href=\"https:\/\/amazon.es\/dp\/B0D2HPGJCZ?tag=man008-21\"><img decoding=\"async\" src=\"https:\/\/valvepress.s3.amazonaws.com\/imgs\/buy_now.png\"><\/a><br \/>\n<\/p>\n<p>                                             From the brand   <\/p>\n<p>                                              <img decoding=\"async\" alt=\"FILTRO DE LENTE\" src=\"https:\/\/images-na.ssl-images-amazon.com\/images\/G\/01\/x-locale\/common\/grey-pixel.gif\" class=\"a-lazy-loaded\" data-src=\"https:\/\/m.media-amazon.com\/images\/S\/aplus-media-library-service-media\/627cfca3-fbab-435a-94b6-02d12c9ed148.__CR0,1,1464,625_PT0_SX1464_V1___.jpg\"><img decoding=\"async\" alt=\"FILTRO DE LENTE\" src=\"https:\/\/m.media-amazon.com\/images\/S\/aplus-media-library-service-media\/627cfca3-fbab-435a-94b6-02d12c9ed148.__CR0,1,1464,625_PT0_SX1464_V1___.jpg\">  <\/p>\n<p>                                              <img decoding=\"async\" alt=\"aplus content image\" src=\"https:\/\/images-na.ssl-images-amazon.com\/images\/G\/01\/x-locale\/common\/grey-pixel.gif\" class=\"a-lazy-loaded\" data-src=\"https:\/\/m.media-amazon.com\/images\/S\/aplus-media-library-service-media\/aac54959-f0a7-4eae-bec7-caadcba532da.__CR0,0,364,455_PT0_SX362_V1___.jpg\"><img decoding=\"async\" alt=\"aplus content image\" src=\"https:\/\/m.media-amazon.com\/images\/S\/aplus-media-library-service-media\/aac54959-f0a7-4eae-bec7-caadcba532da.__CR0,0,364,455_PT0_SX362_V1___.jpg\">  <\/p>\n<p>                                              <img decoding=\"async\" alt=\"Texto en espa\u00f1ol que describe la filosof\u00eda de una empresa seg\u00fan la cual la percepci\u00f3n \u00fanica es el origen de todo, mencionando K&amp;amp;F Concept\" src=\"https:\/\/images-na.ssl-images-amazon.com\/images\/G\/01\/x-locale\/common\/grey-pixel.gif\" class=\"a-lazy-loaded\" data-src=\"https:\/\/m.media-amazon.com\/images\/S\/aplus-media-library-service-media\/967daa48-faae-43b1-8c05-e1d0e85a4f87.__CR0,0,364,455_PT0_SX362_V1___.jpg\"><img decoding=\"async\" alt=\"Texto en espa\u00f1ol que describe la filosof\u00eda de una empresa seg\u00fan la cual la percepci\u00f3n \u00fanica es el origen de todo, mencionando K&amp;amp;F Concept\" src=\"https:\/\/m.media-amazon.com\/images\/S\/aplus-media-library-service-media\/967daa48-faae-43b1-8c05-e1d0e85a4f87.__CR0,0,364,455_PT0_SX362_V1___.jpg\">  <\/p>\n<h3> Tr\u00edpode de C\u00e1mara <\/h3>\n<h3> Tr\u00edpode Camera <\/h3>\n<p class=\"apm-brand-story-stores-link\">\n<h3> Soporte para C\u00e1mara y M\u00f3vil <\/h3>\n<p class=\"apm-brand-story-stores-link\">\n<p>                                              <img decoding=\"async\" alt=\"Vista parcial de un globo azul con detalles dorados. Superposici\u00f3n de texto: &amp;#39;Capacidad 12&amp;#39;, &amp;#39;72 supervivientes en 72 pa\u00edses, m\u00e1s\" src=\"https:\/\/images-na.ssl-images-amazon.com\/images\/G\/01\/x-locale\/common\/grey-pixel.gif\" class=\"a-lazy-loaded\" data-src=\"https:\/\/m.media-amazon.com\/images\/S\/aplus-media-library-service-media\/17f1cdf1-fee5-41a6-bc80-967d3d1de739.__CR0,0,364,455_PT0_SX362_V1___.jpg\"><img decoding=\"async\" alt=\"Vista parcial de un globo azul con detalles dorados. Superposici\u00f3n de texto: &amp;#39;Capacidad 12&amp;#39;, &amp;#39;72 supervivientes en 72 pa\u00edses, m\u00e1s\" src=\"https:\/\/m.media-amazon.com\/images\/S\/aplus-media-library-service-media\/17f1cdf1-fee5-41a6-bc80-967d3d1de739.__CR0,0,364,455_PT0_SX362_V1___.jpg\">  <\/p>\n<p>                                              <img decoding=\"async\" alt=\"que usa una c\u00e1mara montada en un tr\u00edpode en exteriores. Usar ropa abrigada, posiblemente en climas fr\u00edos.\" src=\"https:\/\/images-na.ssl-images-amazon.com\/images\/G\/01\/x-locale\/common\/grey-pixel.gif\" class=\"a-lazy-loaded\" data-src=\"https:\/\/m.media-amazon.com\/images\/S\/aplus-media-library-service-media\/c5c7e1e6-80e5-47ed-901a-c730e9aa48bd.__CR0,0,364,455_PT0_SX362_V1___.jpg\"><img decoding=\"async\" alt=\"que usa una c\u00e1mara montada en un tr\u00edpode en exteriores. Usar ropa abrigada, posiblemente en climas fr\u00edos.\" src=\"https:\/\/m.media-amazon.com\/images\/S\/aplus-media-library-service-media\/c5c7e1e6-80e5-47ed-901a-c730e9aa48bd.__CR0,0,364,455_PT0_SX362_V1___.jpg\">  <\/p>\n<p>                                              <img decoding=\"async\" alt=\"Excursionista con una mochila negra con tirantes, de pie en una monta\u00f1a con nubes brumosas de fondo\" src=\"https:\/\/images-na.ssl-images-amazon.com\/images\/G\/01\/x-locale\/common\/grey-pixel.gif\" class=\"a-lazy-loaded\" data-src=\"https:\/\/m.media-amazon.com\/images\/S\/aplus-media-library-service-media\/935c7662-a098-413a-890d-de09fb40413e.__CR0,0,364,455_PT0_SX362_V1___.jpg\"><img decoding=\"async\" alt=\"Excursionista con una mochila negra con tirantes, de pie en una monta\u00f1a con nubes brumosas de fondo\" src=\"https:\/\/m.media-amazon.com\/images\/S\/aplus-media-library-service-media\/935c7662-a098-413a-890d-de09fb40413e.__CR0,0,364,455_PT0_SX362_V1___.jpg\">  <\/p>\n<p> Product Dimensions                                            \u200f                                            :                                            \u200e                                            52 x 13 x 13 cm; 740 g   <br \/> Date First Available                                            \u200f                                            :                                            \u200e                                            23 April 2024   <br \/> Manufacturer                                            \u200f                                            :                                            \u200e                                            Shenzhen Zhuoer Photograph   <br \/> ASIN                                            \u200f                                            :                                            \u200e                                            B0D2HPGJCZ   <br \/> Item model number                                            \u200f                                            :                                            \u200e                                            K234A7+FH-03   <br \/> Country of origin                                            \u200f                                            :                                            \u200e                                            China   <br \/> Guaranteed software updates until                                            \u200f                                            :                                            \u200e                                            unknown   <br \/>       Best Sellers Rank:  2,567 in Electronics (See Top 100 in Electronics)    24 in Complete Photography Tripod Units      <br \/>  Customer reviews:                                                                                            4.5               4.5 out of 5 stars                                  (3,052)                                              var dpAcrHasRegisteredArcLinkClickAction;                    P.when(&#8216;A&#8217;, &#8216;ready&#8217;).execute(function(A) {                        if (dpAcrHasRegisteredArcLinkClickAction !== true) {                            dpAcrHasRegisteredArcLinkClickAction = true;                            A.declarative(                                &#8216;acrLink-click-metrics&#8217;, &#8216;click&#8217;,                                { \u00aballowLinkDefault\u00bb: true },                                function (event) {                                    if (window.ue) {                                        ue.count(\u00abacrLinkClickCount\u00bb, (ue.count(\u00abacrLinkClickCount\u00bb) || 0) + 1);                                    }                                }                            );                        }                    });                                             P.when(&#8216;A&#8217;, &#8216;cf&#8217;).execute(function(A) {                A.declarative(&#8216;acrStarsLink-click-metrics&#8217;, &#8216;click&#8217;, { \u00aballowLinkDefault\u00bb : true },  function(event){                    if(window.ue) {                        ue.count(\u00abacrStarsLinkWithPopoverClickCount\u00bb, (ue.count(\u00abacrStarsLinkWithPopoverClickCount\u00bb) || 0) + 1);                    }                });            });                          <\/p>\n<p>Tripod with hydraulic head with soft damping adjustment, can achieve superior shooting, panoramic shooting, to meet the needs of photographers in different shooting scenes.<br \/>The maximum height of the tripod reaches 200 cm, as far as possible to provide sufficient stability and shooting height, making it easier to shoot.<br \/>The maximum load capacity of the head is 5kg, with the hydraulic damping technology to achieve smooth head movement, providing stable and smooth shooting effects, the head can withstand +90\u00b0 \/ -90\u00b0 tilt shooting and 360\u00b0 pan for multi-angle shooting.<br \/>The tripod can be converted into a monopod for shooting, plus the center column can be raised to a maximum of 211cm.<br \/>The legs are designed with a plate buckle, which can easily complete the locking and unlocking of the legs, saving the user time to open and close the tripod.<\/p>\n\n","protected":false},"excerpt":{"rendered":"<p> From the brand Tr\u00edpode de C\u00e1mara Tr\u00edpode Camera Soporte para C\u00e1mara y M\u00f3vil Product Dimensions<\/p>","protected":false},"featured_media":30101,"comment_status":"open","ping_status":"closed","template":"","meta":[],"product_brand":[],"product_cat":[96],"product_tag":[1858,2199,681,1859,1861,2700,1004,3809,1091,1854,1855,3960,4775,1856,8753,1863,1860,240,2511,1862,2230,1857],"class_list":{"0":"post-30100","1":"product","2":"type-product","3":"status-publish","4":"has-post-thumbnail","6":"product_cat-photo-video","7":"product_tag-action-cameras","8":"product_tag-aluminium","9":"product_tag-camera","10":"product_tag-camera-accessories","11":"product_tag-camera-lenses","12":"product_tag-capacity","13":"product_tag-compact","14":"product_tag-concept","15":"product_tag-detachable","16":"product_tag-digital-cameras","17":"product_tag-dslr-cameras","18":"product_tag-fluid","19":"product_tag-load","20":"product_tag-mirrorless-cameras","21":"product_tag-monopod","22":"product_tag-photo-equipment","23":"product_tag-professional-camera","24":"product_tag-travel","25":"product_tag-tripod","26":"product_tag-tripods","27":"product_tag-video","28":"product_tag-video-cameras","30":"first","31":"instock","32":"shipping-taxable","33":"product-type-external"},"_links":{"self":[{"href":"https:\/\/comprasyconsejos.store\/en\/wp-json\/wp\/v2\/product\/30100","targetHints":{"allow":["GET"]}}],"collection":[{"href":"https:\/\/comprasyconsejos.store\/en\/wp-json\/wp\/v2\/product"}],"about":[{"href":"https:\/\/comprasyconsejos.store\/en\/wp-json\/wp\/v2\/types\/product"}],"replies":[{"embeddable":true,"href":"https:\/\/comprasyconsejos.store\/en\/wp-json\/wp\/v2\/comments?post=30100"}],"version-history":[{"count":0,"href":"https:\/\/comprasyconsejos.store\/en\/wp-json\/wp\/v2\/product\/30100\/revisions"}],"wp:featuredmedia":[{"embeddable":true,"href":"https:\/\/comprasyconsejos.store\/en\/wp-json\/wp\/v2\/media\/30101"}],"wp:attachment":[{"href":"https:\/\/comprasyconsejos.store\/en\/wp-json\/wp\/v2\/media?parent=30100"}],"wp:term":[{"taxonomy":"product_brand","embeddable":true,"href":"https:\/\/comprasyconsejos.store\/en\/wp-json\/wp\/v2\/product_brand?post=30100"},{"taxonomy":"product_cat","embeddable":true,"href":"https:\/\/comprasyconsejos.store\/en\/wp-json\/wp\/v2\/product_cat?post=30100"},{"taxonomy":"product_tag","embeddable":true,"href":"https:\/\/comprasyconsejos.store\/en\/wp-json\/wp\/v2\/product_tag?post=30100"}],"curies":[{"name":"wp","href":"https:\/\/api.w.org\/{rel}","templated":true}]}}