{"id":30109,"date":"2026-02-22T05:46:47","date_gmt":"2026-02-22T05:46:47","guid":{"rendered":"https:\/\/comprasyconsejos.store\/product\/orzly-playstation-portal-parent-black-white-modern-and-stylish\/"},"modified":"2026-02-22T05:46:49","modified_gmt":"2026-02-22T05:46:49","slug":"orzly-playstation-portal-parent-black-white-modern-and-stylish","status":"publish","type":"product","link":"https:\/\/comprasyconsejos.store\/en\/product\/orzly-playstation-portal-parent-black-white-modern-and-stylish\/","title":{"rendered":"Orzly PlayStation Portal Parent, Black White, Modern and stylish"},"content":{"rendered":"<p>Price: <span style=\"color:#b12704\"><del>\u20ac24.91<\/del> - \u20ac18.44<\/span><br \/><i><small>(as of Feb 22, 2026 05:46:47 UTC &#8211; <span class=\"wp_automatic_amazon_disclaimer\" title=\"Product prices and availability are accurate as of the date\/time indicated and are subject to change. Any price and availability information displayed on [relevant Amazon Site(s), as applicable] at the time of purchase will apply to the purchase of this product.\">Details<\/span>)<\/small><\/i><\/p>\n<p><a href=\"https:\/\/amazon.es\/dp\/B0CNQ3Q7PG?tag=man008-21\"><img decoding=\"async\" src=\"https:\/\/valvepress.s3.amazonaws.com\/imgs\/buy_now.png\"><\/a><br \/>\n<\/p>\n<p>                                             From the brand   <\/p>\n<p>                                              <img decoding=\"async\" alt=\"\" src=\"https:\/\/images-na.ssl-images-amazon.com\/images\/G\/01\/x-locale\/common\/grey-pixel.gif\" class=\"a-lazy-loaded\" data-src=\"https:\/\/m.media-amazon.com\/images\/S\/aplus-media-library-service-media\/27f400ff-545b-4b5f-bd1d-07763935e4b2.__CR0,0,2928,1250_PT0_SX1464_V1___.png\"><img decoding=\"async\" alt=\"\" src=\"https:\/\/m.media-amazon.com\/images\/S\/aplus-media-library-service-media\/27f400ff-545b-4b5f-bd1d-07763935e4b2.__CR0,0,2928,1250_PT0_SX1464_V1___.png\">  <\/p>\n<p>                                              <img decoding=\"async\" alt=\"\" src=\"https:\/\/images-na.ssl-images-amazon.com\/images\/G\/01\/x-locale\/common\/grey-pixel.gif\" class=\"a-lazy-loaded\" data-src=\"https:\/\/m.media-amazon.com\/images\/S\/aplus-media-library-service-media\/bf3f06f2-1240-4c02-922c-9916ba9cfb32.__CR0,0,630,290_PT0_SX315_V1___.png\"><img decoding=\"async\" alt=\"\" src=\"https:\/\/m.media-amazon.com\/images\/S\/aplus-media-library-service-media\/bf3f06f2-1240-4c02-922c-9916ba9cfb32.__CR0,0,630,290_PT0_SX315_V1___.png\">  <\/p>\n<p> Acerca de nosotros <\/p>\n<p> Todos en el equipo de Orzly tienen pasi\u00f3n por la tecnolog\u00eda, a todos nos encanta lo que hacemos y disfrutamos dise\u00f1ando y desarrollando accesorios que ofrecer\u00e1n estilo, protecci\u00f3n o funcionalidad a tu dispositivo. <\/p>\n<p> A medida que nuestro esp\u00edritu innovador contin\u00faa impulsando la cultura Orzly, nuestro objetivo es asegurarnos de que entendemos las necesidades de los consumidores y continuemos desarrollando productos que protejan o mejoren la tecnolog\u00eda que utiliza en su vida diaria. <\/p>\n<p>                                              <img decoding=\"async\" alt=\"\" src=\"https:\/\/images-na.ssl-images-amazon.com\/images\/G\/01\/x-locale\/common\/grey-pixel.gif\" class=\"a-lazy-loaded\" data-src=\"https:\/\/m.media-amazon.com\/images\/S\/aplus-media-library-service-media\/cb59a0df-5d95-4e0c-927e-d52e524c8173.__CR0,0,724,906_PT0_SX362_V1___.png\"><img decoding=\"async\" alt=\"\" src=\"https:\/\/m.media-amazon.com\/images\/S\/aplus-media-library-service-media\/cb59a0df-5d95-4e0c-927e-d52e524c8173.__CR0,0,724,906_PT0_SX362_V1___.png\">  <\/p>\n<h3> Como se ve en  <\/h3>\n<p> Los productos Orzly han sido vistos en programas exitosos como Cobra Kai de Netflix <\/p>\n<p>                                              <img decoding=\"async\" alt=\"\" src=\"https:\/\/images-na.ssl-images-amazon.com\/images\/G\/01\/x-locale\/common\/grey-pixel.gif\" class=\"a-lazy-loaded\" data-src=\"https:\/\/m.media-amazon.com\/images\/S\/aplus-media-library-service-media\/863d6586-80ac-4523-9413-88ea8cc32322.__CR0,0,724,906_PT0_SX362_V1___.png\"><img decoding=\"async\" alt=\"\" src=\"https:\/\/m.media-amazon.com\/images\/S\/aplus-media-library-service-media\/863d6586-80ac-4523-9413-88ea8cc32322.__CR0,0,724,906_PT0_SX362_V1___.png\">  <\/p>\n<h3> Destacado en  <\/h3>\n<p> Los productos Orzly han obtenido excelentes cr\u00edticas de TechRadar, IGN, Business Insider, Forbes, Wired, GamesRadar, GameSpot y Eurogamer. <\/p>\n<p>                                              <img decoding=\"async\" alt=\"Estuches Nintendo Switch\" src=\"https:\/\/images-na.ssl-images-amazon.com\/images\/G\/01\/x-locale\/common\/grey-pixel.gif\" class=\"a-lazy-loaded\" data-src=\"https:\/\/m.media-amazon.com\/images\/S\/aplus-media-library-service-media\/f5db7f22-334a-4c77-aeea-af0772680182.__CR0,0,724,906_PT0_SX362_V1___.png\"><img decoding=\"async\" alt=\"Estuches Nintendo Switch\" src=\"https:\/\/m.media-amazon.com\/images\/S\/aplus-media-library-service-media\/f5db7f22-334a-4c77-aeea-af0772680182.__CR0,0,724,906_PT0_SX362_V1___.png\">  <\/p>\n<h3> Accesorios Nintendo <\/h3>\n<p>                                              <img decoding=\"async\" alt=\"Dos personas jugando videojuegos con entusiasmo, sosteniendo mandos rojos y azules. Se sientan en un sof\u00e1 de una habitaci\u00f3n con una pared con motivos geom\u00e9tricos.\" src=\"https:\/\/images-na.ssl-images-amazon.com\/images\/G\/01\/x-locale\/common\/grey-pixel.gif\" class=\"a-lazy-loaded\" data-src=\"https:\/\/m.media-amazon.com\/images\/S\/aplus-media-library-service-media\/e5d639dd-ba20-474c-b840-c399c369c72b.__CR0,0,724,906_PT0_SX362_V1___.png\"><img decoding=\"async\" alt=\"Dos personas jugando videojuegos con entusiasmo, sosteniendo mandos rojos y azules. Se sientan en un sof\u00e1 de una habitaci\u00f3n con una pared con motivos geom\u00e9tricos.\" src=\"https:\/\/m.media-amazon.com\/images\/S\/aplus-media-library-service-media\/e5d639dd-ba20-474c-b840-c399c369c72b.__CR0,0,724,906_PT0_SX362_V1___.png\">  <\/p>\n<h3> Paquetes de Nintendo Switch <\/h3>\n<p>                                              <img decoding=\"async\" alt=\"con combinaci\u00f3n de colores negro y naranja, fotografiados sobre el fondo de las fundas de los juegos de Nintendo Switch.\" src=\"https:\/\/images-na.ssl-images-amazon.com\/images\/G\/01\/x-locale\/common\/grey-pixel.gif\" class=\"a-lazy-loaded\" data-src=\"https:\/\/m.media-amazon.com\/images\/S\/aplus-media-library-service-media\/aa34a17f-6123-4aee-9077-40811c406631.__CR0,0,724,906_PT0_SX362_V1___.png\"><img decoding=\"async\" alt=\"con combinaci\u00f3n de colores negro y naranja, fotografiados sobre el fondo de las fundas de los juegos de Nintendo Switch.\" src=\"https:\/\/m.media-amazon.com\/images\/S\/aplus-media-library-service-media\/aa34a17f-6123-4aee-9077-40811c406631.__CR0,0,724,906_PT0_SX362_V1___.png\">  <\/p>\n<h3> Accesorios para Xbox <\/h3>\n<p>                                              <img decoding=\"async\" alt=\"Teclado y rat\u00f3n de ordenador blancos sobre escritorio con patr\u00f3n de circuitos. Auriculares, taza de caf\u00e9, tel\u00e9fono inteligente y planta visibles. Configuraci\u00f3n del espacio de trabajo centrada en la tecnolog\u00eda\" src=\"https:\/\/images-na.ssl-images-amazon.com\/images\/G\/01\/x-locale\/common\/grey-pixel.gif\" class=\"a-lazy-loaded\" data-src=\"https:\/\/m.media-amazon.com\/images\/S\/aplus-media-library-service-media\/131ff73c-1545-4767-a29a-1ec5594e2df8.__CR0,0,724,906_PT0_SX362_V1___.png\"><img decoding=\"async\" alt=\"Teclado y rat\u00f3n de ordenador blancos sobre escritorio con patr\u00f3n de circuitos. Auriculares, taza de caf\u00e9, tel\u00e9fono inteligente y planta visibles. Configuraci\u00f3n del espacio de trabajo centrada en la tecnolog\u00eda\" src=\"https:\/\/m.media-amazon.com\/images\/S\/aplus-media-library-service-media\/131ff73c-1545-4767-a29a-1ec5594e2df8.__CR0,0,724,906_PT0_SX362_V1___.png\">  <\/p>\n<h3> Accesorios para PC <\/h3>\n<h3> Accesorios para Playstation <\/h3>\n<p>                                                         Nuestra Misi\u00f3n                                       <\/p>\n<p> En Orzly, nuestro objetivo es ofrecer accesorios de primera calidad a un gran valor a nuestros fans. Nuestro prop\u00f3sito es ayudarlos a perseguir su pasi\u00f3n por los juegos. <\/p>\n<p>                                                         \u00bfQu\u00e9 hace que nuestros productos sean \u00fanicos?                                       <\/p>\n<p> Todos en el equipo de Orzly tienen pasi\u00f3n por la tecnolog\u00eda. A todos nos encanta lo que hacemos y disfrutamos dise\u00f1ando y desarrollando accesorios que agregar\u00e1n estilo, protecci\u00f3n o funcionalidad a su dispositivo. Nuestros dise\u00f1adores trabajan duro para garantizar que lanzamos los mejores productos para nuestros clientes. <\/p>\n<p> Product Dimensions                                            \u200f                                            :                                            \u200e                                            34.5 x 15.8 x 8.4 cm; 435 g   <br \/> Manufacturer                                            \u200f                                            :                                            \u200e                                            Orzly   <br \/> ASIN                                            \u200f                                            :                                            \u200e                                            B0CNQ3Q7PG   <br \/> Item model number                                            \u200f                                            :                                            \u200e                                            PORTAL   <br \/> Guaranteed software updates until                                            \u200f                                            :                                            \u200e                                            unknown   <br \/>  Customer reviews:                                                                                            4.6               4.6 out of 5 stars                                  (3,314)                                              var dpAcrHasRegisteredArcLinkClickAction;                    P.when(&#8216;A&#8217;, &#8216;ready&#8217;).execute(function(A) {                        if (dpAcrHasRegisteredArcLinkClickAction !== true) {                            dpAcrHasRegisteredArcLinkClickAction = true;                            A.declarative(                                &#8216;acrLink-click-metrics&#8217;, &#8216;click&#8217;,                                { \u00aballowLinkDefault\u00bb: true },                                function (event) {                                    if (window.ue) {                                        ue.count(\u00abacrLinkClickCount\u00bb, (ue.count(\u00abacrLinkClickCount\u00bb) || 0) + 1);                                    }                                }                            );                        }                    });                                             P.when(&#8216;A&#8217;, &#8216;cf&#8217;).execute(function(A) {                A.declarative(&#8216;acrStarsLink-click-metrics&#8217;, &#8216;click&#8217;, { \u00aballowLinkDefault\u00bb : true },  function(event){                    if(window.ue) {                        ue.count(\u00abacrStarsLinkWithPopoverClickCount\u00bb, (ue.count(\u00abacrStarsLinkWithPopoverClickCount\u00bb) || 0) + 1);                    }                });            });                          <\/p>\n<p>TAILORED FOR PERFECTION: Our case is custom molded to ensure a perfect fit for your PlayStation Portal. This means your console is securely attached, so you can play while traveling with peace of mind. The microfiber screen cover protects your console delicate screen from unsightly scratches, while the luxurious microfiber lining caresses your body, offering all-round protection.<br \/>PREMIUM PROTECTION, LIGHTWEIGHT FEEL &#8211; The Orzly PlayStation Portal Case combines high-grade protection with a lightweight design. Protects your console from the dangers of travel, including drops, bumps, scratches and dust. In addition, our special upper material not only protects but also can be wiped clean, ensuring your pencil case stays as good as new. The EVA sublayer is water resistant, adding an extra layer of protection from the elements.<br \/>AMPLE STORAGE SPACE &#8211; Don&#8217;t worry about leaving your essential PlayStation Portal accessories behind. Our pencil case features secure storage with a large elastic zippered pocket, which allows you to store your headphones, power bank, charging cables and more. Everything you need for an epic gaming session is at your fingertips.<br \/>EASY TO CARRY &#8211; The comfortable rubber handle is designed for easy carrying and fits perfectly in hands of all sizes. You can hang it, lift it and carry it with you effortlesslThis case is perfect for carrying or placing it in your luggage, ensuring your PlayStation Portal stays safe and sound. The smooth and sturdy double zipper is easy to open and close, providing quick access to console and accessories.<br \/>Orzly is a London based consumer tech accessories brand and our products are the result of a dedicated team of passionate technology fans. We pay attention to the smallest details, ensuring our packaging offers an excellent unpacking and gifting experience. We stand behind the quality of our products and offer a one-year replacement warranty, so you can buy with confidence.<\/p>\n\n","protected":false},"excerpt":{"rendered":"<p> From the brand Acerca de nosotros Todos en el equipo de Orzly tienen pasi\u00f3n por<\/p>","protected":false},"featured_media":30110,"comment_status":"open","ping_status":"closed","template":"","meta":[],"product_brand":[],"product_cat":[61],"product_tag":[307,1880,1881,1875,1883,1884,688,1878,3169,8754,1885,1876,6276,5370,1879,1882,205,1877],"class_list":{"0":"post-30109","1":"product","2":"type-product","3":"status-publish","4":"has-post-thumbnail","6":"product_cat-games-entertainment","7":"product_tag-black","8":"product_tag-console-games","9":"product_tag-gaming-accessories","10":"product_tag-gaming-consoles","11":"product_tag-gaming-controllers","12":"product_tag-home-gaming-system","13":"product_tag-modern","14":"product_tag-nintendo-console","15":"product_tag-orzly","16":"product_tag-parent","17":"product_tag-playstation","18":"product_tag-playstation-console","19":"product_tag-portal","20":"product_tag-stylish","21":"product_tag-video-games","22":"product_tag-vr-headset","23":"product_tag-white","24":"product_tag-xbox-console","26":"first","27":"instock","28":"sale","29":"shipping-taxable","30":"product-type-external"},"_links":{"self":[{"href":"https:\/\/comprasyconsejos.store\/en\/wp-json\/wp\/v2\/product\/30109","targetHints":{"allow":["GET"]}}],"collection":[{"href":"https:\/\/comprasyconsejos.store\/en\/wp-json\/wp\/v2\/product"}],"about":[{"href":"https:\/\/comprasyconsejos.store\/en\/wp-json\/wp\/v2\/types\/product"}],"replies":[{"embeddable":true,"href":"https:\/\/comprasyconsejos.store\/en\/wp-json\/wp\/v2\/comments?post=30109"}],"version-history":[{"count":0,"href":"https:\/\/comprasyconsejos.store\/en\/wp-json\/wp\/v2\/product\/30109\/revisions"}],"wp:featuredmedia":[{"embeddable":true,"href":"https:\/\/comprasyconsejos.store\/en\/wp-json\/wp\/v2\/media\/30110"}],"wp:attachment":[{"href":"https:\/\/comprasyconsejos.store\/en\/wp-json\/wp\/v2\/media?parent=30109"}],"wp:term":[{"taxonomy":"product_brand","embeddable":true,"href":"https:\/\/comprasyconsejos.store\/en\/wp-json\/wp\/v2\/product_brand?post=30109"},{"taxonomy":"product_cat","embeddable":true,"href":"https:\/\/comprasyconsejos.store\/en\/wp-json\/wp\/v2\/product_cat?post=30109"},{"taxonomy":"product_tag","embeddable":true,"href":"https:\/\/comprasyconsejos.store\/en\/wp-json\/wp\/v2\/product_tag?post=30109"}],"curies":[{"name":"wp","href":"https:\/\/api.w.org\/{rel}","templated":true}]}}